{"id":5848,"date":"2020-12-16T20:27:05","date_gmt":"2020-12-16T19:27:05","guid":{"rendered":"https:\/\/www.inerco.com\/servicos-especializados-face-aos-riscos-biologicos-associados-ao-covid-19\/"},"modified":"2020-12-29T12:29:52","modified_gmt":"2020-12-29T11:29:52","slug":"servicos-especializados-face-aos-riscos-biologicos-associados-ao-covid-19","status":"publish","type":"page","link":"https:\/\/www.inerco.com\/pt-pt\/servicos-especializados-face-aos-riscos-biologicos-associados-ao-covid-19\/","title":{"rendered":"Servi\u00e7os especializados face aos riscos biol\u00f3gicos associados ao COVID-19"},"content":{"rendered":"<div class=\"wpb-content-wrapper\"><p>[vc_row css_animation=&#8221;&#8221; row_type=&#8221;row&#8221; use_row_as_full_screen_section=&#8221;no&#8221; type=&#8221;grid&#8221; angled_section=&#8221;no&#8221; text_align=&#8221;left&#8221; background_image_as_pattern=&#8221;without_pattern&#8221; z_index=&#8221;&#8221;][vc_column width=&#8221;1\/4&#8243;][vc_single_image image=&#8221;739&#8243; img_size=&#8221;full&#8221; qode_css_animation=&#8221;&#8221;][\/vc_column][vc_column width=&#8221;3\/4&#8243;][\/vc_column][\/vc_row][vc_row css_animation=&#8221;&#8221; row_type=&#8221;row&#8221; use_row_as_full_screen_section=&#8221;no&#8221; type=&#8221;full_width&#8221; angled_section=&#8221;no&#8221; text_align=&#8221;left&#8221; background_image_as_pattern=&#8221;without_pattern&#8221; z_index=&#8221;&#8221; background_image=&#8221;2005&#8243;][vc_column][vc_empty_space height=&#8221;120&#8243;][vc_column_text css=&#8221;.vc_custom_1608146666651{padding-right: 10% !important;padding-left: 10% !important;}&#8221;]<\/p>\n<h1 style=\"text-align: center;\"><span style=\"color: #ffffff;\">Servi\u00e7os especializados face aos riscos biol\u00f3gicos associados ao COVID-19<\/span><\/h1>\n<p>[\/vc_column_text][vc_empty_space height=&#8221;120&#8243;][\/vc_column][\/vc_row][vc_row css_animation=&#8221;&#8221; row_type=&#8221;row&#8221; use_row_as_full_screen_section=&#8221;no&#8221; type=&#8221;full_width&#8221; angled_section=&#8221;no&#8221; text_align=&#8221;left&#8221; background_image_as_pattern=&#8221;without_pattern&#8221;][vc_column][vc_empty_space height=&#8221;60px&#8221;][\/vc_column][\/vc_row][vc_row css_animation=&#8221;&#8221; row_type=&#8221;row&#8221; use_row_as_full_screen_section=&#8221;no&#8221; type=&#8221;grid&#8221; angled_section=&#8221;no&#8221; text_align=&#8221;left&#8221; background_image_as_pattern=&#8221;without_pattern&#8221; z_index=&#8221;&#8221;][vc_column width=&#8221;1\/2&#8243; css=&#8221;.vc_custom_1605863202326{padding-right: 5% !important;padding-left: 5% !important;}&#8221;][vc_single_image image=&#8221;5808&#8243; img_size=&#8221;full&#8221; alignment=&#8221;center&#8221; qode_css_animation=&#8221;&#8221;][vc_empty_space height=&#8221;40px&#8221;][vc_column_text]<\/p>\n<h3 style=\"line-height: 35px;\">Dado o <strong>nnovo cen\u00e1rio causado pelo COVID-19<\/strong> em todo o mundo, na <strong>INERCO<\/strong> oferecemos <strong>servi\u00e7os especializados para os riscos biol\u00f3gicos<\/strong> associados ao COVID-19, que incluem:<\/h3>\n<p>[\/vc_column_text][vc_empty_space height=&#8221;40px&#8221;][vc_column_text]<\/p>\n<ul>\n<li>Servi\u00e7os de consultoria especializada.<\/li>\n<li>Defini\u00e7\u00e3o e otimiza\u00e7\u00e3o dos procedimentos, atua\u00e7\u00f5es em emerg\u00eancias.\n<\/li>\n<li>Amplo conhecimento dos setores: Corpo de Bombeiros, Prote\u00e7\u00e3o Civil e Setor Industrial.<\/li>\n<li>Videoconfer\u00eancia global, teletrabalho e webinars habilitadas.<\/li>\n<li>Servi\u00e7o abrangente: an\u00e1lise, design, implementa\u00e7\u00e3o do servi\u00e7o e monitoriza\u00e7\u00e3o.<\/li>\n<\/ul>\n<p>&nbsp;<\/p>\n<p>Com a <strong>experi\u00eancia aplicada na Europa<\/strong>, estamos a colaborar com os nossos clientes no <strong>Brasil, Chile, Col\u00f4mbia, Espanha, M\u00e9xico, Peru, Portugal e EUA<\/strong>.[\/vc_column_text][\/vc_column][vc_column width=&#8221;1\/2&#8243; css=&#8221;.vc_custom_1605863244835{padding-right: 5% !important;padding-left: 5% !important;}&#8221;][vc_column_text]<\/p>\n<h2>Deixe-nos suas informa\u00e7\u00f5es e entraremos em contacto:<\/h2>\n<p>[\/vc_column_text][vc_empty_space height=&#8221;40px&#8221;]\n<div class=\"wpcf7 no-js\" id=\"wpcf7-f5852-o1\" lang=\"pt-PT\" dir=\"ltr\" data-wpcf7-id=\"5852\">\n<div class=\"screen-reader-response\"><p role=\"status\" aria-live=\"polite\" aria-atomic=\"true\"><\/p> <ul><\/ul><\/div>\n<form action=\"\/pt-pt\/wp-json\/wp\/v2\/pages\/5848#wpcf7-f5852-o1\" method=\"post\" class=\"wpcf7-form init cf7_custom_style_1\" aria-label=\"Formul\u00e1rio de contacto\" novalidate=\"novalidate\" data-status=\"init\">\n<fieldset class=\"hidden-fields-container\"><input type=\"hidden\" name=\"_wpcf7\" value=\"5852\" \/><input type=\"hidden\" name=\"_wpcf7_version\" value=\"6.1.5\" \/><input type=\"hidden\" name=\"_wpcf7_locale\" value=\"pt_PT\" \/><input type=\"hidden\" name=\"_wpcf7_unit_tag\" value=\"wpcf7-f5852-o1\" \/><input type=\"hidden\" name=\"_wpcf7_container_post\" value=\"0\" \/><input type=\"hidden\" name=\"_wpcf7_posted_data_hash\" value=\"\" \/><input type=\"hidden\" name=\"_wpcf7cf_hidden_group_fields\" value=\"[]\" \/><input type=\"hidden\" name=\"_wpcf7cf_hidden_groups\" value=\"[]\" \/><input type=\"hidden\" name=\"_wpcf7cf_visible_groups\" value=\"[]\" \/><input type=\"hidden\" name=\"_wpcf7cf_repeaters\" value=\"[]\" \/><input type=\"hidden\" name=\"_wpcf7cf_steps\" value=\"{}\" \/><input type=\"hidden\" name=\"_wpcf7cf_options\" value=\"{&quot;form_id&quot;:5852,&quot;conditions&quot;:[],&quot;settings&quot;:{&quot;animation&quot;:&quot;yes&quot;,&quot;animation_intime&quot;:200,&quot;animation_outtime&quot;:200,&quot;conditions_ui&quot;:&quot;normal&quot;,&quot;notice_dismissed&quot;:false,&quot;notice_dismissed_update-cf7-5.4.2&quot;:true}}\" \/><input type=\"hidden\" name=\"_wpcf7dtx_version\" value=\"5.0.5\" \/><input type=\"hidden\" name=\"_wpcf7_recaptcha_response\" value=\"\" \/>\n<\/fieldset>\n<p><label> Nome*<br \/>\n<span class=\"wpcf7-form-control-wrap\" data-name=\"nombre\"><input size=\"40\" maxlength=\"400\" class=\"wpcf7-form-control wpcf7-text wpcf7-validates-as-required\" aria-required=\"true\" aria-invalid=\"false\" placeholder=\"Nome\" value=\"\" type=\"text\" name=\"nombre\" \/><\/span> <\/label>\n<\/p>\n<p><label> Sobrenome*<br \/>\n<span class=\"wpcf7-form-control-wrap\" data-name=\"apellido\"><input size=\"40\" maxlength=\"400\" class=\"wpcf7-form-control wpcf7-text wpcf7-validates-as-required\" aria-required=\"true\" aria-invalid=\"false\" placeholder=\"Sobrenome\" value=\"\" type=\"text\" name=\"apellido\" \/><\/span> <\/label>\n<\/p>\n<p><label>Email corporativo*<br \/>\n<span class=\"wpcf7-form-control-wrap\" data-name=\"email\"><input size=\"40\" maxlength=\"400\" class=\"wpcf7-form-control wpcf7-email wpcf7-validates-as-required wpcf7-text wpcf7-validates-as-email\" aria-required=\"true\" aria-invalid=\"false\" placeholder=\"Email\" value=\"\" type=\"email\" name=\"email\" \/><\/span> <\/label>\n<\/p>\n<p><label>Telefone*<br \/>\n<span class=\"wpcf7-form-control-wrap\" data-name=\"telefono\"><input size=\"40\" maxlength=\"400\" class=\"wpcf7-form-control wpcf7-tel wpcf7-validates-as-required wpcf7-text wpcf7-validates-as-tel\" aria-required=\"true\" aria-invalid=\"false\" placeholder=\"Telefone\" value=\"\" type=\"tel\" name=\"telefono\" \/><\/span> <\/label>\n<\/p>\n<p><label> Nome da Empresa*<br \/>\n<span class=\"wpcf7-form-control-wrap\" data-name=\"org\"><input size=\"40\" maxlength=\"400\" class=\"wpcf7-form-control wpcf7-text wpcf7-validates-as-required\" aria-required=\"true\" aria-invalid=\"false\" placeholder=\"Nome da Empresa\" value=\"\" type=\"text\" name=\"org\" \/><\/span> <\/label>\n<\/p>\n<p><label> \u00c1rea de Trabajo*<br \/>\n<span class=\"wpcf7-form-control-wrap\" data-name=\"area\"><select class=\"wpcf7-form-control wpcf7-select wpcf7-validates-as-required\" aria-required=\"true\" aria-invalid=\"false\" name=\"area\"><option value=\"Selecciona \u00c1rea\">Selecciona \u00c1rea<\/option><option value=\"Engenharia\">Engenharia<\/option><option value=\"Meio Ambiente\">Meio Ambiente<\/option><option value=\"Seguran\u00e7a e Preven\u00e7\u00e3o\">Seguran\u00e7a e Preven\u00e7\u00e3o<\/option><option value=\"Tecnolog\u00eda Ambiental\">Tecnolog\u00eda Ambiental<\/option><option value=\"Tecnologia de Energia\">Tecnologia de Energia<\/option><option value=\"Otra\">Otra<\/option><\/select><\/span> <\/label>\n<\/p>\n<p><label> Fun\u00e7\u00e3o*<br \/>\n<span class=\"wpcf7-form-control-wrap\" data-name=\"cargo\"><input size=\"40\" maxlength=\"400\" class=\"wpcf7-form-control wpcf7-text wpcf7-validates-as-required\" aria-required=\"true\" aria-invalid=\"false\" placeholder=\"Fun\u00e7\u00e3o\" value=\"\" type=\"text\" name=\"cargo\" \/><\/span> <\/label>\n<\/p>\n<p><label> Pa\u00eds<br \/>\n<span class=\"wpcf7-form-control-wrap\" data-name=\"pais\"><input size=\"40\" maxlength=\"400\" class=\"wpcf7-form-control wpcf7-text\" aria-invalid=\"false\" placeholder=\"Pa\u00eds\" value=\"\" type=\"text\" name=\"pais\" \/><\/span> <\/label>\n<\/p>\n<p><label>Como podemos ajud\u00e1-los?<br \/>\n<span class=\"wpcf7-form-control-wrap\" data-name=\"mensaje\"><textarea cols=\"40\" rows=\"10\" maxlength=\"2000\" class=\"wpcf7-form-control wpcf7-textarea\" aria-invalid=\"false\" placeholder=\"...\" name=\"mensaje\"><\/textarea><\/span> <\/label>\n<\/p>\n<p><span class=\"wpcf7-form-control-wrap\" data-name=\"accept-privacy-policy\"><span class=\"wpcf7-form-control wpcf7-acceptance\"><span class=\"wpcf7-list-item\"><label><input type=\"checkbox\" name=\"accept-privacy-policy\" value=\"1\" aria-invalid=\"false\" \/><span class=\"wpcf7-list-item-label\">Aceito a <a href=\"https:\/\/www.inerco.com\/es\/politica-de-privacidad\/\" target=\"_blank\">Pol\u00edtica de Privacidade<\/a>*.<\/span><\/label><\/span><\/span><\/span><br \/>\n<span class=\"wpcf7-form-control-wrap\" data-name=\"accept-newsletter\"><span class=\"wpcf7-form-control wpcf7-acceptance optional\"><span class=\"wpcf7-list-item\"><label><input type=\"checkbox\" name=\"accept-newsletter\" value=\"1\" aria-invalid=\"false\" \/><span class=\"wpcf7-list-item-label\">Aceito a assinatura das comunica\u00e7\u00f5es comerciais e informativas do INERCO.<\/span><\/label><\/span><\/span><\/span><br \/>\n<span style=\"font-size:12px;\">*Campos de preenchimento obrigat\u00f3rio.<\/span>\n<\/p>\n<p><input class=\"wpcf7-form-control wpcf7-submit has-spinner enviar-form-footer\" type=\"submit\" value=\"Enviar\" \/>\n<\/p><p style=\"display: none !important;\" class=\"akismet-fields-container\" data-prefix=\"_wpcf7_ak_\"><label>&#916;<textarea name=\"_wpcf7_ak_hp_textarea\" cols=\"45\" rows=\"8\" maxlength=\"100\"><\/textarea><\/label><input type=\"hidden\" id=\"ak_js_1\" name=\"_wpcf7_ak_js\" value=\"4\"\/><script>document.getElementById( \"ak_js_1\" ).setAttribute( \"value\", ( new Date() ).getTime() );<\/script><\/p><div class=\"wpcf7-response-output\" aria-hidden=\"true\"><\/div>\n<\/form>\n<\/div>\n[\/vc_column][\/vc_row][vc_row css_animation=&#8221;&#8221; row_type=&#8221;row&#8221; use_row_as_full_screen_section=&#8221;no&#8221; type=&#8221;full_width&#8221; angled_section=&#8221;no&#8221; text_align=&#8221;left&#8221; background_image_as_pattern=&#8221;without_pattern&#8221; z_index=&#8221;&#8221;][vc_column][vc_empty_space height=&#8221;100px&#8221;][\/vc_column][\/vc_row][vc_row css_animation=&#8221;&#8221; row_type=&#8221;row&#8221; use_row_as_full_screen_section=&#8221;no&#8221; type=&#8221;full_width&#8221; angled_section=&#8221;no&#8221; text_align=&#8221;left&#8221; background_image_as_pattern=&#8221;without_pattern&#8221; z_index=&#8221;&#8221; background_color=&#8221;#f2f2f2&#8243;][vc_column][vc_empty_space height=&#8221;40px&#8221;][vc_row_inner row_type=&#8221;row&#8221; type=&#8221;grid&#8221; text_align=&#8221;center&#8221; css_animation=&#8221;&#8221;][vc_column_inner][vc_column_text]<\/p>\n<p style=\"text-align: center;\">COMP\u00c1RTELO CON TUS CONTACTOS:<\/p>\n<p>[\/vc_column_text][vc_empty_space height=&#8221;20px&#8221;][vc_raw_html]JTVCYWRkdGhpcyUyMHRvb2wlM0QlMjJhZGR0aGlzX2lubGluZV9zaGFyZV90b29sYm94JTIyJTVE[\/vc_raw_html][\/vc_column_inner][\/vc_row_inner][vc_empty_space height=&#8221;40px&#8221;][\/vc_column][\/vc_row][vc_row css_animation=&#8221;&#8221; row_type=&#8221;row&#8221; use_row_as_full_screen_section=&#8221;no&#8221; type=&#8221;full_width&#8221; angled_section=&#8221;no&#8221; text_align=&#8221;left&#8221; background_image_as_pattern=&#8221;without_pattern&#8221; z_index=&#8221;&#8221; background_color=&#8221;#000000&#8243;][vc_column][vc_empty_space height=&#8221;40px&#8221;][vc_row_inner row_type=&#8221;row&#8221; type=&#8221;grid&#8221; text_align=&#8221;left&#8221; css_animation=&#8221;&#8221;][vc_column_inner width=&#8221;2\/3&#8243;][vc_single_image image=&#8221;1297&#8243; img_size=&#8221;175&#215;56&#8243; qode_css_animation=&#8221;&#8221;][vc_column_text]<\/p>\n<div style=\"font-size: 0.8em;\"><span style=\"color: #ffffff;\"><a style=\"color: #ffffff;\" href=\"https:\/\/www.inerco.com\/es\/aviso-legal\/\" target=\"_blank\" rel=\"noopener noreferrer\">AVISO LEGAL<\/a> | <a style=\"color: #ffffff;\" href=\"https:\/\/www.inerco.com\/es\/politica-de-privacidad\/#cookies\" target=\"_blank\" rel=\"noopener noreferrer\">POL\u00cdTICA DE COOKIES<\/a> | <a style=\"color: #ffffff;\" href=\"https:\/\/www.inerco.com\/es\/politica-de-privacidad\/\" target=\"_blank\" rel=\"noopener noreferrer\">POL\u00cdTICA DE PRIVACIDAD<\/a><\/span><br \/>\n<span style=\"color: #ffffff;\">\u00a9 2020 INERCO<\/span><\/div>\n<p>[\/vc_column_text][\/vc_column_inner][vc_column_inner width=&#8221;1\/3&#8243;]<span class='q_social_icon_holder normal_social' data-color=#ffffff data-hover-color=#009640><a itemprop='url' href='https:\/\/es.linkedin.com\/organization-guest\/company\/inerco-s.a.' target='_blank'><span aria-hidden=\"true\" class=\"qode_icon_font_elegant social_linkedin  simple_social\" style=\"color: #ffffff;margin: 5px 5px 5px 5px;font-size: 18px;\" ><\/span><\/a><\/span><span class='q_social_icon_holder normal_social' data-color=#ffffff data-hover-color=#009640><a itemprop='url' href='https:\/\/twitter.com\/Inerco_' target='_blank'><span aria-hidden=\"true\" class=\"qode_icon_font_elegant social_twitter  simple_social\" style=\"color: #ffffff;margin: 5px 5px 5px 5px;font-size: 18px;\" ><\/span><\/a><\/span><span class='q_social_icon_holder normal_social' data-color=#ffffff data-hover-color=#009640><a itemprop='url' href='https:\/\/www.youtube.com\/channel\/UCkGls-e-j4V57RWNJNKAS1g' target='_blank'><span aria-hidden=\"true\" class=\"qode_icon_font_elegant social_youtube  simple_social\" style=\"color: #ffffff;margin: 5px 5px 5px 5px;font-size: 18px;\" ><\/span><\/a><\/span>[\/vc_column_inner][\/vc_row_inner][vc_empty_space height=&#8221;40px&#8221;][\/vc_column][\/vc_row]<\/p>\n<\/div>","protected":false},"excerpt":{"rendered":"<p>[vc_row css_animation=&#8221;&#8221; row_type=&#8221;row&#8221; use_row_as_full_screen_section=&#8221;no&#8221; type=&#8221;grid&#8221; angled_section=&#8221;no&#8221; text_align=&#8221;left&#8221; background_image_as_pattern=&#8221;without_pattern&#8221; z_index=&#8221;&#8221;][vc_column width=&#8221;1\/4&#8243;][vc_single_image image=&#8221;739&#8243; img_size=&#8221;full&#8221; qode_css_animation=&#8221;&#8221;][\/vc_column][vc_column width=&#8221;3\/4&#8243;][\/vc_column][\/vc_row][vc_row css_animation=&#8221;&#8221;&#8230;<\/p>\n","protected":false},"author":1,"featured_media":5849,"parent":0,"menu_order":0,"comment_status":"closed","ping_status":"closed","template":"landing_page.php","meta":{"footnotes":""},"class_list":["post-5848","page","type-page","status-publish","has-post-thumbnail","hentry"],"yoast_head":"<!-- This site is optimized with the Yoast SEO plugin v27.3 - https:\/\/yoast.com\/product\/yoast-seo-wordpress\/ -->\n<title>Servi\u00e7os especializados face aos riscos biol\u00f3gicos associados ao COVID-19 - INERCO<\/title>\n<meta name=\"robots\" content=\"index, follow, max-snippet:-1, max-image-preview:large, max-video-preview:-1\" \/>\n<link rel=\"canonical\" href=\"https:\/\/www.inerco.com\/pt-pt\/servicos-especializados-face-aos-riscos-biologicos-associados-ao-covid-19\/\" \/>\n<meta property=\"og:locale\" content=\"pt_PT\" \/>\n<meta property=\"og:type\" content=\"article\" \/>\n<meta property=\"og:title\" content=\"Servi\u00e7os especializados face aos riscos biol\u00f3gicos associados ao COVID-19 - INERCO\" \/>\n<meta property=\"og:description\" content=\"[vc_row css_animation=&#8221;&#8221; row_type=&#8221;row&#8221; use_row_as_full_screen_section=&#8221;no&#8221; type=&#8221;grid&#8221; angled_section=&#8221;no&#8221; text_align=&#8221;left&#8221; background_image_as_pattern=&#8221;without_pattern&#8221; z_index=&#8221;&#8221;][vc_column width=&#8221;1\/4&#8243;][vc_single_image image=&#8221;739&#8243; img_size=&#8221;full&#8221; qode_css_animation=&#8221;&#8221;][\/vc_column][vc_column width=&#8221;3\/4&#8243;][\/vc_column][\/vc_row][vc_row css_animation=&#8221;&#8221;...\" \/>\n<meta property=\"og:url\" content=\"https:\/\/www.inerco.com\/pt-pt\/servicos-especializados-face-aos-riscos-biologicos-associados-ao-covid-19\/\" \/>\n<meta property=\"og:site_name\" content=\"INERCO\" \/>\n<meta property=\"article:modified_time\" content=\"2020-12-29T11:29:52+00:00\" \/>\n<meta property=\"og:image\" content=\"https:\/\/www.inerco.com\/wp-content\/uploads\/INERCO-Servicios-especializados-ante-los-riesgos-biologicos-asociados-al-COVID-19.jpg\" \/>\n\t<meta property=\"og:image:width\" content=\"500\" \/>\n\t<meta property=\"og:image:height\" content=\"375\" \/>\n\t<meta property=\"og:image:type\" content=\"image\/jpeg\" \/>\n<meta name=\"twitter:card\" content=\"summary_large_image\" \/>\n<meta name=\"twitter:site\" content=\"@Inerco_\" \/>\n<script type=\"application\/ld+json\" class=\"yoast-schema-graph\">{\"@context\":\"https:\\\/\\\/schema.org\",\"@graph\":[{\"@type\":\"WebPage\",\"@id\":\"https:\\\/\\\/www.inerco.com\\\/pt-pt\\\/servicos-especializados-face-aos-riscos-biologicos-associados-ao-covid-19\\\/\",\"url\":\"https:\\\/\\\/www.inerco.com\\\/pt-pt\\\/servicos-especializados-face-aos-riscos-biologicos-associados-ao-covid-19\\\/\",\"name\":\"Servi\u00e7os especializados face aos riscos biol\u00f3gicos associados ao COVID-19 - INERCO\",\"isPartOf\":{\"@id\":\"https:\\\/\\\/www.inerco.com\\\/es\\\/#website\"},\"primaryImageOfPage\":{\"@id\":\"https:\\\/\\\/www.inerco.com\\\/pt-pt\\\/servicos-especializados-face-aos-riscos-biologicos-associados-ao-covid-19\\\/#primaryimage\"},\"image\":{\"@id\":\"https:\\\/\\\/www.inerco.com\\\/pt-pt\\\/servicos-especializados-face-aos-riscos-biologicos-associados-ao-covid-19\\\/#primaryimage\"},\"thumbnailUrl\":\"https:\\\/\\\/www.inerco.com\\\/wp-content\\\/uploads\\\/INERCO-Servicios-especializados-ante-los-riesgos-biologicos-asociados-al-COVID-19.jpg\",\"datePublished\":\"2020-12-16T19:27:05+00:00\",\"dateModified\":\"2020-12-29T11:29:52+00:00\",\"breadcrumb\":{\"@id\":\"https:\\\/\\\/www.inerco.com\\\/pt-pt\\\/servicos-especializados-face-aos-riscos-biologicos-associados-ao-covid-19\\\/#breadcrumb\"},\"inLanguage\":\"pt-PT\",\"potentialAction\":[{\"@type\":\"ReadAction\",\"target\":[\"https:\\\/\\\/www.inerco.com\\\/pt-pt\\\/servicos-especializados-face-aos-riscos-biologicos-associados-ao-covid-19\\\/\"]}]},{\"@type\":\"ImageObject\",\"inLanguage\":\"pt-PT\",\"@id\":\"https:\\\/\\\/www.inerco.com\\\/pt-pt\\\/servicos-especializados-face-aos-riscos-biologicos-associados-ao-covid-19\\\/#primaryimage\",\"url\":\"https:\\\/\\\/www.inerco.com\\\/wp-content\\\/uploads\\\/INERCO-Servicios-especializados-ante-los-riesgos-biologicos-asociados-al-COVID-19.jpg\",\"contentUrl\":\"https:\\\/\\\/www.inerco.com\\\/wp-content\\\/uploads\\\/INERCO-Servicios-especializados-ante-los-riesgos-biologicos-asociados-al-COVID-19.jpg\",\"width\":500,\"height\":375},{\"@type\":\"BreadcrumbList\",\"@id\":\"https:\\\/\\\/www.inerco.com\\\/pt-pt\\\/servicos-especializados-face-aos-riscos-biologicos-associados-ao-covid-19\\\/#breadcrumb\",\"itemListElement\":[{\"@type\":\"ListItem\",\"position\":1,\"name\":\"Home\",\"item\":\"https:\\\/\\\/www.inerco.com\\\/es\\\/\"},{\"@type\":\"ListItem\",\"position\":2,\"name\":\"Servi\u00e7os especializados face aos riscos biol\u00f3gicos associados ao COVID-19\"}]},{\"@type\":\"WebSite\",\"@id\":\"https:\\\/\\\/www.inerco.com\\\/es\\\/#website\",\"url\":\"https:\\\/\\\/www.inerco.com\\\/es\\\/\",\"name\":\"INERCO\",\"description\":\"Tecnolog\u00eda, ingenier\u00eda y consultor\u00eda integral para el desarrollo industrial sostenible\",\"potentialAction\":[{\"@type\":\"SearchAction\",\"target\":{\"@type\":\"EntryPoint\",\"urlTemplate\":\"https:\\\/\\\/www.inerco.com\\\/es\\\/?s={search_term_string}\"},\"query-input\":{\"@type\":\"PropertyValueSpecification\",\"valueRequired\":true,\"valueName\":\"search_term_string\"}}],\"inLanguage\":\"pt-PT\"}]}<\/script>\n<!-- \/ Yoast SEO plugin. -->","yoast_head_json":{"title":"Servi\u00e7os especializados face aos riscos biol\u00f3gicos associados ao COVID-19 - INERCO","robots":{"index":"index","follow":"follow","max-snippet":"max-snippet:-1","max-image-preview":"max-image-preview:large","max-video-preview":"max-video-preview:-1"},"canonical":"https:\/\/www.inerco.com\/pt-pt\/servicos-especializados-face-aos-riscos-biologicos-associados-ao-covid-19\/","og_locale":"pt_PT","og_type":"article","og_title":"Servi\u00e7os especializados face aos riscos biol\u00f3gicos associados ao COVID-19 - INERCO","og_description":"[vc_row css_animation=&#8221;&#8221; row_type=&#8221;row&#8221; use_row_as_full_screen_section=&#8221;no&#8221; type=&#8221;grid&#8221; angled_section=&#8221;no&#8221; text_align=&#8221;left&#8221; background_image_as_pattern=&#8221;without_pattern&#8221; z_index=&#8221;&#8221;][vc_column width=&#8221;1\/4&#8243;][vc_single_image image=&#8221;739&#8243; img_size=&#8221;full&#8221; qode_css_animation=&#8221;&#8221;][\/vc_column][vc_column width=&#8221;3\/4&#8243;][\/vc_column][\/vc_row][vc_row css_animation=&#8221;&#8221;...","og_url":"https:\/\/www.inerco.com\/pt-pt\/servicos-especializados-face-aos-riscos-biologicos-associados-ao-covid-19\/","og_site_name":"INERCO","article_modified_time":"2020-12-29T11:29:52+00:00","og_image":[{"width":500,"height":375,"url":"https:\/\/www.inerco.com\/wp-content\/uploads\/INERCO-Servicios-especializados-ante-los-riesgos-biologicos-asociados-al-COVID-19.jpg","type":"image\/jpeg"}],"twitter_card":"summary_large_image","twitter_site":"@Inerco_","schema":{"@context":"https:\/\/schema.org","@graph":[{"@type":"WebPage","@id":"https:\/\/www.inerco.com\/pt-pt\/servicos-especializados-face-aos-riscos-biologicos-associados-ao-covid-19\/","url":"https:\/\/www.inerco.com\/pt-pt\/servicos-especializados-face-aos-riscos-biologicos-associados-ao-covid-19\/","name":"Servi\u00e7os especializados face aos riscos biol\u00f3gicos associados ao COVID-19 - INERCO","isPartOf":{"@id":"https:\/\/www.inerco.com\/es\/#website"},"primaryImageOfPage":{"@id":"https:\/\/www.inerco.com\/pt-pt\/servicos-especializados-face-aos-riscos-biologicos-associados-ao-covid-19\/#primaryimage"},"image":{"@id":"https:\/\/www.inerco.com\/pt-pt\/servicos-especializados-face-aos-riscos-biologicos-associados-ao-covid-19\/#primaryimage"},"thumbnailUrl":"https:\/\/www.inerco.com\/wp-content\/uploads\/INERCO-Servicios-especializados-ante-los-riesgos-biologicos-asociados-al-COVID-19.jpg","datePublished":"2020-12-16T19:27:05+00:00","dateModified":"2020-12-29T11:29:52+00:00","breadcrumb":{"@id":"https:\/\/www.inerco.com\/pt-pt\/servicos-especializados-face-aos-riscos-biologicos-associados-ao-covid-19\/#breadcrumb"},"inLanguage":"pt-PT","potentialAction":[{"@type":"ReadAction","target":["https:\/\/www.inerco.com\/pt-pt\/servicos-especializados-face-aos-riscos-biologicos-associados-ao-covid-19\/"]}]},{"@type":"ImageObject","inLanguage":"pt-PT","@id":"https:\/\/www.inerco.com\/pt-pt\/servicos-especializados-face-aos-riscos-biologicos-associados-ao-covid-19\/#primaryimage","url":"https:\/\/www.inerco.com\/wp-content\/uploads\/INERCO-Servicios-especializados-ante-los-riesgos-biologicos-asociados-al-COVID-19.jpg","contentUrl":"https:\/\/www.inerco.com\/wp-content\/uploads\/INERCO-Servicios-especializados-ante-los-riesgos-biologicos-asociados-al-COVID-19.jpg","width":500,"height":375},{"@type":"BreadcrumbList","@id":"https:\/\/www.inerco.com\/pt-pt\/servicos-especializados-face-aos-riscos-biologicos-associados-ao-covid-19\/#breadcrumb","itemListElement":[{"@type":"ListItem","position":1,"name":"Home","item":"https:\/\/www.inerco.com\/es\/"},{"@type":"ListItem","position":2,"name":"Servi\u00e7os especializados face aos riscos biol\u00f3gicos associados ao COVID-19"}]},{"@type":"WebSite","@id":"https:\/\/www.inerco.com\/es\/#website","url":"https:\/\/www.inerco.com\/es\/","name":"INERCO","description":"Tecnolog\u00eda, ingenier\u00eda y consultor\u00eda integral para el desarrollo industrial sostenible","potentialAction":[{"@type":"SearchAction","target":{"@type":"EntryPoint","urlTemplate":"https:\/\/www.inerco.com\/es\/?s={search_term_string}"},"query-input":{"@type":"PropertyValueSpecification","valueRequired":true,"valueName":"search_term_string"}}],"inLanguage":"pt-PT"}]}},"_links":{"self":[{"href":"https:\/\/www.inerco.com\/pt-pt\/wp-json\/wp\/v2\/pages\/5848","targetHints":{"allow":["GET"]}}],"collection":[{"href":"https:\/\/www.inerco.com\/pt-pt\/wp-json\/wp\/v2\/pages"}],"about":[{"href":"https:\/\/www.inerco.com\/pt-pt\/wp-json\/wp\/v2\/types\/page"}],"author":[{"embeddable":true,"href":"https:\/\/www.inerco.com\/pt-pt\/wp-json\/wp\/v2\/users\/1"}],"replies":[{"embeddable":true,"href":"https:\/\/www.inerco.com\/pt-pt\/wp-json\/wp\/v2\/comments?post=5848"}],"version-history":[{"count":2,"href":"https:\/\/www.inerco.com\/pt-pt\/wp-json\/wp\/v2\/pages\/5848\/revisions"}],"predecessor-version":[{"id":5851,"href":"https:\/\/www.inerco.com\/pt-pt\/wp-json\/wp\/v2\/pages\/5848\/revisions\/5851"}],"wp:featuredmedia":[{"embeddable":true,"href":"https:\/\/www.inerco.com\/pt-pt\/wp-json\/wp\/v2\/media\/5849"}],"wp:attachment":[{"href":"https:\/\/www.inerco.com\/pt-pt\/wp-json\/wp\/v2\/media?parent=5848"}],"curies":[{"name":"wp","href":"https:\/\/api.w.org\/{rel}","templated":true}]}}