{"id":6465,"date":"2019-06-17T08:27:32","date_gmt":"2019-06-17T06:27:32","guid":{"rendered":"https:\/\/www.inerco.com\/?page_id=6465"},"modified":"2021-03-02T13:38:43","modified_gmt":"2021-03-02T12:38:43","slug":"junte-se-a-inerco","status":"publish","type":"page","link":"https:\/\/www.inerco.com\/pt-br\/pessoas\/junte-se-a-inerco\/","title":{"rendered":"Junte-se a INERCO"},"content":{"rendered":"<div class=\"wpb-content-wrapper\"><p>[vc_row css_animation=&#8221;&#8221; row_type=&#8221;row&#8221; use_row_as_full_screen_section=&#8221;no&#8221; type=&#8221;full_width&#8221; angled_section=&#8221;no&#8221; text_align=&#8221;left&#8221; background_image_as_pattern=&#8221;without_pattern&#8221;][vc_column][vc_empty_space height=&#8221;40px&#8221;][vc_raw_html]JTNDZGl2JTIwc3R5bGUlM0QlMjJ3aWR0aCUzQTEwMCUyNSUzQiUyMiUzRSUwQSUzQ25hdiUyMGNsYXNzJTNEJTIyc3VibWVudV9wZXJzb25hcyUyMiUzRSUwQSUzQ3NwYW4lMjBjbGFzcyUzRCUyMmVsZW1lbnRvJTIyJTNFJTNDYSUyMGhyZWYlM0QlMjIlMkZwdC1iciUyRnBlc3NvYXMlMkZwb3ItcXVlLWluZXJjbyUyMiUzRVBvciUyMHF1ZSUyMElORVJDTyUzQyUyRmElM0UlM0MlMkZzcGFuJTNFJTBBJTNDc3BhbiUyMGNsYXNzJTNEJTIyZWxlbWVudG8lMjIlM0UlM0NhJTIwaHJlZiUzRCUyMiUyRnB0LWJyJTJGcGVzc29hcyUyRmN1bHR1cmEtZS12YWxvcmVzJTIyJTNFQ3VsdHVyYSUyMGUlMjBWYWxvcmVzJTNDJTJGYSUzRSUzQyUyRnNwYW4lMjAlM0UlMEElM0NzcGFuJTIwY2xhc3MlM0QlMjJhY3R1YWwlMjBlbGVtZW50byUyMiUzRSUzQ2ElMjBocmVmJTNEJTIyJTJGcHQtYnIlMkZwZXNzb2FzJTJGanVudGUtc2UtYS1pbmVyY28lMjIlM0VKdW50ZS1zZSUyMGElMjBJTkVSQ08lM0MlMkZhJTNFJTNDJTJGc3BhbiUyMCUzRSUwQSUzQ3NwYW4lMjBjbGFzcyUzRCUyMmVsZW1lbnRvJTIyJTNFJTNDYSUyMGhyZWYlM0QlMjIlMkZwdC1iciUyRnBlc3NvYXMlMkZwcm9jZXNzby1kZS1zZWxlY2FvJTIyJTNFUHJvY2Vzc28lMjBkZSUyMHNlbGUlQzMlQTclQzMlQTNvJTNDJTJGYSUzRSUzQyUyRnNwYW4lMjAlM0UlMEElM0NzcGFuJTIwY2xhc3MlM0QlMjJsYXN0JTIwZWxlbWVudG8lMjAlMjIlM0UlM0NhJTIwaHJlZiUzRCUyMmh0dHBzJTNBJTJGJTJGY2FyZWVyMi5zdWNjZXNzZmFjdG9ycy5ldSUyRmNhcmVlciUzRmNvbXBhbnklM0RpbmdlbmllcmFlJTIyJTIwdGFyZ2V0JTNEJTIyX2JsYW5rJTIyJTNFTm9zJTIwZGVpeGUlMjBzZXUlMjBjdXJyJUMzJUFEY3VsbyUzQyUyRmElM0UlM0MlMkZzcGFuJTNFJTBBJTNDJTJGbmF2JTNFJTBBJTNDJTJGZGl2JTNFJTBB[\/vc_raw_html][vc_empty_space height=&#8221;50px&#8221;][\/vc_column][\/vc_row][vc_row css_animation=&#8221;&#8221; row_type=&#8221;row&#8221; use_row_as_full_screen_section=&#8221;no&#8221; type=&#8221;full_width&#8221; angled_section=&#8221;no&#8221; text_align=&#8221;left&#8221; background_image_as_pattern=&#8221;without_pattern&#8221;][vc_column][vc_empty_space height=&#8221;100px&#8221;][\/vc_column][\/vc_row][vc_row css_animation=&#8221;&#8221; row_type=&#8221;row&#8221; use_row_as_full_screen_section=&#8221;no&#8221; type=&#8221;full_width&#8221; angled_section=&#8221;no&#8221; text_align=&#8221;left&#8221; background_image_as_pattern=&#8221;without_pattern&#8221;][vc_column]<div class=\"qode-cta-section qode-cta-appear-effect\">\n\t<img decoding=\"async\" src=\"https:\/\/www.inerco.com\/wp-content\/uploads\/INERCO-Ver-Oportunidades-Trabaja-con-nosotros.jpg\" alt=\"call to action image\"\/>\n\t<div class=\"qode-cta-section-text-wrapper\">\n\t\t<div class=\"qode-cta-section-text-wrapper-inner\" >\n\t\t\t\t\t\t\t<div class=\"qode-cta-section-title-holder\">\n\t\t\t\t\t<h2 class=\"qode-cta-section-title\">\n\t\t\t\t\t\tTRABALHE COM A GENTE\t\t\t\t\t<\/h2>\n\t\t\t\t<\/div>\n\t\t\t\n            <div class=\"separator  small center  qode-type1-gradient-left-to-right \" style=\"margin-top: 27px;margin-bottom: 31px;height: 2px;width: 150px;\"><\/div>\n\n\t\t\t\t\t\t\n\n\t<a href=\"https:\/\/career2.successfactors.eu\/career?company=ingenierae\" target=\"_blank\"  class=\"qode-btn qode-btn-medium qode-btn-solid qode-btn-icon qode-btn-with-shadow qode-btn-shadow-hover\"  >\n\t    <span class=\"qode-btn-text\">VER OPORTUNIDADES<\/span><span class=\"qode-button-v2-icon-holder qode-type1-gradient-bottom-to-top-text\"  ><span aria-hidden=\"true\" class=\"qode_icon_font_elegant arrow_carrot-right qode-button-v2-icon-holder-inner\" ><\/span><\/span>\t<\/a>\n\n\t\t<\/div>\n\t<\/div>\n<\/div>[\/vc_column][\/vc_row][vc_row css_animation=&#8221;&#8221; row_type=&#8221;row&#8221; use_row_as_full_screen_section=&#8221;no&#8221; type=&#8221;full_width&#8221; angled_section=&#8221;no&#8221; text_align=&#8221;left&#8221; background_image_as_pattern=&#8221;without_pattern&#8221;][vc_column][vc_empty_space height=&#8221;150px&#8221;][\/vc_column][\/vc_row]<\/p>\n<\/div>","protected":false},"excerpt":{"rendered":"<p>[vc_row css_animation=&#8221;&#8221; row_type=&#8221;row&#8221; use_row_as_full_screen_section=&#8221;no&#8221; type=&#8221;full_width&#8221; angled_section=&#8221;no&#8221; text_align=&#8221;left&#8221; background_image_as_pattern=&#8221;without_pattern&#8221;][vc_column][vc_empty_space height=&#8221;40px&#8221;][vc_raw_html]JTNDZGl2JTIwc3R5bGUlM0QlMjJ3aWR0aCUzQTEwMCUyNSUzQiUyMiUzRSUwQSUzQ25hdiUyMGNsYXNzJTNEJTIyc3VibWVudV9wZXJzb25hcyUyMiUzRSUwQSUzQ3NwYW4lMjBjbGFzcyUzRCUyMmVsZW1lbnRvJTIyJTNFJTNDYSUyMGhyZWYlM0QlMjIlMkZwdC1iciUyRnBlc3NvYXMlMkZwb3ItcXVlLWluZXJjbyUyMiUzRVBvciUyMHF1ZSUyMElORVJDTyUzQyUyRmElM0UlM0MlMkZzcGFuJTNFJTBBJTNDc3BhbiUyMGNsYXNzJTNEJTIyZWxlbWVudG8lMjIlM0UlM0NhJTIwaHJlZiUzRCUyMiUyRnB0LWJyJTJGcGVzc29hcyUyRmN1bHR1cmEtZS12YWxvcmVzJTIyJTNFQ3VsdHVyYSUyMGUlMjBWYWxvcmVzJTNDJTJGYSUzRSUzQyUyRnNwYW4lMjAlM0UlMEElM0NzcGFuJTIwY2xhc3MlM0QlMjJhY3R1YWwlMjBlbGVtZW50byUyMiUzRSUzQ2ElMjBocmVmJTNEJTIyJTJGcHQtYnIlMkZwZXNzb2FzJTJGanVudGUtc2UtYS1pbmVyY28lMjIlM0VKdW50ZS1zZSUyMGElMjBJTkVSQ08lM0MlMkZhJTNFJTNDJTJGc3BhbiUyMCUzRSUwQSUzQ3NwYW4lMjBjbGFzcyUzRCUyMmVsZW1lbnRvJTIyJTNFJTNDYSUyMGhyZWYlM0QlMjIlMkZwdC1iciUyRnBlc3NvYXMlMkZwcm9jZXNzby1kZS1zZWxlY2FvJTIyJTNFUHJvY2Vzc28lMjBkZSUyMHNlbGUlQzMlQTclQzMlQTNvJTNDJTJGYSUzRSUzQyUyRnNwYW4lMjAlM0UlMEElM0NzcGFuJTIwY2xhc3MlM0QlMjJsYXN0JTIwZWxlbWVudG8lMjAlMjIlM0UlM0NhJTIwaHJlZiUzRCUyMmh0dHBzJTNBJTJGJTJGY2FyZWVyMi5zdWNjZXNzZmFjdG9ycy5ldSUyRmNhcmVlciUzRmNvbXBhbnklM0RpbmdlbmllcmFlJTIyJTIwdGFyZ2V0JTNEJTIyX2JsYW5rJTIyJTNFTm9zJTIwZGVpeGUlMjBzZXUlMjBjdXJyJUMzJUFEY3VsbyUzQyUyRmElM0UlM0MlMkZzcGFuJTNFJTBBJTNDJTJGbmF2JTNFJTBBJTNDJTJGZGl2JTNFJTBB[\/vc_raw_html][vc_empty_space height=&#8221;50px&#8221;][\/vc_column][\/vc_row][vc_row css_animation=&#8221;&#8221; row_type=&#8221;row&#8221; use_row_as_full_screen_section=&#8221;no&#8221; type=&#8221;full_width&#8221; angled_section=&#8221;no&#8221;&#8230;<\/p>\n","protected":false},"author":1,"featured_media":6556,"parent":6429,"menu_order":2,"comment_status":"closed","ping_status":"closed","template":"","meta":{"footnotes":""},"class_list":["post-6465","page","type-page","status-publish","has-post-thumbnail","hentry"],"yoast_head":"<!-- This site is optimized with the Yoast SEO plugin v27.3 - https:\/\/yoast.com\/product\/yoast-seo-wordpress\/ -->\n<title>Junte-se a INERCO - INERCO<\/title>\n<meta name=\"description\" content=\"Trabalha com INERCO. Ver oportunidades.\" \/>\n<meta name=\"robots\" content=\"noindex, nofollow\" \/>\n<meta property=\"og:locale\" content=\"pt_BR\" \/>\n<meta property=\"og:type\" content=\"article\" \/>\n<meta property=\"og:title\" content=\"Junte-se a INERCO - INERCO\" \/>\n<meta property=\"og:description\" content=\"Trabalha com INERCO. Ver oportunidades.\" \/>\n<meta property=\"og:url\" content=\"https:\/\/www.inerco.com\/pt-br\/pessoas\/junte-se-a-inerco\/\" \/>\n<meta property=\"og:site_name\" content=\"INERCO\" \/>\n<meta property=\"article:modified_time\" content=\"2021-03-02T12:38:43+00:00\" \/>\n<meta property=\"og:image\" content=\"https:\/\/www.inerco.com\/wp-content\/uploads\/INERCO-Unete.jpg\" \/>\n\t<meta property=\"og:image:width\" content=\"1920\" \/>\n\t<meta property=\"og:image:height\" content=\"650\" \/>\n\t<meta property=\"og:image:type\" content=\"image\/jpeg\" \/>\n<meta name=\"twitter:card\" content=\"summary_large_image\" \/>\n<meta name=\"twitter:site\" content=\"@Inerco_\" \/>\n<script type=\"application\/ld+json\" class=\"yoast-schema-graph\">{\"@context\":\"https:\\\/\\\/schema.org\",\"@graph\":[{\"@type\":\"WebPage\",\"@id\":\"https:\\\/\\\/www.inerco.com\\\/pt-br\\\/pessoas\\\/junte-se-a-inerco\\\/\",\"url\":\"https:\\\/\\\/www.inerco.com\\\/pt-br\\\/pessoas\\\/junte-se-a-inerco\\\/\",\"name\":\"Junte-se a INERCO - INERCO\",\"isPartOf\":{\"@id\":\"https:\\\/\\\/www.inerco.com\\\/es\\\/#website\"},\"primaryImageOfPage\":{\"@id\":\"https:\\\/\\\/www.inerco.com\\\/pt-br\\\/pessoas\\\/junte-se-a-inerco\\\/#primaryimage\"},\"image\":{\"@id\":\"https:\\\/\\\/www.inerco.com\\\/pt-br\\\/pessoas\\\/junte-se-a-inerco\\\/#primaryimage\"},\"thumbnailUrl\":\"https:\\\/\\\/www.inerco.com\\\/wp-content\\\/uploads\\\/INERCO-Unete.jpg\",\"datePublished\":\"2019-06-17T06:27:32+00:00\",\"dateModified\":\"2021-03-02T12:38:43+00:00\",\"description\":\"Trabalha com INERCO. Ver oportunidades.\",\"breadcrumb\":{\"@id\":\"https:\\\/\\\/www.inerco.com\\\/pt-br\\\/pessoas\\\/junte-se-a-inerco\\\/#breadcrumb\"},\"inLanguage\":\"pt-BR\",\"potentialAction\":[{\"@type\":\"ReadAction\",\"target\":[\"https:\\\/\\\/www.inerco.com\\\/pt-br\\\/pessoas\\\/junte-se-a-inerco\\\/\"]}]},{\"@type\":\"ImageObject\",\"inLanguage\":\"pt-BR\",\"@id\":\"https:\\\/\\\/www.inerco.com\\\/pt-br\\\/pessoas\\\/junte-se-a-inerco\\\/#primaryimage\",\"url\":\"https:\\\/\\\/www.inerco.com\\\/wp-content\\\/uploads\\\/INERCO-Unete.jpg\",\"contentUrl\":\"https:\\\/\\\/www.inerco.com\\\/wp-content\\\/uploads\\\/INERCO-Unete.jpg\",\"width\":1920,\"height\":650},{\"@type\":\"BreadcrumbList\",\"@id\":\"https:\\\/\\\/www.inerco.com\\\/pt-br\\\/pessoas\\\/junte-se-a-inerco\\\/#breadcrumb\",\"itemListElement\":[{\"@type\":\"ListItem\",\"position\":1,\"name\":\"Home\",\"item\":\"https:\\\/\\\/www.inerco.com\\\/es\\\/\"},{\"@type\":\"ListItem\",\"position\":2,\"name\":\"Pessoas\",\"item\":\"https:\\\/\\\/www.inerco.com\\\/pt-br\\\/pessoas\\\/\"},{\"@type\":\"ListItem\",\"position\":3,\"name\":\"Junte-se a INERCO\"}]},{\"@type\":\"WebSite\",\"@id\":\"https:\\\/\\\/www.inerco.com\\\/es\\\/#website\",\"url\":\"https:\\\/\\\/www.inerco.com\\\/es\\\/\",\"name\":\"INERCO\",\"description\":\"Tecnolog\u00eda, ingenier\u00eda y consultor\u00eda integral para el desarrollo industrial sostenible\",\"potentialAction\":[{\"@type\":\"SearchAction\",\"target\":{\"@type\":\"EntryPoint\",\"urlTemplate\":\"https:\\\/\\\/www.inerco.com\\\/es\\\/?s={search_term_string}\"},\"query-input\":{\"@type\":\"PropertyValueSpecification\",\"valueRequired\":true,\"valueName\":\"search_term_string\"}}],\"inLanguage\":\"pt-BR\"}]}<\/script>\n<!-- \/ Yoast SEO plugin. -->","yoast_head_json":{"title":"Junte-se a INERCO - INERCO","description":"Trabalha com INERCO. Ver oportunidades.","robots":{"index":"noindex","follow":"nofollow"},"og_locale":"pt_BR","og_type":"article","og_title":"Junte-se a INERCO - INERCO","og_description":"Trabalha com INERCO. Ver oportunidades.","og_url":"https:\/\/www.inerco.com\/pt-br\/pessoas\/junte-se-a-inerco\/","og_site_name":"INERCO","article_modified_time":"2021-03-02T12:38:43+00:00","og_image":[{"width":1920,"height":650,"url":"https:\/\/www.inerco.com\/wp-content\/uploads\/INERCO-Unete.jpg","type":"image\/jpeg"}],"twitter_card":"summary_large_image","twitter_site":"@Inerco_","schema":{"@context":"https:\/\/schema.org","@graph":[{"@type":"WebPage","@id":"https:\/\/www.inerco.com\/pt-br\/pessoas\/junte-se-a-inerco\/","url":"https:\/\/www.inerco.com\/pt-br\/pessoas\/junte-se-a-inerco\/","name":"Junte-se a INERCO - INERCO","isPartOf":{"@id":"https:\/\/www.inerco.com\/es\/#website"},"primaryImageOfPage":{"@id":"https:\/\/www.inerco.com\/pt-br\/pessoas\/junte-se-a-inerco\/#primaryimage"},"image":{"@id":"https:\/\/www.inerco.com\/pt-br\/pessoas\/junte-se-a-inerco\/#primaryimage"},"thumbnailUrl":"https:\/\/www.inerco.com\/wp-content\/uploads\/INERCO-Unete.jpg","datePublished":"2019-06-17T06:27:32+00:00","dateModified":"2021-03-02T12:38:43+00:00","description":"Trabalha com INERCO. Ver oportunidades.","breadcrumb":{"@id":"https:\/\/www.inerco.com\/pt-br\/pessoas\/junte-se-a-inerco\/#breadcrumb"},"inLanguage":"pt-BR","potentialAction":[{"@type":"ReadAction","target":["https:\/\/www.inerco.com\/pt-br\/pessoas\/junte-se-a-inerco\/"]}]},{"@type":"ImageObject","inLanguage":"pt-BR","@id":"https:\/\/www.inerco.com\/pt-br\/pessoas\/junte-se-a-inerco\/#primaryimage","url":"https:\/\/www.inerco.com\/wp-content\/uploads\/INERCO-Unete.jpg","contentUrl":"https:\/\/www.inerco.com\/wp-content\/uploads\/INERCO-Unete.jpg","width":1920,"height":650},{"@type":"BreadcrumbList","@id":"https:\/\/www.inerco.com\/pt-br\/pessoas\/junte-se-a-inerco\/#breadcrumb","itemListElement":[{"@type":"ListItem","position":1,"name":"Home","item":"https:\/\/www.inerco.com\/es\/"},{"@type":"ListItem","position":2,"name":"Pessoas","item":"https:\/\/www.inerco.com\/pt-br\/pessoas\/"},{"@type":"ListItem","position":3,"name":"Junte-se a INERCO"}]},{"@type":"WebSite","@id":"https:\/\/www.inerco.com\/es\/#website","url":"https:\/\/www.inerco.com\/es\/","name":"INERCO","description":"Tecnolog\u00eda, ingenier\u00eda y consultor\u00eda integral para el desarrollo industrial sostenible","potentialAction":[{"@type":"SearchAction","target":{"@type":"EntryPoint","urlTemplate":"https:\/\/www.inerco.com\/es\/?s={search_term_string}"},"query-input":{"@type":"PropertyValueSpecification","valueRequired":true,"valueName":"search_term_string"}}],"inLanguage":"pt-BR"}]}},"_links":{"self":[{"href":"https:\/\/www.inerco.com\/pt-br\/wp-json\/wp\/v2\/pages\/6465","targetHints":{"allow":["GET"]}}],"collection":[{"href":"https:\/\/www.inerco.com\/pt-br\/wp-json\/wp\/v2\/pages"}],"about":[{"href":"https:\/\/www.inerco.com\/pt-br\/wp-json\/wp\/v2\/types\/page"}],"author":[{"embeddable":true,"href":"https:\/\/www.inerco.com\/pt-br\/wp-json\/wp\/v2\/users\/1"}],"replies":[{"embeddable":true,"href":"https:\/\/www.inerco.com\/pt-br\/wp-json\/wp\/v2\/comments?post=6465"}],"version-history":[{"count":1,"href":"https:\/\/www.inerco.com\/pt-br\/wp-json\/wp\/v2\/pages\/6465\/revisions"}],"predecessor-version":[{"id":6468,"href":"https:\/\/www.inerco.com\/pt-br\/wp-json\/wp\/v2\/pages\/6465\/revisions\/6468"}],"up":[{"embeddable":true,"href":"https:\/\/www.inerco.com\/pt-br\/wp-json\/wp\/v2\/pages\/6429"}],"wp:featuredmedia":[{"embeddable":true,"href":"https:\/\/www.inerco.com\/pt-br\/wp-json\/wp\/v2\/media\/6556"}],"wp:attachment":[{"href":"https:\/\/www.inerco.com\/pt-br\/wp-json\/wp\/v2\/media?parent=6465"}],"curies":[{"name":"wp","href":"https:\/\/api.w.org\/{rel}","templated":true}]}}