{"id":6414,"date":"2018-04-19T13:54:51","date_gmt":"2018-04-19T11:54:51","guid":{"rendered":"https:\/\/www.inerco.com\/?page_id=6414"},"modified":"2021-03-02T13:55:16","modified_gmt":"2021-03-02T12:55:16","slug":"setores","status":"publish","type":"page","link":"https:\/\/www.inerco.com\/pt-br\/setores\/","title":{"rendered":"Setores"},"content":{"rendered":"<div class=\"wpb-content-wrapper\"><p>[vc_row css_animation=&#8221;&#8221; row_type=&#8221;row&#8221; use_row_as_full_screen_section=&#8221;no&#8221; type=&#8221;grid&#8221; angled_section=&#8221;no&#8221; text_align=&#8221;left&#8221; background_image_as_pattern=&#8221;without_pattern&#8221; z_index=&#8221;&#8221; css=&#8221;.vc_custom_1517251152459{padding-top: 3% !important;padding-bottom: 3% !important;}&#8221;][vc_column][vc_empty_space height=&#8221;30px&#8221;][qode_elements_holder number_of_columns=&#8221;two_columns&#8221; columns_proportion=&#8221;66_33&#8243; switch_to_one_column=&#8221;1000&#8243; alignment_one_column=&#8221;center&#8221;][qode_elements_holder_item vertical_alignment=&#8221;middle&#8221; horizontal_alignment=&#8221;left&#8221; advanced_animations=&#8221;no&#8221; item_padding=&#8221;10px 10px 10px 10px&#8221;][vc_column_text]<\/p>\n<h2 style=\"font-weight: 300; font-size: 2em; line-height: 1.2; text-align: left;\"><span style=\"color: #009640;\">Tecnologia, Engenharia e Consultoria Abrangente para o desenvolvimento industrial sustent\u00e1vel<\/span><\/h2>\n<p>[\/vc_column_text][\/qode_elements_holder_item][qode_elements_holder_item vertical_alignment=&#8221;middle&#8221; horizontal_alignment=&#8221;center&#8221; advanced_animations=&#8221;no&#8221; item_padding=&#8221;10px 10px 10px 10px&#8221;]\n\n\t<a href=\"\/en\/contact\" target=\"_self\"  class=\"qode-btn qode-btn-medium qode-btn-solid qode-btn-icon qode-btn-icon-rotate\"  >\n\t    <span class=\"qode-btn-text\">CONTATO<\/span><span class=\"qode-button-v2-icon-holder\"  ><span aria-hidden=\"true\" class=\"qode_icon_font_elegant arrow_right qode-button-v2-icon-holder-inner\" ><\/span><\/span>\t<\/a>\n\n[\/qode_elements_holder_item][\/qode_elements_holder][\/vc_column][\/vc_row][vc_row css_animation=&#8221;&#8221; row_type=&#8221;row&#8221; use_row_as_full_screen_section=&#8221;no&#8221; type=&#8221;grid&#8221; angled_section=&#8221;no&#8221; text_align=&#8221;left&#8221; background_image_as_pattern=&#8221;without_pattern&#8221; z_index=&#8221;&#8221; css=&#8221;.vc_custom_1517251152459{padding-top: 3% !important;padding-bottom: 3% !important;}&#8221;][vc_column offset=&#8221;vc_hidden-lg vc_hidden-md vc_hidden-sm vc_hidden-xs&#8221;][vc_column_text]<\/p>\n<h2 style=\"text-align: center; font-weight: 300; margin-left: 10%; margin-right: 10%; font-size: 2.4em; line-height: 1.2;\"><span style=\"color: #009640;\">Tecnologia, Engenharia e Consultoria Abrangente para o desenvolvimento industrial sustent\u00e1vel<\/span><\/h2>\n<p>[\/vc_column_text][vc_empty_space height=&#8221;30px&#8221;][\/vc_column][\/vc_row][vc_row css_animation=&#8221;&#8221; row_type=&#8221;row&#8221; use_row_as_full_screen_section=&#8221;no&#8221; type=&#8221;grid&#8221; angled_section=&#8221;no&#8221; text_align=&#8221;center&#8221; background_image_as_pattern=&#8221;without_pattern&#8221; z_index=&#8221;&#8221;][vc_column width=&#8221;1\/4&#8243;]<div class=\"image_hover \" data-transition-delay=\"\"><div class=\"images_holder\"><a itemprop=\"url\" href=\"\/sectores\/oil-gas\/\" target=\"_self\"><img decoding=\"async\" itemprop=\"image\" class=\"active_image \" src=\"https:\/\/www.inerco.com\/wp-content\/uploads\/INERCO-Sector-oil-gas_.png\" alt=\"INERCO Sector oil gas\" style=\"\" \/><img decoding=\"async\" itemprop=\"image\" class=\"hover_image\" src=\"https:\/\/www.inerco.com\/wp-content\/uploads\/INERCO-Sector-oil-gas.png\" alt=\"INERCO Sector oil gas\" style=\"\" \/><\/a><\/div><\/div>[vc_empty_space height=&#8221;10px&#8221;][vc_column_text]<\/p>\n<p style=\"text-align: center; font-size: 1.3em; color: #666666; font-weight: 300;\">\u00d3leo &amp; G\u00e1s<\/p>\n<p>[\/vc_column_text][vc_empty_space height=&#8221;20px&#8221;][\/vc_column][vc_column width=&#8221;1\/4&#8243;]<div class=\"image_hover \" data-transition-delay=\"\"><div class=\"images_holder\"><a itemprop=\"url\" href=\"\/sectores\/quimico-petroquimico\/\" target=\"_self\"><img decoding=\"async\" itemprop=\"image\" class=\"active_image \" src=\"https:\/\/www.inerco.com\/wp-content\/uploads\/INERCO-Sector-quimico_.png\" alt=\"INERCO Sector qu\u00edmico y petroqu\u00edmico\" style=\"\" \/><img decoding=\"async\" itemprop=\"image\" class=\"hover_image\" src=\"https:\/\/www.inerco.com\/wp-content\/uploads\/INERCO-Sector-quimico.png\" alt=\"INERCO Sector qu\u00edmico y petroqu\u00edmico\" style=\"\" \/><\/a><\/div><\/div>[vc_empty_space height=&#8221;10px&#8221;][vc_column_text]<\/p>\n<p style=\"text-align: center; font-size: 1.3em; color: #666666; font-weight: 300;\">Qu\u00edmica e Petroqu\u00edmica<\/p>\n<p>[\/vc_column_text][vc_empty_space height=&#8221;20px&#8221;][\/vc_column][vc_column width=&#8221;1\/4&#8243;]<div class=\"image_hover \" data-transition-delay=\"\"><div class=\"images_holder\"><a itemprop=\"url\" href=\"\/sectores\/mineria\" target=\"_self\"><img decoding=\"async\" itemprop=\"image\" class=\"active_image \" src=\"https:\/\/www.inerco.com\/wp-content\/uploads\/INERCO-Sector-mineria_.png\" alt=\"INERCO Sector miner\u00eda\" style=\"\" \/><img decoding=\"async\" itemprop=\"image\" class=\"hover_image\" src=\"https:\/\/www.inerco.com\/wp-content\/uploads\/INERCO-Sector-mineria.png\" alt=\"INERCO Sector miner\u00eda\" style=\"\" \/><\/a><\/div><\/div>[vc_empty_space height=&#8221;10px&#8221;][vc_column_text]<\/p>\n<p style=\"text-align: center; font-size: 1.3em; color: #666666; font-weight: 300;\">Minera\u00e7\u00e3o<\/p>\n<p>[\/vc_column_text][vc_empty_space height=&#8221;20px&#8221;][\/vc_column][vc_column width=&#8221;1\/4&#8243;]<div class=\"image_hover \" data-transition-delay=\"\"><div class=\"images_holder\"><a itemprop=\"url\" href=\"\/sectores\/electricidad-gas\" target=\"_self\"><img decoding=\"async\" itemprop=\"image\" class=\"active_image \" src=\"https:\/\/www.inerco.com\/wp-content\/uploads\/INERCO-Sector-electricidad_.png\" alt=\"INERCO Sector electricidad y gas\" style=\"\" \/><img decoding=\"async\" itemprop=\"image\" class=\"hover_image\" src=\"https:\/\/www.inerco.com\/wp-content\/uploads\/INERCO-Sector-electricidad.png\" alt=\"INERCO Sector electricidad y gas\" style=\"\" \/><\/a><\/div><\/div>[vc_empty_space height=&#8221;10px&#8221;][vc_column_text]<\/p>\n<p style=\"text-align: center; font-size: 1.3em; color: #666666; font-weight: 300;\">Eletricidade e G\u00e1s<\/p>\n<p>[\/vc_column_text][vc_empty_space height=&#8221;20px&#8221;][\/vc_column][\/vc_row][vc_row css_animation=&#8221;&#8221; row_type=&#8221;row&#8221; use_row_as_full_screen_section=&#8221;no&#8221; type=&#8221;grid&#8221; angled_section=&#8221;no&#8221; text_align=&#8221;center&#8221; background_image_as_pattern=&#8221;without_pattern&#8221; z_index=&#8221;&#8221;][vc_column width=&#8221;1\/4&#8243;]<div class=\"image_hover \" data-transition-delay=\"\"><div class=\"images_holder\"><a itemprop=\"url\" href=\"\/sectores\/ingenieria\/\" target=\"_self\"><img decoding=\"async\" itemprop=\"image\" class=\"active_image \" src=\"https:\/\/www.inerco.com\/wp-content\/uploads\/INERCO-Sector-ingenieria_.png\" alt=\"INERCO Sector ingenier\u00eda\" style=\"\" \/><img decoding=\"async\" itemprop=\"image\" class=\"hover_image\" src=\"https:\/\/www.inerco.com\/wp-content\/uploads\/INERCO-Sector-ingenieria.png\" alt=\"INERCO Sector ingenier\u00eda\" style=\"\" \/><\/a><\/div><\/div>[vc_empty_space height=&#8221;10px&#8221;][vc_column_text]<\/p>\n<p style=\"text-align: center; font-size: 1.3em; color: #666666; font-weight: 300;\">Engenharia<\/p>\n<p>[\/vc_column_text][vc_empty_space height=&#8221;20px&#8221;][\/vc_column][vc_column width=&#8221;1\/4&#8243;]<div class=\"image_hover \" data-transition-delay=\"\"><div class=\"images_holder\"><a itemprop=\"url\" href=\"\/sectores\/infraestructuras\/\" target=\"_self\"><img decoding=\"async\" itemprop=\"image\" class=\"active_image \" src=\"https:\/\/www.inerco.com\/wp-content\/uploads\/INERCO-Sector-infraestructuras_.png\" alt=\"INERCO Sector infraestructuras\" style=\"\" \/><img decoding=\"async\" itemprop=\"image\" class=\"hover_image\" src=\"https:\/\/www.inerco.com\/wp-content\/uploads\/INERCO-Sector-infraestructuras.png\" alt=\"INERCO Sector infraestructuras\" style=\"\" \/><\/a><\/div><\/div>[vc_empty_space height=&#8221;10px&#8221;][vc_column_text]<\/p>\n<p style=\"text-align: center; font-size: 1.3em; color: #666666; font-weight: 300;\">Infraestruturas<\/p>\n<p>[\/vc_column_text][vc_empty_space height=&#8221;20px&#8221;][\/vc_column][vc_column width=&#8221;1\/4&#8243;]<div class=\"image_hover \" data-transition-delay=\"\"><div class=\"images_holder\"><a itemprop=\"url\" href=\"\/sectores\/aeronautica-automovil\/\" target=\"_self\"><img decoding=\"async\" itemprop=\"image\" class=\"active_image \" src=\"https:\/\/www.inerco.com\/wp-content\/uploads\/INERCO-Sector-aeronautico_.png\" alt=\"INERCO Sector aeron\u00e1utico\" style=\"\" \/><img decoding=\"async\" itemprop=\"image\" class=\"hover_image\" src=\"https:\/\/www.inerco.com\/wp-content\/uploads\/INERCO-Sector-aeronautico.png\" alt=\"INERCO Sector aeron\u00e1utico\" style=\"\" \/><\/a><\/div><\/div>[vc_empty_space height=&#8221;10px&#8221;][vc_column_text]<\/p>\n<p style=\"text-align: center; font-size: 1.3em; color: #666666; font-weight: 300;\">Aeron\u00e1utica e Autom\u00f3vel<\/p>\n<p>[\/vc_column_text][vc_empty_space height=&#8221;20px&#8221;][\/vc_column][vc_column width=&#8221;1\/4&#8243;]<div class=\"image_hover \" data-transition-delay=\"\"><div class=\"images_holder\"><a itemprop=\"url\" href=\"\/sectores\/puertos\/\" target=\"_self\"><img decoding=\"async\" itemprop=\"image\" class=\"active_image \" src=\"https:\/\/www.inerco.com\/wp-content\/uploads\/INERCO-Sector-puertos_.png\" alt=\"Main Image\" style=\"\" \/><img decoding=\"async\" itemprop=\"image\" class=\"hover_image\" src=\"https:\/\/www.inerco.com\/wp-content\/uploads\/INERCO-Sector-puertos.png\" alt=\"Hover Image\" style=\"\" \/><\/a><\/div><\/div>[vc_empty_space height=&#8221;10px&#8221;][vc_column_text]<\/p>\n<p style=\"text-align: center; font-size: 1.3em; color: #666666; font-weight: 300;\">Portos<\/p>\n<p>[\/vc_column_text][vc_empty_space height=&#8221;20px&#8221;][\/vc_column][\/vc_row][vc_row css_animation=&#8221;&#8221; row_type=&#8221;row&#8221; use_row_as_full_screen_section=&#8221;no&#8221; type=&#8221;grid&#8221; angled_section=&#8221;no&#8221; text_align=&#8221;center&#8221; background_image_as_pattern=&#8221;without_pattern&#8221; z_index=&#8221;&#8221;][vc_column width=&#8221;1\/4&#8243;]<div class=\"image_hover \" data-transition-delay=\"\"><div class=\"images_holder\"><a itemprop=\"url\" href=\"\/sectores\/farmaceutico\/\" target=\"_self\"><img decoding=\"async\" itemprop=\"image\" class=\"active_image \" src=\"https:\/\/www.inerco.com\/wp-content\/uploads\/INERCO-Sector-farmaceutico_.png\" alt=\"INERCO Sector farmac\u00e9utico\" style=\"\" \/><img decoding=\"async\" itemprop=\"image\" class=\"hover_image\" src=\"https:\/\/www.inerco.com\/wp-content\/uploads\/INERCO-Sector-farmaceutico.png\" alt=\"INERCO Sector farmac\u00e9utico\" style=\"\" \/><\/a><\/div><\/div>[vc_empty_space height=&#8221;10px&#8221;][vc_column_text]<\/p>\n<p style=\"text-align: center; font-size: 1.3em; color: #666666; font-weight: 300;\">Farmac\u00eautico<\/p>\n<p>[\/vc_column_text][vc_empty_space height=&#8221;20px&#8221;][\/vc_column][vc_column width=&#8221;1\/4&#8243;]<div class=\"image_hover \" data-transition-delay=\"\"><div class=\"images_holder\"><a itemprop=\"url\" href=\"\/sectores\/cemento\/\" target=\"_self\"><img decoding=\"async\" itemprop=\"image\" class=\"active_image \" src=\"https:\/\/www.inerco.com\/wp-content\/uploads\/INERCO-Sector-cemento_.png\" alt=\"INERCO Sector cemento\" style=\"\" \/><img decoding=\"async\" itemprop=\"image\" class=\"hover_image\" src=\"https:\/\/www.inerco.com\/wp-content\/uploads\/INERCO-Sector-cemento.png\" alt=\"INERCO Sector cemento\" style=\"\" \/><\/a><\/div><\/div>[vc_empty_space height=&#8221;10px&#8221;][vc_column_text]<\/p>\n<p style=\"text-align: center; font-size: 1.3em; color: #666666; font-weight: 300;\">Cimento<\/p>\n<p>[\/vc_column_text][vc_empty_space height=&#8221;20px&#8221;][\/vc_column][vc_column width=&#8221;1\/4&#8243;]<div class=\"image_hover \" data-transition-delay=\"\"><div class=\"images_holder\"><a itemprop=\"url\" href=\"\/sectores\/siderurgico\/\" target=\"_self\"><img decoding=\"async\" itemprop=\"image\" class=\"active_image \" src=\"https:\/\/www.inerco.com\/wp-content\/uploads\/INERCO-Sector-siderurgico_.png\" alt=\"INERCO Sector siderurgico\" style=\"\" \/><img decoding=\"async\" itemprop=\"image\" class=\"hover_image\" src=\"https:\/\/www.inerco.com\/wp-content\/uploads\/INERCO-Sector-siderurgico.png\" alt=\"INERCO Sector siderurgico\" style=\"\" \/><\/a><\/div><\/div>[vc_empty_space height=&#8221;10px&#8221;][vc_column_text]<\/p>\n<p style=\"text-align: center; font-size: 1.3em; color: #666666; font-weight: 300;\">Ferro e A\u00e7o<\/p>\n<p>[\/vc_column_text][vc_empty_space height=&#8221;20px&#8221;][\/vc_column][vc_column width=&#8221;1\/4&#8243;]<div class=\"image_hover \" data-transition-delay=\"\"><div class=\"images_holder\"><a itemprop=\"url\" href=\"\/sectores\/agro-alimentario\/\" target=\"_self\"><img decoding=\"async\" itemprop=\"image\" class=\"active_image \" src=\"https:\/\/www.inerco.com\/wp-content\/uploads\/INERCO-Sector-agroalimentario_.png\" alt=\"Main Image\" style=\"\" \/><img decoding=\"async\" itemprop=\"image\" class=\"hover_image\" src=\"https:\/\/www.inerco.com\/wp-content\/uploads\/INERCO-Sector-agroalimentario.png\" alt=\"Hover Image\" style=\"\" \/><\/a><\/div><\/div>[vc_empty_space height=&#8221;10px&#8221;][vc_column_text]<\/p>\n<p style=\"text-align: center; font-size: 1.3em; color: #666666; font-weight: 300;\">Agroalimentar<\/p>\n<p>[\/vc_column_text][vc_empty_space height=&#8221;20px&#8221;][\/vc_column][\/vc_row][vc_row css_animation=&#8221;&#8221; row_type=&#8221;row&#8221; use_row_as_full_screen_section=&#8221;no&#8221; type=&#8221;full_width&#8221; angled_section=&#8221;no&#8221; text_align=&#8221;center&#8221; background_image_as_pattern=&#8221;without_pattern&#8221; z_index=&#8221;&#8221;][vc_column width=&#8221;1\/4&#8243;][vc_empty_space height=&#8221;20px&#8221;][\/vc_column][vc_column width=&#8221;1\/4&#8243;]<div class=\"image_hover \" data-transition-delay=\"\"><div class=\"images_holder\"><a itemprop=\"url\" href=\"\/sectores\/organismos-publicos\/\" target=\"_self\"><img decoding=\"async\" itemprop=\"image\" class=\"active_image \" src=\"https:\/\/www.inerco.com\/wp-content\/uploads\/INERCO-Sector-organismos-publicos_.png\" alt=\"INERCO Sector organismos p\u00fablicos\" style=\"\" \/><img decoding=\"async\" itemprop=\"image\" class=\"hover_image\" src=\"https:\/\/www.inerco.com\/wp-content\/uploads\/INERCO-Sector-organismos-publicos.png\" alt=\"INERCO Sector organismos p\u00fablicos\" style=\"\" \/><\/a><\/div><\/div>[vc_empty_space height=&#8221;10px&#8221;][vc_column_text]<\/p>\n<p style=\"text-align: center; font-size: 1.3em; color: #666666; font-weight: 300;\">\u00d3rg\u00e3os P\u00fablicos<\/p>\n<p>[\/vc_column_text][vc_empty_space height=&#8221;20px&#8221;][\/vc_column][vc_column width=&#8221;1\/4&#8243;]<div class=\"image_hover \" data-transition-delay=\"\"><div class=\"images_holder\"><a itemprop=\"url\" href=\"\/sectores\/papelero\/\" target=\"_self\"><img decoding=\"async\" itemprop=\"image\" class=\"active_image \" src=\"https:\/\/www.inerco.com\/wp-content\/uploads\/INERCO-Sector-papelero_.png\" alt=\"INERCO Sector papelero\" style=\"\" \/><img decoding=\"async\" itemprop=\"image\" class=\"hover_image\" src=\"https:\/\/www.inerco.com\/wp-content\/uploads\/INERCO-Sector-papelero.png\" alt=\"INERCO Sector papelero\" style=\"\" \/><\/a><\/div><\/div>[vc_empty_space height=&#8221;10px&#8221;][vc_column_text]<\/p>\n<p style=\"text-align: center; font-size: 1.3em; color: #666666; font-weight: 300;\">Papelaria<\/p>\n<p>[\/vc_column_text][vc_empty_space height=&#8221;20px&#8221;][\/vc_column][vc_column width=&#8221;1\/4&#8243;][vc_empty_space height=&#8221;20px&#8221;][\/vc_column][\/vc_row][vc_row css_animation=&#8221;&#8221; row_type=&#8221;row&#8221; use_row_as_full_screen_section=&#8221;no&#8221; type=&#8221;full_width&#8221; angled_section=&#8221;no&#8221; text_align=&#8221;left&#8221; background_image_as_pattern=&#8221;without_pattern&#8221;][vc_column][vc_empty_space height=&#8221;80px&#8221;][\/vc_column][\/vc_row]<\/p>\n<\/div>","protected":false},"excerpt":{"rendered":"<p>[vc_row css_animation=&#8221;&#8221; row_type=&#8221;row&#8221; use_row_as_full_screen_section=&#8221;no&#8221; type=&#8221;grid&#8221; angled_section=&#8221;no&#8221; text_align=&#8221;left&#8221; background_image_as_pattern=&#8221;without_pattern&#8221; z_index=&#8221;&#8221; css=&#8221;.vc_custom_1517251152459{padding-top: 3% !important;padding-bottom: 3% !important;}&#8221;][vc_column][vc_empty_space height=&#8221;30px&#8221;][qode_elements_holder&#8230;<\/p>\n","protected":false},"author":1,"featured_media":6565,"parent":0,"menu_order":0,"comment_status":"closed","ping_status":"closed","template":"","meta":{"footnotes":""},"class_list":["post-6414","page","type-page","status-publish","has-post-thumbnail","hentry"],"yoast_head":"<!-- This site is optimized with the Yoast SEO plugin v26.4 - https:\/\/yoast.com\/wordpress\/plugins\/seo\/ -->\n<title>Setores - INERCO<\/title>\n<meta name=\"description\" content=\"INERCO, Tecnologia, Engenharia e Consultoria Abrangente para o desenvolvimento industrial sustent\u00e1vel em setores \u00d3leo &amp; G\u00e1s, Qu\u00edmica e Petroqu\u00edmica, Minera\u00e7\u00e3o, Eletricidade e G\u00e1s, Engenharia, Infraestruturas, Aeron\u00e1utica e Autom\u00f3vel, Portos, Farmac\u00eautico, Cimento, Ferro e A\u00e7o, Agroalimentar, \u00d3rg\u00e3os P\u00fablicos, Papelaria...\" \/>\n<meta name=\"robots\" content=\"index, follow, max-snippet:-1, max-image-preview:large, max-video-preview:-1\" \/>\n<link rel=\"canonical\" href=\"https:\/\/www.inerco.com\/pt-br\/setores\/\" \/>\n<meta property=\"og:locale\" content=\"pt_BR\" \/>\n<meta property=\"og:type\" content=\"article\" \/>\n<meta property=\"og:title\" content=\"Setores - INERCO\" \/>\n<meta property=\"og:description\" content=\"INERCO, Tecnologia, Engenharia e Consultoria Abrangente para o desenvolvimento industrial sustent\u00e1vel em setores \u00d3leo &amp; G\u00e1s, Qu\u00edmica e Petroqu\u00edmica, Minera\u00e7\u00e3o, Eletricidade e G\u00e1s, Engenharia, Infraestruturas, Aeron\u00e1utica e Autom\u00f3vel, Portos, Farmac\u00eautico, Cimento, Ferro e A\u00e7o, Agroalimentar, \u00d3rg\u00e3os P\u00fablicos, Papelaria...\" \/>\n<meta property=\"og:url\" content=\"https:\/\/www.inerco.com\/pt-br\/setores\/\" \/>\n<meta property=\"og:site_name\" content=\"INERCO\" \/>\n<meta property=\"article:modified_time\" content=\"2021-03-02T12:55:16+00:00\" \/>\n<meta property=\"og:image\" content=\"https:\/\/www.inerco.com\/wp-content\/uploads\/Ingenier\u00eda-INERCO.jpg\" \/>\n\t<meta property=\"og:image:width\" content=\"1920\" \/>\n\t<meta property=\"og:image:height\" content=\"1080\" \/>\n\t<meta property=\"og:image:type\" content=\"image\/jpeg\" \/>\n<meta name=\"twitter:card\" content=\"summary_large_image\" \/>\n<meta name=\"twitter:site\" content=\"@Inerco_\" \/>\n<script type=\"application\/ld+json\" class=\"yoast-schema-graph\">{\"@context\":\"https:\/\/schema.org\",\"@graph\":[{\"@type\":\"WebPage\",\"@id\":\"https:\/\/www.inerco.com\/pt-br\/setores\/\",\"url\":\"https:\/\/www.inerco.com\/pt-br\/setores\/\",\"name\":\"Setores - INERCO\",\"isPartOf\":{\"@id\":\"https:\/\/www.inerco.com\/es\/#website\"},\"primaryImageOfPage\":{\"@id\":\"https:\/\/www.inerco.com\/pt-br\/setores\/#primaryimage\"},\"image\":{\"@id\":\"https:\/\/www.inerco.com\/pt-br\/setores\/#primaryimage\"},\"thumbnailUrl\":\"https:\/\/www.inerco.com\/wp-content\/uploads\/Ingenier\u00eda-INERCO.jpg\",\"datePublished\":\"2018-04-19T11:54:51+00:00\",\"dateModified\":\"2021-03-02T12:55:16+00:00\",\"description\":\"INERCO, Tecnologia, Engenharia e Consultoria Abrangente para o desenvolvimento industrial sustent\u00e1vel em setores \u00d3leo & G\u00e1s, Qu\u00edmica e Petroqu\u00edmica, Minera\u00e7\u00e3o, Eletricidade e G\u00e1s, Engenharia, Infraestruturas, Aeron\u00e1utica e Autom\u00f3vel, Portos, Farmac\u00eautico, Cimento, Ferro e A\u00e7o, Agroalimentar, \u00d3rg\u00e3os P\u00fablicos, Papelaria...\",\"breadcrumb\":{\"@id\":\"https:\/\/www.inerco.com\/pt-br\/setores\/#breadcrumb\"},\"inLanguage\":\"pt-BR\",\"potentialAction\":[{\"@type\":\"ReadAction\",\"target\":[\"https:\/\/www.inerco.com\/pt-br\/setores\/\"]}]},{\"@type\":\"ImageObject\",\"inLanguage\":\"pt-BR\",\"@id\":\"https:\/\/www.inerco.com\/pt-br\/setores\/#primaryimage\",\"url\":\"https:\/\/www.inerco.com\/wp-content\/uploads\/Ingenier\u00eda-INERCO.jpg\",\"contentUrl\":\"https:\/\/www.inerco.com\/wp-content\/uploads\/Ingenier\u00eda-INERCO.jpg\",\"width\":\"1920\",\"height\":\"1080\"},{\"@type\":\"BreadcrumbList\",\"@id\":\"https:\/\/www.inerco.com\/pt-br\/setores\/#breadcrumb\",\"itemListElement\":[{\"@type\":\"ListItem\",\"position\":1,\"name\":\"Home\",\"item\":\"https:\/\/www.inerco.com\/es\/\"},{\"@type\":\"ListItem\",\"position\":2,\"name\":\"Setores\"}]},{\"@type\":\"WebSite\",\"@id\":\"https:\/\/www.inerco.com\/es\/#website\",\"url\":\"https:\/\/www.inerco.com\/es\/\",\"name\":\"INERCO\",\"description\":\"Tecnolog\u00eda, ingenier\u00eda y consultor\u00eda integral para el desarrollo industrial sostenible\",\"potentialAction\":[{\"@type\":\"SearchAction\",\"target\":{\"@type\":\"EntryPoint\",\"urlTemplate\":\"https:\/\/www.inerco.com\/es\/?s={search_term_string}\"},\"query-input\":{\"@type\":\"PropertyValueSpecification\",\"valueRequired\":true,\"valueName\":\"search_term_string\"}}],\"inLanguage\":\"pt-BR\"}]}<\/script>\n<!-- \/ Yoast SEO plugin. -->","yoast_head_json":{"title":"Setores - INERCO","description":"INERCO, Tecnologia, Engenharia e Consultoria Abrangente para o desenvolvimento industrial sustent\u00e1vel em setores \u00d3leo & G\u00e1s, Qu\u00edmica e Petroqu\u00edmica, Minera\u00e7\u00e3o, Eletricidade e G\u00e1s, Engenharia, Infraestruturas, Aeron\u00e1utica e Autom\u00f3vel, Portos, Farmac\u00eautico, Cimento, Ferro e A\u00e7o, Agroalimentar, \u00d3rg\u00e3os P\u00fablicos, Papelaria...","robots":{"index":"index","follow":"follow","max-snippet":"max-snippet:-1","max-image-preview":"max-image-preview:large","max-video-preview":"max-video-preview:-1"},"canonical":"https:\/\/www.inerco.com\/pt-br\/setores\/","og_locale":"pt_BR","og_type":"article","og_title":"Setores - INERCO","og_description":"INERCO, Tecnologia, Engenharia e Consultoria Abrangente para o desenvolvimento industrial sustent\u00e1vel em setores \u00d3leo & G\u00e1s, Qu\u00edmica e Petroqu\u00edmica, Minera\u00e7\u00e3o, Eletricidade e G\u00e1s, Engenharia, Infraestruturas, Aeron\u00e1utica e Autom\u00f3vel, Portos, Farmac\u00eautico, Cimento, Ferro e A\u00e7o, Agroalimentar, \u00d3rg\u00e3os P\u00fablicos, Papelaria...","og_url":"https:\/\/www.inerco.com\/pt-br\/setores\/","og_site_name":"INERCO","article_modified_time":"2021-03-02T12:55:16+00:00","og_image":[{"width":1920,"height":1080,"url":"https:\/\/www.inerco.com\/wp-content\/uploads\/Ingenier\u00eda-INERCO.jpg","type":"image\/jpeg"}],"twitter_card":"summary_large_image","twitter_site":"@Inerco_","schema":{"@context":"https:\/\/schema.org","@graph":[{"@type":"WebPage","@id":"https:\/\/www.inerco.com\/pt-br\/setores\/","url":"https:\/\/www.inerco.com\/pt-br\/setores\/","name":"Setores - INERCO","isPartOf":{"@id":"https:\/\/www.inerco.com\/es\/#website"},"primaryImageOfPage":{"@id":"https:\/\/www.inerco.com\/pt-br\/setores\/#primaryimage"},"image":{"@id":"https:\/\/www.inerco.com\/pt-br\/setores\/#primaryimage"},"thumbnailUrl":"https:\/\/www.inerco.com\/wp-content\/uploads\/Ingenier\u00eda-INERCO.jpg","datePublished":"2018-04-19T11:54:51+00:00","dateModified":"2021-03-02T12:55:16+00:00","description":"INERCO, Tecnologia, Engenharia e Consultoria Abrangente para o desenvolvimento industrial sustent\u00e1vel em setores \u00d3leo & G\u00e1s, Qu\u00edmica e Petroqu\u00edmica, Minera\u00e7\u00e3o, Eletricidade e G\u00e1s, Engenharia, Infraestruturas, Aeron\u00e1utica e Autom\u00f3vel, Portos, Farmac\u00eautico, Cimento, Ferro e A\u00e7o, Agroalimentar, \u00d3rg\u00e3os P\u00fablicos, Papelaria...","breadcrumb":{"@id":"https:\/\/www.inerco.com\/pt-br\/setores\/#breadcrumb"},"inLanguage":"pt-BR","potentialAction":[{"@type":"ReadAction","target":["https:\/\/www.inerco.com\/pt-br\/setores\/"]}]},{"@type":"ImageObject","inLanguage":"pt-BR","@id":"https:\/\/www.inerco.com\/pt-br\/setores\/#primaryimage","url":"https:\/\/www.inerco.com\/wp-content\/uploads\/Ingenier\u00eda-INERCO.jpg","contentUrl":"https:\/\/www.inerco.com\/wp-content\/uploads\/Ingenier\u00eda-INERCO.jpg","width":"1920","height":"1080"},{"@type":"BreadcrumbList","@id":"https:\/\/www.inerco.com\/pt-br\/setores\/#breadcrumb","itemListElement":[{"@type":"ListItem","position":1,"name":"Home","item":"https:\/\/www.inerco.com\/es\/"},{"@type":"ListItem","position":2,"name":"Setores"}]},{"@type":"WebSite","@id":"https:\/\/www.inerco.com\/es\/#website","url":"https:\/\/www.inerco.com\/es\/","name":"INERCO","description":"Tecnolog\u00eda, ingenier\u00eda y consultor\u00eda integral para el desarrollo industrial sostenible","potentialAction":[{"@type":"SearchAction","target":{"@type":"EntryPoint","urlTemplate":"https:\/\/www.inerco.com\/es\/?s={search_term_string}"},"query-input":{"@type":"PropertyValueSpecification","valueRequired":true,"valueName":"search_term_string"}}],"inLanguage":"pt-BR"}]}},"_links":{"self":[{"href":"https:\/\/www.inerco.com\/pt-br\/wp-json\/wp\/v2\/pages\/6414","targetHints":{"allow":["GET"]}}],"collection":[{"href":"https:\/\/www.inerco.com\/pt-br\/wp-json\/wp\/v2\/pages"}],"about":[{"href":"https:\/\/www.inerco.com\/pt-br\/wp-json\/wp\/v2\/types\/page"}],"author":[{"embeddable":true,"href":"https:\/\/www.inerco.com\/pt-br\/wp-json\/wp\/v2\/users\/1"}],"replies":[{"embeddable":true,"href":"https:\/\/www.inerco.com\/pt-br\/wp-json\/wp\/v2\/comments?post=6414"}],"version-history":[{"count":1,"href":"https:\/\/www.inerco.com\/pt-br\/wp-json\/wp\/v2\/pages\/6414\/revisions"}],"predecessor-version":[{"id":6415,"href":"https:\/\/www.inerco.com\/pt-br\/wp-json\/wp\/v2\/pages\/6414\/revisions\/6415"}],"wp:featuredmedia":[{"embeddable":true,"href":"https:\/\/www.inerco.com\/pt-br\/wp-json\/wp\/v2\/media\/6565"}],"wp:attachment":[{"href":"https:\/\/www.inerco.com\/pt-br\/wp-json\/wp\/v2\/media?parent=6414"}],"curies":[{"name":"wp","href":"https:\/\/api.w.org\/{rel}","templated":true}]}}