{"id":6402,"date":"2018-02-19T14:41:20","date_gmt":"2018-02-19T13:41:20","guid":{"rendered":"https:\/\/www.inerco.com\/?page_id=6402"},"modified":"2021-05-25T12:19:29","modified_gmt":"2021-05-25T10:19:29","slug":"time-de-gerenciamento","status":"publish","type":"page","link":"https:\/\/www.inerco.com\/pt-br\/time-de-gerenciamento\/","title":{"rendered":"Time de Gerenciamento"},"content":{"rendered":"<div class=\"wpb-content-wrapper\"><p>[vc_row css_animation=&#8221;&#8221; row_type=&#8221;row&#8221; use_row_as_full_screen_section=&#8221;no&#8221; type=&#8221;full_width&#8221; angled_section=&#8221;no&#8221; text_align=&#8221;left&#8221; background_image_as_pattern=&#8221;without_pattern&#8221; z_index=&#8221;&#8221;][vc_column][vc_empty_space height=&#8221;60px&#8221;][vc_raw_html]JTNDZGl2JTIwc3R5bGUlM0QlMjJ3aWR0aCUzQTEwMCUyNSUzQiUyMiUzRSUwQSUzQ25hdiUyMGNsYXNzJTNEJTIyc3VibWVudV9wdCUyMiUyMHN0eWxlJTNEJTIyZGlzcGxheSUzQSUyMGJsb2NrJTNCJTIyJTNFJTBBJTNDc3BhbiUyMGNsYXNzJTNEJTIyZWxlbWVudG8lMjIlM0UlM0NhJTIwaHJlZiUzRCUyMiUyRnB0LWJyJTJGaW5lcmNvLWNvcnBvcmFjYW8lMjIlM0VJTkVSQ08lMjBDb3Jwb3JhJUMzJUE3JUMzJUEzbyUzQyUyRmElM0UlM0MlMkZzcGFuJTNFJTBBJTNDc3BhbiUyMGNsYXNzJTNEJTIyZWxlbWVudG8lMjIlM0UlM0NhJTIwaHJlZiUzRCUyMiUyRnB0LWJyJTJGbWlzc2FvLXZpc2FvLWUtY29kaWdvLWRlLWV0aWNhJTIyJTNFTWlzcyVDMyVBM28lMkMlMjBWaXMlQzMlQTNvJTIwZSUyMEMlQzMlQjNkaWdvJTIwZGUlMjAlQzMlODl0aWNhJTNDJTJGYSUzRSUzQyUyRnNwYW4lM0UlMEElM0NzcGFuJTIwY2xhc3MlM0QlMjJlbGVtZW50byUyMiUzRSUzQ2ElMjBocmVmJTNEJTIyJTJGcHQtYnIlMkZwcm9qZXRvcy1pbm92YWRvcmVzJTIwLWRlLWluZXJjbyUyRiUyMiUzRUklMkJEJTJCaSUzQyUyRmElM0UlM0MlMkZzcGFuJTNFJTBBJTNDc3BhbiUyMGNsYXNzJTNEJTIyYWN0dWFsJTIwbGFzdCUyMGVsZW1lbnRvJTIyJTNFJTNDYSUyMGhyZWYlM0QlMjIlMkZwdC1iciUyRnRpbWUtZGUtZ2VyZW5jaWFtZW50byUyMiUzRVRpbWUlMjBkZSUyMEdlcmVuY2lhbWVudG8lM0MlMkZhJTNFJTNDJTJGc3BhbiUzRSUwQSUzQyUyRm5hdiUzRSUwQSUzQyUyRmRpdiUzRQ==[\/vc_raw_html][\/vc_column][\/vc_row][vc_row css_animation=&#8221;&#8221; row_type=&#8221;row&#8221; use_row_as_full_screen_section=&#8221;no&#8221; type=&#8221;full_width&#8221; angled_section=&#8221;no&#8221; text_align=&#8221;left&#8221; background_image_as_pattern=&#8221;without_pattern&#8221;][vc_column][vc_empty_space height=&#8221;80px&#8221;][\/vc_column][\/vc_row][vc_row css_animation=&#8221;&#8221; row_type=&#8221;row&#8221; use_row_as_full_screen_section=&#8221;no&#8221; type=&#8221;full_width&#8221; angled_section=&#8221;no&#8221; text_align=&#8221;left&#8221; background_image_as_pattern=&#8221;without_pattern&#8221;][vc_column][vc_raw_html]JTNDaWZyYW1lJTIwc3JjJTNEJTIyaHR0cHMlM0ElMkYlMkZpbmVyY28uY29tJTJGSU5FUkNPLWJvYXJkLW9mLWRpcmVjdG9ycyUyRmluZGV4Lmh0bWwlMjIlMjB3aWR0aCUzRCUyMjEwMCUyNSUyMiUyMGhlaWdodCUzRCUyMjkwMCUyMiUzRSUwQSUzQyUyRmlmcmFtZSUzRQ==[\/vc_raw_html][\/vc_column][\/vc_row]<\/p>\n<\/div>","protected":false},"excerpt":{"rendered":"<p>[vc_row css_animation=&#8221;&#8221; row_type=&#8221;row&#8221; use_row_as_full_screen_section=&#8221;no&#8221; type=&#8221;full_width&#8221; angled_section=&#8221;no&#8221; text_align=&#8221;left&#8221; background_image_as_pattern=&#8221;without_pattern&#8221; z_index=&#8221;&#8221;][vc_column][vc_empty_space height=&#8221;60px&#8221;][vc_raw_html]JTNDZGl2JTIwc3R5bGUlM0QlMjJ3aWR0aCUzQTEwMCUyNSUzQiUyMiUzRSUwQSUzQ25hdiUyMGNsYXNzJTNEJTIyc3VibWVudV9wdCUyMiUyMHN0eWxlJTNEJTIyZGlzcGxheSUzQSUyMGJsb2NrJTNCJTIyJTNFJTBBJTNDc3BhbiUyMGNsYXNzJTNEJTIyZWxlbWVudG8lMjIlM0UlM0NhJTIwaHJlZiUzRCUyMiUyRnB0LWJyJTJGaW5lcmNvLWNvcnBvcmFjYW8lMjIlM0VJTkVSQ08lMjBDb3Jwb3JhJUMzJUE3JUMzJUEzbyUzQyUyRmElM0UlM0MlMkZzcGFuJTNFJTBBJTNDc3BhbiUyMGNsYXNzJTNEJTIyZWxlbWVudG8lMjIlM0UlM0NhJTIwaHJlZiUzRCUyMiUyRnB0LWJyJTJGbWlzc2FvLXZpc2FvLWUtY29kaWdvLWRlLWV0aWNhJTIyJTNFTWlzcyVDMyVBM28lMkMlMjBWaXMlQzMlQTNvJTIwZSUyMEMlQzMlQjNkaWdvJTIwZGUlMjAlQzMlODl0aWNhJTNDJTJGYSUzRSUzQyUyRnNwYW4lM0UlMEElM0NzcGFuJTIwY2xhc3MlM0QlMjJlbGVtZW50byUyMiUzRSUzQ2ElMjBocmVmJTNEJTIyJTJGcHQtYnIlMkZwcm9qZXRvcy1pbm92YWRvcmVzJTIwLWRlLWluZXJjbyUyRiUyMiUzRUklMkJEJTJCaSUzQyUyRmElM0UlM0MlMkZzcGFuJTNFJTBBJTNDc3BhbiUyMGNsYXNzJTNEJTIyYWN0dWFsJTIwbGFzdCUyMGVsZW1lbnRvJTIyJTNFJTNDYSUyMGhyZWYlM0QlMjIlMkZwdC1iciUyRnRpbWUtZGUtZ2VyZW5jaWFtZW50byUyMiUzRVRpbWUlMjBkZSUyMEdlcmVuY2lhbWVudG8lM0MlMkZhJTNFJTNDJTJGc3BhbiUzRSUwQSUzQyUyRm5hdiUzRSUwQSUzQyUyRmRpdiUzRQ==[\/vc_raw_html][\/vc_column][\/vc_row][vc_row css_animation=&#8221;&#8221; row_type=&#8221;row&#8221; use_row_as_full_screen_section=&#8221;no&#8221; type=&#8221;full_width&#8221; angled_section=&#8221;no&#8221;&#8230;<\/p>\n","protected":false},"author":1,"featured_media":6567,"parent":0,"menu_order":0,"comment_status":"closed","ping_status":"closed","template":"","meta":{"footnotes":""},"class_list":["post-6402","page","type-page","status-publish","has-post-thumbnail","hentry"],"yoast_head":"<!-- This site is optimized with the Yoast SEO plugin v27.3 - https:\/\/yoast.com\/product\/yoast-seo-wordpress\/ -->\n<title>Time de Gerenciamento - INERCO<\/title>\n<meta name=\"description\" content=\"Time de Gerenciamento do INERCO\" \/>\n<meta name=\"robots\" content=\"index, follow, max-snippet:-1, max-image-preview:large, max-video-preview:-1\" \/>\n<link rel=\"canonical\" href=\"https:\/\/www.inerco.com\/pt-br\/time-de-gerenciamento\/\" \/>\n<meta property=\"og:locale\" content=\"pt_BR\" \/>\n<meta property=\"og:type\" content=\"article\" \/>\n<meta property=\"og:title\" content=\"Time de Gerenciamento - INERCO\" \/>\n<meta property=\"og:description\" content=\"Time de Gerenciamento do INERCO\" \/>\n<meta property=\"og:url\" content=\"https:\/\/www.inerco.com\/pt-br\/time-de-gerenciamento\/\" \/>\n<meta property=\"og:site_name\" content=\"INERCO\" \/>\n<meta property=\"article:modified_time\" content=\"2021-05-25T10:19:29+00:00\" \/>\n<meta property=\"og:image\" content=\"https:\/\/www.inerco.com\/wp-content\/uploads\/INERCO-Direcci\u00f3n-Colaborativa.jpg\" \/>\n\t<meta property=\"og:image:width\" content=\"400\" \/>\n\t<meta property=\"og:image:height\" content=\"400\" \/>\n\t<meta property=\"og:image:type\" content=\"image\/jpeg\" \/>\n<meta name=\"twitter:card\" content=\"summary_large_image\" \/>\n<meta name=\"twitter:site\" content=\"@Inerco_\" \/>\n<script type=\"application\/ld+json\" class=\"yoast-schema-graph\">{\"@context\":\"https:\\\/\\\/schema.org\",\"@graph\":[{\"@type\":\"WebPage\",\"@id\":\"https:\\\/\\\/www.inerco.com\\\/pt-br\\\/time-de-gerenciamento\\\/\",\"url\":\"https:\\\/\\\/www.inerco.com\\\/pt-br\\\/time-de-gerenciamento\\\/\",\"name\":\"Time de Gerenciamento - INERCO\",\"isPartOf\":{\"@id\":\"https:\\\/\\\/www.inerco.com\\\/es\\\/#website\"},\"primaryImageOfPage\":{\"@id\":\"https:\\\/\\\/www.inerco.com\\\/pt-br\\\/time-de-gerenciamento\\\/#primaryimage\"},\"image\":{\"@id\":\"https:\\\/\\\/www.inerco.com\\\/pt-br\\\/time-de-gerenciamento\\\/#primaryimage\"},\"thumbnailUrl\":\"https:\\\/\\\/www.inerco.com\\\/wp-content\\\/uploads\\\/INERCO-Direcci\u00f3n-Colaborativa.jpg\",\"datePublished\":\"2018-02-19T13:41:20+00:00\",\"dateModified\":\"2021-05-25T10:19:29+00:00\",\"description\":\"Time de Gerenciamento do INERCO\",\"breadcrumb\":{\"@id\":\"https:\\\/\\\/www.inerco.com\\\/pt-br\\\/time-de-gerenciamento\\\/#breadcrumb\"},\"inLanguage\":\"pt-BR\",\"potentialAction\":[{\"@type\":\"ReadAction\",\"target\":[\"https:\\\/\\\/www.inerco.com\\\/pt-br\\\/time-de-gerenciamento\\\/\"]}]},{\"@type\":\"ImageObject\",\"inLanguage\":\"pt-BR\",\"@id\":\"https:\\\/\\\/www.inerco.com\\\/pt-br\\\/time-de-gerenciamento\\\/#primaryimage\",\"url\":\"https:\\\/\\\/www.inerco.com\\\/wp-content\\\/uploads\\\/INERCO-Direcci\u00f3n-Colaborativa.jpg\",\"contentUrl\":\"https:\\\/\\\/www.inerco.com\\\/wp-content\\\/uploads\\\/INERCO-Direcci\u00f3n-Colaborativa.jpg\",\"width\":400,\"height\":400},{\"@type\":\"BreadcrumbList\",\"@id\":\"https:\\\/\\\/www.inerco.com\\\/pt-br\\\/time-de-gerenciamento\\\/#breadcrumb\",\"itemListElement\":[{\"@type\":\"ListItem\",\"position\":1,\"name\":\"Home\",\"item\":\"https:\\\/\\\/www.inerco.com\\\/es\\\/\"},{\"@type\":\"ListItem\",\"position\":2,\"name\":\"Time de Gerenciamento\"}]},{\"@type\":\"WebSite\",\"@id\":\"https:\\\/\\\/www.inerco.com\\\/es\\\/#website\",\"url\":\"https:\\\/\\\/www.inerco.com\\\/es\\\/\",\"name\":\"INERCO\",\"description\":\"Tecnolog\u00eda, ingenier\u00eda y consultor\u00eda integral para el desarrollo industrial sostenible\",\"potentialAction\":[{\"@type\":\"SearchAction\",\"target\":{\"@type\":\"EntryPoint\",\"urlTemplate\":\"https:\\\/\\\/www.inerco.com\\\/es\\\/?s={search_term_string}\"},\"query-input\":{\"@type\":\"PropertyValueSpecification\",\"valueRequired\":true,\"valueName\":\"search_term_string\"}}],\"inLanguage\":\"pt-BR\"}]}<\/script>\n<!-- \/ Yoast SEO plugin. -->","yoast_head_json":{"title":"Time de Gerenciamento - INERCO","description":"Time de Gerenciamento do INERCO","robots":{"index":"index","follow":"follow","max-snippet":"max-snippet:-1","max-image-preview":"max-image-preview:large","max-video-preview":"max-video-preview:-1"},"canonical":"https:\/\/www.inerco.com\/pt-br\/time-de-gerenciamento\/","og_locale":"pt_BR","og_type":"article","og_title":"Time de Gerenciamento - INERCO","og_description":"Time de Gerenciamento do INERCO","og_url":"https:\/\/www.inerco.com\/pt-br\/time-de-gerenciamento\/","og_site_name":"INERCO","article_modified_time":"2021-05-25T10:19:29+00:00","og_image":[{"width":400,"height":400,"url":"https:\/\/www.inerco.com\/wp-content\/uploads\/INERCO-Direcci\u00f3n-Colaborativa.jpg","type":"image\/jpeg"}],"twitter_card":"summary_large_image","twitter_site":"@Inerco_","schema":{"@context":"https:\/\/schema.org","@graph":[{"@type":"WebPage","@id":"https:\/\/www.inerco.com\/pt-br\/time-de-gerenciamento\/","url":"https:\/\/www.inerco.com\/pt-br\/time-de-gerenciamento\/","name":"Time de Gerenciamento - INERCO","isPartOf":{"@id":"https:\/\/www.inerco.com\/es\/#website"},"primaryImageOfPage":{"@id":"https:\/\/www.inerco.com\/pt-br\/time-de-gerenciamento\/#primaryimage"},"image":{"@id":"https:\/\/www.inerco.com\/pt-br\/time-de-gerenciamento\/#primaryimage"},"thumbnailUrl":"https:\/\/www.inerco.com\/wp-content\/uploads\/INERCO-Direcci\u00f3n-Colaborativa.jpg","datePublished":"2018-02-19T13:41:20+00:00","dateModified":"2021-05-25T10:19:29+00:00","description":"Time de Gerenciamento do INERCO","breadcrumb":{"@id":"https:\/\/www.inerco.com\/pt-br\/time-de-gerenciamento\/#breadcrumb"},"inLanguage":"pt-BR","potentialAction":[{"@type":"ReadAction","target":["https:\/\/www.inerco.com\/pt-br\/time-de-gerenciamento\/"]}]},{"@type":"ImageObject","inLanguage":"pt-BR","@id":"https:\/\/www.inerco.com\/pt-br\/time-de-gerenciamento\/#primaryimage","url":"https:\/\/www.inerco.com\/wp-content\/uploads\/INERCO-Direcci\u00f3n-Colaborativa.jpg","contentUrl":"https:\/\/www.inerco.com\/wp-content\/uploads\/INERCO-Direcci\u00f3n-Colaborativa.jpg","width":400,"height":400},{"@type":"BreadcrumbList","@id":"https:\/\/www.inerco.com\/pt-br\/time-de-gerenciamento\/#breadcrumb","itemListElement":[{"@type":"ListItem","position":1,"name":"Home","item":"https:\/\/www.inerco.com\/es\/"},{"@type":"ListItem","position":2,"name":"Time de Gerenciamento"}]},{"@type":"WebSite","@id":"https:\/\/www.inerco.com\/es\/#website","url":"https:\/\/www.inerco.com\/es\/","name":"INERCO","description":"Tecnolog\u00eda, ingenier\u00eda y consultor\u00eda integral para el desarrollo industrial sostenible","potentialAction":[{"@type":"SearchAction","target":{"@type":"EntryPoint","urlTemplate":"https:\/\/www.inerco.com\/es\/?s={search_term_string}"},"query-input":{"@type":"PropertyValueSpecification","valueRequired":true,"valueName":"search_term_string"}}],"inLanguage":"pt-BR"}]}},"_links":{"self":[{"href":"https:\/\/www.inerco.com\/pt-br\/wp-json\/wp\/v2\/pages\/6402","targetHints":{"allow":["GET"]}}],"collection":[{"href":"https:\/\/www.inerco.com\/pt-br\/wp-json\/wp\/v2\/pages"}],"about":[{"href":"https:\/\/www.inerco.com\/pt-br\/wp-json\/wp\/v2\/types\/page"}],"author":[{"embeddable":true,"href":"https:\/\/www.inerco.com\/pt-br\/wp-json\/wp\/v2\/users\/1"}],"replies":[{"embeddable":true,"href":"https:\/\/www.inerco.com\/pt-br\/wp-json\/wp\/v2\/comments?post=6402"}],"version-history":[{"count":2,"href":"https:\/\/www.inerco.com\/pt-br\/wp-json\/wp\/v2\/pages\/6402\/revisions"}],"predecessor-version":[{"id":7729,"href":"https:\/\/www.inerco.com\/pt-br\/wp-json\/wp\/v2\/pages\/6402\/revisions\/7729"}],"wp:featuredmedia":[{"embeddable":true,"href":"https:\/\/www.inerco.com\/pt-br\/wp-json\/wp\/v2\/media\/6567"}],"wp:attachment":[{"href":"https:\/\/www.inerco.com\/pt-br\/wp-json\/wp\/v2\/media?parent=6402"}],"curies":[{"name":"wp","href":"https:\/\/api.w.org\/{rel}","templated":true}]}}