{"id":6351,"date":"2018-04-05T16:39:51","date_gmt":"2018-04-05T14:39:51","guid":{"rendered":"https:\/\/www.inerco.com\/?page_id=6351"},"modified":"2022-04-27T11:58:16","modified_gmt":"2022-04-27T09:58:16","slug":"missao-visao-e-codigo-de-etica","status":"publish","type":"page","link":"https:\/\/www.inerco.com\/pt-br\/missao-visao-e-codigo-de-etica\/","title":{"rendered":"Miss\u00e3o, Vis\u00e3o e C\u00f3digo de \u00c9tica"},"content":{"rendered":"<div class=\"wpb-content-wrapper\"><p>[vc_row css_animation=&#8221;&#8221; row_type=&#8221;row&#8221; use_row_as_full_screen_section=&#8221;no&#8221; type=&#8221;grid&#8221; angled_section=&#8221;no&#8221; text_align=&#8221;center&#8221; background_image_as_pattern=&#8221;without_pattern&#8221; z_index=&#8221;&#8221;][vc_column][vc_empty_space height=&#8221;60px&#8221;][vc_raw_html]JTNDZGl2JTIwc3R5bGUlM0QlMjJ3aWR0aCUzQTEwMCUyNSUzQiUyMiUzRSUwQSUzQ25hdiUyMGNsYXNzJTNEJTIyc3VibWVudV9wdCUyMiUyMHN0eWxlJTNEJTIyZGlzcGxheSUzQSUyMGJsb2NrJTNCJTIyJTNFJTBBJTNDc3BhbiUyMGNsYXNzJTNEJTIyZWxlbWVudG8lMjIlM0UlM0NhJTIwaHJlZiUzRCUyMiUyRnB0LWJyJTJGaW5lcmNvLWNvcnBvcmFjYW8lMjIlM0VJTkVSQ08lMjBDb3Jwb3JhJUMzJUE3JUMzJUEzbyUzQyUyRmElM0UlM0MlMkZzcGFuJTNFJTBBJTNDc3BhbiUyMGNsYXNzJTNEJTIyYWN0dWFsJTIwZWxlbWVudG8lMjIlM0UlM0NhJTIwaHJlZiUzRCUyMiUyRnB0LWJyJTJGbWlzc2FvLXZpc2FvLWUtY29kaWdvLWRlLWV0aWNhJTIyJTNFTWlzcyVDMyVBM28lMkMlMjBWaXMlQzMlQTNvJTIwZSUyMEMlQzMlQjNkaWdvJTIwZGUlMjAlQzMlODl0aWNhJTNDJTJGYSUzRSUzQyUyRnNwYW4lM0UlMEElM0NzcGFuJTIwY2xhc3MlM0QlMjJlbGVtZW50byUyMiUzRSUzQ2ElMjBocmVmJTNEJTIyJTJGcHQtYnIlMkZwcm9qZXRvcy1pbm92YWRvcmVzJTIwLWRlLWluZXJjbyUyRiUyMiUzRUklMkJEJTJCaSUzQyUyRmElM0UlM0MlMkZzcGFuJTNFJTBBJTNDc3BhbiUyMGNsYXNzJTNEJTIybGFzdCUyMGVsZW1lbnRvJTIyJTNFJTNDYSUyMGhyZWYlM0QlMjIlMkZwdC1iciUyRnRpbWUtZGUtZ2VyZW5jaWFtZW50byUyMiUzRVRpbWUlMjBkZSUyMEdlcmVuY2lhbWVudG8lM0MlMkZhJTNFJTNDJTJGc3BhbiUzRSUwQSUzQyUyRm5hdiUzRSUwQSUzQyUyRmRpdiUzRQ==[\/vc_raw_html][\/vc_column][\/vc_row][vc_row css_animation=&#8221;&#8221; row_type=&#8221;row&#8221; use_row_as_full_screen_section=&#8221;no&#8221; type=&#8221;grid&#8221; angled_section=&#8221;no&#8221; text_align=&#8221;left&#8221; background_image_as_pattern=&#8221;without_pattern&#8221; z_index=&#8221;&#8221;][vc_column][vc_empty_space height=&#8221;80px&#8221;][qode_elements_holder number_of_columns=&#8221;two_columns&#8221; columns_proportion=&#8221;66_33&#8243; switch_to_one_column=&#8221;600&#8243; alignment_one_column=&#8221;center&#8221;][qode_elements_holder_item vertical_alignment=&#8221;top&#8221; horizontal_alignment=&#8221;right&#8221; advanced_animations=&#8221;no&#8221;]<div class=\"custom_font_holder \" style=\" font-style: normal; font-weight: 200; text-decoration: none; text-align: left; --qode-cf-font-size: 40px; --qode-cf-line-height: 45px; --qode-cf-font-size-1440: 40px; --qode-cf-line-height-1440: 45px; --qode-cf-font-size-1366: 40px; --qode-cf-line-height-1366: 45px; --qode-cf-font-size-1280: 40px; --qode-cf-line-height-1280: 45px; --qode-cf-font-size-1024: 40px; --qode-cf-line-height-1024: 45px; --qode-cf-font-size-768: 40px; --qode-cf-line-height-768: 45px; --qode-cf-font-size-680: 40px; --qode-cf-line-height-680: 45px; --qode-cf-font-size-480: 40px; --qode-cf-line-height-480: 45px;\"><span style=\"text-align: center; color: #009640;\">Miss\u00e3o<\/span><\/div>[\/qode_elements_holder_item][qode_elements_holder_item vertical_alignment=&#8221;top&#8221; horizontal_alignment=&#8221;right&#8221; advanced_animations=&#8221;no&#8221;]\n\n\t<a href=\"\/en\/contact\" target=\"_self\" style=\"color: #ffffff;background-color: #009640\" class=\"qode-btn qode-btn-medium qode-btn-solid qode-btn-custom-hover-bg qode-btn-custom-hover-color qode-btn-custom-icon-bg-hover-color qode-btn-icon qode-btn-icon-rotate\" data-hover-bg-color=\"#009640\" data-hover-color=\"#ffffff\" >\n\t    <span class=\"qode-btn-text\">CONTATO<\/span><span class=\"qode-button-v2-icon-holder\" style=\"border-color: #ffffff;background-color: #009640\" data-hover-icon-border-color=\"#ffffff\" data-hover-icon-bg-color=\"#009640\"><span aria-hidden=\"true\" class=\"qode_icon_font_elegant arrow_right qode-button-v2-icon-holder-inner\" ><\/span><\/span>\t<\/a>\n\n[\/qode_elements_holder_item][\/qode_elements_holder][\/vc_column][\/vc_row][vc_row css_animation=&#8221;&#8221; row_type=&#8221;row&#8221; use_row_as_full_screen_section=&#8221;no&#8221; type=&#8221;grid&#8221; angled_section=&#8221;no&#8221; text_align=&#8221;left&#8221; background_image_as_pattern=&#8221;without_pattern&#8221; z_index=&#8221;&#8221; css=&#8221;.vc_custom_1518611434899{padding-top: 25px !important;}&#8221;][vc_column][vc_column_text]A miss\u00e3o da\u00a0<strong><span class=\"inerco\">INERCO<\/span><\/strong> \u00e9 contribuir para o desenvolvimento industrial sustent\u00e1vel, oferecendo produtos e servi\u00e7os de tecnologia avan\u00e7ada nas \u00e1reas de Engenharia, Meio Ambiente e Seguran\u00e7a.<\/p>\n<p>Os principios que nos guiam s\u00e3o:<\/p>\n<ul style=\"margin-left: 50px;\">\n<li>Ser uma empresa independente, inovadora, criativa e com proje\u00e7\u00e3o internacional.<\/li>\n<li>Consolidar e expandir a nossa estrutura garantindo a estabilidade e promo\u00e7\u00e3o das pessoas que a integram.<\/li>\n<li>Realizar o nosso trabalho mantendo um elevado grau de compromiso com os objetivos e necesidades dos nossos clientes.<\/li>\n<li>Adotar uma postura de Responsabilidade Social Corporativa em todas as \u00e1reas (econ\u00f4mica, social e ambiental).<\/li>\n<\/ul>\n<p>[\/vc_column_text][\/vc_column][\/vc_row][vc_row css_animation=&#8221;&#8221; row_type=&#8221;row&#8221; use_row_as_full_screen_section=&#8221;no&#8221; type=&#8221;grid&#8221; angled_section=&#8221;no&#8221; text_align=&#8221;left&#8221; background_image_as_pattern=&#8221;without_pattern&#8221; z_index=&#8221;&#8221; css=&#8221;.vc_custom_1518611434899{padding-top: 25px !important;}&#8221;][vc_column][vc_empty_space height=&#8221;50px&#8221;]<div class=\"custom_font_holder \" style=\" font-style: normal; font-weight: 200; text-decoration: none; text-align: left; --qode-cf-font-size: 40px; --qode-cf-line-height: 45px; --qode-cf-font-size-1440: 40px; --qode-cf-line-height-1440: 45px; --qode-cf-font-size-1366: 40px; --qode-cf-line-height-1366: 45px; --qode-cf-font-size-1280: 40px; --qode-cf-line-height-1280: 45px; --qode-cf-font-size-1024: 40px; --qode-cf-line-height-1024: 45px; --qode-cf-font-size-768: 40px; --qode-cf-line-height-768: 45px; --qode-cf-font-size-680: 40px; --qode-cf-line-height-680: 45px; --qode-cf-font-size-480: 40px; --qode-cf-line-height-480: 45px;\"><span style=\"text-align: center; color: #009640;\">Vis\u00e3o<\/span><\/div>[vc_empty_space height=&#8221;25px&#8221;][vc_column_text]Ser um <strong>empresa de refer\u00eancia<\/strong> a n\u00edvel mundial em <strong>Sustentabilidade Ambiental e Energ\u00e9tica<\/strong>, assim como em <strong>Seguran\u00e7a Industrial e Laboral<\/strong>, oferecendo solu\u00e7\u00f5es abrangentes em <strong>Consultoria, Tecnologia e Engenharia<\/strong> em especializada.[\/vc_column_text][\/vc_column][\/vc_row][vc_row css_animation=&#8221;&#8221; row_type=&#8221;row&#8221; use_row_as_full_screen_section=&#8221;no&#8221; type=&#8221;grid&#8221; angled_section=&#8221;no&#8221; text_align=&#8221;left&#8221; background_image_as_pattern=&#8221;without_pattern&#8221; z_index=&#8221;&#8221; css=&#8221;.vc_custom_1518611434899{padding-top: 25px !important;}&#8221;][vc_column][vc_empty_space height=&#8221;50px&#8221;]<div class=\"custom_font_holder \" style=\" font-style: normal; font-weight: 200; text-decoration: none; text-align: left; --qode-cf-font-size: 40px; --qode-cf-line-height: 45px; --qode-cf-font-size-1440: 40px; --qode-cf-line-height-1440: 45px; --qode-cf-font-size-1366: 40px; --qode-cf-line-height-1366: 45px; --qode-cf-font-size-1280: 40px; --qode-cf-line-height-1280: 45px; --qode-cf-font-size-1024: 40px; --qode-cf-line-height-1024: 45px; --qode-cf-font-size-768: 40px; --qode-cf-line-height-768: 45px; --qode-cf-font-size-680: 40px; --qode-cf-line-height-680: 45px; --qode-cf-font-size-480: 40px; --qode-cf-line-height-480: 45px;\"><span style=\"text-align: center; color: #009640;\">C\u00f3digo \u00c9tico<\/span><\/div>[vc_empty_space height=&#8221;25px&#8221;][vc_column_text]Os valores institucionais e \u00e9ticos que devem estar permanentemente presentes em nossas atividades e na atitude de todas as pessoas que formamos <strong>INERCO<\/strong> s\u00e3o:<\/p>\n<ul style=\"margin-left: 50px;\">\n<li>Manter um nivel elevado de qualidade nas nossas a\u00e7\u00f5es, trabalhando com rigor e solv\u00eancia, oferecendo produtos e servi\u00e7os tecnol\u00f3gicos avan\u00e7ados e inovadores.<\/li>\n<li>Assegurar que o desenvolvimento industrial respeite integralmente o meio ambiente, de forma a conseguir uma melhoria progressiva na sua aceita\u00e7\u00e3o social.<\/li>\n<li>Oferecer a cada cliente a solu\u00e7\u00e3o mais adequada aos seus interesses e aconselh\u00e1-los para que as suas a\u00e7\u00f5es ultrapassem o mero cumprimento dos requisitos legais, evitando situa\u00e7\u00f5es em que possam surgir conflitos de interesses no nosso trabalho de aconselhamento aos clientes.<\/li>\n<li>Manter a confidencialidade dos dados fornecidos pelos clientes e dos resultados dos trabalhos.<\/li>\n<li>Adotar uma atitude respons\u00e1vel de preven\u00e7\u00e3o e cumprimento das normas de seguran\u00e7a pr\u00f3prias e de terceiros, no trabalho com os nossos clientes.<\/li>\n<li>Minimizar o impacto ambiental das atividades da\u00a0<span class=\"inerco\"><strong>INERCO<\/strong>.<\/span><\/li>\n<li>Conseguir o treinamento, desenvolvimento profissional e estabilidade de todas as pessoas que fazem parte da\u00a0<strong><span class=\"inerco\">INERCO<\/span><\/strong>, e garantir sua integra\u00e7\u00e3o e satisfa\u00e7\u00e3o, mediante da comunica\u00e7\u00e3o e total transpar\u00eancia das informa\u00e7\u00f5es.<\/li>\n<li>Incentivar o comportamento social respons\u00e1vel de todos n\u00f3s que integramos a Empresa, mantendo o compromisso de n\u00e3o discrimina\u00e7\u00e3o \u00e0s pessoas da\u00a0<strong><span class=\"inerco\">INERCO<\/span><\/strong>, clientes e fornecedores.<\/li>\n<li>Exigir de nossos fornecedores um comportamento \u00e9tico e respons\u00e1vel em rela\u00e7\u00e3o \u00e0 seguran\u00e7a e ao meio ambiente, \u00e0 n\u00e3o discrimina\u00e7\u00e3o de seus colaboradores e \u00e0 sua independ\u00eancia dos poderes Pol\u00edtico e Econ\u00f4mico.<\/li>\n<li>Garantir a independ\u00eancia da\u00a0<strong><span class=\"inerco\">INERCO<\/span><\/strong> em rela\u00e7\u00e3o aos poderes Pol\u00edtico e Econ\u00f4mico.<\/li>\n<\/ul>\n<p>[\/vc_column_text][\/vc_column][\/vc_row][vc_row css_animation=&#8221;&#8221; row_type=&#8221;row&#8221; use_row_as_full_screen_section=&#8221;no&#8221; type=&#8221;grid&#8221; angled_section=&#8221;no&#8221; text_align=&#8221;left&#8221; background_image_as_pattern=&#8221;without_pattern&#8221; z_index=&#8221;&#8221;][vc_column][vc_empty_space height=&#8221;80px&#8221;]\n\n\t<a href=\"http:\/\/brasil.inerco.com\/wp-content\/uploads\/sites\/8\/2022\/04\/Objetivos-e-Metas-INERCO-Brasil.pdf\" target=\"_blank\"  class=\"qode-btn qode-btn-medium qode-btn-solid qode-btn-icon qode-btn-icon-rotate\"  >\n\t    <span class=\"qode-btn-text\">OBJETIVOS E METAS<\/span><span class=\"qode-button-v2-icon-holder\"  ><span aria-hidden=\"true\" class=\"qode_icon_font_elegant arrow_right qode-button-v2-icon-holder-inner\" ><\/span><\/span>\t<\/a>\n\n[\/vc_column][\/vc_row][vc_row css_animation=&#8221;&#8221; row_type=&#8221;row&#8221; use_row_as_full_screen_section=&#8221;no&#8221; type=&#8221;full_width&#8221; angled_section=&#8221;no&#8221; text_align=&#8221;left&#8221; background_image_as_pattern=&#8221;without_pattern&#8221;][vc_column][vc_empty_space height=&#8221;120px&#8221;][\/vc_column][\/vc_row]<\/p>\n<\/div>","protected":false},"excerpt":{"rendered":"<p>[vc_row css_animation=&#8221;&#8221; row_type=&#8221;row&#8221; use_row_as_full_screen_section=&#8221;no&#8221; type=&#8221;grid&#8221; angled_section=&#8221;no&#8221; text_align=&#8221;center&#8221; background_image_as_pattern=&#8221;without_pattern&#8221; z_index=&#8221;&#8221;][vc_column][vc_empty_space height=&#8221;60px&#8221;][vc_raw_html]JTNDZGl2JTIwc3R5bGUlM0QlMjJ3aWR0aCUzQTEwMCUyNSUzQiUyMiUzRSUwQSUzQ25hdiUyMGNsYXNzJTNEJTIyc3VibWVudV9wdCUyMiUyMHN0eWxlJTNEJTIyZGlzcGxheSUzQSUyMGJsb2NrJTNCJTIyJTNFJTBBJTNDc3BhbiUyMGNsYXNzJTNEJTIyZWxlbWVudG8lMjIlM0UlM0NhJTIwaHJlZiUzRCUyMiUyRnB0LWJyJTJGaW5lcmNvLWNvcnBvcmFjYW8lMjIlM0VJTkVSQ08lMjBDb3Jwb3JhJUMzJUE3JUMzJUEzbyUzQyUyRmElM0UlM0MlMkZzcGFuJTNFJTBBJTNDc3BhbiUyMGNsYXNzJTNEJTIyYWN0dWFsJTIwZWxlbWVudG8lMjIlM0UlM0NhJTIwaHJlZiUzRCUyMiUyRnB0LWJyJTJGbWlzc2FvLXZpc2FvLWUtY29kaWdvLWRlLWV0aWNhJTIyJTNFTWlzcyVDMyVBM28lMkMlMjBWaXMlQzMlQTNvJTIwZSUyMEMlQzMlQjNkaWdvJTIwZGUlMjAlQzMlODl0aWNhJTNDJTJGYSUzRSUzQyUyRnNwYW4lM0UlMEElM0NzcGFuJTIwY2xhc3MlM0QlMjJlbGVtZW50byUyMiUzRSUzQ2ElMjBocmVmJTNEJTIyJTJGcHQtYnIlMkZwcm9qZXRvcy1pbm92YWRvcmVzJTIwLWRlLWluZXJjbyUyRiUyMiUzRUklMkJEJTJCaSUzQyUyRmElM0UlM0MlMkZzcGFuJTNFJTBBJTNDc3BhbiUyMGNsYXNzJTNEJTIybGFzdCUyMGVsZW1lbnRvJTIyJTNFJTNDYSUyMGhyZWYlM0QlMjIlMkZwdC1iciUyRnRpbWUtZGUtZ2VyZW5jaWFtZW50byUyMiUzRVRpbWUlMjBkZSUyMEdlcmVuY2lhbWVudG8lM0MlMkZhJTNFJTNDJTJGc3BhbiUzRSUwQSUzQyUyRm5hdiUzRSUwQSUzQyUyRmRpdiUzRQ==[\/vc_raw_html][\/vc_column][\/vc_row][vc_row css_animation=&#8221;&#8221; row_type=&#8221;row&#8221; use_row_as_full_screen_section=&#8221;no&#8221; type=&#8221;grid&#8221; angled_section=&#8221;no&#8221;&#8230;<\/p>\n","protected":false},"author":1,"featured_media":6405,"parent":0,"menu_order":0,"comment_status":"closed","ping_status":"closed","template":"full_width.php","meta":{"footnotes":""},"class_list":["post-6351","page","type-page","status-publish","has-post-thumbnail","hentry"],"yoast_head":"<!-- This site is optimized with the Yoast SEO plugin v27.3 - https:\/\/yoast.com\/product\/yoast-seo-wordpress\/ -->\n<title>Miss\u00e3o, Vis\u00e3o e C\u00f3digo de \u00c9tica - INERCO<\/title>\n<meta name=\"description\" content=\"A miss\u00e3o da INERCO \u00e9 contribuir para o desenvolvimento industrial sustent\u00e1vel, oferecendo produtos e servi\u00e7os de tecnologia avan\u00e7ada nas \u00e1reas de Engenharia, Meio Ambiente e Seguran\u00e7a.\" \/>\n<meta name=\"robots\" content=\"index, follow, max-snippet:-1, max-image-preview:large, max-video-preview:-1\" \/>\n<link rel=\"canonical\" href=\"https:\/\/www.inerco.com\/pt-br\/missao-visao-e-codigo-de-etica\/\" \/>\n<meta property=\"og:locale\" content=\"pt_BR\" \/>\n<meta property=\"og:type\" content=\"article\" \/>\n<meta property=\"og:title\" content=\"Miss\u00e3o, Vis\u00e3o e C\u00f3digo de \u00c9tica - INERCO\" \/>\n<meta property=\"og:description\" content=\"A miss\u00e3o da INERCO \u00e9 contribuir para o desenvolvimento industrial sustent\u00e1vel, oferecendo produtos e servi\u00e7os de tecnologia avan\u00e7ada nas \u00e1reas de Engenharia, Meio Ambiente e Seguran\u00e7a.\" \/>\n<meta property=\"og:url\" content=\"https:\/\/www.inerco.com\/pt-br\/missao-visao-e-codigo-de-etica\/\" \/>\n<meta property=\"og:site_name\" content=\"INERCO\" \/>\n<meta property=\"article:modified_time\" content=\"2022-04-27T09:58:16+00:00\" \/>\n<meta property=\"og:image\" content=\"https:\/\/www.inerco.com\/wp-content\/uploads\/Grupo-INERCO.jpg\" \/>\n\t<meta property=\"og:image:width\" content=\"1920\" \/>\n\t<meta property=\"og:image:height\" content=\"650\" \/>\n\t<meta property=\"og:image:type\" content=\"image\/jpeg\" \/>\n<meta name=\"twitter:card\" content=\"summary_large_image\" \/>\n<meta name=\"twitter:site\" content=\"@Inerco_\" \/>\n<script type=\"application\/ld+json\" class=\"yoast-schema-graph\">{\"@context\":\"https:\\\/\\\/schema.org\",\"@graph\":[{\"@type\":\"WebPage\",\"@id\":\"https:\\\/\\\/www.inerco.com\\\/pt-br\\\/missao-visao-e-codigo-de-etica\\\/\",\"url\":\"https:\\\/\\\/www.inerco.com\\\/pt-br\\\/missao-visao-e-codigo-de-etica\\\/\",\"name\":\"Miss\u00e3o, Vis\u00e3o e C\u00f3digo de \u00c9tica - INERCO\",\"isPartOf\":{\"@id\":\"https:\\\/\\\/www.inerco.com\\\/es\\\/#website\"},\"primaryImageOfPage\":{\"@id\":\"https:\\\/\\\/www.inerco.com\\\/pt-br\\\/missao-visao-e-codigo-de-etica\\\/#primaryimage\"},\"image\":{\"@id\":\"https:\\\/\\\/www.inerco.com\\\/pt-br\\\/missao-visao-e-codigo-de-etica\\\/#primaryimage\"},\"thumbnailUrl\":\"https:\\\/\\\/www.inerco.com\\\/wp-content\\\/uploads\\\/Grupo-INERCO.jpg\",\"datePublished\":\"2018-04-05T14:39:51+00:00\",\"dateModified\":\"2022-04-27T09:58:16+00:00\",\"description\":\"A miss\u00e3o da INERCO \u00e9 contribuir para o desenvolvimento industrial sustent\u00e1vel, oferecendo produtos e servi\u00e7os de tecnologia avan\u00e7ada nas \u00e1reas de Engenharia, Meio Ambiente e Seguran\u00e7a.\",\"breadcrumb\":{\"@id\":\"https:\\\/\\\/www.inerco.com\\\/pt-br\\\/missao-visao-e-codigo-de-etica\\\/#breadcrumb\"},\"inLanguage\":\"pt-BR\",\"potentialAction\":[{\"@type\":\"ReadAction\",\"target\":[\"https:\\\/\\\/www.inerco.com\\\/pt-br\\\/missao-visao-e-codigo-de-etica\\\/\"]}]},{\"@type\":\"ImageObject\",\"inLanguage\":\"pt-BR\",\"@id\":\"https:\\\/\\\/www.inerco.com\\\/pt-br\\\/missao-visao-e-codigo-de-etica\\\/#primaryimage\",\"url\":\"https:\\\/\\\/www.inerco.com\\\/wp-content\\\/uploads\\\/Grupo-INERCO.jpg\",\"contentUrl\":\"https:\\\/\\\/www.inerco.com\\\/wp-content\\\/uploads\\\/Grupo-INERCO.jpg\",\"width\":1920,\"height\":650,\"caption\":\"INERCO Corpora\u00e7\u00e3o\"},{\"@type\":\"BreadcrumbList\",\"@id\":\"https:\\\/\\\/www.inerco.com\\\/pt-br\\\/missao-visao-e-codigo-de-etica\\\/#breadcrumb\",\"itemListElement\":[{\"@type\":\"ListItem\",\"position\":1,\"name\":\"Home\",\"item\":\"https:\\\/\\\/www.inerco.com\\\/es\\\/\"},{\"@type\":\"ListItem\",\"position\":2,\"name\":\"Miss\u00e3o, Vis\u00e3o e C\u00f3digo de \u00c9tica\"}]},{\"@type\":\"WebSite\",\"@id\":\"https:\\\/\\\/www.inerco.com\\\/es\\\/#website\",\"url\":\"https:\\\/\\\/www.inerco.com\\\/es\\\/\",\"name\":\"INERCO\",\"description\":\"Tecnolog\u00eda, ingenier\u00eda y consultor\u00eda integral para el desarrollo industrial sostenible\",\"potentialAction\":[{\"@type\":\"SearchAction\",\"target\":{\"@type\":\"EntryPoint\",\"urlTemplate\":\"https:\\\/\\\/www.inerco.com\\\/es\\\/?s={search_term_string}\"},\"query-input\":{\"@type\":\"PropertyValueSpecification\",\"valueRequired\":true,\"valueName\":\"search_term_string\"}}],\"inLanguage\":\"pt-BR\"}]}<\/script>\n<!-- \/ Yoast SEO plugin. -->","yoast_head_json":{"title":"Miss\u00e3o, Vis\u00e3o e C\u00f3digo de \u00c9tica - INERCO","description":"A miss\u00e3o da INERCO \u00e9 contribuir para o desenvolvimento industrial sustent\u00e1vel, oferecendo produtos e servi\u00e7os de tecnologia avan\u00e7ada nas \u00e1reas de Engenharia, Meio Ambiente e Seguran\u00e7a.","robots":{"index":"index","follow":"follow","max-snippet":"max-snippet:-1","max-image-preview":"max-image-preview:large","max-video-preview":"max-video-preview:-1"},"canonical":"https:\/\/www.inerco.com\/pt-br\/missao-visao-e-codigo-de-etica\/","og_locale":"pt_BR","og_type":"article","og_title":"Miss\u00e3o, Vis\u00e3o e C\u00f3digo de \u00c9tica - INERCO","og_description":"A miss\u00e3o da INERCO \u00e9 contribuir para o desenvolvimento industrial sustent\u00e1vel, oferecendo produtos e servi\u00e7os de tecnologia avan\u00e7ada nas \u00e1reas de Engenharia, Meio Ambiente e Seguran\u00e7a.","og_url":"https:\/\/www.inerco.com\/pt-br\/missao-visao-e-codigo-de-etica\/","og_site_name":"INERCO","article_modified_time":"2022-04-27T09:58:16+00:00","og_image":[{"width":1920,"height":650,"url":"https:\/\/www.inerco.com\/wp-content\/uploads\/Grupo-INERCO.jpg","type":"image\/jpeg"}],"twitter_card":"summary_large_image","twitter_site":"@Inerco_","schema":{"@context":"https:\/\/schema.org","@graph":[{"@type":"WebPage","@id":"https:\/\/www.inerco.com\/pt-br\/missao-visao-e-codigo-de-etica\/","url":"https:\/\/www.inerco.com\/pt-br\/missao-visao-e-codigo-de-etica\/","name":"Miss\u00e3o, Vis\u00e3o e C\u00f3digo de \u00c9tica - INERCO","isPartOf":{"@id":"https:\/\/www.inerco.com\/es\/#website"},"primaryImageOfPage":{"@id":"https:\/\/www.inerco.com\/pt-br\/missao-visao-e-codigo-de-etica\/#primaryimage"},"image":{"@id":"https:\/\/www.inerco.com\/pt-br\/missao-visao-e-codigo-de-etica\/#primaryimage"},"thumbnailUrl":"https:\/\/www.inerco.com\/wp-content\/uploads\/Grupo-INERCO.jpg","datePublished":"2018-04-05T14:39:51+00:00","dateModified":"2022-04-27T09:58:16+00:00","description":"A miss\u00e3o da INERCO \u00e9 contribuir para o desenvolvimento industrial sustent\u00e1vel, oferecendo produtos e servi\u00e7os de tecnologia avan\u00e7ada nas \u00e1reas de Engenharia, Meio Ambiente e Seguran\u00e7a.","breadcrumb":{"@id":"https:\/\/www.inerco.com\/pt-br\/missao-visao-e-codigo-de-etica\/#breadcrumb"},"inLanguage":"pt-BR","potentialAction":[{"@type":"ReadAction","target":["https:\/\/www.inerco.com\/pt-br\/missao-visao-e-codigo-de-etica\/"]}]},{"@type":"ImageObject","inLanguage":"pt-BR","@id":"https:\/\/www.inerco.com\/pt-br\/missao-visao-e-codigo-de-etica\/#primaryimage","url":"https:\/\/www.inerco.com\/wp-content\/uploads\/Grupo-INERCO.jpg","contentUrl":"https:\/\/www.inerco.com\/wp-content\/uploads\/Grupo-INERCO.jpg","width":1920,"height":650,"caption":"INERCO Corpora\u00e7\u00e3o"},{"@type":"BreadcrumbList","@id":"https:\/\/www.inerco.com\/pt-br\/missao-visao-e-codigo-de-etica\/#breadcrumb","itemListElement":[{"@type":"ListItem","position":1,"name":"Home","item":"https:\/\/www.inerco.com\/es\/"},{"@type":"ListItem","position":2,"name":"Miss\u00e3o, Vis\u00e3o e C\u00f3digo de \u00c9tica"}]},{"@type":"WebSite","@id":"https:\/\/www.inerco.com\/es\/#website","url":"https:\/\/www.inerco.com\/es\/","name":"INERCO","description":"Tecnolog\u00eda, ingenier\u00eda y consultor\u00eda integral para el desarrollo industrial sostenible","potentialAction":[{"@type":"SearchAction","target":{"@type":"EntryPoint","urlTemplate":"https:\/\/www.inerco.com\/es\/?s={search_term_string}"},"query-input":{"@type":"PropertyValueSpecification","valueRequired":true,"valueName":"search_term_string"}}],"inLanguage":"pt-BR"}]}},"_links":{"self":[{"href":"https:\/\/www.inerco.com\/pt-br\/wp-json\/wp\/v2\/pages\/6351","targetHints":{"allow":["GET"]}}],"collection":[{"href":"https:\/\/www.inerco.com\/pt-br\/wp-json\/wp\/v2\/pages"}],"about":[{"href":"https:\/\/www.inerco.com\/pt-br\/wp-json\/wp\/v2\/types\/page"}],"author":[{"embeddable":true,"href":"https:\/\/www.inerco.com\/pt-br\/wp-json\/wp\/v2\/users\/1"}],"replies":[{"embeddable":true,"href":"https:\/\/www.inerco.com\/pt-br\/wp-json\/wp\/v2\/comments?post=6351"}],"version-history":[{"count":13,"href":"https:\/\/www.inerco.com\/pt-br\/wp-json\/wp\/v2\/pages\/6351\/revisions"}],"predecessor-version":[{"id":10700,"href":"https:\/\/www.inerco.com\/pt-br\/wp-json\/wp\/v2\/pages\/6351\/revisions\/10700"}],"wp:featuredmedia":[{"embeddable":true,"href":"https:\/\/www.inerco.com\/pt-br\/wp-json\/wp\/v2\/media\/6405"}],"wp:attachment":[{"href":"https:\/\/www.inerco.com\/pt-br\/wp-json\/wp\/v2\/media?parent=6351"}],"curies":[{"name":"wp","href":"https:\/\/api.w.org\/{rel}","templated":true}]}}