{"id":6310,"date":"2017-11-06T19:16:51","date_gmt":"2017-11-06T18:16:51","guid":{"rendered":"https:\/\/www.inerco.com\/?page_id=6310"},"modified":"2024-10-09T17:23:28","modified_gmt":"2024-10-09T15:23:28","slug":"inerco-corporacao","status":"publish","type":"page","link":"https:\/\/www.inerco.com\/pt-br\/inerco-corporacao\/","title":{"rendered":"INERCO Corpora\u00e7\u00e3o"},"content":{"rendered":"<div class=\"wpb-content-wrapper\"><p>[vc_row css_animation=&#8221;&#8221; row_type=&#8221;row&#8221; use_row_as_full_screen_section=&#8221;no&#8221; type=&#8221;grid&#8221; angled_section=&#8221;no&#8221; text_align=&#8221;center&#8221; background_image_as_pattern=&#8221;without_pattern&#8221; z_index=&#8221;&#8221;][vc_column][vc_empty_space height=&#8221;60px&#8221;][vc_raw_html]JTNDZGl2JTIwc3R5bGUlM0QlMjJ3aWR0aCUzQTEwMCUyNSUzQiUyMiUzRSUwQSUzQ25hdiUyMGNsYXNzJTNEJTIyc3VibWVudV9wdCUyMiUyMHN0eWxlJTNEJTIyZGlzcGxheSUzQSUyMGJsb2NrJTNCJTIyJTNFJTBBJTNDc3BhbiUyMGNsYXNzJTNEJTIyYWN0dWFsJTIwZWxlbWVudG8lMjIlM0UlM0NhJTIwaHJlZiUzRCUyMiUyRnB0LWJyJTJGaW5lcmNvLWNvcnBvcmFjYW8lMjIlM0VJTkVSQ08lMjBDb3Jwb3JhJUMzJUE3JUMzJUEzbyUzQyUyRmElM0UlM0MlMkZzcGFuJTNFJTBBJTNDc3BhbiUyMGNsYXNzJTNEJTIyZWxlbWVudG8lMjIlM0UlM0NhJTIwaHJlZiUzRCUyMiUyRnB0LWJyJTJGbWlzc2FvLXZpc2FvLWUtY29kaWdvLWRlLWV0aWNhJTIyJTNFTWlzcyVDMyVBM28lMkMlMjBWaXMlQzMlQTNvJTIwZSUyMEMlQzMlQjNkaWdvJTIwZGUlMjAlQzMlODl0aWNhJTNDJTJGYSUzRSUzQyUyRnNwYW4lM0UlMEElM0NzcGFuJTIwY2xhc3MlM0QlMjJlbGVtZW50byUyMiUzRSUzQ2ElMjBocmVmJTNEJTIyJTJGcHQtYnIlMkZwcm9qZXRvcy1pbm92YWRvcmVzJTIwLWRlLWluZXJjbyUyRiUyMiUzRUklMkJEJTJCaSUzQyUyRmElM0UlM0MlMkZzcGFuJTNFJTBBJTNDc3BhbiUyMGNsYXNzJTNEJTIybGFzdCUyMGVsZW1lbnRvJTIyJTNFJTNDYSUyMGhyZWYlM0QlMjIlMkZwdC1iciUyRnRpbWUtZGUtZ2VyZW5jaWFtZW50byUyMiUzRVRpbWUlMjBkZSUyMEdlcmVuY2lhbWVudG8lM0MlMkZhJTNFJTNDJTJGc3BhbiUzRSUwQSUzQyUyRm5hdiUzRSUwQSUzQyUyRmRpdiUzRQ==[\/vc_raw_html][\/vc_column][\/vc_row][vc_row css_animation=&#8221;&#8221; row_type=&#8221;row&#8221; use_row_as_full_screen_section=&#8221;no&#8221; type=&#8221;grid&#8221; angled_section=&#8221;no&#8221; text_align=&#8221;left&#8221; background_image_as_pattern=&#8221;without_pattern&#8221;][vc_column][vc_empty_space height=&#8221;80px&#8221;][qode_elements_holder number_of_columns=&#8221;two_columns&#8221; columns_proportion=&#8221;66_33&#8243;][qode_elements_holder_item vertical_alignment=&#8221;top&#8221; horizontal_alignment=&#8221;left&#8221; advanced_animations=&#8221;no&#8221;][vc_column_text]<\/p>\n<h2 style=\"color: #009640; font-weight: 300; text-align: left;\">INERCO a servi\u00e7o do Desenvolvimento Industrial Sustent\u00e1vel<\/h2>\n<p>[\/vc_column_text][\/qode_elements_holder_item][qode_elements_holder_item vertical_alignment=&#8221;top&#8221; horizontal_alignment=&#8221;right&#8221; advanced_animations=&#8221;no&#8221;]\n\n\t<a href=\"\/en\/contact\" target=\"_self\"  class=\"qode-btn qode-btn-medium qode-btn-solid qode-btn-icon qode-btn-icon-rotate\"  >\n\t    <span class=\"qode-btn-text\">CONTATO<\/span><span class=\"qode-button-v2-icon-holder\"  ><span aria-hidden=\"true\" class=\"qode_icon_font_elegant arrow_right qode-button-v2-icon-holder-inner\" ><\/span><\/span>\t<\/a>\n\n[\/qode_elements_holder_item][\/qode_elements_holder][vc_empty_space height=&#8221;80px&#8221;][\/vc_column][\/vc_row][vc_row css_animation=&#8221;&#8221; row_type=&#8221;row&#8221; use_row_as_full_screen_section=&#8221;no&#8221; type=&#8221;full_width&#8221; angled_section=&#8221;no&#8221; text_align=&#8221;left&#8221; background_image_as_pattern=&#8221;without_pattern&#8221;][vc_column][vc_empty_space height=&#8221;50px&#8221;][qode_elements_holder number_of_columns=&#8221;three_columns&#8221; switch_to_one_column=&#8221;768&#8243;][qode_elements_holder_item vertical_alignment=&#8221;top&#8221; horizontal_alignment=&#8221;center&#8221; advanced_animations=&#8221;no&#8221; item_padding=&#8221;25px 25px 25px 25px&#8221;][vc_column_text]<\/p>\n<div style=\"height: 180px; width: 180px; padding: 10px; border-radius: 200px; background-color: #f5f5f5; position: relative;\">\n<div style=\"margin: 0; position: absolute; top: 50%; left: 50%; -ms-transform: translate(-50%, -50%); transform: translate(-50%, -50%);\">\n<h3 style=\"text-align: center;\">Mais de<br \/>\n<span style=\"font-size: 1.5em; color: #009640; font-weight: 400;\">100 mil<\/span><br \/>\nrefer\u00eancias<\/h3>\n<\/div>\n<\/div>\n<p>[\/vc_column_text][\/qode_elements_holder_item][qode_elements_holder_item vertical_alignment=&#8221;top&#8221; horizontal_alignment=&#8221;center&#8221; advanced_animations=&#8221;no&#8221; item_padding=&#8221;25px 25px 25px 25px&#8221;][vc_column_text]<\/p>\n<div style=\"height: 180px; width: 180px; padding: 10px; border-radius: 200px; background-color: #f5f5f5; position: relative;\">\n<div style=\"margin: 0; position: absolute; top: 50%; left: 40%; -ms-transform: translate(-33%, -50%); transform: translate(-33%, -50%);\">\n<h3 style=\"text-align: center;\">Projetos em<br \/>\n<span style=\"font-size: 1.5em; color: #009640; font-weight: 400;\">+70<\/span><br \/>\npa\u00edses<\/h3>\n<\/div>\n<\/div>\n<p>[\/vc_column_text][\/qode_elements_holder_item][qode_elements_holder_item vertical_alignment=&#8221;top&#8221; horizontal_alignment=&#8221;center&#8221; advanced_animations=&#8221;no&#8221; item_padding=&#8221;25px 25px 25px 25px&#8221;][vc_column_text]<\/p>\n<div style=\"height: 180px; width: 180px; padding: 10px; border-radius: 200px; background-color: #f5f5f5; position: relative;\">\n<div style=\"margin: 0; position: absolute; top: 50%; left: 50%; -ms-transform: translate(-50%, -50%); transform: translate(-50%, -50%);\">\n<h3 style=\"text-align: center;\"><span style=\"font-size: 1.5em; color: #009640; font-weight: 400;\">650<\/span><br \/>\nfuncion\u00e1rios<\/h3>\n<\/div>\n<\/div>\n<p>[\/vc_column_text][\/qode_elements_holder_item][\/qode_elements_holder][vc_empty_space height=&#8221;50px&#8221;][vc_single_image image=&#8221;15291&#8243; img_size=&#8221;full&#8221; alignment=&#8221;center&#8221; css=&#8221;&#8221; qode_css_animation=&#8221;&#8221;][vc_empty_space height=&#8221;50px&#8221;][qode_elements_holder number_of_columns=&#8221;three_columns&#8221; switch_to_one_column=&#8221;768&#8243;][qode_elements_holder_item vertical_alignment=&#8221;top&#8221; horizontal_alignment=&#8221;center&#8221; advanced_animations=&#8221;no&#8221; item_padding=&#8221;25px 25px 25px 25px&#8221;][vc_column_text]<\/p>\n<div style=\"height: 180px; width: 180px; padding: 10px; border-radius: 200px; background-color: #f5f5f5; position: relative;\">\n<div style=\"margin: 0; position: absolute; top: 50%; left: 50%; -ms-transform: translate(-50%, -50%); transform: translate(-50%, -50%);\">\n<h3 style=\"text-align: center;\"><span style=\"font-size: 1.4em; color: #009640; font-weight: 400;\">30<\/span><br \/>\nanos de<br \/>\nexperi\u00eancia<\/h3>\n<\/div>\n<\/div>\n<p>[\/vc_column_text][\/qode_elements_holder_item][qode_elements_holder_item vertical_alignment=&#8221;top&#8221; horizontal_alignment=&#8221;center&#8221; advanced_animations=&#8221;no&#8221; item_padding=&#8221;25px 25px 25px 25px&#8221;][vc_column_text]<\/p>\n<div style=\"height: 180px; width: 180px; padding: 10px; border-radius: 200px; background-color: #f5f5f5; position: relative;\">\n<div style=\"margin: 0; position: absolute; top: 50%; left: 50%; -ms-transform: translate(-50%, -50%); transform: translate(-50%, -50%);\">\n<h3 style=\"text-align: center; font-size: 1.2em;\">Compromisso<br \/>\nmarcado com<br \/>\n<span style=\"font-size: 1.4em; color: #009640; font-weight: 400;\">I+D+i<\/span><\/h3>\n<\/div>\n<\/div>\n<p>[\/vc_column_text][\/qode_elements_holder_item][qode_elements_holder_item vertical_alignment=&#8221;top&#8221; horizontal_alignment=&#8221;center&#8221; advanced_animations=&#8221;no&#8221; item_padding=&#8221;25px 25px 25px 25px&#8221;][vc_column_text]<\/p>\n<div style=\"height: 180px; width: 180px; padding: 10px; border-radius: 200px; background-color: #f5f5f5; position: relative;\">\n<div style=\"margin: 0; position: absolute; top: 50%; left: 40%; -ms-transform: translate(-35%, -50%); transform: translate(-35%, -50%);\">\n<h3 style=\"text-align: center; font-size: 1.2em; line-height: 0.8;\">Escrit\u00f3rios em<br \/>\n<span style=\"font-size: 1.3em; color: #009640; line-height: 0.8; font-weight: 400;\">10<\/span> pa\u00edses<\/h3>\n<p style=\"text-align: center; font-size: 0.6em; padding-top: -20px; line-height: 1; margin-top: 5px;\">Brasil, Chile, Col\u00f4mbia, Espanha, EUA, \u00cdndia, M\u00e9xico, Peru, Portugal, USA<\/p>\n<\/div>\n<\/div>\n<p>[\/vc_column_text][\/qode_elements_holder_item][\/qode_elements_holder][\/vc_column][\/vc_row][vc_row css_animation=&#8221;&#8221; row_type=&#8221;row&#8221; use_row_as_full_screen_section=&#8221;no&#8221; type=&#8221;full_width&#8221; angled_section=&#8221;no&#8221; text_align=&#8221;left&#8221; background_image_as_pattern=&#8221;without_pattern&#8221;][vc_column][vc_empty_space height=&#8221;100px&#8221;][\/vc_column][\/vc_row]<\/p>\n<\/div>","protected":false},"excerpt":{"rendered":"<p>[vc_row css_animation=&#8221;&#8221; row_type=&#8221;row&#8221; use_row_as_full_screen_section=&#8221;no&#8221; type=&#8221;grid&#8221; angled_section=&#8221;no&#8221; text_align=&#8221;center&#8221; background_image_as_pattern=&#8221;without_pattern&#8221; z_index=&#8221;&#8221;][vc_column][vc_empty_space height=&#8221;60px&#8221;][vc_raw_html]JTNDZGl2JTIwc3R5bGUlM0QlMjJ3aWR0aCUzQTEwMCUyNSUzQiUyMiUzRSUwQSUzQ25hdiUyMGNsYXNzJTNEJTIyc3VibWVudV9wdCUyMiUyMHN0eWxlJTNEJTIyZGlzcGxheSUzQSUyMGJsb2NrJTNCJTIyJTNFJTBBJTNDc3BhbiUyMGNsYXNzJTNEJTIyYWN0dWFsJTIwZWxlbWVudG8lMjIlM0UlM0NhJTIwaHJlZiUzRCUyMiUyRnB0LWJyJTJGaW5lcmNvLWNvcnBvcmFjYW8lMjIlM0VJTkVSQ08lMjBDb3Jwb3JhJUMzJUE3JUMzJUEzbyUzQyUyRmElM0UlM0MlMkZzcGFuJTNFJTBBJTNDc3BhbiUyMGNsYXNzJTNEJTIyZWxlbWVudG8lMjIlM0UlM0NhJTIwaHJlZiUzRCUyMiUyRnB0LWJyJTJGbWlzc2FvLXZpc2FvLWUtY29kaWdvLWRlLWV0aWNhJTIyJTNFTWlzcyVDMyVBM28lMkMlMjBWaXMlQzMlQTNvJTIwZSUyMEMlQzMlQjNkaWdvJTIwZGUlMjAlQzMlODl0aWNhJTNDJTJGYSUzRSUzQyUyRnNwYW4lM0UlMEElM0NzcGFuJTIwY2xhc3MlM0QlMjJlbGVtZW50byUyMiUzRSUzQ2ElMjBocmVmJTNEJTIyJTJGcHQtYnIlMkZwcm9qZXRvcy1pbm92YWRvcmVzJTIwLWRlLWluZXJjbyUyRiUyMiUzRUklMkJEJTJCaSUzQyUyRmElM0UlM0MlMkZzcGFuJTNFJTBBJTNDc3BhbiUyMGNsYXNzJTNEJTIybGFzdCUyMGVsZW1lbnRvJTIyJTNFJTNDYSUyMGhyZWYlM0QlMjIlMkZwdC1iciUyRnRpbWUtZGUtZ2VyZW5jaWFtZW50byUyMiUzRVRpbWUlMjBkZSUyMEdlcmVuY2lhbWVudG8lM0MlMkZhJTNFJTNDJTJGc3BhbiUzRSUwQSUzQyUyRm5hdiUzRSUwQSUzQyUyRmRpdiUzRQ==[\/vc_raw_html][\/vc_column][\/vc_row][vc_row css_animation=&#8221;&#8221; row_type=&#8221;row&#8221; use_row_as_full_screen_section=&#8221;no&#8221; type=&#8221;grid&#8221; angled_section=&#8221;no&#8221;&#8230;<\/p>\n","protected":false},"author":1,"featured_media":13038,"parent":0,"menu_order":0,"comment_status":"closed","ping_status":"closed","template":"","meta":{"footnotes":""},"class_list":["post-6310","page","type-page","status-publish","has-post-thumbnail","hentry"],"yoast_head":"<!-- This site is optimized with the Yoast SEO plugin v27.3 - https:\/\/yoast.com\/product\/yoast-seo-wordpress\/ -->\n<title>INERCO Corpora\u00e7\u00e3o - INERCO<\/title>\n<meta name=\"description\" content=\"INERCO ao Servi\u00e7o de Desenvolvimento industrial Sustent\u00e1vel.\" \/>\n<meta name=\"robots\" content=\"index, follow, max-snippet:-1, max-image-preview:large, max-video-preview:-1\" \/>\n<link rel=\"canonical\" href=\"https:\/\/www.inerco.com\/pt-br\/inerco-corporacao\/\" \/>\n<meta property=\"og:locale\" content=\"pt_BR\" \/>\n<meta property=\"og:type\" content=\"article\" \/>\n<meta property=\"og:title\" content=\"INERCO Corpora\u00e7\u00e3o - INERCO\" \/>\n<meta property=\"og:description\" content=\"INERCO ao Servi\u00e7o de Desenvolvimento industrial Sustent\u00e1vel.\" \/>\n<meta property=\"og:url\" content=\"https:\/\/www.inerco.com\/pt-br\/inerco-corporacao\/\" \/>\n<meta property=\"og:site_name\" content=\"INERCO\" \/>\n<meta property=\"article:modified_time\" content=\"2024-10-09T15:23:28+00:00\" \/>\n<meta property=\"og:image\" content=\"https:\/\/www.inerco.com\/wp-content\/uploads\/INERCO_Paises-y-oficinas.jpg\" \/>\n\t<meta property=\"og:image:width\" content=\"1400\" \/>\n\t<meta property=\"og:image:height\" content=\"700\" \/>\n\t<meta property=\"og:image:type\" content=\"image\/jpeg\" \/>\n<meta name=\"twitter:card\" content=\"summary_large_image\" \/>\n<meta name=\"twitter:site\" content=\"@Inerco_\" \/>\n<script type=\"application\/ld+json\" class=\"yoast-schema-graph\">{\"@context\":\"https:\\\/\\\/schema.org\",\"@graph\":[{\"@type\":\"WebPage\",\"@id\":\"https:\\\/\\\/www.inerco.com\\\/pt-br\\\/inerco-corporacao\\\/\",\"url\":\"https:\\\/\\\/www.inerco.com\\\/pt-br\\\/inerco-corporacao\\\/\",\"name\":\"INERCO Corpora\u00e7\u00e3o - INERCO\",\"isPartOf\":{\"@id\":\"https:\\\/\\\/www.inerco.com\\\/es\\\/#website\"},\"primaryImageOfPage\":{\"@id\":\"https:\\\/\\\/www.inerco.com\\\/pt-br\\\/inerco-corporacao\\\/#primaryimage\"},\"image\":{\"@id\":\"https:\\\/\\\/www.inerco.com\\\/pt-br\\\/inerco-corporacao\\\/#primaryimage\"},\"thumbnailUrl\":\"https:\\\/\\\/www.inerco.com\\\/wp-content\\\/uploads\\\/INERCO_Paises-y-oficinas.jpg\",\"datePublished\":\"2017-11-06T18:16:51+00:00\",\"dateModified\":\"2024-10-09T15:23:28+00:00\",\"description\":\"INERCO ao Servi\u00e7o de Desenvolvimento industrial Sustent\u00e1vel.\",\"breadcrumb\":{\"@id\":\"https:\\\/\\\/www.inerco.com\\\/pt-br\\\/inerco-corporacao\\\/#breadcrumb\"},\"inLanguage\":\"pt-BR\",\"potentialAction\":[{\"@type\":\"ReadAction\",\"target\":[\"https:\\\/\\\/www.inerco.com\\\/pt-br\\\/inerco-corporacao\\\/\"]}]},{\"@type\":\"ImageObject\",\"inLanguage\":\"pt-BR\",\"@id\":\"https:\\\/\\\/www.inerco.com\\\/pt-br\\\/inerco-corporacao\\\/#primaryimage\",\"url\":\"https:\\\/\\\/www.inerco.com\\\/wp-content\\\/uploads\\\/INERCO_Paises-y-oficinas.jpg\",\"contentUrl\":\"https:\\\/\\\/www.inerco.com\\\/wp-content\\\/uploads\\\/INERCO_Paises-y-oficinas.jpg\",\"width\":1400,\"height\":700,\"caption\":\"INERCO Pa\u00edses y oficinas\"},{\"@type\":\"BreadcrumbList\",\"@id\":\"https:\\\/\\\/www.inerco.com\\\/pt-br\\\/inerco-corporacao\\\/#breadcrumb\",\"itemListElement\":[{\"@type\":\"ListItem\",\"position\":1,\"name\":\"Home\",\"item\":\"https:\\\/\\\/www.inerco.com\\\/es\\\/\"},{\"@type\":\"ListItem\",\"position\":2,\"name\":\"INERCO Corpora\u00e7\u00e3o\"}]},{\"@type\":\"WebSite\",\"@id\":\"https:\\\/\\\/www.inerco.com\\\/es\\\/#website\",\"url\":\"https:\\\/\\\/www.inerco.com\\\/es\\\/\",\"name\":\"INERCO\",\"description\":\"Tecnolog\u00eda, ingenier\u00eda y consultor\u00eda integral para el desarrollo industrial sostenible\",\"potentialAction\":[{\"@type\":\"SearchAction\",\"target\":{\"@type\":\"EntryPoint\",\"urlTemplate\":\"https:\\\/\\\/www.inerco.com\\\/es\\\/?s={search_term_string}\"},\"query-input\":{\"@type\":\"PropertyValueSpecification\",\"valueRequired\":true,\"valueName\":\"search_term_string\"}}],\"inLanguage\":\"pt-BR\"}]}<\/script>\n<!-- \/ Yoast SEO plugin. -->","yoast_head_json":{"title":"INERCO Corpora\u00e7\u00e3o - INERCO","description":"INERCO ao Servi\u00e7o de Desenvolvimento industrial Sustent\u00e1vel.","robots":{"index":"index","follow":"follow","max-snippet":"max-snippet:-1","max-image-preview":"max-image-preview:large","max-video-preview":"max-video-preview:-1"},"canonical":"https:\/\/www.inerco.com\/pt-br\/inerco-corporacao\/","og_locale":"pt_BR","og_type":"article","og_title":"INERCO Corpora\u00e7\u00e3o - INERCO","og_description":"INERCO ao Servi\u00e7o de Desenvolvimento industrial Sustent\u00e1vel.","og_url":"https:\/\/www.inerco.com\/pt-br\/inerco-corporacao\/","og_site_name":"INERCO","article_modified_time":"2024-10-09T15:23:28+00:00","og_image":[{"width":1400,"height":700,"url":"https:\/\/www.inerco.com\/wp-content\/uploads\/INERCO_Paises-y-oficinas.jpg","type":"image\/jpeg"}],"twitter_card":"summary_large_image","twitter_site":"@Inerco_","schema":{"@context":"https:\/\/schema.org","@graph":[{"@type":"WebPage","@id":"https:\/\/www.inerco.com\/pt-br\/inerco-corporacao\/","url":"https:\/\/www.inerco.com\/pt-br\/inerco-corporacao\/","name":"INERCO Corpora\u00e7\u00e3o - INERCO","isPartOf":{"@id":"https:\/\/www.inerco.com\/es\/#website"},"primaryImageOfPage":{"@id":"https:\/\/www.inerco.com\/pt-br\/inerco-corporacao\/#primaryimage"},"image":{"@id":"https:\/\/www.inerco.com\/pt-br\/inerco-corporacao\/#primaryimage"},"thumbnailUrl":"https:\/\/www.inerco.com\/wp-content\/uploads\/INERCO_Paises-y-oficinas.jpg","datePublished":"2017-11-06T18:16:51+00:00","dateModified":"2024-10-09T15:23:28+00:00","description":"INERCO ao Servi\u00e7o de Desenvolvimento industrial Sustent\u00e1vel.","breadcrumb":{"@id":"https:\/\/www.inerco.com\/pt-br\/inerco-corporacao\/#breadcrumb"},"inLanguage":"pt-BR","potentialAction":[{"@type":"ReadAction","target":["https:\/\/www.inerco.com\/pt-br\/inerco-corporacao\/"]}]},{"@type":"ImageObject","inLanguage":"pt-BR","@id":"https:\/\/www.inerco.com\/pt-br\/inerco-corporacao\/#primaryimage","url":"https:\/\/www.inerco.com\/wp-content\/uploads\/INERCO_Paises-y-oficinas.jpg","contentUrl":"https:\/\/www.inerco.com\/wp-content\/uploads\/INERCO_Paises-y-oficinas.jpg","width":1400,"height":700,"caption":"INERCO Pa\u00edses y oficinas"},{"@type":"BreadcrumbList","@id":"https:\/\/www.inerco.com\/pt-br\/inerco-corporacao\/#breadcrumb","itemListElement":[{"@type":"ListItem","position":1,"name":"Home","item":"https:\/\/www.inerco.com\/es\/"},{"@type":"ListItem","position":2,"name":"INERCO Corpora\u00e7\u00e3o"}]},{"@type":"WebSite","@id":"https:\/\/www.inerco.com\/es\/#website","url":"https:\/\/www.inerco.com\/es\/","name":"INERCO","description":"Tecnolog\u00eda, ingenier\u00eda y consultor\u00eda integral para el desarrollo industrial sostenible","potentialAction":[{"@type":"SearchAction","target":{"@type":"EntryPoint","urlTemplate":"https:\/\/www.inerco.com\/es\/?s={search_term_string}"},"query-input":{"@type":"PropertyValueSpecification","valueRequired":true,"valueName":"search_term_string"}}],"inLanguage":"pt-BR"}]}},"_links":{"self":[{"href":"https:\/\/www.inerco.com\/pt-br\/wp-json\/wp\/v2\/pages\/6310","targetHints":{"allow":["GET"]}}],"collection":[{"href":"https:\/\/www.inerco.com\/pt-br\/wp-json\/wp\/v2\/pages"}],"about":[{"href":"https:\/\/www.inerco.com\/pt-br\/wp-json\/wp\/v2\/types\/page"}],"author":[{"embeddable":true,"href":"https:\/\/www.inerco.com\/pt-br\/wp-json\/wp\/v2\/users\/1"}],"replies":[{"embeddable":true,"href":"https:\/\/www.inerco.com\/pt-br\/wp-json\/wp\/v2\/comments?post=6310"}],"version-history":[{"count":15,"href":"https:\/\/www.inerco.com\/pt-br\/wp-json\/wp\/v2\/pages\/6310\/revisions"}],"predecessor-version":[{"id":15304,"href":"https:\/\/www.inerco.com\/pt-br\/wp-json\/wp\/v2\/pages\/6310\/revisions\/15304"}],"wp:featuredmedia":[{"embeddable":true,"href":"https:\/\/www.inerco.com\/pt-br\/wp-json\/wp\/v2\/media\/13038"}],"wp:attachment":[{"href":"https:\/\/www.inerco.com\/pt-br\/wp-json\/wp\/v2\/media?parent=6310"}],"curies":[{"name":"wp","href":"https:\/\/api.w.org\/{rel}","templated":true}]}}