{"id":960,"date":"2018-02-19T14:41:20","date_gmt":"2018-02-19T13:41:20","guid":{"rendered":"http:\/\/82.194.72.70\/?page_id=960"},"modified":"2023-09-06T19:32:19","modified_gmt":"2023-09-06T17:32:19","slug":"equipo-directivo","status":"publish","type":"page","link":"https:\/\/www.inerco.com\/es\/equipo-directivo\/","title":{"rendered":"Equipo Directivo"},"content":{"rendered":"<div class=\"wpb-content-wrapper\"><p>[vc_row css_animation=\u00bb\u00bb row_type=\u00bbrow\u00bb use_row_as_full_screen_section=\u00bbno\u00bb type=\u00bbfull_width\u00bb angled_section=\u00bbno\u00bb text_align=\u00bbleft\u00bb background_image_as_pattern=\u00bbwithout_pattern\u00bb z_index=\u00bb\u00bb][vc_column][vc_empty_space height=\u00bb60px\u00bb][vc_raw_html]JTNDZGl2JTIwc3R5bGUlM0QlMjJ3aWR0aCUzQTEwMCUyNSUzQiUyMiUzRSUwQSUzQ25hdiUyMGNsYXNzJTNEJTIyc3VibWVudSUyMiUzRSUwQSUzQ3NwYW4lMjBjbGFzcyUzRCUyMmVsZW1lbnRvJTIyJTNFJTNDYSUyMGhyZWYlM0QlMjIlMkZncnVwby1pbmVyY28lMjIlM0VJTkVSQ08lM0NiciUzRUNvcnBvcmFjaSVDMyVCM24lM0MlMkZhJTNFJTNDJTJGc3BhbiUzRSUwQSUzQ3NwYW4lMjBjbGFzcyUzRCUyMmVsZW1lbnRvJTIyJTNFJTNDYSUyMGhyZWYlM0QlMjIlMkZtaXNpb24tdmlzaW9uLXktY29kaWdvLWV0aWNvJTIyJTNFTWlzaSVDMyVCM24lMkMlMjBWaXNpJUMzJUIzbiUyMHklM0NiciUzRUMlQzMlQjNkaWdvJTIwJUMzJTg5dGljbyUzQyUyRmElM0UlM0MlMkZzcGFuJTNFJTBBJTNDc3BhbiUyMGNsYXNzJTNEJTIyZWxlbWVudG8lMjIlM0UlM0NhJTIwaHJlZiUzRCUyMiUyRnBsYW4tZGUtaWd1YWxkYWQtZGUtb3BvcnR1bmlkYWRlcyUyRiUyMiUzRVBsYW4lMjBkZSUyMElndWFsZGFkJTNDYnIlM0VkZSUyME9wb3J0dW5pZGFkZXMlM0MlMkZhJTNFJTNDJTJGc3BhbiUzRSUwQSUzQ3NwYW4lMjBjbGFzcyUzRCUyMmVsZW1lbnRvJTIyJTNFJTNDYSUyMGhyZWYlM0QlMjIlMkZpbm5vdmFjaW9uJTJGcHJveWVjdG9zLWlubm92YWRvcmVzLWRlLWluZXJjbyUyRiUyMiUzRUklMkJEJTJCaSUzQ2JyJTNFJTIwJTNDYnIlM0UlMjAlM0MlMkZhJTNFJTNDJTJGc3BhbiUzRSUwQSUzQ3NwYW4lMjBjbGFzcyUzRCUyMmFjdHVhbCUyMGxhc3QlMjBlbGVtZW50byUyMiUzRSUzQ2ElMjBocmVmJTNEJTIyJTJGZXF1aXBvLWRpcmVjdGl2byUyMiUzRUVxdWlwbyUzQ2JyJTNFRGlyZWN0aXZvJTNDJTJGYSUzRSUzQyUyRnNwYW4lM0UlMEElM0MlMkZuYXYlM0UlMEElM0MlMkZkaXYlM0U=[\/vc_raw_html][\/vc_column][\/vc_row][vc_row css_animation=\u00bb\u00bb row_type=\u00bbrow\u00bb use_row_as_full_screen_section=\u00bbno\u00bb type=\u00bbfull_width\u00bb angled_section=\u00bbno\u00bb text_align=\u00bbleft\u00bb background_image_as_pattern=\u00bbwithout_pattern\u00bb][vc_column][vc_empty_space height=\u00bb80px\u00bb][\/vc_column][\/vc_row][vc_row css_animation=\u00bb\u00bb row_type=\u00bbrow\u00bb use_row_as_full_screen_section=\u00bbno\u00bb type=\u00bbfull_width\u00bb angled_section=\u00bbno\u00bb text_align=\u00bbleft\u00bb background_image_as_pattern=\u00bbwithout_pattern\u00bb][vc_column][vc_raw_html]JTNDaWZyYW1lJTIwc3JjJTNEJTIyaHR0cHMlM0ElMkYlMkZpbmVyY28uY29tJTJGb3JnYW5pZ3JhbWElMkZpbmRleC5odG1sJTIyJTIwd2lkdGglM0QlMjIxMDAlMjUlMjIlMjBoZWlnaHQlM0QlMjIxMTAwJTIyJTNFJTBBJTNDJTJGaWZyYW1lJTNF[\/vc_raw_html][\/vc_column][\/vc_row]<\/p>\n<\/div>","protected":false},"excerpt":{"rendered":"<p>[vc_row css_animation=\u00bb\u00bb row_type=\u00bbrow\u00bb use_row_as_full_screen_section=\u00bbno\u00bb type=\u00bbfull_width\u00bb angled_section=\u00bbno\u00bb text_align=\u00bbleft\u00bb background_image_as_pattern=\u00bbwithout_pattern\u00bb z_index=\u00bb\u00bb][vc_column][vc_empty_space height=\u00bb60px\u00bb][vc_raw_html]JTNDZGl2JTIwc3R5bGUlM0QlMjJ3aWR0aCUzQTEwMCUyNSUzQiUyMiUzRSUwQSUzQ25hdiUyMGNsYXNzJTNEJTIyc3VibWVudSUyMiUzRSUwQSUzQ3NwYW4lMjBjbGFzcyUzRCUyMmVsZW1lbnRvJTIyJTNFJTNDYSUyMGhyZWYlM0QlMjIlMkZncnVwby1pbmVyY28lMjIlM0VJTkVSQ08lM0NiciUzRUNvcnBvcmFjaSVDMyVCM24lM0MlMkZhJTNFJTNDJTJGc3BhbiUzRSUwQSUzQ3NwYW4lMjBjbGFzcyUzRCUyMmVsZW1lbnRvJTIyJTNFJTNDYSUyMGhyZWYlM0QlMjIlMkZtaXNpb24tdmlzaW9uLXktY29kaWdvLWV0aWNvJTIyJTNFTWlzaSVDMyVCM24lMkMlMjBWaXNpJUMzJUIzbiUyMHklM0NiciUzRUMlQzMlQjNkaWdvJTIwJUMzJTg5dGljbyUzQyUyRmElM0UlM0MlMkZzcGFuJTNFJTBBJTNDc3BhbiUyMGNsYXNzJTNEJTIyZWxlbWVudG8lMjIlM0UlM0NhJTIwaHJlZiUzRCUyMiUyRnBsYW4tZGUtaWd1YWxkYWQtZGUtb3BvcnR1bmlkYWRlcyUyRiUyMiUzRVBsYW4lMjBkZSUyMElndWFsZGFkJTNDYnIlM0VkZSUyME9wb3J0dW5pZGFkZXMlM0MlMkZhJTNFJTNDJTJGc3BhbiUzRSUwQSUzQ3NwYW4lMjBjbGFzcyUzRCUyMmVsZW1lbnRvJTIyJTNFJTNDYSUyMGhyZWYlM0QlMjIlMkZpbm5vdmFjaW9uJTJGcHJveWVjdG9zLWlubm92YWRvcmVzLWRlLWluZXJjbyUyRiUyMiUzRUklMkJEJTJCaSUzQ2JyJTNFJTIwJTNDYnIlM0UlMjAlM0MlMkZhJTNFJTNDJTJGc3BhbiUzRSUwQSUzQ3NwYW4lMjBjbGFzcyUzRCUyMmFjdHVhbCUyMGxhc3QlMjBlbGVtZW50byUyMiUzRSUzQ2ElMjBocmVmJTNEJTIyJTJGZXF1aXBvLWRpcmVjdGl2byUyMiUzRUVxdWlwbyUzQ2JyJTNFRGlyZWN0aXZvJTNDJTJGYSUzRSUzQyUyRnNwYW4lM0UlMEElM0MlMkZuYXYlM0UlMEElM0MlMkZkaXYlM0U=[\/vc_raw_html][\/vc_column][\/vc_row][vc_row css_animation=\u00bb\u00bb row_type=\u00bbrow\u00bb use_row_as_full_screen_section=\u00bbno\u00bb type=\u00bbfull_width\u00bb angled_section=\u00bbno\u00bb&#8230;<\/p>\n","protected":false},"author":1,"featured_media":2478,"parent":0,"menu_order":0,"comment_status":"closed","ping_status":"closed","template":"","meta":{"footnotes":""},"class_list":["post-960","page","type-page","status-publish","has-post-thumbnail","hentry"],"yoast_head":"<!-- This site is optimized with the Yoast SEO plugin v27.3 - https:\/\/yoast.com\/product\/yoast-seo-wordpress\/ -->\n<title>Equipo Directivo - INERCO<\/title>\n<meta name=\"description\" content=\"Equipo directivo de INERCO.\" \/>\n<meta name=\"robots\" content=\"index, follow, max-snippet:-1, max-image-preview:large, max-video-preview:-1\" \/>\n<link rel=\"canonical\" href=\"https:\/\/www.inerco.com\/es\/equipo-directivo\/\" \/>\n<meta property=\"og:locale\" content=\"es_ES\" \/>\n<meta property=\"og:type\" content=\"article\" \/>\n<meta property=\"og:title\" content=\"Equipo Directivo - INERCO\" \/>\n<meta property=\"og:description\" content=\"Equipo directivo de INERCO.\" \/>\n<meta property=\"og:url\" content=\"https:\/\/www.inerco.com\/es\/equipo-directivo\/\" \/>\n<meta property=\"og:site_name\" content=\"INERCO\" \/>\n<meta property=\"article:modified_time\" content=\"2023-09-06T17:32:19+00:00\" \/>\n<meta property=\"og:image\" content=\"https:\/\/www.inerco.com\/wp-content\/uploads\/INERCO-Direcci\u00f3n-Colaborativa.jpg\" \/>\n\t<meta property=\"og:image:width\" content=\"400\" \/>\n\t<meta property=\"og:image:height\" content=\"400\" \/>\n\t<meta property=\"og:image:type\" content=\"image\/jpeg\" \/>\n<meta name=\"twitter:card\" content=\"summary_large_image\" \/>\n<meta name=\"twitter:site\" content=\"@Inerco_\" \/>\n<script type=\"application\/ld+json\" class=\"yoast-schema-graph\">{\"@context\":\"https:\\\/\\\/schema.org\",\"@graph\":[{\"@type\":\"WebPage\",\"@id\":\"https:\\\/\\\/www.inerco.com\\\/es\\\/equipo-directivo\\\/\",\"url\":\"https:\\\/\\\/www.inerco.com\\\/es\\\/equipo-directivo\\\/\",\"name\":\"Equipo Directivo - INERCO\",\"isPartOf\":{\"@id\":\"https:\\\/\\\/www.inerco.com\\\/es\\\/#website\"},\"primaryImageOfPage\":{\"@id\":\"https:\\\/\\\/www.inerco.com\\\/es\\\/equipo-directivo\\\/#primaryimage\"},\"image\":{\"@id\":\"https:\\\/\\\/www.inerco.com\\\/es\\\/equipo-directivo\\\/#primaryimage\"},\"thumbnailUrl\":\"https:\\\/\\\/www.inerco.com\\\/wp-content\\\/uploads\\\/INERCO-Direcci\u00f3n-Colaborativa.jpg\",\"datePublished\":\"2018-02-19T13:41:20+00:00\",\"dateModified\":\"2023-09-06T17:32:19+00:00\",\"description\":\"Equipo directivo de INERCO.\",\"breadcrumb\":{\"@id\":\"https:\\\/\\\/www.inerco.com\\\/es\\\/equipo-directivo\\\/#breadcrumb\"},\"inLanguage\":\"es\",\"potentialAction\":[{\"@type\":\"ReadAction\",\"target\":[\"https:\\\/\\\/www.inerco.com\\\/es\\\/equipo-directivo\\\/\"]}]},{\"@type\":\"ImageObject\",\"inLanguage\":\"es\",\"@id\":\"https:\\\/\\\/www.inerco.com\\\/es\\\/equipo-directivo\\\/#primaryimage\",\"url\":\"https:\\\/\\\/www.inerco.com\\\/wp-content\\\/uploads\\\/INERCO-Direcci\u00f3n-Colaborativa.jpg\",\"contentUrl\":\"https:\\\/\\\/www.inerco.com\\\/wp-content\\\/uploads\\\/INERCO-Direcci\u00f3n-Colaborativa.jpg\",\"width\":400,\"height\":400,\"caption\":\"INERCO Direcci\u00f3n Colaborativa\"},{\"@type\":\"BreadcrumbList\",\"@id\":\"https:\\\/\\\/www.inerco.com\\\/es\\\/equipo-directivo\\\/#breadcrumb\",\"itemListElement\":[{\"@type\":\"ListItem\",\"position\":1,\"name\":\"Home\",\"item\":\"https:\\\/\\\/www.inerco.com\\\/es\\\/\"},{\"@type\":\"ListItem\",\"position\":2,\"name\":\"Equipo Directivo\"}]},{\"@type\":\"WebSite\",\"@id\":\"https:\\\/\\\/www.inerco.com\\\/es\\\/#website\",\"url\":\"https:\\\/\\\/www.inerco.com\\\/es\\\/\",\"name\":\"INERCO\",\"description\":\"Tecnolog\u00eda, ingenier\u00eda y consultor\u00eda integral para el desarrollo industrial sostenible\",\"potentialAction\":[{\"@type\":\"SearchAction\",\"target\":{\"@type\":\"EntryPoint\",\"urlTemplate\":\"https:\\\/\\\/www.inerco.com\\\/es\\\/?s={search_term_string}\"},\"query-input\":{\"@type\":\"PropertyValueSpecification\",\"valueRequired\":true,\"valueName\":\"search_term_string\"}}],\"inLanguage\":\"es\"}]}<\/script>\n<!-- \/ Yoast SEO plugin. -->","yoast_head_json":{"title":"Equipo Directivo - INERCO","description":"Equipo directivo de INERCO.","robots":{"index":"index","follow":"follow","max-snippet":"max-snippet:-1","max-image-preview":"max-image-preview:large","max-video-preview":"max-video-preview:-1"},"canonical":"https:\/\/www.inerco.com\/es\/equipo-directivo\/","og_locale":"es_ES","og_type":"article","og_title":"Equipo Directivo - INERCO","og_description":"Equipo directivo de INERCO.","og_url":"https:\/\/www.inerco.com\/es\/equipo-directivo\/","og_site_name":"INERCO","article_modified_time":"2023-09-06T17:32:19+00:00","og_image":[{"width":400,"height":400,"url":"https:\/\/www.inerco.com\/wp-content\/uploads\/INERCO-Direcci\u00f3n-Colaborativa.jpg","type":"image\/jpeg"}],"twitter_card":"summary_large_image","twitter_site":"@Inerco_","schema":{"@context":"https:\/\/schema.org","@graph":[{"@type":"WebPage","@id":"https:\/\/www.inerco.com\/es\/equipo-directivo\/","url":"https:\/\/www.inerco.com\/es\/equipo-directivo\/","name":"Equipo Directivo - INERCO","isPartOf":{"@id":"https:\/\/www.inerco.com\/es\/#website"},"primaryImageOfPage":{"@id":"https:\/\/www.inerco.com\/es\/equipo-directivo\/#primaryimage"},"image":{"@id":"https:\/\/www.inerco.com\/es\/equipo-directivo\/#primaryimage"},"thumbnailUrl":"https:\/\/www.inerco.com\/wp-content\/uploads\/INERCO-Direcci\u00f3n-Colaborativa.jpg","datePublished":"2018-02-19T13:41:20+00:00","dateModified":"2023-09-06T17:32:19+00:00","description":"Equipo directivo de INERCO.","breadcrumb":{"@id":"https:\/\/www.inerco.com\/es\/equipo-directivo\/#breadcrumb"},"inLanguage":"es","potentialAction":[{"@type":"ReadAction","target":["https:\/\/www.inerco.com\/es\/equipo-directivo\/"]}]},{"@type":"ImageObject","inLanguage":"es","@id":"https:\/\/www.inerco.com\/es\/equipo-directivo\/#primaryimage","url":"https:\/\/www.inerco.com\/wp-content\/uploads\/INERCO-Direcci\u00f3n-Colaborativa.jpg","contentUrl":"https:\/\/www.inerco.com\/wp-content\/uploads\/INERCO-Direcci\u00f3n-Colaborativa.jpg","width":400,"height":400,"caption":"INERCO Direcci\u00f3n Colaborativa"},{"@type":"BreadcrumbList","@id":"https:\/\/www.inerco.com\/es\/equipo-directivo\/#breadcrumb","itemListElement":[{"@type":"ListItem","position":1,"name":"Home","item":"https:\/\/www.inerco.com\/es\/"},{"@type":"ListItem","position":2,"name":"Equipo Directivo"}]},{"@type":"WebSite","@id":"https:\/\/www.inerco.com\/es\/#website","url":"https:\/\/www.inerco.com\/es\/","name":"INERCO","description":"Tecnolog\u00eda, ingenier\u00eda y consultor\u00eda integral para el desarrollo industrial sostenible","potentialAction":[{"@type":"SearchAction","target":{"@type":"EntryPoint","urlTemplate":"https:\/\/www.inerco.com\/es\/?s={search_term_string}"},"query-input":{"@type":"PropertyValueSpecification","valueRequired":true,"valueName":"search_term_string"}}],"inLanguage":"es"}]}},"_links":{"self":[{"href":"https:\/\/www.inerco.com\/es\/wp-json\/wp\/v2\/pages\/960","targetHints":{"allow":["GET"]}}],"collection":[{"href":"https:\/\/www.inerco.com\/es\/wp-json\/wp\/v2\/pages"}],"about":[{"href":"https:\/\/www.inerco.com\/es\/wp-json\/wp\/v2\/types\/page"}],"author":[{"embeddable":true,"href":"https:\/\/www.inerco.com\/es\/wp-json\/wp\/v2\/users\/1"}],"replies":[{"embeddable":true,"href":"https:\/\/www.inerco.com\/es\/wp-json\/wp\/v2\/comments?post=960"}],"version-history":[{"count":18,"href":"https:\/\/www.inerco.com\/es\/wp-json\/wp\/v2\/pages\/960\/revisions"}],"predecessor-version":[{"id":13808,"href":"https:\/\/www.inerco.com\/es\/wp-json\/wp\/v2\/pages\/960\/revisions\/13808"}],"wp:featuredmedia":[{"embeddable":true,"href":"https:\/\/www.inerco.com\/es\/wp-json\/wp\/v2\/media\/2478"}],"wp:attachment":[{"href":"https:\/\/www.inerco.com\/es\/wp-json\/wp\/v2\/media?parent=960"}],"curies":[{"name":"wp","href":"https:\/\/api.w.org\/{rel}","templated":true}]}}