{"id":932,"date":"2018-02-14T13:27:39","date_gmt":"2018-02-14T12:27:39","guid":{"rendered":"http:\/\/82.194.72.70\/?page_id=932"},"modified":"2024-06-13T10:20:50","modified_gmt":"2024-06-13T08:20:50","slug":"tecnologia-energetica","status":"publish","type":"page","link":"https:\/\/www.inerco.com\/es\/tecnologia-energetica\/","title":{"rendered":"Tecnolog\u00eda Energ\u00e9tica"},"content":{"rendered":"<div class=\"wpb-content-wrapper\"><p>[vc_row css_animation=\u00bb\u00bb row_type=\u00bbrow\u00bb use_row_as_full_screen_section=\u00bbno\u00bb type=\u00bbfull_width\u00bb angled_section=\u00bbno\u00bb text_align=\u00bbleft\u00bb background_image_as_pattern=\u00bbwithout_pattern\u00bb][vc_column][vc_column_text]<br \/>\n[\/vc_column_text][\/vc_column][\/vc_row][vc_row css_animation=\u00bb\u00bb row_type=\u00bbrow\u00bb use_row_as_full_screen_section=\u00bbno\u00bb type=\u00bbfull_width\u00bb angled_section=\u00bbno\u00bb text_align=\u00bbleft\u00bb background_image_as_pattern=\u00bbwithout_pattern\u00bb][vc_column][vc_empty_space height=\u00bb50px\u00bb][\/vc_column][\/vc_row][vc_row css_animation=\u00bb\u00bb row_type=\u00bbrow\u00bb use_row_as_full_screen_section=\u00bbno\u00bb type=\u00bbgrid\u00bb angled_section=\u00bbno\u00bb text_align=\u00bbleft\u00bb background_image_as_pattern=\u00bbwithout_pattern\u00bb z_index=\u00bb\u00bb css=\u00bb.vc_custom_1518611434899{padding-top: 25px !important;}\u00bb][vc_column]<div class=\"custom_font_holder \" style=\" font-style: normal; font-weight: 200; text-decoration: none; text-align: center; --qode-cf-font-size: 40px; --qode-cf-line-height: 45px; --qode-cf-font-size-1440: 40px; --qode-cf-line-height-1440: 45px; --qode-cf-font-size-1366: 40px; --qode-cf-line-height-1366: 45px; --qode-cf-font-size-1280: 40px; --qode-cf-line-height-1280: 45px; --qode-cf-font-size-1024: 40px; --qode-cf-line-height-1024: 45px; --qode-cf-font-size-768: 40px; --qode-cf-line-height-768: 45px; --qode-cf-font-size-680: 40px; --qode-cf-line-height-680: 45px; --qode-cf-font-size-480: 40px; --qode-cf-line-height-480: 45px;\"><span style=\"text-align: center;\">Soluciones t\u00e9cnicas avanzadas de desarrollo propio en el campo de la energ\u00eda.<\/span><\/div>[vc_empty_space height=\u00bb50px\u00bb][\/vc_column][\/vc_row][vc_row css_animation=\u00bb\u00bb row_type=\u00bbrow\u00bb use_row_as_full_screen_section=\u00bbno\u00bb type=\u00bbfull_width\u00bb angled_section=\u00bbno\u00bb text_align=\u00bbleft\u00bb background_image_as_pattern=\u00bbwithout_pattern\u00bb][vc_column][vc_empty_space height=\u00bb50px\u00bb][\/vc_column][\/vc_row][vc_row css_animation=\u00bb\u00bb row_type=\u00bbrow\u00bb use_row_as_full_screen_section=\u00bbno\u00bb type=\u00bbfull_width\u00bb angled_section=\u00bbno\u00bb text_align=\u00bbleft\u00bb background_image_as_pattern=\u00bbwithout_pattern\u00bb z_index=\u00bb\u00bb][vc_column width=\u00bb5\/6&#8243; offset=\u00bbvc_col-lg-offset-2 vc_col-lg-6 vc_col-md-offset-2 vc_col-md-6 vc_col-sm-offset-1 vc_col-xs-offset-1 vc_col-xs-10&#8243;]<blockquote class=' with_quote_icon' style='width: 95%;border-left-color: rgba(255,255,255,0.01);background-color: #ffffff;'><i class='fa fa-quote-right' style='color: #009640;'><\/i><h5 class='blockquote-text' style='color: #90908f; line-height: 30px;'>Tecnolog\u00edas avanzadas para la optimizaci\u00f3n energ\u00e9tica<\/h5><\/blockquote>[vc_empty_space height=\u00bb50px\u00bb][vc_row_inner row_type=\u00bbrow\u00bb type=\u00bbfull_width\u00bb text_align=\u00bbleft\u00bb css_animation=\u00bb\u00bb][vc_column_inner offset=\u00bbvc_col-lg-12 vc_col-md-12 vc_col-xs-12&#8243;][qode_elements_holder number_of_columns=\u00bbthree_columns\u00bb switch_to_one_column=\u00bb768&#8243; alignment_one_column=\u00bbcenter\u00bb][qode_elements_holder_item vertical_alignment=\u00bbtop\u00bb horizontal_alignment=\u00bbcenter\u00bb advanced_animations=\u00bbno\u00bb item_padding=\u00bb15px 15ox 15px 15px\u00bb][vc_single_image image=\u00bb1554&#8243; img_size=\u00bb220&#215;220&#8243; alignment=\u00bbcenter\u00bb style=\u00bbvc_box_circle_2&#8243; onclick=\u00bbcustom_link\u00bb qode_css_animation=\u00bb\u00bb qode_hover_animation=\u00bbzoom_in\u00bb link=\u00bb\/tecnologia-energetica\/servicios-energeticos\/\u00bb css=\u00bb.vc_custom_1644432382919{padding-top: 10% !important;padding-right: 10% !important;padding-left: 10% !important;}\u00bb][vc_empty_space][vc_column_text]<\/p>\n<h3 style=\"text-align: center;\"><span style=\"color: #009640;\"><a style=\"color: #009640;\" href=\"\/tecnologia-energetica\/servicios-energeticos\/\">Servicios Energ\u00e9ticos<\/a><\/span><\/h3>\n<p>[\/vc_column_text][\/qode_elements_holder_item][qode_elements_holder_item vertical_alignment=\u00bbtop\u00bb horizontal_alignment=\u00bbcenter\u00bb advanced_animations=\u00bbno\u00bb item_padding=\u00bb15px 15ox 15px 15px\u00bb][vc_single_image image=\u00bb760&#8243; img_size=\u00bb220&#215;220&#8243; alignment=\u00bbcenter\u00bb style=\u00bbvc_box_circle_2&#8243; onclick=\u00bbcustom_link\u00bb qode_css_animation=\u00bb\u00bb qode_hover_animation=\u00bbzoom_in\u00bb link=\u00bb\/tecnologia-energetica\/sistemas-de-combustion\/\u00bb css=\u00bb.vc_custom_1644432386315{padding-top: 10% !important;padding-right: 10% !important;padding-left: 10% !important;}\u00bb][vc_empty_space][vc_column_text]<\/p>\n<h3 style=\"text-align: center;\"><span style=\"color: #009640;\"><a style=\"color: #009640;\" href=\"\/tecnologia-energetica\/sistemas-de-combustion\/\">Sistemas de Combusti\u00f3n<\/a><\/span><\/h3>\n<p>[\/vc_column_text][\/qode_elements_holder_item][qode_elements_holder_item vertical_alignment=\u00bbtop\u00bb horizontal_alignment=\u00bbcenter\u00bb advanced_animations=\u00bbno\u00bb item_padding=\u00bb15px 15ox 15px 15px\u00bb][vc_single_image image=\u00bb1553&#8243; img_size=\u00bb220&#215;220&#8243; alignment=\u00bbcenter\u00bb style=\u00bbvc_box_circle_2&#8243; onclick=\u00bbcustom_link\u00bb qode_css_animation=\u00bb\u00bb qode_hover_animation=\u00bbzoom_in\u00bb link=\u00bb\/tecnologia-energetica\/almacenamiento-de-energia\/\u00bb css=\u00bb.vc_custom_1644432391124{padding-top: 10% !important;padding-right: 10% !important;padding-left: 10% !important;}\u00bb][vc_empty_space][vc_column_text]<\/p>\n<h3 style=\"text-align: center;\"><span style=\"color: #009640;\"><a style=\"color: #009640;\" href=\"https:\/\/www.inerco.com\/tecnologia-energetica\/almacenamiento-de-energia\/\">Almacenamiento de Energ\u00eda<\/a><\/span><\/h3>\n<p>[\/vc_column_text][\/qode_elements_holder_item][\/qode_elements_holder][qode_elements_holder number_of_columns=\u00bbfour_columns\u00bb switch_to_one_column=\u00bb768&#8243; alignment_one_column=\u00bbcenter\u00bb][qode_elements_holder_item vertical_alignment=\u00bbtop\u00bb horizontal_alignment=\u00bbcenter\u00bb advanced_animations=\u00bbno\u00bb item_padding=\u00bb15px 15ox 15px 15px\u00bb][vc_single_image image=\u00bb1613&#8243; img_size=\u00bb220&#215;220&#8243; alignment=\u00bbcenter\u00bb style=\u00bbvc_box_circle_2&#8243; onclick=\u00bbcustom_link\u00bb qode_css_animation=\u00bb\u00bb qode_hover_animation=\u00bbzoom_in\u00bb link=\u00bb\/tecnologia-energetica\/optimizacion-de-unidades-de-recuperacion-de-azufre-y-aminas\/\u00bb css=\u00bb.vc_custom_1644432407806{padding-top: 10% !important;padding-right: 10% !important;padding-left: 10% !important;}\u00bb][vc_empty_space][vc_column_text]<\/p>\n<h3 style=\"text-align: center;\"><span style=\"color: #009640;\"><a style=\"color: #009640;\" href=\"\/tecnologia-energetica\/optimizacion-de-unidades-de-recuperacion-de-azufre-y-aminas\/\">Optimizaci\u00f3n de unidades de recuperaci\u00f3n de azufre y aminas<\/a><\/span><\/h3>\n<p>[\/vc_column_text][\/qode_elements_holder_item][qode_elements_holder_item vertical_alignment=\u00bbtop\u00bb horizontal_alignment=\u00bbcenter\u00bb advanced_animations=\u00bbno\u00bb item_padding=\u00bb15px 15ox 15px 15px\u00bb][vc_single_image image=\u00bb10295&#8243; img_size=\u00bb220&#215;220&#8243; alignment=\u00bbcenter\u00bb style=\u00bbvc_box_circle_2&#8243; onclick=\u00bbcustom_link\u00bb qode_css_animation=\u00bb\u00bb qode_hover_animation=\u00bbzoom_in\u00bb link=\u00bb\/tecnologia-energetica\/hidrogeno\/\u00bb css=\u00bb.vc_custom_1644432403549{padding-top: 10% !important;padding-right: 10% !important;padding-left: 10% !important;}\u00bb][vc_empty_space][vc_column_text]<\/p>\n<h3 style=\"text-align: center;\"><span style=\"color: #009640;\"><a style=\"color: #009640;\" href=\"\/tecnologia-energetica\/hidrogeno\/\">Hidr\u00f3geno<\/a><\/span><\/h3>\n<p>[\/vc_column_text][\/qode_elements_holder_item][qode_elements_holder_item vertical_alignment=\u00bbtop\u00bb horizontal_alignment=\u00bbcenter\u00bb advanced_animations=\u00bbno\u00bb item_padding=\u00bb15px 15ox 15px 15px\u00bb][vc_single_image image=\u00bb12662&#8243; img_size=\u00bb220&#215;220&#8243; alignment=\u00bbcenter\u00bb style=\u00bbvc_box_circle_2&#8243; onclick=\u00bbcustom_link\u00bb qode_css_animation=\u00bb\u00bb qode_hover_animation=\u00bbzoom_in\u00bb link=\u00bb\/tecnologia-energetica\/biogas\/\u00bb css=\u00bb.vc_custom_1681979849628{padding-top: 10% !important;padding-right: 10% !important;padding-left: 10% !important;}\u00bb][vc_empty_space][vc_column_text]<\/p>\n<h3 style=\"text-align: center;\"><span style=\"color: #009640;\"><a style=\"color: #009640;\" href=\"\/tecnologia-energetica\/biogas\/\">Biogas<\/a><\/span><\/h3>\n<p>[\/vc_column_text][\/qode_elements_holder_item][\/qode_elements_holder][\/vc_column_inner][\/vc_row_inner][vc_empty_space height=\u00bb100px\u00bb][\/vc_column][vc_column width=\u00bb5\/6&#8243; offset=\u00bbvc_col-lg-2 vc_col-md-offset-0 vc_col-md-2 vc_col-sm-offset-1 vc_col-xs-offset-1 vc_col-xs-10&#8243; css=\u00bb.vc_custom_1681980121269{padding-right: 15% !important;padding-left: 15% !important;}\u00bb][vc_widget_sidebar sidebar_id=\u00bbEnrique Tova\u00bb][\/vc_column][\/vc_row][vc_row css_animation=\u00bb\u00bb row_type=\u00bbrow\u00bb use_row_as_full_screen_section=\u00bbno\u00bb type=\u00bbfull_width\u00bb angled_section=\u00bbno\u00bb text_align=\u00bbleft\u00bb background_image_as_pattern=\u00bbwithout_pattern\u00bb][vc_column][vc_empty_space height=\u00bb100px\u00bb][\/vc_column][\/vc_row]<\/p>\n<\/div>","protected":false},"excerpt":{"rendered":"<p>[vc_row css_animation=\u00bb\u00bb row_type=\u00bbrow\u00bb use_row_as_full_screen_section=\u00bbno\u00bb type=\u00bbfull_width\u00bb angled_section=\u00bbno\u00bb text_align=\u00bbleft\u00bb background_image_as_pattern=\u00bbwithout_pattern\u00bb][vc_column][vc_column_text] [\/vc_column_text][\/vc_column][\/vc_row][vc_row css_animation=\u00bb\u00bb row_type=\u00bbrow\u00bb use_row_as_full_screen_section=\u00bbno\u00bb type=\u00bbfull_width\u00bb angled_section=\u00bbno\u00bb text_align=\u00bbleft\u00bb&#8230;<\/p>\n","protected":false},"author":1,"featured_media":1554,"parent":0,"menu_order":1,"comment_status":"closed","ping_status":"closed","template":"full_width.php","meta":{"footnotes":""},"class_list":["post-932","page","type-page","status-publish","has-post-thumbnail","hentry"],"yoast_head":"<!-- This site is optimized with the Yoast SEO plugin v26.4 - https:\/\/yoast.com\/wordpress\/plugins\/seo\/ -->\n<title>Tecnolog\u00eda Energ\u00e9tica - INERCO<\/title>\n<meta name=\"description\" content=\"Soluciones t\u00e9cnicas avanzadas de desarrollo propio en el campo de la energ\u00eda. Tecnolog\u00edas avanzadas para la optimizaci\u00f3n energ\u00e9tica: Servicios Energ\u00e9ticos, Sistemas de Combusti\u00f3n, Almacenamiento de Energ\u00eda, Gasificaci\u00f3n de Biomasa, Optimizaci\u00f3n de unidades de recuperaci\u00f3n de azufre y aminas, Hidr\u00f3geno.\" \/>\n<meta name=\"robots\" content=\"index, follow, max-snippet:-1, max-image-preview:large, max-video-preview:-1\" \/>\n<link rel=\"canonical\" href=\"https:\/\/www.inerco.com\/es\/tecnologia-energetica\/\" \/>\n<meta property=\"og:locale\" content=\"es_ES\" \/>\n<meta property=\"og:type\" content=\"article\" \/>\n<meta property=\"og:title\" content=\"Tecnolog\u00eda Energ\u00e9tica - INERCO\" \/>\n<meta property=\"og:description\" content=\"Soluciones t\u00e9cnicas avanzadas de desarrollo propio en el campo de la energ\u00eda. Tecnolog\u00edas avanzadas para la optimizaci\u00f3n energ\u00e9tica: Servicios Energ\u00e9ticos, Sistemas de Combusti\u00f3n, Almacenamiento de Energ\u00eda, Gasificaci\u00f3n de Biomasa, Optimizaci\u00f3n de unidades de recuperaci\u00f3n de azufre y aminas, Hidr\u00f3geno.\" \/>\n<meta property=\"og:url\" content=\"https:\/\/www.inerco.com\/es\/tecnologia-energetica\/\" \/>\n<meta property=\"og:site_name\" content=\"INERCO\" \/>\n<meta property=\"article:modified_time\" content=\"2024-06-13T08:20:50+00:00\" \/>\n<meta property=\"og:image\" content=\"https:\/\/www.inerco.com\/wp-content\/uploads\/INERCO-Servicios-Energ\u00e9ticos.jpg\" \/>\n\t<meta property=\"og:image:width\" content=\"500\" \/>\n\t<meta property=\"og:image:height\" content=\"225\" \/>\n\t<meta property=\"og:image:type\" content=\"image\/jpeg\" \/>\n<meta name=\"twitter:card\" content=\"summary_large_image\" \/>\n<meta name=\"twitter:site\" content=\"@Inerco_\" \/>\n<script type=\"application\/ld+json\" class=\"yoast-schema-graph\">{\"@context\":\"https:\/\/schema.org\",\"@graph\":[{\"@type\":\"WebPage\",\"@id\":\"https:\/\/www.inerco.com\/es\/tecnologia-energetica\/\",\"url\":\"https:\/\/www.inerco.com\/es\/tecnologia-energetica\/\",\"name\":\"Tecnolog\u00eda Energ\u00e9tica - INERCO\",\"isPartOf\":{\"@id\":\"https:\/\/www.inerco.com\/es\/#website\"},\"primaryImageOfPage\":{\"@id\":\"https:\/\/www.inerco.com\/es\/tecnologia-energetica\/#primaryimage\"},\"image\":{\"@id\":\"https:\/\/www.inerco.com\/es\/tecnologia-energetica\/#primaryimage\"},\"thumbnailUrl\":\"https:\/\/www.inerco.com\/wp-content\/uploads\/INERCO-Servicios-Energ\u00e9ticos.jpg\",\"datePublished\":\"2018-02-14T12:27:39+00:00\",\"dateModified\":\"2024-06-13T08:20:50+00:00\",\"description\":\"Soluciones t\u00e9cnicas avanzadas de desarrollo propio en el campo de la energ\u00eda. Tecnolog\u00edas avanzadas para la optimizaci\u00f3n energ\u00e9tica: Servicios Energ\u00e9ticos, Sistemas de Combusti\u00f3n, Almacenamiento de Energ\u00eda, Gasificaci\u00f3n de Biomasa, Optimizaci\u00f3n de unidades de recuperaci\u00f3n de azufre y aminas, Hidr\u00f3geno.\",\"breadcrumb\":{\"@id\":\"https:\/\/www.inerco.com\/es\/tecnologia-energetica\/#breadcrumb\"},\"inLanguage\":\"es\",\"potentialAction\":[{\"@type\":\"ReadAction\",\"target\":[\"https:\/\/www.inerco.com\/es\/tecnologia-energetica\/\"]}]},{\"@type\":\"ImageObject\",\"inLanguage\":\"es\",\"@id\":\"https:\/\/www.inerco.com\/es\/tecnologia-energetica\/#primaryimage\",\"url\":\"https:\/\/www.inerco.com\/wp-content\/uploads\/INERCO-Servicios-Energ\u00e9ticos.jpg\",\"contentUrl\":\"https:\/\/www.inerco.com\/wp-content\/uploads\/INERCO-Servicios-Energ\u00e9ticos.jpg\",\"width\":\"500\",\"height\":\"225\",\"caption\":\"INERCO Servicios Energ\u00e9ticos\"},{\"@type\":\"BreadcrumbList\",\"@id\":\"https:\/\/www.inerco.com\/es\/tecnologia-energetica\/#breadcrumb\",\"itemListElement\":[{\"@type\":\"ListItem\",\"position\":1,\"name\":\"Home\",\"item\":\"https:\/\/www.inerco.com\/es\/\"},{\"@type\":\"ListItem\",\"position\":2,\"name\":\"Tecnolog\u00eda Energ\u00e9tica\"}]},{\"@type\":\"WebSite\",\"@id\":\"https:\/\/www.inerco.com\/es\/#website\",\"url\":\"https:\/\/www.inerco.com\/es\/\",\"name\":\"INERCO\",\"description\":\"Tecnolog\u00eda, ingenier\u00eda y consultor\u00eda integral para el desarrollo industrial sostenible\",\"potentialAction\":[{\"@type\":\"SearchAction\",\"target\":{\"@type\":\"EntryPoint\",\"urlTemplate\":\"https:\/\/www.inerco.com\/es\/?s={search_term_string}\"},\"query-input\":{\"@type\":\"PropertyValueSpecification\",\"valueRequired\":true,\"valueName\":\"search_term_string\"}}],\"inLanguage\":\"es\"}]}<\/script>\n<!-- \/ Yoast SEO plugin. -->","yoast_head_json":{"title":"Tecnolog\u00eda Energ\u00e9tica - INERCO","description":"Soluciones t\u00e9cnicas avanzadas de desarrollo propio en el campo de la energ\u00eda. Tecnolog\u00edas avanzadas para la optimizaci\u00f3n energ\u00e9tica: Servicios Energ\u00e9ticos, Sistemas de Combusti\u00f3n, Almacenamiento de Energ\u00eda, Gasificaci\u00f3n de Biomasa, Optimizaci\u00f3n de unidades de recuperaci\u00f3n de azufre y aminas, Hidr\u00f3geno.","robots":{"index":"index","follow":"follow","max-snippet":"max-snippet:-1","max-image-preview":"max-image-preview:large","max-video-preview":"max-video-preview:-1"},"canonical":"https:\/\/www.inerco.com\/es\/tecnologia-energetica\/","og_locale":"es_ES","og_type":"article","og_title":"Tecnolog\u00eda Energ\u00e9tica - INERCO","og_description":"Soluciones t\u00e9cnicas avanzadas de desarrollo propio en el campo de la energ\u00eda. Tecnolog\u00edas avanzadas para la optimizaci\u00f3n energ\u00e9tica: Servicios Energ\u00e9ticos, Sistemas de Combusti\u00f3n, Almacenamiento de Energ\u00eda, Gasificaci\u00f3n de Biomasa, Optimizaci\u00f3n de unidades de recuperaci\u00f3n de azufre y aminas, Hidr\u00f3geno.","og_url":"https:\/\/www.inerco.com\/es\/tecnologia-energetica\/","og_site_name":"INERCO","article_modified_time":"2024-06-13T08:20:50+00:00","og_image":[{"width":500,"height":225,"url":"https:\/\/www.inerco.com\/wp-content\/uploads\/INERCO-Servicios-Energ\u00e9ticos.jpg","type":"image\/jpeg"}],"twitter_card":"summary_large_image","twitter_site":"@Inerco_","schema":{"@context":"https:\/\/schema.org","@graph":[{"@type":"WebPage","@id":"https:\/\/www.inerco.com\/es\/tecnologia-energetica\/","url":"https:\/\/www.inerco.com\/es\/tecnologia-energetica\/","name":"Tecnolog\u00eda Energ\u00e9tica - INERCO","isPartOf":{"@id":"https:\/\/www.inerco.com\/es\/#website"},"primaryImageOfPage":{"@id":"https:\/\/www.inerco.com\/es\/tecnologia-energetica\/#primaryimage"},"image":{"@id":"https:\/\/www.inerco.com\/es\/tecnologia-energetica\/#primaryimage"},"thumbnailUrl":"https:\/\/www.inerco.com\/wp-content\/uploads\/INERCO-Servicios-Energ\u00e9ticos.jpg","datePublished":"2018-02-14T12:27:39+00:00","dateModified":"2024-06-13T08:20:50+00:00","description":"Soluciones t\u00e9cnicas avanzadas de desarrollo propio en el campo de la energ\u00eda. Tecnolog\u00edas avanzadas para la optimizaci\u00f3n energ\u00e9tica: Servicios Energ\u00e9ticos, Sistemas de Combusti\u00f3n, Almacenamiento de Energ\u00eda, Gasificaci\u00f3n de Biomasa, Optimizaci\u00f3n de unidades de recuperaci\u00f3n de azufre y aminas, Hidr\u00f3geno.","breadcrumb":{"@id":"https:\/\/www.inerco.com\/es\/tecnologia-energetica\/#breadcrumb"},"inLanguage":"es","potentialAction":[{"@type":"ReadAction","target":["https:\/\/www.inerco.com\/es\/tecnologia-energetica\/"]}]},{"@type":"ImageObject","inLanguage":"es","@id":"https:\/\/www.inerco.com\/es\/tecnologia-energetica\/#primaryimage","url":"https:\/\/www.inerco.com\/wp-content\/uploads\/INERCO-Servicios-Energ\u00e9ticos.jpg","contentUrl":"https:\/\/www.inerco.com\/wp-content\/uploads\/INERCO-Servicios-Energ\u00e9ticos.jpg","width":"500","height":"225","caption":"INERCO Servicios Energ\u00e9ticos"},{"@type":"BreadcrumbList","@id":"https:\/\/www.inerco.com\/es\/tecnologia-energetica\/#breadcrumb","itemListElement":[{"@type":"ListItem","position":1,"name":"Home","item":"https:\/\/www.inerco.com\/es\/"},{"@type":"ListItem","position":2,"name":"Tecnolog\u00eda Energ\u00e9tica"}]},{"@type":"WebSite","@id":"https:\/\/www.inerco.com\/es\/#website","url":"https:\/\/www.inerco.com\/es\/","name":"INERCO","description":"Tecnolog\u00eda, ingenier\u00eda y consultor\u00eda integral para el desarrollo industrial sostenible","potentialAction":[{"@type":"SearchAction","target":{"@type":"EntryPoint","urlTemplate":"https:\/\/www.inerco.com\/es\/?s={search_term_string}"},"query-input":{"@type":"PropertyValueSpecification","valueRequired":true,"valueName":"search_term_string"}}],"inLanguage":"es"}]}},"_links":{"self":[{"href":"https:\/\/www.inerco.com\/es\/wp-json\/wp\/v2\/pages\/932","targetHints":{"allow":["GET"]}}],"collection":[{"href":"https:\/\/www.inerco.com\/es\/wp-json\/wp\/v2\/pages"}],"about":[{"href":"https:\/\/www.inerco.com\/es\/wp-json\/wp\/v2\/types\/page"}],"author":[{"embeddable":true,"href":"https:\/\/www.inerco.com\/es\/wp-json\/wp\/v2\/users\/1"}],"replies":[{"embeddable":true,"href":"https:\/\/www.inerco.com\/es\/wp-json\/wp\/v2\/comments?post=932"}],"version-history":[{"count":33,"href":"https:\/\/www.inerco.com\/es\/wp-json\/wp\/v2\/pages\/932\/revisions"}],"predecessor-version":[{"id":14853,"href":"https:\/\/www.inerco.com\/es\/wp-json\/wp\/v2\/pages\/932\/revisions\/14853"}],"wp:featuredmedia":[{"embeddable":true,"href":"https:\/\/www.inerco.com\/es\/wp-json\/wp\/v2\/media\/1554"}],"wp:attachment":[{"href":"https:\/\/www.inerco.com\/es\/wp-json\/wp\/v2\/media?parent=932"}],"curies":[{"name":"wp","href":"https:\/\/api.w.org\/{rel}","templated":true}]}}