{"id":8588,"date":"2021-08-04T12:35:01","date_gmt":"2021-08-04T10:35:01","guid":{"rendered":"https:\/\/www.inerco.com\/?page_id=8588"},"modified":"2023-02-08T14:47:42","modified_gmt":"2023-02-08T13:47:42","slug":"integridad-de-activos-asset-integrity","status":"publish","type":"page","link":"https:\/\/www.inerco.com\/es\/centro-de-recursos\/integridad-de-activos-asset-integrity\/","title":{"rendered":"Integridad de Activos Asset Integrity"},"content":{"rendered":"<div class=\"wpb-content-wrapper\"><p>[vc_row css_animation=\u00bb\u00bb row_type=\u00bbrow\u00bb use_row_as_full_screen_section=\u00bbno\u00bb type=\u00bbgrid\u00bb angled_section=\u00bbno\u00bb text_align=\u00bbleft\u00bb background_image_as_pattern=\u00bbwithout_pattern\u00bb z_index=\u00bb\u00bb][vc_column width=\u00bb1\/4&#8243;][vc_single_image image=\u00bb739&#8243; img_size=\u00bbfull\u00bb qode_css_animation=\u00bb\u00bb][\/vc_column][vc_column width=\u00bb3\/4&#8243;][\/vc_column][\/vc_row][vc_row css_animation=\u00bb\u00bb row_type=\u00bbrow\u00bb use_row_as_full_screen_section=\u00bbno\u00bb type=\u00bbfull_width\u00bb angled_section=\u00bbno\u00bb text_align=\u00bbleft\u00bb background_image_as_pattern=\u00bbwithout_pattern\u00bb z_index=\u00bb\u00bb background_image=\u00bb8601&#8243;][vc_column][vc_empty_space height=\u00bb120&#8243;][vc_column_text]<\/p>\n<h1 style=\"text-align: center;\"><span style=\"color: #ffffff;\">Integridad de Activos &#8211; Asset Integrity<\/span><\/h1>\n<p>[\/vc_column_text][vc_empty_space height=\u00bb120&#8243;][\/vc_column][\/vc_row][vc_row css_animation=\u00bb\u00bb row_type=\u00bbrow\u00bb use_row_as_full_screen_section=\u00bbno\u00bb type=\u00bbfull_width\u00bb angled_section=\u00bbno\u00bb text_align=\u00bbleft\u00bb background_image_as_pattern=\u00bbwithout_pattern\u00bb][vc_column][vc_empty_space height=\u00bb60px\u00bb][\/vc_column][\/vc_row][vc_row css_animation=\u00bb\u00bb row_type=\u00bbrow\u00bb use_row_as_full_screen_section=\u00bbno\u00bb type=\u00bbgrid\u00bb angled_section=\u00bbno\u00bb text_align=\u00bbleft\u00bb background_image_as_pattern=\u00bbwithout_pattern\u00bb z_index=\u00bb\u00bb][vc_column width=\u00bb1\/2&#8243; css=\u00bb.vc_custom_1605863202326{padding-right: 5% !important;padding-left: 5% !important;}\u00bb][vc_single_image image=\u00bb8589&#8243; img_size=\u00bb282&#215;400&#8243; alignment=\u00bbcenter\u00bb style=\u00bbvc_box_shadow\u00bb qode_css_animation=\u00bb\u00bb][vc_empty_space height=\u00bb40px\u00bb][vc_column_text]<\/p>\n<h3 style=\"line-height: 35px;\">Con la nueva gu\u00eda gratuita &#8216;Integridad de Activos &#8211; Asset Integrity&#8217;, podr\u00e1s conocer los aspectos a tener en cuenta para el buen comportamiento operativo de un determinado equipo, sistema o instalaci\u00f3n.<\/h3>\n<p>[\/vc_column_text][vc_empty_space height=\u00bb40px\u00bb][vc_column_text]<\/p>\n<h3><strong>En este ebook encontrar\u00e1s\u2026<\/strong><\/h3>\n<p>[\/vc_column_text][vc_empty_space height=\u00bb20px\u00bb][vc_column_text]<\/p>\n<ul>\n<li>Auditor\u00eda de Integridad de Activos.<\/li>\n<li>An\u00e1lisis de Causa-Ra\u00edz (ACR).<\/li>\n<li>An\u00e1lisis de Modos de Fallo, Efectos y Criticidad (FMECA).<\/li>\n<li>Asset Register.<\/li>\n<li>RAM Analysis.<\/li>\n<li>Mantenimiento Centrado en la Fiabilidad (RCM).<\/li>\n<li>Inspecciones Basadas en Riesgo (RBI).<\/li>\n<li>Log\u00edstica Integral de Mantenimiento (ILS).<\/li>\n<li>Retorno y An\u00e1lisis de la Experiencia Operativa (REX).<\/li>\n<li>Gesti\u00f3n del Mantenimiento.<\/li>\n<li>TPM, CMMS\/GMAO, LCC.<\/li>\n<li>Gesti\u00f3n de Activos F\u00edsicos.<\/li>\n<li>Digitalizaci\u00f3n.<\/li>\n<li>Mejora Continua.<\/li>\n<li>Formaci\u00f3n.<\/li>\n<\/ul>\n<p>[\/vc_column_text][\/vc_column][vc_column width=\u00bb1\/2&#8243; css=\u00bb.vc_custom_1605863244835{padding-right: 5% !important;padding-left: 5% !important;}\u00bb][vc_column_text]<\/p>\n<h2>\u00a1Desc\u00e1rgate la gu\u00eda!<\/h2>\n<p>[\/vc_column_text][vc_empty_space height=\u00bb40px\u00bb]\n<div class=\"wpcf7 no-js\" id=\"wpcf7-f8583-o1\" lang=\"es-ES\" dir=\"ltr\" data-wpcf7-id=\"8583\">\n<div class=\"screen-reader-response\"><p role=\"status\" aria-live=\"polite\" aria-atomic=\"true\"><\/p> <ul><\/ul><\/div>\n<form action=\"\/es\/wp-json\/wp\/v2\/pages\/8588#wpcf7-f8583-o1\" method=\"post\" class=\"wpcf7-form init cf7_custom_style_1\" aria-label=\"Formulario de contacto\" novalidate=\"novalidate\" data-status=\"init\">\n<fieldset class=\"hidden-fields-container\"><input type=\"hidden\" name=\"_wpcf7\" value=\"8583\" \/><input type=\"hidden\" name=\"_wpcf7_version\" value=\"6.1.4\" \/><input type=\"hidden\" name=\"_wpcf7_locale\" value=\"es_ES\" \/><input type=\"hidden\" name=\"_wpcf7_unit_tag\" value=\"wpcf7-f8583-o1\" \/><input type=\"hidden\" name=\"_wpcf7_container_post\" value=\"0\" \/><input type=\"hidden\" name=\"_wpcf7_posted_data_hash\" value=\"\" \/><input type=\"hidden\" name=\"_wpcf7cf_hidden_group_fields\" value=\"[]\" \/><input type=\"hidden\" name=\"_wpcf7cf_hidden_groups\" value=\"[]\" \/><input type=\"hidden\" name=\"_wpcf7cf_visible_groups\" value=\"[]\" \/><input type=\"hidden\" name=\"_wpcf7cf_repeaters\" value=\"[]\" \/><input type=\"hidden\" name=\"_wpcf7cf_steps\" value=\"{}\" \/><input type=\"hidden\" name=\"_wpcf7cf_options\" value=\"{&quot;form_id&quot;:8583,&quot;conditions&quot;:[],&quot;settings&quot;:{&quot;animation&quot;:&quot;yes&quot;,&quot;animation_intime&quot;:200,&quot;animation_outtime&quot;:200,&quot;conditions_ui&quot;:&quot;normal&quot;,&quot;notice_dismissed&quot;:false,&quot;notice_dismissed_update-cf7-5.4.2&quot;:true}}\" \/><input type=\"hidden\" name=\"_wpcf7dtx_version\" value=\"5.0.3\" \/><input type=\"hidden\" name=\"_wpcf7_recaptcha_response\" value=\"\" \/>\n<\/fieldset>\n<p><label> Nombre*<br \/>\n<span class=\"wpcf7-form-control-wrap\" data-name=\"nombre\"><input size=\"40\" maxlength=\"400\" class=\"wpcf7-form-control wpcf7-text wpcf7-validates-as-required\" aria-required=\"true\" aria-invalid=\"false\" placeholder=\"Nombre\" value=\"\" type=\"text\" name=\"nombre\" \/><\/span> <\/label>\n<\/p>\n<p><label> Apellido*<br \/>\n<span class=\"wpcf7-form-control-wrap\" data-name=\"apellido\"><input size=\"40\" maxlength=\"400\" class=\"wpcf7-form-control wpcf7-text wpcf7-validates-as-required\" aria-required=\"true\" aria-invalid=\"false\" placeholder=\"Apellido\" value=\"\" type=\"text\" name=\"apellido\" \/><\/span> <\/label>\n<\/p>\n<p><label>Email corporativo*<br \/>\n<span class=\"wpcf7-form-control-wrap\" data-name=\"email\"><input size=\"40\" maxlength=\"400\" class=\"wpcf7-form-control wpcf7-email wpcf7-validates-as-required wpcf7-text wpcf7-validates-as-email\" aria-required=\"true\" aria-invalid=\"false\" placeholder=\"Email\" value=\"\" type=\"email\" name=\"email\" \/><\/span> <\/label>\n<\/p>\n<p><label>Tel\u00e9fono*<br \/>\n<span class=\"wpcf7-form-control-wrap\" data-name=\"telefono\"><input size=\"40\" maxlength=\"400\" class=\"wpcf7-form-control wpcf7-tel wpcf7-validates-as-required wpcf7-text wpcf7-validates-as-tel\" aria-required=\"true\" aria-invalid=\"false\" placeholder=\"Tel\u00e9fono\" value=\"\" type=\"tel\" name=\"telefono\" \/><\/span> <\/label>\n<\/p>\n<p><label> Organizaci\u00f3n*<br \/>\n<span class=\"wpcf7-form-control-wrap\" data-name=\"org\"><input size=\"40\" maxlength=\"400\" class=\"wpcf7-form-control wpcf7-text wpcf7-validates-as-required\" aria-required=\"true\" aria-invalid=\"false\" placeholder=\"Organizaci\u00f3n\" value=\"\" type=\"text\" name=\"org\" \/><\/span> <\/label>\n<\/p>\n<p><label> \u00c1rea de Trabajo*<br \/>\n<span class=\"wpcf7-form-control-wrap\" data-name=\"area\"><select class=\"wpcf7-form-control wpcf7-select wpcf7-validates-as-required\" aria-required=\"true\" aria-invalid=\"false\" name=\"area\"><option value=\"Selecciona \u00c1rea\">Selecciona \u00c1rea<\/option><option value=\"Ingenier\u00eda\">Ingenier\u00eda<\/option><option value=\"Medio Ambiente\">Medio Ambiente<\/option><option value=\"Seguridad y Prevenci\u00f3n\">Seguridad y Prevenci\u00f3n<\/option><option value=\"Tecnolog\u00eda Ambiental\">Tecnolog\u00eda Ambiental<\/option><option value=\"Tecnolog\u00eda Energ\u00e9tica\">Tecnolog\u00eda Energ\u00e9tica<\/option><option value=\"Otra\">Otra<\/option><\/select><\/span> <\/label>\n<\/p>\n<p><label> Cargo*<br \/>\n<span class=\"wpcf7-form-control-wrap\" data-name=\"cargo\"><input size=\"40\" maxlength=\"400\" class=\"wpcf7-form-control wpcf7-text wpcf7-validates-as-required\" aria-required=\"true\" aria-invalid=\"false\" placeholder=\"Cargo\" value=\"\" type=\"text\" name=\"cargo\" \/><\/span> <\/label>\n<\/p>\n<p><label> Pa\u00eds<br \/>\n<span class=\"wpcf7-form-control-wrap\" data-name=\"pais\"><input size=\"40\" maxlength=\"400\" class=\"wpcf7-form-control wpcf7-text\" aria-invalid=\"false\" placeholder=\"Pa\u00eds\" value=\"\" type=\"text\" name=\"pais\" \/><\/span> <\/label>\n<\/p>\n<p><label>\u00bfEn qu\u00e9 podemos ayudarte?<br \/>\n<span class=\"wpcf7-form-control-wrap\" data-name=\"mensaje\"><textarea cols=\"40\" rows=\"10\" maxlength=\"2000\" class=\"wpcf7-form-control wpcf7-textarea\" aria-invalid=\"false\" placeholder=\"...\" name=\"mensaje\"><\/textarea><\/span> <\/label>\n<\/p>\n<p><span class=\"wpcf7-form-control-wrap\" data-name=\"accept-privacy-policy\"><span class=\"wpcf7-form-control wpcf7-acceptance\"><span class=\"wpcf7-list-item\"><label><input type=\"checkbox\" name=\"accept-privacy-policy\" value=\"1\" aria-invalid=\"false\" \/><span class=\"wpcf7-list-item-label\">Acepto la <a href=\"https:\/\/www.inerco.com\/es\/politica-de-privacidad\/\" target=\"_blank\">Pol\u00edtica de Privacidad<\/a>*.<\/span><\/label><\/span><\/span><\/span><br \/>\n<span class=\"wpcf7-form-control-wrap\" data-name=\"accept-newsletter\"><span class=\"wpcf7-form-control wpcf7-acceptance optional\"><span class=\"wpcf7-list-item\"><label><input type=\"checkbox\" name=\"accept-newsletter\" value=\"1\" aria-invalid=\"false\" \/><span class=\"wpcf7-list-item-label\">Acepto la suscripci\u00f3n a comunicaciones comerciales e informativas de INERCO.<\/span><\/label><\/span><\/span><\/span><br \/>\n<span style=\"font-size:12px;\">*Campos necesarios para gestionar tu solicitud.<\/span>\n<\/p>\n<p style=\"font-size:0.8em;text-align:center;\">Responde a la siguiente pregunta antes de proceder con el env\u00edo:\n<\/p>\n<tr>\n\t<td colspan=\"2\" style=\"width:100%; text-align:center; padding-left: 25%; padding-right:25%;\">\n\t\t<table width=\"50%\" style=\"margin:auto;\">\n\t\t\t<tr style=\"background-color: #f1f1f150;\">\n\t\t\t\t<td>\n\t\t\t\t\t<p><label style=\"font-size:0.8em; text-align:center;\"><span class=\"wpcf7-form-control-wrap\" data-name=\"random-es\"><label><span class=\"wpcf7-quiz-label\">\u00bf4 + 12?*<\/span> <input size=\"10\" class=\"wpcf7-form-control wpcf7-quiz\" autocomplete=\"off\" aria-required=\"true\" aria-invalid=\"false\" type=\"text\" name=\"random-es\" \/><\/label><input type=\"hidden\" name=\"_wpcf7_quiz_answer_random-es\" value=\"7929bb8f8b5c861e04f9f6655d95b67b\" \/><\/span><\/label><span id=\"wpcf7-69d15b5a8cee9-wrapper\" class=\"wpcf7-form-control-wrap formulario-ES-integridad-activos-21-wrap\" style=\"display:none !important; visibility:hidden !important;\"><label for=\"wpcf7-69d15b5a8cee9-field\" class=\"hp-message\">Por favor, deja este campo vac\u00edo.<\/label><input id=\"wpcf7-69d15b5a8cee9-field\"  class=\"wpcf7-form-control wpcf7-text\" type=\"text\" name=\"formulario-ES-integridad-activos-21\" value=\"\" size=\"40\" tabindex=\"-1\" autocomplete=\"new-password\" \/><\/span>\n\t\t\t\t\t<\/p>\n\t\t\t\t<\/td>\n\t\t\t<\/tr>\n\t\t<\/table>\n\t\t<p><input class=\"wpcf7-form-control wpcf7-submit has-spinner enviar-form-footer\" type=\"submit\" value=\"Descargar Gu\u00eda\" \/>\n\t\t<\/p>\n\t<\/td>\n<\/tr><p style=\"display: none !important;\" class=\"akismet-fields-container\" data-prefix=\"_wpcf7_ak_\"><label>&#916;<textarea name=\"_wpcf7_ak_hp_textarea\" cols=\"45\" rows=\"8\" maxlength=\"100\"><\/textarea><\/label><input type=\"hidden\" id=\"ak_js_1\" name=\"_wpcf7_ak_js\" value=\"40\"\/><script>document.getElementById( \"ak_js_1\" ).setAttribute( \"value\", ( new Date() ).getTime() );<\/script><\/p><div class=\"wpcf7-response-output\" aria-hidden=\"true\"><\/div>\n<\/form>\n<\/div>\n[\/vc_column][\/vc_row][vc_row css_animation=\u00bb\u00bb row_type=\u00bbrow\u00bb use_row_as_full_screen_section=\u00bbno\u00bb type=\u00bbfull_width\u00bb angled_section=\u00bbno\u00bb text_align=\u00bbleft\u00bb background_image_as_pattern=\u00bbwithout_pattern\u00bb z_index=\u00bb\u00bb][vc_column][vc_empty_space height=\u00bb100px\u00bb][\/vc_column][\/vc_row][vc_row css_animation=\u00bb\u00bb row_type=\u00bbrow\u00bb use_row_as_full_screen_section=\u00bbno\u00bb type=\u00bbfull_width\u00bb angled_section=\u00bbno\u00bb text_align=\u00bbleft\u00bb background_image_as_pattern=\u00bbwithout_pattern\u00bb z_index=\u00bb\u00bb background_color=\u00bb#000000&#8243;][vc_column][vc_empty_space height=\u00bb40px\u00bb][vc_row_inner row_type=\u00bbrow\u00bb type=\u00bbgrid\u00bb text_align=\u00bbleft\u00bb css_animation=\u00bb\u00bb][vc_column_inner width=\u00bb2\/3&#8243;][vc_single_image image=\u00bb1297&#8243; img_size=\u00bb175&#215;56&#8243; qode_css_animation=\u00bb\u00bb][vc_column_text]<\/p>\n<div style=\"font-size: 0.8em;\"><span style=\"color: #ffffff;\"><a style=\"color: #ffffff;\" href=\"https:\/\/www.inerco.com\/es\/aviso-legal\" target=\"_blank\" rel=\"noopener noreferrer\">AVISO LEGAL<\/a> | <a style=\"color: #ffffff;\" href=\"https:\/\/www.inerco.com\/es\/politica-de-privacidad#cookies\" target=\"_blank\" rel=\"noopener noreferrer\">POL\u00cdTICA DE COOKIES<\/a> | <a style=\"color: #ffffff;\" href=\"https:\/\/www.inerco.com\/es\/politica-de-privacidad\" target=\"_blank\" rel=\"noopener noreferrer\">POL\u00cdTICA DE PRIVACIDAD<\/a><\/span><br \/>\n<span style=\"color: #ffffff;\">\u00a9 2020 INERCO<\/span><\/div>\n<p>[\/vc_column_text][\/vc_column_inner][vc_column_inner width=\u00bb1\/3&#8243;]<span class='q_social_icon_holder normal_social' data-color=#ffffff data-hover-color=#009640><a itemprop='url' href='https:\/\/es.linkedin.com\/organization-guest\/company\/inerco-s.a.' target='_blank'><span aria-hidden=\"true\" class=\"qode_icon_font_elegant social_linkedin  simple_social\" style=\"color: #ffffff;margin: 5px 5px 5px 5px;font-size: 18px;\" ><\/span><\/a><\/span><span class='q_social_icon_holder normal_social' data-color=#ffffff data-hover-color=#009640><a itemprop='url' href='https:\/\/twitter.com\/Inerco_' target='_blank'><span aria-hidden=\"true\" class=\"qode_icon_font_elegant social_twitter  simple_social\" style=\"color: #ffffff;margin: 5px 5px 5px 5px;font-size: 18px;\" ><\/span><\/a><\/span><span class='q_social_icon_holder normal_social' data-color=#ffffff data-hover-color=#009640><a itemprop='url' href='https:\/\/www.youtube.com\/channel\/UCkGls-e-j4V57RWNJNKAS1g' target='_blank'><span aria-hidden=\"true\" class=\"qode_icon_font_elegant social_youtube  simple_social\" style=\"color: #ffffff;margin: 5px 5px 5px 5px;font-size: 18px;\" ><\/span><\/a><\/span>[\/vc_column_inner][\/vc_row_inner][vc_empty_space height=\u00bb40px\u00bb][\/vc_column][\/vc_row]<\/p>\n<\/div>","protected":false},"excerpt":{"rendered":"<p>[vc_row css_animation=\u00bb\u00bb row_type=\u00bbrow\u00bb use_row_as_full_screen_section=\u00bbno\u00bb type=\u00bbgrid\u00bb angled_section=\u00bbno\u00bb text_align=\u00bbleft\u00bb background_image_as_pattern=\u00bbwithout_pattern\u00bb z_index=\u00bb\u00bb][vc_column width=\u00bb1\/4&#8243;][vc_single_image image=\u00bb739&#8243; img_size=\u00bbfull\u00bb qode_css_animation=\u00bb\u00bb][\/vc_column][vc_column width=\u00bb3\/4&#8243;][\/vc_column][\/vc_row][vc_row css_animation=\u00bb\u00bb&#8230;<\/p>\n","protected":false},"author":1,"featured_media":8589,"parent":5534,"menu_order":0,"comment_status":"closed","ping_status":"closed","template":"landing_page.php","meta":{"footnotes":""},"class_list":["post-8588","page","type-page","status-publish","has-post-thumbnail","hentry"],"yoast_head":"<!-- This site is optimized with the Yoast SEO plugin v26.4 - https:\/\/yoast.com\/wordpress\/plugins\/seo\/ -->\n<title>Gu\u00eda &#039;Integridad de Activos | Asset Integrity&#039; - INERCO<\/title>\n<meta name=\"description\" content=\"Descarga gu\u00eda gratis &#039;Integridad de Activos - Asset Integrity&#039;. Aspectos clave para el buen comportamiento operativo de un determinado equipo, sistema o instalaci\u00f3n.\" \/>\n<meta name=\"robots\" content=\"index, follow, max-snippet:-1, max-image-preview:large, max-video-preview:-1\" \/>\n<link rel=\"canonical\" href=\"https:\/\/www.inerco.com\/es\/centro-de-recursos\/integridad-de-activos-asset-integrity\/\" \/>\n<meta property=\"og:locale\" content=\"es_ES\" \/>\n<meta property=\"og:type\" content=\"article\" \/>\n<meta property=\"og:title\" content=\"Gu\u00eda &#039;Integridad de Activos | Asset Integrity&#039; - INERCO\" \/>\n<meta property=\"og:description\" content=\"Descarga gu\u00eda gratis &#039;Integridad de Activos - Asset Integrity&#039;. Aspectos clave para el buen comportamiento operativo de un determinado equipo, sistema o instalaci\u00f3n.\" \/>\n<meta property=\"og:url\" content=\"https:\/\/www.inerco.com\/es\/centro-de-recursos\/integridad-de-activos-asset-integrity\/\" \/>\n<meta property=\"og:site_name\" content=\"INERCO\" \/>\n<meta property=\"article:modified_time\" content=\"2023-02-08T13:47:42+00:00\" \/>\n<meta property=\"og:image\" content=\"https:\/\/www.inerco.com\/wp-content\/uploads\/Integridad-de-Activos-Asset-Integrity.jpg\" \/>\n\t<meta property=\"og:image:width\" content=\"493\" \/>\n\t<meta property=\"og:image:height\" content=\"699\" \/>\n\t<meta property=\"og:image:type\" content=\"image\/jpeg\" \/>\n<meta name=\"twitter:card\" content=\"summary_large_image\" \/>\n<meta name=\"twitter:site\" content=\"@Inerco_\" \/>\n<script type=\"application\/ld+json\" class=\"yoast-schema-graph\">{\"@context\":\"https:\/\/schema.org\",\"@graph\":[{\"@type\":\"WebPage\",\"@id\":\"https:\/\/www.inerco.com\/es\/centro-de-recursos\/integridad-de-activos-asset-integrity\/\",\"url\":\"https:\/\/www.inerco.com\/es\/centro-de-recursos\/integridad-de-activos-asset-integrity\/\",\"name\":\"Gu\u00eda 'Integridad de Activos | Asset Integrity' - INERCO\",\"isPartOf\":{\"@id\":\"https:\/\/www.inerco.com\/es\/#website\"},\"primaryImageOfPage\":{\"@id\":\"https:\/\/www.inerco.com\/es\/centro-de-recursos\/integridad-de-activos-asset-integrity\/#primaryimage\"},\"image\":{\"@id\":\"https:\/\/www.inerco.com\/es\/centro-de-recursos\/integridad-de-activos-asset-integrity\/#primaryimage\"},\"thumbnailUrl\":\"https:\/\/www.inerco.com\/wp-content\/uploads\/Integridad-de-Activos-Asset-Integrity.jpg\",\"datePublished\":\"2021-08-04T10:35:01+00:00\",\"dateModified\":\"2023-02-08T13:47:42+00:00\",\"description\":\"Descarga gu\u00eda gratis 'Integridad de Activos - Asset Integrity'. Aspectos clave para el buen comportamiento operativo de un determinado equipo, sistema o instalaci\u00f3n.\",\"breadcrumb\":{\"@id\":\"https:\/\/www.inerco.com\/es\/centro-de-recursos\/integridad-de-activos-asset-integrity\/#breadcrumb\"},\"inLanguage\":\"es\",\"potentialAction\":[{\"@type\":\"ReadAction\",\"target\":[\"https:\/\/www.inerco.com\/es\/centro-de-recursos\/integridad-de-activos-asset-integrity\/\"]}]},{\"@type\":\"ImageObject\",\"inLanguage\":\"es\",\"@id\":\"https:\/\/www.inerco.com\/es\/centro-de-recursos\/integridad-de-activos-asset-integrity\/#primaryimage\",\"url\":\"https:\/\/www.inerco.com\/wp-content\/uploads\/Integridad-de-Activos-Asset-Integrity.jpg\",\"contentUrl\":\"https:\/\/www.inerco.com\/wp-content\/uploads\/Integridad-de-Activos-Asset-Integrity.jpg\",\"width\":493,\"height\":699,\"caption\":\"Integridad de Activos Asset Integrity\"},{\"@type\":\"BreadcrumbList\",\"@id\":\"https:\/\/www.inerco.com\/es\/centro-de-recursos\/integridad-de-activos-asset-integrity\/#breadcrumb\",\"itemListElement\":[{\"@type\":\"ListItem\",\"position\":1,\"name\":\"Home\",\"item\":\"https:\/\/www.inerco.com\/es\/\"},{\"@type\":\"ListItem\",\"position\":2,\"name\":\"Centro de Recursos\",\"item\":\"https:\/\/www.inerco.com\/es\/centro-de-recursos\/\"},{\"@type\":\"ListItem\",\"position\":3,\"name\":\"Integridad de Activos Asset Integrity\"}]},{\"@type\":\"WebSite\",\"@id\":\"https:\/\/www.inerco.com\/es\/#website\",\"url\":\"https:\/\/www.inerco.com\/es\/\",\"name\":\"INERCO\",\"description\":\"Tecnolog\u00eda, ingenier\u00eda y consultor\u00eda integral para el desarrollo industrial sostenible\",\"potentialAction\":[{\"@type\":\"SearchAction\",\"target\":{\"@type\":\"EntryPoint\",\"urlTemplate\":\"https:\/\/www.inerco.com\/es\/?s={search_term_string}\"},\"query-input\":{\"@type\":\"PropertyValueSpecification\",\"valueRequired\":true,\"valueName\":\"search_term_string\"}}],\"inLanguage\":\"es\"}]}<\/script>\n<!-- \/ Yoast SEO plugin. -->","yoast_head_json":{"title":"Gu\u00eda 'Integridad de Activos | Asset Integrity' - INERCO","description":"Descarga gu\u00eda gratis 'Integridad de Activos - Asset Integrity'. Aspectos clave para el buen comportamiento operativo de un determinado equipo, sistema o instalaci\u00f3n.","robots":{"index":"index","follow":"follow","max-snippet":"max-snippet:-1","max-image-preview":"max-image-preview:large","max-video-preview":"max-video-preview:-1"},"canonical":"https:\/\/www.inerco.com\/es\/centro-de-recursos\/integridad-de-activos-asset-integrity\/","og_locale":"es_ES","og_type":"article","og_title":"Gu\u00eda 'Integridad de Activos | Asset Integrity' - INERCO","og_description":"Descarga gu\u00eda gratis 'Integridad de Activos - Asset Integrity'. Aspectos clave para el buen comportamiento operativo de un determinado equipo, sistema o instalaci\u00f3n.","og_url":"https:\/\/www.inerco.com\/es\/centro-de-recursos\/integridad-de-activos-asset-integrity\/","og_site_name":"INERCO","article_modified_time":"2023-02-08T13:47:42+00:00","og_image":[{"width":493,"height":699,"url":"https:\/\/www.inerco.com\/wp-content\/uploads\/Integridad-de-Activos-Asset-Integrity.jpg","type":"image\/jpeg"}],"twitter_card":"summary_large_image","twitter_site":"@Inerco_","schema":{"@context":"https:\/\/schema.org","@graph":[{"@type":"WebPage","@id":"https:\/\/www.inerco.com\/es\/centro-de-recursos\/integridad-de-activos-asset-integrity\/","url":"https:\/\/www.inerco.com\/es\/centro-de-recursos\/integridad-de-activos-asset-integrity\/","name":"Gu\u00eda 'Integridad de Activos | Asset Integrity' - INERCO","isPartOf":{"@id":"https:\/\/www.inerco.com\/es\/#website"},"primaryImageOfPage":{"@id":"https:\/\/www.inerco.com\/es\/centro-de-recursos\/integridad-de-activos-asset-integrity\/#primaryimage"},"image":{"@id":"https:\/\/www.inerco.com\/es\/centro-de-recursos\/integridad-de-activos-asset-integrity\/#primaryimage"},"thumbnailUrl":"https:\/\/www.inerco.com\/wp-content\/uploads\/Integridad-de-Activos-Asset-Integrity.jpg","datePublished":"2021-08-04T10:35:01+00:00","dateModified":"2023-02-08T13:47:42+00:00","description":"Descarga gu\u00eda gratis 'Integridad de Activos - Asset Integrity'. Aspectos clave para el buen comportamiento operativo de un determinado equipo, sistema o instalaci\u00f3n.","breadcrumb":{"@id":"https:\/\/www.inerco.com\/es\/centro-de-recursos\/integridad-de-activos-asset-integrity\/#breadcrumb"},"inLanguage":"es","potentialAction":[{"@type":"ReadAction","target":["https:\/\/www.inerco.com\/es\/centro-de-recursos\/integridad-de-activos-asset-integrity\/"]}]},{"@type":"ImageObject","inLanguage":"es","@id":"https:\/\/www.inerco.com\/es\/centro-de-recursos\/integridad-de-activos-asset-integrity\/#primaryimage","url":"https:\/\/www.inerco.com\/wp-content\/uploads\/Integridad-de-Activos-Asset-Integrity.jpg","contentUrl":"https:\/\/www.inerco.com\/wp-content\/uploads\/Integridad-de-Activos-Asset-Integrity.jpg","width":493,"height":699,"caption":"Integridad de Activos Asset Integrity"},{"@type":"BreadcrumbList","@id":"https:\/\/www.inerco.com\/es\/centro-de-recursos\/integridad-de-activos-asset-integrity\/#breadcrumb","itemListElement":[{"@type":"ListItem","position":1,"name":"Home","item":"https:\/\/www.inerco.com\/es\/"},{"@type":"ListItem","position":2,"name":"Centro de Recursos","item":"https:\/\/www.inerco.com\/es\/centro-de-recursos\/"},{"@type":"ListItem","position":3,"name":"Integridad de Activos Asset Integrity"}]},{"@type":"WebSite","@id":"https:\/\/www.inerco.com\/es\/#website","url":"https:\/\/www.inerco.com\/es\/","name":"INERCO","description":"Tecnolog\u00eda, ingenier\u00eda y consultor\u00eda integral para el desarrollo industrial sostenible","potentialAction":[{"@type":"SearchAction","target":{"@type":"EntryPoint","urlTemplate":"https:\/\/www.inerco.com\/es\/?s={search_term_string}"},"query-input":{"@type":"PropertyValueSpecification","valueRequired":true,"valueName":"search_term_string"}}],"inLanguage":"es"}]}},"_links":{"self":[{"href":"https:\/\/www.inerco.com\/es\/wp-json\/wp\/v2\/pages\/8588","targetHints":{"allow":["GET"]}}],"collection":[{"href":"https:\/\/www.inerco.com\/es\/wp-json\/wp\/v2\/pages"}],"about":[{"href":"https:\/\/www.inerco.com\/es\/wp-json\/wp\/v2\/types\/page"}],"author":[{"embeddable":true,"href":"https:\/\/www.inerco.com\/es\/wp-json\/wp\/v2\/users\/1"}],"replies":[{"embeddable":true,"href":"https:\/\/www.inerco.com\/es\/wp-json\/wp\/v2\/comments?post=8588"}],"version-history":[{"count":5,"href":"https:\/\/www.inerco.com\/es\/wp-json\/wp\/v2\/pages\/8588\/revisions"}],"predecessor-version":[{"id":12386,"href":"https:\/\/www.inerco.com\/es\/wp-json\/wp\/v2\/pages\/8588\/revisions\/12386"}],"up":[{"embeddable":true,"href":"https:\/\/www.inerco.com\/es\/wp-json\/wp\/v2\/pages\/5534"}],"wp:featuredmedia":[{"embeddable":true,"href":"https:\/\/www.inerco.com\/es\/wp-json\/wp\/v2\/media\/8589"}],"wp:attachment":[{"href":"https:\/\/www.inerco.com\/es\/wp-json\/wp\/v2\/media?parent=8588"}],"curies":[{"name":"wp","href":"https:\/\/api.w.org\/{rel}","templated":true}]}}