{"id":5534,"date":"2020-11-25T11:34:18","date_gmt":"2020-11-25T10:34:18","guid":{"rendered":"https:\/\/www.inerco.com\/?page_id=5534"},"modified":"2023-02-08T14:20:56","modified_gmt":"2023-02-08T13:20:56","slug":"centro-de-recursos","status":"publish","type":"page","link":"https:\/\/www.inerco.com\/es\/centro-de-recursos\/","title":{"rendered":"Centro de Recursos"},"content":{"rendered":"<div class=\"wpb-content-wrapper\"><p>[vc_row css_animation=\u00bb\u00bb row_type=\u00bbrow\u00bb use_row_as_full_screen_section=\u00bbno\u00bb type=\u00bbgrid\u00bb angled_section=\u00bbno\u00bb text_align=\u00bbleft\u00bb background_image_as_pattern=\u00bbwithout_pattern\u00bb z_index=\u00bb\u00bb el_id=\u00bbnone\u00bb el_class=\u00bbnone\u00bb][vc_column width=\u00bb1\/4&#8243;][vc_single_image image=\u00bb739&#8243; img_size=\u00bbfull\u00bb onclick=\u00bbcustom_link\u00bb qode_css_animation=\u00bb\u00bb link=\u00bbhttps:\/\/www.inerco.com\/es\/\u00bb][\/vc_column][vc_column width=\u00bb3\/4&#8243;][\/vc_column][\/vc_row][vc_row css_animation=\u00bb\u00bb row_type=\u00bbrow\u00bb use_row_as_full_screen_section=\u00bbno\u00bb type=\u00bbfull_width\u00bb angled_section=\u00bbno\u00bb text_align=\u00bbleft\u00bb background_image_as_pattern=\u00bbwithout_pattern\u00bb z_index=\u00bb\u00bb background_image=\u00bb8601&#8243;][vc_column][vc_empty_space height=\u00bb120&#8243;][vc_column_text]<\/p>\n<h1 style=\"text-align: center;\"><span style=\"color: #ffffff;\">Centro de Recursos<\/span><\/h1>\n<h2 style=\"text-align: center;\"><span style=\"color: #ffffff;\">Nuestras gu\u00edas gratuitas<\/span><\/h2>\n<p>[\/vc_column_text][vc_empty_space height=\u00bb120&#8243;][\/vc_column][\/vc_row][vc_row css_animation=\u00bb\u00bb row_type=\u00bbrow\u00bb use_row_as_full_screen_section=\u00bbno\u00bb type=\u00bbfull_width\u00bb angled_section=\u00bbno\u00bb text_align=\u00bbleft\u00bb background_image_as_pattern=\u00bbwithout_pattern\u00bb][vc_column][vc_empty_space height=\u00bb60px\u00bb][\/vc_column][\/vc_row][vc_row css_animation=\u00bb\u00bb row_type=\u00bbrow\u00bb use_row_as_full_screen_section=\u00bbno\u00bb type=\u00bbgrid\u00bb angled_section=\u00bbno\u00bb text_align=\u00bbleft\u00bb background_image_as_pattern=\u00bbwithout_pattern\u00bb z_index=\u00bb\u00bb][vc_column width=\u00bb1\/4&#8243; css=\u00bb.vc_custom_1606301132116{padding-right: 10% !important;padding-left: 10% !important;}\u00bb][vc_single_image image=\u00bb5652&#8243; img_size=\u00bb282&#215;400&#8243; alignment=\u00bbcenter\u00bb style=\u00bbvc_box_shadow\u00bb onclick=\u00bbcustom_link\u00bb img_link_target=\u00bb_blank\u00bb qode_css_animation=\u00bb\u00bb link=\u00bb\/es\/centro-de-recursos\/errores-humanos-tipologia-y-claves-para-gestionarlos\/\u00bb][vc_empty_space height=\u00bb40px\u00bb][vc_column_text]<\/p>\n<p style=\"text-align: center;\"><a href=\"\/es\/centro-de-recursos\/errores-humanos-tipologia-y-claves-para-gestionarlos\/\" target=\"_blank\" rel=\"noopener noreferrer\"><strong>Errores humanos: tipolog\u00eda y claves para gestionarlos<\/strong><\/a><\/p>\n<p>[\/vc_column_text][\/vc_column][vc_column width=\u00bb1\/4&#8243; css=\u00bb.vc_custom_1606301141579{padding-right: 10% !important;padding-left: 10% !important;}\u00bb][vc_single_image image=\u00bb5646&#8243; img_size=\u00bb282&#215;400&#8243; alignment=\u00bbcenter\u00bb style=\u00bbvc_box_shadow\u00bb onclick=\u00bbcustom_link\u00bb img_link_target=\u00bb_blank\u00bb qode_css_animation=\u00bb\u00bb link=\u00bb\/es\/centro-de-recursos\/gestion-de-seguridad-de-procesos-process-safety-management-psm\/\u00bb][vc_empty_space height=\u00bb40px\u00bb][vc_column_text]<\/p>\n<p style=\"text-align: center;\"><a href=\"\/es\/centro-de-recursos\/gestion-de-seguridad-de-procesos-process-safety-management-psm\/\" target=\"_blank\" rel=\"noopener noreferrer\"><strong>Gesti\u00f3n de Seguridad de Procesos \u2013 Process Safety Management<\/strong><\/a><\/p>\n<p>[\/vc_column_text][\/vc_column][vc_column width=\u00bb1\/4&#8243; css=\u00bb.vc_custom_1606301152329{padding-right: 10% !important;padding-left: 10% !important;}\u00bb][vc_single_image image=\u00bb5650&#8243; img_size=\u00bb282&#215;400&#8243; alignment=\u00bbcenter\u00bb style=\u00bbvc_box_shadow\u00bb onclick=\u00bbcustom_link\u00bb img_link_target=\u00bb_blank\u00bb qode_css_animation=\u00bb\u00bb link=\u00bb\/es\/centro-de-recursos\/sistemas-de-monitoreo-ambiental-en-continuo\/\u00bb][vc_empty_space height=\u00bb40px\u00bb][vc_column_text]<\/p>\n<p style=\"text-align: center;\"><a class=\"row-title\" href=\"\/es\/centro-de-recursos\/sistemas-de-monitoreo-ambiental-en-continuo\/\" target=\"_blank\" rel=\"noopener noreferrer\"><strong>Sistemas de Monitoreo Ambiental en Continuo<\/strong><\/a><\/p>\n<p>[\/vc_column_text][\/vc_column][vc_column width=\u00bb1\/4&#8243; css=\u00bb.vc_custom_1606385504415{padding-right: 10% !important;padding-left: 10% !important;}\u00bb][vc_single_image image=\u00bb5654&#8243; img_size=\u00bb282&#215;400&#8243; alignment=\u00bbcenter\u00bb style=\u00bbvc_box_shadow\u00bb onclick=\u00bbcustom_link\u00bb img_link_target=\u00bb_blank\u00bb qode_css_animation=\u00bb\u00bb link=\u00bb\/es\/centro-de-recursos\/fundamentos-para-los-sistemas-de-gestion-de-emergencias\/\u00bb][vc_empty_space height=\u00bb40px\u00bb][vc_column_text]<\/p>\n<p style=\"text-align: center;\"><a href=\"\/es\/centro-de-recursos\/fundamentos-para-los-sistemas-de-gestion-de-emergencias\/\" target=\"_blank\" rel=\"noopener noreferrer\"><strong>Fundamentos para los Sistemas de Gesti\u00f3n de Emergencias<\/strong><\/a><\/p>\n<p>[\/vc_column_text][\/vc_column][\/vc_row][vc_row css_animation=\u00bb\u00bb row_type=\u00bbrow\u00bb use_row_as_full_screen_section=\u00bbno\u00bb type=\u00bbfull_width\u00bb angled_section=\u00bbno\u00bb text_align=\u00bbleft\u00bb background_image_as_pattern=\u00bbwithout_pattern\u00bb][vc_column][vc_empty_space height=\u00bb60px\u00bb][\/vc_column][\/vc_row][vc_row css_animation=\u00bb\u00bb row_type=\u00bbrow\u00bb use_row_as_full_screen_section=\u00bbno\u00bb type=\u00bbgrid\u00bb angled_section=\u00bbno\u00bb text_align=\u00bbleft\u00bb background_image_as_pattern=\u00bbwithout_pattern\u00bb z_index=\u00bb\u00bb][vc_column width=\u00bb1\/4&#8243; css=\u00bb.vc_custom_1606385719943{padding-right: 10% !important;padding-left: 10% !important;}\u00bb][vc_single_image image=\u00bb5648&#8243; img_size=\u00bb282&#215;400&#8243; alignment=\u00bbcenter\u00bb style=\u00bbvc_box_shadow\u00bb onclick=\u00bbcustom_link\u00bb img_link_target=\u00bb_blank\u00bb qode_css_animation=\u00bb\u00bb link=\u00bb\/es\/centro-de-recursos\/reduccion-gei\/\u00bb][vc_empty_space height=\u00bb40px\u00bb][vc_column_text]<\/p>\n<p style=\"text-align: center;\"><a href=\"https:\/\/www.inerco.com\/es\/centro-de-recursos\/las-siete-claves-para-reducir-las-emisiones-de-gases-de-efecto-invernadero\/\" target=\"_blank\" rel=\"noopener noreferrer\"><strong>Las siete claves para reducir las<br \/>\nemisiones de Gases de Efecto Invernadero (GEI)<\/strong><\/a><\/p>\n<p>[\/vc_column_text][\/vc_column][vc_column width=\u00bb1\/4&#8243; css=\u00bb.vc_custom_1606385824327{padding-right: 10% !important;padding-left: 10% !important;}\u00bb][vc_single_image image=\u00bb5656&#8243; img_size=\u00bb282&#215;400&#8243; alignment=\u00bbcenter\u00bb style=\u00bbvc_box_shadow\u00bb onclick=\u00bbcustom_link\u00bb img_link_target=\u00bb_blank\u00bb qode_css_animation=\u00bb\u00bb link=\u00bb\/es\/centro-de-recursos\/ciberseguridad-de-los-sistemas-de-seguridad-fisicos\/\u00bb][vc_empty_space height=\u00bb40px\u00bb][vc_column_text]<\/p>\n<p style=\"text-align: center;\"><a href=\"\/es\/centro-de-recursos\/ciberseguridad-de-los-sistemas-de-seguridad-fisicos\/\" target=\"_blank\" rel=\"noopener noreferrer\"><strong>Ciberseguridad de los Sistemas de Seguridad f\u00edsicos<\/strong><\/a><\/p>\n<p>[\/vc_column_text][\/vc_column][vc_column width=\u00bb1\/4&#8243; css=\u00bb.vc_custom_1628074505242{padding-right: 10% !important;padding-left: 10% !important;}\u00bb][vc_single_image image=\u00bb8589&#8243; img_size=\u00bb284&#215;400&#8243; alignment=\u00bbcenter\u00bb style=\u00bbvc_box_shadow\u00bb onclick=\u00bbcustom_link\u00bb img_link_target=\u00bb_blank\u00bb qode_css_animation=\u00bb\u00bb link=\u00bbhttps:\/\/www.inerco.com\/es\/centro-de-recursos\/integridad-de-activos-asset-integrity\/\u00bb][vc_empty_space height=\u00bb40px\u00bb][vc_column_text]<\/p>\n<p style=\"text-align: center;\"><strong><a class=\"row-title\" href=\"https:\/\/www.inerco.com\/es\/centro-de-recursos\/integridad-de-activos-asset-integrity\/\" target=\"_blank\" rel=\"noopener noreferrer\">Integridad de Activos \u2013 Asset Integrity<\/a><\/strong><\/p>\n<p>[\/vc_column_text][\/vc_column][vc_column width=\u00bb1\/4&#8243; css=\u00bb.vc_custom_1631006722278{padding-right: 10% !important;padding-left: 10% !important;}\u00bb][vc_single_image image=\u00bb9267&#8243; img_size=\u00bb284&#215;400&#8243; alignment=\u00bbcenter\u00bb style=\u00bbvc_box_shadow\u00bb onclick=\u00bbcustom_link\u00bb img_link_target=\u00bb_blank\u00bb qode_css_animation=\u00bb\u00bb link=\u00bbhttps:\/\/www.inerco.com\/wp-content\/uploads\/UK-REACH-Retos-y-Obligaciones-en-la-exportacion-y-comercializacion-de-productos-quimicos-en-Reino-Unido.pdf\u00bb][vc_empty_space height=\u00bb40px\u00bb][vc_column_text]<\/p>\n<p style=\"text-align: center;\"><strong><a class=\"row-title\" href=\"https:\/\/www.inerco.com\/wp-content\/uploads\/UK-REACH-Retos-y-Obligaciones-en-la-exportacion-y-comercializacion-de-productos-quimicos-en-Reino-Unido.pdf\" target=\"_blank\" rel=\"noopener noreferrer\">UK REACH: Retos y Obligaciones en la exportaci\u00f3n y comercializaci\u00f3n de productos qu\u00edmicos en Reino Unido<\/a><\/strong><\/p>\n<p>[\/vc_column_text][\/vc_column][\/vc_row][vc_row css_animation=\u00bb\u00bb row_type=\u00bbrow\u00bb use_row_as_full_screen_section=\u00bbno\u00bb type=\u00bbfull_width\u00bb angled_section=\u00bbno\u00bb text_align=\u00bbleft\u00bb background_image_as_pattern=\u00bbwithout_pattern\u00bb][vc_column][vc_empty_space height=\u00bb60px\u00bb][\/vc_column][\/vc_row][vc_row css_animation=\u00bb\u00bb row_type=\u00bbrow\u00bb use_row_as_full_screen_section=\u00bbno\u00bb type=\u00bbgrid\u00bb angled_section=\u00bbno\u00bb text_align=\u00bbleft\u00bb background_image_as_pattern=\u00bbwithout_pattern\u00bb z_index=\u00bb\u00bb][vc_column width=\u00bb1\/4&#8243; css=\u00bb.vc_custom_1665747326254{padding-right: 10% !important;padding-left: 10% !important;}\u00bb][vc_single_image image=\u00bb9258&#8243; img_size=\u00bb282&#215;400&#8243; alignment=\u00bbcenter\u00bb style=\u00bbvc_box_shadow\u00bb onclick=\u00bbcustom_link\u00bb img_link_target=\u00bb_blank\u00bb qode_css_animation=\u00bb\u00bb link=\u00bbhttps:\/\/www.inerco.com\/wp-content\/uploads\/Catalogo-de-Aves-INERCO-Colombia.pdf\u00bb][vc_empty_space height=\u00bb40px\u00bb][vc_column_text]<\/p>\n<p style=\"text-align: center;\"><a href=\"https:\/\/www.inerco.com\/wp-content\/uploads\/Catalogo-de-Aves-INERCO-Colombia.pdf\" target=\"_blank\" rel=\"noopener noreferrer\"><strong>Cat\u00e1logo de Aves<br \/>\nINERCO Colombia<\/strong><\/a><\/p>\n<p>[\/vc_column_text][\/vc_column][vc_column width=\u00bb1\/4&#8243; css=\u00bb.vc_custom_1665747330944{padding-right: 10% !important;padding-left: 10% !important;}\u00bb][vc_single_image image=\u00bb9927&#8243; img_size=\u00bb282&#215;400&#8243; alignment=\u00bbcenter\u00bb style=\u00bbvc_box_shadow\u00bb onclick=\u00bbcustom_link\u00bb img_link_target=\u00bb_blank\u00bb qode_css_animation=\u00bb\u00bb link=\u00bbhttps:\/\/www.inerco.com\/wp-content\/uploads\/Servicios-INERCO-Peru.pdf\u00bb][vc_empty_space height=\u00bb40px\u00bb][vc_column_text]<\/p>\n<p style=\"text-align: center;\"><a href=\"https:\/\/www.inerco.com\/wp-content\/uploads\/Servicios-INERCO-Peru.pdf\" target=\"_blank\" rel=\"noopener noreferrer\"><strong>Servicios<br \/>\nINERCO Per\u00fa<\/strong><\/a><\/p>\n<p>[\/vc_column_text][\/vc_column][vc_column width=\u00bb1\/4&#8243; css=\u00bb.vc_custom_1665747337313{padding-right: 10% !important;padding-left: 10% !important;}\u00bb][vc_single_image image=\u00bb11825&#8243; img_size=\u00bb282&#215;400&#8243; alignment=\u00bbcenter\u00bb style=\u00bbvc_box_shadow\u00bb onclick=\u00bbcustom_link\u00bb img_link_target=\u00bb_blank\u00bb qode_css_animation=\u00bb\u00bb link=\u00bbhttps:\/\/www.inerco.com\/wp-content\/uploads\/Guia-de-orquideas-bromelias-briofitos-y-liquenes_INERCO.pdf\u00bb][vc_empty_space height=\u00bb40px\u00bb][vc_column_text]<\/p>\n<p style=\"text-align: center;\"><a href=\"https:\/\/www.inerco.com\/wp-content\/uploads\/Guia-de-orquideas-bromelias-briofitos-y-liquenes_INERCO.pdf\" target=\"_blank\" rel=\"noopener noreferrer\"><strong>Gu\u00eda de orqu\u00eddeas, bromelias, bri\u00f3fitos y l\u00edquenes<\/strong><\/a><\/p>\n<p>[\/vc_column_text][\/vc_column][vc_column width=\u00bb1\/4&#8243; css=\u00bb.vc_custom_1665747342295{padding-right: 10% !important;padding-left: 10% !important;}\u00bb][\/vc_column][\/vc_row][vc_row css_animation=\u00bb\u00bb row_type=\u00bbrow\u00bb use_row_as_full_screen_section=\u00bbno\u00bb type=\u00bbfull_width\u00bb angled_section=\u00bbno\u00bb text_align=\u00bbleft\u00bb background_image_as_pattern=\u00bbwithout_pattern\u00bb][vc_column][vc_empty_space height=\u00bb60px\u00bb][\/vc_column][\/vc_row][vc_row css_animation=\u00bb\u00bb row_type=\u00bbrow\u00bb use_row_as_full_screen_section=\u00bbno\u00bb type=\u00bbgrid\u00bb angled_section=\u00bbno\u00bb text_align=\u00bbleft\u00bb background_image_as_pattern=\u00bbwithout_pattern\u00bb z_index=\u00bb\u00bb][vc_column width=\u00bb1\/4&#8243; css=\u00bb.vc_custom_1606385719943{padding-right: 10% !important;padding-left: 10% !important;}\u00bb][vc_empty_space height=\u00bb40px\u00bb][\/vc_column][vc_column width=\u00bb1\/4&#8243; css=\u00bb.vc_custom_1606385824327{padding-right: 10% !important;padding-left: 10% !important;}\u00bb][vc_empty_space height=\u00bb40px\u00bb][\/vc_column][vc_column width=\u00bb1\/4&#8243; css=\u00bb.vc_custom_1628074505242{padding-right: 10% !important;padding-left: 10% !important;}\u00bb][\/vc_column][vc_column width=\u00bb1\/4&#8243; css=\u00bb.vc_custom_1631006722278{padding-right: 10% !important;padding-left: 10% !important;}\u00bb][\/vc_column][\/vc_row][vc_row css_animation=\u00bb\u00bb row_type=\u00bbrow\u00bb use_row_as_full_screen_section=\u00bbno\u00bb type=\u00bbfull_width\u00bb angled_section=\u00bbno\u00bb text_align=\u00bbleft\u00bb background_image_as_pattern=\u00bbwithout_pattern\u00bb z_index=\u00bb\u00bb][vc_column][vc_empty_space height=\u00bb100px\u00bb][\/vc_column][\/vc_row]<\/p>\n<\/div>","protected":false},"excerpt":{"rendered":"<p>[vc_row css_animation=\u00bb\u00bb row_type=\u00bbrow\u00bb use_row_as_full_screen_section=\u00bbno\u00bb type=\u00bbgrid\u00bb angled_section=\u00bbno\u00bb text_align=\u00bbleft\u00bb background_image_as_pattern=\u00bbwithout_pattern\u00bb z_index=\u00bb\u00bb el_id=\u00bbnone\u00bb el_class=\u00bbnone\u00bb][vc_column width=\u00bb1\/4&#8243;][vc_single_image image=\u00bb739&#8243; img_size=\u00bbfull\u00bb onclick=\u00bbcustom_link\u00bb&#8230;<\/p>\n","protected":false},"author":1,"featured_media":8601,"parent":0,"menu_order":0,"comment_status":"closed","ping_status":"closed","template":"full_width.php","meta":{"footnotes":""},"class_list":["post-5534","page","type-page","status-publish","has-post-thumbnail","hentry"],"yoast_head":"<!-- This site is optimized with the Yoast SEO plugin v26.4 - https:\/\/yoast.com\/wordpress\/plugins\/seo\/ -->\n<title>Centro de Recursos - INERCO<\/title>\n<meta name=\"description\" content=\"Descarga nuestras gu\u00edas gratuitas sobre Process Safety Management, Sistemas de Monitoreo Ambiental en Continuo, Integridad de Activos, Sistemas de Gesti\u00f3n de Emergencias, Errores humanos, Claves para reducir las emisiones de Gases de Efecto Invernadero y Ciberseguridad.\" \/>\n<meta name=\"robots\" content=\"index, follow, max-snippet:-1, max-image-preview:large, max-video-preview:-1\" \/>\n<link rel=\"canonical\" href=\"https:\/\/www.inerco.com\/es\/centro-de-recursos\/\" \/>\n<meta property=\"og:locale\" content=\"es_ES\" \/>\n<meta property=\"og:type\" content=\"article\" \/>\n<meta property=\"og:title\" content=\"Centro de Recursos - INERCO\" \/>\n<meta property=\"og:description\" content=\"Descarga nuestras gu\u00edas gratuitas sobre Process Safety Management, Sistemas de Monitoreo Ambiental en Continuo, Integridad de Activos, Sistemas de Gesti\u00f3n de Emergencias, Errores humanos, Claves para reducir las emisiones de Gases de Efecto Invernadero y Ciberseguridad.\" \/>\n<meta property=\"og:url\" content=\"https:\/\/www.inerco.com\/es\/centro-de-recursos\/\" \/>\n<meta property=\"og:site_name\" content=\"INERCO\" \/>\n<meta property=\"article:modified_time\" content=\"2023-02-08T13:20:56+00:00\" \/>\n<meta property=\"og:image\" content=\"https:\/\/www.inerco.com\/wp-content\/uploads\/Centro-de-Recursos-Guias-Descarga-INERCO.jpg\" \/>\n\t<meta property=\"og:image:width\" content=\"1920\" \/>\n\t<meta property=\"og:image:height\" content=\"500\" \/>\n\t<meta property=\"og:image:type\" content=\"image\/jpeg\" \/>\n<meta name=\"twitter:card\" content=\"summary_large_image\" \/>\n<meta name=\"twitter:site\" content=\"@Inerco_\" \/>\n<script type=\"application\/ld+json\" class=\"yoast-schema-graph\">{\"@context\":\"https:\/\/schema.org\",\"@graph\":[{\"@type\":\"WebPage\",\"@id\":\"https:\/\/www.inerco.com\/es\/centro-de-recursos\/\",\"url\":\"https:\/\/www.inerco.com\/es\/centro-de-recursos\/\",\"name\":\"Centro de Recursos - INERCO\",\"isPartOf\":{\"@id\":\"https:\/\/www.inerco.com\/es\/#website\"},\"primaryImageOfPage\":{\"@id\":\"https:\/\/www.inerco.com\/es\/centro-de-recursos\/#primaryimage\"},\"image\":{\"@id\":\"https:\/\/www.inerco.com\/es\/centro-de-recursos\/#primaryimage\"},\"thumbnailUrl\":\"https:\/\/www.inerco.com\/wp-content\/uploads\/Centro-de-Recursos-Guias-Descarga-INERCO.jpg\",\"datePublished\":\"2020-11-25T10:34:18+00:00\",\"dateModified\":\"2023-02-08T13:20:56+00:00\",\"description\":\"Descarga nuestras gu\u00edas gratuitas sobre Process Safety Management, Sistemas de Monitoreo Ambiental en Continuo, Integridad de Activos, Sistemas de Gesti\u00f3n de Emergencias, Errores humanos, Claves para reducir las emisiones de Gases de Efecto Invernadero y Ciberseguridad.\",\"breadcrumb\":{\"@id\":\"https:\/\/www.inerco.com\/es\/centro-de-recursos\/#breadcrumb\"},\"inLanguage\":\"es\",\"potentialAction\":[{\"@type\":\"ReadAction\",\"target\":[\"https:\/\/www.inerco.com\/es\/centro-de-recursos\/\"]}]},{\"@type\":\"ImageObject\",\"inLanguage\":\"es\",\"@id\":\"https:\/\/www.inerco.com\/es\/centro-de-recursos\/#primaryimage\",\"url\":\"https:\/\/www.inerco.com\/wp-content\/uploads\/Centro-de-Recursos-Guias-Descarga-INERCO.jpg\",\"contentUrl\":\"https:\/\/www.inerco.com\/wp-content\/uploads\/Centro-de-Recursos-Guias-Descarga-INERCO.jpg\",\"width\":1920,\"height\":500,\"caption\":\"Centro de Recursos Gu\u00edas Descarga INERCO\"},{\"@type\":\"BreadcrumbList\",\"@id\":\"https:\/\/www.inerco.com\/es\/centro-de-recursos\/#breadcrumb\",\"itemListElement\":[{\"@type\":\"ListItem\",\"position\":1,\"name\":\"Home\",\"item\":\"https:\/\/www.inerco.com\/es\/\"},{\"@type\":\"ListItem\",\"position\":2,\"name\":\"Centro de Recursos\"}]},{\"@type\":\"WebSite\",\"@id\":\"https:\/\/www.inerco.com\/es\/#website\",\"url\":\"https:\/\/www.inerco.com\/es\/\",\"name\":\"INERCO\",\"description\":\"Tecnolog\u00eda, ingenier\u00eda y consultor\u00eda integral para el desarrollo industrial sostenible\",\"potentialAction\":[{\"@type\":\"SearchAction\",\"target\":{\"@type\":\"EntryPoint\",\"urlTemplate\":\"https:\/\/www.inerco.com\/es\/?s={search_term_string}\"},\"query-input\":{\"@type\":\"PropertyValueSpecification\",\"valueRequired\":true,\"valueName\":\"search_term_string\"}}],\"inLanguage\":\"es\"}]}<\/script>\n<!-- \/ Yoast SEO plugin. -->","yoast_head_json":{"title":"Centro de Recursos - INERCO","description":"Descarga nuestras gu\u00edas gratuitas sobre Process Safety Management, Sistemas de Monitoreo Ambiental en Continuo, Integridad de Activos, Sistemas de Gesti\u00f3n de Emergencias, Errores humanos, Claves para reducir las emisiones de Gases de Efecto Invernadero y Ciberseguridad.","robots":{"index":"index","follow":"follow","max-snippet":"max-snippet:-1","max-image-preview":"max-image-preview:large","max-video-preview":"max-video-preview:-1"},"canonical":"https:\/\/www.inerco.com\/es\/centro-de-recursos\/","og_locale":"es_ES","og_type":"article","og_title":"Centro de Recursos - INERCO","og_description":"Descarga nuestras gu\u00edas gratuitas sobre Process Safety Management, Sistemas de Monitoreo Ambiental en Continuo, Integridad de Activos, Sistemas de Gesti\u00f3n de Emergencias, Errores humanos, Claves para reducir las emisiones de Gases de Efecto Invernadero y Ciberseguridad.","og_url":"https:\/\/www.inerco.com\/es\/centro-de-recursos\/","og_site_name":"INERCO","article_modified_time":"2023-02-08T13:20:56+00:00","og_image":[{"width":1920,"height":500,"url":"https:\/\/www.inerco.com\/wp-content\/uploads\/Centro-de-Recursos-Guias-Descarga-INERCO.jpg","type":"image\/jpeg"}],"twitter_card":"summary_large_image","twitter_site":"@Inerco_","schema":{"@context":"https:\/\/schema.org","@graph":[{"@type":"WebPage","@id":"https:\/\/www.inerco.com\/es\/centro-de-recursos\/","url":"https:\/\/www.inerco.com\/es\/centro-de-recursos\/","name":"Centro de Recursos - INERCO","isPartOf":{"@id":"https:\/\/www.inerco.com\/es\/#website"},"primaryImageOfPage":{"@id":"https:\/\/www.inerco.com\/es\/centro-de-recursos\/#primaryimage"},"image":{"@id":"https:\/\/www.inerco.com\/es\/centro-de-recursos\/#primaryimage"},"thumbnailUrl":"https:\/\/www.inerco.com\/wp-content\/uploads\/Centro-de-Recursos-Guias-Descarga-INERCO.jpg","datePublished":"2020-11-25T10:34:18+00:00","dateModified":"2023-02-08T13:20:56+00:00","description":"Descarga nuestras gu\u00edas gratuitas sobre Process Safety Management, Sistemas de Monitoreo Ambiental en Continuo, Integridad de Activos, Sistemas de Gesti\u00f3n de Emergencias, Errores humanos, Claves para reducir las emisiones de Gases de Efecto Invernadero y Ciberseguridad.","breadcrumb":{"@id":"https:\/\/www.inerco.com\/es\/centro-de-recursos\/#breadcrumb"},"inLanguage":"es","potentialAction":[{"@type":"ReadAction","target":["https:\/\/www.inerco.com\/es\/centro-de-recursos\/"]}]},{"@type":"ImageObject","inLanguage":"es","@id":"https:\/\/www.inerco.com\/es\/centro-de-recursos\/#primaryimage","url":"https:\/\/www.inerco.com\/wp-content\/uploads\/Centro-de-Recursos-Guias-Descarga-INERCO.jpg","contentUrl":"https:\/\/www.inerco.com\/wp-content\/uploads\/Centro-de-Recursos-Guias-Descarga-INERCO.jpg","width":1920,"height":500,"caption":"Centro de Recursos Gu\u00edas Descarga INERCO"},{"@type":"BreadcrumbList","@id":"https:\/\/www.inerco.com\/es\/centro-de-recursos\/#breadcrumb","itemListElement":[{"@type":"ListItem","position":1,"name":"Home","item":"https:\/\/www.inerco.com\/es\/"},{"@type":"ListItem","position":2,"name":"Centro de Recursos"}]},{"@type":"WebSite","@id":"https:\/\/www.inerco.com\/es\/#website","url":"https:\/\/www.inerco.com\/es\/","name":"INERCO","description":"Tecnolog\u00eda, ingenier\u00eda y consultor\u00eda integral para el desarrollo industrial sostenible","potentialAction":[{"@type":"SearchAction","target":{"@type":"EntryPoint","urlTemplate":"https:\/\/www.inerco.com\/es\/?s={search_term_string}"},"query-input":{"@type":"PropertyValueSpecification","valueRequired":true,"valueName":"search_term_string"}}],"inLanguage":"es"}]}},"_links":{"self":[{"href":"https:\/\/www.inerco.com\/es\/wp-json\/wp\/v2\/pages\/5534","targetHints":{"allow":["GET"]}}],"collection":[{"href":"https:\/\/www.inerco.com\/es\/wp-json\/wp\/v2\/pages"}],"about":[{"href":"https:\/\/www.inerco.com\/es\/wp-json\/wp\/v2\/types\/page"}],"author":[{"embeddable":true,"href":"https:\/\/www.inerco.com\/es\/wp-json\/wp\/v2\/users\/1"}],"replies":[{"embeddable":true,"href":"https:\/\/www.inerco.com\/es\/wp-json\/wp\/v2\/comments?post=5534"}],"version-history":[{"count":49,"href":"https:\/\/www.inerco.com\/es\/wp-json\/wp\/v2\/pages\/5534\/revisions"}],"predecessor-version":[{"id":12373,"href":"https:\/\/www.inerco.com\/es\/wp-json\/wp\/v2\/pages\/5534\/revisions\/12373"}],"wp:featuredmedia":[{"embeddable":true,"href":"https:\/\/www.inerco.com\/es\/wp-json\/wp\/v2\/media\/8601"}],"wp:attachment":[{"href":"https:\/\/www.inerco.com\/es\/wp-json\/wp\/v2\/media?parent=5534"}],"curies":[{"name":"wp","href":"https:\/\/api.w.org\/{rel}","templated":true}]}}