{"id":4686,"date":"2020-06-26T12:54:32","date_gmt":"2020-06-26T10:54:32","guid":{"rendered":"https:\/\/www.inerco.com\/?page_id=4686"},"modified":"2024-06-13T10:16:58","modified_gmt":"2024-06-13T08:16:58","slug":"medicion-de-emisiones-fugitivas","status":"publish","type":"page","link":"https:\/\/www.inerco.com\/es\/medio-ambiente\/medicion-de-emisiones-fugitivas\/","title":{"rendered":"Medici\u00f3n de emisiones fugitivas"},"content":{"rendered":"<div class=\"wpb-content-wrapper\"><p>[vc_row css_animation=\u00bb\u00bb row_type=\u00bbrow\u00bb use_row_as_full_screen_section=\u00bbno\u00bb type=\u00bbfull_width\u00bb angled_section=\u00bbno\u00bb text_align=\u00bbleft\u00bb background_image_as_pattern=\u00bbwithout_pattern\u00bb][vc_column][vc_empty_space height=\u00bb80px\u00bb][\/vc_column][\/vc_row][vc_row css_animation=\u00bb\u00bb row_type=\u00bbrow\u00bb use_row_as_full_screen_section=\u00bbno\u00bb type=\u00bbgrid\u00bb angled_section=\u00bbno\u00bb text_align=\u00bbleft\u00bb background_image_as_pattern=\u00bbwithout_pattern\u00bb z_index=\u00bb\u00bb][vc_column width=\u00bb3\/4&#8243;][vc_row_inner row_type=\u00bbrow\u00bb type=\u00bbfull_width\u00bb text_align=\u00bbleft\u00bb css_animation=\u00bb\u00bb][vc_column_inner]<div class=\"custom_font_holder \" style=\" font-style: normal; font-weight: 200; text-decoration: none; text-align: left; --qode-cf-font-size: 28px; --qode-cf-line-height: 30px; --qode-cf-font-size-1440: 28px; --qode-cf-line-height-1440: 30px; --qode-cf-font-size-1366: 28px; --qode-cf-line-height-1366: 30px; --qode-cf-font-size-1280: 28px; --qode-cf-line-height-1280: 30px; --qode-cf-font-size-1024: 28px; --qode-cf-line-height-1024: 30px; --qode-cf-font-size-768: 28px; --qode-cf-line-height-768: 30px; --qode-cf-font-size-680: 28px; --qode-cf-line-height-680: 30px; --qode-cf-font-size-480: 28px; --qode-cf-line-height-480: 30px;\"><strong>VIRA GAS<\/strong> es una empresa que ofrece servicios de consultor\u00eda e inspecci\u00f3n de gas en diferentes sectores:<\/div>[vc_empty_space height=\u00bb50px\u00bb][qode_elements_holder number_of_columns=\u00bbtwo_columns\u00bb switch_to_one_column=\u00bb600&#8243; alignment_one_column=\u00bbcenter\u00bb][qode_elements_holder_item vertical_alignment=\u00bbtop\u00bb advanced_animations=\u00bbno\u00bb item_padding=\u00bb0px 3px 0px 3px\u00bb]<div class=\"q_icon_list\"><span aria-hidden=\"true\" class=\"qode_icon_font_elegant arrow_right qode-ili-icon-holder transparent\" style=\"color: #009640;\" ><\/span><p style=\"color:#000000;\">Gas de petr\u00f3leo<\/p><\/div><div class=\"q_icon_list\"><span aria-hidden=\"true\" class=\"qode_icon_font_elegant arrow_right qode-ili-icon-holder transparent\" style=\"color: #009640;\" ><\/span><p style=\"color:#000000;\">Industria<\/p><\/div><div class=\"q_icon_list\"><span aria-hidden=\"true\" class=\"qode_icon_font_elegant arrow_right qode-ili-icon-holder transparent\" style=\"color: #009640;\" ><\/span><p style=\"color:#000000;\">Puertos y embarcaciones<\/p><\/div>[\/qode_elements_holder_item][qode_elements_holder_item vertical_alignment=\u00bbtop\u00bb advanced_animations=\u00bbno\u00bb item_padding=\u00bb0px 20px 0px 20px\u00bb][vc_single_image image=\u00bb4687&#8243; img_size=\u00bb220&#215;145&#8243; alignment=\u00bbcenter\u00bb onclick=\u00bbcustom_link\u00bb img_link_target=\u00bb_blank\u00bb qode_css_animation=\u00bb\u00bb link=\u00bbhttp:\/\/www.viragasimaging.com\/\u00bb][\/qode_elements_holder_item][\/qode_elements_holder][\/vc_column_inner][\/vc_row_inner][vc_row_inner row_type=\u00bbrow\u00bb type=\u00bbfull_width\u00bb text_align=\u00bbleft\u00bb css_animation=\u00bb\u00bb][vc_column_inner][vc_empty_space height=\u00bb40px\u00bb][vc_column_text]La compa\u00f1\u00eda se centra en la <strong>detecci\u00f3n de fugas de gas y la cuantificaci\u00f3n de alta precisi\u00f3n<\/strong>, utilizando aplicaciones de software de alto nivel para la detecci\u00f3n, monitoreo, alarmas y procesamiento de datos en tiempo real.<\/p>\n<p>El negocio principal es la consultor\u00eda y proyectos en el campo del monitoreo de emisiones fugitivas de gases de efecto invernadero, el desarrollo de programas LDAR y otro monitoreo continuo de emisiones fugitivas.<\/p>\n<p>En nuestros programas LDAR <strong>utilizamos im\u00e1genes \u00f3pticas de gas basadas en tecnolog\u00eda infrarroja y detectores de fugas de gas basados \u200b\u200ben el tipo de detector PID o FID<\/strong>. Nuestros instrumentos y m\u00e9todos cumplen con los est\u00e1ndares utilizados en la industria del gas natural, como EPA (M\u00e9todo 21) y UNE 15446.[\/vc_column_text][\/vc_column_inner][\/vc_row_inner][vc_empty_space][\/vc_column][vc_column width=\u00bb1\/4&#8243;][vc_raw_html]JTNDJTIxLS1IdWJTcG90JTIwQ2FsbC10by1BY3Rpb24lMjBDb2RlJTIwLS0lM0UlM0NzcGFuJTIwY2xhc3MlM0QlMjJocy1jdGEtd3JhcHBlciUyMiUyMGlkJTNEJTIyaHMtY3RhLXdyYXBwZXItNzcwZWM2OTktMjgwOC00OTJhLTljMmItMTZiMWYyODMyNzExJTIyJTNFJTNDc3BhbiUyMGNsYXNzJTNEJTIyaHMtY3RhLW5vZGUlMjBocy1jdGEtNzcwZWM2OTktMjgwOC00OTJhLTljMmItMTZiMWYyODMyNzExJTIyJTIwaWQlM0QlMjJocy1jdGEtNzcwZWM2OTktMjgwOC00OTJhLTljMmItMTZiMWYyODMyNzExJTIyJTNFJTNDJTIxLS0lNUJpZiUyMGx0ZSUyMElFJTIwOCU1RCUzRSUzQ2RpdiUyMGlkJTNEJTIyaHMtY3RhLWllLWVsZW1lbnQlMjIlM0UlM0MlMkZkaXYlM0UlM0MlMjElNUJlbmRpZiU1RC0tJTNFJTNDYSUyMGhyZWYlM0QlMjJodHRwcyUzQSUyRiUyRmN0YS1yZWRpcmVjdC5odWJzcG90LmNvbSUyRmN0YSUyRnJlZGlyZWN0JTJGNTE4MjYyNSUyRjc3MGVjNjk5LTI4MDgtNDkyYS05YzJiLTE2YjFmMjgzMjcxMSUyMiUyMCUyMHRhcmdldCUzRCUyMl9ibGFuayUyMiUyMCUzRSUzQ2ltZyUyMGNsYXNzJTNEJTIyaHMtY3RhLWltZyUyMiUyMGlkJTNEJTIyaHMtY3RhLWltZy03NzBlYzY5OS0yODA4LTQ5MmEtOWMyYi0xNmIxZjI4MzI3MTElMjIlMjBzdHlsZSUzRCUyMmJvcmRlci13aWR0aCUzQTBweCUzQiUyMiUyMHNyYyUzRCUyMmh0dHBzJTNBJTJGJTJGbm8tY2FjaGUuaHVic3BvdC5jb20lMkZjdGElMkZkZWZhdWx0JTJGNTE4MjYyNSUyRjc3MGVjNjk5LTI4MDgtNDkyYS05YzJiLTE2YjFmMjgzMjcxMS5wbmclMjIlMjAlMjBhbHQlM0QlMjIlQzIlQkZRdWllcmVzJTIwbSVDMyVBMXMlMjBpbmZvcm1hY2klQzMlQjNuJTNGJTIwSGF6JTIwY2xpY2slMjBhcXUlQzMlQUQlMjIlMkYlM0UlM0MlMkZhJTNFJTNDJTJGc3BhbiUzRSUzQ3NjcmlwdCUyMGNoYXJzZXQlM0QlMjJ1dGYtOCUyMiUyMHNyYyUzRCUyMmh0dHBzJTNBJTJGJTJGanMuaHNjdGEubmV0JTJGY3RhJTJGY3VycmVudC5qcyUyMiUzRSUzQyUyRnNjcmlwdCUzRSUzQ3NjcmlwdCUyMHR5cGUlM0QlMjJ0ZXh0JTJGamF2YXNjcmlwdCUyMiUzRSUyMGhic3B0LmN0YS5sb2FkJTI4NTE4MjYyNSUyQyUyMCUyNzc3MGVjNjk5LTI4MDgtNDkyYS05YzJiLTE2YjFmMjgzMjcxMSUyNyUyQyUyMCU3QiU3RCUyOSUzQiUyMCUzQyUyRnNjcmlwdCUzRSUzQyUyRnNwYW4lM0UlM0MlMjEtLSUyMGVuZCUyMEh1YlNwb3QlMjBDYWxsLXRvLUFjdGlvbiUyMENvZGUlMjAtLSUzRQ==[\/vc_raw_html][\/vc_column][\/vc_row][vc_row css_animation=\u00bb\u00bb row_type=\u00bbrow\u00bb use_row_as_full_screen_section=\u00bbno\u00bb type=\u00bbfull_width\u00bb angled_section=\u00bbno\u00bb text_align=\u00bbleft\u00bb background_image_as_pattern=\u00bbwithout_pattern\u00bb][vc_column][vc_empty_space height=\u00bb100px\u00bb][\/vc_column][\/vc_row]<\/p>\n<\/div>","protected":false},"excerpt":{"rendered":"<p>[vc_row css_animation=\u00bb\u00bb row_type=\u00bbrow\u00bb use_row_as_full_screen_section=\u00bbno\u00bb type=\u00bbfull_width\u00bb angled_section=\u00bbno\u00bb text_align=\u00bbleft\u00bb background_image_as_pattern=\u00bbwithout_pattern\u00bb][vc_column][vc_empty_space height=\u00bb80px\u00bb][\/vc_column][\/vc_row][vc_row css_animation=\u00bb\u00bb row_type=\u00bbrow\u00bb use_row_as_full_screen_section=\u00bbno\u00bb type=\u00bbgrid\u00bb angled_section=\u00bbno\u00bb text_align=\u00bbleft\u00bb&#8230;<\/p>\n","protected":false},"author":1,"featured_media":0,"parent":106,"menu_order":0,"comment_status":"closed","ping_status":"closed","template":"full_width.php","meta":{"footnotes":""},"class_list":["post-4686","page","type-page","status-publish","hentry"],"yoast_head":"<!-- This site is optimized with the Yoast SEO plugin v26.4 - https:\/\/yoast.com\/wordpress\/plugins\/seo\/ -->\n<title>Medici\u00f3n de emisiones fugitivas - INERCO<\/title>\n<meta name=\"description\" content=\"Detecci\u00f3n de fugas de gas y cuantificaci\u00f3n de alta precisi\u00f3n: Gas de petr\u00f3leo, industria, puertos y embarcaciones.\" \/>\n<meta name=\"robots\" content=\"index, follow, max-snippet:-1, max-image-preview:large, max-video-preview:-1\" \/>\n<link rel=\"canonical\" href=\"https:\/\/www.inerco.com\/es\/medio-ambiente\/medicion-de-emisiones-fugitivas\/\" \/>\n<meta property=\"og:locale\" content=\"es_ES\" \/>\n<meta property=\"og:type\" content=\"article\" \/>\n<meta property=\"og:title\" content=\"Medici\u00f3n de emisiones fugitivas - INERCO\" \/>\n<meta property=\"og:description\" content=\"Detecci\u00f3n de fugas de gas y cuantificaci\u00f3n de alta precisi\u00f3n: Gas de petr\u00f3leo, industria, puertos y embarcaciones.\" \/>\n<meta property=\"og:url\" content=\"https:\/\/www.inerco.com\/es\/medio-ambiente\/medicion-de-emisiones-fugitivas\/\" \/>\n<meta property=\"og:site_name\" content=\"INERCO\" \/>\n<meta property=\"article:modified_time\" content=\"2024-06-13T08:16:58+00:00\" \/>\n<meta name=\"twitter:card\" content=\"summary_large_image\" \/>\n<meta name=\"twitter:site\" content=\"@Inerco_\" \/>\n<script type=\"application\/ld+json\" class=\"yoast-schema-graph\">{\"@context\":\"https:\/\/schema.org\",\"@graph\":[{\"@type\":\"WebPage\",\"@id\":\"https:\/\/www.inerco.com\/es\/medio-ambiente\/medicion-de-emisiones-fugitivas\/\",\"url\":\"https:\/\/www.inerco.com\/es\/medio-ambiente\/medicion-de-emisiones-fugitivas\/\",\"name\":\"Medici\u00f3n de emisiones fugitivas - INERCO\",\"isPartOf\":{\"@id\":\"https:\/\/www.inerco.com\/es\/#website\"},\"datePublished\":\"2020-06-26T10:54:32+00:00\",\"dateModified\":\"2024-06-13T08:16:58+00:00\",\"description\":\"Detecci\u00f3n de fugas de gas y cuantificaci\u00f3n de alta precisi\u00f3n: Gas de petr\u00f3leo, industria, puertos y embarcaciones.\",\"breadcrumb\":{\"@id\":\"https:\/\/www.inerco.com\/es\/medio-ambiente\/medicion-de-emisiones-fugitivas\/#breadcrumb\"},\"inLanguage\":\"es\",\"potentialAction\":[{\"@type\":\"ReadAction\",\"target\":[\"https:\/\/www.inerco.com\/es\/medio-ambiente\/medicion-de-emisiones-fugitivas\/\"]}]},{\"@type\":\"BreadcrumbList\",\"@id\":\"https:\/\/www.inerco.com\/es\/medio-ambiente\/medicion-de-emisiones-fugitivas\/#breadcrumb\",\"itemListElement\":[{\"@type\":\"ListItem\",\"position\":1,\"name\":\"Home\",\"item\":\"https:\/\/www.inerco.com\/es\/\"},{\"@type\":\"ListItem\",\"position\":2,\"name\":\"Medio Ambiente\",\"item\":\"https:\/\/www.inerco.com\/es\/medio-ambiente\/\"},{\"@type\":\"ListItem\",\"position\":3,\"name\":\"Medici\u00f3n de emisiones fugitivas\"}]},{\"@type\":\"WebSite\",\"@id\":\"https:\/\/www.inerco.com\/es\/#website\",\"url\":\"https:\/\/www.inerco.com\/es\/\",\"name\":\"INERCO\",\"description\":\"Tecnolog\u00eda, ingenier\u00eda y consultor\u00eda integral para el desarrollo industrial sostenible\",\"potentialAction\":[{\"@type\":\"SearchAction\",\"target\":{\"@type\":\"EntryPoint\",\"urlTemplate\":\"https:\/\/www.inerco.com\/es\/?s={search_term_string}\"},\"query-input\":{\"@type\":\"PropertyValueSpecification\",\"valueRequired\":true,\"valueName\":\"search_term_string\"}}],\"inLanguage\":\"es\"}]}<\/script>\n<!-- \/ Yoast SEO plugin. -->","yoast_head_json":{"title":"Medici\u00f3n de emisiones fugitivas - INERCO","description":"Detecci\u00f3n de fugas de gas y cuantificaci\u00f3n de alta precisi\u00f3n: Gas de petr\u00f3leo, industria, puertos y embarcaciones.","robots":{"index":"index","follow":"follow","max-snippet":"max-snippet:-1","max-image-preview":"max-image-preview:large","max-video-preview":"max-video-preview:-1"},"canonical":"https:\/\/www.inerco.com\/es\/medio-ambiente\/medicion-de-emisiones-fugitivas\/","og_locale":"es_ES","og_type":"article","og_title":"Medici\u00f3n de emisiones fugitivas - INERCO","og_description":"Detecci\u00f3n de fugas de gas y cuantificaci\u00f3n de alta precisi\u00f3n: Gas de petr\u00f3leo, industria, puertos y embarcaciones.","og_url":"https:\/\/www.inerco.com\/es\/medio-ambiente\/medicion-de-emisiones-fugitivas\/","og_site_name":"INERCO","article_modified_time":"2024-06-13T08:16:58+00:00","twitter_card":"summary_large_image","twitter_site":"@Inerco_","schema":{"@context":"https:\/\/schema.org","@graph":[{"@type":"WebPage","@id":"https:\/\/www.inerco.com\/es\/medio-ambiente\/medicion-de-emisiones-fugitivas\/","url":"https:\/\/www.inerco.com\/es\/medio-ambiente\/medicion-de-emisiones-fugitivas\/","name":"Medici\u00f3n de emisiones fugitivas - INERCO","isPartOf":{"@id":"https:\/\/www.inerco.com\/es\/#website"},"datePublished":"2020-06-26T10:54:32+00:00","dateModified":"2024-06-13T08:16:58+00:00","description":"Detecci\u00f3n de fugas de gas y cuantificaci\u00f3n de alta precisi\u00f3n: Gas de petr\u00f3leo, industria, puertos y embarcaciones.","breadcrumb":{"@id":"https:\/\/www.inerco.com\/es\/medio-ambiente\/medicion-de-emisiones-fugitivas\/#breadcrumb"},"inLanguage":"es","potentialAction":[{"@type":"ReadAction","target":["https:\/\/www.inerco.com\/es\/medio-ambiente\/medicion-de-emisiones-fugitivas\/"]}]},{"@type":"BreadcrumbList","@id":"https:\/\/www.inerco.com\/es\/medio-ambiente\/medicion-de-emisiones-fugitivas\/#breadcrumb","itemListElement":[{"@type":"ListItem","position":1,"name":"Home","item":"https:\/\/www.inerco.com\/es\/"},{"@type":"ListItem","position":2,"name":"Medio Ambiente","item":"https:\/\/www.inerco.com\/es\/medio-ambiente\/"},{"@type":"ListItem","position":3,"name":"Medici\u00f3n de emisiones fugitivas"}]},{"@type":"WebSite","@id":"https:\/\/www.inerco.com\/es\/#website","url":"https:\/\/www.inerco.com\/es\/","name":"INERCO","description":"Tecnolog\u00eda, ingenier\u00eda y consultor\u00eda integral para el desarrollo industrial sostenible","potentialAction":[{"@type":"SearchAction","target":{"@type":"EntryPoint","urlTemplate":"https:\/\/www.inerco.com\/es\/?s={search_term_string}"},"query-input":{"@type":"PropertyValueSpecification","valueRequired":true,"valueName":"search_term_string"}}],"inLanguage":"es"}]}},"_links":{"self":[{"href":"https:\/\/www.inerco.com\/es\/wp-json\/wp\/v2\/pages\/4686","targetHints":{"allow":["GET"]}}],"collection":[{"href":"https:\/\/www.inerco.com\/es\/wp-json\/wp\/v2\/pages"}],"about":[{"href":"https:\/\/www.inerco.com\/es\/wp-json\/wp\/v2\/types\/page"}],"author":[{"embeddable":true,"href":"https:\/\/www.inerco.com\/es\/wp-json\/wp\/v2\/users\/1"}],"replies":[{"embeddable":true,"href":"https:\/\/www.inerco.com\/es\/wp-json\/wp\/v2\/comments?post=4686"}],"version-history":[{"count":11,"href":"https:\/\/www.inerco.com\/es\/wp-json\/wp\/v2\/pages\/4686\/revisions"}],"predecessor-version":[{"id":4699,"href":"https:\/\/www.inerco.com\/es\/wp-json\/wp\/v2\/pages\/4686\/revisions\/4699"}],"up":[{"embeddable":true,"href":"https:\/\/www.inerco.com\/es\/wp-json\/wp\/v2\/pages\/106"}],"wp:attachment":[{"href":"https:\/\/www.inerco.com\/es\/wp-json\/wp\/v2\/media?parent=4686"}],"curies":[{"name":"wp","href":"https:\/\/api.w.org\/{rel}","templated":true}]}}