{"id":4649,"date":"2020-06-23T18:12:09","date_gmt":"2020-06-23T16:12:09","guid":{"rendered":"https:\/\/www.inerco.com\/?page_id=4649"},"modified":"2023-09-06T13:10:35","modified_gmt":"2023-09-06T11:10:35","slug":"optimizacion-de-unidades-de-recuperacion-de-azufre-y-aminas","status":"publish","type":"page","link":"https:\/\/www.inerco.com\/es\/tecnologia-energetica\/optimizacion-de-unidades-de-recuperacion-de-azufre-y-aminas\/","title":{"rendered":"Optimizaci\u00f3n de unidades de recuperaci\u00f3n de azufre y aminas"},"content":{"rendered":"<div class=\"wpb-content-wrapper\"><p>[vc_row css_animation=\u00bb\u00bb row_type=\u00bbrow\u00bb use_row_as_full_screen_section=\u00bbno\u00bb type=\u00bbfull_width\u00bb angled_section=\u00bbno\u00bb text_align=\u00bbleft\u00bb background_image_as_pattern=\u00bbwithout_pattern\u00bb][vc_column][vc_empty_space height=\u00bb60px\u00bb][\/vc_column][\/vc_row][vc_row css_animation=\u00bb\u00bb row_type=\u00bbrow\u00bb use_row_as_full_screen_section=\u00bbno\u00bb type=\u00bbgrid\u00bb angled_section=\u00bbno\u00bb text_align=\u00bbleft\u00bb background_image_as_pattern=\u00bbwithout_pattern\u00bb z_index=\u00bb\u00bb css=\u00bb.vc_custom_1518611434899{padding-top: 25px !important;}\u00bb][vc_column width=\u00bb3\/4&#8243;]<div class=\"custom_font_holder \" style=\" font-style: normal; font-weight: 200; text-decoration: none; text-align: left; --qode-cf-font-size: 30px; --qode-cf-line-height: 35px; --qode-cf-font-size-1440: 30px; --qode-cf-line-height-1440: 35px; --qode-cf-font-size-1366: 30px; --qode-cf-line-height-1366: 35px; --qode-cf-font-size-1280: 30px; --qode-cf-line-height-1280: 35px; --qode-cf-font-size-1024: 30px; --qode-cf-line-height-1024: 35px; --qode-cf-font-size-768: 30px; --qode-cf-line-height-768: 35px; --qode-cf-font-size-680: 30px; --qode-cf-line-height-680: 35px; --qode-cf-font-size-480: 30px; --qode-cf-line-height-480: 35px;\"><strong>INERCO<\/strong> ofrece en este campo soluciones para la caracterizaci\u00f3n y optimizaci\u00f3n del funcionamiento de unidades de recuperaci\u00f3n de azufre, aminas y aguas \u00e1cidas, apoyando en operaci\u00f3n, reduciendo emisiones, y minimizando costes.<\/div>[vc_empty_space height=\u00bb30px\u00bb][qode_elements_holder number_of_columns=\u00bbtwo_columns\u00bb switch_to_one_column=\u00bb600&#8243; alignment_one_column=\u00bbcenter\u00bb][qode_elements_holder_item advanced_animations=\u00bbno\u00bb][vc_column_text]Nuestro partner en este campo, la empresa canadiense <a href=\"https:\/\/www.sulfurrecovery.com\/\" target=\"_blank\" rel=\"noopener noreferrer\">Sulfur Recovery Engineering<\/a>, dispone de una gran especializaci\u00f3n y experiencia en este campo desde hace m\u00e1s de 20 a\u00f1os. Esto, unido a los conocimientos de dise\u00f1o de plantas y optimizaci\u00f3n de procesos que aporta <strong>INERCO<\/strong>, hace que nuestra alianza est\u00e9 situada al m\u00e1s alto nivel internacional.[\/vc_column_text][\/qode_elements_holder_item][qode_elements_holder_item advanced_animations=\u00bbno\u00bb][vc_single_image image=\u00bb4803&#8243; img_size=\u00bbfull\u00bb onclick=\u00bbcustom_link\u00bb img_link_target=\u00bb_blank\u00bb qode_css_animation=\u00bb\u00bb link=\u00bbhttps:\/\/www.sulfurrecovery.com\/\u00bb][\/qode_elements_holder_item][\/qode_elements_holder][vc_empty_space height=\u00bb30px\u00bb]<div class=\"qode-advanced-image-gallery  qode-aig-masonry-type qode-tiny-space   \">\n\t<div class=\"qode-aig-inner qode-outer-space qode-aig-masonry qode-aig-three-columns\">\n\t\t<div class=\"qode-aig-grid-sizer\"><\/div>\n\t\t<div class=\"qode-aig-grid-gutter\"><\/div>\n\t\t\t\t\t\t\t\t<div class=\"qode-aig-image qode-item-space qode-aig-default-masonry-item\">\n\t\t\t\t<div class=\"qode-aig-image-inner\">\n\t\t\t\t\t\t\t\t\t\t\t<img loading=\"lazy\" decoding=\"async\" width=\"402\" height=\"267\" src=\"https:\/\/www.inerco.com\/wp-content\/uploads\/Sulfur-Recovery-Condenser-INERCO.jpg\" class=\"attachment-full size-full\" alt=\"Sulfur Recovery Condenser INERCO\" \/>\t\t\t\t\t\t<span class=\"aig-gallery-hover\">\n\t\t\t\t\t\t\t\t\t\t\t\t\t<\/span>\n\t\t\t\t\t\t\t\t\t<\/div>\n\t\t\t<\/div>\n\t\t\t\t\t\t\t\t\t\t\t<div class=\"qode-aig-image qode-item-space qode-aig-default-masonry-item\">\n\t\t\t\t<div class=\"qode-aig-image-inner\">\n\t\t\t\t\t\t\t\t\t\t\t<img loading=\"lazy\" decoding=\"async\" width=\"402\" height=\"267\" src=\"https:\/\/www.inerco.com\/wp-content\/uploads\/Hanlan-Robb-Gas-plant.jpg\" class=\"attachment-full size-full\" alt=\"Hanlan Robb Gas plant\" \/>\t\t\t\t\t\t<span class=\"aig-gallery-hover\">\n\t\t\t\t\t\t\t\t\t\t\t\t\t<\/span>\n\t\t\t\t\t\t\t\t\t<\/div>\n\t\t\t<\/div>\n\t\t\t\t\t\t\t\t\t\t\t<div class=\"qode-aig-image qode-item-space qode-aig-default-masonry-item\">\n\t\t\t\t<div class=\"qode-aig-image-inner\">\n\t\t\t\t\t\t\t\t\t\t\t<img loading=\"lazy\" decoding=\"async\" width=\"402\" height=\"267\" src=\"https:\/\/www.inerco.com\/wp-content\/uploads\/Prosernat-Cofiring-Main-Burner.jpg\" class=\"attachment-full size-full\" alt=\"Prosernat Cofiring Main Burner\" \/>\t\t\t\t\t\t<span class=\"aig-gallery-hover\">\n\t\t\t\t\t\t\t\t\t\t\t\t\t<\/span>\n\t\t\t\t\t\t\t\t\t<\/div>\n\t\t\t<\/div>\n\t\t\t\t\t\t\t\t\t\t\t<div class=\"qode-aig-image qode-item-space qode-aig-default-masonry-item\">\n\t\t\t\t<div class=\"qode-aig-image-inner\">\n\t\t\t\t\t\t\t\t\t\t\t<img loading=\"lazy\" decoding=\"async\" width=\"402\" height=\"267\" src=\"https:\/\/www.inerco.com\/wp-content\/uploads\/Catalytic-reactors-1.jpg\" class=\"attachment-full size-full\" alt=\"Catalytic reactors\" \/>\t\t\t\t\t\t<span class=\"aig-gallery-hover\">\n\t\t\t\t\t\t\t\t\t\t\t\t\t<\/span>\n\t\t\t\t\t\t\t\t\t<\/div>\n\t\t\t<\/div>\n\t\t\t\t\t\t\t\t\t\t\t<div class=\"qode-aig-image qode-item-space qode-aig-default-masonry-item\">\n\t\t\t\t<div class=\"qode-aig-image-inner\">\n\t\t\t\t\t\t\t\t\t\t\t<img loading=\"lazy\" decoding=\"async\" width=\"402\" height=\"267\" src=\"https:\/\/www.inerco.com\/wp-content\/uploads\/Sulfur-Pit-INERCO.jpg\" class=\"attachment-full size-full\" alt=\"Sulfur Pit INERCO\" \/>\t\t\t\t\t\t<span class=\"aig-gallery-hover\">\n\t\t\t\t\t\t\t\t\t\t\t\t\t<\/span>\n\t\t\t\t\t\t\t\t\t<\/div>\n\t\t\t<\/div>\n\t\t\t\t\t\t\t\t\t\t\t<div class=\"qode-aig-image qode-item-space qode-aig-default-masonry-item\">\n\t\t\t\t<div class=\"qode-aig-image-inner\">\n\t\t\t\t\t\t\t\t\t\t\t<img loading=\"lazy\" decoding=\"async\" width=\"402\" height=\"267\" src=\"https:\/\/www.inerco.com\/wp-content\/uploads\/Sulfur-Recovery-INERCO.jpg\" class=\"attachment-full size-full\" alt=\"Sulfur Recovery INERCO\" \/>\t\t\t\t\t\t<span class=\"aig-gallery-hover\">\n\t\t\t\t\t\t\t\t\t\t\t\t\t<\/span>\n\t\t\t\t\t\t\t\t\t<\/div>\n\t\t\t<\/div>\n\t\t\t\t\t\t\t\t\t\t\t<div class=\"qode-aig-image qode-item-space qode-aig-default-masonry-item\">\n\t\t\t\t<div class=\"qode-aig-image-inner\">\n\t\t\t\t\t\t\t\t\t\t\t<img loading=\"lazy\" decoding=\"async\" width=\"402\" height=\"267\" src=\"https:\/\/www.inerco.com\/wp-content\/uploads\/Sulfur-Recovery-technic-INERCO.jpg\" class=\"attachment-full size-full\" alt=\"Sulfur Recovery technic INERCO\" \/>\t\t\t\t\t\t<span class=\"aig-gallery-hover\">\n\t\t\t\t\t\t\t\t\t\t\t\t\t<\/span>\n\t\t\t\t\t\t\t\t\t<\/div>\n\t\t\t<\/div>\n\t\t\t\t\t\t\t\t\t\t\t<div class=\"qode-aig-image qode-item-space qode-aig-default-masonry-item\">\n\t\t\t\t<div class=\"qode-aig-image-inner\">\n\t\t\t\t\t\t\t\t\t\t\t<img loading=\"lazy\" decoding=\"async\" width=\"402\" height=\"267\" src=\"https:\/\/www.inerco.com\/wp-content\/uploads\/Sulfur-INERCO.jpg\" class=\"attachment-full size-full\" alt=\"Sulfur INERCO\" \/>\t\t\t\t\t\t<span class=\"aig-gallery-hover\">\n\t\t\t\t\t\t\t\t\t\t\t\t\t<\/span>\n\t\t\t\t\t\t\t\t\t<\/div>\n\t\t\t<\/div>\n\t\t\t\t\t\t\t\t\t\t\t<div class=\"qode-aig-image qode-item-space qode-aig-default-masonry-item\">\n\t\t\t\t<div class=\"qode-aig-image-inner\">\n\t\t\t\t\t\t\t\t\t\t\t<img loading=\"lazy\" decoding=\"async\" width=\"402\" height=\"267\" src=\"https:\/\/www.inerco.com\/wp-content\/uploads\/Gas-Plant-Stacks-INERCO-Sulfur-Recovery-Engineering.jpg\" class=\"attachment-full size-full\" alt=\"Gas Plant Stacks INERCO Sulfur Recovery Engineering\" \/>\t\t\t\t\t\t<span class=\"aig-gallery-hover\">\n\t\t\t\t\t\t\t\t\t\t\t\t\t<\/span>\n\t\t\t\t\t\t\t\t\t<\/div>\n\t\t\t<\/div>\n\t\t\t\t\t\t<\/div>\n<\/div>[vc_empty_space height=\u00bb50px\u00bb][vc_column_text]Nuestros servicios van m\u00e1s all\u00e1 de la caracterizaci\u00f3n y optimizaci\u00f3n, habiendo otros muy valorados por nuestros clientes:[\/vc_column_text][vc_empty_space height=\u00bb50px\u00bb][vc_row_inner row_type=\u00bbrow\u00bb type=\u00bbfull_width\u00bb text_align=\u00bbleft\u00bb css_animation=\u00bb\u00bb][vc_column_inner]<div class=\"q_icon_list\"><span aria-hidden=\"true\" class=\"qode_icon_font_elegant arrow_right qode-ili-icon-holder transparent\" style=\"color: #009640;\" ><\/span><p style=\"color:#000000;\">Asistencia en procesos de arranque y parada.<\/p><\/div><div class=\"q_icon_list\"><span aria-hidden=\"true\" class=\"qode_icon_font_elegant arrow_right qode-ili-icon-holder transparent\" style=\"color: #009640;\" ><\/span><p style=\"color:#000000;\">Inspecci\u00f3n y propuesta de mejoras.<\/p><\/div><div class=\"q_icon_list\"><span aria-hidden=\"true\" class=\"qode_icon_font_elegant arrow_right qode-ili-icon-holder transparent\" style=\"color: #009640;\" ><\/span><p style=\"color:#000000;\">Gesti\u00f3n de puesta en marcha de nuevas plantas, y performance testing.<\/p><\/div><div class=\"q_icon_list\"><span aria-hidden=\"true\" class=\"qode_icon_font_elegant arrow_right qode-ili-icon-holder transparent\" style=\"color: #009640;\" ><\/span><p style=\"color:#000000;\">An\u00e1lisis completo de especificaci\u00f3n de azufre.<\/p><\/div><div class=\"q_icon_list\"><span aria-hidden=\"true\" class=\"qode_icon_font_elegant arrow_right qode-ili-icon-holder transparent\" style=\"color: #009640;\" ><\/span><p style=\"color:#000000;\">Test de contaminaci\u00f3n por componentes traza.<\/p><\/div><div class=\"q_icon_list\"><span aria-hidden=\"true\" class=\"qode_icon_font_elegant arrow_right qode-ili-icon-holder transparent\" style=\"color: #009640;\" ><\/span><p style=\"color:#000000;\">Apoyo en situaciones de emergencia.<\/p><\/div><div class=\"q_icon_list\"><span aria-hidden=\"true\" class=\"qode_icon_font_elegant arrow_right qode-ili-icon-holder transparent\" style=\"color: #009640;\" ><\/span><p style=\"color:#000000;\">Formaci\u00f3n a operadores e ingenieros de planta.<\/p><\/div><div class=\"q_icon_list\"><span aria-hidden=\"true\" class=\"qode_icon_font_elegant arrow_right qode-ili-icon-holder transparent\" style=\"color: #009640;\" ><\/span><p style=\"color:#000000;\">An\u00e1lisis de cuellos de botella en la operaci\u00f3n.<\/p><\/div>[\/vc_column_inner][\/vc_row_inner][vc_empty_space height=\u00bb30px\u00bb][vc_column_text]<strong>El software que empleamos se adapta de manera espec\u00edfica a cada planta<\/strong>, de forma que para cada modificaci\u00f3n de par\u00e1metros operacionales se puede determinar el impacto en el proceso antes de aplicarlo. Esta misma plataforma puede utilizarse para el entrenamiento de operadores.[\/vc_column_text][\/vc_column][vc_column width=\u00bb1\/4&#8243;][vc_widget_sidebar sidebar_id=\u00bbAntonio Alvarado\u00bb][\/vc_column][\/vc_row][vc_row css_animation=\u00bb\u00bb row_type=\u00bbrow\u00bb use_row_as_full_screen_section=\u00bbno\u00bb type=\u00bbfull_width\u00bb angled_section=\u00bbno\u00bb text_align=\u00bbleft\u00bb background_image_as_pattern=\u00bbwithout_pattern\u00bb][vc_column][vc_empty_space height=\u00bb100px\u00bb][\/vc_column][\/vc_row]<\/p>\n<\/div>","protected":false},"excerpt":{"rendered":"<p>[vc_row css_animation=\u00bb\u00bb row_type=\u00bbrow\u00bb use_row_as_full_screen_section=\u00bbno\u00bb type=\u00bbfull_width\u00bb angled_section=\u00bbno\u00bb text_align=\u00bbleft\u00bb background_image_as_pattern=\u00bbwithout_pattern\u00bb][vc_column][vc_empty_space height=\u00bb60px\u00bb][\/vc_column][\/vc_row][vc_row css_animation=\u00bb\u00bb row_type=\u00bbrow\u00bb use_row_as_full_screen_section=\u00bbno\u00bb type=\u00bbgrid\u00bb angled_section=\u00bbno\u00bb text_align=\u00bbleft\u00bb&#8230;<\/p>\n","protected":false},"author":1,"featured_media":13702,"parent":932,"menu_order":0,"comment_status":"closed","ping_status":"closed","template":"","meta":{"footnotes":""},"class_list":["post-4649","page","type-page","status-publish","has-post-thumbnail","hentry"],"yoast_head":"<!-- This site is optimized with the Yoast SEO plugin v26.4 - https:\/\/yoast.com\/wordpress\/plugins\/seo\/ -->\n<title>Optimizaci\u00f3n de unidades de recuperaci\u00f3n de azufre y aminas - INERCO<\/title>\n<meta name=\"description\" content=\"Soluciones para la caracterizaci\u00f3n y optimizaci\u00f3n del funcionamiento de unidades de recuperaci\u00f3n de azufre, aminas y aguas \u00e1cidas.\" \/>\n<meta name=\"robots\" content=\"index, follow, max-snippet:-1, max-image-preview:large, max-video-preview:-1\" \/>\n<link rel=\"canonical\" href=\"https:\/\/www.inerco.com\/es\/tecnologia-energetica\/optimizacion-de-unidades-de-recuperacion-de-azufre-y-aminas\/\" \/>\n<meta property=\"og:locale\" content=\"es_ES\" \/>\n<meta property=\"og:type\" content=\"article\" \/>\n<meta property=\"og:title\" content=\"Optimizaci\u00f3n de unidades de recuperaci\u00f3n de azufre y aminas - INERCO\" \/>\n<meta property=\"og:description\" content=\"Soluciones para la caracterizaci\u00f3n y optimizaci\u00f3n del funcionamiento de unidades de recuperaci\u00f3n de azufre, aminas y aguas \u00e1cidas.\" \/>\n<meta property=\"og:url\" content=\"https:\/\/www.inerco.com\/es\/tecnologia-energetica\/optimizacion-de-unidades-de-recuperacion-de-azufre-y-aminas\/\" \/>\n<meta property=\"og:site_name\" content=\"INERCO\" \/>\n<meta property=\"article:modified_time\" content=\"2023-09-06T11:10:35+00:00\" \/>\n<meta property=\"og:image\" content=\"https:\/\/www.inerco.com\/wp-content\/uploads\/Optimizacion-de-unidades-de-recuperacion-de-azufre-y-aminas-INERCO.jpg\" \/>\n\t<meta property=\"og:image:width\" content=\"500\" \/>\n\t<meta property=\"og:image:height\" content=\"225\" \/>\n\t<meta property=\"og:image:type\" content=\"image\/jpeg\" \/>\n<meta name=\"twitter:card\" content=\"summary_large_image\" \/>\n<meta name=\"twitter:site\" content=\"@Inerco_\" \/>\n<script type=\"application\/ld+json\" class=\"yoast-schema-graph\">{\"@context\":\"https:\/\/schema.org\",\"@graph\":[{\"@type\":\"WebPage\",\"@id\":\"https:\/\/www.inerco.com\/es\/tecnologia-energetica\/optimizacion-de-unidades-de-recuperacion-de-azufre-y-aminas\/\",\"url\":\"https:\/\/www.inerco.com\/es\/tecnologia-energetica\/optimizacion-de-unidades-de-recuperacion-de-azufre-y-aminas\/\",\"name\":\"Optimizaci\u00f3n de unidades de recuperaci\u00f3n de azufre y aminas - INERCO\",\"isPartOf\":{\"@id\":\"https:\/\/www.inerco.com\/es\/#website\"},\"primaryImageOfPage\":{\"@id\":\"https:\/\/www.inerco.com\/es\/tecnologia-energetica\/optimizacion-de-unidades-de-recuperacion-de-azufre-y-aminas\/#primaryimage\"},\"image\":{\"@id\":\"https:\/\/www.inerco.com\/es\/tecnologia-energetica\/optimizacion-de-unidades-de-recuperacion-de-azufre-y-aminas\/#primaryimage\"},\"thumbnailUrl\":\"https:\/\/www.inerco.com\/wp-content\/uploads\/Optimizacion-de-unidades-de-recuperacion-de-azufre-y-aminas-INERCO.jpg\",\"datePublished\":\"2020-06-23T16:12:09+00:00\",\"dateModified\":\"2023-09-06T11:10:35+00:00\",\"description\":\"Soluciones para la caracterizaci\u00f3n y optimizaci\u00f3n del funcionamiento de unidades de recuperaci\u00f3n de azufre, aminas y aguas \u00e1cidas.\",\"breadcrumb\":{\"@id\":\"https:\/\/www.inerco.com\/es\/tecnologia-energetica\/optimizacion-de-unidades-de-recuperacion-de-azufre-y-aminas\/#breadcrumb\"},\"inLanguage\":\"es\",\"potentialAction\":[{\"@type\":\"ReadAction\",\"target\":[\"https:\/\/www.inerco.com\/es\/tecnologia-energetica\/optimizacion-de-unidades-de-recuperacion-de-azufre-y-aminas\/\"]}]},{\"@type\":\"ImageObject\",\"inLanguage\":\"es\",\"@id\":\"https:\/\/www.inerco.com\/es\/tecnologia-energetica\/optimizacion-de-unidades-de-recuperacion-de-azufre-y-aminas\/#primaryimage\",\"url\":\"https:\/\/www.inerco.com\/wp-content\/uploads\/Optimizacion-de-unidades-de-recuperacion-de-azufre-y-aminas-INERCO.jpg\",\"contentUrl\":\"https:\/\/www.inerco.com\/wp-content\/uploads\/Optimizacion-de-unidades-de-recuperacion-de-azufre-y-aminas-INERCO.jpg\",\"width\":500,\"height\":225,\"caption\":\"Optimizaci\u00f3n de unidades de recuperaci\u00f3n de azufre y aminas INERCO\"},{\"@type\":\"BreadcrumbList\",\"@id\":\"https:\/\/www.inerco.com\/es\/tecnologia-energetica\/optimizacion-de-unidades-de-recuperacion-de-azufre-y-aminas\/#breadcrumb\",\"itemListElement\":[{\"@type\":\"ListItem\",\"position\":1,\"name\":\"Home\",\"item\":\"https:\/\/www.inerco.com\/es\/\"},{\"@type\":\"ListItem\",\"position\":2,\"name\":\"Tecnolog\u00eda Energ\u00e9tica\",\"item\":\"https:\/\/www.inerco.com\/es\/tecnologia-energetica\/\"},{\"@type\":\"ListItem\",\"position\":3,\"name\":\"Optimizaci\u00f3n de unidades de recuperaci\u00f3n de azufre y aminas\"}]},{\"@type\":\"WebSite\",\"@id\":\"https:\/\/www.inerco.com\/es\/#website\",\"url\":\"https:\/\/www.inerco.com\/es\/\",\"name\":\"INERCO\",\"description\":\"Tecnolog\u00eda, ingenier\u00eda y consultor\u00eda integral para el desarrollo industrial sostenible\",\"potentialAction\":[{\"@type\":\"SearchAction\",\"target\":{\"@type\":\"EntryPoint\",\"urlTemplate\":\"https:\/\/www.inerco.com\/es\/?s={search_term_string}\"},\"query-input\":{\"@type\":\"PropertyValueSpecification\",\"valueRequired\":true,\"valueName\":\"search_term_string\"}}],\"inLanguage\":\"es\"}]}<\/script>\n<!-- \/ Yoast SEO plugin. -->","yoast_head_json":{"title":"Optimizaci\u00f3n de unidades de recuperaci\u00f3n de azufre y aminas - INERCO","description":"Soluciones para la caracterizaci\u00f3n y optimizaci\u00f3n del funcionamiento de unidades de recuperaci\u00f3n de azufre, aminas y aguas \u00e1cidas.","robots":{"index":"index","follow":"follow","max-snippet":"max-snippet:-1","max-image-preview":"max-image-preview:large","max-video-preview":"max-video-preview:-1"},"canonical":"https:\/\/www.inerco.com\/es\/tecnologia-energetica\/optimizacion-de-unidades-de-recuperacion-de-azufre-y-aminas\/","og_locale":"es_ES","og_type":"article","og_title":"Optimizaci\u00f3n de unidades de recuperaci\u00f3n de azufre y aminas - INERCO","og_description":"Soluciones para la caracterizaci\u00f3n y optimizaci\u00f3n del funcionamiento de unidades de recuperaci\u00f3n de azufre, aminas y aguas \u00e1cidas.","og_url":"https:\/\/www.inerco.com\/es\/tecnologia-energetica\/optimizacion-de-unidades-de-recuperacion-de-azufre-y-aminas\/","og_site_name":"INERCO","article_modified_time":"2023-09-06T11:10:35+00:00","og_image":[{"width":500,"height":225,"url":"https:\/\/www.inerco.com\/wp-content\/uploads\/Optimizacion-de-unidades-de-recuperacion-de-azufre-y-aminas-INERCO.jpg","type":"image\/jpeg"}],"twitter_card":"summary_large_image","twitter_site":"@Inerco_","schema":{"@context":"https:\/\/schema.org","@graph":[{"@type":"WebPage","@id":"https:\/\/www.inerco.com\/es\/tecnologia-energetica\/optimizacion-de-unidades-de-recuperacion-de-azufre-y-aminas\/","url":"https:\/\/www.inerco.com\/es\/tecnologia-energetica\/optimizacion-de-unidades-de-recuperacion-de-azufre-y-aminas\/","name":"Optimizaci\u00f3n de unidades de recuperaci\u00f3n de azufre y aminas - INERCO","isPartOf":{"@id":"https:\/\/www.inerco.com\/es\/#website"},"primaryImageOfPage":{"@id":"https:\/\/www.inerco.com\/es\/tecnologia-energetica\/optimizacion-de-unidades-de-recuperacion-de-azufre-y-aminas\/#primaryimage"},"image":{"@id":"https:\/\/www.inerco.com\/es\/tecnologia-energetica\/optimizacion-de-unidades-de-recuperacion-de-azufre-y-aminas\/#primaryimage"},"thumbnailUrl":"https:\/\/www.inerco.com\/wp-content\/uploads\/Optimizacion-de-unidades-de-recuperacion-de-azufre-y-aminas-INERCO.jpg","datePublished":"2020-06-23T16:12:09+00:00","dateModified":"2023-09-06T11:10:35+00:00","description":"Soluciones para la caracterizaci\u00f3n y optimizaci\u00f3n del funcionamiento de unidades de recuperaci\u00f3n de azufre, aminas y aguas \u00e1cidas.","breadcrumb":{"@id":"https:\/\/www.inerco.com\/es\/tecnologia-energetica\/optimizacion-de-unidades-de-recuperacion-de-azufre-y-aminas\/#breadcrumb"},"inLanguage":"es","potentialAction":[{"@type":"ReadAction","target":["https:\/\/www.inerco.com\/es\/tecnologia-energetica\/optimizacion-de-unidades-de-recuperacion-de-azufre-y-aminas\/"]}]},{"@type":"ImageObject","inLanguage":"es","@id":"https:\/\/www.inerco.com\/es\/tecnologia-energetica\/optimizacion-de-unidades-de-recuperacion-de-azufre-y-aminas\/#primaryimage","url":"https:\/\/www.inerco.com\/wp-content\/uploads\/Optimizacion-de-unidades-de-recuperacion-de-azufre-y-aminas-INERCO.jpg","contentUrl":"https:\/\/www.inerco.com\/wp-content\/uploads\/Optimizacion-de-unidades-de-recuperacion-de-azufre-y-aminas-INERCO.jpg","width":500,"height":225,"caption":"Optimizaci\u00f3n de unidades de recuperaci\u00f3n de azufre y aminas INERCO"},{"@type":"BreadcrumbList","@id":"https:\/\/www.inerco.com\/es\/tecnologia-energetica\/optimizacion-de-unidades-de-recuperacion-de-azufre-y-aminas\/#breadcrumb","itemListElement":[{"@type":"ListItem","position":1,"name":"Home","item":"https:\/\/www.inerco.com\/es\/"},{"@type":"ListItem","position":2,"name":"Tecnolog\u00eda Energ\u00e9tica","item":"https:\/\/www.inerco.com\/es\/tecnologia-energetica\/"},{"@type":"ListItem","position":3,"name":"Optimizaci\u00f3n de unidades de recuperaci\u00f3n de azufre y aminas"}]},{"@type":"WebSite","@id":"https:\/\/www.inerco.com\/es\/#website","url":"https:\/\/www.inerco.com\/es\/","name":"INERCO","description":"Tecnolog\u00eda, ingenier\u00eda y consultor\u00eda integral para el desarrollo industrial sostenible","potentialAction":[{"@type":"SearchAction","target":{"@type":"EntryPoint","urlTemplate":"https:\/\/www.inerco.com\/es\/?s={search_term_string}"},"query-input":{"@type":"PropertyValueSpecification","valueRequired":true,"valueName":"search_term_string"}}],"inLanguage":"es"}]}},"_links":{"self":[{"href":"https:\/\/www.inerco.com\/es\/wp-json\/wp\/v2\/pages\/4649","targetHints":{"allow":["GET"]}}],"collection":[{"href":"https:\/\/www.inerco.com\/es\/wp-json\/wp\/v2\/pages"}],"about":[{"href":"https:\/\/www.inerco.com\/es\/wp-json\/wp\/v2\/types\/page"}],"author":[{"embeddable":true,"href":"https:\/\/www.inerco.com\/es\/wp-json\/wp\/v2\/users\/1"}],"replies":[{"embeddable":true,"href":"https:\/\/www.inerco.com\/es\/wp-json\/wp\/v2\/comments?post=4649"}],"version-history":[{"count":10,"href":"https:\/\/www.inerco.com\/es\/wp-json\/wp\/v2\/pages\/4649\/revisions"}],"predecessor-version":[{"id":13706,"href":"https:\/\/www.inerco.com\/es\/wp-json\/wp\/v2\/pages\/4649\/revisions\/13706"}],"up":[{"embeddable":true,"href":"https:\/\/www.inerco.com\/es\/wp-json\/wp\/v2\/pages\/932"}],"wp:featuredmedia":[{"embeddable":true,"href":"https:\/\/www.inerco.com\/es\/wp-json\/wp\/v2\/media\/13702"}],"wp:attachment":[{"href":"https:\/\/www.inerco.com\/es\/wp-json\/wp\/v2\/media?parent=4649"}],"curies":[{"name":"wp","href":"https:\/\/api.w.org\/{rel}","templated":true}]}}