{"id":3719,"date":"2019-11-29T18:11:16","date_gmt":"2019-11-29T17:11:16","guid":{"rendered":"https:\/\/www.inerco.com\/?page_id=3719"},"modified":"2023-09-06T19:29:06","modified_gmt":"2023-09-06T17:29:06","slug":"innovacion-en-inerco","status":"publish","type":"page","link":"https:\/\/www.inerco.com\/es\/innovacion\/innovacion-en-inerco\/","title":{"rendered":"Innovaci\u00f3n en INERCO"},"content":{"rendered":"<div class=\"wpb-content-wrapper\"><p>[vc_row css_animation=\u00bb\u00bb row_type=\u00bbrow\u00bb use_row_as_full_screen_section=\u00bbno\u00bb type=\u00bbfull_width\u00bb angled_section=\u00bbno\u00bb text_align=\u00bbleft\u00bb background_image_as_pattern=\u00bbwithout_pattern\u00bb][vc_column][vc_empty_space height=\u00bb50px\u00bb][\/vc_column][\/vc_row][vc_row css_animation=\u00bb\u00bb row_type=\u00bbrow\u00bb use_row_as_full_screen_section=\u00bbno\u00bb type=\u00bbgrid\u00bb angled_section=\u00bbno\u00bb text_align=\u00bbleft\u00bb background_image_as_pattern=\u00bbwithout_pattern\u00bb z_index=\u00bb\u00bb css=\u00bb.vc_custom_1518611434899{padding-top: 25px !important;}\u00bb][vc_column]<div class=\"custom_font_holder \" style=\" font-style: normal; font-weight: 200; color: #009640; text-decoration: none; text-align: left; --qode-cf-font-size: 40px; --qode-cf-line-height: 45px; --qode-cf-font-size-1440: 40px; --qode-cf-line-height-1440: 45px; --qode-cf-font-size-1366: 40px; --qode-cf-line-height-1366: 45px; --qode-cf-font-size-1280: 40px; --qode-cf-line-height-1280: 45px; --qode-cf-font-size-1024: 40px; --qode-cf-line-height-1024: 45px; --qode-cf-font-size-768: 40px; --qode-cf-line-height-768: 45px; --qode-cf-font-size-680: 40px; --qode-cf-line-height-680: 45px; --qode-cf-font-size-480: 40px; --qode-cf-line-height-480: 45px;\">INERCO, la innovaci\u00f3n como base<\/div>[vc_empty_space height=\u00bb50px\u00bb][vc_column_text]La preocupaci\u00f3n constante por mejorar, por ofrecer una soluci\u00f3n acorde a las necesidades reales en cada caso es uno de los ejes de <strong>INERCO<\/strong> en su d\u00eda a d\u00eda. Ponernos del lado de nuestros clientes siempre nos ha facilitado una visi\u00f3n panor\u00e1mica de cada problema sobre la que trabajar. Y eso se nota en el resultado final.<\/p>\n<p>Si a esto a\u00f1adimos nuestra vocaci\u00f3n por innovar, por mejorar nuestras tecnolog\u00edas de desarrollo propio para la reducci\u00f3n de emisiones, la eficiencia energ\u00e9tica, el control de ruidos, el tratamiento de aguas industriales y la recuperaci\u00f3n de suelos contaminados o nuestra metodolog\u00eda en consultor\u00eda HSSEC y formaci\u00f3n en emergencias, el resultado siempre favorece a quienes buscan la ayuda de <strong>INERCO<\/strong> como proveedor estrat\u00e9gico.<\/p>\n<p>Esta marcada apuesta por el I+D+i nos ha llevado a implementar, desde nuestro origen, sistemas de trabajo que incentiven su desarrollo diario en todas y cada una de nuestras Divisiones. E incluso contamos con una Direcci\u00f3n corporativa de Innovaci\u00f3n y con la convocatoria de la C\u00e1tedra INERCO de Riesgos Ambientales y Seguridad, que premia los mejores proyectos final de Carrera en la Escuela T\u00e9cnica Superior de Ingenieros de Sevilla (ETSI), adem\u00e1s de un premio interno anual para reconocer las propuestas m\u00e1s destacadas.<\/p>\n<p>S\u00f3lo es posible estar a la vanguardia si se conoce de primera mano la realidad industrial, si se cuenta con experiencia contrastada y a nosotros nos avalan m\u00e1s de 100.000 referencias de distintos sectores. Ese trabajo durante las \u00faltimas cuatro d\u00e9cadas nos ha proporcionado una capacidad de anticipaci\u00f3n, en muchos casos, de la normativa o las tendencias del mercado, que han condicionado sobremanera importantes proyectos industriales o grandes infraestructuras de inter\u00e9s general.[\/vc_column_text][\/vc_column][\/vc_row][vc_row css_animation=\u00bb\u00bb row_type=\u00bbrow\u00bb use_row_as_full_screen_section=\u00bbno\u00bb type=\u00bbfull_width\u00bb angled_section=\u00bbno\u00bb text_align=\u00bbleft\u00bb background_image_as_pattern=\u00bbwithout_pattern\u00bb][vc_column][vc_empty_space height=\u00bb100px\u00bb][\/vc_column][\/vc_row]<\/p>\n<\/div>","protected":false},"excerpt":{"rendered":"<p>[vc_row css_animation=\u00bb\u00bb row_type=\u00bbrow\u00bb use_row_as_full_screen_section=\u00bbno\u00bb type=\u00bbfull_width\u00bb angled_section=\u00bbno\u00bb text_align=\u00bbleft\u00bb background_image_as_pattern=\u00bbwithout_pattern\u00bb][vc_column][vc_empty_space height=\u00bb50px\u00bb][\/vc_column][\/vc_row][vc_row css_animation=\u00bb\u00bb row_type=\u00bbrow\u00bb use_row_as_full_screen_section=\u00bbno\u00bb type=\u00bbgrid\u00bb angled_section=\u00bbno\u00bb text_align=\u00bbleft\u00bb&#8230;<\/p>\n","protected":false},"author":1,"featured_media":0,"parent":3706,"menu_order":1,"comment_status":"closed","ping_status":"closed","template":"","meta":{"footnotes":""},"class_list":["post-3719","page","type-page","status-publish","hentry"],"yoast_head":"<!-- This site is optimized with the Yoast SEO plugin v27.3 - https:\/\/yoast.com\/product\/yoast-seo-wordpress\/ -->\n<title>Innovaci\u00f3n en INERCO - INERCO<\/title>\n<meta name=\"robots\" content=\"index, follow, max-snippet:-1, max-image-preview:large, max-video-preview:-1\" \/>\n<link rel=\"canonical\" href=\"https:\/\/www.inerco.com\/es\/innovacion\/innovacion-en-inerco\/\" \/>\n<meta property=\"og:locale\" content=\"es_ES\" \/>\n<meta property=\"og:type\" content=\"article\" \/>\n<meta property=\"og:title\" content=\"Innovaci\u00f3n en INERCO - INERCO\" \/>\n<meta property=\"og:description\" content=\"[vc_row css_animation=\u00bb\u00bb row_type=\u00bbrow\u00bb use_row_as_full_screen_section=\u00bbno\u00bb type=\u00bbfull_width\u00bb angled_section=\u00bbno\u00bb text_align=\u00bbleft\u00bb background_image_as_pattern=\u00bbwithout_pattern\u00bb][vc_column][vc_empty_space height=\u00bb50px\u00bb][\/vc_column][\/vc_row][vc_row css_animation=\u00bb\u00bb row_type=\u00bbrow\u00bb use_row_as_full_screen_section=\u00bbno\u00bb type=\u00bbgrid\u00bb angled_section=\u00bbno\u00bb text_align=\u00bbleft\u00bb...\" \/>\n<meta property=\"og:url\" content=\"https:\/\/www.inerco.com\/es\/innovacion\/innovacion-en-inerco\/\" \/>\n<meta property=\"og:site_name\" content=\"INERCO\" \/>\n<meta property=\"article:modified_time\" content=\"2023-09-06T17:29:06+00:00\" \/>\n<meta name=\"twitter:card\" content=\"summary_large_image\" \/>\n<meta name=\"twitter:site\" content=\"@Inerco_\" \/>\n<script type=\"application\/ld+json\" class=\"yoast-schema-graph\">{\"@context\":\"https:\\\/\\\/schema.org\",\"@graph\":[{\"@type\":\"WebPage\",\"@id\":\"https:\\\/\\\/www.inerco.com\\\/es\\\/innovacion\\\/innovacion-en-inerco\\\/\",\"url\":\"https:\\\/\\\/www.inerco.com\\\/es\\\/innovacion\\\/innovacion-en-inerco\\\/\",\"name\":\"Innovaci\u00f3n en INERCO - INERCO\",\"isPartOf\":{\"@id\":\"https:\\\/\\\/www.inerco.com\\\/es\\\/#website\"},\"datePublished\":\"2019-11-29T17:11:16+00:00\",\"dateModified\":\"2023-09-06T17:29:06+00:00\",\"breadcrumb\":{\"@id\":\"https:\\\/\\\/www.inerco.com\\\/es\\\/innovacion\\\/innovacion-en-inerco\\\/#breadcrumb\"},\"inLanguage\":\"es\",\"potentialAction\":[{\"@type\":\"ReadAction\",\"target\":[\"https:\\\/\\\/www.inerco.com\\\/es\\\/innovacion\\\/innovacion-en-inerco\\\/\"]}]},{\"@type\":\"BreadcrumbList\",\"@id\":\"https:\\\/\\\/www.inerco.com\\\/es\\\/innovacion\\\/innovacion-en-inerco\\\/#breadcrumb\",\"itemListElement\":[{\"@type\":\"ListItem\",\"position\":1,\"name\":\"Home\",\"item\":\"https:\\\/\\\/www.inerco.com\\\/es\\\/\"},{\"@type\":\"ListItem\",\"position\":2,\"name\":\"Innovaci\u00f3n\",\"item\":\"https:\\\/\\\/www.inerco.com\\\/es\\\/innovacion\\\/\"},{\"@type\":\"ListItem\",\"position\":3,\"name\":\"Innovaci\u00f3n en INERCO\"}]},{\"@type\":\"WebSite\",\"@id\":\"https:\\\/\\\/www.inerco.com\\\/es\\\/#website\",\"url\":\"https:\\\/\\\/www.inerco.com\\\/es\\\/\",\"name\":\"INERCO\",\"description\":\"Tecnolog\u00eda, ingenier\u00eda y consultor\u00eda integral para el desarrollo industrial sostenible\",\"potentialAction\":[{\"@type\":\"SearchAction\",\"target\":{\"@type\":\"EntryPoint\",\"urlTemplate\":\"https:\\\/\\\/www.inerco.com\\\/es\\\/?s={search_term_string}\"},\"query-input\":{\"@type\":\"PropertyValueSpecification\",\"valueRequired\":true,\"valueName\":\"search_term_string\"}}],\"inLanguage\":\"es\"}]}<\/script>\n<!-- \/ Yoast SEO plugin. -->","yoast_head_json":{"title":"Innovaci\u00f3n en INERCO - INERCO","robots":{"index":"index","follow":"follow","max-snippet":"max-snippet:-1","max-image-preview":"max-image-preview:large","max-video-preview":"max-video-preview:-1"},"canonical":"https:\/\/www.inerco.com\/es\/innovacion\/innovacion-en-inerco\/","og_locale":"es_ES","og_type":"article","og_title":"Innovaci\u00f3n en INERCO - INERCO","og_description":"[vc_row css_animation=\u00bb\u00bb row_type=\u00bbrow\u00bb use_row_as_full_screen_section=\u00bbno\u00bb type=\u00bbfull_width\u00bb angled_section=\u00bbno\u00bb text_align=\u00bbleft\u00bb background_image_as_pattern=\u00bbwithout_pattern\u00bb][vc_column][vc_empty_space height=\u00bb50px\u00bb][\/vc_column][\/vc_row][vc_row css_animation=\u00bb\u00bb row_type=\u00bbrow\u00bb use_row_as_full_screen_section=\u00bbno\u00bb type=\u00bbgrid\u00bb angled_section=\u00bbno\u00bb text_align=\u00bbleft\u00bb...","og_url":"https:\/\/www.inerco.com\/es\/innovacion\/innovacion-en-inerco\/","og_site_name":"INERCO","article_modified_time":"2023-09-06T17:29:06+00:00","twitter_card":"summary_large_image","twitter_site":"@Inerco_","schema":{"@context":"https:\/\/schema.org","@graph":[{"@type":"WebPage","@id":"https:\/\/www.inerco.com\/es\/innovacion\/innovacion-en-inerco\/","url":"https:\/\/www.inerco.com\/es\/innovacion\/innovacion-en-inerco\/","name":"Innovaci\u00f3n en INERCO - INERCO","isPartOf":{"@id":"https:\/\/www.inerco.com\/es\/#website"},"datePublished":"2019-11-29T17:11:16+00:00","dateModified":"2023-09-06T17:29:06+00:00","breadcrumb":{"@id":"https:\/\/www.inerco.com\/es\/innovacion\/innovacion-en-inerco\/#breadcrumb"},"inLanguage":"es","potentialAction":[{"@type":"ReadAction","target":["https:\/\/www.inerco.com\/es\/innovacion\/innovacion-en-inerco\/"]}]},{"@type":"BreadcrumbList","@id":"https:\/\/www.inerco.com\/es\/innovacion\/innovacion-en-inerco\/#breadcrumb","itemListElement":[{"@type":"ListItem","position":1,"name":"Home","item":"https:\/\/www.inerco.com\/es\/"},{"@type":"ListItem","position":2,"name":"Innovaci\u00f3n","item":"https:\/\/www.inerco.com\/es\/innovacion\/"},{"@type":"ListItem","position":3,"name":"Innovaci\u00f3n en INERCO"}]},{"@type":"WebSite","@id":"https:\/\/www.inerco.com\/es\/#website","url":"https:\/\/www.inerco.com\/es\/","name":"INERCO","description":"Tecnolog\u00eda, ingenier\u00eda y consultor\u00eda integral para el desarrollo industrial sostenible","potentialAction":[{"@type":"SearchAction","target":{"@type":"EntryPoint","urlTemplate":"https:\/\/www.inerco.com\/es\/?s={search_term_string}"},"query-input":{"@type":"PropertyValueSpecification","valueRequired":true,"valueName":"search_term_string"}}],"inLanguage":"es"}]}},"_links":{"self":[{"href":"https:\/\/www.inerco.com\/es\/wp-json\/wp\/v2\/pages\/3719","targetHints":{"allow":["GET"]}}],"collection":[{"href":"https:\/\/www.inerco.com\/es\/wp-json\/wp\/v2\/pages"}],"about":[{"href":"https:\/\/www.inerco.com\/es\/wp-json\/wp\/v2\/types\/page"}],"author":[{"embeddable":true,"href":"https:\/\/www.inerco.com\/es\/wp-json\/wp\/v2\/users\/1"}],"replies":[{"embeddable":true,"href":"https:\/\/www.inerco.com\/es\/wp-json\/wp\/v2\/comments?post=3719"}],"version-history":[{"count":5,"href":"https:\/\/www.inerco.com\/es\/wp-json\/wp\/v2\/pages\/3719\/revisions"}],"predecessor-version":[{"id":3740,"href":"https:\/\/www.inerco.com\/es\/wp-json\/wp\/v2\/pages\/3719\/revisions\/3740"}],"up":[{"embeddable":true,"href":"https:\/\/www.inerco.com\/es\/wp-json\/wp\/v2\/pages\/3706"}],"wp:attachment":[{"href":"https:\/\/www.inerco.com\/es\/wp-json\/wp\/v2\/media?parent=3719"}],"curies":[{"name":"wp","href":"https:\/\/api.w.org\/{rel}","templated":true}]}}