{"id":285,"date":"2017-10-24T14:01:19","date_gmt":"2017-10-24T12:01:19","guid":{"rendered":"http:\/\/myred.es\/demoinerco\/?page_id=285"},"modified":"2023-09-06T19:16:37","modified_gmt":"2023-09-06T17:16:37","slug":"inspecciones-reglamentarias-de-seguridad","status":"publish","type":"page","link":"https:\/\/www.inerco.com\/es\/seguridad-y-prevencion\/inspecciones-reglamentarias-de-seguridad\/","title":{"rendered":"Inspecciones Reglamentarias de Seguridad"},"content":{"rendered":"<div class=\"wpb-content-wrapper\"><p>[vc_row css_animation=\u00bb\u00bb row_type=\u00bbrow\u00bb use_row_as_full_screen_section=\u00bbno\u00bb type=\u00bbfull_width\u00bb angled_section=\u00bbno\u00bb text_align=\u00bbleft\u00bb background_image_as_pattern=\u00bbwithout_pattern\u00bb][vc_column][vc_empty_space height=\u00bb80px\u00bb]<div class=\"custom_font_holder \" style=\" font-style: normal; font-weight: 300; text-decoration: none; text-align: center; --qode-cf-font-size: 32px; --qode-cf-line-height: 35px; --qode-cf-font-size-1440: 32px; --qode-cf-line-height-1440: 35px; --qode-cf-font-size-1366: 32px; --qode-cf-line-height-1366: 35px; --qode-cf-font-size-1280: 32px; --qode-cf-line-height-1280: 35px; --qode-cf-font-size-1024: 32px; --qode-cf-line-height-1024: 35px; --qode-cf-font-size-768: 32px; --qode-cf-line-height-768: 35px; --qode-cf-font-size-680: 32px; --qode-cf-line-height-680: 35px; --qode-cf-font-size-480: 32px; --qode-cf-line-height-480: 35px;\"><strong>INERCO\u00a0<\/strong>cuenta con un experimentado equipo de t\u00e9cnicos inspectores especialistas en el cumplimiento de la legislaci\u00f3n de accidentes graves y seguridad contra incendios as\u00ed como en materia de la seguridad en la industria.<\/div>[vc_empty_space height=\u00bb50px\u00bb][\/vc_column][\/vc_row][vc_row css_animation=\u00bb\u00bb row_type=\u00bbrow\u00bb use_row_as_full_screen_section=\u00bbno\u00bb type=\u00bbgrid\u00bb angled_section=\u00bbno\u00bb text_align=\u00bbleft\u00bb background_image_as_pattern=\u00bbwithout_pattern\u00bb z_index=\u00bb\u00bb][vc_column width=\u00bb3\/4&#8243; offset=\u00bbvc_hidden-sm vc_hidden-xs\u00bb]<div class=\"custom_font_holder \" style=\" font-style: normal; font-weight: 200; text-decoration: none; text-align: left; --qode-cf-font-size: 28px; --qode-cf-line-height: 30px; --qode-cf-font-size-1440: 28px; --qode-cf-line-height-1440: 30px; --qode-cf-font-size-1366: 28px; --qode-cf-line-height-1366: 30px; --qode-cf-font-size-1280: 28px; --qode-cf-line-height-1280: 30px; --qode-cf-font-size-1024: 28px; --qode-cf-line-height-1024: 30px; --qode-cf-font-size-768: 28px; --qode-cf-line-height-768: 30px; --qode-cf-font-size-680: 28px; --qode-cf-line-height-680: 30px; --qode-cf-font-size-480: 28px; --qode-cf-line-height-480: 30px;\">Dicha experiencia permite dar respuesta de manera eficaz a las necesidades de los industriales permitiendo detectar, controlar y mejorar los aspectos relacionados con la seguridad industrial de sus instalaciones.<\/div>[vc_empty_space height=\u00bb50px\u00bb]<div class=\"custom_font_holder \" style=\" font-style: normal; font-weight: 200; text-decoration: none; text-align: left; --qode-cf-font-size: 28px; --qode-cf-line-height: 30px; --qode-cf-font-size-1440: 28px; --qode-cf-line-height-1440: 30px; --qode-cf-font-size-1366: 28px; --qode-cf-line-height-1366: 30px; --qode-cf-font-size-1280: 28px; --qode-cf-line-height-1280: 30px; --qode-cf-font-size-1024: 28px; --qode-cf-line-height-1024: 30px; --qode-cf-font-size-768: 28px; --qode-cf-line-height-768: 30px; --qode-cf-font-size-680: 28px; --qode-cf-line-height-680: 30px; --qode-cf-font-size-480: 28px; --qode-cf-line-height-480: 30px;\"><strong>INERCO<\/strong> desarrolla su actividad en las principales compa\u00f1\u00edas de los sectores Refino, Qu\u00edmico y Petroqu\u00edmico, Gas, Energ\u00eda, Miner\u00eda, Cemento y Agroalimentario. Colabora estrechamente con la Administraci\u00f3n en el desarrollo de las inspecciones de oficio realizadas para la verificaci\u00f3n del cumplimiento de la legislaci\u00f3n de seguridad industrial.<\/div>[vc_empty_space height=\u00bb50px\u00bb]<div class=\"custom_font_holder \" style=\" font-style: normal; font-weight: 300; color: #009640; text-decoration: none; text-align: left; --qode-cf-font-size: 30px; --qode-cf-line-height: 35px; --qode-cf-font-size-1440: 30px; --qode-cf-line-height-1440: 35px; --qode-cf-font-size-1366: 30px; --qode-cf-line-height-1366: 35px; --qode-cf-font-size-1280: 30px; --qode-cf-line-height-1280: 35px; --qode-cf-font-size-1024: 30px; --qode-cf-line-height-1024: 35px; --qode-cf-font-size-768: 30px; --qode-cf-line-height-768: 35px; --qode-cf-font-size-680: 30px; --qode-cf-line-height-680: 35px; --qode-cf-font-size-480: 30px; --qode-cf-line-height-480: 35px;\"><strong>INERCO\u00a0<\/strong>ofrece los siguientes servicios:<\/div>[vc_empty_space height=\u00bb50px\u00bb][vc_row_inner row_type=\u00bbrow\u00bb type=\u00bbfull_width\u00bb text_align=\u00bbleft\u00bb css_animation=\u00bb\u00bb][vc_column_inner width=\u00bb1\/2&#8243;]<div class=\"q_icon_list\"><span aria-hidden=\"true\" class=\"qode_icon_font_elegant arrow_right qode-ili-icon-holder transparent\" style=\"color: #009640;\" ><\/span><p style=\"color:#000000;font-size: 20px;font-weight: 300;\">Accidentes Graves<\/p><\/div><div class=\"q_icon_list\"><p style=\"color:#000000;font-size: 20px;font-weight: 300;\">o Dict\u00e1menes de la notificaci\u00f3n.<\/p><\/div><div class=\"q_icon_list\"><p style=\"color:#000000;font-size: 20px;font-weight: 300;\">o Dict\u00e1menes de Informes de Seguridad.<\/p><\/div><div class=\"q_icon_list\"><p style=\"color:#000000;font-size: 20px;font-weight: 300;\">o Dict\u00e1menes de Planes de Emergencia Interior.<\/p><\/div><div class=\"q_icon_list\"><p style=\"color:#000000;font-size: 20px;font-weight: 300;\">o Inspecciones de Seguridad conforme al art\u00edculo 21 del RD 840\/2015.<\/p><\/div><div class=\"q_icon_list\"><p style=\"color:#000000;font-size: 20px;font-weight: 300;\">o Informe de certificaci\u00f3n de modificaci\u00f3n no sustancial.<\/p><\/div><div class=\"q_icon_list\"><p style=\"color:#000000;font-size: 20px;font-weight: 300;\">o Dict\u00e1menes de an\u00e1lisis cuantitativos de riesgos.<\/p><\/div><div class=\"q_icon_list\"><p style=\"color:#000000;font-size: 20px;font-weight: 300;\">o Supervisi\u00f3n de simulacros de emergencia.<\/p><\/div><div class=\"q_icon_list\"><p style=\"color:#000000;font-size: 20px;font-weight: 300;\">o Informe de investigaci\u00f3n tras materializaci\u00f3n de accidentes graves.<\/p><\/div>[\/vc_column_inner][vc_column_inner width=\u00bb1\/2&#8243;]<div class=\"q_icon_list\"><span aria-hidden=\"true\" class=\"qode_icon_font_elegant arrow_right qode-ili-icon-holder transparent\" style=\"color: #009640;\" ><\/span><p style=\"color:#000000;font-size: 20px;font-weight: 300;\">Seguridad Contra Incendios:<\/p><\/div><div class=\"q_icon_list\"><p style=\"color:#000000;font-size: 20px;font-weight: 300;\">o Inspecciones reglamentarias conforme al Reglamento de seguridad contra incendios en establecimientos industriales (RD 2267\/2004).<\/p><\/div><div class=\"q_icon_list\"><p style=\"color:#000000;font-size: 20px;font-weight: 300;\">o Certificaci\u00f3n de medidas sustitutorias para el cumplimiento del RD 2267\/2004.<\/p><\/div><div class=\"q_icon_list\"><span aria-hidden=\"true\" class=\"qode_icon_font_elegant arrow_right qode-ili-icon-holder transparent\" style=\"color: #009640;\" ><\/span><p style=\"color:#000000;font-size: 20px;font-weight: 300;\">Ley de Residuos:<\/p><\/div><div class=\"q_icon_list\"><p style=\"color:#000000;font-size: 20px;font-weight: 300;\">o Certificaci\u00f3n e implantaci\u00f3n de planes de emergencia conforme a la ley de residuos y el RD 393\/2007.<\/p><\/div><div class=\"q_icon_list\"><span aria-hidden=\"true\" class=\"qode_icon_font_elegant arrow_right qode-ili-icon-holder transparent\" style=\"color: #009640;\" ><\/span><p style=\"color:#000000;font-size: 20px;font-weight: 300;\">Seguridad en balsas de efluentes l\u00edquidos:<\/p><\/div><div class=\"q_icon_list\"><p style=\"color:#000000;font-size: 20px;font-weight: 300;\">o Evaluaci\u00f3n de proyectos constructivos.<\/p><\/div><div class=\"q_icon_list\"><p style=\"color:#000000;font-size: 20px;font-weight: 300;\">o Evaluaci\u00f3n de proyectos de abandono y clausura.<\/p><\/div><div class=\"q_icon_list\"><p style=\"color:#000000;font-size: 20px;font-weight: 300;\">o Certificaci\u00f3n de obras conforme a proyecto de abandono y clausura.<\/p><\/div><div class=\"q_icon_list\"><p style=\"color:#000000;font-size: 20px;font-weight: 300;\">o Certificaci\u00f3n de obras constructivas conforme a proyecto.<\/p><\/div>[\/vc_column_inner][\/vc_row_inner][vc_empty_space height=\u00bb50px\u00bb][\/vc_column][vc_column width=\u00bb1\/4&#8243; offset=\u00bbvc_hidden-sm vc_hidden-xs\u00bb][vc_widget_sidebar sidebar_id=\u00bbSeg y Prev &#8211; Pablo Fernandez\u00bb][\/vc_column][\/vc_row][vc_row css_animation=\u00bb\u00bb row_type=\u00bbrow\u00bb use_row_as_full_screen_section=\u00bbno\u00bb type=\u00bbfull_width\u00bb angled_section=\u00bbno\u00bb text_align=\u00bbleft\u00bb background_image_as_pattern=\u00bbwithout_pattern\u00bb][vc_column][vc_empty_space height=\u00bb70px\u00bb][\/vc_column][\/vc_row]<\/p>\n<\/div>","protected":false},"excerpt":{"rendered":"<p>[vc_row css_animation=\u00bb\u00bb row_type=\u00bbrow\u00bb use_row_as_full_screen_section=\u00bbno\u00bb type=\u00bbfull_width\u00bb angled_section=\u00bbno\u00bb text_align=\u00bbleft\u00bb background_image_as_pattern=\u00bbwithout_pattern\u00bb][vc_column][vc_empty_space height=\u00bb80px\u00bb][vc_empty_space height=\u00bb50px\u00bb][\/vc_column][\/vc_row][vc_row css_animation=\u00bb\u00bb row_type=\u00bbrow\u00bb use_row_as_full_screen_section=\u00bbno\u00bb type=\u00bbgrid\u00bb angled_section=\u00bbno\u00bb&#8230;<\/p>\n","protected":false},"author":1,"featured_media":0,"parent":638,"menu_order":5,"comment_status":"closed","ping_status":"closed","template":"","meta":{"footnotes":""},"class_list":["post-285","page","type-page","status-publish","hentry"],"yoast_head":"<!-- This site is optimized with the Yoast SEO plugin v27.3 - https:\/\/yoast.com\/product\/yoast-seo-wordpress\/ -->\n<title>Inspecciones Reglamentarias de Seguridad - INERCO<\/title>\n<meta name=\"robots\" content=\"index, follow, max-snippet:-1, max-image-preview:large, max-video-preview:-1\" \/>\n<link rel=\"canonical\" href=\"https:\/\/www.inerco.com\/es\/seguridad-y-prevencion\/inspecciones-reglamentarias-de-seguridad\/\" \/>\n<meta property=\"og:locale\" content=\"es_ES\" \/>\n<meta property=\"og:type\" content=\"article\" \/>\n<meta property=\"og:title\" content=\"Inspecciones Reglamentarias de Seguridad - INERCO\" \/>\n<meta property=\"og:description\" content=\"[vc_row css_animation=\u00bb\u00bb row_type=\u00bbrow\u00bb use_row_as_full_screen_section=\u00bbno\u00bb type=\u00bbfull_width\u00bb angled_section=\u00bbno\u00bb text_align=\u00bbleft\u00bb background_image_as_pattern=\u00bbwithout_pattern\u00bb][vc_column][vc_empty_space height=\u00bb80px\u00bb][vc_empty_space height=\u00bb50px\u00bb][\/vc_column][\/vc_row][vc_row css_animation=\u00bb\u00bb row_type=\u00bbrow\u00bb use_row_as_full_screen_section=\u00bbno\u00bb type=\u00bbgrid\u00bb angled_section=\u00bbno\u00bb...\" \/>\n<meta property=\"og:url\" content=\"https:\/\/www.inerco.com\/es\/seguridad-y-prevencion\/inspecciones-reglamentarias-de-seguridad\/\" \/>\n<meta property=\"og:site_name\" content=\"INERCO\" \/>\n<meta property=\"article:modified_time\" content=\"2023-09-06T17:16:37+00:00\" \/>\n<meta name=\"twitter:card\" content=\"summary_large_image\" \/>\n<meta name=\"twitter:site\" content=\"@Inerco_\" \/>\n<script type=\"application\/ld+json\" class=\"yoast-schema-graph\">{\"@context\":\"https:\\\/\\\/schema.org\",\"@graph\":[{\"@type\":\"WebPage\",\"@id\":\"https:\\\/\\\/www.inerco.com\\\/es\\\/seguridad-y-prevencion\\\/inspecciones-reglamentarias-de-seguridad\\\/\",\"url\":\"https:\\\/\\\/www.inerco.com\\\/es\\\/seguridad-y-prevencion\\\/inspecciones-reglamentarias-de-seguridad\\\/\",\"name\":\"Inspecciones Reglamentarias de Seguridad - INERCO\",\"isPartOf\":{\"@id\":\"https:\\\/\\\/www.inerco.com\\\/es\\\/#website\"},\"datePublished\":\"2017-10-24T12:01:19+00:00\",\"dateModified\":\"2023-09-06T17:16:37+00:00\",\"breadcrumb\":{\"@id\":\"https:\\\/\\\/www.inerco.com\\\/es\\\/seguridad-y-prevencion\\\/inspecciones-reglamentarias-de-seguridad\\\/#breadcrumb\"},\"inLanguage\":\"es\",\"potentialAction\":[{\"@type\":\"ReadAction\",\"target\":[\"https:\\\/\\\/www.inerco.com\\\/es\\\/seguridad-y-prevencion\\\/inspecciones-reglamentarias-de-seguridad\\\/\"]}]},{\"@type\":\"BreadcrumbList\",\"@id\":\"https:\\\/\\\/www.inerco.com\\\/es\\\/seguridad-y-prevencion\\\/inspecciones-reglamentarias-de-seguridad\\\/#breadcrumb\",\"itemListElement\":[{\"@type\":\"ListItem\",\"position\":1,\"name\":\"Home\",\"item\":\"https:\\\/\\\/www.inerco.com\\\/es\\\/\"},{\"@type\":\"ListItem\",\"position\":2,\"name\":\"Seguridad y Prevenci\u00f3n\",\"item\":\"https:\\\/\\\/www.inerco.com\\\/es\\\/seguridad-y-prevencion\\\/\"},{\"@type\":\"ListItem\",\"position\":3,\"name\":\"Inspecciones Reglamentarias de Seguridad\"}]},{\"@type\":\"WebSite\",\"@id\":\"https:\\\/\\\/www.inerco.com\\\/es\\\/#website\",\"url\":\"https:\\\/\\\/www.inerco.com\\\/es\\\/\",\"name\":\"INERCO\",\"description\":\"Tecnolog\u00eda, ingenier\u00eda y consultor\u00eda integral para el desarrollo industrial sostenible\",\"potentialAction\":[{\"@type\":\"SearchAction\",\"target\":{\"@type\":\"EntryPoint\",\"urlTemplate\":\"https:\\\/\\\/www.inerco.com\\\/es\\\/?s={search_term_string}\"},\"query-input\":{\"@type\":\"PropertyValueSpecification\",\"valueRequired\":true,\"valueName\":\"search_term_string\"}}],\"inLanguage\":\"es\"}]}<\/script>\n<!-- \/ Yoast SEO plugin. -->","yoast_head_json":{"title":"Inspecciones Reglamentarias de Seguridad - INERCO","robots":{"index":"index","follow":"follow","max-snippet":"max-snippet:-1","max-image-preview":"max-image-preview:large","max-video-preview":"max-video-preview:-1"},"canonical":"https:\/\/www.inerco.com\/es\/seguridad-y-prevencion\/inspecciones-reglamentarias-de-seguridad\/","og_locale":"es_ES","og_type":"article","og_title":"Inspecciones Reglamentarias de Seguridad - INERCO","og_description":"[vc_row css_animation=\u00bb\u00bb row_type=\u00bbrow\u00bb use_row_as_full_screen_section=\u00bbno\u00bb type=\u00bbfull_width\u00bb angled_section=\u00bbno\u00bb text_align=\u00bbleft\u00bb background_image_as_pattern=\u00bbwithout_pattern\u00bb][vc_column][vc_empty_space height=\u00bb80px\u00bb][vc_empty_space height=\u00bb50px\u00bb][\/vc_column][\/vc_row][vc_row css_animation=\u00bb\u00bb row_type=\u00bbrow\u00bb use_row_as_full_screen_section=\u00bbno\u00bb type=\u00bbgrid\u00bb angled_section=\u00bbno\u00bb...","og_url":"https:\/\/www.inerco.com\/es\/seguridad-y-prevencion\/inspecciones-reglamentarias-de-seguridad\/","og_site_name":"INERCO","article_modified_time":"2023-09-06T17:16:37+00:00","twitter_card":"summary_large_image","twitter_site":"@Inerco_","schema":{"@context":"https:\/\/schema.org","@graph":[{"@type":"WebPage","@id":"https:\/\/www.inerco.com\/es\/seguridad-y-prevencion\/inspecciones-reglamentarias-de-seguridad\/","url":"https:\/\/www.inerco.com\/es\/seguridad-y-prevencion\/inspecciones-reglamentarias-de-seguridad\/","name":"Inspecciones Reglamentarias de Seguridad - INERCO","isPartOf":{"@id":"https:\/\/www.inerco.com\/es\/#website"},"datePublished":"2017-10-24T12:01:19+00:00","dateModified":"2023-09-06T17:16:37+00:00","breadcrumb":{"@id":"https:\/\/www.inerco.com\/es\/seguridad-y-prevencion\/inspecciones-reglamentarias-de-seguridad\/#breadcrumb"},"inLanguage":"es","potentialAction":[{"@type":"ReadAction","target":["https:\/\/www.inerco.com\/es\/seguridad-y-prevencion\/inspecciones-reglamentarias-de-seguridad\/"]}]},{"@type":"BreadcrumbList","@id":"https:\/\/www.inerco.com\/es\/seguridad-y-prevencion\/inspecciones-reglamentarias-de-seguridad\/#breadcrumb","itemListElement":[{"@type":"ListItem","position":1,"name":"Home","item":"https:\/\/www.inerco.com\/es\/"},{"@type":"ListItem","position":2,"name":"Seguridad y Prevenci\u00f3n","item":"https:\/\/www.inerco.com\/es\/seguridad-y-prevencion\/"},{"@type":"ListItem","position":3,"name":"Inspecciones Reglamentarias de Seguridad"}]},{"@type":"WebSite","@id":"https:\/\/www.inerco.com\/es\/#website","url":"https:\/\/www.inerco.com\/es\/","name":"INERCO","description":"Tecnolog\u00eda, ingenier\u00eda y consultor\u00eda integral para el desarrollo industrial sostenible","potentialAction":[{"@type":"SearchAction","target":{"@type":"EntryPoint","urlTemplate":"https:\/\/www.inerco.com\/es\/?s={search_term_string}"},"query-input":{"@type":"PropertyValueSpecification","valueRequired":true,"valueName":"search_term_string"}}],"inLanguage":"es"}]}},"_links":{"self":[{"href":"https:\/\/www.inerco.com\/es\/wp-json\/wp\/v2\/pages\/285","targetHints":{"allow":["GET"]}}],"collection":[{"href":"https:\/\/www.inerco.com\/es\/wp-json\/wp\/v2\/pages"}],"about":[{"href":"https:\/\/www.inerco.com\/es\/wp-json\/wp\/v2\/types\/page"}],"author":[{"embeddable":true,"href":"https:\/\/www.inerco.com\/es\/wp-json\/wp\/v2\/users\/1"}],"replies":[{"embeddable":true,"href":"https:\/\/www.inerco.com\/es\/wp-json\/wp\/v2\/comments?post=285"}],"version-history":[{"count":3,"href":"https:\/\/www.inerco.com\/es\/wp-json\/wp\/v2\/pages\/285\/revisions"}],"predecessor-version":[{"id":2008,"href":"https:\/\/www.inerco.com\/es\/wp-json\/wp\/v2\/pages\/285\/revisions\/2008"}],"up":[{"embeddable":true,"href":"https:\/\/www.inerco.com\/es\/wp-json\/wp\/v2\/pages\/638"}],"wp:attachment":[{"href":"https:\/\/www.inerco.com\/es\/wp-json\/wp\/v2\/media?parent=285"}],"curies":[{"name":"wp","href":"https:\/\/api.w.org\/{rel}","templated":true}]}}