{"id":2640,"date":"2019-07-01T14:26:17","date_gmt":"2019-07-01T12:26:17","guid":{"rendered":"https:\/\/www.inerco.com\/?page_id=2640"},"modified":"2024-05-24T11:16:56","modified_gmt":"2024-05-24T09:16:56","slug":"diversidad-e-igualdad","status":"publish","type":"page","link":"https:\/\/www.inerco.com\/es\/personas\/por-que-inerco\/diversidad-e-igualdad\/","title":{"rendered":"Diversidad e Igualdad"},"content":{"rendered":"<div class=\"wpb-content-wrapper\"><p>[vc_row css_animation=\u00bb\u00bb row_type=\u00bbrow\u00bb use_row_as_full_screen_section=\u00bbno\u00bb type=\u00bbfull_width\u00bb angled_section=\u00bbno\u00bb text_align=\u00bbleft\u00bb background_image_as_pattern=\u00bbwithout_pattern\u00bb][vc_column][vc_empty_space height=\u00bb60px\u00bb][vc_raw_html]JTNDZGl2JTIwc3R5bGUlM0QlMjJ3aWR0aCUzQTEwMCUyNSUzQiUyMiUzRSUwQSUzQ25hdiUyMGNsYXNzJTNEJTIyc3VibWVudSUyMiUzRSUwQSUzQ3NwYW4lMjBjbGFzcyUzRCUyMmFjdHVhbCUyMGVsZW1lbnRvJTIyJTNFJTNDYSUyMGhyZWYlM0QlMjIlMkZwZXJzb25hcyUyRnBvci1xdWUtaW5lcmNvJTIyJTNFUG9yJTIwcXUlQzMlQTklMjBJTkVSQ08lM0MlMkZhJTNFJTNDJTJGc3BhbiUzRSUwQSUzQ3NwYW4lMjBjbGFzcyUzRCUyMmVsZW1lbnRvJTIyJTNFJTNDYSUyMGhyZWYlM0QlMjIlMkZwZXJzb25hcyUyRmN1bHR1cmEteS12YWxvcmVzJTIyJTNFQ3VsdHVyYSUyMHklMjBWYWxvcmVzJTNDJTJGYSUzRSUzQyUyRnNwYW4lM0UlMEElM0NzcGFuJTIwY2xhc3MlM0QlMjJlbGVtZW50byUyMiUzRSUzQ2ElMjBocmVmJTNEJTIyJTJGcGVyc29uYXMlMkZ1bmV0ZS1hLWluZXJjbyUyMiUzRSVDMyU5QW5ldGUlMjBhJTIwSU5FUkNPJTNDJTJGYSUzRSUzQyUyRnNwYW4lM0UlMEElM0NzcGFuJTIwY2xhc3MlM0QlMjJlbGVtZW50byUyMiUzRSUzQ2ElMjBocmVmJTNEJTIyJTJGcGVyc29uYXMlMkZwcm9jZXNvLWRlLXNlbGVjY2lvbiUyMiUzRVByb2Nlc28lMjBkZSUyMFNlbGVjY2klQzMlQjNuJTNDJTJGYSUzRSUzQyUyRnNwYW4lM0UlMEElM0NzcGFuJTIwY2xhc3MlM0QlMjJsYXN0JTIwZWxlbWVudG8lMjIlM0UlM0NhJTIwaHJlZiUzRCUyMmh0dHBzJTNBJTJGJTJGY2FyZWVyMi5zdWNjZXNzZmFjdG9ycy5ldSUyRmNhcmVlciUzRmNvbXBhbnklM0RpbmdlbmllcmFlJTIyJTIwdGFyZ2V0JTNEJTIyX2JsYW5rJTIyJTNFRCVDMyVBOWphbm9zJTIwdHUlMjBDViUzQyUyRmElM0UlM0MlMkZzcGFuJTNFJTBBJTNDJTJGbmF2JTNFJTBBJTNDJTJGZGl2JTNFJTBB[\/vc_raw_html][vc_empty_space height=\u00bb50px\u00bb][\/vc_column][\/vc_row][vc_row css_animation=\u00bb\u00bb row_type=\u00bbrow\u00bb use_row_as_full_screen_section=\u00bbno\u00bb type=\u00bbfull_width\u00bb angled_section=\u00bbno\u00bb text_align=\u00bbleft\u00bb background_image_as_pattern=\u00bbwithout_pattern\u00bb][vc_column offset=\u00bbvc_hidden-sm vc_hidden-xs\u00bb][vc_empty_space height=\u00bb50px\u00bb][\/vc_column][\/vc_row][vc_row css_animation=\u00bb\u00bb row_type=\u00bbrow\u00bb use_row_as_full_screen_section=\u00bbno\u00bb type=\u00bbgrid\u00bb angled_section=\u00bbno\u00bb text_align=\u00bbcenter\u00bb background_image_as_pattern=\u00bbwithout_pattern\u00bb z_index=\u00bb\u00bb][vc_column css=\u00bb.vc_custom_1561982927117{padding-right: 5% !important;padding-left: 5% !important;}\u00bb][vc_empty_space height=\u00bb40px\u00bb][vc_column_text]<\/p>\n<h2 style=\"text-align: center; font-weight: 200; color: #000;\"><strong>Diversidad e igualdad<\/strong> son <strong>principios fundamentales<\/strong> de la estrategia corporativa de <strong>INERCO<\/strong><\/h2>\n<p>[\/vc_column_text][vc_empty_space height=\u00bb80px\u00bb][vc_column_text]<\/p>\n<h3 style=\"text-align: center; font-weight: 300; color: #000; line-height: 1.4;\">La presencia de <strong>INERCO<\/strong> en 10 pa\u00edses, el desarrollo de proyectos en m\u00e1s de 70 y las diversas compa\u00f1\u00edas que se han ido incorporando al Grupo en los \u00faltimos a\u00f1os, configuran un <strong>entorno diverso, multicultural y plenamente integrado<\/strong>.<\/h3>\n<p>[\/vc_column_text][vc_empty_space height=\u00bb30px\u00bb][\/vc_column][\/vc_row][vc_row css_animation=\u00bb\u00bb row_type=\u00bbrow\u00bb use_row_as_full_screen_section=\u00bbno\u00bb type=\u00bbfull_width\u00bb angled_section=\u00bbno\u00bb text_align=\u00bbcenter\u00bb background_image_as_pattern=\u00bbwithout_pattern\u00bb z_index=\u00bb\u00bb][vc_column css=\u00bb.vc_custom_1561982927117{padding-right: 5% !important;padding-left: 5% !important;}\u00bb][qode_elements_holder number_of_columns=\u00bbtwo_columns\u00bb switch_to_one_column=\u00bb1300&#8243; alignment_one_column=\u00bbcenter\u00bb][qode_elements_holder_item vertical_alignment=\u00bbmiddle\u00bb horizontal_alignment=\u00bbcenter\u00bb advanced_animations=\u00bbno\u00bb item_padding=\u00bb50px 60px 50px 300px\u00bb item_padding_1280_1440=\u00bb50px 50px 50px 50px\u00bb item_padding_1024_1280=\u00bb40px 40px 40px 40px\u00bb item_padding_768_1024=\u00bb30px 30px 50px 30px\u00bb item_padding_600_768=\u00bb10px 10px 40px 10px\u00bb item_padding_480_600=\u00bb10px 10px 40px 10px\u00bb item_padding_480=\u00bb10px 10px 40px 10px\u00bb][vc_single_image image=\u00bb2789&#8243; img_size=\u00bbfull\u00bb qode_css_animation=\u00bb\u00bb][\/qode_elements_holder_item][qode_elements_holder_item vertical_alignment=\u00bbmiddle\u00bb horizontal_alignment=\u00bbcenter\u00bb advanced_animations=\u00bbno\u00bb item_padding=\u00bb50px 300px 50px 60px\u00bb item_padding_1280_1440=\u00bb50px 50px 50px 50px\u00bb item_padding_1024_1280=\u00bb40px 40px 40px 40px\u00bb item_padding_768_1024=\u00bb30px 30px 30px 30px\u00bb item_padding_600_768=\u00bb10px 10px 10px 10px\u00bb item_padding_480_600=\u00bb10px 10px 10px 10px\u00bb item_padding_480=\u00bb10px 10px 10px 10px\u00bb][vc_column_text]<\/p>\n<h3 style=\"text-align: center; font-weight: 300; color: #000; line-height: 1.4;\">Desde la Compa\u00f1\u00eda <strong>se fomenta un comportamiento social responsable<\/strong> por parte de todos los que la integramos, manteniendo el compromiso de no discriminaci\u00f3n y respeto a las personas.<\/h3>\n<p>[\/vc_column_text][vc_empty_space height=\u00bb30px\u00bb][vc_column_text]<\/p>\n<h3 style=\"text-align: center; font-weight: 300; color: #000; line-height: 1.4;\">Gestionamos esta diversidad atendiendo a las necesidades de los diferentes grupos y perfiles de las personas que componen los equipos de trabajo y potenciando la estancia temporal de t\u00e9cnicos inter-sedes.<\/h3>\n<p>[\/vc_column_text][\/qode_elements_holder_item][\/qode_elements_holder][vc_empty_space height=\u00bb30px\u00bb][\/vc_column][\/vc_row][vc_row css_animation=\u00bb\u00bb row_type=\u00bbrow\u00bb use_row_as_full_screen_section=\u00bbno\u00bb type=\u00bbgrid\u00bb angled_section=\u00bbno\u00bb text_align=\u00bbcenter\u00bb background_image_as_pattern=\u00bbwithout_pattern\u00bb z_index=\u00bb\u00bb][vc_column css=\u00bb.vc_custom_1561982927117{padding-right: 5% !important;padding-left: 5% !important;}\u00bb][vc_empty_space height=\u00bb30px\u00bb][vc_column_text]<\/p>\n<h3 style=\"text-align: center; font-weight: 300; color: #000; line-height: 1.4;\">En particular, para favorecer una cultura orientada a la igualdad de g\u00e9nero y a la prevenci\u00f3n de conductas discriminatorias, apostamos por la <strong>conciliaci\u00f3n vida privada-vida laboral<\/strong> de los empleados y la atenci\u00f3n de situaciones personales que requieran una consideraci\u00f3n especial.<\/h3>\n<p>[\/vc_column_text][vc_empty_space height=\u00bb100px\u00bb]\n\n\t<a href=\"\/personas\/por-que-inerco\" target=\"_self\" style=\"color: #ffffff;background-color: #009640\" class=\"qode-btn qode-btn-medium qode-btn-solid qode-btn-custom-hover-bg qode-btn-custom-hover-color qode-btn-custom-icon-bg-hover-color qode-btn-icon qode-btn-icon-rotate\" data-hover-bg-color=\"#009640\" data-hover-color=\"#ffffff\" >\n\t    <span class=\"qode-btn-text\">Volver<\/span><span class=\"qode-button-v2-icon-holder\" style=\"border-color: #ffffff;background-color: #009640\" data-hover-icon-border-color=\"#ffffff\" data-hover-icon-bg-color=\"#009640\"><span aria-hidden=\"true\" class=\"qode_icon_font_elegant arrow_right qode-button-v2-icon-holder-inner\" ><\/span><\/span>\t<\/a>\n\n[\/vc_column][\/vc_row][vc_row css_animation=\u00bb\u00bb row_type=\u00bbrow\u00bb use_row_as_full_screen_section=\u00bbno\u00bb type=\u00bbfull_width\u00bb angled_section=\u00bbno\u00bb text_align=\u00bbleft\u00bb background_image_as_pattern=\u00bbwithout_pattern\u00bb][vc_column][vc_empty_space height=\u00bb100px\u00bb][\/vc_column][\/vc_row]<\/p>\n<\/div>","protected":false},"excerpt":{"rendered":"<p>[vc_row css_animation=\u00bb\u00bb row_type=\u00bbrow\u00bb use_row_as_full_screen_section=\u00bbno\u00bb type=\u00bbfull_width\u00bb angled_section=\u00bbno\u00bb text_align=\u00bbleft\u00bb background_image_as_pattern=\u00bbwithout_pattern\u00bb][vc_column][vc_empty_space height=\u00bb60px\u00bb][vc_raw_html]JTNDZGl2JTIwc3R5bGUlM0QlMjJ3aWR0aCUzQTEwMCUyNSUzQiUyMiUzRSUwQSUzQ25hdiUyMGNsYXNzJTNEJTIyc3VibWVudSUyMiUzRSUwQSUzQ3NwYW4lMjBjbGFzcyUzRCUyMmFjdHVhbCUyMGVsZW1lbnRvJTIyJTNFJTNDYSUyMGhyZWYlM0QlMjIlMkZwZXJzb25hcyUyRnBvci1xdWUtaW5lcmNvJTIyJTNFUG9yJTIwcXUlQzMlQTklMjBJTkVSQ08lM0MlMkZhJTNFJTNDJTJGc3BhbiUzRSUwQSUzQ3NwYW4lMjBjbGFzcyUzRCUyMmVsZW1lbnRvJTIyJTNFJTNDYSUyMGhyZWYlM0QlMjIlMkZwZXJzb25hcyUyRmN1bHR1cmEteS12YWxvcmVzJTIyJTNFQ3VsdHVyYSUyMHklMjBWYWxvcmVzJTNDJTJGYSUzRSUzQyUyRnNwYW4lM0UlMEElM0NzcGFuJTIwY2xhc3MlM0QlMjJlbGVtZW50byUyMiUzRSUzQ2ElMjBocmVmJTNEJTIyJTJGcGVyc29uYXMlMkZ1bmV0ZS1hLWluZXJjbyUyMiUzRSVDMyU5QW5ldGUlMjBhJTIwSU5FUkNPJTNDJTJGYSUzRSUzQyUyRnNwYW4lM0UlMEElM0NzcGFuJTIwY2xhc3MlM0QlMjJlbGVtZW50byUyMiUzRSUzQ2ElMjBocmVmJTNEJTIyJTJGcGVyc29uYXMlMkZwcm9jZXNvLWRlLXNlbGVjY2lvbiUyMiUzRVByb2Nlc28lMjBkZSUyMFNlbGVjY2klQzMlQjNuJTNDJTJGYSUzRSUzQyUyRnNwYW4lM0UlMEElM0NzcGFuJTIwY2xhc3MlM0QlMjJsYXN0JTIwZWxlbWVudG8lMjIlM0UlM0NhJTIwaHJlZiUzRCUyMmh0dHBzJTNBJTJGJTJGY2FyZWVyMi5zdWNjZXNzZmFjdG9ycy5ldSUyRmNhcmVlciUzRmNvbXBhbnklM0RpbmdlbmllcmFlJTIyJTIwdGFyZ2V0JTNEJTIyX2JsYW5rJTIyJTNFRCVDMyVBOWphbm9zJTIwdHUlMjBDViUzQyUyRmElM0UlM0MlMkZzcGFuJTNFJTBBJTNDJTJGbmF2JTNFJTBBJTNDJTJGZGl2JTNFJTBB[\/vc_raw_html][vc_empty_space height=\u00bb50px\u00bb][\/vc_column][\/vc_row][vc_row css_animation=\u00bb\u00bb row_type=\u00bbrow\u00bb use_row_as_full_screen_section=\u00bbno\u00bb type=\u00bbfull_width\u00bb angled_section=\u00bbno\u00bb&#8230;<\/p>\n","protected":false},"author":1,"featured_media":0,"parent":2501,"menu_order":2,"comment_status":"closed","ping_status":"closed","template":"full_width.php","meta":{"footnotes":""},"class_list":["post-2640","page","type-page","status-publish","hentry"],"yoast_head":"<!-- This site is optimized with the Yoast SEO plugin v27.3 - https:\/\/yoast.com\/product\/yoast-seo-wordpress\/ -->\n<title>Diversidad e Igualdad - INERCO<\/title>\n<meta name=\"robots\" content=\"noindex, nofollow\" \/>\n<meta property=\"og:locale\" content=\"es_ES\" \/>\n<meta property=\"og:type\" content=\"article\" \/>\n<meta property=\"og:title\" content=\"Diversidad e Igualdad - INERCO\" \/>\n<meta property=\"og:description\" content=\"[vc_row css_animation=\u00bb\u00bb row_type=\u00bbrow\u00bb use_row_as_full_screen_section=\u00bbno\u00bb type=\u00bbfull_width\u00bb angled_section=\u00bbno\u00bb text_align=\u00bbleft\u00bb background_image_as_pattern=\u00bbwithout_pattern\u00bb][vc_column][vc_empty_space height=\u00bb60px\u00bb][vc_raw_html]JTNDZGl2JTIwc3R5bGUlM0QlMjJ3aWR0aCUzQTEwMCUyNSUzQiUyMiUzRSUwQSUzQ25hdiUyMGNsYXNzJTNEJTIyc3VibWVudSUyMiUzRSUwQSUzQ3NwYW4lMjBjbGFzcyUzRCUyMmFjdHVhbCUyMGVsZW1lbnRvJTIyJTNFJTNDYSUyMGhyZWYlM0QlMjIlMkZwZXJzb25hcyUyRnBvci1xdWUtaW5lcmNvJTIyJTNFUG9yJTIwcXUlQzMlQTklMjBJTkVSQ08lM0MlMkZhJTNFJTNDJTJGc3BhbiUzRSUwQSUzQ3NwYW4lMjBjbGFzcyUzRCUyMmVsZW1lbnRvJTIyJTNFJTNDYSUyMGhyZWYlM0QlMjIlMkZwZXJzb25hcyUyRmN1bHR1cmEteS12YWxvcmVzJTIyJTNFQ3VsdHVyYSUyMHklMjBWYWxvcmVzJTNDJTJGYSUzRSUzQyUyRnNwYW4lM0UlMEElM0NzcGFuJTIwY2xhc3MlM0QlMjJlbGVtZW50byUyMiUzRSUzQ2ElMjBocmVmJTNEJTIyJTJGcGVyc29uYXMlMkZ1bmV0ZS1hLWluZXJjbyUyMiUzRSVDMyU5QW5ldGUlMjBhJTIwSU5FUkNPJTNDJTJGYSUzRSUzQyUyRnNwYW4lM0UlMEElM0NzcGFuJTIwY2xhc3MlM0QlMjJlbGVtZW50byUyMiUzRSUzQ2ElMjBocmVmJTNEJTIyJTJGcGVyc29uYXMlMkZwcm9jZXNvLWRlLXNlbGVjY2lvbiUyMiUzRVByb2Nlc28lMjBkZSUyMFNlbGVjY2klQzMlQjNuJTNDJTJGYSUzRSUzQyUyRnNwYW4lM0UlMEElM0NzcGFuJTIwY2xhc3MlM0QlMjJsYXN0JTIwZWxlbWVudG8lMjIlM0UlM0NhJTIwaHJlZiUzRCUyMmh0dHBzJTNBJTJGJTJGY2FyZWVyMi5zdWNjZXNzZmFjdG9ycy5ldSUyRmNhcmVlciUzRmNvbXBhbnklM0RpbmdlbmllcmFlJTIyJTIwdGFyZ2V0JTNEJTIyX2JsYW5rJTIyJTNFRCVDMyVBOWphbm9zJTIwdHUlMjBDViUzQyUyRmElM0UlM0MlMkZzcGFuJTNFJTBBJTNDJTJGbmF2JTNFJTBBJTNDJTJGZGl2JTNFJTBB[\/vc_raw_html][vc_empty_space height=\u00bb50px\u00bb][\/vc_column][\/vc_row][vc_row css_animation=\u00bb\u00bb row_type=\u00bbrow\u00bb use_row_as_full_screen_section=\u00bbno\u00bb type=\u00bbfull_width\u00bb angled_section=\u00bbno\u00bb...\" \/>\n<meta property=\"og:url\" content=\"https:\/\/www.inerco.com\/es\/personas\/por-que-inerco\/diversidad-e-igualdad\/\" \/>\n<meta property=\"og:site_name\" content=\"INERCO\" \/>\n<meta property=\"article:modified_time\" content=\"2024-05-24T09:16:56+00:00\" \/>\n<meta name=\"twitter:card\" content=\"summary_large_image\" \/>\n<meta name=\"twitter:site\" content=\"@Inerco_\" \/>\n<script type=\"application\/ld+json\" class=\"yoast-schema-graph\">{\"@context\":\"https:\\\/\\\/schema.org\",\"@graph\":[{\"@type\":\"WebPage\",\"@id\":\"https:\\\/\\\/www.inerco.com\\\/es\\\/personas\\\/por-que-inerco\\\/diversidad-e-igualdad\\\/\",\"url\":\"https:\\\/\\\/www.inerco.com\\\/es\\\/personas\\\/por-que-inerco\\\/diversidad-e-igualdad\\\/\",\"name\":\"Diversidad e Igualdad - INERCO\",\"isPartOf\":{\"@id\":\"https:\\\/\\\/www.inerco.com\\\/es\\\/#website\"},\"datePublished\":\"2019-07-01T12:26:17+00:00\",\"dateModified\":\"2024-05-24T09:16:56+00:00\",\"breadcrumb\":{\"@id\":\"https:\\\/\\\/www.inerco.com\\\/es\\\/personas\\\/por-que-inerco\\\/diversidad-e-igualdad\\\/#breadcrumb\"},\"inLanguage\":\"es\",\"potentialAction\":[{\"@type\":\"ReadAction\",\"target\":[\"https:\\\/\\\/www.inerco.com\\\/es\\\/personas\\\/por-que-inerco\\\/diversidad-e-igualdad\\\/\"]}]},{\"@type\":\"BreadcrumbList\",\"@id\":\"https:\\\/\\\/www.inerco.com\\\/es\\\/personas\\\/por-que-inerco\\\/diversidad-e-igualdad\\\/#breadcrumb\",\"itemListElement\":[{\"@type\":\"ListItem\",\"position\":1,\"name\":\"Home\",\"item\":\"https:\\\/\\\/www.inerco.com\\\/es\\\/\"},{\"@type\":\"ListItem\",\"position\":2,\"name\":\"Personas\",\"item\":\"https:\\\/\\\/www.inerco.com\\\/es\\\/personas\\\/\"},{\"@type\":\"ListItem\",\"position\":3,\"name\":\"Por qu\u00e9 INERCO\",\"item\":\"https:\\\/\\\/www.inerco.com\\\/es\\\/personas\\\/por-que-inerco\\\/\"},{\"@type\":\"ListItem\",\"position\":4,\"name\":\"Diversidad e Igualdad\"}]},{\"@type\":\"WebSite\",\"@id\":\"https:\\\/\\\/www.inerco.com\\\/es\\\/#website\",\"url\":\"https:\\\/\\\/www.inerco.com\\\/es\\\/\",\"name\":\"INERCO\",\"description\":\"Tecnolog\u00eda, ingenier\u00eda y consultor\u00eda integral para el desarrollo industrial sostenible\",\"potentialAction\":[{\"@type\":\"SearchAction\",\"target\":{\"@type\":\"EntryPoint\",\"urlTemplate\":\"https:\\\/\\\/www.inerco.com\\\/es\\\/?s={search_term_string}\"},\"query-input\":{\"@type\":\"PropertyValueSpecification\",\"valueRequired\":true,\"valueName\":\"search_term_string\"}}],\"inLanguage\":\"es\"}]}<\/script>\n<!-- \/ Yoast SEO plugin. -->","yoast_head_json":{"title":"Diversidad e Igualdad - INERCO","robots":{"index":"noindex","follow":"nofollow"},"og_locale":"es_ES","og_type":"article","og_title":"Diversidad e Igualdad - INERCO","og_description":"[vc_row css_animation=\u00bb\u00bb row_type=\u00bbrow\u00bb use_row_as_full_screen_section=\u00bbno\u00bb type=\u00bbfull_width\u00bb angled_section=\u00bbno\u00bb text_align=\u00bbleft\u00bb background_image_as_pattern=\u00bbwithout_pattern\u00bb][vc_column][vc_empty_space height=\u00bb60px\u00bb][vc_raw_html]JTNDZGl2JTIwc3R5bGUlM0QlMjJ3aWR0aCUzQTEwMCUyNSUzQiUyMiUzRSUwQSUzQ25hdiUyMGNsYXNzJTNEJTIyc3VibWVudSUyMiUzRSUwQSUzQ3NwYW4lMjBjbGFzcyUzRCUyMmFjdHVhbCUyMGVsZW1lbnRvJTIyJTNFJTNDYSUyMGhyZWYlM0QlMjIlMkZwZXJzb25hcyUyRnBvci1xdWUtaW5lcmNvJTIyJTNFUG9yJTIwcXUlQzMlQTklMjBJTkVSQ08lM0MlMkZhJTNFJTNDJTJGc3BhbiUzRSUwQSUzQ3NwYW4lMjBjbGFzcyUzRCUyMmVsZW1lbnRvJTIyJTNFJTNDYSUyMGhyZWYlM0QlMjIlMkZwZXJzb25hcyUyRmN1bHR1cmEteS12YWxvcmVzJTIyJTNFQ3VsdHVyYSUyMHklMjBWYWxvcmVzJTNDJTJGYSUzRSUzQyUyRnNwYW4lM0UlMEElM0NzcGFuJTIwY2xhc3MlM0QlMjJlbGVtZW50byUyMiUzRSUzQ2ElMjBocmVmJTNEJTIyJTJGcGVyc29uYXMlMkZ1bmV0ZS1hLWluZXJjbyUyMiUzRSVDMyU5QW5ldGUlMjBhJTIwSU5FUkNPJTNDJTJGYSUzRSUzQyUyRnNwYW4lM0UlMEElM0NzcGFuJTIwY2xhc3MlM0QlMjJlbGVtZW50byUyMiUzRSUzQ2ElMjBocmVmJTNEJTIyJTJGcGVyc29uYXMlMkZwcm9jZXNvLWRlLXNlbGVjY2lvbiUyMiUzRVByb2Nlc28lMjBkZSUyMFNlbGVjY2klQzMlQjNuJTNDJTJGYSUzRSUzQyUyRnNwYW4lM0UlMEElM0NzcGFuJTIwY2xhc3MlM0QlMjJsYXN0JTIwZWxlbWVudG8lMjIlM0UlM0NhJTIwaHJlZiUzRCUyMmh0dHBzJTNBJTJGJTJGY2FyZWVyMi5zdWNjZXNzZmFjdG9ycy5ldSUyRmNhcmVlciUzRmNvbXBhbnklM0RpbmdlbmllcmFlJTIyJTIwdGFyZ2V0JTNEJTIyX2JsYW5rJTIyJTNFRCVDMyVBOWphbm9zJTIwdHUlMjBDViUzQyUyRmElM0UlM0MlMkZzcGFuJTNFJTBBJTNDJTJGbmF2JTNFJTBBJTNDJTJGZGl2JTNFJTBB[\/vc_raw_html][vc_empty_space height=\u00bb50px\u00bb][\/vc_column][\/vc_row][vc_row css_animation=\u00bb\u00bb row_type=\u00bbrow\u00bb use_row_as_full_screen_section=\u00bbno\u00bb type=\u00bbfull_width\u00bb angled_section=\u00bbno\u00bb...","og_url":"https:\/\/www.inerco.com\/es\/personas\/por-que-inerco\/diversidad-e-igualdad\/","og_site_name":"INERCO","article_modified_time":"2024-05-24T09:16:56+00:00","twitter_card":"summary_large_image","twitter_site":"@Inerco_","schema":{"@context":"https:\/\/schema.org","@graph":[{"@type":"WebPage","@id":"https:\/\/www.inerco.com\/es\/personas\/por-que-inerco\/diversidad-e-igualdad\/","url":"https:\/\/www.inerco.com\/es\/personas\/por-que-inerco\/diversidad-e-igualdad\/","name":"Diversidad e Igualdad - INERCO","isPartOf":{"@id":"https:\/\/www.inerco.com\/es\/#website"},"datePublished":"2019-07-01T12:26:17+00:00","dateModified":"2024-05-24T09:16:56+00:00","breadcrumb":{"@id":"https:\/\/www.inerco.com\/es\/personas\/por-que-inerco\/diversidad-e-igualdad\/#breadcrumb"},"inLanguage":"es","potentialAction":[{"@type":"ReadAction","target":["https:\/\/www.inerco.com\/es\/personas\/por-que-inerco\/diversidad-e-igualdad\/"]}]},{"@type":"BreadcrumbList","@id":"https:\/\/www.inerco.com\/es\/personas\/por-que-inerco\/diversidad-e-igualdad\/#breadcrumb","itemListElement":[{"@type":"ListItem","position":1,"name":"Home","item":"https:\/\/www.inerco.com\/es\/"},{"@type":"ListItem","position":2,"name":"Personas","item":"https:\/\/www.inerco.com\/es\/personas\/"},{"@type":"ListItem","position":3,"name":"Por qu\u00e9 INERCO","item":"https:\/\/www.inerco.com\/es\/personas\/por-que-inerco\/"},{"@type":"ListItem","position":4,"name":"Diversidad e Igualdad"}]},{"@type":"WebSite","@id":"https:\/\/www.inerco.com\/es\/#website","url":"https:\/\/www.inerco.com\/es\/","name":"INERCO","description":"Tecnolog\u00eda, ingenier\u00eda y consultor\u00eda integral para el desarrollo industrial sostenible","potentialAction":[{"@type":"SearchAction","target":{"@type":"EntryPoint","urlTemplate":"https:\/\/www.inerco.com\/es\/?s={search_term_string}"},"query-input":{"@type":"PropertyValueSpecification","valueRequired":true,"valueName":"search_term_string"}}],"inLanguage":"es"}]}},"_links":{"self":[{"href":"https:\/\/www.inerco.com\/es\/wp-json\/wp\/v2\/pages\/2640","targetHints":{"allow":["GET"]}}],"collection":[{"href":"https:\/\/www.inerco.com\/es\/wp-json\/wp\/v2\/pages"}],"about":[{"href":"https:\/\/www.inerco.com\/es\/wp-json\/wp\/v2\/types\/page"}],"author":[{"embeddable":true,"href":"https:\/\/www.inerco.com\/es\/wp-json\/wp\/v2\/users\/1"}],"replies":[{"embeddable":true,"href":"https:\/\/www.inerco.com\/es\/wp-json\/wp\/v2\/comments?post=2640"}],"version-history":[{"count":10,"href":"https:\/\/www.inerco.com\/es\/wp-json\/wp\/v2\/pages\/2640\/revisions"}],"predecessor-version":[{"id":14743,"href":"https:\/\/www.inerco.com\/es\/wp-json\/wp\/v2\/pages\/2640\/revisions\/14743"}],"up":[{"embeddable":true,"href":"https:\/\/www.inerco.com\/es\/wp-json\/wp\/v2\/pages\/2501"}],"wp:attachment":[{"href":"https:\/\/www.inerco.com\/es\/wp-json\/wp\/v2\/media?parent=2640"}],"curies":[{"name":"wp","href":"https:\/\/api.w.org\/{rel}","templated":true}]}}