{"id":2531,"date":"2019-06-17T08:27:32","date_gmt":"2019-06-17T06:27:32","guid":{"rendered":"https:\/\/www.inerco.com\/?page_id=2531"},"modified":"2024-09-24T13:53:39","modified_gmt":"2024-09-24T11:53:39","slug":"unete-a-inerco","status":"publish","type":"page","link":"https:\/\/www.inerco.com\/es\/personas\/unete-a-inerco\/","title":{"rendered":"\u00danete a INERCO"},"content":{"rendered":"<div class=\"wpb-content-wrapper\"><p>[vc_row css_animation=\u00bb\u00bb row_type=\u00bbrow\u00bb use_row_as_full_screen_section=\u00bbno\u00bb type=\u00bbfull_width\u00bb angled_section=\u00bbno\u00bb text_align=\u00bbleft\u00bb background_image_as_pattern=\u00bbwithout_pattern\u00bb][vc_column][vc_empty_space height=\u00bb40px\u00bb][vc_raw_html css=\u00bb\u00bb]JTNDZGl2JTIwc3R5bGUlM0QlMjJ3aWR0aCUzQTEwMCUyNSUzQiUyMiUzRSUwQSUzQ25hdiUyMGNsYXNzJTNEJTIyc3VibWVudV9wZXJzb25hcyUyMiUzRSUwQSUzQ3NwYW4lMjBjbGFzcyUzRCUyMmVsZW1lbnRvJTIyJTNFJTNDYSUyMGhyZWYlM0QlMjIlMkZwZXJzb25hcyUyRnBvci1xdWUtaW5lcmNvJTIyJTNFUG9yJTIwcXUlQzMlQTklMjBJTkVSQ08lM0MlMkZhJTNFJTNDJTJGc3BhbiUzRSUwQSUzQ3NwYW4lMjBjbGFzcyUzRCUyMmVsZW1lbnRvJTIyJTNFJTNDYSUyMGhyZWYlM0QlMjIlMkZwZXJzb25hcyUyRmN1bHR1cmEteS12YWxvcmVzJTIyJTNFQ3VsdHVyYSUyMHklMjBWYWxvcmVzJTNDJTJGYSUzRSUzQyUyRnNwYW4lM0UlMEElM0NzcGFuJTIwY2xhc3MlM0QlMjJhY3R1YWwlMjBlbGVtZW50byUyMiUzRSUzQ2ElMjBocmVmJTNEJTIyJTJGcGVyc29uYXMlMkZ1bmV0ZS1hLWluZXJjbyUyMiUzRSVDMyU5QW5ldGUlMjBhJTIwSU5FUkNPJTNDJTJGYSUzRSUzQyUyRnNwYW4lM0UlMEElM0NzcGFuJTIwY2xhc3MlM0QlMjJlbGVtZW50byUyMiUzRSUzQ2ElMjBocmVmJTNEJTIyJTJGcGVyc29uYXMlMkZwcm9jZXNvLWRlLXNlbGVjY2lvbiUyMiUzRVByb2Nlc28lMjBkZSUyMFNlbGVjY2klQzMlQjNuJTNDJTJGYSUzRSUzQyUyRnNwYW4lM0UlMEElM0NzcGFuJTIwY2xhc3MlM0QlMjJsYXN0JTIwZWxlbWVudG8lMjIlM0UlM0NhJTIwaHJlZiUzRCUyMmh0dHBzJTNBJTJGJTJGY2FyZWVyMi5zdWNjZXNzZmFjdG9ycy5ldSUyRmNhcmVlciUzRmNvbXBhbnklM0RpbmdlbmllcmFlJTIyJTIwdGFyZ2V0JTNEJTIyX2JsYW5rJTIyJTNFRCVDMyVBOWphbm9zJTIwdHUlMjBDViUzQyUyRmElM0UlM0MlMkZzcGFuJTNFJTBBJTNDJTJGbmF2JTNFJTBBJTNDJTJGZGl2JTNFJTBB[\/vc_raw_html][vc_empty_space height=\u00bb50px\u00bb][vc_raw_html css=\u00bb\u00bb]JTNDZGl2JTIwc3R5bGUlM0QlMjJ3aWR0aCUzQTEwMCUyNSUzQiUyMiUzRSUwQSUzQ3AlM0UlMjAlMjAlM0MlMkZwJTNFJTBBJTNDJTJGZGl2JTNFJTBB[\/vc_raw_html][vc_empty_space height=\u00bb50px\u00bb][\/vc_column][\/vc_row][vc_row css_animation=\u00bb\u00bb row_type=\u00bbrow\u00bb use_row_as_full_screen_section=\u00bbno\u00bb type=\u00bbfull_width\u00bb angled_section=\u00bbno\u00bb text_align=\u00bbcenter\u00bb background_image_as_pattern=\u00bbwithout_pattern\u00bb z_index=\u00bb\u00bb][vc_column width=\u00bb1\/2&#8243; css=\u00bb.vc_custom_1638439990292{padding: 20px !important;}\u00bb]<div class=\"qode-cta-section\">\n\t<img decoding=\"async\" src=\"https:\/\/www.inerco.com\/wp-content\/uploads\/INERCO-Envia-tu-CV-1.jpg\" alt=\"call to action image\"\/>\n\t<div class=\"qode-cta-section-text-wrapper\">\n\t\t<div class=\"qode-cta-section-text-wrapper-inner\" >\n\t\t\t\t\t\t\t<div class=\"qode-cta-section-title-holder\">\n\t\t\t\t\t<h2 class=\"qode-cta-section-title\">\n\t\t\t\t\t\tTrabaja con nosotros\t\t\t\t\t<\/h2>\n\t\t\t\t<\/div>\n\t\t\t\n            <div class=\"separator  small center  qode-type1-gradient-left-to-right \" style=\"margin-top: 27px;margin-bottom: 31px;height: 2px;width: 150px;\"><\/div>\n\n\t\t\t\t\t\t\n\n\t<a href=\"https:\/\/career2.successfactors.eu\/career?company=ingenierae\" target=\"_blank\"  class=\"qode-btn qode-btn-medium qode-btn-solid qode-btn-icon qode-btn-with-shadow qode-btn-shadow-hover\"  >\n\t    <span class=\"qode-btn-text\">VER OPORTUNIDADES<\/span><span class=\"qode-button-v2-icon-holder qode-type1-gradient-bottom-to-top-text\"  ><span aria-hidden=\"true\" class=\"qode_icon_font_elegant arrow_carrot-right qode-button-v2-icon-holder-inner\" ><\/span><\/span>\t<\/a>\n\n\t\t<\/div>\n\t<\/div>\n<\/div>[\/vc_column][vc_column width=\u00bb1\/2&#8243; css=\u00bb.vc_custom_1638441842227{padding: 20px !important;}\u00bb]<div class=\"qode-cta-section\">\n\t<img decoding=\"async\" src=\"https:\/\/www.inerco.com\/wp-content\/uploads\/SuccessFactors-Casos-de-exito-INERCO.jpg\" alt=\"call to action image\"\/>\n\t<div class=\"qode-cta-section-text-wrapper\">\n\t\t<div class=\"qode-cta-section-text-wrapper-inner\" >\n\t\t\t\t\t\t\t<div class=\"qode-cta-section-title-holder\">\n\t\t\t\t\t<h2 class=\"qode-cta-section-title\">\n\t\t\t\t\t\tCaso de \u00e9xito INERCO SuccessFactors\t\t\t\t\t<\/h2>\n\t\t\t\t<\/div>\n\t\t\t\n            <div class=\"separator  small center  qode-type1-gradient-left-to-right \" style=\"margin-top: 27px;margin-bottom: 31px;height: 2px;width: 150px;\"><\/div>\n\n\t\t\t\t\t\t\n\n\t<a href=\"https:\/\/youtu.be\/uWO_aPfBOok\" target=\"_blank\"  class=\"qode-btn qode-btn-medium qode-btn-solid qode-btn-icon qode-btn-with-shadow qode-btn-shadow-hover\"  >\n\t    <span class=\"qode-btn-text\">CONOCE M\u00c1S<\/span><span class=\"qode-button-v2-icon-holder qode-type1-gradient-bottom-to-top-text\"  ><span aria-hidden=\"true\" class=\"qode_icon_font_elegant arrow_carrot-right qode-button-v2-icon-holder-inner\" ><\/span><\/span>\t<\/a>\n\n\t\t<\/div>\n\t<\/div>\n<\/div>[\/vc_column][\/vc_row][vc_row css_animation=\u00bb\u00bb row_type=\u00bbrow\u00bb use_row_as_full_screen_section=\u00bbno\u00bb type=\u00bbfull_width\u00bb angled_section=\u00bbno\u00bb text_align=\u00bbleft\u00bb background_image_as_pattern=\u00bbwithout_pattern\u00bb z_index=\u00bb\u00bb][vc_column width=\u00bb1\/2&#8243; css=\u00bb.vc_custom_1638439990292{padding: 20px !important;}\u00bb][vc_single_image image=\u00bb10024&#8243; img_size=\u00bbfull\u00bb alignment=\u00bbcenter\u00bb qode_css_animation=\u00bb\u00bb][\/vc_column][vc_column width=\u00bb1\/2&#8243; css=\u00bb.vc_custom_1638439982648{padding: 20px !important;}\u00bb][vc_empty_space height=\u00bb60px\u00bb][vc_column_text]<\/p>\n<h2 style=\"text-align: left;\">Conoce y participa en el programa SPUTNIK<\/h2>\n<p>[\/vc_column_text][vc_empty_space height=\u00bb40px\u00bb][vc_column_text]<\/p>\n<h3>Con nuestro donativo becamos a 15 j\u00f3venes.<\/h3>\n<p>[\/vc_column_text][vc_empty_space height=\u00bb40px\u00bb]\n\n\t<a href=\"https:\/\/321sputnik.com\/que-es-sputnik\/\" target=\"_blank\"  class=\"qode-btn qode-btn-medium qode-btn-solid qode-btn-icon qode-btn-icon-rotate\"  >\n\t    <span class=\"qode-btn-text\">VER M\u00c1S<\/span><span class=\"qode-button-v2-icon-holder\"  ><span aria-hidden=\"true\" class=\"qode_icon_font_elegant arrow_right qode-button-v2-icon-holder-inner\" ><\/span><\/span>\t<\/a>\n\n[vc_empty_space height=\u00bb40px\u00bb][\/vc_column][\/vc_row][vc_row css_animation=\u00bb\u00bb row_type=\u00bbrow\u00bb use_row_as_full_screen_section=\u00bbno\u00bb type=\u00bbfull_width\u00bb angled_section=\u00bbno\u00bb text_align=\u00bbleft\u00bb background_image_as_pattern=\u00bbwithout_pattern\u00bb][vc_column][vc_empty_space height=\u00bb150px\u00bb][\/vc_column][\/vc_row]<\/p>\n<\/div>","protected":false},"excerpt":{"rendered":"<p>[vc_row css_animation=\u00bb\u00bb row_type=\u00bbrow\u00bb use_row_as_full_screen_section=\u00bbno\u00bb type=\u00bbfull_width\u00bb angled_section=\u00bbno\u00bb text_align=\u00bbleft\u00bb background_image_as_pattern=\u00bbwithout_pattern\u00bb][vc_column][vc_empty_space height=\u00bb40px\u00bb][vc_raw_html css=\u00bb\u00bb]JTNDZGl2JTIwc3R5bGUlM0QlMjJ3aWR0aCUzQTEwMCUyNSUzQiUyMiUzRSUwQSUzQ25hdiUyMGNsYXNzJTNEJTIyc3VibWVudV9wZXJzb25hcyUyMiUzRSUwQSUzQ3NwYW4lMjBjbGFzcyUzRCUyMmVsZW1lbnRvJTIyJTNFJTNDYSUyMGhyZWYlM0QlMjIlMkZwZXJzb25hcyUyRnBvci1xdWUtaW5lcmNvJTIyJTNFUG9yJTIwcXUlQzMlQTklMjBJTkVSQ08lM0MlMkZhJTNFJTNDJTJGc3BhbiUzRSUwQSUzQ3NwYW4lMjBjbGFzcyUzRCUyMmVsZW1lbnRvJTIyJTNFJTNDYSUyMGhyZWYlM0QlMjIlMkZwZXJzb25hcyUyRmN1bHR1cmEteS12YWxvcmVzJTIyJTNFQ3VsdHVyYSUyMHklMjBWYWxvcmVzJTNDJTJGYSUzRSUzQyUyRnNwYW4lM0UlMEElM0NzcGFuJTIwY2xhc3MlM0QlMjJhY3R1YWwlMjBlbGVtZW50byUyMiUzRSUzQ2ElMjBocmVmJTNEJTIyJTJGcGVyc29uYXMlMkZ1bmV0ZS1hLWluZXJjbyUyMiUzRSVDMyU5QW5ldGUlMjBhJTIwSU5FUkNPJTNDJTJGYSUzRSUzQyUyRnNwYW4lM0UlMEElM0NzcGFuJTIwY2xhc3MlM0QlMjJlbGVtZW50byUyMiUzRSUzQ2ElMjBocmVmJTNEJTIyJTJGcGVyc29uYXMlMkZwcm9jZXNvLWRlLXNlbGVjY2lvbiUyMiUzRVByb2Nlc28lMjBkZSUyMFNlbGVjY2klQzMlQjNuJTNDJTJGYSUzRSUzQyUyRnNwYW4lM0UlMEElM0NzcGFuJTIwY2xhc3MlM0QlMjJsYXN0JTIwZWxlbWVudG8lMjIlM0UlM0NhJTIwaHJlZiUzRCUyMmh0dHBzJTNBJTJGJTJGY2FyZWVyMi5zdWNjZXNzZmFjdG9ycy5ldSUyRmNhcmVlciUzRmNvbXBhbnklM0RpbmdlbmllcmFlJTIyJTIwdGFyZ2V0JTNEJTIyX2JsYW5rJTIyJTNFRCVDMyVBOWphbm9zJTIwdHUlMjBDViUzQyUyRmElM0UlM0MlMkZzcGFuJTNFJTBBJTNDJTJGbmF2JTNFJTBBJTNDJTJGZGl2JTNFJTBB[\/vc_raw_html][vc_empty_space height=\u00bb50px\u00bb][vc_raw_html css=\u00bb\u00bb]JTNDZGl2JTIwc3R5bGUlM0QlMjJ3aWR0aCUzQTEwMCUyNSUzQiUyMiUzRSUwQSUzQ3AlM0UlMjAlMjAlM0MlMkZwJTNFJTBBJTNDJTJGZGl2JTNFJTBB[\/vc_raw_html][vc_empty_space height=\u00bb50px\u00bb][\/vc_column][\/vc_row][vc_row css_animation=\u00bb\u00bb row_type=\u00bbrow\u00bb&#8230;<\/p>\n","protected":false},"author":1,"featured_media":2763,"parent":2499,"menu_order":2,"comment_status":"closed","ping_status":"closed","template":"","meta":{"footnotes":""},"class_list":["post-2531","page","type-page","status-publish","has-post-thumbnail","hentry"],"yoast_head":"<!-- This site is optimized with the Yoast SEO plugin v27.3 - https:\/\/yoast.com\/product\/yoast-seo-wordpress\/ -->\n<title>\u00danete a INERCO - INERCO<\/title>\n<meta name=\"description\" content=\"Trabaja con nosotros. Descubre las oportunidades de empleo en INERCO.\" \/>\n<meta name=\"robots\" content=\"noindex, nofollow\" \/>\n<meta property=\"og:locale\" content=\"es_ES\" \/>\n<meta property=\"og:type\" content=\"article\" \/>\n<meta property=\"og:title\" content=\"\u00danete a INERCO - INERCO\" \/>\n<meta property=\"og:description\" content=\"Trabaja con nosotros. Descubre las oportunidades de empleo en INERCO.\" \/>\n<meta property=\"og:url\" content=\"https:\/\/www.inerco.com\/es\/personas\/unete-a-inerco\/\" \/>\n<meta property=\"og:site_name\" content=\"INERCO\" \/>\n<meta property=\"article:modified_time\" content=\"2024-09-24T11:53:39+00:00\" \/>\n<meta property=\"og:image\" content=\"https:\/\/www.inerco.com\/wp-content\/uploads\/INERCO-Unete.jpg\" \/>\n\t<meta property=\"og:image:width\" content=\"1920\" \/>\n\t<meta property=\"og:image:height\" content=\"650\" \/>\n\t<meta property=\"og:image:type\" content=\"image\/jpeg\" \/>\n<meta name=\"twitter:card\" content=\"summary_large_image\" \/>\n<meta name=\"twitter:site\" content=\"@Inerco_\" \/>\n<script type=\"application\/ld+json\" class=\"yoast-schema-graph\">{\"@context\":\"https:\\\/\\\/schema.org\",\"@graph\":[{\"@type\":\"WebPage\",\"@id\":\"https:\\\/\\\/www.inerco.com\\\/es\\\/personas\\\/unete-a-inerco\\\/\",\"url\":\"https:\\\/\\\/www.inerco.com\\\/es\\\/personas\\\/unete-a-inerco\\\/\",\"name\":\"\u00danete a INERCO - INERCO\",\"isPartOf\":{\"@id\":\"https:\\\/\\\/www.inerco.com\\\/es\\\/#website\"},\"primaryImageOfPage\":{\"@id\":\"https:\\\/\\\/www.inerco.com\\\/es\\\/personas\\\/unete-a-inerco\\\/#primaryimage\"},\"image\":{\"@id\":\"https:\\\/\\\/www.inerco.com\\\/es\\\/personas\\\/unete-a-inerco\\\/#primaryimage\"},\"thumbnailUrl\":\"https:\\\/\\\/www.inerco.com\\\/wp-content\\\/uploads\\\/INERCO-Unete.jpg\",\"datePublished\":\"2019-06-17T06:27:32+00:00\",\"dateModified\":\"2024-09-24T11:53:39+00:00\",\"description\":\"Trabaja con nosotros. Descubre las oportunidades de empleo en INERCO.\",\"breadcrumb\":{\"@id\":\"https:\\\/\\\/www.inerco.com\\\/es\\\/personas\\\/unete-a-inerco\\\/#breadcrumb\"},\"inLanguage\":\"es\",\"potentialAction\":[{\"@type\":\"ReadAction\",\"target\":[\"https:\\\/\\\/www.inerco.com\\\/es\\\/personas\\\/unete-a-inerco\\\/\"]}]},{\"@type\":\"ImageObject\",\"inLanguage\":\"es\",\"@id\":\"https:\\\/\\\/www.inerco.com\\\/es\\\/personas\\\/unete-a-inerco\\\/#primaryimage\",\"url\":\"https:\\\/\\\/www.inerco.com\\\/wp-content\\\/uploads\\\/INERCO-Unete.jpg\",\"contentUrl\":\"https:\\\/\\\/www.inerco.com\\\/wp-content\\\/uploads\\\/INERCO-Unete.jpg\",\"width\":1920,\"height\":650,\"caption\":\"INERCO \u00danete\"},{\"@type\":\"BreadcrumbList\",\"@id\":\"https:\\\/\\\/www.inerco.com\\\/es\\\/personas\\\/unete-a-inerco\\\/#breadcrumb\",\"itemListElement\":[{\"@type\":\"ListItem\",\"position\":1,\"name\":\"Home\",\"item\":\"https:\\\/\\\/www.inerco.com\\\/es\\\/\"},{\"@type\":\"ListItem\",\"position\":2,\"name\":\"Personas\",\"item\":\"https:\\\/\\\/www.inerco.com\\\/es\\\/personas\\\/\"},{\"@type\":\"ListItem\",\"position\":3,\"name\":\"\u00danete a INERCO\"}]},{\"@type\":\"WebSite\",\"@id\":\"https:\\\/\\\/www.inerco.com\\\/es\\\/#website\",\"url\":\"https:\\\/\\\/www.inerco.com\\\/es\\\/\",\"name\":\"INERCO\",\"description\":\"Tecnolog\u00eda, ingenier\u00eda y consultor\u00eda integral para el desarrollo industrial sostenible\",\"potentialAction\":[{\"@type\":\"SearchAction\",\"target\":{\"@type\":\"EntryPoint\",\"urlTemplate\":\"https:\\\/\\\/www.inerco.com\\\/es\\\/?s={search_term_string}\"},\"query-input\":{\"@type\":\"PropertyValueSpecification\",\"valueRequired\":true,\"valueName\":\"search_term_string\"}}],\"inLanguage\":\"es\"}]}<\/script>\n<!-- \/ Yoast SEO plugin. -->","yoast_head_json":{"title":"\u00danete a INERCO - INERCO","description":"Trabaja con nosotros. Descubre las oportunidades de empleo en INERCO.","robots":{"index":"noindex","follow":"nofollow"},"og_locale":"es_ES","og_type":"article","og_title":"\u00danete a INERCO - INERCO","og_description":"Trabaja con nosotros. Descubre las oportunidades de empleo en INERCO.","og_url":"https:\/\/www.inerco.com\/es\/personas\/unete-a-inerco\/","og_site_name":"INERCO","article_modified_time":"2024-09-24T11:53:39+00:00","og_image":[{"width":1920,"height":650,"url":"https:\/\/www.inerco.com\/wp-content\/uploads\/INERCO-Unete.jpg","type":"image\/jpeg"}],"twitter_card":"summary_large_image","twitter_site":"@Inerco_","schema":{"@context":"https:\/\/schema.org","@graph":[{"@type":"WebPage","@id":"https:\/\/www.inerco.com\/es\/personas\/unete-a-inerco\/","url":"https:\/\/www.inerco.com\/es\/personas\/unete-a-inerco\/","name":"\u00danete a INERCO - INERCO","isPartOf":{"@id":"https:\/\/www.inerco.com\/es\/#website"},"primaryImageOfPage":{"@id":"https:\/\/www.inerco.com\/es\/personas\/unete-a-inerco\/#primaryimage"},"image":{"@id":"https:\/\/www.inerco.com\/es\/personas\/unete-a-inerco\/#primaryimage"},"thumbnailUrl":"https:\/\/www.inerco.com\/wp-content\/uploads\/INERCO-Unete.jpg","datePublished":"2019-06-17T06:27:32+00:00","dateModified":"2024-09-24T11:53:39+00:00","description":"Trabaja con nosotros. Descubre las oportunidades de empleo en INERCO.","breadcrumb":{"@id":"https:\/\/www.inerco.com\/es\/personas\/unete-a-inerco\/#breadcrumb"},"inLanguage":"es","potentialAction":[{"@type":"ReadAction","target":["https:\/\/www.inerco.com\/es\/personas\/unete-a-inerco\/"]}]},{"@type":"ImageObject","inLanguage":"es","@id":"https:\/\/www.inerco.com\/es\/personas\/unete-a-inerco\/#primaryimage","url":"https:\/\/www.inerco.com\/wp-content\/uploads\/INERCO-Unete.jpg","contentUrl":"https:\/\/www.inerco.com\/wp-content\/uploads\/INERCO-Unete.jpg","width":1920,"height":650,"caption":"INERCO \u00danete"},{"@type":"BreadcrumbList","@id":"https:\/\/www.inerco.com\/es\/personas\/unete-a-inerco\/#breadcrumb","itemListElement":[{"@type":"ListItem","position":1,"name":"Home","item":"https:\/\/www.inerco.com\/es\/"},{"@type":"ListItem","position":2,"name":"Personas","item":"https:\/\/www.inerco.com\/es\/personas\/"},{"@type":"ListItem","position":3,"name":"\u00danete a INERCO"}]},{"@type":"WebSite","@id":"https:\/\/www.inerco.com\/es\/#website","url":"https:\/\/www.inerco.com\/es\/","name":"INERCO","description":"Tecnolog\u00eda, ingenier\u00eda y consultor\u00eda integral para el desarrollo industrial sostenible","potentialAction":[{"@type":"SearchAction","target":{"@type":"EntryPoint","urlTemplate":"https:\/\/www.inerco.com\/es\/?s={search_term_string}"},"query-input":{"@type":"PropertyValueSpecification","valueRequired":true,"valueName":"search_term_string"}}],"inLanguage":"es"}]}},"_links":{"self":[{"href":"https:\/\/www.inerco.com\/es\/wp-json\/wp\/v2\/pages\/2531","targetHints":{"allow":["GET"]}}],"collection":[{"href":"https:\/\/www.inerco.com\/es\/wp-json\/wp\/v2\/pages"}],"about":[{"href":"https:\/\/www.inerco.com\/es\/wp-json\/wp\/v2\/types\/page"}],"author":[{"embeddable":true,"href":"https:\/\/www.inerco.com\/es\/wp-json\/wp\/v2\/users\/1"}],"replies":[{"embeddable":true,"href":"https:\/\/www.inerco.com\/es\/wp-json\/wp\/v2\/comments?post=2531"}],"version-history":[{"count":43,"href":"https:\/\/www.inerco.com\/es\/wp-json\/wp\/v2\/pages\/2531\/revisions"}],"predecessor-version":[{"id":15229,"href":"https:\/\/www.inerco.com\/es\/wp-json\/wp\/v2\/pages\/2531\/revisions\/15229"}],"up":[{"embeddable":true,"href":"https:\/\/www.inerco.com\/es\/wp-json\/wp\/v2\/pages\/2499"}],"wp:featuredmedia":[{"embeddable":true,"href":"https:\/\/www.inerco.com\/es\/wp-json\/wp\/v2\/media\/2763"}],"wp:attachment":[{"href":"https:\/\/www.inerco.com\/es\/wp-json\/wp\/v2\/media?parent=2531"}],"curies":[{"name":"wp","href":"https:\/\/api.w.org\/{rel}","templated":true}]}}