{"id":2499,"date":"2019-06-14T10:04:01","date_gmt":"2019-06-14T08:04:01","guid":{"rendered":"https:\/\/www.inerco.com\/?page_id=2499"},"modified":"2023-09-06T19:23:08","modified_gmt":"2023-09-06T17:23:08","slug":"personas","status":"publish","type":"page","link":"https:\/\/www.inerco.com\/es\/personas\/","title":{"rendered":"Personas"},"content":{"rendered":"<div class=\"wpb-content-wrapper\"><p>[vc_row css_animation=\u00bb\u00bb row_type=\u00bbrow\u00bb use_row_as_full_screen_section=\u00bbno\u00bb type=\u00bbfull_width\u00bb angled_section=\u00bbno\u00bb text_align=\u00bbleft\u00bb background_image_as_pattern=\u00bbwithout_pattern\u00bb][vc_column][vc_empty_space height=\u00bb40px\u00bb][vc_raw_html]JTNDZGl2JTIwc3R5bGUlM0QlMjJ3aWR0aCUzQTEwMCUyNSUzQiUyMiUzRSUwQSUzQ25hdiUyMGNsYXNzJTNEJTIyc3VibWVudV9wZXJzb25hcyUyMiUzRSUwQSUzQ3NwYW4lMjBjbGFzcyUzRCUyMmVsZW1lbnRvJTIyJTNFJTNDYSUyMGhyZWYlM0QlMjIlMkZwZXJzb25hcyUyRnBvci1xdWUtaW5lcmNvJTIyJTNFUG9yJTIwcXUlQzMlQTklMjBJTkVSQ08lM0MlMkZhJTNFJTNDJTJGc3BhbiUzRSUwQSUzQ3NwYW4lMjBjbGFzcyUzRCUyMmVsZW1lbnRvJTIyJTNFJTNDYSUyMGhyZWYlM0QlMjIlMkZwZXJzb25hcyUyRmN1bHR1cmEteS12YWxvcmVzJTIyJTNFQ3VsdHVyYSUyMHklMjBWYWxvcmVzJTNDJTJGYSUzRSUzQyUyRnNwYW4lMjAlM0UlMEElM0NzcGFuJTIwY2xhc3MlM0QlMjJlbGVtZW50byUyMiUzRSUzQ2ElMjBocmVmJTNEJTIyJTJGcGVyc29uYXMlMkZ1bmV0ZS1hLWluZXJjbyUyMiUzRSVDMyU5QW5ldGUlMjBhJTIwSU5FUkNPJTNDJTJGYSUzRSUzQyUyRnNwYW4lMjAlM0UlMEElM0NzcGFuJTIwY2xhc3MlM0QlMjJlbGVtZW50byUyMiUzRSUzQ2ElMjBocmVmJTNEJTIyJTJGcGVyc29uYXMlMkZwcm9jZXNvLWRlLXNlbGVjY2lvbiUyMiUzRVByb2Nlc28lMjBkZSUyMFNlbGVjY2klQzMlQjNuJTNDJTJGYSUzRSUzQyUyRnNwYW4lMjAlM0UlMEElM0NzcGFuJTIwY2xhc3MlM0QlMjJsYXN0JTIwZWxlbWVudG8lMjAlMjIlM0UlM0NhJTIwaHJlZiUzRCUyMmh0dHBzJTNBJTJGJTJGY2FyZWVyMi5zdWNjZXNzZmFjdG9ycy5ldSUyRmNhcmVlciUzRmNvbXBhbnklM0RpbmdlbmllcmFlJTIyJTIwdGFyZ2V0JTNEJTIyX2JsYW5rJTIyJTNFRCVDMyVBOWphbm9zJTIwdHUlMjBDViUzQyUyRmElM0UlM0MlMkZzcGFuJTNFJTBBJTNDJTJGbmF2JTNFJTBBJTNDJTJGZGl2JTNFJTBB[\/vc_raw_html][vc_empty_space height=\u00bb50px\u00bb][\/vc_column][\/vc_row][vc_row css_animation=\u00bb\u00bb row_type=\u00bbrow\u00bb use_row_as_full_screen_section=\u00bbno\u00bb type=\u00bbgrid\u00bb angled_section=\u00bbno\u00bb text_align=\u00bbleft\u00bb background_image_as_pattern=\u00bbwithout_pattern\u00bb z_index=\u00bb\u00bb][vc_column][vc_empty_space height=\u00bb70px\u00bb][qode_elements_holder number_of_columns=\u00bbtwo_columns\u00bb switch_to_one_column=\u00bb600&#8243; alignment_one_column=\u00bbcenter\u00bb][qode_elements_holder_item vertical_alignment=\u00bbtop\u00bb horizontal_alignment=\u00bbcenter\u00bb advanced_animations=\u00bbno\u00bb item_padding=\u00bb10px 10px 10px 10px\u00bb]<div class=\"q_image_with_text_over q_iwto_hover\"><div class=\"shader\" style=\"background-color: rgba(61,61,61,0.61)\"><\/div><div class=\"shader_hover\" style=\"background-color: rgba(0,150,64,0.54)\"><\/div><img decoding=\"async\" itemprop=\"image\" src=\"https:\/\/www.inerco.com\/wp-content\/uploads\/Personas-Por-que-INERCO.jpg\" alt=\"Personas Por qu\u00e9 INERCO\" \/><div class=\"text\"><table><tr><td><h2 class=\"caption no_icon\" style=\"color: #ffffff;\">Por qu\u00e9 INERCO<\/h2><\/td><\/tr><\/table><table><tr><td><div class=\"desc\"><\/p>\n<h2 style=\"text-align: center;\"><a href=\"\/personas\/por-que-inerco\"><span style=\"color: #ffffff !important;\">Por qu\u00e9 INERCO<\/span><\/a><\/h2>\n<p><\/div><\/td><\/tr><\/table><\/div><\/div>[\/qode_elements_holder_item][qode_elements_holder_item vertical_alignment=\u00bbtop\u00bb horizontal_alignment=\u00bbcenter\u00bb advanced_animations=\u00bbno\u00bb item_padding=\u00bb10px 10px 10px 10px\u00bb]<div class=\"q_image_with_text_over q_iwto_hover\"><div class=\"shader\" style=\"background-color: rgba(61,61,61,0.61)\"><\/div><div class=\"shader_hover\" style=\"background-color: rgba(0,150,64,0.54)\"><\/div><img decoding=\"async\" itemprop=\"image\" src=\"https:\/\/www.inerco.com\/wp-content\/uploads\/Principios-y-Valores-de-INERCO-1.jpg\" alt=\"Principios y Valores de INERCO\" \/><div class=\"text\"><table><tr><td><h2 class=\"caption no_icon\" style=\"\">Cultura y Valores<\/h2><\/td><\/tr><\/table><table><tr><td><div class=\"desc\"><\/p>\n<h2 style=\"text-align: center;\"><a href=\"https:\/\/www.inerco.com\/personas\/cultura-y-valores\"><span style=\"color: #ffffff;\">Cultura y Valores<\/span><\/a><\/h2>\n<p><\/div><\/td><\/tr><\/table><\/div><\/div>[\/qode_elements_holder_item][\/qode_elements_holder][qode_elements_holder number_of_columns=\u00bbtwo_columns\u00bb switch_to_one_column=\u00bb600&#8243; alignment_one_column=\u00bbcenter\u00bb][qode_elements_holder_item vertical_alignment=\u00bbtop\u00bb horizontal_alignment=\u00bbcenter\u00bb advanced_animations=\u00bbno\u00bb item_padding=\u00bb10px 10px 10px 10px\u00bb]<div class=\"q_image_with_text_over q_iwto_hover\"><div class=\"shader\" style=\"background-color: rgba(61,61,61,0.44)\"><\/div><div class=\"shader_hover\" style=\"background-color: rgba(0,150,64,0.54)\"><\/div><img decoding=\"async\" itemprop=\"image\" src=\"https:\/\/www.inerco.com\/wp-content\/uploads\/INERCO-Trabajar-en-INERCO.jpg\" alt=\"INERCO Trabajar en INERCO\" \/><div class=\"text\"><table><tr><td><h2 class=\"caption no_icon\" style=\"\">\u00danete a INERCO<\/h2><\/td><\/tr><\/table><table><tr><td><div class=\"desc\"><\/p>\n<h2 style=\"text-align: center;\"><a href=\"\/personas\/unete-a-inerco\"><span style=\"color: #ffffff;\">\u00danete a INERCO<\/span><\/a><\/h2>\n<p><\/div><\/td><\/tr><\/table><\/div><\/div>[\/qode_elements_holder_item][qode_elements_holder_item vertical_alignment=\u00bbtop\u00bb horizontal_alignment=\u00bbcenter\u00bb advanced_animations=\u00bbno\u00bb item_padding=\u00bb10px 10px 10px 10px\u00bb]<div class=\"q_image_with_text_over q_iwto_hover\"><div class=\"shader\" style=\"background-color: rgba(61,61,61,0.61)\"><\/div><div class=\"shader_hover\" style=\"background-color: rgba(0,150,64,0.54)\"><\/div><img decoding=\"async\" itemprop=\"image\" src=\"https:\/\/www.inerco.com\/wp-content\/uploads\/INERCO-Proceso-de-Seleccion.jpg\" alt=\"INERCO Proceso de Selecci\u00f3n\" \/><div class=\"text\"><table><tr><td><h2 class=\"caption no_icon\" style=\"\">Proceso de Selecci\u00f3n<\/h2><\/td><\/tr><\/table><table><tr><td><div class=\"desc\"><\/p>\n<h2 style=\"text-align: center;\"><a href=\"\/personas\/proceso-de-seleccion\"><span style=\"color: #ffffff;\">Proceso de Selecci\u00f3n<\/span><\/a><\/h2>\n<p><\/div><\/td><\/tr><\/table><\/div><\/div>[\/qode_elements_holder_item][\/qode_elements_holder][qode_elements_holder number_of_columns=\u00bbone_column\u00bb switch_to_one_column=\u00bb600&#8243; alignment_one_column=\u00bbcenter\u00bb][qode_elements_holder_item vertical_alignment=\u00bbtop\u00bb horizontal_alignment=\u00bbcenter\u00bb advanced_animations=\u00bbno\u00bb item_padding=\u00bb10px 10px 10px 10px\u00bb]<div class=\"q_image_with_text_over q_iwto_hover\"><div class=\"shader\" style=\"background-color: rgba(12,12,12,0.35)\"><\/div><div class=\"shader_hover\" style=\"background-color: rgba(0,150,64,0.54)\"><\/div><img decoding=\"async\" itemprop=\"image\" src=\"https:\/\/www.inerco.com\/wp-content\/uploads\/INERCO-Dejanos-tu-CV-1.jpg\" alt=\"INERCO D\u00e9janos tu CV\" \/><div class=\"text\"><table><tr><td><h2 class=\"caption no_icon\" style=\"\">D\u00e9janos tu CV<\/h2><\/td><\/tr><\/table><table><tr><td><div class=\"desc\"><\/p>\n<h2 style=\"text-align: center;\"><a href=\"https:\/\/career2.successfactors.eu\/career?company=ingenierae\" target=\"_blank\" rel=\"noopener noreferrer\"><span style=\"color: #ffffff;\">D\u00e9janos tu CV<\/span><\/a><\/h2>\n<p><\/div><\/td><\/tr><\/table><\/div><\/div>[\/qode_elements_holder_item][\/qode_elements_holder][\/vc_column][\/vc_row][vc_row css_animation=\u00bb\u00bb row_type=\u00bbrow\u00bb use_row_as_full_screen_section=\u00bbno\u00bb type=\u00bbfull_width\u00bb angled_section=\u00bbno\u00bb text_align=\u00bbleft\u00bb background_image_as_pattern=\u00bbwithout_pattern\u00bb el_id=\u00bbcultura-inerco\u00bb z_index=\u00bb\u00bb][vc_column][vc_empty_space height=\u00bb40px\u00bb][\/vc_column][\/vc_row]<\/p>\n<\/div>","protected":false},"excerpt":{"rendered":"<p>[vc_row css_animation=\u00bb\u00bb row_type=\u00bbrow\u00bb use_row_as_full_screen_section=\u00bbno\u00bb type=\u00bbfull_width\u00bb angled_section=\u00bbno\u00bb text_align=\u00bbleft\u00bb background_image_as_pattern=\u00bbwithout_pattern\u00bb][vc_column][vc_empty_space height=\u00bb40px\u00bb][vc_raw_html]JTNDZGl2JTIwc3R5bGUlM0QlMjJ3aWR0aCUzQTEwMCUyNSUzQiUyMiUzRSUwQSUzQ25hdiUyMGNsYXNzJTNEJTIyc3VibWVudV9wZXJzb25hcyUyMiUzRSUwQSUzQ3NwYW4lMjBjbGFzcyUzRCUyMmVsZW1lbnRvJTIyJTNFJTNDYSUyMGhyZWYlM0QlMjIlMkZwZXJzb25hcyUyRnBvci1xdWUtaW5lcmNvJTIyJTNFUG9yJTIwcXUlQzMlQTklMjBJTkVSQ08lM0MlMkZhJTNFJTNDJTJGc3BhbiUzRSUwQSUzQ3NwYW4lMjBjbGFzcyUzRCUyMmVsZW1lbnRvJTIyJTNFJTNDYSUyMGhyZWYlM0QlMjIlMkZwZXJzb25hcyUyRmN1bHR1cmEteS12YWxvcmVzJTIyJTNFQ3VsdHVyYSUyMHklMjBWYWxvcmVzJTNDJTJGYSUzRSUzQyUyRnNwYW4lMjAlM0UlMEElM0NzcGFuJTIwY2xhc3MlM0QlMjJlbGVtZW50byUyMiUzRSUzQ2ElMjBocmVmJTNEJTIyJTJGcGVyc29uYXMlMkZ1bmV0ZS1hLWluZXJjbyUyMiUzRSVDMyU5QW5ldGUlMjBhJTIwSU5FUkNPJTNDJTJGYSUzRSUzQyUyRnNwYW4lMjAlM0UlMEElM0NzcGFuJTIwY2xhc3MlM0QlMjJlbGVtZW50byUyMiUzRSUzQ2ElMjBocmVmJTNEJTIyJTJGcGVyc29uYXMlMkZwcm9jZXNvLWRlLXNlbGVjY2lvbiUyMiUzRVByb2Nlc28lMjBkZSUyMFNlbGVjY2klQzMlQjNuJTNDJTJGYSUzRSUzQyUyRnNwYW4lMjAlM0UlMEElM0NzcGFuJTIwY2xhc3MlM0QlMjJsYXN0JTIwZWxlbWVudG8lMjAlMjIlM0UlM0NhJTIwaHJlZiUzRCUyMmh0dHBzJTNBJTJGJTJGY2FyZWVyMi5zdWNjZXNzZmFjdG9ycy5ldSUyRmNhcmVlciUzRmNvbXBhbnklM0RpbmdlbmllcmFlJTIyJTIwdGFyZ2V0JTNEJTIyX2JsYW5rJTIyJTNFRCVDMyVBOWphbm9zJTIwdHUlMjBDViUzQyUyRmElM0UlM0MlMkZzcGFuJTNFJTBBJTNDJTJGbmF2JTNFJTBBJTNDJTJGZGl2JTNFJTBB[\/vc_raw_html][vc_empty_space height=\u00bb50px\u00bb][\/vc_column][\/vc_row][vc_row css_animation=\u00bb\u00bb row_type=\u00bbrow\u00bb use_row_as_full_screen_section=\u00bbno\u00bb type=\u00bbgrid\u00bb angled_section=\u00bbno\u00bb&#8230;<\/p>\n","protected":false},"author":1,"featured_media":2759,"parent":0,"menu_order":0,"comment_status":"closed","ping_status":"closed","template":"","meta":{"footnotes":""},"class_list":["post-2499","page","type-page","status-publish","has-post-thumbnail","hentry"],"yoast_head":"<!-- This site is optimized with the Yoast SEO plugin v26.4 - https:\/\/yoast.com\/wordpress\/plugins\/seo\/ -->\n<title>Personas - INERCO<\/title>\n<meta name=\"description\" content=\"INERCO es un buen lugar para trabajar. Estamos orgullosos de que el nivel global de satisfacci\u00f3n de nuestros empleados est\u00e9 en torno al 85%.\" \/>\n<meta name=\"robots\" content=\"noindex, nofollow\" \/>\n<meta property=\"og:locale\" content=\"es_ES\" \/>\n<meta property=\"og:type\" content=\"article\" \/>\n<meta property=\"og:title\" content=\"Personas - INERCO\" \/>\n<meta property=\"og:description\" content=\"INERCO es un buen lugar para trabajar. Estamos orgullosos de que el nivel global de satisfacci\u00f3n de nuestros empleados est\u00e9 en torno al 85%.\" \/>\n<meta property=\"og:url\" content=\"https:\/\/www.inerco.com\/es\/personas\/\" \/>\n<meta property=\"og:site_name\" content=\"INERCO\" \/>\n<meta property=\"article:modified_time\" content=\"2023-09-06T17:23:08+00:00\" \/>\n<meta property=\"og:image\" content=\"https:\/\/www.inerco.com\/wp-content\/uploads\/Personas-INERCO.jpg\" \/>\n\t<meta property=\"og:image:width\" content=\"1920\" \/>\n\t<meta property=\"og:image:height\" content=\"650\" \/>\n\t<meta property=\"og:image:type\" content=\"image\/jpeg\" \/>\n<meta name=\"twitter:card\" content=\"summary_large_image\" \/>\n<meta name=\"twitter:site\" content=\"@Inerco_\" \/>\n<script type=\"application\/ld+json\" class=\"yoast-schema-graph\">{\"@context\":\"https:\/\/schema.org\",\"@graph\":[{\"@type\":\"WebPage\",\"@id\":\"https:\/\/www.inerco.com\/es\/personas\/\",\"url\":\"https:\/\/www.inerco.com\/es\/personas\/\",\"name\":\"Personas - INERCO\",\"isPartOf\":{\"@id\":\"https:\/\/www.inerco.com\/es\/#website\"},\"primaryImageOfPage\":{\"@id\":\"https:\/\/www.inerco.com\/es\/personas\/#primaryimage\"},\"image\":{\"@id\":\"https:\/\/www.inerco.com\/es\/personas\/#primaryimage\"},\"thumbnailUrl\":\"https:\/\/www.inerco.com\/wp-content\/uploads\/Personas-INERCO.jpg\",\"datePublished\":\"2019-06-14T08:04:01+00:00\",\"dateModified\":\"2023-09-06T17:23:08+00:00\",\"description\":\"INERCO es un buen lugar para trabajar. Estamos orgullosos de que el nivel global de satisfacci\u00f3n de nuestros empleados est\u00e9 en torno al 85%.\",\"breadcrumb\":{\"@id\":\"https:\/\/www.inerco.com\/es\/personas\/#breadcrumb\"},\"inLanguage\":\"es\",\"potentialAction\":[{\"@type\":\"ReadAction\",\"target\":[\"https:\/\/www.inerco.com\/es\/personas\/\"]}]},{\"@type\":\"ImageObject\",\"inLanguage\":\"es\",\"@id\":\"https:\/\/www.inerco.com\/es\/personas\/#primaryimage\",\"url\":\"https:\/\/www.inerco.com\/wp-content\/uploads\/Personas-INERCO.jpg\",\"contentUrl\":\"https:\/\/www.inerco.com\/wp-content\/uploads\/Personas-INERCO.jpg\",\"width\":1920,\"height\":650,\"caption\":\"Personas INERCO\"},{\"@type\":\"BreadcrumbList\",\"@id\":\"https:\/\/www.inerco.com\/es\/personas\/#breadcrumb\",\"itemListElement\":[{\"@type\":\"ListItem\",\"position\":1,\"name\":\"Home\",\"item\":\"https:\/\/www.inerco.com\/es\/\"},{\"@type\":\"ListItem\",\"position\":2,\"name\":\"Personas\"}]},{\"@type\":\"WebSite\",\"@id\":\"https:\/\/www.inerco.com\/es\/#website\",\"url\":\"https:\/\/www.inerco.com\/es\/\",\"name\":\"INERCO\",\"description\":\"Tecnolog\u00eda, ingenier\u00eda y consultor\u00eda integral para el desarrollo industrial sostenible\",\"potentialAction\":[{\"@type\":\"SearchAction\",\"target\":{\"@type\":\"EntryPoint\",\"urlTemplate\":\"https:\/\/www.inerco.com\/es\/?s={search_term_string}\"},\"query-input\":{\"@type\":\"PropertyValueSpecification\",\"valueRequired\":true,\"valueName\":\"search_term_string\"}}],\"inLanguage\":\"es\"}]}<\/script>\n<!-- \/ Yoast SEO plugin. -->","yoast_head_json":{"title":"Personas - INERCO","description":"INERCO es un buen lugar para trabajar. Estamos orgullosos de que el nivel global de satisfacci\u00f3n de nuestros empleados est\u00e9 en torno al 85%.","robots":{"index":"noindex","follow":"nofollow"},"og_locale":"es_ES","og_type":"article","og_title":"Personas - INERCO","og_description":"INERCO es un buen lugar para trabajar. Estamos orgullosos de que el nivel global de satisfacci\u00f3n de nuestros empleados est\u00e9 en torno al 85%.","og_url":"https:\/\/www.inerco.com\/es\/personas\/","og_site_name":"INERCO","article_modified_time":"2023-09-06T17:23:08+00:00","og_image":[{"width":1920,"height":650,"url":"https:\/\/www.inerco.com\/wp-content\/uploads\/Personas-INERCO.jpg","type":"image\/jpeg"}],"twitter_card":"summary_large_image","twitter_site":"@Inerco_","schema":{"@context":"https:\/\/schema.org","@graph":[{"@type":"WebPage","@id":"https:\/\/www.inerco.com\/es\/personas\/","url":"https:\/\/www.inerco.com\/es\/personas\/","name":"Personas - INERCO","isPartOf":{"@id":"https:\/\/www.inerco.com\/es\/#website"},"primaryImageOfPage":{"@id":"https:\/\/www.inerco.com\/es\/personas\/#primaryimage"},"image":{"@id":"https:\/\/www.inerco.com\/es\/personas\/#primaryimage"},"thumbnailUrl":"https:\/\/www.inerco.com\/wp-content\/uploads\/Personas-INERCO.jpg","datePublished":"2019-06-14T08:04:01+00:00","dateModified":"2023-09-06T17:23:08+00:00","description":"INERCO es un buen lugar para trabajar. Estamos orgullosos de que el nivel global de satisfacci\u00f3n de nuestros empleados est\u00e9 en torno al 85%.","breadcrumb":{"@id":"https:\/\/www.inerco.com\/es\/personas\/#breadcrumb"},"inLanguage":"es","potentialAction":[{"@type":"ReadAction","target":["https:\/\/www.inerco.com\/es\/personas\/"]}]},{"@type":"ImageObject","inLanguage":"es","@id":"https:\/\/www.inerco.com\/es\/personas\/#primaryimage","url":"https:\/\/www.inerco.com\/wp-content\/uploads\/Personas-INERCO.jpg","contentUrl":"https:\/\/www.inerco.com\/wp-content\/uploads\/Personas-INERCO.jpg","width":1920,"height":650,"caption":"Personas INERCO"},{"@type":"BreadcrumbList","@id":"https:\/\/www.inerco.com\/es\/personas\/#breadcrumb","itemListElement":[{"@type":"ListItem","position":1,"name":"Home","item":"https:\/\/www.inerco.com\/es\/"},{"@type":"ListItem","position":2,"name":"Personas"}]},{"@type":"WebSite","@id":"https:\/\/www.inerco.com\/es\/#website","url":"https:\/\/www.inerco.com\/es\/","name":"INERCO","description":"Tecnolog\u00eda, ingenier\u00eda y consultor\u00eda integral para el desarrollo industrial sostenible","potentialAction":[{"@type":"SearchAction","target":{"@type":"EntryPoint","urlTemplate":"https:\/\/www.inerco.com\/es\/?s={search_term_string}"},"query-input":{"@type":"PropertyValueSpecification","valueRequired":true,"valueName":"search_term_string"}}],"inLanguage":"es"}]}},"_links":{"self":[{"href":"https:\/\/www.inerco.com\/es\/wp-json\/wp\/v2\/pages\/2499","targetHints":{"allow":["GET"]}}],"collection":[{"href":"https:\/\/www.inerco.com\/es\/wp-json\/wp\/v2\/pages"}],"about":[{"href":"https:\/\/www.inerco.com\/es\/wp-json\/wp\/v2\/types\/page"}],"author":[{"embeddable":true,"href":"https:\/\/www.inerco.com\/es\/wp-json\/wp\/v2\/users\/1"}],"replies":[{"embeddable":true,"href":"https:\/\/www.inerco.com\/es\/wp-json\/wp\/v2\/comments?post=2499"}],"version-history":[{"count":21,"href":"https:\/\/www.inerco.com\/es\/wp-json\/wp\/v2\/pages\/2499\/revisions"}],"predecessor-version":[{"id":6965,"href":"https:\/\/www.inerco.com\/es\/wp-json\/wp\/v2\/pages\/2499\/revisions\/6965"}],"wp:featuredmedia":[{"embeddable":true,"href":"https:\/\/www.inerco.com\/es\/wp-json\/wp\/v2\/media\/2759"}],"wp:attachment":[{"href":"https:\/\/www.inerco.com\/es\/wp-json\/wp\/v2\/media?parent=2499"}],"curies":[{"name":"wp","href":"https:\/\/api.w.org\/{rel}","templated":true}]}}