{"id":2358,"date":"2019-03-25T17:19:53","date_gmt":"2019-03-25T16:19:53","guid":{"rendered":"https:\/\/www.inerco.com\/?page_id=2358"},"modified":"2019-03-25T18:40:00","modified_gmt":"2019-03-25T17:40:00","slug":"diagnosticos","status":"publish","type":"page","link":"https:\/\/www.inerco.com\/es\/tecnologia-ambiental\/suelos-y-aguas-subterraneas\/diagnosticos\/","title":{"rendered":"Diagn\u00f3sticos"},"content":{"rendered":"<div class=\"wpb-content-wrapper\"><p>[vc_row css_animation=\u00bb\u00bb row_type=\u00bbrow\u00bb use_row_as_full_screen_section=\u00bbno\u00bb type=\u00bbfull_width\u00bb angled_section=\u00bbno\u00bb text_align=\u00bbleft\u00bb background_image_as_pattern=\u00bbwithout_pattern\u00bb][vc_column offset=\u00bbvc_hidden-xs\u00bb][vc_empty_space height=\u00bb50px\u00bb][\/vc_column][\/vc_row][vc_row css_animation=\u00bb\u00bb row_type=\u00bbrow\u00bb use_row_as_full_screen_section=\u00bbno\u00bb type=\u00bbgrid\u00bb angled_section=\u00bbno\u00bb text_align=\u00bbleft\u00bb background_image_as_pattern=\u00bbwithout_pattern\u00bb z_index=\u00bb\u00bb][vc_column width=\u00bb3\/4&#8243;][vc_empty_space height=\u00bb50px\u00bb]<div class=\"custom_font_holder \" style=\" font-style: normal; font-weight: 300; color: #009640; text-decoration: none; text-align: left; --qode-cf-font-size: 25px; --qode-cf-line-height: 30px; --qode-cf-font-size-1440: 25px; --qode-cf-line-height-1440: 30px; --qode-cf-font-size-1366: 25px; --qode-cf-line-height-1366: 30px; --qode-cf-font-size-1280: 25px; --qode-cf-line-height-1280: 30px; --qode-cf-font-size-1024: 25px; --qode-cf-line-height-1024: 30px; --qode-cf-font-size-768: 25px; --qode-cf-line-height-768: 30px; --qode-cf-font-size-680: 25px; --qode-cf-line-height-680: 30px; --qode-cf-font-size-480: 25px; --qode-cf-line-height-480: 30px;\"><strong>Diagn\u00f3sticos:<\/strong><\/div>[vc_empty_space]<div class=\"q_icon_list\"><span aria-hidden=\"true\" class=\"qode_icon_font_elegant arrow_right qode-ili-icon-holder transparent\" style=\"color: #009640;\" ><\/span><p style=\"\">Due Diligence.<\/p><\/div><div class=\"q_icon_list\"><span aria-hidden=\"true\" class=\"qode_icon_font_elegant arrow_right qode-ili-icon-holder transparent\" style=\"color: #009640;\" ><\/span><p style=\"\">Evaluaciones t\u00e9cnico econ\u00f3micas de pasivos y contingencias.<\/p><\/div><div class=\"q_icon_list\"><span aria-hidden=\"true\" class=\"qode_icon_font_elegant arrow_right qode-ili-icon-holder transparent\" style=\"color: #009640;\" ><\/span><p style=\"\">Informes de situaci\u00f3n.<\/p><\/div><div class=\"q_icon_list\"><span aria-hidden=\"true\" class=\"qode_icon_font_elegant arrow_right qode-ili-icon-holder transparent\" style=\"color: #009640;\" ><\/span><p style=\"\">Informes bases de suelos.<\/p><\/div><div class=\"q_icon_list\"><span aria-hidden=\"true\" class=\"qode_icon_font_elegant arrow_right qode-ili-icon-holder transparent\" style=\"color: #009640;\" ><\/span><p style=\"\">Caracterizaciones exploratorias y de detalle.<\/p><\/div><div class=\"q_icon_list\"><span aria-hidden=\"true\" class=\"qode_icon_font_elegant arrow_right qode-ili-icon-holder transparent\" style=\"color: #009640;\" ><\/span><p style=\"\">An\u00e1lisis en laboratorios e in situ.<\/p><\/div><div class=\"q_icon_list\"><span aria-hidden=\"true\" class=\"qode_icon_font_elegant arrow_right qode-ili-icon-holder transparent\" style=\"color: #009640;\" ><\/span><p style=\"\">Estudios geol\u00f3gicos, hidrogeol\u00f3gicos y geof\u00edsicos.<\/p><\/div><div class=\"q_icon_list\"><span aria-hidden=\"true\" class=\"qode_icon_font_elegant arrow_right qode-ili-icon-holder transparent\" style=\"color: #009640;\" ><\/span><p style=\"\">An\u00e1lisis cuantitativo de riesgos para la salud y ecosistemas.<\/p><\/div>[vc_empty_space height=\u00bb60px\u00bb][qode_elements_holder number_of_columns=\u00bbtwo_columns\u00bb][qode_elements_holder_item item_padding=\u00bb3px 3px 3px 3px\u00bb advanced_animations=\u00bbno\u00bb][vc_single_image image=\u00bb2361&#8243; img_size=\u00bbfull\u00bb qode_css_animation=\u00bb\u00bb][\/qode_elements_holder_item][qode_elements_holder_item item_padding=\u00bb3px 3px 3px 3px\u00bb advanced_animations=\u00bbno\u00bb][vc_single_image image=\u00bb2362&#8243; img_size=\u00bbfull\u00bb qode_css_animation=\u00bb\u00bb][\/qode_elements_holder_item][\/qode_elements_holder][vc_empty_space height=\u00bb40px\u00bb][\/vc_column][vc_column width=\u00bb1\/4&#8243;][vc_widget_sidebar sidebar_id=\u00bbSuelos\u00bb][\/vc_column][\/vc_row][vc_row css_animation=\u00bb\u00bb row_type=\u00bbrow\u00bb use_row_as_full_screen_section=\u00bbno\u00bb type=\u00bbfull_width\u00bb angled_section=\u00bbno\u00bb text_align=\u00bbleft\u00bb background_image_as_pattern=\u00bbwithout_pattern\u00bb][vc_column][vc_empty_space height=\u00bb50px\u00bb][\/vc_column][\/vc_row]<\/p>\n<\/div>","protected":false},"excerpt":{"rendered":"<p>[vc_row css_animation=\u00bb\u00bb row_type=\u00bbrow\u00bb use_row_as_full_screen_section=\u00bbno\u00bb type=\u00bbfull_width\u00bb angled_section=\u00bbno\u00bb text_align=\u00bbleft\u00bb background_image_as_pattern=\u00bbwithout_pattern\u00bb][vc_column offset=\u00bbvc_hidden-xs\u00bb][vc_empty_space height=\u00bb50px\u00bb][\/vc_column][\/vc_row][vc_row css_animation=\u00bb\u00bb row_type=\u00bbrow\u00bb use_row_as_full_screen_section=\u00bbno\u00bb type=\u00bbgrid\u00bb angled_section=\u00bbno\u00bb&#8230;<\/p>\n","protected":false},"author":1,"featured_media":0,"parent":1684,"menu_order":1,"comment_status":"closed","ping_status":"closed","template":"","meta":{"footnotes":""},"class_list":["post-2358","page","type-page","status-publish","hentry"],"yoast_head":"<!-- This site is optimized with the Yoast SEO plugin v27.3 - https:\/\/yoast.com\/product\/yoast-seo-wordpress\/ -->\n<title>Diagn\u00f3sticos - INERCO<\/title>\n<meta name=\"robots\" content=\"index, follow, max-snippet:-1, max-image-preview:large, max-video-preview:-1\" \/>\n<link rel=\"canonical\" href=\"https:\/\/www.inerco.com\/es\/tecnologia-ambiental\/suelos-y-aguas-subterraneas\/diagnosticos\/\" \/>\n<meta property=\"og:locale\" content=\"es_ES\" \/>\n<meta property=\"og:type\" content=\"article\" \/>\n<meta property=\"og:title\" content=\"Diagn\u00f3sticos - INERCO\" \/>\n<meta property=\"og:description\" content=\"[vc_row css_animation=\u00bb\u00bb row_type=\u00bbrow\u00bb use_row_as_full_screen_section=\u00bbno\u00bb type=\u00bbfull_width\u00bb angled_section=\u00bbno\u00bb text_align=\u00bbleft\u00bb background_image_as_pattern=\u00bbwithout_pattern\u00bb][vc_column offset=\u00bbvc_hidden-xs\u00bb][vc_empty_space height=\u00bb50px\u00bb][\/vc_column][\/vc_row][vc_row css_animation=\u00bb\u00bb row_type=\u00bbrow\u00bb use_row_as_full_screen_section=\u00bbno\u00bb type=\u00bbgrid\u00bb angled_section=\u00bbno\u00bb...\" \/>\n<meta property=\"og:url\" content=\"https:\/\/www.inerco.com\/es\/tecnologia-ambiental\/suelos-y-aguas-subterraneas\/diagnosticos\/\" \/>\n<meta property=\"og:site_name\" content=\"INERCO\" \/>\n<meta property=\"article:modified_time\" content=\"2019-03-25T17:40:00+00:00\" \/>\n<meta name=\"twitter:card\" content=\"summary_large_image\" \/>\n<meta name=\"twitter:site\" content=\"@Inerco_\" \/>\n<script type=\"application\/ld+json\" class=\"yoast-schema-graph\">{\"@context\":\"https:\\\/\\\/schema.org\",\"@graph\":[{\"@type\":\"WebPage\",\"@id\":\"https:\\\/\\\/www.inerco.com\\\/es\\\/tecnologia-ambiental\\\/suelos-y-aguas-subterraneas\\\/diagnosticos\\\/\",\"url\":\"https:\\\/\\\/www.inerco.com\\\/es\\\/tecnologia-ambiental\\\/suelos-y-aguas-subterraneas\\\/diagnosticos\\\/\",\"name\":\"Diagn\u00f3sticos - INERCO\",\"isPartOf\":{\"@id\":\"https:\\\/\\\/www.inerco.com\\\/es\\\/#website\"},\"datePublished\":\"2019-03-25T16:19:53+00:00\",\"dateModified\":\"2019-03-25T17:40:00+00:00\",\"breadcrumb\":{\"@id\":\"https:\\\/\\\/www.inerco.com\\\/es\\\/tecnologia-ambiental\\\/suelos-y-aguas-subterraneas\\\/diagnosticos\\\/#breadcrumb\"},\"inLanguage\":\"es\",\"potentialAction\":[{\"@type\":\"ReadAction\",\"target\":[\"https:\\\/\\\/www.inerco.com\\\/es\\\/tecnologia-ambiental\\\/suelos-y-aguas-subterraneas\\\/diagnosticos\\\/\"]}]},{\"@type\":\"BreadcrumbList\",\"@id\":\"https:\\\/\\\/www.inerco.com\\\/es\\\/tecnologia-ambiental\\\/suelos-y-aguas-subterraneas\\\/diagnosticos\\\/#breadcrumb\",\"itemListElement\":[{\"@type\":\"ListItem\",\"position\":1,\"name\":\"Home\",\"item\":\"https:\\\/\\\/www.inerco.com\\\/es\\\/\"},{\"@type\":\"ListItem\",\"position\":2,\"name\":\"Tecnolog\u00eda Ambiental\",\"item\":\"https:\\\/\\\/www.inerco.com\\\/es\\\/tecnologia-ambiental\\\/\"},{\"@type\":\"ListItem\",\"position\":3,\"name\":\"Suelos y Aguas subterr\u00e1neas\",\"item\":\"https:\\\/\\\/www.inerco.com\\\/es\\\/tecnologia-ambiental\\\/suelos-y-aguas-subterraneas\\\/\"},{\"@type\":\"ListItem\",\"position\":4,\"name\":\"Diagn\u00f3sticos\"}]},{\"@type\":\"WebSite\",\"@id\":\"https:\\\/\\\/www.inerco.com\\\/es\\\/#website\",\"url\":\"https:\\\/\\\/www.inerco.com\\\/es\\\/\",\"name\":\"INERCO\",\"description\":\"Tecnolog\u00eda, ingenier\u00eda y consultor\u00eda integral para el desarrollo industrial sostenible\",\"potentialAction\":[{\"@type\":\"SearchAction\",\"target\":{\"@type\":\"EntryPoint\",\"urlTemplate\":\"https:\\\/\\\/www.inerco.com\\\/es\\\/?s={search_term_string}\"},\"query-input\":{\"@type\":\"PropertyValueSpecification\",\"valueRequired\":true,\"valueName\":\"search_term_string\"}}],\"inLanguage\":\"es\"}]}<\/script>\n<!-- \/ Yoast SEO plugin. -->","yoast_head_json":{"title":"Diagn\u00f3sticos - INERCO","robots":{"index":"index","follow":"follow","max-snippet":"max-snippet:-1","max-image-preview":"max-image-preview:large","max-video-preview":"max-video-preview:-1"},"canonical":"https:\/\/www.inerco.com\/es\/tecnologia-ambiental\/suelos-y-aguas-subterraneas\/diagnosticos\/","og_locale":"es_ES","og_type":"article","og_title":"Diagn\u00f3sticos - INERCO","og_description":"[vc_row css_animation=\u00bb\u00bb row_type=\u00bbrow\u00bb use_row_as_full_screen_section=\u00bbno\u00bb type=\u00bbfull_width\u00bb angled_section=\u00bbno\u00bb text_align=\u00bbleft\u00bb background_image_as_pattern=\u00bbwithout_pattern\u00bb][vc_column offset=\u00bbvc_hidden-xs\u00bb][vc_empty_space height=\u00bb50px\u00bb][\/vc_column][\/vc_row][vc_row css_animation=\u00bb\u00bb row_type=\u00bbrow\u00bb use_row_as_full_screen_section=\u00bbno\u00bb type=\u00bbgrid\u00bb angled_section=\u00bbno\u00bb...","og_url":"https:\/\/www.inerco.com\/es\/tecnologia-ambiental\/suelos-y-aguas-subterraneas\/diagnosticos\/","og_site_name":"INERCO","article_modified_time":"2019-03-25T17:40:00+00:00","twitter_card":"summary_large_image","twitter_site":"@Inerco_","schema":{"@context":"https:\/\/schema.org","@graph":[{"@type":"WebPage","@id":"https:\/\/www.inerco.com\/es\/tecnologia-ambiental\/suelos-y-aguas-subterraneas\/diagnosticos\/","url":"https:\/\/www.inerco.com\/es\/tecnologia-ambiental\/suelos-y-aguas-subterraneas\/diagnosticos\/","name":"Diagn\u00f3sticos - INERCO","isPartOf":{"@id":"https:\/\/www.inerco.com\/es\/#website"},"datePublished":"2019-03-25T16:19:53+00:00","dateModified":"2019-03-25T17:40:00+00:00","breadcrumb":{"@id":"https:\/\/www.inerco.com\/es\/tecnologia-ambiental\/suelos-y-aguas-subterraneas\/diagnosticos\/#breadcrumb"},"inLanguage":"es","potentialAction":[{"@type":"ReadAction","target":["https:\/\/www.inerco.com\/es\/tecnologia-ambiental\/suelos-y-aguas-subterraneas\/diagnosticos\/"]}]},{"@type":"BreadcrumbList","@id":"https:\/\/www.inerco.com\/es\/tecnologia-ambiental\/suelos-y-aguas-subterraneas\/diagnosticos\/#breadcrumb","itemListElement":[{"@type":"ListItem","position":1,"name":"Home","item":"https:\/\/www.inerco.com\/es\/"},{"@type":"ListItem","position":2,"name":"Tecnolog\u00eda Ambiental","item":"https:\/\/www.inerco.com\/es\/tecnologia-ambiental\/"},{"@type":"ListItem","position":3,"name":"Suelos y Aguas subterr\u00e1neas","item":"https:\/\/www.inerco.com\/es\/tecnologia-ambiental\/suelos-y-aguas-subterraneas\/"},{"@type":"ListItem","position":4,"name":"Diagn\u00f3sticos"}]},{"@type":"WebSite","@id":"https:\/\/www.inerco.com\/es\/#website","url":"https:\/\/www.inerco.com\/es\/","name":"INERCO","description":"Tecnolog\u00eda, ingenier\u00eda y consultor\u00eda integral para el desarrollo industrial sostenible","potentialAction":[{"@type":"SearchAction","target":{"@type":"EntryPoint","urlTemplate":"https:\/\/www.inerco.com\/es\/?s={search_term_string}"},"query-input":{"@type":"PropertyValueSpecification","valueRequired":true,"valueName":"search_term_string"}}],"inLanguage":"es"}]}},"_links":{"self":[{"href":"https:\/\/www.inerco.com\/es\/wp-json\/wp\/v2\/pages\/2358","targetHints":{"allow":["GET"]}}],"collection":[{"href":"https:\/\/www.inerco.com\/es\/wp-json\/wp\/v2\/pages"}],"about":[{"href":"https:\/\/www.inerco.com\/es\/wp-json\/wp\/v2\/types\/page"}],"author":[{"embeddable":true,"href":"https:\/\/www.inerco.com\/es\/wp-json\/wp\/v2\/users\/1"}],"replies":[{"embeddable":true,"href":"https:\/\/www.inerco.com\/es\/wp-json\/wp\/v2\/comments?post=2358"}],"version-history":[{"count":7,"href":"https:\/\/www.inerco.com\/es\/wp-json\/wp\/v2\/pages\/2358\/revisions"}],"predecessor-version":[{"id":2398,"href":"https:\/\/www.inerco.com\/es\/wp-json\/wp\/v2\/pages\/2358\/revisions\/2398"}],"up":[{"embeddable":true,"href":"https:\/\/www.inerco.com\/es\/wp-json\/wp\/v2\/pages\/1684"}],"wp:attachment":[{"href":"https:\/\/www.inerco.com\/es\/wp-json\/wp\/v2\/media?parent=2358"}],"curies":[{"name":"wp","href":"https:\/\/api.w.org\/{rel}","templated":true}]}}