{"id":2144,"date":"2019-01-16T17:40:13","date_gmt":"2019-01-16T16:40:13","guid":{"rendered":"https:\/\/www.inerco.com\/?page_id=2144"},"modified":"2019-03-06T11:45:15","modified_gmt":"2019-03-06T10:45:15","slug":"informacion-adicional-sobre-proteccion-de-datos-para-mail","status":"publish","type":"page","link":"https:\/\/www.inerco.com\/es\/informacion-adicional-sobre-proteccion-de-datos-para-mail\/","title":{"rendered":"Informaci\u00f3n Adicional sobre Protecci\u00f3n de Datos mail Corporaci\u00f3n"},"content":{"rendered":"<p><strong><em>Informaci\u00f3n Adicional sobre Protecci\u00f3n de Datos<\/em><\/strong><\/p>\n<p><strong>\u00bf<\/strong><strong>Qui\u00e9n es el Responsable del tratamiento de sus datos?<\/strong><\/p>\n<p><em>Identidad<\/em>: INERCO CORPORACI\u00d3N EMPRESARIAL, S.L.<\/p>\n<p>CIF: B-90040130<\/p>\n<p>&#8212;<\/p>\n<p><em>Identidad<\/em>: INERCO INGENIER\u00cdA, TECNOLOG\u00cdA Y CONSULTOR\u00cdA S.A.<\/p>\n<p>CIF: A41212572<\/p>\n<p>&#8212;<\/p>\n<p><em>Identidad<\/em>: INERCO PREVENCI\u00d3N DE RIESGOS S.A.<\/p>\n<p>CIF: A91074294<\/p>\n<p>&#8212;<\/p>\n<p><em>Identidad<\/em>: INERCO INSPECCI\u00d3N Y CONTROL S.A.<\/p>\n<p>CIF: A02318285<\/p>\n<p>&#8212;<\/p>\n<p>&nbsp;<\/p>\n<p><em>Identidad<\/em>: INERCO TRATAMIENTO DE AGUAS SL.<\/p>\n<p>CIF: B86316650<\/p>\n<p>&#8212;<\/p>\n<p><em>Dir. postal<\/em>: Parque Cient\u00edfico y Tecnol\u00f3gico Isla de la Cartuja, calle Tom\u00e1s Alba Edison n\u00ba2, 41092 Sevilla<\/p>\n<p><em>Tel\u00e9fono<\/em>: 954468100<\/p>\n<p>&nbsp;<\/p>\n<p><em>Correo elect<\/em>: <a href=\"mailto:lopd@inerco.com\">lopd@inerco.com<\/a><\/p>\n<p><strong>\u00bfCon qu\u00e9 finalidad tratamos sus datos personales?<\/strong><\/p>\n<p>Tratamos sus datos para responder a su consulta\/solicitud\/sugerencia y gestionar el tipo de relaci\u00f3n que mantiene con nosotros. Sus datos de contactos ser\u00e1n conservados mientras usted mantenga el consentimiento para esta finalidad.\u00a0 No se tomar\u00e1n decisiones individuales automatizadas ni se elaborar\u00e1n perfiles.<\/p>\n<p><strong>\u00bfCu\u00e1l es la legitimaci\u00f3n para el tratamiento de sus datos?<\/strong><\/p>\n<p>Tratamos sus datos personales en base a nuestro inter\u00e9s leg\u00edtimo para responder a su consulta\/solicitud y sugerencia y\/o la relaci\u00f3n contractual que existe entre las partes. En caso de no facilitar sus datos ser\u00eda imposible mantener relaci\u00f3n con usted.<\/p>\n<p><strong>\u00bfA qu\u00e9 destinatarios se comunicar\u00e1n sus datos?<\/strong><\/p>\n<p>Se ceder\u00e1n datos a empresas del Grupo INERCO para responder a su consulta\/solicitud y gestionar el tipo de relaci\u00f3n que mantiene con nosotros.<\/p>\n<p><strong>\u00bfCu\u00e1les son sus derechos cuando nos facilita sus datos?<\/strong><\/p>\n<p>Las personas interesadas tienen derecho a obtener confirmaci\u00f3n sobre si estamos tratando datos personales que les conciernan, o no.<\/p>\n<p>Las personas interesadas tienen derecho a <u>acceder<\/u> a sus datos personales, as\u00ed como a solicitar la <u>rectificaci\u00f3n<\/u> de los datos inexactos o, en su caso, solicitar su <u>supresi\u00f3n<\/u> cuando, entre otros motivos, los datos ya no sean necesarios para los fines que fueron recogidos.<\/p>\n<p>Las personas interesadas tienen derecho a <u>revocar<\/u> o retirar el <u>consentimiento<\/u> otorgado para el tratamiento de sus datos para finalidades espec\u00edficas en cualquier momento.<\/p>\n<p>En determinadas circunstancias y por motivos relacionados con su situaci\u00f3n particular, las personas interesadas podr\u00e1n <u>oponerse<\/u> al tratamiento de sus datos o a parte de estos, en cuyo caso dejaremos de tratar los datos, salvo para el cumplimiento de alguna obligaci\u00f3n legal.<\/p>\n<p>En determinadas circunstancias, las personas interesadas podr\u00e1n solicitar la <u>limitaci\u00f3n<\/u> del tratamiento de sus datos, en cuyo caso \u00fanicamente los conservaremos para el ejercicio o la defensa de reclamaciones y para el cumplimiento de alguna obligaci\u00f3n legal.<\/p>\n<p>En determinadas circunstancias (cuando el tratamiento se realice por medios automatizados y este se base en el consentimiento de las personas interesadas), las personas interesadas podr\u00e1n solicitar la <u>portabilidad<\/u> de sus datos para que estos sean transmitidos a otro responsable.<\/p>\n<p>Las personas interesadas pueden ejercer sus derechos dirigiendo un escrito al Responsable del Tratamiento en la direcci\u00f3n Parque Cient\u00edfico y Tecnol\u00f3gico Isla de la Cartuja, calle Tom\u00e1s Alba Edison n\u00ba2, 41092 Sevilla, <a href=\"mailto:lopd@inerco.com\">lopd@inerco.com<\/a>, pudiendo obtener modelos para este ejercicio en <a href=\"http:\/\/www.agpd.es\">www.agpd.es<\/a><\/p>\n<p>Las personas interesadas disponen de la posibilidad presentar una reclamaci\u00f3n cuando no hayan obtenido satisfacci\u00f3n en el ejercicio de sus derechos ante la Agencia Espa\u00f1ola de Protecci\u00f3n de Datos (<a href=\"http:\/\/www.agpd.es\">www.agpd.es<\/a>). As\u00ed mismo, las personas interesadas pueden obtener informaci\u00f3n adicional acerca de sus derechos dirigi\u00e9ndose a la Agencia Espa\u00f1ola de Protecci\u00f3n de Datos (<a href=\"http:\/\/www.agpd.es\">www.agpd.es<\/a>).<\/p>\n<p>&nbsp;<\/p>\n","protected":false},"excerpt":{"rendered":"<p>Informaci\u00f3n Adicional sobre Protecci\u00f3n de Datos \u00bfQui\u00e9n es el Responsable del tratamiento de sus datos?&#8230;<\/p>\n","protected":false},"author":2,"featured_media":0,"parent":0,"menu_order":0,"comment_status":"closed","ping_status":"closed","template":"","meta":{"footnotes":""},"class_list":["post-2144","page","type-page","status-publish","hentry"],"yoast_head":"<!-- This site is optimized with the Yoast SEO plugin v26.4 - https:\/\/yoast.com\/wordpress\/plugins\/seo\/ -->\n<title>Informaci\u00f3n Adicional sobre Protecci\u00f3n de Datos mail Corporaci\u00f3n - INERCO<\/title>\n<meta name=\"robots\" content=\"index, follow, max-snippet:-1, max-image-preview:large, max-video-preview:-1\" \/>\n<link rel=\"canonical\" href=\"https:\/\/www.inerco.com\/es\/informacion-adicional-sobre-proteccion-de-datos-para-mail\/\" \/>\n<meta property=\"og:locale\" content=\"es_ES\" \/>\n<meta property=\"og:type\" content=\"article\" \/>\n<meta property=\"og:title\" content=\"Informaci\u00f3n Adicional sobre Protecci\u00f3n de Datos mail Corporaci\u00f3n - INERCO\" \/>\n<meta property=\"og:description\" content=\"Informaci\u00f3n Adicional sobre Protecci\u00f3n de Datos \u00bfQui\u00e9n es el Responsable del tratamiento de sus datos?...\" \/>\n<meta property=\"og:url\" content=\"https:\/\/www.inerco.com\/es\/informacion-adicional-sobre-proteccion-de-datos-para-mail\/\" \/>\n<meta property=\"og:site_name\" content=\"INERCO\" \/>\n<meta property=\"article:modified_time\" content=\"2019-03-06T10:45:15+00:00\" \/>\n<meta name=\"twitter:card\" content=\"summary_large_image\" \/>\n<meta name=\"twitter:site\" content=\"@Inerco_\" \/>\n<script type=\"application\/ld+json\" class=\"yoast-schema-graph\">{\"@context\":\"https:\/\/schema.org\",\"@graph\":[{\"@type\":\"WebPage\",\"@id\":\"https:\/\/www.inerco.com\/es\/informacion-adicional-sobre-proteccion-de-datos-para-mail\/\",\"url\":\"https:\/\/www.inerco.com\/es\/informacion-adicional-sobre-proteccion-de-datos-para-mail\/\",\"name\":\"Informaci\u00f3n Adicional sobre Protecci\u00f3n de Datos mail Corporaci\u00f3n - INERCO\",\"isPartOf\":{\"@id\":\"https:\/\/www.inerco.com\/es\/#website\"},\"datePublished\":\"2019-01-16T16:40:13+00:00\",\"dateModified\":\"2019-03-06T10:45:15+00:00\",\"breadcrumb\":{\"@id\":\"https:\/\/www.inerco.com\/es\/informacion-adicional-sobre-proteccion-de-datos-para-mail\/#breadcrumb\"},\"inLanguage\":\"es\",\"potentialAction\":[{\"@type\":\"ReadAction\",\"target\":[\"https:\/\/www.inerco.com\/es\/informacion-adicional-sobre-proteccion-de-datos-para-mail\/\"]}]},{\"@type\":\"BreadcrumbList\",\"@id\":\"https:\/\/www.inerco.com\/es\/informacion-adicional-sobre-proteccion-de-datos-para-mail\/#breadcrumb\",\"itemListElement\":[{\"@type\":\"ListItem\",\"position\":1,\"name\":\"Home\",\"item\":\"https:\/\/www.inerco.com\/es\/\"},{\"@type\":\"ListItem\",\"position\":2,\"name\":\"Informaci\u00f3n Adicional sobre Protecci\u00f3n de Datos mail Corporaci\u00f3n\"}]},{\"@type\":\"WebSite\",\"@id\":\"https:\/\/www.inerco.com\/es\/#website\",\"url\":\"https:\/\/www.inerco.com\/es\/\",\"name\":\"INERCO\",\"description\":\"Tecnolog\u00eda, ingenier\u00eda y consultor\u00eda integral para el desarrollo industrial sostenible\",\"potentialAction\":[{\"@type\":\"SearchAction\",\"target\":{\"@type\":\"EntryPoint\",\"urlTemplate\":\"https:\/\/www.inerco.com\/es\/?s={search_term_string}\"},\"query-input\":{\"@type\":\"PropertyValueSpecification\",\"valueRequired\":true,\"valueName\":\"search_term_string\"}}],\"inLanguage\":\"es\"}]}<\/script>\n<!-- \/ Yoast SEO plugin. -->","yoast_head_json":{"title":"Informaci\u00f3n Adicional sobre Protecci\u00f3n de Datos mail Corporaci\u00f3n - INERCO","robots":{"index":"index","follow":"follow","max-snippet":"max-snippet:-1","max-image-preview":"max-image-preview:large","max-video-preview":"max-video-preview:-1"},"canonical":"https:\/\/www.inerco.com\/es\/informacion-adicional-sobre-proteccion-de-datos-para-mail\/","og_locale":"es_ES","og_type":"article","og_title":"Informaci\u00f3n Adicional sobre Protecci\u00f3n de Datos mail Corporaci\u00f3n - INERCO","og_description":"Informaci\u00f3n Adicional sobre Protecci\u00f3n de Datos \u00bfQui\u00e9n es el Responsable del tratamiento de sus datos?...","og_url":"https:\/\/www.inerco.com\/es\/informacion-adicional-sobre-proteccion-de-datos-para-mail\/","og_site_name":"INERCO","article_modified_time":"2019-03-06T10:45:15+00:00","twitter_card":"summary_large_image","twitter_site":"@Inerco_","schema":{"@context":"https:\/\/schema.org","@graph":[{"@type":"WebPage","@id":"https:\/\/www.inerco.com\/es\/informacion-adicional-sobre-proteccion-de-datos-para-mail\/","url":"https:\/\/www.inerco.com\/es\/informacion-adicional-sobre-proteccion-de-datos-para-mail\/","name":"Informaci\u00f3n Adicional sobre Protecci\u00f3n de Datos mail Corporaci\u00f3n - INERCO","isPartOf":{"@id":"https:\/\/www.inerco.com\/es\/#website"},"datePublished":"2019-01-16T16:40:13+00:00","dateModified":"2019-03-06T10:45:15+00:00","breadcrumb":{"@id":"https:\/\/www.inerco.com\/es\/informacion-adicional-sobre-proteccion-de-datos-para-mail\/#breadcrumb"},"inLanguage":"es","potentialAction":[{"@type":"ReadAction","target":["https:\/\/www.inerco.com\/es\/informacion-adicional-sobre-proteccion-de-datos-para-mail\/"]}]},{"@type":"BreadcrumbList","@id":"https:\/\/www.inerco.com\/es\/informacion-adicional-sobre-proteccion-de-datos-para-mail\/#breadcrumb","itemListElement":[{"@type":"ListItem","position":1,"name":"Home","item":"https:\/\/www.inerco.com\/es\/"},{"@type":"ListItem","position":2,"name":"Informaci\u00f3n Adicional sobre Protecci\u00f3n de Datos mail Corporaci\u00f3n"}]},{"@type":"WebSite","@id":"https:\/\/www.inerco.com\/es\/#website","url":"https:\/\/www.inerco.com\/es\/","name":"INERCO","description":"Tecnolog\u00eda, ingenier\u00eda y consultor\u00eda integral para el desarrollo industrial sostenible","potentialAction":[{"@type":"SearchAction","target":{"@type":"EntryPoint","urlTemplate":"https:\/\/www.inerco.com\/es\/?s={search_term_string}"},"query-input":{"@type":"PropertyValueSpecification","valueRequired":true,"valueName":"search_term_string"}}],"inLanguage":"es"}]}},"_links":{"self":[{"href":"https:\/\/www.inerco.com\/es\/wp-json\/wp\/v2\/pages\/2144","targetHints":{"allow":["GET"]}}],"collection":[{"href":"https:\/\/www.inerco.com\/es\/wp-json\/wp\/v2\/pages"}],"about":[{"href":"https:\/\/www.inerco.com\/es\/wp-json\/wp\/v2\/types\/page"}],"author":[{"embeddable":true,"href":"https:\/\/www.inerco.com\/es\/wp-json\/wp\/v2\/users\/2"}],"replies":[{"embeddable":true,"href":"https:\/\/www.inerco.com\/es\/wp-json\/wp\/v2\/comments?post=2144"}],"version-history":[{"count":7,"href":"https:\/\/www.inerco.com\/es\/wp-json\/wp\/v2\/pages\/2144\/revisions"}],"predecessor-version":[{"id":2337,"href":"https:\/\/www.inerco.com\/es\/wp-json\/wp\/v2\/pages\/2144\/revisions\/2337"}],"wp:attachment":[{"href":"https:\/\/www.inerco.com\/es\/wp-json\/wp\/v2\/media?parent=2144"}],"curies":[{"name":"wp","href":"https:\/\/api.w.org\/{rel}","templated":true}]}}