{"id":2038,"date":"2018-12-20T16:35:28","date_gmt":"2018-12-20T15:35:28","guid":{"rendered":"https:\/\/www.inerco.com\/?page_id=2038"},"modified":"2021-02-09T18:16:16","modified_gmt":"2021-02-09T17:16:16","slug":"aviso-legal","status":"publish","type":"page","link":"https:\/\/www.inerco.com\/es\/aviso-legal\/","title":{"rendered":"Aviso Legal"},"content":{"rendered":"<div class=\"wpb-content-wrapper\"><p>[vc_row css_animation=\u00bb\u00bb row_type=\u00bbrow\u00bb use_row_as_full_screen_section=\u00bbno\u00bb type=\u00bbfull_width\u00bb angled_section=\u00bbno\u00bb text_align=\u00bbleft\u00bb background_image_as_pattern=\u00bbwithout_pattern\u00bb][vc_column][vc_empty_space height=\u00bb60px\u00bb][\/vc_column][\/vc_row][vc_row css_animation=\u00bb\u00bb row_type=\u00bbrow\u00bb use_row_as_full_screen_section=\u00bbno\u00bb type=\u00bbfull_width\u00bb angled_section=\u00bbno\u00bb text_align=\u00bbleft\u00bb background_image_as_pattern=\u00bbwithout_pattern\u00bb][vc_column][vc_column_text]<\/p>\n<h3 style=\"text-align: justify;\"><span style=\"color: #000000; font-weight: 600;\">AVISO LEGAL<\/span><\/h3>\n<p>&nbsp;<\/p>\n<p style=\"padding-left: 40px&lt;p style=;\"><strong>INERCO CORPORACI\u00d3N EMPRESARIAL, S.L.\u00a0<\/strong>con n\u00famero de identificaci\u00f3n fiscal\u00a0B-90040130\u00a0y datos de Inscripci\u00f3n en el Registro Mercantil de Tomo 5622. Folio 94, Inscripci\u00f3n 1\u00aa, Hoja SE-95525, con domicilio social en\u00a0<strong>Parque Cient\u00edfico y Tecnol\u00f3gico Isla de La Cartuja, C\/ Tom\u00e1s Alba Edison, 2. Edificio INERCO &#8211; 41092 Sevilla<\/strong>, direcci\u00f3n de correo electr\u00f3nico\u00a0<a href=\"mailto:info@inerco.com\">info@inerco.com<\/a>,\u00a0tel\u00e9fono de contacto\u00a0<strong>954 468 100<\/strong>\u00a0y n\u00famero de fax\u00a0<strong>954 461 329<\/strong>.<\/p>\n<p>&nbsp;<\/p>\n<h4 style=\"text-align: justify;\"><strong>Legislaci\u00f3n<\/strong><\/h4>\n<p style=\"text-align: justify;\">La utilizaci\u00f3n de la Web se encuentra sometida igualmente a todos los avisos, reglamentos de uso e instrucciones, puestos en conocimiento del Usuario por que sustituyen, completan y\/o modifican el presente Aviso Legal.<\/p>\n<p style=\"text-align: justify;\">Con \u00a0car\u00e1cter \u00a0general \u00a0las \u00a0relaciones \u00a0entre\u00a0 <strong>INERCO CORPORACI\u00d3N EMPRESARIAL, S.L.<\/strong> con \u00a0los \u00a0Usuarios \u00a0de\u00a0 sus \u00a0servicios telem\u00e1ticos, presentes en la Web, se encuentran sometidas a la legislaci\u00f3n y jurisdicci\u00f3n espa\u00f1olas.<\/p>\n<p style=\"text-align: justify;\">Para cualquier cuesti\u00f3n litigiosa ambas partes,\u00a0<strong>INERCO CORPORACI\u00d3N EMPRESARIAL, S.L.<\/strong> y el USUARIO, con renuncia expresa a cualquier \u00a0otro \u00a0fuero\u00a0 que pudiera corresponderles, se someten a \u00a0la jurisdicci\u00f3n \u00a0y competencia exclusiva de los Juzgados y Tribunales de Sevilla (Espa\u00f1a).<\/p>\n<p style=\"text-align: justify;\">Tambi\u00e9n podr\u00e1n someter sus conflictos al arbitraje de consumo, mediante la adhesi\u00f3n de aqu\u00e9llas al Sistema Arbitral de Consumo competente que se prestar\u00e1 tambi\u00e9n por medios electr\u00f3nicos, conforme al procedimiento establecido reglamentariamente.<\/p>\n<p>&nbsp;<\/p>\n<h4 style=\"text-align: justify;\"><strong>Uso y acceso de Usuarios<\/strong><\/h4>\n<p style=\"text-align: justify;\">El Usuario queda informado, y acepta, que el acceso a la presente Web no supone, en modo alguno, el inicio de una relaci\u00f3n comercial con <strong>INERCO CORPORACI\u00d3N EMPRESARIAL, S.L.<\/strong><\/p>\n<p style=\"text-align: justify;\"><strong>GRUPO INERCO<\/strong> se reserva el derecho de efectuar sin previo aviso las modificaciones que considere oportunas en su Web, pudiendo cambiar, suprimir o a\u00f1adir tanto los contenidos y servicios que se presten a trav\u00e9s de la misma como la forma en la que \u00e9stos aparezcan presentados o localizados en sus servidores.<\/p>\n<p>&nbsp;<\/p>\n<h4 style=\"text-align: justify;\"><strong>Propiedad intelectual e industrial<\/strong><\/h4>\n<p style=\"text-align: justify;\">Todos los contenidos del sitio Web <a href=\"http:\/\/www.inerco.com\/\">www.inerco.com<\/a> (incluyendo, sin car\u00e1cter limitativo, bases de datos, im\u00e1genes y fotograf\u00edas, dibujos, gr\u00e1ficos y archivos de texto) son propiedad de <strong>INERCO CORPORACI\u00d3N EMPRESARIAL, S.L.<\/strong> o de los proveedores de contenidos, habiendo sido, en este \u00faltimo caso, objeto de licencia o cesi\u00f3n por parte de los mismos, y est\u00e1n protegidos por las normas nacionales o internacionales de propiedad intelectual. La recopilaci\u00f3n, dise\u00f1o, ordenaci\u00f3n y montaje de todo el contenido del sitio Web es propiedad \u00a0exclusiva \u00a0de\u00a0 <strong>INERCO CORPORACI\u00d3N EMPRESARIAL, S.L.<\/strong> y \u00a0se \u00a0encuentra \u00a0protegida \u00a0por \u00a0las \u00a0normas \u00a0nacionales \u00a0e internacionales de propiedad industrial e intelectual.<\/p>\n<p style=\"text-align: justify;\">Las marcas, r\u00f3tulos, signos distintivos o logos de sitio Web\u00a0<a href=\"http:\/\/www.inerco.com\/\">www.inerco.com<\/a>\u00a0son titularidad de <strong>INERCO CORPORACI\u00d3N EMPRESARIAL, S.L.<\/strong> y est\u00e1n debidamente registrados.<\/p>\n<p style=\"text-align: justify;\">Los textos, datos y dibujos gr\u00e1ficos son propiedad de <strong>INERCO CORPORACI\u00d3N EMPRESARIAL, S.L.<\/strong> o de las entidades proveedoras de informaci\u00f3n, no pudiendo ser objeto de ulterior modificaci\u00f3n, copia, transformaci\u00f3n, alteraci\u00f3n, reproducci\u00f3n, adaptaci\u00f3n o traducci\u00f3n por parte de terceros, sin la expresa autorizaci\u00f3n por parte del titular de dicho contenido. La puesta a disposici\u00f3n de los textos, datos y dibujos gr\u00e1ficos no implica, en ning\u00fan caso, la cesi\u00f3n de su titularidad o la concesi\u00f3n de un derecho de explotaci\u00f3n, reproducci\u00f3n, difusi\u00f3n, transformaci\u00f3n, distribuci\u00f3n, o transmisi\u00f3n a su favor, distinto del derecho de uso que comporta la utilizaci\u00f3n leg\u00edtima de <a href=\"http:\/\/www.inerco.com\/\">www.inerco.com<\/a>.<\/p>\n<p>&nbsp;<\/p>\n<h4 style=\"text-align: justify;\"><strong>Contenido de la web y enlaces (links)<\/strong><\/h4>\n<p style=\"text-align: justify;\"><strong>INERCO CORPORACI\u00d3N EMPRESARIAL, S.L.<\/strong> no se responsabiliza del mal uso que se realice de los contenidos de sus p\u00e1ginas Web, siendo exclusiva responsabilidad de la persona que accede a ellos o los utilice.<\/p>\n<p style=\"text-align: justify;\">Los \u00a0titulares \u00a0de \u00a0otros \u00a0sitios \u00a0Web\u00a0 que \u00a0deseen\u00a0 crear \u00a0un \u00a0hiperv\u00ednculo\u00a0 a,\u00a0 se \u00a0comprometen \u00a0a \u00a0no establecer enlaces a sitios Web en los que no aparezca el logotipo de <strong>INERCO CORPORACI\u00d3N EMPRESARIAL, S.L.<\/strong> y a no realizar manifestaciones falsas, inexactas o incorrectas, que puedan inducir a error o, en general, que sean contrarias a las leyes.<\/p>\n<p style=\"text-align: justify;\">Los titulares de otros sitios Web que deseen crear un hiperv\u00ednculo a\u00a0<a href=\"http:\/\/www.inerco.com\/\">www.inerco.com<\/a>\u00a0se comprometen, asimismo, a no establecer hiperv\u00ednculos con sitios Web que contengan contenidos, manifestaciones o propaganda de \u00edndole racista, xen\u00f3foba, pornogr\u00e1fica, de apolog\u00eda del terrorismo y, en general, puedan perjudicar de cualquier modo el buen nombre o la imagen de <strong>INERCO CORPORACI\u00d3N EMPRESARIAL, S.L.<\/strong><\/p>\n<p style=\"text-align: justify;\">La inclusi\u00f3n de hiperv\u00ednculos en <a href=\"http:\/\/www.inerco.com\/\">www.inerco.com<\/a>, no implica necesariamente que <strong>INERCO CORPORACI\u00d3N EMPRESARIAL, S.L.<\/strong> mantenga relaciones mercantiles o v\u00ednculos asociativos con el titular del sitio Web en la que se establezca el enlace.<\/p>\n<p style=\"text-align: justify;\">La presencia de hiperv\u00ednculos en <a href=\"http:\/\/www.inerco.com\/\">www.inerco.com<\/a> tiene una finalidad meramente informativa, motivo por el cual, <strong>INERCO CORPORACI\u00d3N EMPRESARIAL, S.L.<\/strong> no se responsabiliza ni otorga garant\u00eda de ninguna naturaleza, ni expresa ni impl\u00edcita respecto a la comerciabilidad, idoneidad, calidad, caracter\u00edsticas, procedencia, comercializaci\u00f3n o cualquier otro aspecto de las informaciones, productos y\/o servicios.<\/p>\n<p style=\"text-align: justify;\">La exenci\u00f3n de responsabilidad establecida en los apartados anteriores no operar\u00e1 en el supuesto de que el proveedor de contenidos al que se enlace o cuya localizaci\u00f3n se facilite act\u00fae bajo la direcci\u00f3n, autoridad o control del prestador que facilite la localizaci\u00f3n de esos contenidos.<\/p>\n<p>&nbsp;<\/p>\n<h4 style=\"text-align: justify;\"><strong>Manifestaciones<\/strong><\/h4>\n<p style=\"text-align: justify;\"><strong>INERCO CORPORACI\u00d3N EMPRESARIAL, S.L.<\/strong> manifiesta que este sitio Web dispone de la tecnolog\u00eda adecuada para permitir el acceso y utilizaci\u00f3n del mismo. No obstante, no se responsabiliza por la eventual existencia de virus u otros elementos nocivos, introducidos por cualquier medio o por cualquier tercero, que puedan producir alteraciones en sus sistemas inform\u00e1ticos.<\/p>\n<p style=\"text-align: justify;\">El sitio Web <a href=\"http:\/\/www.inerco.com\/\">www.inerco.com<\/a> podr\u00eda contener inexactitudes, omisiones relevantes, imprecisiones o erratas. <strong>INERCO CORPORACI\u00d3N EMPRESARIAL, S.L.<\/strong> no garantiza, en ning\u00fan caso, la veracidad, exactitud y actualidad de los datos contenidos en su sitio Web. El usuario que accede a\u00a0<a href=\"http:\/\/www.inerco.com\/\">www.inerco.com<\/a>\u00a0exonera a <strong>INERCO CORPORACI\u00d3N EMPRESARIAL, S.L.<\/strong> de cualquier responsabilidad en relaci\u00f3n a la fiabilidad, utilidad o falsas expectativas que este sitio Web pudiera producirle.<\/p>\n<p>&nbsp;<\/p>\n<h4 style=\"text-align: justify;\"><strong>Limitaci\u00f3n de responsabilidad<\/strong><\/h4>\n<p style=\"text-align: justify;\"><strong>INERCO CORPORACI\u00d3N EMPRESARIAL, S.L.<\/strong> no ofrece garant\u00edas de ninguna clase en cuanto al funcionamiento del sitio Web <a href=\"https:\/\/www.inerco.com\/\">inerco.com<\/a> o a la informaci\u00f3n contenida en el mismo. <strong>INERCO CORPORACI\u00d3N EMPRESARIAL, S.L.<\/strong> no ser\u00e1 responsable de los da\u00f1os o perjuicios, de cualquier \u00edndole, que puedan derivarse del uso del sitio Web <a href=\"http:\/\/www.inerco.com\/\">www.inerco.com<\/a>.<\/p>\n<p style=\"text-align: justify;\"><strong>INERCO CORPORACI\u00d3N EMPRESARIAL, S.L.<\/strong> excluye toda responsabilidad por la licitud, contenido y calidad de los datos e informaciones ofrecidos por terceras entidades a trav\u00e9s del sitio Web <a href=\"http:\/\/www.inerco.com\/\">www.inerco.com<\/a>.<\/p>\n<p>[\/vc_column_text][\/vc_column][\/vc_row][vc_row css_animation=\u00bb\u00bb row_type=\u00bbrow\u00bb use_row_as_full_screen_section=\u00bbno\u00bb type=\u00bbfull_width\u00bb angled_section=\u00bbno\u00bb text_align=\u00bbleft\u00bb background_image_as_pattern=\u00bbwithout_pattern\u00bb][vc_column][vc_empty_space height=\u00bb100px\u00bb][\/vc_column][\/vc_row]<\/p>\n<\/div>","protected":false},"excerpt":{"rendered":"<p>[vc_row css_animation=\u00bb\u00bb row_type=\u00bbrow\u00bb use_row_as_full_screen_section=\u00bbno\u00bb type=\u00bbfull_width\u00bb angled_section=\u00bbno\u00bb text_align=\u00bbleft\u00bb background_image_as_pattern=\u00bbwithout_pattern\u00bb][vc_column][vc_empty_space height=\u00bb60px\u00bb][\/vc_column][\/vc_row][vc_row css_animation=\u00bb\u00bb row_type=\u00bbrow\u00bb use_row_as_full_screen_section=\u00bbno\u00bb type=\u00bbfull_width\u00bb angled_section=\u00bbno\u00bb text_align=\u00bbleft\u00bb&#8230;<\/p>\n","protected":false},"author":1,"featured_media":0,"parent":0,"menu_order":0,"comment_status":"closed","ping_status":"closed","template":"","meta":{"footnotes":""},"class_list":["post-2038","page","type-page","status-publish","hentry"],"yoast_head":"<!-- This site is optimized with the Yoast SEO plugin v27.3 - https:\/\/yoast.com\/product\/yoast-seo-wordpress\/ -->\n<title>Aviso Legal - INERCO<\/title>\n<meta name=\"robots\" content=\"index, follow, max-snippet:-1, max-image-preview:large, max-video-preview:-1\" \/>\n<link rel=\"canonical\" href=\"https:\/\/www.inerco.com\/es\/aviso-legal\/\" \/>\n<meta property=\"og:locale\" content=\"es_ES\" \/>\n<meta property=\"og:type\" content=\"article\" \/>\n<meta property=\"og:title\" content=\"Aviso Legal - INERCO\" \/>\n<meta property=\"og:description\" content=\"[vc_row css_animation=\u00bb\u00bb row_type=\u00bbrow\u00bb use_row_as_full_screen_section=\u00bbno\u00bb type=\u00bbfull_width\u00bb angled_section=\u00bbno\u00bb text_align=\u00bbleft\u00bb background_image_as_pattern=\u00bbwithout_pattern\u00bb][vc_column][vc_empty_space height=\u00bb60px\u00bb][\/vc_column][\/vc_row][vc_row css_animation=\u00bb\u00bb row_type=\u00bbrow\u00bb use_row_as_full_screen_section=\u00bbno\u00bb type=\u00bbfull_width\u00bb angled_section=\u00bbno\u00bb text_align=\u00bbleft\u00bb...\" \/>\n<meta property=\"og:url\" content=\"https:\/\/www.inerco.com\/es\/aviso-legal\/\" \/>\n<meta property=\"og:site_name\" content=\"INERCO\" \/>\n<meta property=\"article:modified_time\" content=\"2021-02-09T17:16:16+00:00\" \/>\n<meta name=\"twitter:card\" content=\"summary_large_image\" \/>\n<meta name=\"twitter:site\" content=\"@Inerco_\" \/>\n<script type=\"application\/ld+json\" class=\"yoast-schema-graph\">{\"@context\":\"https:\\\/\\\/schema.org\",\"@graph\":[{\"@type\":\"WebPage\",\"@id\":\"https:\\\/\\\/www.inerco.com\\\/es\\\/aviso-legal\\\/\",\"url\":\"https:\\\/\\\/www.inerco.com\\\/es\\\/aviso-legal\\\/\",\"name\":\"Aviso Legal - INERCO\",\"isPartOf\":{\"@id\":\"https:\\\/\\\/www.inerco.com\\\/es\\\/#website\"},\"datePublished\":\"2018-12-20T15:35:28+00:00\",\"dateModified\":\"2021-02-09T17:16:16+00:00\",\"breadcrumb\":{\"@id\":\"https:\\\/\\\/www.inerco.com\\\/es\\\/aviso-legal\\\/#breadcrumb\"},\"inLanguage\":\"es\",\"potentialAction\":[{\"@type\":\"ReadAction\",\"target\":[\"https:\\\/\\\/www.inerco.com\\\/es\\\/aviso-legal\\\/\"]}]},{\"@type\":\"BreadcrumbList\",\"@id\":\"https:\\\/\\\/www.inerco.com\\\/es\\\/aviso-legal\\\/#breadcrumb\",\"itemListElement\":[{\"@type\":\"ListItem\",\"position\":1,\"name\":\"Home\",\"item\":\"https:\\\/\\\/www.inerco.com\\\/es\\\/\"},{\"@type\":\"ListItem\",\"position\":2,\"name\":\"Aviso Legal\"}]},{\"@type\":\"WebSite\",\"@id\":\"https:\\\/\\\/www.inerco.com\\\/es\\\/#website\",\"url\":\"https:\\\/\\\/www.inerco.com\\\/es\\\/\",\"name\":\"INERCO\",\"description\":\"Tecnolog\u00eda, ingenier\u00eda y consultor\u00eda integral para el desarrollo industrial sostenible\",\"potentialAction\":[{\"@type\":\"SearchAction\",\"target\":{\"@type\":\"EntryPoint\",\"urlTemplate\":\"https:\\\/\\\/www.inerco.com\\\/es\\\/?s={search_term_string}\"},\"query-input\":{\"@type\":\"PropertyValueSpecification\",\"valueRequired\":true,\"valueName\":\"search_term_string\"}}],\"inLanguage\":\"es\"}]}<\/script>\n<!-- \/ Yoast SEO plugin. -->","yoast_head_json":{"title":"Aviso Legal - INERCO","robots":{"index":"index","follow":"follow","max-snippet":"max-snippet:-1","max-image-preview":"max-image-preview:large","max-video-preview":"max-video-preview:-1"},"canonical":"https:\/\/www.inerco.com\/es\/aviso-legal\/","og_locale":"es_ES","og_type":"article","og_title":"Aviso Legal - INERCO","og_description":"[vc_row css_animation=\u00bb\u00bb row_type=\u00bbrow\u00bb use_row_as_full_screen_section=\u00bbno\u00bb type=\u00bbfull_width\u00bb angled_section=\u00bbno\u00bb text_align=\u00bbleft\u00bb background_image_as_pattern=\u00bbwithout_pattern\u00bb][vc_column][vc_empty_space height=\u00bb60px\u00bb][\/vc_column][\/vc_row][vc_row css_animation=\u00bb\u00bb row_type=\u00bbrow\u00bb use_row_as_full_screen_section=\u00bbno\u00bb type=\u00bbfull_width\u00bb angled_section=\u00bbno\u00bb text_align=\u00bbleft\u00bb...","og_url":"https:\/\/www.inerco.com\/es\/aviso-legal\/","og_site_name":"INERCO","article_modified_time":"2021-02-09T17:16:16+00:00","twitter_card":"summary_large_image","twitter_site":"@Inerco_","schema":{"@context":"https:\/\/schema.org","@graph":[{"@type":"WebPage","@id":"https:\/\/www.inerco.com\/es\/aviso-legal\/","url":"https:\/\/www.inerco.com\/es\/aviso-legal\/","name":"Aviso Legal - INERCO","isPartOf":{"@id":"https:\/\/www.inerco.com\/es\/#website"},"datePublished":"2018-12-20T15:35:28+00:00","dateModified":"2021-02-09T17:16:16+00:00","breadcrumb":{"@id":"https:\/\/www.inerco.com\/es\/aviso-legal\/#breadcrumb"},"inLanguage":"es","potentialAction":[{"@type":"ReadAction","target":["https:\/\/www.inerco.com\/es\/aviso-legal\/"]}]},{"@type":"BreadcrumbList","@id":"https:\/\/www.inerco.com\/es\/aviso-legal\/#breadcrumb","itemListElement":[{"@type":"ListItem","position":1,"name":"Home","item":"https:\/\/www.inerco.com\/es\/"},{"@type":"ListItem","position":2,"name":"Aviso Legal"}]},{"@type":"WebSite","@id":"https:\/\/www.inerco.com\/es\/#website","url":"https:\/\/www.inerco.com\/es\/","name":"INERCO","description":"Tecnolog\u00eda, ingenier\u00eda y consultor\u00eda integral para el desarrollo industrial sostenible","potentialAction":[{"@type":"SearchAction","target":{"@type":"EntryPoint","urlTemplate":"https:\/\/www.inerco.com\/es\/?s={search_term_string}"},"query-input":{"@type":"PropertyValueSpecification","valueRequired":true,"valueName":"search_term_string"}}],"inLanguage":"es"}]}},"_links":{"self":[{"href":"https:\/\/www.inerco.com\/es\/wp-json\/wp\/v2\/pages\/2038","targetHints":{"allow":["GET"]}}],"collection":[{"href":"https:\/\/www.inerco.com\/es\/wp-json\/wp\/v2\/pages"}],"about":[{"href":"https:\/\/www.inerco.com\/es\/wp-json\/wp\/v2\/types\/page"}],"author":[{"embeddable":true,"href":"https:\/\/www.inerco.com\/es\/wp-json\/wp\/v2\/users\/1"}],"replies":[{"embeddable":true,"href":"https:\/\/www.inerco.com\/es\/wp-json\/wp\/v2\/comments?post=2038"}],"version-history":[{"count":7,"href":"https:\/\/www.inerco.com\/es\/wp-json\/wp\/v2\/pages\/2038\/revisions"}],"predecessor-version":[{"id":6194,"href":"https:\/\/www.inerco.com\/es\/wp-json\/wp\/v2\/pages\/2038\/revisions\/6194"}],"wp:attachment":[{"href":"https:\/\/www.inerco.com\/es\/wp-json\/wp\/v2\/media?parent=2038"}],"curies":[{"name":"wp","href":"https:\/\/api.w.org\/{rel}","templated":true}]}}