{"id":1983,"date":"2018-12-19T13:59:00","date_gmt":"2018-12-19T12:59:00","guid":{"rendered":"http:\/\/82.194.72.70\/?page_id=1983"},"modified":"2023-09-06T18:52:07","modified_gmt":"2023-09-06T16:52:07","slug":"permitting-industrial","status":"publish","type":"page","link":"https:\/\/www.inerco.com\/es\/medio-ambiente\/permitting-industrial\/","title":{"rendered":"Permitting Industrial"},"content":{"rendered":"<div class=\"wpb-content-wrapper\"><p>[vc_row css_animation=\u00bb\u00bb row_type=\u00bbrow\u00bb use_row_as_full_screen_section=\u00bbno\u00bb type=\u00bbfull_width\u00bb angled_section=\u00bbno\u00bb text_align=\u00bbleft\u00bb background_image_as_pattern=\u00bbwithout_pattern\u00bb][vc_column][vc_empty_space height=\u00bb80px\u00bb][\/vc_column][\/vc_row][vc_row css_animation=\u00bb\u00bb row_type=\u00bbrow\u00bb use_row_as_full_screen_section=\u00bbno\u00bb type=\u00bbgrid\u00bb angled_section=\u00bbno\u00bb text_align=\u00bbleft\u00bb background_image_as_pattern=\u00bbwithout_pattern\u00bb z_index=\u00bb\u00bb][vc_column width=\u00bb1\/2&#8243;]<div class=\"custom_font_holder \" style=\" font-style: normal; font-weight: 200; text-decoration: none; text-align: left; --qode-cf-font-size: 28px; --qode-cf-line-height: 30px; --qode-cf-font-size-1440: 28px; --qode-cf-line-height-1440: 30px; --qode-cf-font-size-1366: 28px; --qode-cf-line-height-1366: 30px; --qode-cf-font-size-1280: 28px; --qode-cf-line-height-1280: 30px; --qode-cf-font-size-1024: 28px; --qode-cf-line-height-1024: 30px; --qode-cf-font-size-768: 28px; --qode-cf-line-height-768: 30px; --qode-cf-font-size-680: 28px; --qode-cf-line-height-680: 30px; --qode-cf-font-size-480: 28px; --qode-cf-line-height-480: 30px;\">Obtenci\u00f3n de los diferentes permisos y licencias para la Puesta en Marcha de proyectos industriales, en tiempo y forma, con el m\u00e1ximo ahorro posible en costes y plazos de consecuci\u00f3n de los hitos y permisos correspondientes.<\/div>[vc_empty_space height=\u00bb40px\u00bb][vc_row_inner row_type=\u00bbrow\u00bb type=\u00bbfull_width\u00bb text_align=\u00bbleft\u00bb css_animation=\u00bb\u00bb][vc_column_inner]<div class=\"q_icon_list\"><span aria-hidden=\"true\" class=\"qode_icon_font_elegant arrow_right qode-ili-icon-holder transparent\" style=\"color: #009640;\" ><\/span><p style=\"color:#000000;\">Definici\u00f3n de la documentaci\u00f3n necesaria.<\/p><\/div><div class=\"q_icon_list\"><span aria-hidden=\"true\" class=\"qode_icon_font_elegant arrow_right qode-ili-icon-holder transparent\" style=\"color: #009640;\" ><\/span><p style=\"color:#000000;\">Relaciones con la Administraci\u00f3n P\u00fablica.<\/p><\/div><div class=\"q_icon_list\"><span aria-hidden=\"true\" class=\"qode_icon_font_elegant arrow_right qode-ili-icon-holder transparent\" style=\"color: #009640;\" ><\/span><p style=\"color:#000000;\">Redacci\u00f3n del Proyecto Oficial y Adendas de Detalle.<\/p><\/div><div class=\"q_icon_list\"><span aria-hidden=\"true\" class=\"qode_icon_font_elegant arrow_right qode-ili-icon-holder transparent\" style=\"color: #009640;\" ><\/span><p style=\"color:#000000;\">Verificaci\u00f3n o Redacci\u00f3n de las Adendas de detalle al Proyecto frente a la reglamentaci\u00f3n industrial vigente.<\/p><\/div><div class=\"q_icon_list\"><span aria-hidden=\"true\" class=\"qode_icon_font_elegant arrow_right qode-ili-icon-holder transparent\" style=\"color: #009640;\" ><\/span><p style=\"color:#000000;\">Inserci\u00f3n de los documentos de proyecto en los procedimientos administrativos, previa revisi\u00f3n de los mismos.<\/p><\/div><div class=\"q_icon_list\"><span aria-hidden=\"true\" class=\"qode_icon_font_elegant arrow_right qode-ili-icon-holder transparent\" style=\"color: #009640;\" ><\/span><p style=\"color:#000000;\">Efectuar aclaraciones a la Administraci\u00f3n P\u00fablica durante la evaluaci\u00f3n del Proyecto.<\/p><\/div><div class=\"q_icon_list\"><span aria-hidden=\"true\" class=\"qode_icon_font_elegant arrow_right qode-ili-icon-holder transparent\" style=\"color: #009640;\" ><\/span><p style=\"color:#000000;\">Seguimiento de los procedimientos administrativos hasta conseguir los permisos y autorizaciones necesarios.<\/p><\/div><div class=\"q_icon_list\"><span aria-hidden=\"true\" class=\"qode_icon_font_elegant arrow_right qode-ili-icon-holder transparent\" style=\"color: #009640;\" ><\/span><p style=\"color:#000000;\">&#039;Due Diligence&#039; t\u00e9cnico y legal.<\/p><\/div>[\/vc_column_inner][\/vc_row_inner][vc_empty_space height=\u00bb50px\u00bb][\/vc_column][vc_column width=\u00bb1\/2&#8243;][vc_row_inner row_type=\u00bbrow\u00bb type=\u00bbfull_width\u00bb text_align=\u00bbcenter\u00bb css_animation=\u00bb\u00bb el_id=\u00bbnone\u00bb el_class=\u00bbnone\u00bb][vc_column_inner][vc_raw_html]JTNDZGl2JTIwY2xhc3MlM0QlMjJ0ZXh0d2lkZ2V0JTIwY3VzdG9tLWh0bWwtd2lkZ2V0JTIyJTIwc3R5bGUlM0QlMjJ0ZXh0LWFsaWduJTNBJTIwY2VudGVyJTNCJTIyJTNFJTIwJTBBJTNDYSUyMGhyZWYlM0QlMjIlMkZjb250YWN0byUyMiUyMHRhcmdldCUzRCUyMl9ibGFuayUyMiUyMHN0eWxlJTNEJTIyZm9udC1zaXplJTNBJTIwMTZweCUzQiUyMGNvbG9yJTNBJTIwcmdiJTI4MjU1JTJDJTIwMjU1JTJDJTIwMjU1JTI5JTNCJTIwYmFja2dyb3VuZC1jb2xvciUzQSUyMzAwOTY0MCUzQiUyMGhlaWdodCUzQTQwcHglMjAlMjFpbXBvcnRhbnQlM0IlMjAlMjIlMjBjbGFzcyUzRCUyMnFvZGUtYnRuJTIwcW9kZS1idG4tbWVkaXVtJTIwcW9kZS1idG4tc29saWQlMjBxb2RlLWJ0bi1jdXN0b20taG92ZXItYmclMjBxb2RlLWJ0bi1jdXN0b20taG92ZXItY29sb3IlMjBxb2RlLWJ0bi1jdXN0b20taWNvbi1iZy1ob3Zlci1jb2xvciUyMHFvZGUtYnRuLWljb24lMjBxb2RlLWJ0bi1pY29uLXJvdGF0ZSUyMiUyMGRhdGEtaG92ZXItYmctY29sb3IlM0QlMjIlMjMwMDk2NDAlMjIlMjBkYXRhLWhvdmVyLWNvbG9yJTNEJTIyJTIzZmZmZmZmJTIyJTIwcmVsJTNEJTIybm9vcGVuZXIlMjBub3JlZmVycmVyJTNCJTIwJTIyJTNFJTBBJTIwJTNDc3BhbiUyMGNsYXNzJTNEJTIycW9kZS1idG4tdGV4dCUyMiUyMHN0eWxlJTNEJTIycGFkZGluZy10b3AlM0ElMjAxMHB4JTNCJTIwbGluZS1oZWlnaHQlM0ElMjAyMHB4JTIxaW1wb3J0YW50JTNCcGFkZGluZy1ib3R0b20lM0ElMjA1cHglM0IlMjIlM0VDT05UQUNUTyUzQyUyRnNwYW4lM0UlMEElM0NzcGFuJTIwY2xhc3MlM0QlMjJxb2RlLWJ1dHRvbi12Mi1pY29uLWhvbGRlciUyMGJvdG9uLWNvbnRhY3RvJTIyJTIwc3R5bGUlM0QlMjJib3JkZXItY29sb3IlM0ElMjByZ2IlMjgyNTUlMkMlMjAyNTUlMkMlMjAyNTUlMjklM0IlMjBsaW5lLWhlaWdodCUzQSUyMDIwcHglMjFpbXBvcnRhbnQlM0IlMjBiYWNrZ3JvdW5kLWNvbG9yJTNBJTIwJTIzMDA5NjQwJTNCJTIwcGFkZGluZyUzQSUyMDEwcHglMjAwcHglM0IlMjIlMjBkYXRhLWhvdmVyLWljb24tYm9yZGVyLWNvbG9yJTNEJTIyJTIzZmZmZmZmJTIyJTIwZGF0YS1ob3Zlci1pY29uLWJnLWNvbG9yJTNEJTIyJTIzMDA5NjQwJTIyJTNFJTNDc3BhbiUyMGFyaWEtaGlkZGVuJTNEJTIydHJ1ZSUyMiUyMGNsYXNzJTNEJTIycW9kZV9pY29uX2ZvbnRfZWxlZ2FudCUyMGFycm93X3JpZ2h0JTIwcW9kZS1idXR0b24tdjItaWNvbi1ob2xkZXItaW5uZXIlMjIlM0UlM0MlMkZzcGFuJTNFJTNDJTJGc3BhbiUzRSUyMCUzQyUyRmElM0UlM0MlMkZkaXYlM0U=[\/vc_raw_html][\/vc_column_inner][\/vc_row_inner][vc_empty_space height=\u00bb50px\u00bb][vc_row_inner row_type=\u00bbrow\u00bb type=\u00bbfull_width\u00bb text_align=\u00bbleft\u00bb css_animation=\u00bb\u00bb][vc_column_inner]<div class=\"custom_font_holder \" style=\" font-style: normal; font-weight: 200; color: #009640; text-decoration: none; text-align: center; --qode-cf-font-size: 35px; --qode-cf-line-height: 30px; --qode-cf-font-size-1440: 35px; --qode-cf-line-height-1440: 30px; --qode-cf-font-size-1366: 35px; --qode-cf-line-height-1366: 30px; --qode-cf-font-size-1280: 35px; --qode-cf-line-height-1280: 30px; --qode-cf-font-size-1024: 35px; --qode-cf-line-height-1024: 30px; --qode-cf-font-size-768: 35px; --qode-cf-line-height-768: 30px; --qode-cf-font-size-680: 35px; --qode-cf-line-height-680: 30px; --qode-cf-font-size-480: 35px; --qode-cf-line-height-480: 30px;\">CONTACTO<\/div>[vc_empty_space height=\u00bb20px\u00bb][\/vc_column_inner][\/vc_row_inner][qode_elements_holder number_of_columns=\u00bbtwo_columns\u00bb][qode_elements_holder_item vertical_alignment=\u00bbtop\u00bb horizontal_alignment=\u00bbcenter\u00bb advanced_animations=\u00bbno\u00bb]<div class=\"q_team\" ><div class=\"q_team_inner\"><div class=\"q_team_image\"><img decoding=\"async\" itemprop=\"image\" src=\"https:\/\/www.inerco.com\/wp-content\/uploads\/Pedro-Rodr\u00edguez-Mu\u00f1oz-INERCO.jpg\" alt=\"Pedro Rodr\u00edguez Mu\u00f1oz INERCO\" \/><\/div><div class='q_team_text' ><div class=\"q_team_text_inner\"><div class=\"q_team_title_holder\"><h4 class=\"q_team_name\" >PEDRO RODR\u00cdGUEZ MU\u00d1OZ<\/h4><span >Director de la Divisi\u00f3n de Ingenier\u00eda<\/span><\/div><div class='separator small center' style=\"background-color: #009640\"><\/div><\/div><div class='q_team_social_holder'><span class='q_social_icon_holder normal_social' ><a itemprop='url' href='mailto:ingenieria@inerco.com' target='_blank'><i class=\"qode_icon_font_awesome fa fa-envelope fa-2x simple_social\" style=\"\" ><\/i><\/a><\/span><span class='q_social_icon_holder normal_social' ><a itemprop='url' href='https:\/\/www.linkedin.com\/in\/pedro-rodr%C3%ADguez-mu%C3%B1oz-0aa65a27\/' target='_blank'><i class=\"qode_icon_font_awesome fa fa-linkedin fa-2x simple_social\" style=\"\" ><\/i><\/a><\/span><\/div><\/div><\/div><\/div>[vc_empty_space][\/qode_elements_holder_item][qode_elements_holder_item vertical_alignment=\u00bbtop\u00bb horizontal_alignment=\u00bbcenter\u00bb advanced_animations=\u00bbno\u00bb]<div class=\"q_team\" ><div class=\"q_team_inner\"><div class=\"q_team_image\"><img decoding=\"async\" itemprop=\"image\" src=\"https:\/\/www.inerco.com\/wp-content\/uploads\/Jos\u00e9-Luis-Bayort-Raposo-INERCO.jpg\" alt=\"Jos\u00e9 Luis Bayort Raposo INERCO\" \/><\/div><div class='q_team_text' ><div class=\"q_team_text_inner\"><div class=\"q_team_title_holder\"><h4 class=\"q_team_name\" >JOS\u00c9 LUIS BAYORT RAPOSO<\/h4><span >Jefe del Dpto. de Ingenier\u00eda de Proyectos<\/span><\/div><div class='separator small center' style=\"background-color: #009640\"><\/div><\/div><div class='q_team_social_holder'><span class='q_social_icon_holder normal_social' ><a itemprop='url' href='mailto:ingenieria@inerco.com' target='_blank'><i class=\"qode_icon_font_awesome fa fa-envelope fa-2x simple_social\" style=\"\" ><\/i><\/a><\/span><span class='q_social_icon_holder normal_social' ><a itemprop='url' href='https:\/\/www.linkedin.com\/in\/jose-luis-bayort-1803318a\/' target='_blank'><i class=\"qode_icon_font_awesome fa fa-linkedin fa-2x simple_social\" style=\"\" ><\/i><\/a><\/span><\/div><\/div><\/div><\/div>[vc_empty_space][\/qode_elements_holder_item][\/qode_elements_holder][\/vc_column][\/vc_row][vc_row css_animation=\u00bb\u00bb row_type=\u00bbrow\u00bb use_row_as_full_screen_section=\u00bbno\u00bb type=\u00bbfull_width\u00bb angled_section=\u00bbno\u00bb text_align=\u00bbleft\u00bb background_image_as_pattern=\u00bbwithout_pattern\u00bb][vc_column][vc_empty_space height=\u00bb80px\u00bb][\/vc_column][\/vc_row]<\/p>\n<\/div>","protected":false},"excerpt":{"rendered":"<p>[vc_row css_animation=\u00bb\u00bb row_type=\u00bbrow\u00bb use_row_as_full_screen_section=\u00bbno\u00bb type=\u00bbfull_width\u00bb angled_section=\u00bbno\u00bb text_align=\u00bbleft\u00bb background_image_as_pattern=\u00bbwithout_pattern\u00bb][vc_column][vc_empty_space height=\u00bb80px\u00bb][\/vc_column][\/vc_row][vc_row css_animation=\u00bb\u00bb row_type=\u00bbrow\u00bb use_row_as_full_screen_section=\u00bbno\u00bb type=\u00bbgrid\u00bb angled_section=\u00bbno\u00bb text_align=\u00bbleft\u00bb&#8230;<\/p>\n","protected":false},"author":1,"featured_media":1982,"parent":106,"menu_order":6,"comment_status":"closed","ping_status":"closed","template":"","meta":{"footnotes":""},"class_list":["post-1983","page","type-page","status-publish","has-post-thumbnail","hentry"],"yoast_head":"<!-- This site is optimized with the Yoast SEO plugin v26.4 - https:\/\/yoast.com\/wordpress\/plugins\/seo\/ -->\n<title>Permitting Industrial - INERCO<\/title>\n<meta name=\"description\" content=\"INERCO ofrece servicios de permitting industrial para la obtenci\u00f3n de permisos y licencias de proyectos industriales.\" \/>\n<meta name=\"robots\" content=\"index, follow, max-snippet:-1, max-image-preview:large, max-video-preview:-1\" \/>\n<link rel=\"canonical\" href=\"https:\/\/www.inerco.com\/es\/medio-ambiente\/permitting-industrial\/\" \/>\n<meta property=\"og:locale\" content=\"es_ES\" \/>\n<meta property=\"og:type\" content=\"article\" \/>\n<meta property=\"og:title\" content=\"Permitting Industrial - INERCO\" \/>\n<meta property=\"og:description\" content=\"INERCO ofrece servicios de permitting industrial para la obtenci\u00f3n de permisos y licencias de proyectos industriales.\" \/>\n<meta property=\"og:url\" content=\"https:\/\/www.inerco.com\/es\/medio-ambiente\/permitting-industrial\/\" \/>\n<meta property=\"og:site_name\" content=\"INERCO\" \/>\n<meta property=\"article:modified_time\" content=\"2023-09-06T16:52:07+00:00\" \/>\n<meta property=\"og:image\" content=\"https:\/\/www.inerco.com\/wp-content\/uploads\/INERCO-Permitting-Industrial.jpg\" \/>\n\t<meta property=\"og:image:width\" content=\"500\" \/>\n\t<meta property=\"og:image:height\" content=\"225\" \/>\n\t<meta property=\"og:image:type\" content=\"image\/jpeg\" \/>\n<meta name=\"twitter:card\" content=\"summary_large_image\" \/>\n<meta name=\"twitter:site\" content=\"@Inerco_\" \/>\n<script type=\"application\/ld+json\" class=\"yoast-schema-graph\">{\"@context\":\"https:\/\/schema.org\",\"@graph\":[{\"@type\":\"WebPage\",\"@id\":\"https:\/\/www.inerco.com\/es\/medio-ambiente\/permitting-industrial\/\",\"url\":\"https:\/\/www.inerco.com\/es\/medio-ambiente\/permitting-industrial\/\",\"name\":\"Permitting Industrial - INERCO\",\"isPartOf\":{\"@id\":\"https:\/\/www.inerco.com\/es\/#website\"},\"primaryImageOfPage\":{\"@id\":\"https:\/\/www.inerco.com\/es\/medio-ambiente\/permitting-industrial\/#primaryimage\"},\"image\":{\"@id\":\"https:\/\/www.inerco.com\/es\/medio-ambiente\/permitting-industrial\/#primaryimage\"},\"thumbnailUrl\":\"https:\/\/www.inerco.com\/wp-content\/uploads\/INERCO-Permitting-Industrial.jpg\",\"datePublished\":\"2018-12-19T12:59:00+00:00\",\"dateModified\":\"2023-09-06T16:52:07+00:00\",\"description\":\"INERCO ofrece servicios de permitting industrial para la obtenci\u00f3n de permisos y licencias de proyectos industriales.\",\"breadcrumb\":{\"@id\":\"https:\/\/www.inerco.com\/es\/medio-ambiente\/permitting-industrial\/#breadcrumb\"},\"inLanguage\":\"es\",\"potentialAction\":[{\"@type\":\"ReadAction\",\"target\":[\"https:\/\/www.inerco.com\/es\/medio-ambiente\/permitting-industrial\/\"]}]},{\"@type\":\"ImageObject\",\"inLanguage\":\"es\",\"@id\":\"https:\/\/www.inerco.com\/es\/medio-ambiente\/permitting-industrial\/#primaryimage\",\"url\":\"https:\/\/www.inerco.com\/wp-content\/uploads\/INERCO-Permitting-Industrial.jpg\",\"contentUrl\":\"https:\/\/www.inerco.com\/wp-content\/uploads\/INERCO-Permitting-Industrial.jpg\",\"width\":\"500\",\"height\":\"225\",\"caption\":\"INERCO Permitting Industrial\"},{\"@type\":\"BreadcrumbList\",\"@id\":\"https:\/\/www.inerco.com\/es\/medio-ambiente\/permitting-industrial\/#breadcrumb\",\"itemListElement\":[{\"@type\":\"ListItem\",\"position\":1,\"name\":\"Home\",\"item\":\"https:\/\/www.inerco.com\/es\/\"},{\"@type\":\"ListItem\",\"position\":2,\"name\":\"Medio Ambiente\",\"item\":\"https:\/\/www.inerco.com\/es\/medio-ambiente\/\"},{\"@type\":\"ListItem\",\"position\":3,\"name\":\"Permitting Industrial\"}]},{\"@type\":\"WebSite\",\"@id\":\"https:\/\/www.inerco.com\/es\/#website\",\"url\":\"https:\/\/www.inerco.com\/es\/\",\"name\":\"INERCO\",\"description\":\"Tecnolog\u00eda, ingenier\u00eda y consultor\u00eda integral para el desarrollo industrial sostenible\",\"potentialAction\":[{\"@type\":\"SearchAction\",\"target\":{\"@type\":\"EntryPoint\",\"urlTemplate\":\"https:\/\/www.inerco.com\/es\/?s={search_term_string}\"},\"query-input\":{\"@type\":\"PropertyValueSpecification\",\"valueRequired\":true,\"valueName\":\"search_term_string\"}}],\"inLanguage\":\"es\"}]}<\/script>\n<!-- \/ Yoast SEO plugin. -->","yoast_head_json":{"title":"Permitting Industrial - INERCO","description":"INERCO ofrece servicios de permitting industrial para la obtenci\u00f3n de permisos y licencias de proyectos industriales.","robots":{"index":"index","follow":"follow","max-snippet":"max-snippet:-1","max-image-preview":"max-image-preview:large","max-video-preview":"max-video-preview:-1"},"canonical":"https:\/\/www.inerco.com\/es\/medio-ambiente\/permitting-industrial\/","og_locale":"es_ES","og_type":"article","og_title":"Permitting Industrial - INERCO","og_description":"INERCO ofrece servicios de permitting industrial para la obtenci\u00f3n de permisos y licencias de proyectos industriales.","og_url":"https:\/\/www.inerco.com\/es\/medio-ambiente\/permitting-industrial\/","og_site_name":"INERCO","article_modified_time":"2023-09-06T16:52:07+00:00","og_image":[{"width":500,"height":225,"url":"https:\/\/www.inerco.com\/wp-content\/uploads\/INERCO-Permitting-Industrial.jpg","type":"image\/jpeg"}],"twitter_card":"summary_large_image","twitter_site":"@Inerco_","schema":{"@context":"https:\/\/schema.org","@graph":[{"@type":"WebPage","@id":"https:\/\/www.inerco.com\/es\/medio-ambiente\/permitting-industrial\/","url":"https:\/\/www.inerco.com\/es\/medio-ambiente\/permitting-industrial\/","name":"Permitting Industrial - INERCO","isPartOf":{"@id":"https:\/\/www.inerco.com\/es\/#website"},"primaryImageOfPage":{"@id":"https:\/\/www.inerco.com\/es\/medio-ambiente\/permitting-industrial\/#primaryimage"},"image":{"@id":"https:\/\/www.inerco.com\/es\/medio-ambiente\/permitting-industrial\/#primaryimage"},"thumbnailUrl":"https:\/\/www.inerco.com\/wp-content\/uploads\/INERCO-Permitting-Industrial.jpg","datePublished":"2018-12-19T12:59:00+00:00","dateModified":"2023-09-06T16:52:07+00:00","description":"INERCO ofrece servicios de permitting industrial para la obtenci\u00f3n de permisos y licencias de proyectos industriales.","breadcrumb":{"@id":"https:\/\/www.inerco.com\/es\/medio-ambiente\/permitting-industrial\/#breadcrumb"},"inLanguage":"es","potentialAction":[{"@type":"ReadAction","target":["https:\/\/www.inerco.com\/es\/medio-ambiente\/permitting-industrial\/"]}]},{"@type":"ImageObject","inLanguage":"es","@id":"https:\/\/www.inerco.com\/es\/medio-ambiente\/permitting-industrial\/#primaryimage","url":"https:\/\/www.inerco.com\/wp-content\/uploads\/INERCO-Permitting-Industrial.jpg","contentUrl":"https:\/\/www.inerco.com\/wp-content\/uploads\/INERCO-Permitting-Industrial.jpg","width":"500","height":"225","caption":"INERCO Permitting Industrial"},{"@type":"BreadcrumbList","@id":"https:\/\/www.inerco.com\/es\/medio-ambiente\/permitting-industrial\/#breadcrumb","itemListElement":[{"@type":"ListItem","position":1,"name":"Home","item":"https:\/\/www.inerco.com\/es\/"},{"@type":"ListItem","position":2,"name":"Medio Ambiente","item":"https:\/\/www.inerco.com\/es\/medio-ambiente\/"},{"@type":"ListItem","position":3,"name":"Permitting Industrial"}]},{"@type":"WebSite","@id":"https:\/\/www.inerco.com\/es\/#website","url":"https:\/\/www.inerco.com\/es\/","name":"INERCO","description":"Tecnolog\u00eda, ingenier\u00eda y consultor\u00eda integral para el desarrollo industrial sostenible","potentialAction":[{"@type":"SearchAction","target":{"@type":"EntryPoint","urlTemplate":"https:\/\/www.inerco.com\/es\/?s={search_term_string}"},"query-input":{"@type":"PropertyValueSpecification","valueRequired":true,"valueName":"search_term_string"}}],"inLanguage":"es"}]}},"_links":{"self":[{"href":"https:\/\/www.inerco.com\/es\/wp-json\/wp\/v2\/pages\/1983","targetHints":{"allow":["GET"]}}],"collection":[{"href":"https:\/\/www.inerco.com\/es\/wp-json\/wp\/v2\/pages"}],"about":[{"href":"https:\/\/www.inerco.com\/es\/wp-json\/wp\/v2\/types\/page"}],"author":[{"embeddable":true,"href":"https:\/\/www.inerco.com\/es\/wp-json\/wp\/v2\/users\/1"}],"replies":[{"embeddable":true,"href":"https:\/\/www.inerco.com\/es\/wp-json\/wp\/v2\/comments?post=1983"}],"version-history":[{"count":7,"href":"https:\/\/www.inerco.com\/es\/wp-json\/wp\/v2\/pages\/1983\/revisions"}],"predecessor-version":[{"id":13778,"href":"https:\/\/www.inerco.com\/es\/wp-json\/wp\/v2\/pages\/1983\/revisions\/13778"}],"up":[{"embeddable":true,"href":"https:\/\/www.inerco.com\/es\/wp-json\/wp\/v2\/pages\/106"}],"wp:featuredmedia":[{"embeddable":true,"href":"https:\/\/www.inerco.com\/es\/wp-json\/wp\/v2\/media\/1982"}],"wp:attachment":[{"href":"https:\/\/www.inerco.com\/es\/wp-json\/wp\/v2\/media?parent=1983"}],"curies":[{"name":"wp","href":"https:\/\/api.w.org\/{rel}","templated":true}]}}