{"id":1904,"date":"2018-12-18T01:33:44","date_gmt":"2018-12-18T00:33:44","guid":{"rendered":"http:\/\/82.194.72.70\/?page_id=1904"},"modified":"2023-09-06T19:20:48","modified_gmt":"2023-09-06T17:20:48","slug":"human-factors-engineering","status":"publish","type":"page","link":"https:\/\/www.inerco.com\/es\/seguridad-y-prevencion\/prevencion-de-riesgos-laborales\/human-factors-engineering\/","title":{"rendered":"Human Factors Engineering"},"content":{"rendered":"<div class=\"wpb-content-wrapper\"><p>[vc_row css_animation=\u00bb\u00bb row_type=\u00bbrow\u00bb use_row_as_full_screen_section=\u00bbno\u00bb type=\u00bbfull_width\u00bb angled_section=\u00bbno\u00bb text_align=\u00bbleft\u00bb background_image_as_pattern=\u00bbwithout_pattern\u00bb][vc_column][vc_empty_space height=\u00bb80px\u00bb][vc_row_inner row_type=\u00bbrow\u00bb type=\u00bbfull_width\u00bb text_align=\u00bbleft\u00bb css_animation=\u00bb\u00bb][vc_column_inner][vc_column_text]<\/p>\n<p style=\"text-align: center; font-size: 1.5em; line-height: 1.4;\">Realizamos la <strong>revisi\u00f3n de proyectos en fase de dise\u00f1o<\/strong> (\u201cHuman Factors Engineering\u201d) para verificar el cumplimiento de requisitos legales en PRL (escaleras, escalas, v\u00edas de paso, etc.); tambi\u00e9n para verificar el cumplimiento de est\u00e1ndares internacionales sobre ergonom\u00eda y accesibilidad a elementos cr\u00edticos: para minimizar el error humano; y para optimizar la operabilidad y mantenimiento de las instalaciones.<\/p>\n<p>[\/vc_column_text][vc_empty_space height=\u00bb20px\u00bb][vc_column_text]<\/p>\n<p style=\"text-align: center; font-size: 1.5em; line-height: 1.4;\"><strong>INERCO Prevenci\u00f3n de Riesgos<\/strong> cuenta con una alianza estrat\u00e9gica con la compa\u00f1\u00eda brit\u00e1nica <strong>HU Tech<\/strong> para el desarrollo de HFE.<\/p>\n<p>[\/vc_column_text][vc_empty_space height=\u00bb50px\u00bb][\/vc_column_inner][\/vc_row_inner][\/vc_column][\/vc_row][vc_row css_animation=\u00bb\u00bb row_type=\u00bbrow\u00bb use_row_as_full_screen_section=\u00bbno\u00bb type=\u00bbgrid\u00bb angled_section=\u00bbno\u00bb text_align=\u00bbleft\u00bb background_image_as_pattern=\u00bbwithout_pattern\u00bb z_index=\u00bb\u00bb][vc_column width=\u00bb3\/4&#8243;][vc_empty_space height=\u00bb50px\u00bb][vc_row_inner row_type=\u00bbrow\u00bb type=\u00bbfull_width\u00bb text_align=\u00bbleft\u00bb css_animation=\u00bb\u00bb][vc_column_inner]<div class=\"q_icon_list\"><span aria-hidden=\"true\" class=\"qode_icon_font_elegant arrow_right qode-ili-icon-holder transparent\" style=\"color: #009640;\" ><\/span><p style=\"color:#000000;font-size: 20px;font-weight: 300;\">Human Factors Engineering (2D\/3D).<\/p><\/div>[\/vc_column_inner][\/vc_row_inner][vc_row_inner row_type=\u00bbrow\u00bb type=\u00bbfull_width\u00bb text_align=\u00bbleft\u00bb css_animation=\u00bb\u00bb css=\u00bb.vc_custom_1684689951031{margin-left: 20px !important;}\u00bb][vc_column_inner]<div class=\"q_icon_list\"><span aria-hidden=\"true\" class=\"qode_icon_font_elegant icon_circle-empty qode-ili-icon-holder transparent\" style=\"font-size: 10px;color: #000000;\" ><\/span><p style=\"color:#000000;font-size: 20px;font-weight: 300;\">Evaluaci\u00f3n del cumplimiento requisitos legislativos y c\u00f3digos de dise\u00f1o.<\/p><\/div><div class=\"q_icon_list\"><span aria-hidden=\"true\" class=\"qode_icon_font_elegant icon_circle-empty qode-ili-icon-holder transparent\" style=\"font-size: 10px;color: #000000;\" ><\/span><p style=\"color:#000000;font-size: 20px;font-weight: 300;\">Evaluaci\u00f3n de accesibilidad a v\u00e1lvulas y equipos cr\u00edticos y de emergencia.<\/p><\/div><div class=\"q_icon_list\"><span aria-hidden=\"true\" class=\"qode_icon_font_elegant icon_circle-empty qode-ili-icon-holder transparent\" style=\"font-size: 10px;color: #000000;\" ><\/span><p style=\"color:#000000;font-size: 20px;font-weight: 300;\">Revisi\u00f3n v\u00edas de evacuaci\u00f3n, lugares de trabajo e iluminaci\u00f3n.<\/p><\/div><div class=\"q_icon_list\"><span aria-hidden=\"true\" class=\"qode_icon_font_elegant icon_circle-empty qode-ili-icon-holder transparent\" style=\"font-size: 10px;color: #000000;\" ><\/span><p style=\"color:#000000;font-size: 20px;font-weight: 300;\">Requisitos ATEX y de m\u00e1quinas y equipos de trabajo (Machinery Risk Analysis).<\/p><\/div><div class=\"q_icon_list\"><span aria-hidden=\"true\" class=\"qode_icon_font_elegant icon_circle-empty qode-ili-icon-holder transparent\" style=\"font-size: 10px;color: #000000;\" ><\/span><p style=\"color:#000000;font-size: 20px;font-weight: 300;\">Operabilidad y mantenimiento de instalaciones y equipos.<\/p><\/div><div class=\"q_icon_list\"><span aria-hidden=\"true\" class=\"qode_icon_font_elegant icon_circle-empty qode-ili-icon-holder transparent\" style=\"font-size: 10px;color: #000000;\" ><\/span><p style=\"color:#000000;font-size: 20px;font-weight: 300;\">Dise\u00f1o de Salas de Control.<\/p><\/div><div class=\"q_icon_list\"><span aria-hidden=\"true\" class=\"qode_icon_font_elegant icon_circle-empty qode-ili-icon-holder transparent\" style=\"font-size: 10px;color: #000000;\" ><\/span><p style=\"color:#000000;font-size: 20px;font-weight: 300;\">Minimizaci\u00f3n del error humano.<\/p><\/div>[\/vc_column_inner][\/vc_row_inner][vc_row_inner row_type=\u00bbrow\u00bb type=\u00bbfull_width\u00bb text_align=\u00bbleft\u00bb css_animation=\u00bb\u00bb][vc_column_inner]<div class=\"q_icon_list\"><span aria-hidden=\"true\" class=\"qode_icon_font_elegant arrow_right qode-ili-icon-holder transparent\" style=\"color: #009640;\" ><\/span><p style=\"color:#000000;font-size: 20px;font-weight: 300;\">Revisiones de Proyecto mediante:<\/p><\/div>[\/vc_column_inner][\/vc_row_inner][vc_row_inner row_type=\u00bbrow\u00bb type=\u00bbfull_width\u00bb text_align=\u00bbleft\u00bb css_animation=\u00bb\u00bb css=\u00bb.vc_custom_1684689951031{margin-left: 20px !important;}\u00bb][vc_column_inner]<div class=\"q_icon_list\"><span aria-hidden=\"true\" class=\"qode_icon_font_elegant icon_circle-empty qode-ili-icon-holder transparent\" style=\"font-size: 10px;color: #000000;\" ><\/span><p style=\"color:#000000;font-size: 20px;font-weight: 300;\">PHSER: Project Health, Safety &amp; Environmental Review.<\/p><\/div><div class=\"q_icon_list\"><span aria-hidden=\"true\" class=\"qode_icon_font_elegant icon_circle-empty qode-ili-icon-holder transparent\" style=\"font-size: 10px;color: #000000;\" ><\/span><p style=\"color:#000000;font-size: 20px;font-weight: 300;\">T\u00e9cnicos HFE residentes.<\/p><\/div><div class=\"q_icon_list\"><span aria-hidden=\"true\" class=\"qode_icon_font_elegant icon_circle-empty qode-ili-icon-holder transparent\" style=\"font-size: 10px;color: #000000;\" ><\/span><p style=\"color:#000000;font-size: 20px;font-weight: 300;\">Sesiones HFE en instalaciones del cliente \/ Ingenier\u00eda.<\/p><\/div>[\/vc_column_inner][\/vc_row_inner][vc_row_inner row_type=\u00bbrow\u00bb type=\u00bbfull_width\u00bb text_align=\u00bbleft\u00bb css_animation=\u00bb\u00bb][vc_column_inner]<div class=\"q_icon_list\"><span aria-hidden=\"true\" class=\"qode_icon_font_elegant arrow_right qode-ili-icon-holder transparent\" style=\"color: #009640;\" ><\/span><p style=\"color:#000000;font-size: 20px;font-weight: 300;\">HAZCON \/ HAZDEM \/ SIMOP.<\/p><\/div><div class=\"q_icon_list\"><span aria-hidden=\"true\" class=\"qode_icon_font_elegant arrow_right qode-ili-icon-holder transparent\" style=\"color: #009640;\" ><\/span><p style=\"color:#000000;font-size: 20px;font-weight: 300;\">Auditor\u00edas pre \u2013 Commissioning.<\/p><\/div>[\/vc_column_inner][\/vc_row_inner][vc_row_inner row_type=\u00bbrow\u00bb type=\u00bbfull_width\u00bb text_align=\u00bbleft\u00bb css_animation=\u00bb\u00bb][vc_column_inner][vc_single_image image=\u00bb12980&#8243; img_size=\u00bbfull\u00bb alignment=\u00bbcenter\u00bb qode_css_animation=\u00bb\u00bb][vc_empty_space height=\u00bb20px\u00bb][\/vc_column_inner][\/vc_row_inner][vc_row_inner row_type=\u00bbrow\u00bb type=\u00bbfull_width\u00bb text_align=\u00bbleft\u00bb css_animation=\u00bb\u00bb][vc_column_inner][vc_empty_space height=\u00bb50px\u00bb]<div class=\"custom_font_holder \" style=\" font-style: normal; font-weight: 300; color: #009640; text-decoration: none; text-align: left; --qode-cf-font-size: 35px; --qode-cf-line-height: 40px; --qode-cf-font-size-1440: 35px; --qode-cf-line-height-1440: 40px; --qode-cf-font-size-1366: 35px; --qode-cf-line-height-1366: 40px; --qode-cf-font-size-1280: 35px; --qode-cf-line-height-1280: 40px; --qode-cf-font-size-1024: 35px; --qode-cf-line-height-1024: 40px; --qode-cf-font-size-768: 35px; --qode-cf-line-height-768: 40px; --qode-cf-font-size-680: 35px; --qode-cf-line-height-680: 40px; --qode-cf-font-size-480: 35px; --qode-cf-line-height-480: 40px;\">Human Factors Engineering<\/div>[vc_empty_space height=\u00bb20px\u00bb][vc_single_image image=\u00bb7364&#8243; img_size=\u00bbfull\u00bb alignment=\u00bbcenter\u00bb onclick=\u00bbcustom_link\u00bb img_link_target=\u00bb_blank\u00bb qode_css_animation=\u00bb\u00bb link=\u00bbhttps:\/\/youtu.be\/aK-zTagx7kI\u00bb][vc_empty_space height=\u00bb50px\u00bb][\/vc_column_inner][\/vc_row_inner][\/vc_column][vc_column width=\u00bb1\/4&#8243;][vc_widget_sidebar sidebar_id=\u00bbSeg y Prev &#8211; PRL Pablo Navarro\u00bb][\/vc_column][\/vc_row][vc_row css_animation=\u00bb\u00bb row_type=\u00bbrow\u00bb use_row_as_full_screen_section=\u00bbno\u00bb type=\u00bbfull_width\u00bb angled_section=\u00bbno\u00bb text_align=\u00bbleft\u00bb background_image_as_pattern=\u00bbwithout_pattern\u00bb][vc_column][vc_empty_space height=\u00bb70px\u00bb][\/vc_column][\/vc_row]<\/p>\n<\/div>","protected":false},"excerpt":{"rendered":"<p>[vc_row css_animation=\u00bb\u00bb row_type=\u00bbrow\u00bb use_row_as_full_screen_section=\u00bbno\u00bb type=\u00bbfull_width\u00bb angled_section=\u00bbno\u00bb text_align=\u00bbleft\u00bb background_image_as_pattern=\u00bbwithout_pattern\u00bb][vc_column][vc_empty_space height=\u00bb80px\u00bb][vc_row_inner row_type=\u00bbrow\u00bb type=\u00bbfull_width\u00bb text_align=\u00bbleft\u00bb css_animation=\u00bb\u00bb][vc_column_inner][vc_column_text] Realizamos la&#8230;<\/p>\n","protected":false},"author":1,"featured_media":12965,"parent":280,"menu_order":8,"comment_status":"closed","ping_status":"closed","template":"","meta":{"footnotes":""},"class_list":["post-1904","page","type-page","status-publish","has-post-thumbnail","hentry"],"yoast_head":"<!-- This site is optimized with the Yoast SEO plugin v26.4 - https:\/\/yoast.com\/wordpress\/plugins\/seo\/ -->\n<title>Human Factors Engineering - INERCO<\/title>\n<meta name=\"description\" content=\"INERCO ofrece servicios Human Factos Engineering\" \/>\n<meta name=\"robots\" content=\"index, follow, max-snippet:-1, max-image-preview:large, max-video-preview:-1\" \/>\n<link rel=\"canonical\" href=\"https:\/\/www.inerco.com\/es\/seguridad-y-prevencion\/prevencion-de-riesgos-laborales\/human-factors-engineering\/\" \/>\n<meta property=\"og:locale\" content=\"es_ES\" \/>\n<meta property=\"og:type\" content=\"article\" \/>\n<meta property=\"og:title\" content=\"Human Factors Engineering - INERCO\" \/>\n<meta property=\"og:description\" content=\"INERCO ofrece servicios Human Factos Engineering\" \/>\n<meta property=\"og:url\" content=\"https:\/\/www.inerco.com\/es\/seguridad-y-prevencion\/prevencion-de-riesgos-laborales\/human-factors-engineering\/\" \/>\n<meta property=\"og:site_name\" content=\"INERCO\" \/>\n<meta property=\"article:modified_time\" content=\"2023-09-06T17:20:48+00:00\" \/>\n<meta property=\"og:image\" content=\"https:\/\/www.inerco.com\/wp-content\/uploads\/Human-Factos-Engineering.png\" \/>\n\t<meta property=\"og:image:width\" content=\"576\" \/>\n\t<meta property=\"og:image:height\" content=\"504\" \/>\n\t<meta property=\"og:image:type\" content=\"image\/png\" \/>\n<meta name=\"twitter:card\" content=\"summary_large_image\" \/>\n<meta name=\"twitter:site\" content=\"@Inerco_\" \/>\n<script type=\"application\/ld+json\" class=\"yoast-schema-graph\">{\"@context\":\"https:\/\/schema.org\",\"@graph\":[{\"@type\":\"WebPage\",\"@id\":\"https:\/\/www.inerco.com\/es\/seguridad-y-prevencion\/prevencion-de-riesgos-laborales\/human-factors-engineering\/\",\"url\":\"https:\/\/www.inerco.com\/es\/seguridad-y-prevencion\/prevencion-de-riesgos-laborales\/human-factors-engineering\/\",\"name\":\"Human Factors Engineering - INERCO\",\"isPartOf\":{\"@id\":\"https:\/\/www.inerco.com\/es\/#website\"},\"primaryImageOfPage\":{\"@id\":\"https:\/\/www.inerco.com\/es\/seguridad-y-prevencion\/prevencion-de-riesgos-laborales\/human-factors-engineering\/#primaryimage\"},\"image\":{\"@id\":\"https:\/\/www.inerco.com\/es\/seguridad-y-prevencion\/prevencion-de-riesgos-laborales\/human-factors-engineering\/#primaryimage\"},\"thumbnailUrl\":\"https:\/\/www.inerco.com\/wp-content\/uploads\/Human-Factos-Engineering.png\",\"datePublished\":\"2018-12-18T00:33:44+00:00\",\"dateModified\":\"2023-09-06T17:20:48+00:00\",\"description\":\"INERCO ofrece servicios Human Factos Engineering\",\"breadcrumb\":{\"@id\":\"https:\/\/www.inerco.com\/es\/seguridad-y-prevencion\/prevencion-de-riesgos-laborales\/human-factors-engineering\/#breadcrumb\"},\"inLanguage\":\"es\",\"potentialAction\":[{\"@type\":\"ReadAction\",\"target\":[\"https:\/\/www.inerco.com\/es\/seguridad-y-prevencion\/prevencion-de-riesgos-laborales\/human-factors-engineering\/\"]}]},{\"@type\":\"ImageObject\",\"inLanguage\":\"es\",\"@id\":\"https:\/\/www.inerco.com\/es\/seguridad-y-prevencion\/prevencion-de-riesgos-laborales\/human-factors-engineering\/#primaryimage\",\"url\":\"https:\/\/www.inerco.com\/wp-content\/uploads\/Human-Factos-Engineering.png\",\"contentUrl\":\"https:\/\/www.inerco.com\/wp-content\/uploads\/Human-Factos-Engineering.png\",\"width\":576,\"height\":504,\"caption\":\"INERCO Human Factos Engineering\"},{\"@type\":\"BreadcrumbList\",\"@id\":\"https:\/\/www.inerco.com\/es\/seguridad-y-prevencion\/prevencion-de-riesgos-laborales\/human-factors-engineering\/#breadcrumb\",\"itemListElement\":[{\"@type\":\"ListItem\",\"position\":1,\"name\":\"Home\",\"item\":\"https:\/\/www.inerco.com\/es\/\"},{\"@type\":\"ListItem\",\"position\":2,\"name\":\"Seguridad y Prevenci\u00f3n\",\"item\":\"https:\/\/www.inerco.com\/es\/seguridad-y-prevencion\/\"},{\"@type\":\"ListItem\",\"position\":3,\"name\":\"Prevenci\u00f3n de Riesgos Laborales\",\"item\":\"https:\/\/www.inerco.com\/es\/seguridad-y-prevencion\/prevencion-de-riesgos-laborales\/\"},{\"@type\":\"ListItem\",\"position\":4,\"name\":\"Human Factors Engineering\"}]},{\"@type\":\"WebSite\",\"@id\":\"https:\/\/www.inerco.com\/es\/#website\",\"url\":\"https:\/\/www.inerco.com\/es\/\",\"name\":\"INERCO\",\"description\":\"Tecnolog\u00eda, ingenier\u00eda y consultor\u00eda integral para el desarrollo industrial sostenible\",\"potentialAction\":[{\"@type\":\"SearchAction\",\"target\":{\"@type\":\"EntryPoint\",\"urlTemplate\":\"https:\/\/www.inerco.com\/es\/?s={search_term_string}\"},\"query-input\":{\"@type\":\"PropertyValueSpecification\",\"valueRequired\":true,\"valueName\":\"search_term_string\"}}],\"inLanguage\":\"es\"}]}<\/script>\n<!-- \/ Yoast SEO plugin. -->","yoast_head_json":{"title":"Human Factors Engineering - INERCO","description":"INERCO ofrece servicios Human Factos Engineering","robots":{"index":"index","follow":"follow","max-snippet":"max-snippet:-1","max-image-preview":"max-image-preview:large","max-video-preview":"max-video-preview:-1"},"canonical":"https:\/\/www.inerco.com\/es\/seguridad-y-prevencion\/prevencion-de-riesgos-laborales\/human-factors-engineering\/","og_locale":"es_ES","og_type":"article","og_title":"Human Factors Engineering - INERCO","og_description":"INERCO ofrece servicios Human Factos Engineering","og_url":"https:\/\/www.inerco.com\/es\/seguridad-y-prevencion\/prevencion-de-riesgos-laborales\/human-factors-engineering\/","og_site_name":"INERCO","article_modified_time":"2023-09-06T17:20:48+00:00","og_image":[{"width":576,"height":504,"url":"https:\/\/www.inerco.com\/wp-content\/uploads\/Human-Factos-Engineering.png","type":"image\/png"}],"twitter_card":"summary_large_image","twitter_site":"@Inerco_","schema":{"@context":"https:\/\/schema.org","@graph":[{"@type":"WebPage","@id":"https:\/\/www.inerco.com\/es\/seguridad-y-prevencion\/prevencion-de-riesgos-laborales\/human-factors-engineering\/","url":"https:\/\/www.inerco.com\/es\/seguridad-y-prevencion\/prevencion-de-riesgos-laborales\/human-factors-engineering\/","name":"Human Factors Engineering - INERCO","isPartOf":{"@id":"https:\/\/www.inerco.com\/es\/#website"},"primaryImageOfPage":{"@id":"https:\/\/www.inerco.com\/es\/seguridad-y-prevencion\/prevencion-de-riesgos-laborales\/human-factors-engineering\/#primaryimage"},"image":{"@id":"https:\/\/www.inerco.com\/es\/seguridad-y-prevencion\/prevencion-de-riesgos-laborales\/human-factors-engineering\/#primaryimage"},"thumbnailUrl":"https:\/\/www.inerco.com\/wp-content\/uploads\/Human-Factos-Engineering.png","datePublished":"2018-12-18T00:33:44+00:00","dateModified":"2023-09-06T17:20:48+00:00","description":"INERCO ofrece servicios Human Factos Engineering","breadcrumb":{"@id":"https:\/\/www.inerco.com\/es\/seguridad-y-prevencion\/prevencion-de-riesgos-laborales\/human-factors-engineering\/#breadcrumb"},"inLanguage":"es","potentialAction":[{"@type":"ReadAction","target":["https:\/\/www.inerco.com\/es\/seguridad-y-prevencion\/prevencion-de-riesgos-laborales\/human-factors-engineering\/"]}]},{"@type":"ImageObject","inLanguage":"es","@id":"https:\/\/www.inerco.com\/es\/seguridad-y-prevencion\/prevencion-de-riesgos-laborales\/human-factors-engineering\/#primaryimage","url":"https:\/\/www.inerco.com\/wp-content\/uploads\/Human-Factos-Engineering.png","contentUrl":"https:\/\/www.inerco.com\/wp-content\/uploads\/Human-Factos-Engineering.png","width":576,"height":504,"caption":"INERCO Human Factos Engineering"},{"@type":"BreadcrumbList","@id":"https:\/\/www.inerco.com\/es\/seguridad-y-prevencion\/prevencion-de-riesgos-laborales\/human-factors-engineering\/#breadcrumb","itemListElement":[{"@type":"ListItem","position":1,"name":"Home","item":"https:\/\/www.inerco.com\/es\/"},{"@type":"ListItem","position":2,"name":"Seguridad y Prevenci\u00f3n","item":"https:\/\/www.inerco.com\/es\/seguridad-y-prevencion\/"},{"@type":"ListItem","position":3,"name":"Prevenci\u00f3n de Riesgos Laborales","item":"https:\/\/www.inerco.com\/es\/seguridad-y-prevencion\/prevencion-de-riesgos-laborales\/"},{"@type":"ListItem","position":4,"name":"Human Factors Engineering"}]},{"@type":"WebSite","@id":"https:\/\/www.inerco.com\/es\/#website","url":"https:\/\/www.inerco.com\/es\/","name":"INERCO","description":"Tecnolog\u00eda, ingenier\u00eda y consultor\u00eda integral para el desarrollo industrial sostenible","potentialAction":[{"@type":"SearchAction","target":{"@type":"EntryPoint","urlTemplate":"https:\/\/www.inerco.com\/es\/?s={search_term_string}"},"query-input":{"@type":"PropertyValueSpecification","valueRequired":true,"valueName":"search_term_string"}}],"inLanguage":"es"}]}},"_links":{"self":[{"href":"https:\/\/www.inerco.com\/es\/wp-json\/wp\/v2\/pages\/1904","targetHints":{"allow":["GET"]}}],"collection":[{"href":"https:\/\/www.inerco.com\/es\/wp-json\/wp\/v2\/pages"}],"about":[{"href":"https:\/\/www.inerco.com\/es\/wp-json\/wp\/v2\/types\/page"}],"author":[{"embeddable":true,"href":"https:\/\/www.inerco.com\/es\/wp-json\/wp\/v2\/users\/1"}],"replies":[{"embeddable":true,"href":"https:\/\/www.inerco.com\/es\/wp-json\/wp\/v2\/comments?post=1904"}],"version-history":[{"count":10,"href":"https:\/\/www.inerco.com\/es\/wp-json\/wp\/v2\/pages\/1904\/revisions"}],"predecessor-version":[{"id":13065,"href":"https:\/\/www.inerco.com\/es\/wp-json\/wp\/v2\/pages\/1904\/revisions\/13065"}],"up":[{"embeddable":true,"href":"https:\/\/www.inerco.com\/es\/wp-json\/wp\/v2\/pages\/280"}],"wp:featuredmedia":[{"embeddable":true,"href":"https:\/\/www.inerco.com\/es\/wp-json\/wp\/v2\/media\/12965"}],"wp:attachment":[{"href":"https:\/\/www.inerco.com\/es\/wp-json\/wp\/v2\/media?parent=1904"}],"curies":[{"name":"wp","href":"https:\/\/api.w.org\/{rel}","templated":true}]}}