{"id":1855,"date":"2018-12-18T00:18:54","date_gmt":"2018-12-17T23:18:54","guid":{"rendered":"http:\/\/82.194.72.70\/?page_id=1855"},"modified":"2023-09-06T19:18:03","modified_gmt":"2023-09-06T17:18:03","slug":"proyectos-de-sistemas-de-security","status":"publish","type":"page","link":"https:\/\/www.inerco.com\/es\/seguridad-y-prevencion\/security\/proyectos-de-sistemas-de-security\/","title":{"rendered":"Proyectos de Sistemas de Security"},"content":{"rendered":"<div class=\"wpb-content-wrapper\"><p>[vc_row css_animation=\u00bb\u00bb row_type=\u00bbrow\u00bb use_row_as_full_screen_section=\u00bbno\u00bb type=\u00bbfull_width\u00bb angled_section=\u00bbno\u00bb text_align=\u00bbleft\u00bb background_image_as_pattern=\u00bbwithout_pattern\u00bb][vc_column][vc_empty_space height=\u00bb70px\u00bb][\/vc_column][\/vc_row][vc_row css_animation=\u00bb\u00bb row_type=\u00bbrow\u00bb use_row_as_full_screen_section=\u00bbno\u00bb type=\u00bbgrid\u00bb angled_section=\u00bbno\u00bb text_align=\u00bbleft\u00bb background_image_as_pattern=\u00bbwithout_pattern\u00bb z_index=\u00bb\u00bb css=\u00bb.vc_custom_1518611434899{padding-top: 25px !important;}\u00bb][vc_column width=\u00bb3\/4&#8243;][vc_row_inner row_type=\u00bbrow\u00bb type=\u00bbfull_width\u00bb text_align=\u00bbleft\u00bb css_animation=\u00bb\u00bb][vc_column_inner]<div class=\"custom_font_holder \" style=\" font-style: normal; font-weight: 300; color: #009640; text-decoration: none; text-align: left; --qode-cf-font-size: 30px; --qode-cf-line-height: 35px; --qode-cf-font-size-1440: 30px; --qode-cf-line-height-1440: 35px; --qode-cf-font-size-1366: 30px; --qode-cf-line-height-1366: 35px; --qode-cf-font-size-1280: 30px; --qode-cf-line-height-1280: 35px; --qode-cf-font-size-1024: 30px; --qode-cf-line-height-1024: 35px; --qode-cf-font-size-768: 30px; --qode-cf-line-height-768: 35px; --qode-cf-font-size-680: 30px; --qode-cf-line-height-680: 35px; --qode-cf-font-size-480: 30px; --qode-cf-line-height-480: 35px;\"><strong>Auditor\u00edas de Sistemas de Seguridad<\/strong><\/div>[vc_empty_space height=\u00bb50px\u00bb][vc_single_image image=\u00bb1856&#8243; img_size=\u00bbfull\u00bb alignment=\u00bbcenter\u00bb qode_css_animation=\u00bb\u00bb][vc_empty_space height=\u00bb70px\u00bb][\/vc_column_inner][\/vc_row_inner][vc_row_inner row_type=\u00bbrow\u00bb type=\u00bbfull_width\u00bb text_align=\u00bbleft\u00bb css_animation=\u00bb\u00bb][vc_column_inner]<div class=\"custom_font_holder \" style=\" font-style: normal; font-weight: 300; color: #009640; text-decoration: none; text-align: left; --qode-cf-font-size: 30px; --qode-cf-line-height: 35px; --qode-cf-font-size-1440: 30px; --qode-cf-line-height-1440: 35px; --qode-cf-font-size-1366: 30px; --qode-cf-line-height-1366: 35px; --qode-cf-font-size-1280: 30px; --qode-cf-line-height-1280: 35px; --qode-cf-font-size-1024: 30px; --qode-cf-line-height-1024: 35px; --qode-cf-font-size-768: 30px; --qode-cf-line-height-768: 35px; --qode-cf-font-size-680: 30px; --qode-cf-line-height-680: 35px; --qode-cf-font-size-480: 30px; --qode-cf-line-height-480: 35px;\"><strong>Redacci\u00f3n de Proyectos de Sistemas de Seguridad<\/strong><\/div>[vc_empty_space height=\u00bb50px\u00bb][vc_single_image image=\u00bb1858&#8243; img_size=\u00bbfull\u00bb alignment=\u00bbcenter\u00bb qode_css_animation=\u00bb\u00bb][vc_empty_space height=\u00bb70px\u00bb][\/vc_column_inner][\/vc_row_inner][vc_row_inner row_type=\u00bbrow\u00bb type=\u00bbfull_width\u00bb text_align=\u00bbleft\u00bb css_animation=\u00bb\u00bb][vc_column_inner]<div class=\"custom_font_holder \" style=\" font-style: normal; font-weight: 300; color: #009640; text-decoration: none; text-align: left; --qode-cf-font-size: 30px; --qode-cf-line-height: 35px; --qode-cf-font-size-1440: 30px; --qode-cf-line-height-1440: 35px; --qode-cf-font-size-1366: 30px; --qode-cf-line-height-1366: 35px; --qode-cf-font-size-1280: 30px; --qode-cf-line-height-1280: 35px; --qode-cf-font-size-1024: 30px; --qode-cf-line-height-1024: 35px; --qode-cf-font-size-768: 30px; --qode-cf-line-height-768: 35px; --qode-cf-font-size-680: 30px; --qode-cf-line-height-680: 35px; --qode-cf-font-size-480: 30px; --qode-cf-line-height-480: 35px;\"><strong>Direcci\u00f3n de obra de Instalaciones de Sistemas de Seguridad<\/strong><\/div>[vc_empty_space height=\u00bb50px\u00bb][vc_single_image image=\u00bb1857&#8243; img_size=\u00bbfull\u00bb alignment=\u00bbcenter\u00bb qode_css_animation=\u00bb\u00bb][vc_empty_space height=\u00bb50px\u00bb][\/vc_column_inner][\/vc_row_inner][\/vc_column][vc_column width=\u00bb1\/4&#8243;][vc_widget_sidebar sidebar_id=\u00bbSecurity\u00bb][\/vc_column][\/vc_row][vc_row css_animation=\u00bb\u00bb row_type=\u00bbrow\u00bb use_row_as_full_screen_section=\u00bbno\u00bb type=\u00bbfull_width\u00bb angled_section=\u00bbno\u00bb text_align=\u00bbleft\u00bb background_image_as_pattern=\u00bbwithout_pattern\u00bb][vc_column][vc_empty_space height=\u00bb50px\u00bb][\/vc_column][\/vc_row]<\/p>\n<\/div>","protected":false},"excerpt":{"rendered":"<p>[vc_row css_animation=\u00bb\u00bb row_type=\u00bbrow\u00bb use_row_as_full_screen_section=\u00bbno\u00bb type=\u00bbfull_width\u00bb angled_section=\u00bbno\u00bb text_align=\u00bbleft\u00bb background_image_as_pattern=\u00bbwithout_pattern\u00bb][vc_column][vc_empty_space height=\u00bb70px\u00bb][\/vc_column][\/vc_row][vc_row css_animation=\u00bb\u00bb row_type=\u00bbrow\u00bb use_row_as_full_screen_section=\u00bbno\u00bb type=\u00bbgrid\u00bb angled_section=\u00bbno\u00bb text_align=\u00bbleft\u00bb&#8230;<\/p>\n","protected":false},"author":1,"featured_media":0,"parent":1842,"menu_order":2,"comment_status":"closed","ping_status":"closed","template":"","meta":{"footnotes":""},"class_list":["post-1855","page","type-page","status-publish","hentry"],"yoast_head":"<!-- This site is optimized with the Yoast SEO plugin v26.4 - https:\/\/yoast.com\/wordpress\/plugins\/seo\/ -->\n<title>Proyectos de Sistemas de Security - INERCO<\/title>\n<meta name=\"robots\" content=\"index, follow, max-snippet:-1, max-image-preview:large, max-video-preview:-1\" \/>\n<link rel=\"canonical\" href=\"https:\/\/www.inerco.com\/es\/seguridad-y-prevencion\/security\/proyectos-de-sistemas-de-security\/\" \/>\n<meta property=\"og:locale\" content=\"es_ES\" \/>\n<meta property=\"og:type\" content=\"article\" \/>\n<meta property=\"og:title\" content=\"Proyectos de Sistemas de Security - INERCO\" \/>\n<meta property=\"og:description\" content=\"[vc_row css_animation=\u00bb\u00bb row_type=\u00bbrow\u00bb use_row_as_full_screen_section=\u00bbno\u00bb type=\u00bbfull_width\u00bb angled_section=\u00bbno\u00bb text_align=\u00bbleft\u00bb background_image_as_pattern=\u00bbwithout_pattern\u00bb][vc_column][vc_empty_space height=\u00bb70px\u00bb][\/vc_column][\/vc_row][vc_row css_animation=\u00bb\u00bb row_type=\u00bbrow\u00bb use_row_as_full_screen_section=\u00bbno\u00bb type=\u00bbgrid\u00bb angled_section=\u00bbno\u00bb text_align=\u00bbleft\u00bb...\" \/>\n<meta property=\"og:url\" content=\"https:\/\/www.inerco.com\/es\/seguridad-y-prevencion\/security\/proyectos-de-sistemas-de-security\/\" \/>\n<meta property=\"og:site_name\" content=\"INERCO\" \/>\n<meta property=\"article:modified_time\" content=\"2023-09-06T17:18:03+00:00\" \/>\n<meta name=\"twitter:card\" content=\"summary_large_image\" \/>\n<meta name=\"twitter:site\" content=\"@Inerco_\" \/>\n<script type=\"application\/ld+json\" class=\"yoast-schema-graph\">{\"@context\":\"https:\/\/schema.org\",\"@graph\":[{\"@type\":\"WebPage\",\"@id\":\"https:\/\/www.inerco.com\/es\/seguridad-y-prevencion\/security\/proyectos-de-sistemas-de-security\/\",\"url\":\"https:\/\/www.inerco.com\/es\/seguridad-y-prevencion\/security\/proyectos-de-sistemas-de-security\/\",\"name\":\"Proyectos de Sistemas de Security - INERCO\",\"isPartOf\":{\"@id\":\"https:\/\/www.inerco.com\/es\/#website\"},\"datePublished\":\"2018-12-17T23:18:54+00:00\",\"dateModified\":\"2023-09-06T17:18:03+00:00\",\"breadcrumb\":{\"@id\":\"https:\/\/www.inerco.com\/es\/seguridad-y-prevencion\/security\/proyectos-de-sistemas-de-security\/#breadcrumb\"},\"inLanguage\":\"es\",\"potentialAction\":[{\"@type\":\"ReadAction\",\"target\":[\"https:\/\/www.inerco.com\/es\/seguridad-y-prevencion\/security\/proyectos-de-sistemas-de-security\/\"]}]},{\"@type\":\"BreadcrumbList\",\"@id\":\"https:\/\/www.inerco.com\/es\/seguridad-y-prevencion\/security\/proyectos-de-sistemas-de-security\/#breadcrumb\",\"itemListElement\":[{\"@type\":\"ListItem\",\"position\":1,\"name\":\"Home\",\"item\":\"https:\/\/www.inerco.com\/es\/\"},{\"@type\":\"ListItem\",\"position\":2,\"name\":\"Seguridad y Prevenci\u00f3n\",\"item\":\"https:\/\/www.inerco.com\/es\/seguridad-y-prevencion\/\"},{\"@type\":\"ListItem\",\"position\":3,\"name\":\"Security\",\"item\":\"https:\/\/www.inerco.com\/es\/seguridad-y-prevencion\/security\/\"},{\"@type\":\"ListItem\",\"position\":4,\"name\":\"Proyectos de Sistemas de Security\"}]},{\"@type\":\"WebSite\",\"@id\":\"https:\/\/www.inerco.com\/es\/#website\",\"url\":\"https:\/\/www.inerco.com\/es\/\",\"name\":\"INERCO\",\"description\":\"Tecnolog\u00eda, ingenier\u00eda y consultor\u00eda integral para el desarrollo industrial sostenible\",\"potentialAction\":[{\"@type\":\"SearchAction\",\"target\":{\"@type\":\"EntryPoint\",\"urlTemplate\":\"https:\/\/www.inerco.com\/es\/?s={search_term_string}\"},\"query-input\":{\"@type\":\"PropertyValueSpecification\",\"valueRequired\":true,\"valueName\":\"search_term_string\"}}],\"inLanguage\":\"es\"}]}<\/script>\n<!-- \/ Yoast SEO plugin. -->","yoast_head_json":{"title":"Proyectos de Sistemas de Security - INERCO","robots":{"index":"index","follow":"follow","max-snippet":"max-snippet:-1","max-image-preview":"max-image-preview:large","max-video-preview":"max-video-preview:-1"},"canonical":"https:\/\/www.inerco.com\/es\/seguridad-y-prevencion\/security\/proyectos-de-sistemas-de-security\/","og_locale":"es_ES","og_type":"article","og_title":"Proyectos de Sistemas de Security - INERCO","og_description":"[vc_row css_animation=\u00bb\u00bb row_type=\u00bbrow\u00bb use_row_as_full_screen_section=\u00bbno\u00bb type=\u00bbfull_width\u00bb angled_section=\u00bbno\u00bb text_align=\u00bbleft\u00bb background_image_as_pattern=\u00bbwithout_pattern\u00bb][vc_column][vc_empty_space height=\u00bb70px\u00bb][\/vc_column][\/vc_row][vc_row css_animation=\u00bb\u00bb row_type=\u00bbrow\u00bb use_row_as_full_screen_section=\u00bbno\u00bb type=\u00bbgrid\u00bb angled_section=\u00bbno\u00bb text_align=\u00bbleft\u00bb...","og_url":"https:\/\/www.inerco.com\/es\/seguridad-y-prevencion\/security\/proyectos-de-sistemas-de-security\/","og_site_name":"INERCO","article_modified_time":"2023-09-06T17:18:03+00:00","twitter_card":"summary_large_image","twitter_site":"@Inerco_","schema":{"@context":"https:\/\/schema.org","@graph":[{"@type":"WebPage","@id":"https:\/\/www.inerco.com\/es\/seguridad-y-prevencion\/security\/proyectos-de-sistemas-de-security\/","url":"https:\/\/www.inerco.com\/es\/seguridad-y-prevencion\/security\/proyectos-de-sistemas-de-security\/","name":"Proyectos de Sistemas de Security - INERCO","isPartOf":{"@id":"https:\/\/www.inerco.com\/es\/#website"},"datePublished":"2018-12-17T23:18:54+00:00","dateModified":"2023-09-06T17:18:03+00:00","breadcrumb":{"@id":"https:\/\/www.inerco.com\/es\/seguridad-y-prevencion\/security\/proyectos-de-sistemas-de-security\/#breadcrumb"},"inLanguage":"es","potentialAction":[{"@type":"ReadAction","target":["https:\/\/www.inerco.com\/es\/seguridad-y-prevencion\/security\/proyectos-de-sistemas-de-security\/"]}]},{"@type":"BreadcrumbList","@id":"https:\/\/www.inerco.com\/es\/seguridad-y-prevencion\/security\/proyectos-de-sistemas-de-security\/#breadcrumb","itemListElement":[{"@type":"ListItem","position":1,"name":"Home","item":"https:\/\/www.inerco.com\/es\/"},{"@type":"ListItem","position":2,"name":"Seguridad y Prevenci\u00f3n","item":"https:\/\/www.inerco.com\/es\/seguridad-y-prevencion\/"},{"@type":"ListItem","position":3,"name":"Security","item":"https:\/\/www.inerco.com\/es\/seguridad-y-prevencion\/security\/"},{"@type":"ListItem","position":4,"name":"Proyectos de Sistemas de Security"}]},{"@type":"WebSite","@id":"https:\/\/www.inerco.com\/es\/#website","url":"https:\/\/www.inerco.com\/es\/","name":"INERCO","description":"Tecnolog\u00eda, ingenier\u00eda y consultor\u00eda integral para el desarrollo industrial sostenible","potentialAction":[{"@type":"SearchAction","target":{"@type":"EntryPoint","urlTemplate":"https:\/\/www.inerco.com\/es\/?s={search_term_string}"},"query-input":{"@type":"PropertyValueSpecification","valueRequired":true,"valueName":"search_term_string"}}],"inLanguage":"es"}]}},"_links":{"self":[{"href":"https:\/\/www.inerco.com\/es\/wp-json\/wp\/v2\/pages\/1855","targetHints":{"allow":["GET"]}}],"collection":[{"href":"https:\/\/www.inerco.com\/es\/wp-json\/wp\/v2\/pages"}],"about":[{"href":"https:\/\/www.inerco.com\/es\/wp-json\/wp\/v2\/types\/page"}],"author":[{"embeddable":true,"href":"https:\/\/www.inerco.com\/es\/wp-json\/wp\/v2\/users\/1"}],"replies":[{"embeddable":true,"href":"https:\/\/www.inerco.com\/es\/wp-json\/wp\/v2\/comments?post=1855"}],"version-history":[{"count":4,"href":"https:\/\/www.inerco.com\/es\/wp-json\/wp\/v2\/pages\/1855\/revisions"}],"predecessor-version":[{"id":5160,"href":"https:\/\/www.inerco.com\/es\/wp-json\/wp\/v2\/pages\/1855\/revisions\/5160"}],"up":[{"embeddable":true,"href":"https:\/\/www.inerco.com\/es\/wp-json\/wp\/v2\/pages\/1842"}],"wp:attachment":[{"href":"https:\/\/www.inerco.com\/es\/wp-json\/wp\/v2\/media?parent=1855"}],"curies":[{"name":"wp","href":"https:\/\/api.w.org\/{rel}","templated":true}]}}