{"id":1853,"date":"2018-12-18T00:14:29","date_gmt":"2018-12-17T23:14:29","guid":{"rendered":"http:\/\/82.194.72.70\/?page_id=1853"},"modified":"2023-09-06T19:17:54","modified_gmt":"2023-09-06T17:17:54","slug":"departamentos-de-security","status":"publish","type":"page","link":"https:\/\/www.inerco.com\/es\/seguridad-y-prevencion\/security\/departamentos-de-security\/","title":{"rendered":"Departamentos de Security"},"content":{"rendered":"<div class=\"wpb-content-wrapper\"><p>[vc_row css_animation=\u00bb\u00bb row_type=\u00bbrow\u00bb use_row_as_full_screen_section=\u00bbno\u00bb type=\u00bbfull_width\u00bb angled_section=\u00bbno\u00bb text_align=\u00bbleft\u00bb background_image_as_pattern=\u00bbwithout_pattern\u00bb][vc_column][vc_empty_space height=\u00bb70px\u00bb][\/vc_column][\/vc_row][vc_row css_animation=\u00bb\u00bb row_type=\u00bbrow\u00bb use_row_as_full_screen_section=\u00bbno\u00bb type=\u00bbgrid\u00bb angled_section=\u00bbno\u00bb text_align=\u00bbleft\u00bb background_image_as_pattern=\u00bbwithout_pattern\u00bb z_index=\u00bb\u00bb css=\u00bb.vc_custom_1518611434899{padding-top: 25px !important;}\u00bb][vc_column width=\u00bb3\/4&#8243;][vc_row_inner row_type=\u00bbrow\u00bb type=\u00bbfull_width\u00bb text_align=\u00bbleft\u00bb css_animation=\u00bb\u00bb][vc_column_inner]<div class=\"custom_font_holder \" style=\" font-style: normal; font-weight: 300; color: #009640; text-decoration: none; text-align: left; --qode-cf-font-size: 30px; --qode-cf-line-height: 35px; --qode-cf-font-size-1440: 30px; --qode-cf-line-height-1440: 35px; --qode-cf-font-size-1366: 30px; --qode-cf-line-height-1366: 35px; --qode-cf-font-size-1280: 30px; --qode-cf-line-height-1280: 35px; --qode-cf-font-size-1024: 30px; --qode-cf-line-height-1024: 35px; --qode-cf-font-size-768: 30px; --qode-cf-line-height-768: 35px; --qode-cf-font-size-680: 30px; --qode-cf-line-height-680: 35px; --qode-cf-font-size-480: 30px; --qode-cf-line-height-480: 35px;\">Sistemas de Gobierno y Gesti\u00f3n de Security<\/div>[vc_empty_space height=\u00bb50px\u00bb]<div class=\"q_icon_list\"><span aria-hidden=\"true\" class=\"qode_icon_font_elegant arrow_right qode-ili-icon-holder transparent\" style=\"color: #009640;\" ><\/span><p style=\"color:#000000;\">Pol\u00edticas de Security.<\/p><\/div><div class=\"q_icon_list\"><span aria-hidden=\"true\" class=\"qode_icon_font_elegant arrow_right qode-ili-icon-holder transparent\" style=\"color: #009640;\" ><\/span><p style=\"color:#000000;\">ISO 31000.<\/p><\/div><div class=\"q_icon_list\"><span aria-hidden=\"true\" class=\"qode_icon_font_elegant arrow_right qode-ili-icon-holder transparent\" style=\"color: #009640;\" ><\/span><p style=\"color:#000000;\">Dise\u00f1o e implantaci\u00f3n de modelos de gesti\u00f3n de Security.<\/p><\/div><div class=\"q_icon_list\"><span aria-hidden=\"true\" class=\"qode_icon_font_elegant arrow_right qode-ili-icon-holder transparent\" style=\"color: #009640;\" ><\/span><p style=\"color:#000000;\">An\u00e1lisis de riesgos, criterios de protecci\u00f3n, m\u00e9tricas de desempe\u00f1o, etc., para su aplicaci\u00f3n al conjunto de activos.<\/p><\/div><div class=\"q_icon_list\"><span aria-hidden=\"true\" class=\"qode_icon_font_elegant arrow_right qode-ili-icon-holder transparent\" style=\"color: #009640;\" ><\/span><p style=\"color:#000000;\">Planificaci\u00f3n de gastos e inversiones.<\/p><\/div><div class=\"q_icon_list\"><span aria-hidden=\"true\" class=\"qode_icon_font_elegant arrow_right qode-ili-icon-holder transparent\" style=\"color: #009640;\" ><\/span><p style=\"color:#000000;\">Integraci\u00f3n: Seguridad F\u00edsica + Ciberseguridad.<\/p><\/div>[vc_empty_space height=\u00bb50px\u00bb][\/vc_column_inner][\/vc_row_inner][vc_row_inner row_type=\u00bbrow\u00bb type=\u00bbfull_width\u00bb text_align=\u00bbleft\u00bb css_animation=\u00bb\u00bb][vc_column_inner]<div class=\"custom_font_holder \" style=\" font-style: normal; font-weight: 300; color: #009640; text-decoration: none; text-align: left; --qode-cf-font-size: 30px; --qode-cf-line-height: 35px; --qode-cf-font-size-1440: 30px; --qode-cf-line-height-1440: 35px; --qode-cf-font-size-1366: 30px; --qode-cf-line-height-1366: 35px; --qode-cf-font-size-1280: 30px; --qode-cf-line-height-1280: 35px; --qode-cf-font-size-1024: 30px; --qode-cf-line-height-1024: 35px; --qode-cf-font-size-768: 30px; --qode-cf-line-height-768: 35px; --qode-cf-font-size-680: 30px; --qode-cf-line-height-680: 35px; --qode-cf-font-size-480: 30px; --qode-cf-line-height-480: 35px;\">Planificaci\u00f3n de la Seguridad\u00a0F\u00edsica<\/div>[vc_empty_space height=\u00bb50px\u00bb]<div class=\"q_icon_list\"><span aria-hidden=\"true\" class=\"qode_icon_font_elegant arrow_right qode-ili-icon-holder transparent\" style=\"color: #009640;\" ><\/span><p style=\"color:#000000;\">Auditor\u00eda de la Organizaci\u00f3n de la Seguridad de los activos.<\/p><\/div><div class=\"q_icon_list\"><span aria-hidden=\"true\" class=\"qode_icon_font_elegant arrow_right qode-ili-icon-holder transparent\" style=\"color: #009640;\" ><\/span><p style=\"color:#000000;\">An\u00e1lisis de Riesgos, criterios de protecci\u00f3n + propuesta de medidas (t\u00e9cnicas y organizativas).<\/p><\/div><div class=\"q_icon_list\"><span aria-hidden=\"true\" class=\"qode_icon_font_elegant arrow_right qode-ili-icon-holder transparent\" style=\"color: #009640;\" ><\/span><p style=\"color:#000000;\">Planificaci\u00f3n de inversiones y gastos.<\/p><\/div>[vc_empty_space height=\u00bb50px\u00bb][\/vc_column_inner][\/vc_row_inner][vc_row_inner row_type=\u00bbrow\u00bb type=\u00bbfull_width\u00bb text_align=\u00bbleft\u00bb css_animation=\u00bb\u00bb][vc_column_inner]<div class=\"custom_font_holder \" style=\" font-style: normal; font-weight: 300; color: #009640; text-decoration: none; text-align: left; --qode-cf-font-size: 30px; --qode-cf-line-height: 35px; --qode-cf-font-size-1440: 30px; --qode-cf-line-height-1440: 35px; --qode-cf-font-size-1366: 30px; --qode-cf-line-height-1366: 35px; --qode-cf-font-size-1280: 30px; --qode-cf-line-height-1280: 35px; --qode-cf-font-size-1024: 30px; --qode-cf-line-height-1024: 35px; --qode-cf-font-size-768: 30px; --qode-cf-line-height-768: 35px; --qode-cf-font-size-680: 30px; --qode-cf-line-height-680: 35px; --qode-cf-font-size-480: 30px; --qode-cf-line-height-480: 35px;\">Consultor\u00eda PIC para Infraestructuras Cr\u00edticas<\/div>[vc_empty_space height=\u00bb50px\u00bb]<div class=\"q_icon_list\"><span aria-hidden=\"true\" class=\"qode_icon_font_elegant arrow_right qode-ili-icon-holder transparent\" style=\"color: #009640;\" ><\/span><p style=\"color:#000000;\">Redacci\u00f3n de documentos exigidos por el CNPIC: PSO y PPE.<\/p><\/div><div class=\"q_icon_list\"><span aria-hidden=\"true\" class=\"qode_icon_font_elegant arrow_right qode-ili-icon-holder transparent\" style=\"color: #009640;\" ><\/span><p style=\"color:#000000;\">Adaptaci\u00f3n de an\u00e1lisis de riesgos f\u00edsicos y l\u00f3gicos a modelo unificado.<\/p><\/div><div class=\"q_icon_list\"><span aria-hidden=\"true\" class=\"qode_icon_font_elegant arrow_right qode-ili-icon-holder transparent\" style=\"color: #009640;\" ><\/span><p style=\"color:#000000;\">\u00danico an\u00e1lisis de riesgos realmente integral del mercado.<\/p><\/div><div class=\"q_icon_list\"><span aria-hidden=\"true\" class=\"qode_icon_font_elegant arrow_right qode-ili-icon-holder transparent\" style=\"color: #009640;\" ><\/span><p style=\"color:#000000;\">Soporte al departamento de Seguridad en desarrollo de documentaci\u00f3n relacionada.<\/p><\/div><div class=\"q_icon_list\"><span aria-hidden=\"true\" class=\"qode_icon_font_elegant arrow_right qode-ili-icon-holder transparent\" style=\"color: #009640;\" ><\/span><p style=\"color:#000000;\">Experiencia en todos los sectores PIC.<\/p><\/div>[vc_empty_space height=\u00bb50px\u00bb][\/vc_column_inner][\/vc_row_inner][vc_row_inner row_type=\u00bbrow\u00bb type=\u00bbfull_width\u00bb text_align=\u00bbleft\u00bb css_animation=\u00bb\u00bb][vc_column_inner]<div class=\"custom_font_holder \" style=\" font-style: normal; font-weight: 300; color: #009640; text-decoration: none; text-align: left; --qode-cf-font-size: 30px; --qode-cf-line-height: 35px; --qode-cf-font-size-1440: 30px; --qode-cf-line-height-1440: 35px; --qode-cf-font-size-1366: 30px; --qode-cf-line-height-1366: 35px; --qode-cf-font-size-1280: 30px; --qode-cf-line-height-1280: 35px; --qode-cf-font-size-1024: 30px; --qode-cf-line-height-1024: 35px; --qode-cf-font-size-768: 30px; --qode-cf-line-height-768: 35px; --qode-cf-font-size-680: 30px; --qode-cf-line-height-680: 35px; --qode-cf-font-size-480: 30px; --qode-cf-line-height-480: 35px;\">Plataforma Gesti\u00f3n de Riesgos GR2sec-Global Suite<\/div>[vc_empty_space height=\u00bb50px\u00bb]<div class=\"q_icon_list\"><span aria-hidden=\"true\" class=\"qode_icon_font_elegant arrow_right qode-ili-icon-holder transparent\" style=\"color: #009640;\" ><\/span><p style=\"color:#000000;\">Plataforma de Gesti\u00f3n de Riesgos de Security (origen f\u00edsico o cibern\u00e9tico).<\/p><\/div><div class=\"q_icon_list\"><span aria-hidden=\"true\" class=\"qode_icon_font_elegant arrow_right qode-ili-icon-holder transparent\" style=\"color: #009640;\" ><\/span><p style=\"color:#000000;\">Integraci\u00f3n con la metodolog\u00eda existente del cliente.<\/p><\/div><div class=\"q_icon_list\"><span aria-hidden=\"true\" class=\"qode_icon_font_elegant arrow_right qode-ili-icon-holder transparent\" style=\"color: #009640;\" ><\/span><p style=\"color:#000000;\">Cuadro de mando sencillo y eficiente.<\/p><\/div><div class=\"q_icon_list\"><span aria-hidden=\"true\" class=\"qode_icon_font_elegant arrow_right qode-ili-icon-holder transparent\" style=\"color: #009640;\" ><\/span><p style=\"color:#000000;\">Estimaci\u00f3n `{` Riesgos + Planificaci\u00f3n`}` de medidas de Seguridad.<\/p><\/div>[vc_empty_space height=\u00bb50px\u00bb][\/vc_column_inner][\/vc_row_inner][\/vc_column][vc_column width=\u00bb1\/4&#8243;][vc_widget_sidebar sidebar_id=\u00bbSecurity\u00bb][\/vc_column][\/vc_row][vc_row css_animation=\u00bb\u00bb row_type=\u00bbrow\u00bb use_row_as_full_screen_section=\u00bbno\u00bb type=\u00bbfull_width\u00bb angled_section=\u00bbno\u00bb text_align=\u00bbleft\u00bb background_image_as_pattern=\u00bbwithout_pattern\u00bb][vc_column][vc_empty_space height=\u00bb50px\u00bb][\/vc_column][\/vc_row]<\/p>\n<\/div>","protected":false},"excerpt":{"rendered":"<p>[vc_row css_animation=\u00bb\u00bb row_type=\u00bbrow\u00bb use_row_as_full_screen_section=\u00bbno\u00bb type=\u00bbfull_width\u00bb angled_section=\u00bbno\u00bb text_align=\u00bbleft\u00bb background_image_as_pattern=\u00bbwithout_pattern\u00bb][vc_column][vc_empty_space height=\u00bb70px\u00bb][\/vc_column][\/vc_row][vc_row css_animation=\u00bb\u00bb row_type=\u00bbrow\u00bb use_row_as_full_screen_section=\u00bbno\u00bb type=\u00bbgrid\u00bb angled_section=\u00bbno\u00bb text_align=\u00bbleft\u00bb&#8230;<\/p>\n","protected":false},"author":1,"featured_media":0,"parent":1842,"menu_order":1,"comment_status":"closed","ping_status":"closed","template":"","meta":{"footnotes":""},"class_list":["post-1853","page","type-page","status-publish","hentry"],"yoast_head":"<!-- This site is optimized with the Yoast SEO plugin v27.3 - https:\/\/yoast.com\/product\/yoast-seo-wordpress\/ -->\n<title>Departamentos de Security - INERCO<\/title>\n<meta name=\"robots\" content=\"index, follow, max-snippet:-1, max-image-preview:large, max-video-preview:-1\" \/>\n<link rel=\"canonical\" href=\"https:\/\/www.inerco.com\/es\/seguridad-y-prevencion\/security\/departamentos-de-security\/\" \/>\n<meta property=\"og:locale\" content=\"es_ES\" \/>\n<meta property=\"og:type\" content=\"article\" \/>\n<meta property=\"og:title\" content=\"Departamentos de Security - INERCO\" \/>\n<meta property=\"og:description\" content=\"[vc_row css_animation=\u00bb\u00bb row_type=\u00bbrow\u00bb use_row_as_full_screen_section=\u00bbno\u00bb type=\u00bbfull_width\u00bb angled_section=\u00bbno\u00bb text_align=\u00bbleft\u00bb background_image_as_pattern=\u00bbwithout_pattern\u00bb][vc_column][vc_empty_space height=\u00bb70px\u00bb][\/vc_column][\/vc_row][vc_row css_animation=\u00bb\u00bb row_type=\u00bbrow\u00bb use_row_as_full_screen_section=\u00bbno\u00bb type=\u00bbgrid\u00bb angled_section=\u00bbno\u00bb text_align=\u00bbleft\u00bb...\" \/>\n<meta property=\"og:url\" content=\"https:\/\/www.inerco.com\/es\/seguridad-y-prevencion\/security\/departamentos-de-security\/\" \/>\n<meta property=\"og:site_name\" content=\"INERCO\" \/>\n<meta property=\"article:modified_time\" content=\"2023-09-06T17:17:54+00:00\" \/>\n<meta name=\"twitter:card\" content=\"summary_large_image\" \/>\n<meta name=\"twitter:site\" content=\"@Inerco_\" \/>\n<script type=\"application\/ld+json\" class=\"yoast-schema-graph\">{\"@context\":\"https:\\\/\\\/schema.org\",\"@graph\":[{\"@type\":\"WebPage\",\"@id\":\"https:\\\/\\\/www.inerco.com\\\/es\\\/seguridad-y-prevencion\\\/security\\\/departamentos-de-security\\\/\",\"url\":\"https:\\\/\\\/www.inerco.com\\\/es\\\/seguridad-y-prevencion\\\/security\\\/departamentos-de-security\\\/\",\"name\":\"Departamentos de Security - INERCO\",\"isPartOf\":{\"@id\":\"https:\\\/\\\/www.inerco.com\\\/es\\\/#website\"},\"datePublished\":\"2018-12-17T23:14:29+00:00\",\"dateModified\":\"2023-09-06T17:17:54+00:00\",\"breadcrumb\":{\"@id\":\"https:\\\/\\\/www.inerco.com\\\/es\\\/seguridad-y-prevencion\\\/security\\\/departamentos-de-security\\\/#breadcrumb\"},\"inLanguage\":\"es\",\"potentialAction\":[{\"@type\":\"ReadAction\",\"target\":[\"https:\\\/\\\/www.inerco.com\\\/es\\\/seguridad-y-prevencion\\\/security\\\/departamentos-de-security\\\/\"]}]},{\"@type\":\"BreadcrumbList\",\"@id\":\"https:\\\/\\\/www.inerco.com\\\/es\\\/seguridad-y-prevencion\\\/security\\\/departamentos-de-security\\\/#breadcrumb\",\"itemListElement\":[{\"@type\":\"ListItem\",\"position\":1,\"name\":\"Home\",\"item\":\"https:\\\/\\\/www.inerco.com\\\/es\\\/\"},{\"@type\":\"ListItem\",\"position\":2,\"name\":\"Seguridad y Prevenci\u00f3n\",\"item\":\"https:\\\/\\\/www.inerco.com\\\/es\\\/seguridad-y-prevencion\\\/\"},{\"@type\":\"ListItem\",\"position\":3,\"name\":\"Security\",\"item\":\"https:\\\/\\\/www.inerco.com\\\/es\\\/seguridad-y-prevencion\\\/security\\\/\"},{\"@type\":\"ListItem\",\"position\":4,\"name\":\"Departamentos de Security\"}]},{\"@type\":\"WebSite\",\"@id\":\"https:\\\/\\\/www.inerco.com\\\/es\\\/#website\",\"url\":\"https:\\\/\\\/www.inerco.com\\\/es\\\/\",\"name\":\"INERCO\",\"description\":\"Tecnolog\u00eda, ingenier\u00eda y consultor\u00eda integral para el desarrollo industrial sostenible\",\"potentialAction\":[{\"@type\":\"SearchAction\",\"target\":{\"@type\":\"EntryPoint\",\"urlTemplate\":\"https:\\\/\\\/www.inerco.com\\\/es\\\/?s={search_term_string}\"},\"query-input\":{\"@type\":\"PropertyValueSpecification\",\"valueRequired\":true,\"valueName\":\"search_term_string\"}}],\"inLanguage\":\"es\"}]}<\/script>\n<!-- \/ Yoast SEO plugin. -->","yoast_head_json":{"title":"Departamentos de Security - INERCO","robots":{"index":"index","follow":"follow","max-snippet":"max-snippet:-1","max-image-preview":"max-image-preview:large","max-video-preview":"max-video-preview:-1"},"canonical":"https:\/\/www.inerco.com\/es\/seguridad-y-prevencion\/security\/departamentos-de-security\/","og_locale":"es_ES","og_type":"article","og_title":"Departamentos de Security - INERCO","og_description":"[vc_row css_animation=\u00bb\u00bb row_type=\u00bbrow\u00bb use_row_as_full_screen_section=\u00bbno\u00bb type=\u00bbfull_width\u00bb angled_section=\u00bbno\u00bb text_align=\u00bbleft\u00bb background_image_as_pattern=\u00bbwithout_pattern\u00bb][vc_column][vc_empty_space height=\u00bb70px\u00bb][\/vc_column][\/vc_row][vc_row css_animation=\u00bb\u00bb row_type=\u00bbrow\u00bb use_row_as_full_screen_section=\u00bbno\u00bb type=\u00bbgrid\u00bb angled_section=\u00bbno\u00bb text_align=\u00bbleft\u00bb...","og_url":"https:\/\/www.inerco.com\/es\/seguridad-y-prevencion\/security\/departamentos-de-security\/","og_site_name":"INERCO","article_modified_time":"2023-09-06T17:17:54+00:00","twitter_card":"summary_large_image","twitter_site":"@Inerco_","schema":{"@context":"https:\/\/schema.org","@graph":[{"@type":"WebPage","@id":"https:\/\/www.inerco.com\/es\/seguridad-y-prevencion\/security\/departamentos-de-security\/","url":"https:\/\/www.inerco.com\/es\/seguridad-y-prevencion\/security\/departamentos-de-security\/","name":"Departamentos de Security - INERCO","isPartOf":{"@id":"https:\/\/www.inerco.com\/es\/#website"},"datePublished":"2018-12-17T23:14:29+00:00","dateModified":"2023-09-06T17:17:54+00:00","breadcrumb":{"@id":"https:\/\/www.inerco.com\/es\/seguridad-y-prevencion\/security\/departamentos-de-security\/#breadcrumb"},"inLanguage":"es","potentialAction":[{"@type":"ReadAction","target":["https:\/\/www.inerco.com\/es\/seguridad-y-prevencion\/security\/departamentos-de-security\/"]}]},{"@type":"BreadcrumbList","@id":"https:\/\/www.inerco.com\/es\/seguridad-y-prevencion\/security\/departamentos-de-security\/#breadcrumb","itemListElement":[{"@type":"ListItem","position":1,"name":"Home","item":"https:\/\/www.inerco.com\/es\/"},{"@type":"ListItem","position":2,"name":"Seguridad y Prevenci\u00f3n","item":"https:\/\/www.inerco.com\/es\/seguridad-y-prevencion\/"},{"@type":"ListItem","position":3,"name":"Security","item":"https:\/\/www.inerco.com\/es\/seguridad-y-prevencion\/security\/"},{"@type":"ListItem","position":4,"name":"Departamentos de Security"}]},{"@type":"WebSite","@id":"https:\/\/www.inerco.com\/es\/#website","url":"https:\/\/www.inerco.com\/es\/","name":"INERCO","description":"Tecnolog\u00eda, ingenier\u00eda y consultor\u00eda integral para el desarrollo industrial sostenible","potentialAction":[{"@type":"SearchAction","target":{"@type":"EntryPoint","urlTemplate":"https:\/\/www.inerco.com\/es\/?s={search_term_string}"},"query-input":{"@type":"PropertyValueSpecification","valueRequired":true,"valueName":"search_term_string"}}],"inLanguage":"es"}]}},"_links":{"self":[{"href":"https:\/\/www.inerco.com\/es\/wp-json\/wp\/v2\/pages\/1853","targetHints":{"allow":["GET"]}}],"collection":[{"href":"https:\/\/www.inerco.com\/es\/wp-json\/wp\/v2\/pages"}],"about":[{"href":"https:\/\/www.inerco.com\/es\/wp-json\/wp\/v2\/types\/page"}],"author":[{"embeddable":true,"href":"https:\/\/www.inerco.com\/es\/wp-json\/wp\/v2\/users\/1"}],"replies":[{"embeddable":true,"href":"https:\/\/www.inerco.com\/es\/wp-json\/wp\/v2\/comments?post=1853"}],"version-history":[{"count":3,"href":"https:\/\/www.inerco.com\/es\/wp-json\/wp\/v2\/pages\/1853\/revisions"}],"predecessor-version":[{"id":5159,"href":"https:\/\/www.inerco.com\/es\/wp-json\/wp\/v2\/pages\/1853\/revisions\/5159"}],"up":[{"embeddable":true,"href":"https:\/\/www.inerco.com\/es\/wp-json\/wp\/v2\/pages\/1842"}],"wp:attachment":[{"href":"https:\/\/www.inerco.com\/es\/wp-json\/wp\/v2\/media?parent=1853"}],"curies":[{"name":"wp","href":"https:\/\/api.w.org\/{rel}","templated":true}]}}