{"id":1792,"date":"2018-12-17T19:57:03","date_gmt":"2018-12-17T18:57:03","guid":{"rendered":"http:\/\/82.194.72.70\/?page_id=1792"},"modified":"2023-09-06T19:07:37","modified_gmt":"2023-09-06T17:07:37","slug":"sistemas-y-herramientas-de-gestion","status":"publish","type":"page","link":"https:\/\/www.inerco.com\/es\/medio-ambiente\/cambio-climatico-y-sostenibilidad\/sistemas-y-herramientas-de-gestion\/","title":{"rendered":"Sistemas y Herramientas de Gesti\u00f3n"},"content":{"rendered":"<div class=\"wpb-content-wrapper\"><p>[vc_row css_animation=\u00bb\u00bb row_type=\u00bbrow\u00bb use_row_as_full_screen_section=\u00bbno\u00bb type=\u00bbfull_width\u00bb angled_section=\u00bbno\u00bb text_align=\u00bbleft\u00bb background_image_as_pattern=\u00bbwithout_pattern\u00bb][vc_column][vc_empty_space height=\u00bb100px\u00bb][\/vc_column][\/vc_row][vc_row css_animation=\u00bb\u00bb row_type=\u00bbrow\u00bb use_row_as_full_screen_section=\u00bbno\u00bb type=\u00bbgrid\u00bb angled_section=\u00bbno\u00bb text_align=\u00bbleft\u00bb background_image_as_pattern=\u00bbwithout_pattern\u00bb z_index=\u00bb\u00bb css=\u00bb.vc_custom_1518611434899{padding-top: 25px !important;}\u00bb][vc_column width=\u00bb3\/4&#8243;]<div class=\"custom_font_holder \" style=\" font-style: normal; font-weight: 200; text-decoration: none; text-align: left; --qode-cf-font-size: 35px; --qode-cf-line-height: 40px; --qode-cf-font-size-1440: 35px; --qode-cf-line-height-1440: 40px; --qode-cf-font-size-1366: 35px; --qode-cf-line-height-1366: 40px; --qode-cf-font-size-1280: 35px; --qode-cf-line-height-1280: 40px; --qode-cf-font-size-1024: 35px; --qode-cf-line-height-1024: 40px; --qode-cf-font-size-768: 35px; --qode-cf-line-height-768: 40px; --qode-cf-font-size-680: 35px; --qode-cf-line-height-680: 40px; --qode-cf-font-size-480: 35px; --qode-cf-line-height-480: 40px;\">Demostrar una gesti\u00f3n responsable e inspirar la confianza de grupos de inter\u00e9s (clientes, inversores, proveedores, empleados, comunidad local, consumidores\u2026) se convierte en una ventaja competitiva.<\/div>[vc_empty_space height=\u00bb50px\u00bb]<div class=\"custom_font_holder \" style=\" font-style: normal; font-weight: 200; text-decoration: none; text-align: left; --qode-cf-font-size: 28px; --qode-cf-line-height: 30px; --qode-cf-font-size-1440: 28px; --qode-cf-line-height-1440: 30px; --qode-cf-font-size-1366: 28px; --qode-cf-line-height-1366: 30px; --qode-cf-font-size-1280: 28px; --qode-cf-line-height-1280: 30px; --qode-cf-font-size-1024: 28px; --qode-cf-line-height-1024: 30px; --qode-cf-font-size-768: 28px; --qode-cf-line-height-768: 30px; --qode-cf-font-size-680: 28px; --qode-cf-line-height-680: 30px; --qode-cf-font-size-480: 28px; --qode-cf-line-height-480: 30px;\">Conscientes de ello, desde\u00a0<strong>INERCO<\/strong>\u00a0ofrecemos las siguientes soluciones y herramientas de gesti\u00f3n:<\/div>[vc_empty_space height=\u00bb50px\u00bb][vc_row_inner row_type=\u00bbrow\u00bb type=\u00bbfull_width\u00bb text_align=\u00bbleft\u00bb css_animation=\u00bb\u00bb][vc_column_inner]<div class=\"q_icon_list\"><span aria-hidden=\"true\" class=\"qode_icon_font_elegant arrow_right qode-ili-icon-holder transparent\" style=\"color: #009640;\" ><\/span><p style=\"color:#000000;\">INERCO Asesor Ambiental.<\/p><\/div><div class=\"q_icon_list\"><span aria-hidden=\"true\" class=\"qode_icon_font_elegant arrow_right qode-ili-icon-holder transparent\" style=\"color: #009640;\" ><\/span><p style=\"color:#000000;\">Sistemas de gesti\u00f3n de RS o sostenibilidad (SGE 21, RS-10,\u2026).<\/p><\/div><div class=\"q_icon_list\"><span aria-hidden=\"true\" class=\"qode_icon_font_elegant arrow_right qode-ili-icon-holder transparent\" style=\"color: #009640;\" ><\/span><p style=\"color:#000000;\">Software para gesti\u00f3n y an\u00e1lisis de informaci\u00f3n ambiental.<\/p><\/div><div class=\"q_icon_list\"><span aria-hidden=\"true\" class=\"qode_icon_font_elegant arrow_right qode-ili-icon-holder transparent\" style=\"color: #009640;\" ><\/span><p style=\"color:#000000;\">Sistemas de gesti\u00f3n de calidad (ISO 9001), medio ambiente (ISO 14001) y salud y seguridad (OHSAS 18000).<\/p><\/div><div class=\"q_icon_list\"><span aria-hidden=\"true\" class=\"qode_icon_font_elegant arrow_right qode-ili-icon-holder transparent\" style=\"color: #009640;\" ><\/span><p style=\"color:#000000;\">Sistemas de gesti\u00f3n del conocimiento y de I+D+i.<\/p><\/div><div class=\"q_icon_list\"><span aria-hidden=\"true\" class=\"qode_icon_font_elegant arrow_right qode-ili-icon-holder transparent\" style=\"color: #009640;\" ><\/span><p style=\"color:#000000;\">Sistemas de gesti\u00f3n de la sostenibilidad.<\/p><\/div>[\/vc_column_inner][\/vc_row_inner][vc_empty_space height=\u00bb50px\u00bb][\/vc_column][vc_column width=\u00bb1\/4&#8243;][vc_widget_sidebar sidebar_id=\u00bbMedio Ambiente &#8211; Cristina Becerra\u00bb][\/vc_column][\/vc_row][vc_row css_animation=\u00bb\u00bb row_type=\u00bbrow\u00bb use_row_as_full_screen_section=\u00bbno\u00bb type=\u00bbfull_width\u00bb angled_section=\u00bbno\u00bb text_align=\u00bbleft\u00bb background_image_as_pattern=\u00bbwithout_pattern\u00bb][vc_column][vc_empty_space height=\u00bb50px\u00bb][\/vc_column][\/vc_row]<\/p>\n<\/div>","protected":false},"excerpt":{"rendered":"<p>[vc_row css_animation=\u00bb\u00bb row_type=\u00bbrow\u00bb use_row_as_full_screen_section=\u00bbno\u00bb type=\u00bbfull_width\u00bb angled_section=\u00bbno\u00bb text_align=\u00bbleft\u00bb background_image_as_pattern=\u00bbwithout_pattern\u00bb][vc_column][vc_empty_space height=\u00bb100px\u00bb][\/vc_column][\/vc_row][vc_row css_animation=\u00bb\u00bb row_type=\u00bbrow\u00bb use_row_as_full_screen_section=\u00bbno\u00bb type=\u00bbgrid\u00bb angled_section=\u00bbno\u00bb text_align=\u00bbleft\u00bb&#8230;<\/p>\n","protected":false},"author":1,"featured_media":0,"parent":1786,"menu_order":3,"comment_status":"closed","ping_status":"closed","template":"","meta":{"footnotes":""},"class_list":["post-1792","page","type-page","status-publish","hentry"],"yoast_head":"<!-- This site is optimized with the Yoast SEO plugin v27.3 - https:\/\/yoast.com\/product\/yoast-seo-wordpress\/ -->\n<title>Sistemas y Herramientas de Gesti\u00f3n - INERCO<\/title>\n<meta name=\"robots\" content=\"index, follow, max-snippet:-1, max-image-preview:large, max-video-preview:-1\" \/>\n<link rel=\"canonical\" href=\"https:\/\/www.inerco.com\/es\/medio-ambiente\/cambio-climatico-y-sostenibilidad\/sistemas-y-herramientas-de-gestion\/\" \/>\n<meta property=\"og:locale\" content=\"es_ES\" \/>\n<meta property=\"og:type\" content=\"article\" \/>\n<meta property=\"og:title\" content=\"Sistemas y Herramientas de Gesti\u00f3n - INERCO\" \/>\n<meta property=\"og:description\" content=\"[vc_row css_animation=\u00bb\u00bb row_type=\u00bbrow\u00bb use_row_as_full_screen_section=\u00bbno\u00bb type=\u00bbfull_width\u00bb angled_section=\u00bbno\u00bb text_align=\u00bbleft\u00bb background_image_as_pattern=\u00bbwithout_pattern\u00bb][vc_column][vc_empty_space height=\u00bb100px\u00bb][\/vc_column][\/vc_row][vc_row css_animation=\u00bb\u00bb row_type=\u00bbrow\u00bb use_row_as_full_screen_section=\u00bbno\u00bb type=\u00bbgrid\u00bb angled_section=\u00bbno\u00bb text_align=\u00bbleft\u00bb...\" \/>\n<meta property=\"og:url\" content=\"https:\/\/www.inerco.com\/es\/medio-ambiente\/cambio-climatico-y-sostenibilidad\/sistemas-y-herramientas-de-gestion\/\" \/>\n<meta property=\"og:site_name\" content=\"INERCO\" \/>\n<meta property=\"article:modified_time\" content=\"2023-09-06T17:07:37+00:00\" \/>\n<meta name=\"twitter:card\" content=\"summary_large_image\" \/>\n<meta name=\"twitter:site\" content=\"@Inerco_\" \/>\n<script type=\"application\/ld+json\" class=\"yoast-schema-graph\">{\"@context\":\"https:\\\/\\\/schema.org\",\"@graph\":[{\"@type\":\"WebPage\",\"@id\":\"https:\\\/\\\/www.inerco.com\\\/es\\\/medio-ambiente\\\/cambio-climatico-y-sostenibilidad\\\/sistemas-y-herramientas-de-gestion\\\/\",\"url\":\"https:\\\/\\\/www.inerco.com\\\/es\\\/medio-ambiente\\\/cambio-climatico-y-sostenibilidad\\\/sistemas-y-herramientas-de-gestion\\\/\",\"name\":\"Sistemas y Herramientas de Gesti\u00f3n - INERCO\",\"isPartOf\":{\"@id\":\"https:\\\/\\\/www.inerco.com\\\/es\\\/#website\"},\"datePublished\":\"2018-12-17T18:57:03+00:00\",\"dateModified\":\"2023-09-06T17:07:37+00:00\",\"breadcrumb\":{\"@id\":\"https:\\\/\\\/www.inerco.com\\\/es\\\/medio-ambiente\\\/cambio-climatico-y-sostenibilidad\\\/sistemas-y-herramientas-de-gestion\\\/#breadcrumb\"},\"inLanguage\":\"es\",\"potentialAction\":[{\"@type\":\"ReadAction\",\"target\":[\"https:\\\/\\\/www.inerco.com\\\/es\\\/medio-ambiente\\\/cambio-climatico-y-sostenibilidad\\\/sistemas-y-herramientas-de-gestion\\\/\"]}]},{\"@type\":\"BreadcrumbList\",\"@id\":\"https:\\\/\\\/www.inerco.com\\\/es\\\/medio-ambiente\\\/cambio-climatico-y-sostenibilidad\\\/sistemas-y-herramientas-de-gestion\\\/#breadcrumb\",\"itemListElement\":[{\"@type\":\"ListItem\",\"position\":1,\"name\":\"Home\",\"item\":\"https:\\\/\\\/www.inerco.com\\\/es\\\/\"},{\"@type\":\"ListItem\",\"position\":2,\"name\":\"Medio Ambiente\",\"item\":\"https:\\\/\\\/www.inerco.com\\\/es\\\/medio-ambiente\\\/\"},{\"@type\":\"ListItem\",\"position\":3,\"name\":\"Cambio Clim\u00e1tico y Sostenibilidad\",\"item\":\"https:\\\/\\\/www.inerco.com\\\/es\\\/medio-ambiente\\\/cambio-climatico-y-sostenibilidad\\\/\"},{\"@type\":\"ListItem\",\"position\":4,\"name\":\"Sistemas y Herramientas de Gesti\u00f3n\"}]},{\"@type\":\"WebSite\",\"@id\":\"https:\\\/\\\/www.inerco.com\\\/es\\\/#website\",\"url\":\"https:\\\/\\\/www.inerco.com\\\/es\\\/\",\"name\":\"INERCO\",\"description\":\"Tecnolog\u00eda, ingenier\u00eda y consultor\u00eda integral para el desarrollo industrial sostenible\",\"potentialAction\":[{\"@type\":\"SearchAction\",\"target\":{\"@type\":\"EntryPoint\",\"urlTemplate\":\"https:\\\/\\\/www.inerco.com\\\/es\\\/?s={search_term_string}\"},\"query-input\":{\"@type\":\"PropertyValueSpecification\",\"valueRequired\":true,\"valueName\":\"search_term_string\"}}],\"inLanguage\":\"es\"}]}<\/script>\n<!-- \/ Yoast SEO plugin. -->","yoast_head_json":{"title":"Sistemas y Herramientas de Gesti\u00f3n - INERCO","robots":{"index":"index","follow":"follow","max-snippet":"max-snippet:-1","max-image-preview":"max-image-preview:large","max-video-preview":"max-video-preview:-1"},"canonical":"https:\/\/www.inerco.com\/es\/medio-ambiente\/cambio-climatico-y-sostenibilidad\/sistemas-y-herramientas-de-gestion\/","og_locale":"es_ES","og_type":"article","og_title":"Sistemas y Herramientas de Gesti\u00f3n - INERCO","og_description":"[vc_row css_animation=\u00bb\u00bb row_type=\u00bbrow\u00bb use_row_as_full_screen_section=\u00bbno\u00bb type=\u00bbfull_width\u00bb angled_section=\u00bbno\u00bb text_align=\u00bbleft\u00bb background_image_as_pattern=\u00bbwithout_pattern\u00bb][vc_column][vc_empty_space height=\u00bb100px\u00bb][\/vc_column][\/vc_row][vc_row css_animation=\u00bb\u00bb row_type=\u00bbrow\u00bb use_row_as_full_screen_section=\u00bbno\u00bb type=\u00bbgrid\u00bb angled_section=\u00bbno\u00bb text_align=\u00bbleft\u00bb...","og_url":"https:\/\/www.inerco.com\/es\/medio-ambiente\/cambio-climatico-y-sostenibilidad\/sistemas-y-herramientas-de-gestion\/","og_site_name":"INERCO","article_modified_time":"2023-09-06T17:07:37+00:00","twitter_card":"summary_large_image","twitter_site":"@Inerco_","schema":{"@context":"https:\/\/schema.org","@graph":[{"@type":"WebPage","@id":"https:\/\/www.inerco.com\/es\/medio-ambiente\/cambio-climatico-y-sostenibilidad\/sistemas-y-herramientas-de-gestion\/","url":"https:\/\/www.inerco.com\/es\/medio-ambiente\/cambio-climatico-y-sostenibilidad\/sistemas-y-herramientas-de-gestion\/","name":"Sistemas y Herramientas de Gesti\u00f3n - INERCO","isPartOf":{"@id":"https:\/\/www.inerco.com\/es\/#website"},"datePublished":"2018-12-17T18:57:03+00:00","dateModified":"2023-09-06T17:07:37+00:00","breadcrumb":{"@id":"https:\/\/www.inerco.com\/es\/medio-ambiente\/cambio-climatico-y-sostenibilidad\/sistemas-y-herramientas-de-gestion\/#breadcrumb"},"inLanguage":"es","potentialAction":[{"@type":"ReadAction","target":["https:\/\/www.inerco.com\/es\/medio-ambiente\/cambio-climatico-y-sostenibilidad\/sistemas-y-herramientas-de-gestion\/"]}]},{"@type":"BreadcrumbList","@id":"https:\/\/www.inerco.com\/es\/medio-ambiente\/cambio-climatico-y-sostenibilidad\/sistemas-y-herramientas-de-gestion\/#breadcrumb","itemListElement":[{"@type":"ListItem","position":1,"name":"Home","item":"https:\/\/www.inerco.com\/es\/"},{"@type":"ListItem","position":2,"name":"Medio Ambiente","item":"https:\/\/www.inerco.com\/es\/medio-ambiente\/"},{"@type":"ListItem","position":3,"name":"Cambio Clim\u00e1tico y Sostenibilidad","item":"https:\/\/www.inerco.com\/es\/medio-ambiente\/cambio-climatico-y-sostenibilidad\/"},{"@type":"ListItem","position":4,"name":"Sistemas y Herramientas de Gesti\u00f3n"}]},{"@type":"WebSite","@id":"https:\/\/www.inerco.com\/es\/#website","url":"https:\/\/www.inerco.com\/es\/","name":"INERCO","description":"Tecnolog\u00eda, ingenier\u00eda y consultor\u00eda integral para el desarrollo industrial sostenible","potentialAction":[{"@type":"SearchAction","target":{"@type":"EntryPoint","urlTemplate":"https:\/\/www.inerco.com\/es\/?s={search_term_string}"},"query-input":{"@type":"PropertyValueSpecification","valueRequired":true,"valueName":"search_term_string"}}],"inLanguage":"es"}]}},"_links":{"self":[{"href":"https:\/\/www.inerco.com\/es\/wp-json\/wp\/v2\/pages\/1792","targetHints":{"allow":["GET"]}}],"collection":[{"href":"https:\/\/www.inerco.com\/es\/wp-json\/wp\/v2\/pages"}],"about":[{"href":"https:\/\/www.inerco.com\/es\/wp-json\/wp\/v2\/types\/page"}],"author":[{"embeddable":true,"href":"https:\/\/www.inerco.com\/es\/wp-json\/wp\/v2\/users\/1"}],"replies":[{"embeddable":true,"href":"https:\/\/www.inerco.com\/es\/wp-json\/wp\/v2\/comments?post=1792"}],"version-history":[{"count":3,"href":"https:\/\/www.inerco.com\/es\/wp-json\/wp\/v2\/pages\/1792\/revisions"}],"predecessor-version":[{"id":1809,"href":"https:\/\/www.inerco.com\/es\/wp-json\/wp\/v2\/pages\/1792\/revisions\/1809"}],"up":[{"embeddable":true,"href":"https:\/\/www.inerco.com\/es\/wp-json\/wp\/v2\/pages\/1786"}],"wp:attachment":[{"href":"https:\/\/www.inerco.com\/es\/wp-json\/wp\/v2\/media?parent=1792"}],"curies":[{"name":"wp","href":"https:\/\/api.w.org\/{rel}","templated":true}]}}