{"id":1786,"date":"2018-12-17T19:53:50","date_gmt":"2018-12-17T18:53:50","guid":{"rendered":"http:\/\/82.194.72.70\/?page_id=1786"},"modified":"2023-09-06T19:06:01","modified_gmt":"2023-09-06T17:06:01","slug":"cambio-climatico-y-sostenibilidad","status":"publish","type":"page","link":"https:\/\/www.inerco.com\/es\/medio-ambiente\/cambio-climatico-y-sostenibilidad\/","title":{"rendered":"Cambio Clim\u00e1tico y Sostenibilidad"},"content":{"rendered":"<div class=\"wpb-content-wrapper\"><p>[vc_row css_animation=\u00bb\u00bb row_type=\u00bbrow\u00bb use_row_as_full_screen_section=\u00bbno\u00bb type=\u00bbfull_width\u00bb angled_section=\u00bbno\u00bb text_align=\u00bbleft\u00bb background_image_as_pattern=\u00bbwithout_pattern\u00bb][vc_column][vc_empty_space height=\u00bb50px\u00bb][\/vc_column][\/vc_row][vc_row css_animation=\u00bb\u00bb row_type=\u00bbrow\u00bb use_row_as_full_screen_section=\u00bbno\u00bb type=\u00bbgrid\u00bb angled_section=\u00bbno\u00bb text_align=\u00bbleft\u00bb background_image_as_pattern=\u00bbwithout_pattern\u00bb z_index=\u00bb\u00bb css=\u00bb.vc_custom_1518611434899{padding-top: 25px !important;}\u00bb][vc_column width=\u00bb3\/4&#8243;]<div class=\"custom_font_holder \" style=\" font-style: normal; font-weight: 200; text-decoration: none; text-align: left; --qode-cf-font-size: 35px; --qode-cf-line-height: 40px; --qode-cf-font-size-1440: 35px; --qode-cf-line-height-1440: 40px; --qode-cf-font-size-1366: 35px; --qode-cf-line-height-1366: 40px; --qode-cf-font-size-1280: 35px; --qode-cf-line-height-1280: 40px; --qode-cf-font-size-1024: 35px; --qode-cf-line-height-1024: 40px; --qode-cf-font-size-768: 35px; --qode-cf-line-height-768: 40px; --qode-cf-font-size-680: 35px; --qode-cf-line-height-680: 40px; --qode-cf-font-size-480: 35px; --qode-cf-line-height-480: 40px;\">Nuestras soluciones en los campos del Cambio Clim\u00e1tico, Sostenibilidad\u00a0y Sistemas y herramientas de gesti\u00f3n aportan a su empresa valor diferencial porque:<\/div>[vc_empty_space height=\u00bb50px\u00bb][vc_row_inner row_type=\u00bbrow\u00bb type=\u00bbfull_width\u00bb text_align=\u00bbleft\u00bb css_animation=\u00bb\u00bb][vc_column_inner]<div class=\"q_icon_list\"><span aria-hidden=\"true\" class=\"qode_icon_font_elegant arrow_right qode-ili-icon-holder transparent\" style=\"color: #009640;\" ><\/span><p style=\"color:#000000;\">Dise\u00f1amos estrategias a partir del conocimiento de la importancia de la sostenibilidad para su negocio.<\/p><\/div><div class=\"q_icon_list\"><span aria-hidden=\"true\" class=\"qode_icon_font_elegant arrow_right qode-ili-icon-holder transparent\" style=\"color: #009640;\" ><\/span><p style=\"color:#000000;\">Implementamos soluciones operativas eficaces orientadas a generar valor real para su organizaci\u00f3n.<\/p><\/div><div class=\"q_icon_list\"><span aria-hidden=\"true\" class=\"qode_icon_font_elegant arrow_right qode-ili-icon-holder transparent\" style=\"color: #009640;\" ><\/span><p style=\"color:#000000;\">Proporcionamos servicios dise\u00f1ados a la medida de cada cliente aplicando est\u00e1ndares globales internacionalmente aceptados.<\/p><\/div><div class=\"q_icon_list\"><span aria-hidden=\"true\" class=\"qode_icon_font_elegant arrow_right qode-ili-icon-holder transparent\" style=\"color: #009640;\" ><\/span><p style=\"color:#000000;\">Ofrecemos garant\u00eda, independencia, compromiso y confidencialidad.<\/p><\/div>[\/vc_column_inner][\/vc_row_inner][vc_empty_space height=\u00bb50px\u00bb][vc_row_inner row_type=\u00bbrow\u00bb type=\u00bbfull_width\u00bb text_align=\u00bbleft\u00bb css_animation=\u00bb\u00bb][vc_column_inner][qode_elements_holder number_of_columns=\u00bbthree_columns\u00bb switch_to_one_column=\u00bb600&#8243; alignment_one_column=\u00bbcenter\u00bb][qode_elements_holder_item item_padding=\u00bb0px 3px 0px 0px\u00bb vertical_alignment=\u00bbtop\u00bb horizontal_alignment=\u00bbcenter\u00bb advanced_animations=\u00bbno\u00bb]<div class=\"q_image_with_text_over q_iwto_hover\"><div class=\"shader\" style=\"background-color: rgba(0,0,0,0.43)\"><\/div><div class=\"shader_hover\" style=\"background-color: rgba(0,150,64,0.4)\"><\/div><img decoding=\"async\" itemprop=\"image\" src=\"https:\/\/www.inerco.com\/wp-content\/uploads\/INERCO-Cambio-Clim\u00e1tico-y-Sostenibilidad.jpg\" alt=\"INERCO Cambio Clim\u00e1tico y Sostenibilidad\" \/><div class=\"text\"><table><tr><td><h2 class=\"caption no_icon\" style=\"color: #ffffff;\">Cambio Clim\u00e1tico<\/h2><\/td><\/tr><\/table><table><tr><td><div class=\"desc\"><\/p>\n<h2 style=\"text-align: center;\"><a style=\"color: #ffffff;\" href=\"\/medio-ambiente\/cambio-climatico-y-sostenibilidad\/cambio-climatico\">Cambio Clim\u00e1tico<\/a><\/h2>\n<p><\/div><\/td><\/tr><\/table><\/div><\/div>[\/qode_elements_holder_item][qode_elements_holder_item item_padding=\u00bb0px 3px 0px 3px\u00bb vertical_alignment=\u00bbtop\u00bb horizontal_alignment=\u00bbcenter\u00bb advanced_animations=\u00bbno\u00bb]<div class=\"q_image_with_text_over q_iwto_hover\"><div class=\"shader\" style=\"background-color: rgba(0,0,0,0.42)\"><\/div><div class=\"shader_hover\" style=\"background-color: rgba(0,150,64,0.4)\"><\/div><img decoding=\"async\" itemprop=\"image\" src=\"https:\/\/www.inerco.com\/wp-content\/uploads\/INERCO-Sostenibilidad.jpg\" alt=\"INERCO Sostenibilidad\" \/><div class=\"text\"><table><tr><td><h2 class=\"caption no_icon\" style=\"color: #ffffff;\">Sostenibilidad<\/h2><\/td><\/tr><\/table><table><tr><td><div class=\"desc\"><\/p>\n<h2 style=\"text-align: center;\"><a style=\"color: #ffffff;\" href=\"\/medio-ambiente\/cambio-climatico-y-sostenibilidad\/sostenibilidad\">Sostenibilidad<\/a><\/h2>\n<p><\/div><\/td><\/tr><\/table><\/div><\/div>[\/qode_elements_holder_item][qode_elements_holder_item item_padding=\u00bb0px 0px 0px 3px\u00bb vertical_alignment=\u00bbtop\u00bb horizontal_alignment=\u00bbcenter\u00bb advanced_animations=\u00bbno\u00bb]<div class=\"q_image_with_text_over q_iwto_hover\"><div class=\"shader\" style=\"background-color: rgba(0,0,0,0.42)\"><\/div><div class=\"shader_hover\" style=\"background-color: rgba(0,150,64,0.4)\"><\/div><img decoding=\"async\" itemprop=\"image\" src=\"https:\/\/www.inerco.com\/wp-content\/uploads\/INERCO-Sistemas-y-Herramientas-de-Gesti\u00f3n.jpg\" alt=\"INERCO Sistemas y Herramientas de Gesti\u00f3n\" \/><div class=\"text\"><table><tr><td><h2 class=\"caption no_icon\" style=\"color: #ffffff;\">Sistemas y Herramientas de Gesti\u00f3n<\/h2><\/td><\/tr><\/table><table><tr><td><div class=\"desc\"><\/p>\n<h2 style=\"text-align: center;\"><a style=\"color: #ffffff;\" href=\"\/medio-ambiente\/cambio-climatico-y-sostenibilidad\/sistemas-y-herramientas-de-gestion\">Sistemas y Herramientas de Gesti\u00f3n<\/a><\/h2>\n<p><\/div><\/td><\/tr><\/table><\/div><\/div>[\/qode_elements_holder_item][\/qode_elements_holder][\/vc_column_inner][\/vc_row_inner][\/vc_column][vc_column width=\u00bb1\/4&#8243;][vc_widget_sidebar sidebar_id=\u00bbMedio Ambiente &#8211; Jos\u00e9 M\u00aa Cascajo\u00bb][\/vc_column][\/vc_row][vc_row css_animation=\u00bb\u00bb row_type=\u00bbrow\u00bb use_row_as_full_screen_section=\u00bbno\u00bb type=\u00bbfull_width\u00bb angled_section=\u00bbno\u00bb text_align=\u00bbleft\u00bb background_image_as_pattern=\u00bbwithout_pattern\u00bb][vc_column][vc_empty_space height=\u00bb60px\u00bb][\/vc_column][\/vc_row]<\/p>\n<\/div>","protected":false},"excerpt":{"rendered":"<p>[vc_row css_animation=\u00bb\u00bb row_type=\u00bbrow\u00bb use_row_as_full_screen_section=\u00bbno\u00bb type=\u00bbfull_width\u00bb angled_section=\u00bbno\u00bb text_align=\u00bbleft\u00bb background_image_as_pattern=\u00bbwithout_pattern\u00bb][vc_column][vc_empty_space height=\u00bb50px\u00bb][\/vc_column][\/vc_row][vc_row css_animation=\u00bb\u00bb row_type=\u00bbrow\u00bb use_row_as_full_screen_section=\u00bbno\u00bb type=\u00bbgrid\u00bb angled_section=\u00bbno\u00bb text_align=\u00bbleft\u00bb&#8230;<\/p>\n","protected":false},"author":1,"featured_media":0,"parent":106,"menu_order":2,"comment_status":"closed","ping_status":"closed","template":"","meta":{"footnotes":""},"class_list":["post-1786","page","type-page","status-publish","hentry"],"yoast_head":"<!-- This site is optimized with the Yoast SEO plugin v27.3 - https:\/\/yoast.com\/product\/yoast-seo-wordpress\/ -->\n<title>Cambio Clim\u00e1tico y Sostenibilidad - INERCO<\/title>\n<meta name=\"robots\" content=\"index, follow, max-snippet:-1, max-image-preview:large, max-video-preview:-1\" \/>\n<link rel=\"canonical\" href=\"https:\/\/www.inerco.com\/es\/medio-ambiente\/cambio-climatico-y-sostenibilidad\/\" \/>\n<meta property=\"og:locale\" content=\"es_ES\" \/>\n<meta property=\"og:type\" content=\"article\" \/>\n<meta property=\"og:title\" content=\"Cambio Clim\u00e1tico y Sostenibilidad - INERCO\" \/>\n<meta property=\"og:description\" content=\"[vc_row css_animation=\u00bb\u00bb row_type=\u00bbrow\u00bb use_row_as_full_screen_section=\u00bbno\u00bb type=\u00bbfull_width\u00bb angled_section=\u00bbno\u00bb text_align=\u00bbleft\u00bb background_image_as_pattern=\u00bbwithout_pattern\u00bb][vc_column][vc_empty_space height=\u00bb50px\u00bb][\/vc_column][\/vc_row][vc_row css_animation=\u00bb\u00bb row_type=\u00bbrow\u00bb use_row_as_full_screen_section=\u00bbno\u00bb type=\u00bbgrid\u00bb angled_section=\u00bbno\u00bb text_align=\u00bbleft\u00bb...\" \/>\n<meta property=\"og:url\" content=\"https:\/\/www.inerco.com\/es\/medio-ambiente\/cambio-climatico-y-sostenibilidad\/\" \/>\n<meta property=\"og:site_name\" content=\"INERCO\" \/>\n<meta property=\"article:modified_time\" content=\"2023-09-06T17:06:01+00:00\" \/>\n<meta name=\"twitter:card\" content=\"summary_large_image\" \/>\n<meta name=\"twitter:site\" content=\"@Inerco_\" \/>\n<script type=\"application\/ld+json\" class=\"yoast-schema-graph\">{\"@context\":\"https:\\\/\\\/schema.org\",\"@graph\":[{\"@type\":\"WebPage\",\"@id\":\"https:\\\/\\\/www.inerco.com\\\/es\\\/medio-ambiente\\\/cambio-climatico-y-sostenibilidad\\\/\",\"url\":\"https:\\\/\\\/www.inerco.com\\\/es\\\/medio-ambiente\\\/cambio-climatico-y-sostenibilidad\\\/\",\"name\":\"Cambio Clim\u00e1tico y Sostenibilidad - INERCO\",\"isPartOf\":{\"@id\":\"https:\\\/\\\/www.inerco.com\\\/es\\\/#website\"},\"datePublished\":\"2018-12-17T18:53:50+00:00\",\"dateModified\":\"2023-09-06T17:06:01+00:00\",\"breadcrumb\":{\"@id\":\"https:\\\/\\\/www.inerco.com\\\/es\\\/medio-ambiente\\\/cambio-climatico-y-sostenibilidad\\\/#breadcrumb\"},\"inLanguage\":\"es\",\"potentialAction\":[{\"@type\":\"ReadAction\",\"target\":[\"https:\\\/\\\/www.inerco.com\\\/es\\\/medio-ambiente\\\/cambio-climatico-y-sostenibilidad\\\/\"]}]},{\"@type\":\"BreadcrumbList\",\"@id\":\"https:\\\/\\\/www.inerco.com\\\/es\\\/medio-ambiente\\\/cambio-climatico-y-sostenibilidad\\\/#breadcrumb\",\"itemListElement\":[{\"@type\":\"ListItem\",\"position\":1,\"name\":\"Home\",\"item\":\"https:\\\/\\\/www.inerco.com\\\/es\\\/\"},{\"@type\":\"ListItem\",\"position\":2,\"name\":\"Medio Ambiente\",\"item\":\"https:\\\/\\\/www.inerco.com\\\/es\\\/medio-ambiente\\\/\"},{\"@type\":\"ListItem\",\"position\":3,\"name\":\"Cambio Clim\u00e1tico y Sostenibilidad\"}]},{\"@type\":\"WebSite\",\"@id\":\"https:\\\/\\\/www.inerco.com\\\/es\\\/#website\",\"url\":\"https:\\\/\\\/www.inerco.com\\\/es\\\/\",\"name\":\"INERCO\",\"description\":\"Tecnolog\u00eda, ingenier\u00eda y consultor\u00eda integral para el desarrollo industrial sostenible\",\"potentialAction\":[{\"@type\":\"SearchAction\",\"target\":{\"@type\":\"EntryPoint\",\"urlTemplate\":\"https:\\\/\\\/www.inerco.com\\\/es\\\/?s={search_term_string}\"},\"query-input\":{\"@type\":\"PropertyValueSpecification\",\"valueRequired\":true,\"valueName\":\"search_term_string\"}}],\"inLanguage\":\"es\"}]}<\/script>\n<!-- \/ Yoast SEO plugin. -->","yoast_head_json":{"title":"Cambio Clim\u00e1tico y Sostenibilidad - INERCO","robots":{"index":"index","follow":"follow","max-snippet":"max-snippet:-1","max-image-preview":"max-image-preview:large","max-video-preview":"max-video-preview:-1"},"canonical":"https:\/\/www.inerco.com\/es\/medio-ambiente\/cambio-climatico-y-sostenibilidad\/","og_locale":"es_ES","og_type":"article","og_title":"Cambio Clim\u00e1tico y Sostenibilidad - INERCO","og_description":"[vc_row css_animation=\u00bb\u00bb row_type=\u00bbrow\u00bb use_row_as_full_screen_section=\u00bbno\u00bb type=\u00bbfull_width\u00bb angled_section=\u00bbno\u00bb text_align=\u00bbleft\u00bb background_image_as_pattern=\u00bbwithout_pattern\u00bb][vc_column][vc_empty_space height=\u00bb50px\u00bb][\/vc_column][\/vc_row][vc_row css_animation=\u00bb\u00bb row_type=\u00bbrow\u00bb use_row_as_full_screen_section=\u00bbno\u00bb type=\u00bbgrid\u00bb angled_section=\u00bbno\u00bb text_align=\u00bbleft\u00bb...","og_url":"https:\/\/www.inerco.com\/es\/medio-ambiente\/cambio-climatico-y-sostenibilidad\/","og_site_name":"INERCO","article_modified_time":"2023-09-06T17:06:01+00:00","twitter_card":"summary_large_image","twitter_site":"@Inerco_","schema":{"@context":"https:\/\/schema.org","@graph":[{"@type":"WebPage","@id":"https:\/\/www.inerco.com\/es\/medio-ambiente\/cambio-climatico-y-sostenibilidad\/","url":"https:\/\/www.inerco.com\/es\/medio-ambiente\/cambio-climatico-y-sostenibilidad\/","name":"Cambio Clim\u00e1tico y Sostenibilidad - INERCO","isPartOf":{"@id":"https:\/\/www.inerco.com\/es\/#website"},"datePublished":"2018-12-17T18:53:50+00:00","dateModified":"2023-09-06T17:06:01+00:00","breadcrumb":{"@id":"https:\/\/www.inerco.com\/es\/medio-ambiente\/cambio-climatico-y-sostenibilidad\/#breadcrumb"},"inLanguage":"es","potentialAction":[{"@type":"ReadAction","target":["https:\/\/www.inerco.com\/es\/medio-ambiente\/cambio-climatico-y-sostenibilidad\/"]}]},{"@type":"BreadcrumbList","@id":"https:\/\/www.inerco.com\/es\/medio-ambiente\/cambio-climatico-y-sostenibilidad\/#breadcrumb","itemListElement":[{"@type":"ListItem","position":1,"name":"Home","item":"https:\/\/www.inerco.com\/es\/"},{"@type":"ListItem","position":2,"name":"Medio Ambiente","item":"https:\/\/www.inerco.com\/es\/medio-ambiente\/"},{"@type":"ListItem","position":3,"name":"Cambio Clim\u00e1tico y Sostenibilidad"}]},{"@type":"WebSite","@id":"https:\/\/www.inerco.com\/es\/#website","url":"https:\/\/www.inerco.com\/es\/","name":"INERCO","description":"Tecnolog\u00eda, ingenier\u00eda y consultor\u00eda integral para el desarrollo industrial sostenible","potentialAction":[{"@type":"SearchAction","target":{"@type":"EntryPoint","urlTemplate":"https:\/\/www.inerco.com\/es\/?s={search_term_string}"},"query-input":{"@type":"PropertyValueSpecification","valueRequired":true,"valueName":"search_term_string"}}],"inLanguage":"es"}]}},"_links":{"self":[{"href":"https:\/\/www.inerco.com\/es\/wp-json\/wp\/v2\/pages\/1786","targetHints":{"allow":["GET"]}}],"collection":[{"href":"https:\/\/www.inerco.com\/es\/wp-json\/wp\/v2\/pages"}],"about":[{"href":"https:\/\/www.inerco.com\/es\/wp-json\/wp\/v2\/types\/page"}],"author":[{"embeddable":true,"href":"https:\/\/www.inerco.com\/es\/wp-json\/wp\/v2\/users\/1"}],"replies":[{"embeddable":true,"href":"https:\/\/www.inerco.com\/es\/wp-json\/wp\/v2\/comments?post=1786"}],"version-history":[{"count":5,"href":"https:\/\/www.inerco.com\/es\/wp-json\/wp\/v2\/pages\/1786\/revisions"}],"predecessor-version":[{"id":1806,"href":"https:\/\/www.inerco.com\/es\/wp-json\/wp\/v2\/pages\/1786\/revisions\/1806"}],"up":[{"embeddable":true,"href":"https:\/\/www.inerco.com\/es\/wp-json\/wp\/v2\/pages\/106"}],"wp:attachment":[{"href":"https:\/\/www.inerco.com\/es\/wp-json\/wp\/v2\/media?parent=1786"}],"curies":[{"name":"wp","href":"https:\/\/api.w.org\/{rel}","templated":true}]}}