{"id":1773,"date":"2018-12-17T18:45:57","date_gmt":"2018-12-17T17:45:57","guid":{"rendered":"http:\/\/82.194.72.70\/?page_id=1773"},"modified":"2023-09-06T19:10:05","modified_gmt":"2023-09-06T17:10:05","slug":"estudios-del-medio","status":"publish","type":"page","link":"https:\/\/www.inerco.com\/es\/medio-ambiente\/estudios-y-autorizaciones-ambientales\/estudios-del-medio\/","title":{"rendered":"Estudios del Medio"},"content":{"rendered":"<div class=\"wpb-content-wrapper\"><p>[vc_row css_animation=\u00bb\u00bb row_type=\u00bbrow\u00bb use_row_as_full_screen_section=\u00bbno\u00bb type=\u00bbfull_width\u00bb angled_section=\u00bbno\u00bb text_align=\u00bbleft\u00bb background_image_as_pattern=\u00bbwithout_pattern\u00bb][vc_column][vc_empty_space height=\u00bb100px\u00bb][\/vc_column][\/vc_row][vc_row css_animation=\u00bb\u00bb row_type=\u00bbrow\u00bb use_row_as_full_screen_section=\u00bbno\u00bb type=\u00bbgrid\u00bb angled_section=\u00bbno\u00bb text_align=\u00bbleft\u00bb background_image_as_pattern=\u00bbwithout_pattern\u00bb z_index=\u00bb\u00bb css=\u00bb.vc_custom_1518611434899{padding-top: 25px !important;}\u00bb][vc_column width=\u00bb3\/4&#8243;]<div class=\"custom_font_holder \" style=\" font-style: normal; font-weight: 200; text-decoration: none; text-align: left; --qode-cf-font-size: 28px; --qode-cf-line-height: 35px; --qode-cf-font-size-1440: 28px; --qode-cf-line-height-1440: 35px; --qode-cf-font-size-1366: 28px; --qode-cf-line-height-1366: 35px; --qode-cf-font-size-1280: 28px; --qode-cf-line-height-1280: 35px; --qode-cf-font-size-1024: 28px; --qode-cf-line-height-1024: 35px; --qode-cf-font-size-768: 28px; --qode-cf-line-height-768: 35px; --qode-cf-font-size-680: 28px; --qode-cf-line-height-680: 35px; --qode-cf-font-size-480: 28px; --qode-cf-line-height-480: 35px;\">La aplicaci\u00f3n de las herramientas de prevenci\u00f3n ambiental (Estudios de Impacto Ambiental, Estudios Ambientales Estrat\u00e9gicos, etc.) requiere en ocasiones un profundo conocimiento del medio. Para ello,\u00a0<strong>INERCO<\/strong>\u00a0cuenta con las herramientas y el personal t\u00e9cnico adecuado para la realizaci\u00f3n de estudios que permitan conocer la situaci\u00f3n ambiental en la que se encuentra el medio. Entre ellos:<\/div>[vc_empty_space height=\u00bb50px\u00bb][vc_row_inner row_type=\u00bbrow\u00bb type=\u00bbfull_width\u00bb text_align=\u00bbleft\u00bb css_animation=\u00bb\u00bb][vc_column_inner width=\u00bb1\/2&#8243;]<div class=\"q_icon_list\"><span aria-hidden=\"true\" class=\"qode_icon_font_elegant arrow_right qode-ili-icon-holder transparent\" style=\"color: #009640;\" ><\/span><p style=\"color:#000000;\">Estudios de Flora y Fauna (terrestre y marina).<\/p><\/div><div class=\"q_icon_list\"><span aria-hidden=\"true\" class=\"qode_icon_font_elegant arrow_right qode-ili-icon-holder transparent\" style=\"color: #009640;\" ><\/span><p style=\"color:#000000;\">Estudios de Paisaje.<\/p><\/div><div class=\"q_icon_list\"><span aria-hidden=\"true\" class=\"qode_icon_font_elegant arrow_right qode-ili-icon-holder transparent\" style=\"color: #009640;\" ><\/span><p style=\"color:#000000;\">Estudios limnol\u00f3gicos.<\/p><\/div>[\/vc_column_inner][vc_column_inner width=\u00bb1\/2&#8243;]<div class=\"q_icon_list\"><span aria-hidden=\"true\" class=\"qode_icon_font_elegant arrow_right qode-ili-icon-holder transparent\" style=\"color: #009640;\" ><\/span><p style=\"color:#000000;\">Intervenciones Arqueol\u00f3gicas.<\/p><\/div><a href=\"#gestion-social\"><div class=\"q_icon_list\"><span aria-hidden=\"true\" class=\"qode_icon_font_elegant arrow_right qode-ili-icon-holder transparent\" style=\"color: #009640;\" ><\/span><p style=\"color:#000000;\">Estudios Socioecon\u00f3micos.<\/p><\/div><\/a><div class=\"q_icon_list\"><span aria-hidden=\"true\" class=\"qode_icon_font_elegant arrow_right qode-ili-icon-holder transparent\" style=\"color: #009640;\" ><\/span><p style=\"color:#000000;\">Estudios hidrol\u00f3gicos, etc.<\/p><\/div>[\/vc_column_inner][\/vc_row_inner][vc_empty_space height=\u00bb50px\u00bb]<div class=\"custom_font_holder \" style=\" font-style: normal; font-weight: 200; text-decoration: none; text-align: left; --qode-cf-font-size: 24px; --qode-cf-line-height: 28px; --qode-cf-font-size-1440: 24px; --qode-cf-line-height-1440: 28px; --qode-cf-font-size-1366: 24px; --qode-cf-line-height-1366: 28px; --qode-cf-font-size-1280: 24px; --qode-cf-line-height-1280: 28px; --qode-cf-font-size-1024: 24px; --qode-cf-line-height-1024: 28px; --qode-cf-font-size-768: 24px; --qode-cf-line-height-768: 28px; --qode-cf-font-size-680: 24px; --qode-cf-line-height-680: 28px; --qode-cf-font-size-480: 24px; --qode-cf-line-height-480: 28px;\">Una vez ejecutado un proyecto, o puesto en marcha un plan, la legislaci\u00f3n requiere llevar a cabo un adecuado programa de Vigilancia Ambiental. La experiencia de\u00a0<strong>INERCO\u00a0<\/strong>en el seguimiento ambiental de actividades infraestructurales e industriales es amplia, entrando en los sectores de transporte, energ\u00eda, miner\u00eda, etc.<\/div>[vc_row_inner row_type=\u00bbrow\u00bb type=\u00bbfull_width\u00bb text_align=\u00bbleft\u00bb css_animation=\u00bb\u00bb el_id=\u00bbgestion-social\u00bb][vc_column_inner][vc_empty_space height=\u00bb100px\u00bb]<div class=\"custom_font_holder \" style=\" font-style: normal; font-weight: 300; color: #009640; text-decoration: none; text-align: left; --qode-cf-font-size: 28px; --qode-cf-line-height: 35px; --qode-cf-font-size-1440: 28px; --qode-cf-line-height-1440: 35px; --qode-cf-font-size-1366: 28px; --qode-cf-line-height-1366: 35px; --qode-cf-font-size-1280: 28px; --qode-cf-line-height-1280: 35px; --qode-cf-font-size-1024: 28px; --qode-cf-line-height-1024: 35px; --qode-cf-font-size-768: 28px; --qode-cf-line-height-768: 35px; --qode-cf-font-size-680: 28px; --qode-cf-line-height-680: 35px; --qode-cf-font-size-480: 28px; --qode-cf-line-height-480: 35px;\">Gesti\u00f3n Social<\/div>[vc_empty_space height=\u00bb50px\u00bb][vc_column_text]<\/p>\n<div style=\"font-size: 24px; line-height: 28px; font-weight: 300;\">\n<p>La participaci\u00f3n de la sociedad civil en el proceso de autorizaciones y en la gesti\u00f3n ambiental viene siendo asumida por las instituciones y promotores, como un factor fundamental para la sostenibilidad de los proyectos de inversi\u00f3n y desarrollo.<\/p>\n<p><strong>INERCO\u00a0<\/strong>aplica en los servicios que ofrece las directrices que decreta en materia social el marco normativo de los pa\u00edses en que opera, los convenios internacionales y los est\u00e1ndares del Banco Mundial, as\u00ed como las pol\u00edticas y estrategias de la Corporaci\u00f3n Andina de Fomento.<\/p>\n<p><strong>Gesti\u00f3n Social y apoyo comunitario\u00a0INERCO\u00a0<\/strong>dispone de especialistas soci\u00f3logos, antrop\u00f3logos y afines, con profundo conocimiento de las realidades de poblaciones rurales, comunidades ind\u00edgenas y urbanas, con experiencia en la aplicaci\u00f3n de normas nacionales e internacionales de derechos humanos y trabajo, que le pueden apoyar en el dise\u00f1o y la ejecuci\u00f3n de una moderna pol\u00edtica de responsabilidad social y proyectos de apoyo a las comunidades. Conocemos la aplicaci\u00f3n de estrategias y herramientas para la informaci\u00f3n, comunicaci\u00f3n, consulta, concertaci\u00f3n y cooperaci\u00f3n, as\u00ed como la prevenci\u00f3n y soluci\u00f3n de conflictos.<\/p>\n<\/div>\n<p>[\/vc_column_text][vc_empty_space height=\u00bb50px\u00bb]<div class=\"custom_font_holder \" style=\" font-style: normal; font-weight: 300; color: #009640; text-decoration: none; text-align: left; --qode-cf-font-size: 24px; --qode-cf-line-height: 28px; --qode-cf-font-size-1440: 24px; --qode-cf-line-height-1440: 28px; --qode-cf-font-size-1366: 24px; --qode-cf-line-height-1366: 28px; --qode-cf-font-size-1280: 24px; --qode-cf-line-height-1280: 28px; --qode-cf-font-size-1024: 24px; --qode-cf-line-height-1024: 28px; --qode-cf-font-size-768: 24px; --qode-cf-line-height-768: 28px; --qode-cf-font-size-680: 24px; --qode-cf-line-height-680: 28px; --qode-cf-font-size-480: 24px; --qode-cf-line-height-480: 28px;\">Servicios<\/div>[vc_empty_space height=\u00bb50px\u00bb][\/vc_column_inner][\/vc_row_inner][vc_row_inner row_type=\u00bbrow\u00bb type=\u00bbfull_width\u00bb text_align=\u00bbleft\u00bb css_animation=\u00bb\u00bb][vc_column_inner width=\u00bb1\/2&#8243;]<div class=\"q_icon_list\"><span aria-hidden=\"true\" class=\"qode_icon_font_elegant arrow_right qode-ili-icon-holder transparent\" style=\"color: #009640;\" ><\/span><p style=\"color:#000000;\">Estudios de Impacto Social.<\/p><\/div><div class=\"q_icon_list\"><span aria-hidden=\"true\" class=\"qode_icon_font_elegant arrow_right qode-ili-icon-holder transparent\" style=\"color: #009640;\" ><\/span><p style=\"color:#000000;\">Estudios de L\u00ednea Base Social.<\/p><\/div><div class=\"q_icon_list\"><span aria-hidden=\"true\" class=\"qode_icon_font_elegant arrow_right qode-ili-icon-holder transparent\" style=\"color: #009640;\" ><\/span><p style=\"color:#000000;\">Planes de Manejo Social; auditor\u00edas para su evaluaci\u00f3n y cumplimiento; gerencia, supervisi\u00f3n y monitoreo del cumplimiento<\/p><\/div><div class=\"q_icon_list\"><span aria-hidden=\"true\" class=\"qode_icon_font_elegant arrow_right qode-ili-icon-holder transparent\" style=\"color: #009640;\" ><\/span><p style=\"color:#000000;\">Talleres de comunicaci\u00f3n, participaci\u00f3n y consulta ciudadana.<\/p><\/div><div class=\"q_icon_list\"><span aria-hidden=\"true\" class=\"qode_icon_font_elegant arrow_right qode-ili-icon-holder transparent\" style=\"color: #009640;\" ><\/span><p style=\"color:#000000;\">Audiencias p\u00fablicas.<\/p><\/div><div class=\"q_icon_list\"><span aria-hidden=\"true\" class=\"qode_icon_font_elegant arrow_right qode-ili-icon-holder transparent\" style=\"color: #009640;\" ><\/span><p style=\"color:#000000;\">Auditor\u00edas para cualificaci\u00f3n y cuantificaci\u00f3n de Pasivos Sociales.<\/p><\/div><div class=\"q_icon_list\"><span aria-hidden=\"true\" class=\"qode_icon_font_elegant arrow_right qode-ili-icon-holder transparent\" style=\"color: #009640;\" ><\/span><p style=\"color:#000000;\">Gesti\u00f3n de Pasivos Sociales (Litigios, Transe\u00fantes, Conflictos).<\/p><\/div><div class=\"q_icon_list\"><span aria-hidden=\"true\" class=\"qode_icon_font_elegant arrow_right qode-ili-icon-holder transparent\" style=\"color: #009640;\" ><\/span><p style=\"color:#000000;\">Otros Elementos de Potencial Preocupaci\u00f3n Socio Ambiental que puedan ser identificados en el sitio y que puedan representar un riesgo a las operaciones que se ejecutan o se van a ejecutar en la propiedad.<\/p><\/div><div class=\"q_icon_list\"><span aria-hidden=\"true\" class=\"qode_icon_font_elegant arrow_right qode-ili-icon-holder transparent\" style=\"color: #009640;\" ><\/span><p style=\"color:#000000;\">Negociaci\u00f3n, mediaci\u00f3n, soluci\u00f3n de conflictos.<\/p><\/div>[\/vc_column_inner][vc_column_inner width=\u00bb1\/2&#8243;]<div class=\"q_icon_list\"><span aria-hidden=\"true\" class=\"qode_icon_font_elegant arrow_right qode-ili-icon-holder transparent\" style=\"color: #009640;\" ><\/span><p style=\"color:#000000;\">Responsabilidad Social Corporativa:<\/p><\/div><div class=\"q_icon_list\"><p style=\"color:#000000;\">o Diagn\u00f3stico socio-laboral inicial.<\/p><\/div><div class=\"q_icon_list\"><p style=\"color:#000000;\">o Identificaci\u00f3n de stakeholders e impactos, matriz de riesgo\/beneficios.<\/p><\/div><div class=\"q_icon_list\"><p style=\"color:#000000;\">o Apoyo en la formulaci\u00f3n de visi\u00f3n, misi\u00f3n, pol\u00edtica, objetivos, y metas corporativas; aplicaci\u00f3n de indicadores.<\/p><\/div><div class=\"q_icon_list\"><p style=\"color:#000000;\">o Revisi\u00f3n de la legislaci\u00f3n nacional y est\u00e1ndares internacionales aplicables.<\/p><\/div><div class=\"q_icon_list\"><p style=\"color:#000000;\">o Implementaci\u00f3n de sistemas de gesti\u00f3n.<\/p><\/div><div class=\"q_icon_list\"><p style=\"color:#000000;\">o Elaboraci\u00f3n de balances socio-laborales\/memorias de sostenibilidad(Global Reporting Guidelines, Balance Social de la OIT, Communication on Progress del Pacto Mundial las Naciones Unidas).<\/p><\/div><div class=\"q_icon_list\"><p style=\"color:#000000;\">o Formaci\u00f3n y Capacitaci\u00f3n in house para gerentes, personal administrativo y trabajadores.<\/p><\/div><div class=\"q_icon_list\"><p style=\"color:#000000;\">o Cursos especiales para PYMEs.<\/p><\/div><div class=\"q_icon_list\"><p style=\"color:#000000;\">o Formaci\u00f3n de capacitadores y promotores (multiplicadores).<\/p><\/div>[\/vc_column_inner][\/vc_row_inner][\/vc_column][vc_column width=\u00bb1\/4&#8243;][vc_widget_sidebar sidebar_id=\u00bbMedio Ambiente &#8211; Luis Toscano\u00bb][\/vc_column][\/vc_row][vc_row css_animation=\u00bb\u00bb row_type=\u00bbrow\u00bb use_row_as_full_screen_section=\u00bbno\u00bb type=\u00bbfull_width\u00bb angled_section=\u00bbno\u00bb text_align=\u00bbleft\u00bb background_image_as_pattern=\u00bbwithout_pattern\u00bb][vc_column][vc_empty_space height=\u00bb50px\u00bb][\/vc_column][\/vc_row]<\/p>\n<\/div>","protected":false},"excerpt":{"rendered":"<p>[vc_row css_animation=\u00bb\u00bb row_type=\u00bbrow\u00bb use_row_as_full_screen_section=\u00bbno\u00bb type=\u00bbfull_width\u00bb angled_section=\u00bbno\u00bb text_align=\u00bbleft\u00bb background_image_as_pattern=\u00bbwithout_pattern\u00bb][vc_column][vc_empty_space height=\u00bb100px\u00bb][\/vc_column][\/vc_row][vc_row css_animation=\u00bb\u00bb row_type=\u00bbrow\u00bb use_row_as_full_screen_section=\u00bbno\u00bb type=\u00bbgrid\u00bb angled_section=\u00bbno\u00bb text_align=\u00bbleft\u00bb&#8230;<\/p>\n","protected":false},"author":1,"featured_media":0,"parent":620,"menu_order":3,"comment_status":"closed","ping_status":"closed","template":"","meta":{"footnotes":""},"class_list":["post-1773","page","type-page","status-publish","hentry"],"yoast_head":"<!-- This site is optimized with the Yoast SEO plugin v27.3 - https:\/\/yoast.com\/product\/yoast-seo-wordpress\/ -->\n<title>Estudios del Medio - INERCO<\/title>\n<meta name=\"robots\" content=\"index, follow, max-snippet:-1, max-image-preview:large, max-video-preview:-1\" \/>\n<link rel=\"canonical\" href=\"https:\/\/www.inerco.com\/es\/medio-ambiente\/estudios-y-autorizaciones-ambientales\/estudios-del-medio\/\" \/>\n<meta property=\"og:locale\" content=\"es_ES\" \/>\n<meta property=\"og:type\" content=\"article\" \/>\n<meta property=\"og:title\" content=\"Estudios del Medio - INERCO\" \/>\n<meta property=\"og:description\" content=\"[vc_row css_animation=\u00bb\u00bb row_type=\u00bbrow\u00bb use_row_as_full_screen_section=\u00bbno\u00bb type=\u00bbfull_width\u00bb angled_section=\u00bbno\u00bb text_align=\u00bbleft\u00bb background_image_as_pattern=\u00bbwithout_pattern\u00bb][vc_column][vc_empty_space height=\u00bb100px\u00bb][\/vc_column][\/vc_row][vc_row css_animation=\u00bb\u00bb row_type=\u00bbrow\u00bb use_row_as_full_screen_section=\u00bbno\u00bb type=\u00bbgrid\u00bb angled_section=\u00bbno\u00bb text_align=\u00bbleft\u00bb...\" \/>\n<meta property=\"og:url\" content=\"https:\/\/www.inerco.com\/es\/medio-ambiente\/estudios-y-autorizaciones-ambientales\/estudios-del-medio\/\" \/>\n<meta property=\"og:site_name\" content=\"INERCO\" \/>\n<meta property=\"article:modified_time\" content=\"2023-09-06T17:10:05+00:00\" \/>\n<meta name=\"twitter:card\" content=\"summary_large_image\" \/>\n<meta name=\"twitter:site\" content=\"@Inerco_\" \/>\n<script type=\"application\/ld+json\" class=\"yoast-schema-graph\">{\"@context\":\"https:\\\/\\\/schema.org\",\"@graph\":[{\"@type\":\"WebPage\",\"@id\":\"https:\\\/\\\/www.inerco.com\\\/es\\\/medio-ambiente\\\/estudios-y-autorizaciones-ambientales\\\/estudios-del-medio\\\/\",\"url\":\"https:\\\/\\\/www.inerco.com\\\/es\\\/medio-ambiente\\\/estudios-y-autorizaciones-ambientales\\\/estudios-del-medio\\\/\",\"name\":\"Estudios del Medio - INERCO\",\"isPartOf\":{\"@id\":\"https:\\\/\\\/www.inerco.com\\\/es\\\/#website\"},\"datePublished\":\"2018-12-17T17:45:57+00:00\",\"dateModified\":\"2023-09-06T17:10:05+00:00\",\"breadcrumb\":{\"@id\":\"https:\\\/\\\/www.inerco.com\\\/es\\\/medio-ambiente\\\/estudios-y-autorizaciones-ambientales\\\/estudios-del-medio\\\/#breadcrumb\"},\"inLanguage\":\"es\",\"potentialAction\":[{\"@type\":\"ReadAction\",\"target\":[\"https:\\\/\\\/www.inerco.com\\\/es\\\/medio-ambiente\\\/estudios-y-autorizaciones-ambientales\\\/estudios-del-medio\\\/\"]}]},{\"@type\":\"BreadcrumbList\",\"@id\":\"https:\\\/\\\/www.inerco.com\\\/es\\\/medio-ambiente\\\/estudios-y-autorizaciones-ambientales\\\/estudios-del-medio\\\/#breadcrumb\",\"itemListElement\":[{\"@type\":\"ListItem\",\"position\":1,\"name\":\"Home\",\"item\":\"https:\\\/\\\/www.inerco.com\\\/es\\\/\"},{\"@type\":\"ListItem\",\"position\":2,\"name\":\"Medio Ambiente\",\"item\":\"https:\\\/\\\/www.inerco.com\\\/es\\\/medio-ambiente\\\/\"},{\"@type\":\"ListItem\",\"position\":3,\"name\":\"Estudios y Autorizaciones Ambientales\",\"item\":\"https:\\\/\\\/www.inerco.com\\\/es\\\/medio-ambiente\\\/estudios-y-autorizaciones-ambientales\\\/\"},{\"@type\":\"ListItem\",\"position\":4,\"name\":\"Estudios del Medio\"}]},{\"@type\":\"WebSite\",\"@id\":\"https:\\\/\\\/www.inerco.com\\\/es\\\/#website\",\"url\":\"https:\\\/\\\/www.inerco.com\\\/es\\\/\",\"name\":\"INERCO\",\"description\":\"Tecnolog\u00eda, ingenier\u00eda y consultor\u00eda integral para el desarrollo industrial sostenible\",\"potentialAction\":[{\"@type\":\"SearchAction\",\"target\":{\"@type\":\"EntryPoint\",\"urlTemplate\":\"https:\\\/\\\/www.inerco.com\\\/es\\\/?s={search_term_string}\"},\"query-input\":{\"@type\":\"PropertyValueSpecification\",\"valueRequired\":true,\"valueName\":\"search_term_string\"}}],\"inLanguage\":\"es\"}]}<\/script>\n<!-- \/ Yoast SEO plugin. -->","yoast_head_json":{"title":"Estudios del Medio - INERCO","robots":{"index":"index","follow":"follow","max-snippet":"max-snippet:-1","max-image-preview":"max-image-preview:large","max-video-preview":"max-video-preview:-1"},"canonical":"https:\/\/www.inerco.com\/es\/medio-ambiente\/estudios-y-autorizaciones-ambientales\/estudios-del-medio\/","og_locale":"es_ES","og_type":"article","og_title":"Estudios del Medio - INERCO","og_description":"[vc_row css_animation=\u00bb\u00bb row_type=\u00bbrow\u00bb use_row_as_full_screen_section=\u00bbno\u00bb type=\u00bbfull_width\u00bb angled_section=\u00bbno\u00bb text_align=\u00bbleft\u00bb background_image_as_pattern=\u00bbwithout_pattern\u00bb][vc_column][vc_empty_space height=\u00bb100px\u00bb][\/vc_column][\/vc_row][vc_row css_animation=\u00bb\u00bb row_type=\u00bbrow\u00bb use_row_as_full_screen_section=\u00bbno\u00bb type=\u00bbgrid\u00bb angled_section=\u00bbno\u00bb text_align=\u00bbleft\u00bb...","og_url":"https:\/\/www.inerco.com\/es\/medio-ambiente\/estudios-y-autorizaciones-ambientales\/estudios-del-medio\/","og_site_name":"INERCO","article_modified_time":"2023-09-06T17:10:05+00:00","twitter_card":"summary_large_image","twitter_site":"@Inerco_","schema":{"@context":"https:\/\/schema.org","@graph":[{"@type":"WebPage","@id":"https:\/\/www.inerco.com\/es\/medio-ambiente\/estudios-y-autorizaciones-ambientales\/estudios-del-medio\/","url":"https:\/\/www.inerco.com\/es\/medio-ambiente\/estudios-y-autorizaciones-ambientales\/estudios-del-medio\/","name":"Estudios del Medio - INERCO","isPartOf":{"@id":"https:\/\/www.inerco.com\/es\/#website"},"datePublished":"2018-12-17T17:45:57+00:00","dateModified":"2023-09-06T17:10:05+00:00","breadcrumb":{"@id":"https:\/\/www.inerco.com\/es\/medio-ambiente\/estudios-y-autorizaciones-ambientales\/estudios-del-medio\/#breadcrumb"},"inLanguage":"es","potentialAction":[{"@type":"ReadAction","target":["https:\/\/www.inerco.com\/es\/medio-ambiente\/estudios-y-autorizaciones-ambientales\/estudios-del-medio\/"]}]},{"@type":"BreadcrumbList","@id":"https:\/\/www.inerco.com\/es\/medio-ambiente\/estudios-y-autorizaciones-ambientales\/estudios-del-medio\/#breadcrumb","itemListElement":[{"@type":"ListItem","position":1,"name":"Home","item":"https:\/\/www.inerco.com\/es\/"},{"@type":"ListItem","position":2,"name":"Medio Ambiente","item":"https:\/\/www.inerco.com\/es\/medio-ambiente\/"},{"@type":"ListItem","position":3,"name":"Estudios y Autorizaciones Ambientales","item":"https:\/\/www.inerco.com\/es\/medio-ambiente\/estudios-y-autorizaciones-ambientales\/"},{"@type":"ListItem","position":4,"name":"Estudios del Medio"}]},{"@type":"WebSite","@id":"https:\/\/www.inerco.com\/es\/#website","url":"https:\/\/www.inerco.com\/es\/","name":"INERCO","description":"Tecnolog\u00eda, ingenier\u00eda y consultor\u00eda integral para el desarrollo industrial sostenible","potentialAction":[{"@type":"SearchAction","target":{"@type":"EntryPoint","urlTemplate":"https:\/\/www.inerco.com\/es\/?s={search_term_string}"},"query-input":{"@type":"PropertyValueSpecification","valueRequired":true,"valueName":"search_term_string"}}],"inLanguage":"es"}]}},"_links":{"self":[{"href":"https:\/\/www.inerco.com\/es\/wp-json\/wp\/v2\/pages\/1773","targetHints":{"allow":["GET"]}}],"collection":[{"href":"https:\/\/www.inerco.com\/es\/wp-json\/wp\/v2\/pages"}],"about":[{"href":"https:\/\/www.inerco.com\/es\/wp-json\/wp\/v2\/types\/page"}],"author":[{"embeddable":true,"href":"https:\/\/www.inerco.com\/es\/wp-json\/wp\/v2\/users\/1"}],"replies":[{"embeddable":true,"href":"https:\/\/www.inerco.com\/es\/wp-json\/wp\/v2\/comments?post=1773"}],"version-history":[{"count":4,"href":"https:\/\/www.inerco.com\/es\/wp-json\/wp\/v2\/pages\/1773\/revisions"}],"predecessor-version":[{"id":1778,"href":"https:\/\/www.inerco.com\/es\/wp-json\/wp\/v2\/pages\/1773\/revisions\/1778"}],"up":[{"embeddable":true,"href":"https:\/\/www.inerco.com\/es\/wp-json\/wp\/v2\/pages\/620"}],"wp:attachment":[{"href":"https:\/\/www.inerco.com\/es\/wp-json\/wp\/v2\/media?parent=1773"}],"curies":[{"name":"wp","href":"https:\/\/api.w.org\/{rel}","templated":true}]}}