{"id":1699,"date":"2018-12-17T13:05:36","date_gmt":"2018-12-17T12:05:36","guid":{"rendered":"http:\/\/82.194.72.70\/?page_id=1699"},"modified":"2018-12-20T08:57:01","modified_gmt":"2018-12-20T07:57:01","slug":"investigacion-de-suelos-y-aguas-subterraneas","status":"publish","type":"page","link":"https:\/\/www.inerco.com\/es\/tecnologia-ambiental\/suelos-y-aguas-subterraneas\/investigacion-de-suelos-y-aguas-subterraneas\/","title":{"rendered":"Investigaci\u00f3n de Suelos y Aguas Subterr\u00e1neas"},"content":{"rendered":"<div class=\"wpb-content-wrapper\"><p>[vc_row css_animation=\u00bb\u00bb row_type=\u00bbrow\u00bb use_row_as_full_screen_section=\u00bbno\u00bb type=\u00bbfull_width\u00bb angled_section=\u00bbno\u00bb text_align=\u00bbleft\u00bb background_image_as_pattern=\u00bbwithout_pattern\u00bb][vc_column][vc_empty_space height=\u00bb80px\u00bb][\/vc_column][\/vc_row][vc_row css_animation=\u00bb\u00bb row_type=\u00bbrow\u00bb use_row_as_full_screen_section=\u00bbno\u00bb type=\u00bbgrid\u00bb angled_section=\u00bbno\u00bb text_align=\u00bbleft\u00bb background_image_as_pattern=\u00bbwithout_pattern\u00bb z_index=\u00bb\u00bb][vc_column width=\u00bb3\/4&#8243; offset=\u00bbvc_hidden-sm vc_hidden-xs\u00bb][vc_empty_space height=\u00bb50px\u00bb]<div class=\"custom_font_holder \" style=\" font-style: normal; font-weight: 300; color: #009640; text-decoration: none; text-align: left; --qode-cf-font-size: 25px; --qode-cf-line-height: 30px; --qode-cf-font-size-1440: 25px; --qode-cf-line-height-1440: 30px; --qode-cf-font-size-1366: 25px; --qode-cf-line-height-1366: 30px; --qode-cf-font-size-1280: 25px; --qode-cf-line-height-1280: 30px; --qode-cf-font-size-1024: 25px; --qode-cf-line-height-1024: 30px; --qode-cf-font-size-768: 25px; --qode-cf-line-height-768: 30px; --qode-cf-font-size-680: 25px; --qode-cf-line-height-680: 30px; --qode-cf-font-size-480: 25px; --qode-cf-line-height-480: 30px;\"><strong>Seguimiento y control de suelos y aguas subterr\u00e1neas<\/strong><\/div>[vc_empty_space]<div class=\"custom_font_holder \" style=\" font-style: normal; font-weight: 300; color: #009640; text-decoration: none; text-align: left; --qode-cf-font-size: 25px; --qode-cf-line-height: 30px; --qode-cf-font-size-1440: 25px; --qode-cf-line-height-1440: 30px; --qode-cf-font-size-1366: 25px; --qode-cf-line-height-1366: 30px; --qode-cf-font-size-1280: 25px; --qode-cf-line-height-1280: 30px; --qode-cf-font-size-1024: 25px; --qode-cf-line-height-1024: 30px; --qode-cf-font-size-768: 25px; --qode-cf-line-height-768: 30px; --qode-cf-font-size-680: 25px; --qode-cf-line-height-680: 30px; --qode-cf-font-size-480: 25px; --qode-cf-line-height-480: 30px;\"><strong>Inspecci\u00f3n de la calidad \/ estudios de car\u00e1cter exploratorio<\/strong><\/div>[vc_empty_space]<div class=\"q_icon_list\"><span aria-hidden=\"true\" class=\"qode_icon_font_elegant arrow_right qode-ili-icon-holder transparent\" style=\"color: #009640;\" ><\/span><p style=\"\">Estudios geol\u00f3gicos e hidrogeol\u00f3gicos.<\/p><\/div><div class=\"q_icon_list\"><span aria-hidden=\"true\" class=\"qode_icon_font_elegant arrow_right qode-ili-icon-holder transparent\" style=\"color: #009640;\" ><\/span><p style=\"\">Ejecuci\u00f3n de sondeos, piez\u00f3metros y captadores de vapores.<\/p><\/div><div class=\"q_icon_list\"><span aria-hidden=\"true\" class=\"qode_icon_font_elegant arrow_right qode-ili-icon-holder transparent\" style=\"color: #009640;\" ><\/span><p style=\"\">Muestreo de suelos, aguas subterr\u00e1neas y gases de suelos.<\/p><\/div><div class=\"q_icon_list\"><span aria-hidden=\"true\" class=\"qode_icon_font_elegant arrow_right qode-ili-icon-holder transparent\" style=\"color: #009640;\" ><\/span><p style=\"\">An\u00e1lisis qu\u00edmicos in situ y en laboratorio.<\/p><\/div>[vc_empty_space]<div class=\"custom_font_holder \" style=\" font-style: normal; font-weight: 300; color: #009640; text-decoration: none; text-align: left; --qode-cf-font-size: 25px; --qode-cf-line-height: 30px; --qode-cf-font-size-1440: 25px; --qode-cf-line-height-1440: 30px; --qode-cf-font-size-1366: 25px; --qode-cf-line-height-1366: 30px; --qode-cf-font-size-1280: 25px; --qode-cf-line-height-1280: 30px; --qode-cf-font-size-1024: 25px; --qode-cf-line-height-1024: 30px; --qode-cf-font-size-768: 25px; --qode-cf-line-height-768: 30px; --qode-cf-font-size-680: 25px; --qode-cf-line-height-680: 30px; --qode-cf-font-size-480: 25px; --qode-cf-line-height-480: 30px;\"><strong>Investigaci\u00f3n de detalle de la afecci\u00f3n<\/strong><\/div>[vc_empty_space]<div class=\"q_icon_list\"><span aria-hidden=\"true\" class=\"qode_icon_font_elegant arrow_right qode-ili-icon-holder transparent\" style=\"color: #009640;\" ><\/span><p style=\"\">Estudios geol\u00f3gicos de detalle.<\/p><\/div><div class=\"q_icon_list\"><span aria-hidden=\"true\" class=\"qode_icon_font_elegant arrow_right qode-ili-icon-holder transparent\" style=\"color: #009640;\" ><\/span><p style=\"\">Estudios geof\u00edsicos.<\/p><\/div><div class=\"q_icon_list\"><span aria-hidden=\"true\" class=\"qode_icon_font_elegant arrow_right qode-ili-icon-holder transparent\" style=\"color: #009640;\" ><\/span><p style=\"\">Estudios de gases del suelo.<\/p><\/div><div class=\"q_icon_list\"><span aria-hidden=\"true\" class=\"qode_icon_font_elegant arrow_right qode-ili-icon-holder transparent\" style=\"color: #009640;\" ><\/span><p style=\"\">Estudios hidrogeol\u00f3gicos e hidrogeoqu\u00edmicos.<\/p><\/div><div class=\"q_icon_list\"><span aria-hidden=\"true\" class=\"qode_icon_font_elegant arrow_right qode-ili-icon-holder transparent\" style=\"color: #009640;\" ><\/span><p style=\"\">Estudios de vulnerabilidad y protecci\u00f3n de masas de aguas.<\/p><\/div><div class=\"q_icon_list\"><span aria-hidden=\"true\" class=\"qode_icon_font_elegant arrow_right qode-ili-icon-holder transparent\" style=\"color: #009640;\" ><\/span><p style=\"\">Ensayos de bombeo.<\/p><\/div><div class=\"q_icon_list\"><span aria-hidden=\"true\" class=\"qode_icon_font_elegant arrow_right qode-ili-icon-holder transparent\" style=\"color: #009640;\" ><\/span><p style=\"\">Modelizaci\u00f3n de la zona satura y no saturada.<\/p><\/div>[vc_empty_space]<div class=\"custom_font_holder \" style=\" font-style: normal; font-weight: 300; color: #009640; text-decoration: none; text-align: left; --qode-cf-font-size: 25px; --qode-cf-line-height: 30px; --qode-cf-font-size-1440: 25px; --qode-cf-line-height-1440: 30px; --qode-cf-font-size-1366: 25px; --qode-cf-line-height-1366: 30px; --qode-cf-font-size-1280: 25px; --qode-cf-line-height-1280: 30px; --qode-cf-font-size-1024: 25px; --qode-cf-line-height-1024: 30px; --qode-cf-font-size-768: 25px; --qode-cf-line-height-768: 30px; --qode-cf-font-size-680: 25px; --qode-cf-line-height-680: 30px; --qode-cf-font-size-480: 25px; --qode-cf-line-height-480: 30px;\"><strong>Valoraci\u00f3n de riesgos para la salud humana y ecosistemas<\/strong><\/div>[vc_empty_space height=\u00bb40px\u00bb][\/vc_column][vc_column width=\u00bb1\/4&#8243; offset=\u00bbvc_hidden-sm vc_hidden-xs\u00bb][vc_widget_sidebar sidebar_id=\u00bbSuelos\u00bb][\/vc_column][\/vc_row][vc_row css_animation=\u00bb\u00bb row_type=\u00bbrow\u00bb use_row_as_full_screen_section=\u00bbno\u00bb type=\u00bbfull_width\u00bb angled_section=\u00bbno\u00bb text_align=\u00bbleft\u00bb background_image_as_pattern=\u00bbwithout_pattern\u00bb][vc_column][vc_empty_space height=\u00bb50px\u00bb][\/vc_column][\/vc_row]<\/p>\n<\/div>","protected":false},"excerpt":{"rendered":"<p>[vc_row css_animation=\u00bb\u00bb row_type=\u00bbrow\u00bb use_row_as_full_screen_section=\u00bbno\u00bb type=\u00bbfull_width\u00bb angled_section=\u00bbno\u00bb text_align=\u00bbleft\u00bb background_image_as_pattern=\u00bbwithout_pattern\u00bb][vc_column][vc_empty_space height=\u00bb80px\u00bb][\/vc_column][\/vc_row][vc_row css_animation=\u00bb\u00bb row_type=\u00bbrow\u00bb use_row_as_full_screen_section=\u00bbno\u00bb type=\u00bbgrid\u00bb angled_section=\u00bbno\u00bb text_align=\u00bbleft\u00bb&#8230;<\/p>\n","protected":false},"author":1,"featured_media":0,"parent":1684,"menu_order":2,"comment_status":"closed","ping_status":"closed","template":"","meta":{"footnotes":""},"class_list":["post-1699","page","type-page","status-publish","hentry"],"yoast_head":"<!-- This site is optimized with the Yoast SEO plugin v26.4 - https:\/\/yoast.com\/wordpress\/plugins\/seo\/ -->\n<title>Investigaci\u00f3n de Suelos y Aguas Subterr\u00e1neas - INERCO<\/title>\n<meta name=\"robots\" content=\"index, follow, max-snippet:-1, max-image-preview:large, max-video-preview:-1\" \/>\n<link rel=\"canonical\" href=\"https:\/\/www.inerco.com\/es\/tecnologia-ambiental\/suelos-y-aguas-subterraneas\/investigacion-de-suelos-y-aguas-subterraneas\/\" \/>\n<meta property=\"og:locale\" content=\"es_ES\" \/>\n<meta property=\"og:type\" content=\"article\" \/>\n<meta property=\"og:title\" content=\"Investigaci\u00f3n de Suelos y Aguas Subterr\u00e1neas - INERCO\" \/>\n<meta property=\"og:description\" content=\"[vc_row css_animation=\u00bb\u00bb row_type=\u00bbrow\u00bb use_row_as_full_screen_section=\u00bbno\u00bb type=\u00bbfull_width\u00bb angled_section=\u00bbno\u00bb text_align=\u00bbleft\u00bb background_image_as_pattern=\u00bbwithout_pattern\u00bb][vc_column][vc_empty_space height=\u00bb80px\u00bb][\/vc_column][\/vc_row][vc_row css_animation=\u00bb\u00bb row_type=\u00bbrow\u00bb use_row_as_full_screen_section=\u00bbno\u00bb type=\u00bbgrid\u00bb angled_section=\u00bbno\u00bb text_align=\u00bbleft\u00bb...\" \/>\n<meta property=\"og:url\" content=\"https:\/\/www.inerco.com\/es\/tecnologia-ambiental\/suelos-y-aguas-subterraneas\/investigacion-de-suelos-y-aguas-subterraneas\/\" \/>\n<meta property=\"og:site_name\" content=\"INERCO\" \/>\n<meta property=\"article:modified_time\" content=\"2018-12-20T07:57:01+00:00\" \/>\n<meta name=\"twitter:card\" content=\"summary_large_image\" \/>\n<meta name=\"twitter:site\" content=\"@Inerco_\" \/>\n<script type=\"application\/ld+json\" class=\"yoast-schema-graph\">{\"@context\":\"https:\/\/schema.org\",\"@graph\":[{\"@type\":\"WebPage\",\"@id\":\"https:\/\/www.inerco.com\/es\/tecnologia-ambiental\/suelos-y-aguas-subterraneas\/investigacion-de-suelos-y-aguas-subterraneas\/\",\"url\":\"https:\/\/www.inerco.com\/es\/tecnologia-ambiental\/suelos-y-aguas-subterraneas\/investigacion-de-suelos-y-aguas-subterraneas\/\",\"name\":\"Investigaci\u00f3n de Suelos y Aguas Subterr\u00e1neas - INERCO\",\"isPartOf\":{\"@id\":\"https:\/\/www.inerco.com\/es\/#website\"},\"datePublished\":\"2018-12-17T12:05:36+00:00\",\"dateModified\":\"2018-12-20T07:57:01+00:00\",\"breadcrumb\":{\"@id\":\"https:\/\/www.inerco.com\/es\/tecnologia-ambiental\/suelos-y-aguas-subterraneas\/investigacion-de-suelos-y-aguas-subterraneas\/#breadcrumb\"},\"inLanguage\":\"es\",\"potentialAction\":[{\"@type\":\"ReadAction\",\"target\":[\"https:\/\/www.inerco.com\/es\/tecnologia-ambiental\/suelos-y-aguas-subterraneas\/investigacion-de-suelos-y-aguas-subterraneas\/\"]}]},{\"@type\":\"BreadcrumbList\",\"@id\":\"https:\/\/www.inerco.com\/es\/tecnologia-ambiental\/suelos-y-aguas-subterraneas\/investigacion-de-suelos-y-aguas-subterraneas\/#breadcrumb\",\"itemListElement\":[{\"@type\":\"ListItem\",\"position\":1,\"name\":\"Home\",\"item\":\"https:\/\/www.inerco.com\/es\/\"},{\"@type\":\"ListItem\",\"position\":2,\"name\":\"Tecnolog\u00eda Ambiental\",\"item\":\"https:\/\/www.inerco.com\/es\/tecnologia-ambiental\/\"},{\"@type\":\"ListItem\",\"position\":3,\"name\":\"Suelos y Aguas subterr\u00e1neas\",\"item\":\"https:\/\/www.inerco.com\/es\/tecnologia-ambiental\/suelos-y-aguas-subterraneas\/\"},{\"@type\":\"ListItem\",\"position\":4,\"name\":\"Investigaci\u00f3n de Suelos y Aguas Subterr\u00e1neas\"}]},{\"@type\":\"WebSite\",\"@id\":\"https:\/\/www.inerco.com\/es\/#website\",\"url\":\"https:\/\/www.inerco.com\/es\/\",\"name\":\"INERCO\",\"description\":\"Tecnolog\u00eda, ingenier\u00eda y consultor\u00eda integral para el desarrollo industrial sostenible\",\"potentialAction\":[{\"@type\":\"SearchAction\",\"target\":{\"@type\":\"EntryPoint\",\"urlTemplate\":\"https:\/\/www.inerco.com\/es\/?s={search_term_string}\"},\"query-input\":{\"@type\":\"PropertyValueSpecification\",\"valueRequired\":true,\"valueName\":\"search_term_string\"}}],\"inLanguage\":\"es\"}]}<\/script>\n<!-- \/ Yoast SEO plugin. -->","yoast_head_json":{"title":"Investigaci\u00f3n de Suelos y Aguas Subterr\u00e1neas - INERCO","robots":{"index":"index","follow":"follow","max-snippet":"max-snippet:-1","max-image-preview":"max-image-preview:large","max-video-preview":"max-video-preview:-1"},"canonical":"https:\/\/www.inerco.com\/es\/tecnologia-ambiental\/suelos-y-aguas-subterraneas\/investigacion-de-suelos-y-aguas-subterraneas\/","og_locale":"es_ES","og_type":"article","og_title":"Investigaci\u00f3n de Suelos y Aguas Subterr\u00e1neas - INERCO","og_description":"[vc_row css_animation=\u00bb\u00bb row_type=\u00bbrow\u00bb use_row_as_full_screen_section=\u00bbno\u00bb type=\u00bbfull_width\u00bb angled_section=\u00bbno\u00bb text_align=\u00bbleft\u00bb background_image_as_pattern=\u00bbwithout_pattern\u00bb][vc_column][vc_empty_space height=\u00bb80px\u00bb][\/vc_column][\/vc_row][vc_row css_animation=\u00bb\u00bb row_type=\u00bbrow\u00bb use_row_as_full_screen_section=\u00bbno\u00bb type=\u00bbgrid\u00bb angled_section=\u00bbno\u00bb text_align=\u00bbleft\u00bb...","og_url":"https:\/\/www.inerco.com\/es\/tecnologia-ambiental\/suelos-y-aguas-subterraneas\/investigacion-de-suelos-y-aguas-subterraneas\/","og_site_name":"INERCO","article_modified_time":"2018-12-20T07:57:01+00:00","twitter_card":"summary_large_image","twitter_site":"@Inerco_","schema":{"@context":"https:\/\/schema.org","@graph":[{"@type":"WebPage","@id":"https:\/\/www.inerco.com\/es\/tecnologia-ambiental\/suelos-y-aguas-subterraneas\/investigacion-de-suelos-y-aguas-subterraneas\/","url":"https:\/\/www.inerco.com\/es\/tecnologia-ambiental\/suelos-y-aguas-subterraneas\/investigacion-de-suelos-y-aguas-subterraneas\/","name":"Investigaci\u00f3n de Suelos y Aguas Subterr\u00e1neas - INERCO","isPartOf":{"@id":"https:\/\/www.inerco.com\/es\/#website"},"datePublished":"2018-12-17T12:05:36+00:00","dateModified":"2018-12-20T07:57:01+00:00","breadcrumb":{"@id":"https:\/\/www.inerco.com\/es\/tecnologia-ambiental\/suelos-y-aguas-subterraneas\/investigacion-de-suelos-y-aguas-subterraneas\/#breadcrumb"},"inLanguage":"es","potentialAction":[{"@type":"ReadAction","target":["https:\/\/www.inerco.com\/es\/tecnologia-ambiental\/suelos-y-aguas-subterraneas\/investigacion-de-suelos-y-aguas-subterraneas\/"]}]},{"@type":"BreadcrumbList","@id":"https:\/\/www.inerco.com\/es\/tecnologia-ambiental\/suelos-y-aguas-subterraneas\/investigacion-de-suelos-y-aguas-subterraneas\/#breadcrumb","itemListElement":[{"@type":"ListItem","position":1,"name":"Home","item":"https:\/\/www.inerco.com\/es\/"},{"@type":"ListItem","position":2,"name":"Tecnolog\u00eda Ambiental","item":"https:\/\/www.inerco.com\/es\/tecnologia-ambiental\/"},{"@type":"ListItem","position":3,"name":"Suelos y Aguas subterr\u00e1neas","item":"https:\/\/www.inerco.com\/es\/tecnologia-ambiental\/suelos-y-aguas-subterraneas\/"},{"@type":"ListItem","position":4,"name":"Investigaci\u00f3n de Suelos y Aguas Subterr\u00e1neas"}]},{"@type":"WebSite","@id":"https:\/\/www.inerco.com\/es\/#website","url":"https:\/\/www.inerco.com\/es\/","name":"INERCO","description":"Tecnolog\u00eda, ingenier\u00eda y consultor\u00eda integral para el desarrollo industrial sostenible","potentialAction":[{"@type":"SearchAction","target":{"@type":"EntryPoint","urlTemplate":"https:\/\/www.inerco.com\/es\/?s={search_term_string}"},"query-input":{"@type":"PropertyValueSpecification","valueRequired":true,"valueName":"search_term_string"}}],"inLanguage":"es"}]}},"_links":{"self":[{"href":"https:\/\/www.inerco.com\/es\/wp-json\/wp\/v2\/pages\/1699","targetHints":{"allow":["GET"]}}],"collection":[{"href":"https:\/\/www.inerco.com\/es\/wp-json\/wp\/v2\/pages"}],"about":[{"href":"https:\/\/www.inerco.com\/es\/wp-json\/wp\/v2\/types\/page"}],"author":[{"embeddable":true,"href":"https:\/\/www.inerco.com\/es\/wp-json\/wp\/v2\/users\/1"}],"replies":[{"embeddable":true,"href":"https:\/\/www.inerco.com\/es\/wp-json\/wp\/v2\/comments?post=1699"}],"version-history":[{"count":4,"href":"https:\/\/www.inerco.com\/es\/wp-json\/wp\/v2\/pages\/1699\/revisions"}],"predecessor-version":[{"id":1711,"href":"https:\/\/www.inerco.com\/es\/wp-json\/wp\/v2\/pages\/1699\/revisions\/1711"}],"up":[{"embeddable":true,"href":"https:\/\/www.inerco.com\/es\/wp-json\/wp\/v2\/pages\/1684"}],"wp:attachment":[{"href":"https:\/\/www.inerco.com\/es\/wp-json\/wp\/v2\/media?parent=1699"}],"curies":[{"name":"wp","href":"https:\/\/api.w.org\/{rel}","templated":true}]}}