{"id":1654,"date":"2018-12-16T19:52:49","date_gmt":"2018-12-16T18:52:49","guid":{"rendered":"http:\/\/82.194.72.70\/?page_id=1654"},"modified":"2024-05-31T13:25:49","modified_gmt":"2024-05-31T11:25:49","slug":"ruido","status":"publish","type":"page","link":"https:\/\/www.inerco.com\/es\/tecnologia-ambiental\/ruido\/","title":{"rendered":"Ruido"},"content":{"rendered":"<div class=\"wpb-content-wrapper\"><p>[vc_row css_animation=\u00bb\u00bb row_type=\u00bbrow\u00bb use_row_as_full_screen_section=\u00bbno\u00bb type=\u00bbfull_width\u00bb angled_section=\u00bbno\u00bb text_align=\u00bbleft\u00bb background_image_as_pattern=\u00bbwithout_pattern\u00bb][vc_column][vc_empty_space height=\u00bb50px\u00bb][\/vc_column][\/vc_row][vc_row css_animation=\u00bb\u00bb row_type=\u00bbrow\u00bb use_row_as_full_screen_section=\u00bbno\u00bb type=\u00bbgrid\u00bb angled_section=\u00bbno\u00bb text_align=\u00bbleft\u00bb background_image_as_pattern=\u00bbwithout_pattern\u00bb z_index=\u00bb\u00bb css=\u00bb.vc_custom_1518611434899{padding-top: 25px !important;}\u00bb][vc_column width=\u00bb3\/4&#8243;]<div class=\"custom_font_holder \" style=\" font-style: normal; font-weight: 300; color: #009640; text-decoration: none; text-align: left; --qode-cf-font-size: 40px; --qode-cf-line-height: 45px; --qode-cf-font-size-1440: 40px; --qode-cf-line-height-1440: 45px; --qode-cf-font-size-1366: 40px; --qode-cf-line-height-1366: 45px; --qode-cf-font-size-1280: 40px; --qode-cf-line-height-1280: 45px; --qode-cf-font-size-1024: 40px; --qode-cf-line-height-1024: 45px; --qode-cf-font-size-768: 40px; --qode-cf-line-height-768: 45px; --qode-cf-font-size-680: 40px; --qode-cf-line-height-680: 45px; --qode-cf-font-size-480: 40px; --qode-cf-line-height-480: 45px;\">Control de Ruidos y Vibraciones<\/div>[vc_empty_space height=\u00bb50px\u00bb]<div class=\"custom_font_holder \" style=\" font-style: normal; font-weight: 200; text-decoration: none; text-align: left; --qode-cf-font-size: 35px; --qode-cf-line-height: 40px; --qode-cf-font-size-1440: 35px; --qode-cf-line-height-1440: 40px; --qode-cf-font-size-1366: 35px; --qode-cf-line-height-1366: 40px; --qode-cf-font-size-1280: 35px; --qode-cf-line-height-1280: 40px; --qode-cf-font-size-1024: 35px; --qode-cf-line-height-1024: 40px; --qode-cf-font-size-768: 35px; --qode-cf-line-height-768: 40px; --qode-cf-font-size-680: 35px; --qode-cf-line-height-680: 40px; --qode-cf-font-size-480: 35px; --qode-cf-line-height-480: 40px;\"><strong>INERCO Ac\u00fastica\u00a0<\/strong>es la empresa de\u00a0<strong>INERCO\u00a0<\/strong>con m\u00e1s de 20 a\u00f1os de experiencia en el desarrollo, fabricaci\u00f3n y suministro de tecnolog\u00eda para reducir el ruido y las vibraciones en la industria, la edificaci\u00f3n y el medio ambiente.<\/div>[vc_empty_space height=\u00bb50px\u00bb]<div class=\"custom_font_holder \" style=\" font-style: normal; font-weight: 200; text-decoration: none; text-align: left; --qode-cf-font-size: 35px; --qode-cf-line-height: 40px; --qode-cf-font-size-1440: 35px; --qode-cf-line-height-1440: 40px; --qode-cf-font-size-1366: 35px; --qode-cf-line-height-1366: 40px; --qode-cf-font-size-1280: 35px; --qode-cf-line-height-1280: 40px; --qode-cf-font-size-1024: 35px; --qode-cf-line-height-1024: 40px; --qode-cf-font-size-768: 35px; --qode-cf-line-height-768: 40px; --qode-cf-font-size-680: 35px; --qode-cf-line-height-680: 40px; --qode-cf-font-size-480: 35px; --qode-cf-line-height-480: 40px;\"><strong>Ingenier\u00eda Ac\u00fastica 360\u00ba<\/strong>:<\/div>[vc_empty_space height=\u00bb50px\u00bb][vc_row_inner row_type=\u00bbrow\u00bb type=\u00bbfull_width\u00bb text_align=\u00bbleft\u00bb css_animation=\u00bb\u00bb][vc_column_inner]<div class=\"custom_font_holder \" style=\" font-style: normal; font-weight: 200; text-decoration: none; text-align: left; --qode-cf-font-size: 22px; --qode-cf-line-height: 32px; --qode-cf-font-size-1440: 22px; --qode-cf-line-height-1440: 32px; --qode-cf-font-size-1366: 22px; --qode-cf-line-height-1366: 32px; --qode-cf-font-size-1280: 22px; --qode-cf-line-height-1280: 32px; --qode-cf-font-size-1024: 22px; --qode-cf-line-height-1024: 32px; --qode-cf-font-size-768: 22px; --qode-cf-line-height-768: 32px; --qode-cf-font-size-680: 22px; --qode-cf-line-height-680: 32px; --qode-cf-font-size-480: 22px; --qode-cf-line-height-480: 32px;\"><strong>Ingenier\u00eda ac\u00fastica<\/strong>: diagn\u00f3stico de problemas, y dise\u00f1o de soluciones para reducir el ruido.<\/div><div class=\"custom_font_holder \" style=\" font-style: normal; font-weight: 200; text-decoration: none; text-align: left; --qode-cf-font-size: 22px; --qode-cf-line-height: 32px; --qode-cf-font-size-1440: 22px; --qode-cf-line-height-1440: 32px; --qode-cf-font-size-1366: 22px; --qode-cf-line-height-1366: 32px; --qode-cf-font-size-1280: 22px; --qode-cf-line-height-1280: 32px; --qode-cf-font-size-1024: 22px; --qode-cf-line-height-1024: 32px; --qode-cf-font-size-768: 22px; --qode-cf-line-height-768: 32px; --qode-cf-font-size-680: 22px; --qode-cf-line-height-680: 32px; --qode-cf-font-size-480: 22px; --qode-cf-line-height-480: 32px;\"><strong>Fabricaci\u00f3n de sistemas de control del ruido<\/strong>: dise\u00f1o y fabricaci\u00f3n propio de sistemas de control del ruido y vibraciones: silenciadores, pantallas, cabinas, puertas, absorbentes, etc.<\/div><div class=\"custom_font_holder \" style=\" font-style: normal; font-weight: 200; text-decoration: none; text-align: left; --qode-cf-font-size: 22px; --qode-cf-line-height: 32px; --qode-cf-font-size-1440: 22px; --qode-cf-line-height-1440: 32px; --qode-cf-font-size-1366: 22px; --qode-cf-line-height-1366: 32px; --qode-cf-font-size-1280: 22px; --qode-cf-line-height-1280: 32px; --qode-cf-font-size-1024: 22px; --qode-cf-line-height-1024: 32px; --qode-cf-font-size-768: 22px; --qode-cf-line-height-768: 32px; --qode-cf-font-size-680: 22px; --qode-cf-line-height-680: 32px; --qode-cf-font-size-480: 22px; --qode-cf-line-height-480: 32px;\"><strong>Llave en mano (EPC) <\/strong>&#8211; Implantaci\u00f3n de soluciones ac\u00fasticas: instalaci\u00f3n de los sistemas de control de ruidos y vibraciones, as\u00ed como para el confort ac\u00fastico de recintos (auditorios, teatros, espacios deportivos, aulas, iglesias, etc.).<\/div><div class=\"custom_font_holder \" style=\" font-style: normal; font-weight: 200; text-decoration: none; text-align: left; --qode-cf-font-size: 22px; --qode-cf-line-height: 32px; --qode-cf-font-size-1440: 22px; --qode-cf-line-height-1440: 32px; --qode-cf-font-size-1366: 22px; --qode-cf-line-height-1366: 32px; --qode-cf-font-size-1280: 22px; --qode-cf-line-height-1280: 32px; --qode-cf-font-size-1024: 22px; --qode-cf-line-height-1024: 32px; --qode-cf-font-size-768: 22px; --qode-cf-line-height-768: 32px; --qode-cf-font-size-680: 22px; --qode-cf-line-height-680: 32px; --qode-cf-font-size-480: 22px; --qode-cf-line-height-480: 32px;\"><strong>Consultor\u00eda ac\u00fastica<\/strong>: justificaci\u00f3n t\u00e9cnica de cumplimiento de l\u00edmites legales y\/o contractuales, a trav\u00e9s de mediciones de ruidos y modelos de simulaci\u00f3n ac\u00fastica.<\/div><div class=\"custom_font_holder \" style=\" font-style: normal; font-weight: 200; text-decoration: none; text-align: left; --qode-cf-font-size: 22px; --qode-cf-line-height: 32px; --qode-cf-font-size-1440: 22px; --qode-cf-line-height-1440: 32px; --qode-cf-font-size-1366: 22px; --qode-cf-line-height-1366: 32px; --qode-cf-font-size-1280: 22px; --qode-cf-line-height-1280: 32px; --qode-cf-font-size-1024: 22px; --qode-cf-line-height-1024: 32px; --qode-cf-font-size-768: 22px; --qode-cf-line-height-768: 32px; --qode-cf-font-size-680: 22px; --qode-cf-line-height-680: 32px; --qode-cf-font-size-480: 22px; --qode-cf-line-height-480: 32px;\"><strong>Laboratorio ac\u00fastico<\/strong>: con acreditaci\u00f3n ENAC conforme a Norma UNE EN ISO 170125 como laboratorio ac\u00fastico para realizaci\u00f3n de mediciones de ruidos y de vibraciones.<\/div>[\/vc_column_inner][\/vc_row_inner][vc_empty_space height=\u00bb50px\u00bb][vc_row_inner row_type=\u00bbrow\u00bb type=\u00bbfull_width\u00bb text_align=\u00bbleft\u00bb css_animation=\u00bb\u00bb][vc_column_inner][qode_elements_holder number_of_columns=\u00bbthree_columns\u00bb switch_to_one_column=\u00bb600&#8243; alignment_one_column=\u00bbcenter\u00bb][qode_elements_holder_item vertical_alignment=\u00bbtop\u00bb horizontal_alignment=\u00bbcenter\u00bb advanced_animations=\u00bbno\u00bb item_padding=\u00bb0px 3px 0px 0px\u00bb]<div class=\"q_image_with_text_over q_iwto_hover\"><div class=\"shader\" style=\"background-color: rgba(0,0,0,0.43)\"><\/div><div class=\"shader_hover\" style=\"background-color: rgba(0,150,64,0.4)\"><\/div><img decoding=\"async\" itemprop=\"image\" src=\"https:\/\/www.inerco.com\/wp-content\/uploads\/INERCO-Tecnolog\u00eda-Ac\u00fastica.jpg\" alt=\"INERCO Tecnolog\u00eda Ac\u00fastica\" \/><div class=\"text\"><table><tr><td><h2 class=\"caption no_icon\" style=\"color: #ffffff;\">Tecnolog\u00eda Ac\u00fastica<\/h2><\/td><\/tr><\/table><table><tr><td><div class=\"desc\"><\/p>\n<h2 style=\"text-align: center;\"><a style=\"color: #ffffff;\" href=\"\/tecnologia-ambiental\/ruido\/tecnologia-acustica\">Tecnolog\u00eda Ac\u00fastica<\/a><\/h2>\n<p><\/div><\/td><\/tr><\/table><\/div><\/div>[\/qode_elements_holder_item][qode_elements_holder_item vertical_alignment=\u00bbtop\u00bb horizontal_alignment=\u00bbcenter\u00bb advanced_animations=\u00bbno\u00bb item_padding=\u00bb0px 0px 0px 3px\u00bb]<div class=\"q_image_with_text_over q_iwto_hover\"><div class=\"shader\" style=\"background-color: rgba(0,0,0,0.42)\"><\/div><div class=\"shader_hover\" style=\"background-color: rgba(0,150,64,0.4)\"><\/div><img decoding=\"async\" itemprop=\"image\" src=\"https:\/\/www.inerco.com\/wp-content\/uploads\/INERCO-Ingenier\u00eda-y-Servicios-Ac\u00fasticos.jpg\" alt=\"INERCO Ingenier\u00eda y Servicios Ac\u00fasticos\" \/><div class=\"text\"><table><tr><td><h2 class=\"caption no_icon\" style=\"color: #ffffff;\">Ingenier\u00eda y Servicios Ac\u00fasticos<\/h2><\/td><\/tr><\/table><table><tr><td><div class=\"desc\"><\/p>\n<h2 style=\"text-align: center;\"><a style=\"color: #ffffff;\" href=\"https:\/\/www.inercoacustica.com\/acousting\/\" target=\"_blank\" rel=\"noopener\">Ingenier\u00eda y Servicios Ac\u00fasticos<\/a><\/h2>\n<p><\/div><\/td><\/tr><\/table><\/div><\/div>[\/qode_elements_holder_item][qode_elements_holder_item vertical_alignment=\u00bbtop\u00bb horizontal_alignment=\u00bbcenter\u00bb advanced_animations=\u00bbno\u00bb item_padding=\u00bb0px 0px 0px 3px\u00bb]<div class=\"q_image_with_text_over q_iwto_hover\"><div class=\"shader\" style=\"background-color: rgba(0,0,0,0.42)\"><\/div><div class=\"shader_hover\" style=\"background-color: rgba(0,150,64,0.4)\"><\/div><img decoding=\"async\" itemprop=\"image\" src=\"https:\/\/www.inerco.com\/wp-content\/uploads\/INERCO-\u00c1mbitos-de-Aplicaci\u00f3n-Ac\u00fastica.jpg\" alt=\"INERCO \u00c1mbitos de Aplicaci\u00f3n Ac\u00fastica\" \/><div class=\"text\"><table><tr><td><h2 class=\"caption no_icon\" style=\"color: #ffffff;\">\u00c1mbitos de Aplicaci\u00f3n Ac\u00fastica<\/h2><\/td><\/tr><\/table><table><tr><td><div class=\"desc\"><\/p>\n<h2 style=\"text-align: center;\"><a style=\"color: #ffffff;\" href=\"https:\/\/www.inercoacustica.com\/reducir-el-ruido\/\" target=\"_blank\" rel=\"noopener\">\u00c1mbitos de Aplicaci\u00f3n Ac\u00fastica<\/a><\/h2>\n<p><\/div><\/td><\/tr><\/table><\/div><\/div>[\/qode_elements_holder_item][\/qode_elements_holder][vc_empty_space height=\u00bb40px\u00bb][\/vc_column_inner][\/vc_row_inner][\/vc_column][vc_column width=\u00bb1\/4&#8243;][vc_widget_sidebar sidebar_id=\u00bbRuido &#8211; Pedro Flores\u00bb][\/vc_column][\/vc_row][vc_row css_animation=\u00bb\u00bb row_type=\u00bbrow\u00bb use_row_as_full_screen_section=\u00bbno\u00bb type=\u00bbfull_width\u00bb angled_section=\u00bbno\u00bb text_align=\u00bbleft\u00bb background_image_as_pattern=\u00bbwithout_pattern\u00bb][vc_column][vc_empty_space height=\u00bb50px\u00bb][\/vc_column][\/vc_row]<\/p>\n<\/div>","protected":false},"excerpt":{"rendered":"<p>[vc_row css_animation=\u00bb\u00bb row_type=\u00bbrow\u00bb use_row_as_full_screen_section=\u00bbno\u00bb type=\u00bbfull_width\u00bb angled_section=\u00bbno\u00bb text_align=\u00bbleft\u00bb background_image_as_pattern=\u00bbwithout_pattern\u00bb][vc_column][vc_empty_space height=\u00bb50px\u00bb][\/vc_column][\/vc_row][vc_row css_animation=\u00bb\u00bb row_type=\u00bbrow\u00bb use_row_as_full_screen_section=\u00bbno\u00bb type=\u00bbgrid\u00bb angled_section=\u00bbno\u00bb text_align=\u00bbleft\u00bb&#8230;<\/p>\n","protected":false},"author":1,"featured_media":1665,"parent":636,"menu_order":3,"comment_status":"closed","ping_status":"closed","template":"","meta":{"footnotes":""},"class_list":["post-1654","page","type-page","status-publish","has-post-thumbnail","hentry"],"yoast_head":"<!-- This site is optimized with the Yoast SEO plugin v26.4 - https:\/\/yoast.com\/wordpress\/plugins\/seo\/ -->\n<title>Ruido - INERCO<\/title>\n<meta name=\"description\" content=\"M\u00e1s de 20 a\u00f1os de experiencia en desarrollo, fabricaci\u00f3n y suministro de tecnolog\u00eda para reducir el ruido y vibraciones en la industria, la edificaci\u00f3n y el medio ambiente.\" \/>\n<meta name=\"robots\" content=\"index, follow, max-snippet:-1, max-image-preview:large, max-video-preview:-1\" \/>\n<link rel=\"canonical\" href=\"https:\/\/www.inerco.com\/es\/tecnologia-ambiental\/ruido\/\" \/>\n<meta property=\"og:locale\" content=\"es_ES\" \/>\n<meta property=\"og:type\" content=\"article\" \/>\n<meta property=\"og:title\" content=\"Ruido - INERCO\" \/>\n<meta property=\"og:description\" content=\"M\u00e1s de 20 a\u00f1os de experiencia en desarrollo, fabricaci\u00f3n y suministro de tecnolog\u00eda para reducir el ruido y vibraciones en la industria, la edificaci\u00f3n y el medio ambiente.\" \/>\n<meta property=\"og:url\" content=\"https:\/\/www.inerco.com\/es\/tecnologia-ambiental\/ruido\/\" \/>\n<meta property=\"og:site_name\" content=\"INERCO\" \/>\n<meta property=\"article:modified_time\" content=\"2024-05-31T11:25:49+00:00\" \/>\n<meta property=\"og:image\" content=\"https:\/\/www.inerco.com\/wp-content\/uploads\/INERCO-Ruido.jpg\" \/>\n\t<meta property=\"og:image:width\" content=\"500\" \/>\n\t<meta property=\"og:image:height\" content=\"225\" \/>\n\t<meta property=\"og:image:type\" content=\"image\/jpeg\" \/>\n<meta name=\"twitter:card\" content=\"summary_large_image\" \/>\n<meta name=\"twitter:site\" content=\"@Inerco_\" \/>\n<script type=\"application\/ld+json\" class=\"yoast-schema-graph\">{\"@context\":\"https:\/\/schema.org\",\"@graph\":[{\"@type\":\"WebPage\",\"@id\":\"https:\/\/www.inerco.com\/es\/tecnologia-ambiental\/ruido\/\",\"url\":\"https:\/\/www.inerco.com\/es\/tecnologia-ambiental\/ruido\/\",\"name\":\"Ruido - INERCO\",\"isPartOf\":{\"@id\":\"https:\/\/www.inerco.com\/es\/#website\"},\"primaryImageOfPage\":{\"@id\":\"https:\/\/www.inerco.com\/es\/tecnologia-ambiental\/ruido\/#primaryimage\"},\"image\":{\"@id\":\"https:\/\/www.inerco.com\/es\/tecnologia-ambiental\/ruido\/#primaryimage\"},\"thumbnailUrl\":\"https:\/\/www.inerco.com\/wp-content\/uploads\/INERCO-Ruido.jpg\",\"datePublished\":\"2018-12-16T18:52:49+00:00\",\"dateModified\":\"2024-05-31T11:25:49+00:00\",\"description\":\"M\u00e1s de 20 a\u00f1os de experiencia en desarrollo, fabricaci\u00f3n y suministro de tecnolog\u00eda para reducir el ruido y vibraciones en la industria, la edificaci\u00f3n y el medio ambiente.\",\"breadcrumb\":{\"@id\":\"https:\/\/www.inerco.com\/es\/tecnologia-ambiental\/ruido\/#breadcrumb\"},\"inLanguage\":\"es\",\"potentialAction\":[{\"@type\":\"ReadAction\",\"target\":[\"https:\/\/www.inerco.com\/es\/tecnologia-ambiental\/ruido\/\"]}]},{\"@type\":\"ImageObject\",\"inLanguage\":\"es\",\"@id\":\"https:\/\/www.inerco.com\/es\/tecnologia-ambiental\/ruido\/#primaryimage\",\"url\":\"https:\/\/www.inerco.com\/wp-content\/uploads\/INERCO-Ruido.jpg\",\"contentUrl\":\"https:\/\/www.inerco.com\/wp-content\/uploads\/INERCO-Ruido.jpg\",\"width\":\"500\",\"height\":\"225\",\"caption\":\"INERCO Ruido\"},{\"@type\":\"BreadcrumbList\",\"@id\":\"https:\/\/www.inerco.com\/es\/tecnologia-ambiental\/ruido\/#breadcrumb\",\"itemListElement\":[{\"@type\":\"ListItem\",\"position\":1,\"name\":\"Home\",\"item\":\"https:\/\/www.inerco.com\/es\/\"},{\"@type\":\"ListItem\",\"position\":2,\"name\":\"Tecnolog\u00eda Ambiental\",\"item\":\"https:\/\/www.inerco.com\/es\/tecnologia-ambiental\/\"},{\"@type\":\"ListItem\",\"position\":3,\"name\":\"Ruido\"}]},{\"@type\":\"WebSite\",\"@id\":\"https:\/\/www.inerco.com\/es\/#website\",\"url\":\"https:\/\/www.inerco.com\/es\/\",\"name\":\"INERCO\",\"description\":\"Tecnolog\u00eda, ingenier\u00eda y consultor\u00eda integral para el desarrollo industrial sostenible\",\"potentialAction\":[{\"@type\":\"SearchAction\",\"target\":{\"@type\":\"EntryPoint\",\"urlTemplate\":\"https:\/\/www.inerco.com\/es\/?s={search_term_string}\"},\"query-input\":{\"@type\":\"PropertyValueSpecification\",\"valueRequired\":true,\"valueName\":\"search_term_string\"}}],\"inLanguage\":\"es\"}]}<\/script>\n<!-- \/ Yoast SEO plugin. -->","yoast_head_json":{"title":"Ruido - INERCO","description":"M\u00e1s de 20 a\u00f1os de experiencia en desarrollo, fabricaci\u00f3n y suministro de tecnolog\u00eda para reducir el ruido y vibraciones en la industria, la edificaci\u00f3n y el medio ambiente.","robots":{"index":"index","follow":"follow","max-snippet":"max-snippet:-1","max-image-preview":"max-image-preview:large","max-video-preview":"max-video-preview:-1"},"canonical":"https:\/\/www.inerco.com\/es\/tecnologia-ambiental\/ruido\/","og_locale":"es_ES","og_type":"article","og_title":"Ruido - INERCO","og_description":"M\u00e1s de 20 a\u00f1os de experiencia en desarrollo, fabricaci\u00f3n y suministro de tecnolog\u00eda para reducir el ruido y vibraciones en la industria, la edificaci\u00f3n y el medio ambiente.","og_url":"https:\/\/www.inerco.com\/es\/tecnologia-ambiental\/ruido\/","og_site_name":"INERCO","article_modified_time":"2024-05-31T11:25:49+00:00","og_image":[{"width":500,"height":225,"url":"https:\/\/www.inerco.com\/wp-content\/uploads\/INERCO-Ruido.jpg","type":"image\/jpeg"}],"twitter_card":"summary_large_image","twitter_site":"@Inerco_","schema":{"@context":"https:\/\/schema.org","@graph":[{"@type":"WebPage","@id":"https:\/\/www.inerco.com\/es\/tecnologia-ambiental\/ruido\/","url":"https:\/\/www.inerco.com\/es\/tecnologia-ambiental\/ruido\/","name":"Ruido - INERCO","isPartOf":{"@id":"https:\/\/www.inerco.com\/es\/#website"},"primaryImageOfPage":{"@id":"https:\/\/www.inerco.com\/es\/tecnologia-ambiental\/ruido\/#primaryimage"},"image":{"@id":"https:\/\/www.inerco.com\/es\/tecnologia-ambiental\/ruido\/#primaryimage"},"thumbnailUrl":"https:\/\/www.inerco.com\/wp-content\/uploads\/INERCO-Ruido.jpg","datePublished":"2018-12-16T18:52:49+00:00","dateModified":"2024-05-31T11:25:49+00:00","description":"M\u00e1s de 20 a\u00f1os de experiencia en desarrollo, fabricaci\u00f3n y suministro de tecnolog\u00eda para reducir el ruido y vibraciones en la industria, la edificaci\u00f3n y el medio ambiente.","breadcrumb":{"@id":"https:\/\/www.inerco.com\/es\/tecnologia-ambiental\/ruido\/#breadcrumb"},"inLanguage":"es","potentialAction":[{"@type":"ReadAction","target":["https:\/\/www.inerco.com\/es\/tecnologia-ambiental\/ruido\/"]}]},{"@type":"ImageObject","inLanguage":"es","@id":"https:\/\/www.inerco.com\/es\/tecnologia-ambiental\/ruido\/#primaryimage","url":"https:\/\/www.inerco.com\/wp-content\/uploads\/INERCO-Ruido.jpg","contentUrl":"https:\/\/www.inerco.com\/wp-content\/uploads\/INERCO-Ruido.jpg","width":"500","height":"225","caption":"INERCO Ruido"},{"@type":"BreadcrumbList","@id":"https:\/\/www.inerco.com\/es\/tecnologia-ambiental\/ruido\/#breadcrumb","itemListElement":[{"@type":"ListItem","position":1,"name":"Home","item":"https:\/\/www.inerco.com\/es\/"},{"@type":"ListItem","position":2,"name":"Tecnolog\u00eda Ambiental","item":"https:\/\/www.inerco.com\/es\/tecnologia-ambiental\/"},{"@type":"ListItem","position":3,"name":"Ruido"}]},{"@type":"WebSite","@id":"https:\/\/www.inerco.com\/es\/#website","url":"https:\/\/www.inerco.com\/es\/","name":"INERCO","description":"Tecnolog\u00eda, ingenier\u00eda y consultor\u00eda integral para el desarrollo industrial sostenible","potentialAction":[{"@type":"SearchAction","target":{"@type":"EntryPoint","urlTemplate":"https:\/\/www.inerco.com\/es\/?s={search_term_string}"},"query-input":{"@type":"PropertyValueSpecification","valueRequired":true,"valueName":"search_term_string"}}],"inLanguage":"es"}]}},"_links":{"self":[{"href":"https:\/\/www.inerco.com\/es\/wp-json\/wp\/v2\/pages\/1654","targetHints":{"allow":["GET"]}}],"collection":[{"href":"https:\/\/www.inerco.com\/es\/wp-json\/wp\/v2\/pages"}],"about":[{"href":"https:\/\/www.inerco.com\/es\/wp-json\/wp\/v2\/types\/page"}],"author":[{"embeddable":true,"href":"https:\/\/www.inerco.com\/es\/wp-json\/wp\/v2\/users\/1"}],"replies":[{"embeddable":true,"href":"https:\/\/www.inerco.com\/es\/wp-json\/wp\/v2\/comments?post=1654"}],"version-history":[{"count":11,"href":"https:\/\/www.inerco.com\/es\/wp-json\/wp\/v2\/pages\/1654\/revisions"}],"predecessor-version":[{"id":10280,"href":"https:\/\/www.inerco.com\/es\/wp-json\/wp\/v2\/pages\/1654\/revisions\/10280"}],"up":[{"embeddable":true,"href":"https:\/\/www.inerco.com\/es\/wp-json\/wp\/v2\/pages\/636"}],"wp:featuredmedia":[{"embeddable":true,"href":"https:\/\/www.inerco.com\/es\/wp-json\/wp\/v2\/media\/1665"}],"wp:attachment":[{"href":"https:\/\/www.inerco.com\/es\/wp-json\/wp\/v2\/media?parent=1654"}],"curies":[{"name":"wp","href":"https:\/\/api.w.org\/{rel}","templated":true}]}}