{"id":1617,"date":"2018-12-16T18:34:27","date_gmt":"2018-12-16T17:34:27","guid":{"rendered":"http:\/\/82.194.72.70\/?page_id=1617"},"modified":"2023-09-06T13:44:54","modified_gmt":"2023-09-06T11:44:54","slug":"evaporadores","status":"publish","type":"page","link":"https:\/\/www.inerco.com\/es\/tecnologia-ambiental\/aguas\/evaporadores\/","title":{"rendered":"Evaporadores"},"content":{"rendered":"<div class=\"wpb-content-wrapper\"><p>[vc_row css_animation=\u00bb\u00bb row_type=\u00bbrow\u00bb use_row_as_full_screen_section=\u00bbno\u00bb type=\u00bbgrid\u00bb angled_section=\u00bbno\u00bb text_align=\u00bbleft\u00bb background_image_as_pattern=\u00bbwithout_pattern\u00bb z_index=\u00bb\u00bb][vc_column][vc_empty_space height=\u00bb100px\u00bb][\/vc_column][\/vc_row][vc_row css_animation=\u00bb\u00bb row_type=\u00bbrow\u00bb use_row_as_full_screen_section=\u00bbno\u00bb type=\u00bbgrid\u00bb angled_section=\u00bbno\u00bb text_align=\u00bbleft\u00bb background_image_as_pattern=\u00bbwithout_pattern\u00bb z_index=\u00bb\u00bb][vc_column width=\u00bb3\/4&#8243;][vc_row_inner row_type=\u00bbrow\u00bb type=\u00bbfull_width\u00bb text_align=\u00bbleft\u00bb css_animation=\u00bb\u00bb][vc_column_inner][vc_column_text]<\/p>\n<div class=\"custom_font_holder\">\n<h2 style=\"text-align: center; font-size: 35px; line-height: 40px; font-weight: 300;\"><strong>Aplicaciones de evaporadores:<\/strong>\u00a0concentraci\u00f3n de las aguas residuales del sector galv\u00e1nico, metal\u00fargico, tratamientos de residuos, lixiviados, cosm\u00e9tico, farmac\u00e9utico, alimentaci\u00f3n, etc.<\/h2>\n<\/div>\n<p>[\/vc_column_text][vc_empty_space height=\u00bb50px\u00bb][\/vc_column_inner][\/vc_row_inner][vc_row_inner row_type=\u00bbrow\u00bb type=\u00bbfull_width\u00bb text_align=\u00bbleft\u00bb css_animation=\u00bb\u00bb][vc_column_inner][vc_column_text]<\/p>\n<h3 class=\"custom_font_holder\" style=\"font-size: 35px; line-height: 40px; font-weight: 300; text-align: left;\"><span style=\"color: #009640;\">Tipos de evaporadores recomendados:<\/span><\/h3>\n<p>[\/vc_column_text][vc_empty_space height=\u00bb50px\u00bb][\/vc_column_inner][\/vc_row_inner][vc_row_inner row_type=\u00bbrow\u00bb type=\u00bbfull_width\u00bb text_align=\u00bbleft\u00bb css_animation=\u00bb\u00bb][vc_column_inner width=\u00bb2\/3&#8243;]<div class=\"q_icon_list\"><span aria-hidden=\"true\" class=\"qode_icon_font_elegant arrow_right qode-ili-icon-holder transparent\" style=\"color: #009640;\" ><\/span><p style=\"color:#000000;font-size: 20px;font-weight: 300;\">Mec\u00e1nicos: Evaporadores por compresi\u00f3n mec\u00e1nica del vapor. Usamos la tecnolog\u00eda Vacudest de nuestro colaborador H2O.<\/p><\/div>[\/vc_column_inner][vc_column_inner width=\u00bb1\/3&#8243;][vc_empty_space height=\u00bb20px\u00bb][vc_single_image image=\u00bb13268&#8243; img_size=\u00bb100&#215;35&#8243; onclick=\u00bbcustom_link\u00bb img_link_target=\u00bb_blank\u00bb qode_css_animation=\u00bb\u00bb link=\u00bbhttps:\/\/www.h2o-de.com\/es\u00bb][\/vc_column_inner][\/vc_row_inner][vc_row_inner row_type=\u00bbrow\u00bb type=\u00bbfull_width\u00bb text_align=\u00bbleft\u00bb css_animation=\u00bb\u00bb][vc_column_inner]<div class=\"q_icon_list\"><span aria-hidden=\"true\" class=\"qode_icon_font_elegant arrow_right qode-ili-icon-holder transparent\" style=\"color: #009640;\" ><\/span><p style=\"color:#000000;font-size: 20px;font-weight: 300;\">Evaporadores al vac\u00edo (uno o varios efectos).<\/p><\/div>[vc_empty_space height=\u00bb50px\u00bb][vc_column_text]<\/p>\n<p class=\"custom_font_holder\" style=\"font-size: 35px; line-height: 40px; font-weight: 300; text-align: left;\">Los evaporadores instalados por <strong>INERCO<\/strong> permiten:<\/p>\n<p>[\/vc_column_text][vc_empty_space height=\u00bb50px\u00bb][\/vc_column_inner][\/vc_row_inner][vc_row_inner row_type=\u00bbrow\u00bb type=\u00bbfull_width\u00bb text_align=\u00bbleft\u00bb css_animation=\u00bb\u00bb][vc_column_inner width=\u00bb1\/2&#8243;]<div class=\"q_icon_list\"><span aria-hidden=\"true\" class=\"qode_icon_font_elegant arrow_right qode-ili-icon-holder transparent\" style=\"color: #009640;\" ><\/span><p style=\"color:#000000;font-size: 20px;font-weight: 300;\">La recuperaci\u00f3n y reutilizaci\u00f3n de hasta el 95% - 97% del agua tratada en el evaporador.<\/p><\/div><div class=\"q_icon_list\"><span aria-hidden=\"true\" class=\"qode_icon_font_elegant arrow_right qode-ili-icon-holder transparent\" style=\"color: #009640;\" ><\/span><p style=\"color:#000000;font-size: 20px;font-weight: 300;\">La minimizaci\u00f3n de los residuos recuperados.<\/p><\/div><div class=\"q_icon_list\"><span aria-hidden=\"true\" class=\"qode_icon_font_elegant arrow_right qode-ili-icon-holder transparent\" style=\"color: #009640;\" ><\/span><p style=\"color:#000000;font-size: 20px;font-weight: 300;\">La optimaci\u00f3n de los procesos de tratamiento\/valorizaci\u00f3n\/inertizaci\u00f3n posteriores.<\/p><\/div>[\/vc_column_inner][vc_column_inner width=\u00bb1\/2&#8243;]<div class=\"q_icon_list\"><span aria-hidden=\"true\" class=\"qode_icon_font_elegant arrow_right qode-ili-icon-holder transparent\" style=\"color: #009640;\" ><\/span><p style=\"color:#000000;font-size: 20px;font-weight: 300;\">Minimizar la cantidad de materia org\u00e1nica destilada y mejoran la calidad del destilado por reducci\u00f3n de la temperatura de ebullici\u00f3n.<\/p><\/div><div class=\"q_icon_list\"><span aria-hidden=\"true\" class=\"qode_icon_font_elegant arrow_right qode-ili-icon-holder transparent\" style=\"color: #009640;\" ><\/span><p style=\"color:#000000;font-size: 20px;font-weight: 300;\">Evitar el efecto de la humedad ambiental sobre los rendimientos de los evaporadores.<\/p><\/div><div class=\"q_icon_list\"><span aria-hidden=\"true\" class=\"qode_icon_font_elegant arrow_right qode-ili-icon-holder transparent\" style=\"color: #009640;\" ><\/span><p style=\"color:#000000;font-size: 20px;font-weight: 300;\">Reducir hasta el 65% el consumo energ\u00e9tico.<\/p><\/div>[\/vc_column_inner][\/vc_row_inner][vc_empty_space height=\u00bb40px\u00bb][\/vc_column][vc_column width=\u00bb1\/4&#8243;][vc_row_inner row_type=\u00bbrow\u00bb type=\u00bbfull_width\u00bb text_align=\u00bbcenter\u00bb css_animation=\u00bb\u00bb][vc_column_inner]<a  itemprop=\"url\" href=\"#webinars\" target=\"_self\" data-hover-background-color=\"#ffffff\" data-hover-border-color=\"#009640\" data-hover-color=\"#009640\" class=\"qbutton  medium center default boton-webinars-reach\" style=\"color: #ffffff; border-color: #009640; border-radius: 0px;-moz-border-radius: 0px;-webkit-border-radius: 0px; background-color:#009640;\">Webinars Aguas<\/a>[\/vc_column_inner][\/vc_row_inner][vc_empty_space height=\u00bb42px\u00bb][vc_widget_sidebar sidebar_id=\u00bbAguas\u00bb][\/vc_column][\/vc_row][vc_row css_animation=\u00bb\u00bb row_type=\u00bbrow\u00bb use_row_as_full_screen_section=\u00bbno\u00bb type=\u00bbfull_width\u00bb angled_section=\u00bbno\u00bb text_align=\u00bbleft\u00bb background_image_as_pattern=\u00bbwithout_pattern\u00bb][vc_column][vc_empty_space height=\u00bb20px\u00bb][\/vc_column][\/vc_row][vc_row css_animation=\u00bb\u00bb row_type=\u00bbrow\u00bb use_row_as_full_screen_section=\u00bbno\u00bb type=\u00bbfull_width\u00bb angled_section=\u00bbno\u00bb text_align=\u00bbleft\u00bb background_image_as_pattern=\u00bbwithout_pattern\u00bb el_id=\u00bbwebinars\u00bb z_index=\u00bb\u00bb][vc_column][vc_empty_space height=\u00bb50px\u00bb][\/vc_column][\/vc_row][vc_row css_animation=\u00bb\u00bb row_type=\u00bbrow\u00bb use_row_as_full_screen_section=\u00bbno\u00bb type=\u00bbfull_width\u00bb angled_section=\u00bbno\u00bb text_align=\u00bbcenter\u00bb background_image_as_pattern=\u00bbwithout_pattern\u00bb css=\u00bb.vc_custom_1625647306728{padding-right: 10% !important;padding-left: 10% !important;background-color: #f7f7f7 !important;}\u00bb background_color=\u00bb#efefef\u00bb z_index=\u00bb\u00bb][vc_column][vc_empty_space height=\u00bb40px\u00bb][vc_row_inner row_type=\u00bbrow\u00bb type=\u00bbfull_width\u00bb text_align=\u00bbcenter\u00bb css_animation=\u00bb\u00bb el_class=\u00bbwebinars\u00bb][vc_column_inner offset=\u00bbvc_col-md-offset-2 vc_col-md-8 vc_col-sm-offset-0&#8243;][vc_empty_space height=\u00bb40px\u00bb][vc_column_text]<\/p>\n<h3 style=\"text-align: center; font-size: 1.4em;\"><strong>WEBINARS AGUAS<\/strong><\/h3>\n<p>[\/vc_column_text][vc_separator type=\u00bbsmall\u00bb position=\u00bbcenter\u00bb thickness=\u00bb4&#8243; width=\u00bb30&#8243; up=\u00bb15&#8243; down=\u00bb15&#8243;][vc_empty_space height=\u00bb40px\u00bb]<div class='latest_post_two_holder two_columns'><ul><li class=\"clearfix\"><div class=\"latest_post_two_image\"><a itemprop=\"url\" href=\"https:\/\/www.inerco.com\/es\/eventos\/reutilizacion-del-agua-y-minimizacion-de-los-residuos-con-la-tecnologia-zld\/\"><img loading=\"lazy\" decoding=\"async\" width=\"700\" height=\"239\" src=\"https:\/\/www.inerco.com\/wp-content\/uploads\/Webinars-INERCO-y-Alfa-Laval-700x239.jpg\" class=\"attachment-portfolio_masonry_with_space size-portfolio_masonry_with_space wp-post-image\" alt=\"Webinar INERCO y Alfa Laval\" srcset=\"https:\/\/www.inerco.com\/wp-content\/uploads\/Webinars-INERCO-y-Alfa-Laval-700x239.jpg 700w, https:\/\/www.inerco.com\/wp-content\/uploads\/Webinars-INERCO-y-Alfa-Laval-768x263.jpg 768w, https:\/\/www.inerco.com\/wp-content\/uploads\/Webinars-INERCO-y-Alfa-Laval.jpg 880w\" sizes=\"auto, (max-width: 700px) 100vw, 700px\" \/><\/a><\/div><div class=\"latest_post_two_inner\" ><div class=\"latest_post_two_text\"><h3 itemprop=\"name\" class=\"latest_post_two_title entry_title\"><a itemprop=\"url\" href=\"https:\/\/www.inerco.com\/es\/eventos\/reutilizacion-del-agua-y-minimizacion-de-los-residuos-con-la-tecnologia-zld\/\" >Reutilizaci\u00f3n del agua y minimizaci\u00f3n de los residuos con la tecnolog\u00eda ZLD<\/a><\/h3><div class=\"separator small left \" ><\/div><\/div><div class=\"latest_post_two_info\" ><div class=\"latest_post_two_info_inner\" ><div class=\"post_info_author\"><img alt='Author Image' src='https:\/\/secure.gravatar.com\/avatar\/ea600b49b008c695acb1b7e3f5b20aa53d8e162bcf7df4dbbc4ec8895d401b0b?s=30&#038;d=mm&#038;r=g' srcset='https:\/\/secure.gravatar.com\/avatar\/ea600b49b008c695acb1b7e3f5b20aa53d8e162bcf7df4dbbc4ec8895d401b0b?s=60&#038;d=mm&#038;r=g 2x' class='avatar avatar-30 photo' height='30' width='30' \/><span class=\"post_info_author_name\">INERCOAdm1n<\/span><\/div><div itemprop=\"dateCreated\" class=\"post_info_date entry_date updated\">03 abril, 2024<meta itemprop=\"interactionCount\" content=\"UserComments: 0\"\/><\/div><\/div><\/div><\/div><\/li><li class=\"clearfix\"><div class=\"latest_post_two_image\"><a itemprop=\"url\" href=\"https:\/\/www.inerco.com\/es\/eventos\/recuperacion-de-aguas-en-efluentes-con-hidrocarburos-mediante-evaporacion\/\"><img loading=\"lazy\" decoding=\"async\" width=\"700\" height=\"239\" src=\"https:\/\/www.inerco.com\/wp-content\/uploads\/Webinar-INERCO_Recuperacion-de-aguas-en-efluentes-con-hidrocarburos-mediante-evaporacion-700x239.jpg\" class=\"attachment-portfolio_masonry_with_space size-portfolio_masonry_with_space wp-post-image\" alt=\"Webinar INERCO Recuperaci\u00f3n de aguas en efluentes con hidrocarburos mediante evaporaci\u00f3n\" srcset=\"https:\/\/www.inerco.com\/wp-content\/uploads\/Webinar-INERCO_Recuperacion-de-aguas-en-efluentes-con-hidrocarburos-mediante-evaporacion-700x239.jpg 700w, https:\/\/www.inerco.com\/wp-content\/uploads\/Webinar-INERCO_Recuperacion-de-aguas-en-efluentes-con-hidrocarburos-mediante-evaporacion-768x263.jpg 768w, https:\/\/www.inerco.com\/wp-content\/uploads\/Webinar-INERCO_Recuperacion-de-aguas-en-efluentes-con-hidrocarburos-mediante-evaporacion.jpg 880w\" sizes=\"auto, (max-width: 700px) 100vw, 700px\" \/><\/a><\/div><div class=\"latest_post_two_inner\" ><div class=\"latest_post_two_text\"><h3 itemprop=\"name\" class=\"latest_post_two_title entry_title\"><a itemprop=\"url\" href=\"https:\/\/www.inerco.com\/es\/eventos\/recuperacion-de-aguas-en-efluentes-con-hidrocarburos-mediante-evaporacion\/\" >Recuperaci\u00f3n de aguas en efluentes con hidrocarburos mediante evaporaci\u00f3n<\/a><\/h3><div class=\"separator small left \" ><\/div><\/div><div class=\"latest_post_two_info\" ><div class=\"latest_post_two_info_inner\" ><div class=\"post_info_author\"><img alt='Author Image' src='https:\/\/secure.gravatar.com\/avatar\/ea600b49b008c695acb1b7e3f5b20aa53d8e162bcf7df4dbbc4ec8895d401b0b?s=30&#038;d=mm&#038;r=g' srcset='https:\/\/secure.gravatar.com\/avatar\/ea600b49b008c695acb1b7e3f5b20aa53d8e162bcf7df4dbbc4ec8895d401b0b?s=60&#038;d=mm&#038;r=g 2x' class='avatar avatar-30 photo' height='30' width='30' \/><span class=\"post_info_author_name\">INERCOAdm1n<\/span><\/div><div itemprop=\"dateCreated\" class=\"post_info_date entry_date updated\">17 octubre, 2022<meta itemprop=\"interactionCount\" content=\"UserComments: 0\"\/><\/div><\/div><\/div><\/div><\/li><li class=\"clearfix\"><div class=\"latest_post_two_image\"><a itemprop=\"url\" href=\"https:\/\/www.inerco.com\/es\/eventos\/recuperacion-y-reutilizacion-de-agua-en-la-industria\/\"><img loading=\"lazy\" decoding=\"async\" width=\"700\" height=\"239\" src=\"https:\/\/www.inerco.com\/wp-content\/uploads\/Webinar-INERCO-Recuperacion-y-reutilizacion-de-agua-en-la-industria-5-noviembre-2020.jpg\" class=\"attachment-portfolio_masonry_with_space size-portfolio_masonry_with_space wp-post-image\" alt=\"Webinar INERCO Recuperaci\u00f3n y reutilizaci\u00f3n de agua en la industria 5 noviembre 2020\" srcset=\"https:\/\/www.inerco.com\/wp-content\/uploads\/Webinar-INERCO-Recuperacion-y-reutilizacion-de-agua-en-la-industria-5-noviembre-2020.jpg 768w, https:\/\/www.inerco.com\/wp-content\/uploads\/Webinar-INERCO-Recuperacion-y-reutilizacion-de-agua-en-la-industria-5-noviembre-2020.jpg 700w, https:\/\/www.inerco.com\/wp-content\/uploads\/Webinar-INERCO-Recuperacion-y-reutilizacion-de-agua-en-la-industria-5-noviembre-2020.jpg 1170w\" sizes=\"auto, (max-width: 700px) 100vw, 700px\" \/><\/a><\/div><div class=\"latest_post_two_inner\" ><div class=\"latest_post_two_text\"><h3 itemprop=\"name\" class=\"latest_post_two_title entry_title\"><a itemprop=\"url\" href=\"https:\/\/www.inerco.com\/es\/eventos\/recuperacion-y-reutilizacion-de-agua-en-la-industria\/\" >Recuperaci\u00f3n y reutilizaci\u00f3n de agua en la industria<\/a><\/h3><div class=\"separator small left \" ><\/div><\/div><div class=\"latest_post_two_info\" ><div class=\"latest_post_two_info_inner\" ><div class=\"post_info_author\"><img alt='Author Image' src='https:\/\/secure.gravatar.com\/avatar\/ea600b49b008c695acb1b7e3f5b20aa53d8e162bcf7df4dbbc4ec8895d401b0b?s=30&#038;d=mm&#038;r=g' srcset='https:\/\/secure.gravatar.com\/avatar\/ea600b49b008c695acb1b7e3f5b20aa53d8e162bcf7df4dbbc4ec8895d401b0b?s=60&#038;d=mm&#038;r=g 2x' class='avatar avatar-30 photo' height='30' width='30' \/><span class=\"post_info_author_name\">INERCOAdm1n<\/span><\/div><div itemprop=\"dateCreated\" class=\"post_info_date entry_date updated\">05 noviembre, 2020<meta itemprop=\"interactionCount\" content=\"UserComments: 0\"\/><\/div><\/div><\/div><\/div><\/li><\/ul><\/div>[vc_empty_space height=\u00bb40px\u00bb][\/vc_column_inner][\/vc_row_inner][vc_empty_space height=\u00bb40px\u00bb][\/vc_column][\/vc_row]<\/p>\n<\/div>","protected":false},"excerpt":{"rendered":"<p>[vc_row css_animation=\u00bb\u00bb row_type=\u00bbrow\u00bb use_row_as_full_screen_section=\u00bbno\u00bb type=\u00bbgrid\u00bb angled_section=\u00bbno\u00bb text_align=\u00bbleft\u00bb background_image_as_pattern=\u00bbwithout_pattern\u00bb z_index=\u00bb\u00bb][vc_column][vc_empty_space height=\u00bb100px\u00bb][\/vc_column][\/vc_row][vc_row css_animation=\u00bb\u00bb row_type=\u00bbrow\u00bb use_row_as_full_screen_section=\u00bbno\u00bb type=\u00bbgrid\u00bb angled_section=\u00bbno\u00bb&#8230;<\/p>\n","protected":false},"author":1,"featured_media":1603,"parent":1596,"menu_order":1,"comment_status":"closed","ping_status":"closed","template":"full_width.php","meta":{"footnotes":""},"class_list":["post-1617","page","type-page","status-publish","has-post-thumbnail","hentry"],"yoast_head":"<!-- This site is optimized with the Yoast SEO plugin v26.4 - https:\/\/yoast.com\/wordpress\/plugins\/seo\/ -->\n<title>Evaporadores - INERCO<\/title>\n<meta name=\"description\" content=\"Evaporadores para gesti\u00f3n de residuos industriales: sector galv\u00e1nico, metal\u00fargico, lixiviados, cosm\u00e9tico, farmac\u00e9utico, alimentaci\u00f3n...\" \/>\n<meta name=\"robots\" content=\"index, follow, max-snippet:-1, max-image-preview:large, max-video-preview:-1\" \/>\n<link rel=\"canonical\" href=\"https:\/\/www.inerco.com\/es\/tecnologia-ambiental\/aguas\/evaporadores\/\" \/>\n<meta property=\"og:locale\" content=\"es_ES\" \/>\n<meta property=\"og:type\" content=\"article\" \/>\n<meta property=\"og:title\" content=\"Evaporadores - INERCO\" \/>\n<meta property=\"og:description\" content=\"Evaporadores para gesti\u00f3n de residuos industriales: sector galv\u00e1nico, metal\u00fargico, lixiviados, cosm\u00e9tico, farmac\u00e9utico, alimentaci\u00f3n...\" \/>\n<meta property=\"og:url\" content=\"https:\/\/www.inerco.com\/es\/tecnologia-ambiental\/aguas\/evaporadores\/\" \/>\n<meta property=\"og:site_name\" content=\"INERCO\" \/>\n<meta property=\"article:modified_time\" content=\"2023-09-06T11:44:54+00:00\" \/>\n<meta property=\"og:image\" content=\"https:\/\/www.inerco.com\/wp-content\/uploads\/INERCO-Evaporadores.jpg\" \/>\n\t<meta property=\"og:image:width\" content=\"500\" \/>\n\t<meta property=\"og:image:height\" content=\"225\" \/>\n\t<meta property=\"og:image:type\" content=\"image\/jpeg\" \/>\n<meta name=\"twitter:card\" content=\"summary_large_image\" \/>\n<meta name=\"twitter:site\" content=\"@Inerco_\" \/>\n<script type=\"application\/ld+json\" class=\"yoast-schema-graph\">{\"@context\":\"https:\/\/schema.org\",\"@graph\":[{\"@type\":\"WebPage\",\"@id\":\"https:\/\/www.inerco.com\/es\/tecnologia-ambiental\/aguas\/evaporadores\/\",\"url\":\"https:\/\/www.inerco.com\/es\/tecnologia-ambiental\/aguas\/evaporadores\/\",\"name\":\"Evaporadores - INERCO\",\"isPartOf\":{\"@id\":\"https:\/\/www.inerco.com\/es\/#website\"},\"primaryImageOfPage\":{\"@id\":\"https:\/\/www.inerco.com\/es\/tecnologia-ambiental\/aguas\/evaporadores\/#primaryimage\"},\"image\":{\"@id\":\"https:\/\/www.inerco.com\/es\/tecnologia-ambiental\/aguas\/evaporadores\/#primaryimage\"},\"thumbnailUrl\":\"https:\/\/www.inerco.com\/wp-content\/uploads\/INERCO-Evaporadores.jpg\",\"datePublished\":\"2018-12-16T17:34:27+00:00\",\"dateModified\":\"2023-09-06T11:44:54+00:00\",\"description\":\"Evaporadores para gesti\u00f3n de residuos industriales: sector galv\u00e1nico, metal\u00fargico, lixiviados, cosm\u00e9tico, farmac\u00e9utico, alimentaci\u00f3n...\",\"breadcrumb\":{\"@id\":\"https:\/\/www.inerco.com\/es\/tecnologia-ambiental\/aguas\/evaporadores\/#breadcrumb\"},\"inLanguage\":\"es\",\"potentialAction\":[{\"@type\":\"ReadAction\",\"target\":[\"https:\/\/www.inerco.com\/es\/tecnologia-ambiental\/aguas\/evaporadores\/\"]}]},{\"@type\":\"ImageObject\",\"inLanguage\":\"es\",\"@id\":\"https:\/\/www.inerco.com\/es\/tecnologia-ambiental\/aguas\/evaporadores\/#primaryimage\",\"url\":\"https:\/\/www.inerco.com\/wp-content\/uploads\/INERCO-Evaporadores.jpg\",\"contentUrl\":\"https:\/\/www.inerco.com\/wp-content\/uploads\/INERCO-Evaporadores.jpg\",\"width\":\"500\",\"height\":\"225\",\"caption\":\"INERCO Evaporadores\"},{\"@type\":\"BreadcrumbList\",\"@id\":\"https:\/\/www.inerco.com\/es\/tecnologia-ambiental\/aguas\/evaporadores\/#breadcrumb\",\"itemListElement\":[{\"@type\":\"ListItem\",\"position\":1,\"name\":\"Home\",\"item\":\"https:\/\/www.inerco.com\/es\/\"},{\"@type\":\"ListItem\",\"position\":2,\"name\":\"Tecnolog\u00eda Ambiental\",\"item\":\"https:\/\/www.inerco.com\/es\/tecnologia-ambiental\/\"},{\"@type\":\"ListItem\",\"position\":3,\"name\":\"Aguas\",\"item\":\"https:\/\/www.inerco.com\/es\/tecnologia-ambiental\/aguas\/\"},{\"@type\":\"ListItem\",\"position\":4,\"name\":\"Evaporadores\"}]},{\"@type\":\"WebSite\",\"@id\":\"https:\/\/www.inerco.com\/es\/#website\",\"url\":\"https:\/\/www.inerco.com\/es\/\",\"name\":\"INERCO\",\"description\":\"Tecnolog\u00eda, ingenier\u00eda y consultor\u00eda integral para el desarrollo industrial sostenible\",\"potentialAction\":[{\"@type\":\"SearchAction\",\"target\":{\"@type\":\"EntryPoint\",\"urlTemplate\":\"https:\/\/www.inerco.com\/es\/?s={search_term_string}\"},\"query-input\":{\"@type\":\"PropertyValueSpecification\",\"valueRequired\":true,\"valueName\":\"search_term_string\"}}],\"inLanguage\":\"es\"}]}<\/script>\n<!-- \/ Yoast SEO plugin. -->","yoast_head_json":{"title":"Evaporadores - INERCO","description":"Evaporadores para gesti\u00f3n de residuos industriales: sector galv\u00e1nico, metal\u00fargico, lixiviados, cosm\u00e9tico, farmac\u00e9utico, alimentaci\u00f3n...","robots":{"index":"index","follow":"follow","max-snippet":"max-snippet:-1","max-image-preview":"max-image-preview:large","max-video-preview":"max-video-preview:-1"},"canonical":"https:\/\/www.inerco.com\/es\/tecnologia-ambiental\/aguas\/evaporadores\/","og_locale":"es_ES","og_type":"article","og_title":"Evaporadores - INERCO","og_description":"Evaporadores para gesti\u00f3n de residuos industriales: sector galv\u00e1nico, metal\u00fargico, lixiviados, cosm\u00e9tico, farmac\u00e9utico, alimentaci\u00f3n...","og_url":"https:\/\/www.inerco.com\/es\/tecnologia-ambiental\/aguas\/evaporadores\/","og_site_name":"INERCO","article_modified_time":"2023-09-06T11:44:54+00:00","og_image":[{"width":500,"height":225,"url":"https:\/\/www.inerco.com\/wp-content\/uploads\/INERCO-Evaporadores.jpg","type":"image\/jpeg"}],"twitter_card":"summary_large_image","twitter_site":"@Inerco_","schema":{"@context":"https:\/\/schema.org","@graph":[{"@type":"WebPage","@id":"https:\/\/www.inerco.com\/es\/tecnologia-ambiental\/aguas\/evaporadores\/","url":"https:\/\/www.inerco.com\/es\/tecnologia-ambiental\/aguas\/evaporadores\/","name":"Evaporadores - INERCO","isPartOf":{"@id":"https:\/\/www.inerco.com\/es\/#website"},"primaryImageOfPage":{"@id":"https:\/\/www.inerco.com\/es\/tecnologia-ambiental\/aguas\/evaporadores\/#primaryimage"},"image":{"@id":"https:\/\/www.inerco.com\/es\/tecnologia-ambiental\/aguas\/evaporadores\/#primaryimage"},"thumbnailUrl":"https:\/\/www.inerco.com\/wp-content\/uploads\/INERCO-Evaporadores.jpg","datePublished":"2018-12-16T17:34:27+00:00","dateModified":"2023-09-06T11:44:54+00:00","description":"Evaporadores para gesti\u00f3n de residuos industriales: sector galv\u00e1nico, metal\u00fargico, lixiviados, cosm\u00e9tico, farmac\u00e9utico, alimentaci\u00f3n...","breadcrumb":{"@id":"https:\/\/www.inerco.com\/es\/tecnologia-ambiental\/aguas\/evaporadores\/#breadcrumb"},"inLanguage":"es","potentialAction":[{"@type":"ReadAction","target":["https:\/\/www.inerco.com\/es\/tecnologia-ambiental\/aguas\/evaporadores\/"]}]},{"@type":"ImageObject","inLanguage":"es","@id":"https:\/\/www.inerco.com\/es\/tecnologia-ambiental\/aguas\/evaporadores\/#primaryimage","url":"https:\/\/www.inerco.com\/wp-content\/uploads\/INERCO-Evaporadores.jpg","contentUrl":"https:\/\/www.inerco.com\/wp-content\/uploads\/INERCO-Evaporadores.jpg","width":"500","height":"225","caption":"INERCO Evaporadores"},{"@type":"BreadcrumbList","@id":"https:\/\/www.inerco.com\/es\/tecnologia-ambiental\/aguas\/evaporadores\/#breadcrumb","itemListElement":[{"@type":"ListItem","position":1,"name":"Home","item":"https:\/\/www.inerco.com\/es\/"},{"@type":"ListItem","position":2,"name":"Tecnolog\u00eda Ambiental","item":"https:\/\/www.inerco.com\/es\/tecnologia-ambiental\/"},{"@type":"ListItem","position":3,"name":"Aguas","item":"https:\/\/www.inerco.com\/es\/tecnologia-ambiental\/aguas\/"},{"@type":"ListItem","position":4,"name":"Evaporadores"}]},{"@type":"WebSite","@id":"https:\/\/www.inerco.com\/es\/#website","url":"https:\/\/www.inerco.com\/es\/","name":"INERCO","description":"Tecnolog\u00eda, ingenier\u00eda y consultor\u00eda integral para el desarrollo industrial sostenible","potentialAction":[{"@type":"SearchAction","target":{"@type":"EntryPoint","urlTemplate":"https:\/\/www.inerco.com\/es\/?s={search_term_string}"},"query-input":{"@type":"PropertyValueSpecification","valueRequired":true,"valueName":"search_term_string"}}],"inLanguage":"es"}]}},"_links":{"self":[{"href":"https:\/\/www.inerco.com\/es\/wp-json\/wp\/v2\/pages\/1617","targetHints":{"allow":["GET"]}}],"collection":[{"href":"https:\/\/www.inerco.com\/es\/wp-json\/wp\/v2\/pages"}],"about":[{"href":"https:\/\/www.inerco.com\/es\/wp-json\/wp\/v2\/types\/page"}],"author":[{"embeddable":true,"href":"https:\/\/www.inerco.com\/es\/wp-json\/wp\/v2\/users\/1"}],"replies":[{"embeddable":true,"href":"https:\/\/www.inerco.com\/es\/wp-json\/wp\/v2\/comments?post=1617"}],"version-history":[{"count":17,"href":"https:\/\/www.inerco.com\/es\/wp-json\/wp\/v2\/pages\/1617\/revisions"}],"predecessor-version":[{"id":13484,"href":"https:\/\/www.inerco.com\/es\/wp-json\/wp\/v2\/pages\/1617\/revisions\/13484"}],"up":[{"embeddable":true,"href":"https:\/\/www.inerco.com\/es\/wp-json\/wp\/v2\/pages\/1596"}],"wp:featuredmedia":[{"embeddable":true,"href":"https:\/\/www.inerco.com\/es\/wp-json\/wp\/v2\/media\/1603"}],"wp:attachment":[{"href":"https:\/\/www.inerco.com\/es\/wp-json\/wp\/v2\/media?parent=1617"}],"curies":[{"name":"wp","href":"https:\/\/api.w.org\/{rel}","templated":true}]}}