{"id":1507,"date":"2018-12-14T10:02:52","date_gmt":"2018-12-14T09:02:52","guid":{"rendered":"http:\/\/82.194.72.70\/?page_id=1507"},"modified":"2023-09-06T13:18:18","modified_gmt":"2023-09-06T11:18:18","slug":"sistemas-de-analizadores","status":"publish","type":"page","link":"https:\/\/www.inerco.com\/es\/tecnologia-ambiental\/atmosfera\/sistemas-de-analizadores\/","title":{"rendered":"Sistemas de Analizadores"},"content":{"rendered":"<div class=\"wpb-content-wrapper\"><p>[vc_row css_animation=\u00bb\u00bb row_type=\u00bbrow\u00bb use_row_as_full_screen_section=\u00bbno\u00bb type=\u00bbgrid\u00bb angled_section=\u00bbno\u00bb text_align=\u00bbleft\u00bb background_image_as_pattern=\u00bbwithout_pattern\u00bb z_index=\u00bb\u00bb][vc_column][vc_empty_space height=\u00bb100px\u00bb][\/vc_column][\/vc_row][vc_row css_animation=\u00bb\u00bb row_type=\u00bbrow\u00bb use_row_as_full_screen_section=\u00bbno\u00bb type=\u00bbgrid\u00bb angled_section=\u00bbno\u00bb text_align=\u00bbleft\u00bb background_image_as_pattern=\u00bbwithout_pattern\u00bb z_index=\u00bb\u00bb][vc_column width=\u00bb3\/4&#8243;]<blockquote class=' with_quote_icon' style='width: 95%;border-left-color: #ffffff;background-color: #ffffff;'><i class='fa fa-quote-right' style='color: #009640;'><\/i><h5 class='blockquote-text' style=' line-height: 30px;'>INERCO aporta soluciones a medida para la monitorizaci\u00f3n en continuo en los siguientes \u00e1mbitos:<\/h5><\/blockquote>[vc_empty_space height=\u00bb80px\u00bb][vc_row_inner row_type=\u00bbrow\u00bb type=\u00bbfull_width\u00bb text_align=\u00bbleft\u00bb css_animation=\u00bb\u00bb][vc_column_inner][qode_elements_holder number_of_columns=\u00bbtwo_columns\u00bb][qode_elements_holder_item vertical_alignment=\u00bbtop\u00bb horizontal_alignment=\u00bbcenter\u00bb advanced_animations=\u00bbno\u00bb item_padding=\u00bb0px 3px 0px 3px\u00bb]<div class=\"q_image_with_text_over q_iwto_hover\"><div class=\"shader\" style=\"background-color: rgba(0,0,0,0.42)\"><\/div><div class=\"shader_hover\" style=\"background-color: rgba(0,150,64,0.53)\"><\/div><img decoding=\"async\" itemprop=\"image\" src=\"https:\/\/www.inerco.com\/wp-content\/uploads\/INERCO-Monitorizaci\u00f3n-en-Continuo-de-Emisiones.jpg\" alt=\"INERCO Monitorizaci\u00f3n en Continuo de Emisiones\" \/><div class=\"text\"><table><tr><td><h2 class=\"caption no_icon\" style=\"\">Emisiones (CEMS)<\/h2><\/td><\/tr><\/table><table><tr><td><div class=\"desc\"><\/p>\n<h2 style=\"text-align: center;\"><a href=\"#emisiones-cems\"><span style=\"color: #ffffff;\">Emisiones (CEMS)<\/span><\/a><\/h2>\n<p><\/div><\/td><\/tr><\/table><\/div><\/div>[\/qode_elements_holder_item][qode_elements_holder_item vertical_alignment=\u00bbtop\u00bb horizontal_alignment=\u00bbcenter\u00bb advanced_animations=\u00bbno\u00bb item_padding=\u00bb0px 3px 0px 3px\u00bb]<div class=\"q_image_with_text_over q_iwto_hover\"><div class=\"shader\" style=\"background-color: rgba(0,0,0,0.42)\"><\/div><div class=\"shader_hover\" style=\"background-color: rgba(0,150,64,0.53)\"><\/div><img decoding=\"async\" itemprop=\"image\" src=\"https:\/\/www.inerco.com\/wp-content\/uploads\/INERCO-Redes-de-Calidad-de-Aire.jpg\" alt=\"INERCO Redes de Calidad de Aire\" \/><div class=\"text\"><table><tr><td><h2 class=\"caption no_icon\" style=\"\">Calidad del Aire<\/h2><\/td><\/tr><\/table><table><tr><td><div class=\"desc\"><\/p>\n<h2 style=\"text-align: center;\"><a href=\"#calidad-del-aire\"><span style=\"color: #ffffff;\">Calidad del Aire<\/span><\/a><\/h2>\n<p><\/div><\/td><\/tr><\/table><\/div><\/div>[\/qode_elements_holder_item][\/qode_elements_holder][qode_elements_holder number_of_columns=\u00bbtwo_columns\u00bb][qode_elements_holder_item vertical_alignment=\u00bbtop\u00bb horizontal_alignment=\u00bbcenter\u00bb advanced_animations=\u00bbno\u00bb item_padding=\u00bb0px 3px 0px 3px\u00bb]<div class=\"q_image_with_text_over q_iwto_hover\"><div class=\"shader\" style=\"background-color: rgba(0,0,0,0.5)\"><\/div><div class=\"shader_hover\" style=\"background-color: rgba(0,150,64,0.53)\"><\/div><img decoding=\"async\" itemprop=\"image\" src=\"https:\/\/www.inerco.com\/wp-content\/uploads\/INERCO-Monitorizaci\u00f3n-de-l\u00edneas-de-Procesos.jpg\" alt=\"INERCO Monitorizaci\u00f3n de l\u00edneas de Procesos\" \/><div class=\"text\"><table><tr><td><h2 class=\"caption no_icon\" style=\"\">Cromatograf\u00eda - Propiedades F\u00edsicas<\/h2><\/td><\/tr><\/table><table><tr><td><div class=\"desc\"><\/p>\n<h2 style=\"text-align: center;\"><a href=\"#cromatografia-propiedades-fisicas\"><span style=\"color: #ffffff;\">Cromatograf\u00eda \u2013Propiedades F\u00edsicas<\/span><\/a><\/h2>\n<p><\/div><\/td><\/tr><\/table><\/div><\/div>[\/qode_elements_holder_item][qode_elements_holder_item vertical_alignment=\u00bbtop\u00bb horizontal_alignment=\u00bbcenter\u00bb advanced_animations=\u00bbno\u00bb item_padding=\u00bb0px 3px 0px 3px\u00bb]<div class=\"q_image_with_text_over q_iwto_hover\"><div class=\"shader\" style=\"background-color: rgba(0,0,0,0.5)\"><\/div><div class=\"shader_hover\" style=\"background-color: rgba(0,150,64,0.53)\"><\/div><img decoding=\"async\" itemprop=\"image\" src=\"https:\/\/www.inerco.com\/wp-content\/uploads\/Sistemas-de-Analizadores-Aguas-INERCO.jpg\" alt=\"Sistemas de Analizadores Aguas INERCO\" \/><div class=\"text\"><table><tr><td><h2 class=\"caption no_icon\" style=\"\">Aguas<\/h2><\/td><\/tr><\/table><table><tr><td><div class=\"desc\"><\/p>\n<h2 style=\"text-align: center;\"><a href=\"#aguas\"><span style=\"color: #ffffff;\">Aguas<\/span><\/a><\/h2>\n<p><\/div><\/td><\/tr><\/table><\/div><\/div>[\/qode_elements_holder_item][\/qode_elements_holder][vc_empty_space height=\u00bb50px\u00bb][vc_column_text]Nuestros <strong>proyectos de monitorizaci\u00f3n en continuo<\/strong> abordan la soluci\u00f3n de manera integral: desde la caracterizaci\u00f3n de la fuente y consideraci\u00f3n de las condiciones de contorno para la realizaci\u00f3n del dise\u00f1o b\u00e1sico, selecci\u00f3n del equipamiento adecuado para dotar de la m\u00e1xima robustez y fiabilidad al sistema, el dise\u00f1o de detalle, que junto con la integraci\u00f3n y el estricto control de calidad permitir\u00e1n obtener un sistema listo para montaje en planta. Participamos tambi\u00e9n directamente en las fases de puesta en marcha, y acompa\u00f1amos a nuestros clientes en la obtenci\u00f3n de las certificaciones necesarias.<\/p>\n<p>Nuestro <strong>equipo multidisciplinar<\/strong> forma parte activa de todo el proceso, y conoce las normativas de aplicaci\u00f3n, cuesti\u00f3n fundamental para tener \u00e9xito en el proyecto desde la fase de dise\u00f1o.<\/p>\n<p>Los sistemas existentes pueden ser modificados, tambi\u00e9n, para su adaptaci\u00f3n al cumplimiento de nuevas exigencias, o bien para la mejora de su funcionamiento y robustez.<\/p>\n<p><strong>INERCO<\/strong> presta soporte posterior con el suministro de los repuestos necesarios para la correcta operaci\u00f3n de todos los sistemas que instala, disponemos tambi\u00e9n de servicio de mantenimiento propio (preventivo y correctivo), el cual podemos abordar mediante servicios puntuales o bien con personal fijo en sus instalaciones.[\/vc_column_text][vc_empty_space height=\u00bb30px\u00bb][\/vc_column_inner][\/vc_row_inner][vc_row_inner row_type=\u00bbrow\u00bb type=\u00bbfull_width\u00bb text_align=\u00bbleft\u00bb css_animation=\u00bb\u00bb el_id=\u00bbemisiones-cems\u00bb][vc_column_inner][vc_empty_space height=\u00bb100px\u00bb]<div class=\"custom_font_holder \" style=\" font-style: normal; font-weight: 300; color: #009640; text-decoration: none; text-align: left; --qode-cf-font-size: 35px; --qode-cf-line-height: 40px; --qode-cf-font-size-1440: 35px; --qode-cf-line-height-1440: 40px; --qode-cf-font-size-1366: 35px; --qode-cf-line-height-1366: 40px; --qode-cf-font-size-1280: 35px; --qode-cf-line-height-1280: 40px; --qode-cf-font-size-1024: 35px; --qode-cf-line-height-1024: 40px; --qode-cf-font-size-768: 35px; --qode-cf-line-height-768: 40px; --qode-cf-font-size-680: 35px; --qode-cf-line-height-680: 40px; --qode-cf-font-size-480: 35px; --qode-cf-line-height-480: 40px;\">Monitorizaci\u00f3n en Continuo de Emisiones. CEMS<\/div>[vc_empty_space height=\u00bb50px\u00bb][vc_column_text]Partiendo del concepto de <strong>soluci\u00f3n integral<\/strong> que aplicamos a nuestros proyectos, nuestros CEMS son dise\u00f1ados para el cumplimiento estricto de las normativas de aplicaci\u00f3n, o bien realizamos la adaptaci\u00f3n de sistemas existentes para lograr el cumplimiento con los m\u00ednimos costes.<\/p>\n<p>Conocemos ampliamente los est\u00e1ndares principales de aplicaci\u00f3n, bien a nivel de <strong>normativa Europea CE<\/strong>, o <strong>normativa US- EPA<\/strong>, y adaptamos la soluci\u00f3n a posibles requerimientos particulares dictados en cada pa\u00eds. Proyectos desarrollados en varios continentes avalan nuestras soluciones.<\/p>\n<p>Nuestro <strong>desarrollo de software DAHS- CEMS<\/strong> supervisa y controla la operaci\u00f3n y funcionamiento del CEMS, minimizando de este modo los datos perdidos (la disponibilidad de datos en nuestros CEMS son cercanas al 100%), y siendo una herramienta muy potente tanto para la realizaci\u00f3n de mantenimientos rutinarios, supervisi\u00f3n en remoto, y reporte de datos a las Autoridades competentes.<\/p>\n<p>Podemos monitorizar cualquier par\u00e1metro: O2, CO2, material particulado, CO, NOx, SO2, HCl, HF, Hg, TRS, H2S, H2O, caudal, temperatura, presi\u00f3n, entre otros, aplicando diferentes tecnolog\u00edas: NDIR, UV, FTIR, DOAS, etc.[\/vc_column_text][\/vc_column_inner][\/vc_row_inner][vc_row_inner row_type=\u00bbrow\u00bb type=\u00bbfull_width\u00bb text_align=\u00bbleft\u00bb css_animation=\u00bb\u00bb el_id=\u00bbcalidad-del-aire\u00bb][vc_column_inner][vc_empty_space height=\u00bb100px\u00bb]<div class=\"custom_font_holder \" style=\" font-style: normal; font-weight: 300; color: #009640; text-decoration: none; text-align: left; --qode-cf-font-size: 35px; --qode-cf-line-height: 40px; --qode-cf-font-size-1440: 35px; --qode-cf-line-height-1440: 40px; --qode-cf-font-size-1366: 35px; --qode-cf-line-height-1366: 40px; --qode-cf-font-size-1280: 35px; --qode-cf-line-height-1280: 40px; --qode-cf-font-size-1024: 35px; --qode-cf-line-height-1024: 40px; --qode-cf-font-size-768: 35px; --qode-cf-line-height-768: 40px; --qode-cf-font-size-680: 35px; --qode-cf-line-height-680: 40px; --qode-cf-font-size-480: 35px; --qode-cf-line-height-480: 40px;\">Monitorizaci\u00f3n en continuo de calidad del aire<\/div>[vc_empty_space height=\u00bb50px\u00bb][vc_column_text]Nuestras <strong>cabinas de calidad del aire<\/strong> incorporan muchos de los desarrollos en automatizaci\u00f3n ya testados en los sistemas de medici\u00f3n de emisiones, y pueden suministrarse tanto cabinas fijas como m\u00f3viles.<\/p>\n<p>Se pueden complementar con otros sistemas sensores de bajo coste, para as\u00ed obtener un mapa completo de los gases a determinar en una zona.<\/p>\n<p>El <strong>software empleado, desarrollado directamente por INERCO<\/strong>, incorpora capacidades para el monitoreo remoto de las diferentes variables medidas, supervisi\u00f3n del sistema, y ejecuci\u00f3n de actividades de chequeo sin intervenci\u00f3n de personal directamente en cabina.[\/vc_column_text][\/vc_column_inner][\/vc_row_inner][vc_row_inner row_type=\u00bbrow\u00bb type=\u00bbfull_width\u00bb text_align=\u00bbleft\u00bb css_animation=\u00bb\u00bb el_id=\u00bbcromatografia-propiedades-fisicas\u00bb][vc_column_inner][vc_empty_space height=\u00bb100px\u00bb]<div class=\"custom_font_holder \" style=\" font-style: normal; font-weight: 300; color: #009640; text-decoration: none; text-align: left; --qode-cf-font-size: 35px; --qode-cf-line-height: 40px; --qode-cf-font-size-1440: 35px; --qode-cf-line-height-1440: 40px; --qode-cf-font-size-1366: 35px; --qode-cf-line-height-1366: 40px; --qode-cf-font-size-1280: 35px; --qode-cf-line-height-1280: 40px; --qode-cf-font-size-1024: 35px; --qode-cf-line-height-1024: 40px; --qode-cf-font-size-768: 35px; --qode-cf-line-height-768: 40px; --qode-cf-font-size-680: 35px; --qode-cf-line-height-680: 40px; --qode-cf-font-size-480: 35px; --qode-cf-line-height-480: 40px;\">Monitorizaci\u00f3n en continuo de procesos mediante cromatograf\u00eda y equipos de propiedades f\u00edsicas.<\/div>[vc_empty_space height=\u00bb50px\u00bb][vc_column_text]Disponemos de certificaciones necesarias y hemos participado en procesos de <strong>modificaci\u00f3n y mejora de sistemas de monitorizaci\u00f3n en l\u00ednea existentes<\/strong>: dise\u00f1ando y aplicando la soluci\u00f3n, realizando las puestas en marcha y asistencias posteriores.<\/p>\n<p>Los procesos de formaci\u00f3n con nuestros partners nos han permitido disponer de los conocimientos necesarios sobre equipamiento que, unido a la formaci\u00f3n y experiencia en procesos de nuestro personal, hace que podamos ofrecer <strong>soluciones diferenciales para el control de los procesos<\/strong>.<\/p>\n<p>Podemos incorporar equipamiento de diferentes marcas a nuestros proyectos, obteniendo como clara ventaja de ello el poder aplicar la soluci\u00f3n necesaria en cada caso.[\/vc_column_text][vc_empty_space height=\u00bb50px\u00bb][\/vc_column_inner][\/vc_row_inner][vc_row_inner row_type=\u00bbrow\u00bb type=\u00bbfull_width\u00bb text_align=\u00bbleft\u00bb css_animation=\u00bb\u00bb el_id=\u00bbaguas\u00bb][vc_column_inner][vc_empty_space height=\u00bb100px\u00bb]<div class=\"custom_font_holder \" style=\" font-style: normal; font-weight: 300; color: #009640; text-decoration: none; text-align: left; --qode-cf-font-size: 35px; --qode-cf-line-height: 40px; --qode-cf-font-size-1440: 35px; --qode-cf-line-height-1440: 40px; --qode-cf-font-size-1366: 35px; --qode-cf-line-height-1366: 40px; --qode-cf-font-size-1280: 35px; --qode-cf-line-height-1280: 40px; --qode-cf-font-size-1024: 35px; --qode-cf-line-height-1024: 40px; --qode-cf-font-size-768: 35px; --qode-cf-line-height-768: 40px; --qode-cf-font-size-680: 35px; --qode-cf-line-height-680: 40px; --qode-cf-font-size-480: 35px; --qode-cf-line-height-480: 40px;\">Monitorizaci\u00f3n en continuo de aguas.<\/div>[vc_empty_space height=\u00bb50px\u00bb][vc_column_text]Hemos dise\u00f1ado multitud de sistemas SWSAS si bien, en la <strong>monitorizaci\u00f3n de par\u00e1metros especiales en procesos generalmente complejos<\/strong> es donde podemos aportarle mayor valor.<\/p>\n<p>En estos casos, el <strong>pretratamiento de la muestra<\/strong> supone mayor complejidad, y nuestro equipo de ingenieros especializados realizar\u00e1 los dise\u00f1os necesarios para que la muestra llegue a los equipos en las condiciones id\u00f3neas para la medici\u00f3n.[\/vc_column_text][\/vc_column_inner][\/vc_row_inner][\/vc_column][vc_column width=\u00bb1\/4&#8243;][vc_widget_sidebar sidebar_id=\u00bbTecn Amb &#8211; Sistemas de Analizadores\u00bb][\/vc_column][\/vc_row][vc_row css_animation=\u00bb\u00bb row_type=\u00bbrow\u00bb use_row_as_full_screen_section=\u00bbno\u00bb type=\u00bbfull_width\u00bb angled_section=\u00bbno\u00bb text_align=\u00bbleft\u00bb background_image_as_pattern=\u00bbwithout_pattern\u00bb][vc_column][vc_empty_space height=\u00bb60px\u00bb][\/vc_column][\/vc_row]<\/p>\n<\/div>","protected":false},"excerpt":{"rendered":"<p>[vc_row css_animation=\u00bb\u00bb row_type=\u00bbrow\u00bb use_row_as_full_screen_section=\u00bbno\u00bb type=\u00bbgrid\u00bb angled_section=\u00bbno\u00bb text_align=\u00bbleft\u00bb background_image_as_pattern=\u00bbwithout_pattern\u00bb z_index=\u00bb\u00bb][vc_column][vc_empty_space height=\u00bb100px\u00bb][\/vc_column][\/vc_row][vc_row css_animation=\u00bb\u00bb row_type=\u00bbrow\u00bb use_row_as_full_screen_section=\u00bbno\u00bb type=\u00bbgrid\u00bb angled_section=\u00bbno\u00bb&#8230;<\/p>\n","protected":false},"author":1,"featured_media":1520,"parent":1476,"menu_order":5,"comment_status":"closed","ping_status":"closed","template":"full_width.php","meta":{"footnotes":""},"class_list":["post-1507","page","type-page","status-publish","has-post-thumbnail","hentry"],"yoast_head":"<!-- This site is optimized with the Yoast SEO plugin v26.4 - https:\/\/yoast.com\/wordpress\/plugins\/seo\/ -->\n<title>Sistemas de Analizadores - INERCO<\/title>\n<meta name=\"description\" content=\"INERCO Sistemas de Analizadores. Aportamos soluciones para la monitorizaci\u00f3n en continuo de emisiones y procesos industriales.\" \/>\n<meta name=\"robots\" content=\"index, follow, max-snippet:-1, max-image-preview:large, max-video-preview:-1\" \/>\n<link rel=\"canonical\" href=\"https:\/\/www.inerco.com\/es\/tecnologia-ambiental\/atmosfera\/sistemas-de-analizadores\/\" \/>\n<meta property=\"og:locale\" content=\"es_ES\" \/>\n<meta property=\"og:type\" content=\"article\" \/>\n<meta property=\"og:title\" content=\"Sistemas de Analizadores - INERCO\" \/>\n<meta property=\"og:description\" content=\"INERCO Sistemas de Analizadores. Aportamos soluciones para la monitorizaci\u00f3n en continuo de emisiones y procesos industriales.\" \/>\n<meta property=\"og:url\" content=\"https:\/\/www.inerco.com\/es\/tecnologia-ambiental\/atmosfera\/sistemas-de-analizadores\/\" \/>\n<meta property=\"og:site_name\" content=\"INERCO\" \/>\n<meta property=\"article:modified_time\" content=\"2023-09-06T11:18:18+00:00\" \/>\n<meta property=\"og:image\" content=\"https:\/\/www.inerco.com\/wp-content\/uploads\/INERCO-Sistemas-de-Analizadores.jpg\" \/>\n\t<meta property=\"og:image:width\" content=\"500\" \/>\n\t<meta property=\"og:image:height\" content=\"225\" \/>\n\t<meta property=\"og:image:type\" content=\"image\/jpeg\" \/>\n<meta name=\"twitter:card\" content=\"summary_large_image\" \/>\n<meta name=\"twitter:site\" content=\"@Inerco_\" \/>\n<script type=\"application\/ld+json\" class=\"yoast-schema-graph\">{\"@context\":\"https:\/\/schema.org\",\"@graph\":[{\"@type\":\"WebPage\",\"@id\":\"https:\/\/www.inerco.com\/es\/tecnologia-ambiental\/atmosfera\/sistemas-de-analizadores\/\",\"url\":\"https:\/\/www.inerco.com\/es\/tecnologia-ambiental\/atmosfera\/sistemas-de-analizadores\/\",\"name\":\"Sistemas de Analizadores - INERCO\",\"isPartOf\":{\"@id\":\"https:\/\/www.inerco.com\/es\/#website\"},\"primaryImageOfPage\":{\"@id\":\"https:\/\/www.inerco.com\/es\/tecnologia-ambiental\/atmosfera\/sistemas-de-analizadores\/#primaryimage\"},\"image\":{\"@id\":\"https:\/\/www.inerco.com\/es\/tecnologia-ambiental\/atmosfera\/sistemas-de-analizadores\/#primaryimage\"},\"thumbnailUrl\":\"https:\/\/www.inerco.com\/wp-content\/uploads\/INERCO-Sistemas-de-Analizadores.jpg\",\"datePublished\":\"2018-12-14T09:02:52+00:00\",\"dateModified\":\"2023-09-06T11:18:18+00:00\",\"description\":\"INERCO Sistemas de Analizadores. Aportamos soluciones para la monitorizaci\u00f3n en continuo de emisiones y procesos industriales.\",\"breadcrumb\":{\"@id\":\"https:\/\/www.inerco.com\/es\/tecnologia-ambiental\/atmosfera\/sistemas-de-analizadores\/#breadcrumb\"},\"inLanguage\":\"es\",\"potentialAction\":[{\"@type\":\"ReadAction\",\"target\":[\"https:\/\/www.inerco.com\/es\/tecnologia-ambiental\/atmosfera\/sistemas-de-analizadores\/\"]}]},{\"@type\":\"ImageObject\",\"inLanguage\":\"es\",\"@id\":\"https:\/\/www.inerco.com\/es\/tecnologia-ambiental\/atmosfera\/sistemas-de-analizadores\/#primaryimage\",\"url\":\"https:\/\/www.inerco.com\/wp-content\/uploads\/INERCO-Sistemas-de-Analizadores.jpg\",\"contentUrl\":\"https:\/\/www.inerco.com\/wp-content\/uploads\/INERCO-Sistemas-de-Analizadores.jpg\",\"width\":\"500\",\"height\":\"225\",\"caption\":\"INERCO Sistemas de Analizadores\"},{\"@type\":\"BreadcrumbList\",\"@id\":\"https:\/\/www.inerco.com\/es\/tecnologia-ambiental\/atmosfera\/sistemas-de-analizadores\/#breadcrumb\",\"itemListElement\":[{\"@type\":\"ListItem\",\"position\":1,\"name\":\"Home\",\"item\":\"https:\/\/www.inerco.com\/es\/\"},{\"@type\":\"ListItem\",\"position\":2,\"name\":\"Tecnolog\u00eda Ambiental\",\"item\":\"https:\/\/www.inerco.com\/es\/tecnologia-ambiental\/\"},{\"@type\":\"ListItem\",\"position\":3,\"name\":\"Atm\u00f3sfera\",\"item\":\"https:\/\/www.inerco.com\/es\/tecnologia-ambiental\/atmosfera\/\"},{\"@type\":\"ListItem\",\"position\":4,\"name\":\"Sistemas de Analizadores\"}]},{\"@type\":\"WebSite\",\"@id\":\"https:\/\/www.inerco.com\/es\/#website\",\"url\":\"https:\/\/www.inerco.com\/es\/\",\"name\":\"INERCO\",\"description\":\"Tecnolog\u00eda, ingenier\u00eda y consultor\u00eda integral para el desarrollo industrial sostenible\",\"potentialAction\":[{\"@type\":\"SearchAction\",\"target\":{\"@type\":\"EntryPoint\",\"urlTemplate\":\"https:\/\/www.inerco.com\/es\/?s={search_term_string}\"},\"query-input\":{\"@type\":\"PropertyValueSpecification\",\"valueRequired\":true,\"valueName\":\"search_term_string\"}}],\"inLanguage\":\"es\"}]}<\/script>\n<!-- \/ Yoast SEO plugin. -->","yoast_head_json":{"title":"Sistemas de Analizadores - INERCO","description":"INERCO Sistemas de Analizadores. Aportamos soluciones para la monitorizaci\u00f3n en continuo de emisiones y procesos industriales.","robots":{"index":"index","follow":"follow","max-snippet":"max-snippet:-1","max-image-preview":"max-image-preview:large","max-video-preview":"max-video-preview:-1"},"canonical":"https:\/\/www.inerco.com\/es\/tecnologia-ambiental\/atmosfera\/sistemas-de-analizadores\/","og_locale":"es_ES","og_type":"article","og_title":"Sistemas de Analizadores - INERCO","og_description":"INERCO Sistemas de Analizadores. Aportamos soluciones para la monitorizaci\u00f3n en continuo de emisiones y procesos industriales.","og_url":"https:\/\/www.inerco.com\/es\/tecnologia-ambiental\/atmosfera\/sistemas-de-analizadores\/","og_site_name":"INERCO","article_modified_time":"2023-09-06T11:18:18+00:00","og_image":[{"width":500,"height":225,"url":"https:\/\/www.inerco.com\/wp-content\/uploads\/INERCO-Sistemas-de-Analizadores.jpg","type":"image\/jpeg"}],"twitter_card":"summary_large_image","twitter_site":"@Inerco_","schema":{"@context":"https:\/\/schema.org","@graph":[{"@type":"WebPage","@id":"https:\/\/www.inerco.com\/es\/tecnologia-ambiental\/atmosfera\/sistemas-de-analizadores\/","url":"https:\/\/www.inerco.com\/es\/tecnologia-ambiental\/atmosfera\/sistemas-de-analizadores\/","name":"Sistemas de Analizadores - INERCO","isPartOf":{"@id":"https:\/\/www.inerco.com\/es\/#website"},"primaryImageOfPage":{"@id":"https:\/\/www.inerco.com\/es\/tecnologia-ambiental\/atmosfera\/sistemas-de-analizadores\/#primaryimage"},"image":{"@id":"https:\/\/www.inerco.com\/es\/tecnologia-ambiental\/atmosfera\/sistemas-de-analizadores\/#primaryimage"},"thumbnailUrl":"https:\/\/www.inerco.com\/wp-content\/uploads\/INERCO-Sistemas-de-Analizadores.jpg","datePublished":"2018-12-14T09:02:52+00:00","dateModified":"2023-09-06T11:18:18+00:00","description":"INERCO Sistemas de Analizadores. Aportamos soluciones para la monitorizaci\u00f3n en continuo de emisiones y procesos industriales.","breadcrumb":{"@id":"https:\/\/www.inerco.com\/es\/tecnologia-ambiental\/atmosfera\/sistemas-de-analizadores\/#breadcrumb"},"inLanguage":"es","potentialAction":[{"@type":"ReadAction","target":["https:\/\/www.inerco.com\/es\/tecnologia-ambiental\/atmosfera\/sistemas-de-analizadores\/"]}]},{"@type":"ImageObject","inLanguage":"es","@id":"https:\/\/www.inerco.com\/es\/tecnologia-ambiental\/atmosfera\/sistemas-de-analizadores\/#primaryimage","url":"https:\/\/www.inerco.com\/wp-content\/uploads\/INERCO-Sistemas-de-Analizadores.jpg","contentUrl":"https:\/\/www.inerco.com\/wp-content\/uploads\/INERCO-Sistemas-de-Analizadores.jpg","width":"500","height":"225","caption":"INERCO Sistemas de Analizadores"},{"@type":"BreadcrumbList","@id":"https:\/\/www.inerco.com\/es\/tecnologia-ambiental\/atmosfera\/sistemas-de-analizadores\/#breadcrumb","itemListElement":[{"@type":"ListItem","position":1,"name":"Home","item":"https:\/\/www.inerco.com\/es\/"},{"@type":"ListItem","position":2,"name":"Tecnolog\u00eda Ambiental","item":"https:\/\/www.inerco.com\/es\/tecnologia-ambiental\/"},{"@type":"ListItem","position":3,"name":"Atm\u00f3sfera","item":"https:\/\/www.inerco.com\/es\/tecnologia-ambiental\/atmosfera\/"},{"@type":"ListItem","position":4,"name":"Sistemas de Analizadores"}]},{"@type":"WebSite","@id":"https:\/\/www.inerco.com\/es\/#website","url":"https:\/\/www.inerco.com\/es\/","name":"INERCO","description":"Tecnolog\u00eda, ingenier\u00eda y consultor\u00eda integral para el desarrollo industrial sostenible","potentialAction":[{"@type":"SearchAction","target":{"@type":"EntryPoint","urlTemplate":"https:\/\/www.inerco.com\/es\/?s={search_term_string}"},"query-input":{"@type":"PropertyValueSpecification","valueRequired":true,"valueName":"search_term_string"}}],"inLanguage":"es"}]}},"_links":{"self":[{"href":"https:\/\/www.inerco.com\/es\/wp-json\/wp\/v2\/pages\/1507","targetHints":{"allow":["GET"]}}],"collection":[{"href":"https:\/\/www.inerco.com\/es\/wp-json\/wp\/v2\/pages"}],"about":[{"href":"https:\/\/www.inerco.com\/es\/wp-json\/wp\/v2\/types\/page"}],"author":[{"embeddable":true,"href":"https:\/\/www.inerco.com\/es\/wp-json\/wp\/v2\/users\/1"}],"replies":[{"embeddable":true,"href":"https:\/\/www.inerco.com\/es\/wp-json\/wp\/v2\/comments?post=1507"}],"version-history":[{"count":28,"href":"https:\/\/www.inerco.com\/es\/wp-json\/wp\/v2\/pages\/1507\/revisions"}],"predecessor-version":[{"id":4684,"href":"https:\/\/www.inerco.com\/es\/wp-json\/wp\/v2\/pages\/1507\/revisions\/4684"}],"up":[{"embeddable":true,"href":"https:\/\/www.inerco.com\/es\/wp-json\/wp\/v2\/pages\/1476"}],"wp:featuredmedia":[{"embeddable":true,"href":"https:\/\/www.inerco.com\/es\/wp-json\/wp\/v2\/media\/1520"}],"wp:attachment":[{"href":"https:\/\/www.inerco.com\/es\/wp-json\/wp\/v2\/media?parent=1507"}],"curies":[{"name":"wp","href":"https:\/\/api.w.org\/{rel}","templated":true}]}}