{"id":1476,"date":"2018-12-13T13:01:42","date_gmt":"2018-12-13T12:01:42","guid":{"rendered":"http:\/\/82.194.72.70\/?page_id=1476"},"modified":"2023-09-06T13:44:37","modified_gmt":"2023-09-06T11:44:37","slug":"atmosfera","status":"publish","type":"page","link":"https:\/\/www.inerco.com\/es\/tecnologia-ambiental\/atmosfera\/","title":{"rendered":"Atm\u00f3sfera"},"content":{"rendered":"<div class=\"wpb-content-wrapper\"><p>[vc_row css_animation=\u00bb\u00bb row_type=\u00bbrow\u00bb use_row_as_full_screen_section=\u00bbno\u00bb type=\u00bbfull_width\u00bb angled_section=\u00bbno\u00bb text_align=\u00bbleft\u00bb background_image_as_pattern=\u00bbwithout_pattern\u00bb][vc_column][vc_empty_space height=\u00bb50px\u00bb]<div class=\"custom_font_holder \" style=\" font-style: normal; font-weight: 200; text-decoration: none; text-align: center; --qode-cf-font-size: 40px; --qode-cf-line-height: 45px; --qode-cf-font-size-1440: 40px; --qode-cf-line-height-1440: 45px; --qode-cf-font-size-1366: 40px; --qode-cf-line-height-1366: 45px; --qode-cf-font-size-1280: 40px; --qode-cf-line-height-1280: 45px; --qode-cf-font-size-1024: 40px; --qode-cf-line-height-1024: 45px; --qode-cf-font-size-768: 40px; --qode-cf-line-height-768: 45px; --qode-cf-font-size-680: 40px; --qode-cf-line-height-680: 45px; --qode-cf-font-size-480: 40px; --qode-cf-line-height-480: 45px;\"><strong>INERCO<\/strong>\u00a0ofrece soluciones tecnol\u00f3gicas avanzadas para la reducci\u00f3n de las emisiones contaminantes de NO<sub>x<\/sub>\u00a0producidas en instalaciones de combusti\u00f3n.<\/div>[vc_empty_space height=\u00bb80px\u00bb][\/vc_column][\/vc_row][vc_row css_animation=\u00bb\u00bb row_type=\u00bbrow\u00bb use_row_as_full_screen_section=\u00bbno\u00bb type=\u00bbgrid\u00bb angled_section=\u00bbno\u00bb text_align=\u00bbleft\u00bb background_image_as_pattern=\u00bbwithout_pattern\u00bb z_index=\u00bb\u00bb css=\u00bb.vc_custom_1518589969864{padding-top: 25px !important;}\u00bb][vc_column width=\u00bb1\/2&#8243;]<blockquote class=' with_quote_icon' style='width: 95%;'><i class='fa fa-quote-right' style='color: #009640;'><\/i><h5 class='blockquote-text' style='color: #90908f; line-height: 30px;'>INERCO ofrece sus servicios de ingenier\u00eda de evaluaci\u00f3n, selecci\u00f3n y optimizaci\u00f3n de sistemas de combusti\u00f3n.<\/h5><\/blockquote>[vc_empty_space height=\u00bb50px\u00bb][vc_row_inner row_type=\u00bbrow\u00bb type=\u00bbfull_width\u00bb text_align=\u00bbleft\u00bb css_animation=\u00bb\u00bb][vc_column_inner][qode_elements_holder number_of_columns=\u00bbtwo_columns\u00bb switch_to_one_column=\u00bb600&#8243; alignment_one_column=\u00bbcenter\u00bb][qode_elements_holder_item vertical_alignment=\u00bbtop\u00bb horizontal_alignment=\u00bbcenter\u00bb advanced_animations=\u00bbno\u00bb item_padding=\u00bb0px 3px 0px 3px\u00bb]<div class=\"q_image_with_text_over q_iwto_hover\"><div class=\"shader\" style=\"background-color: rgba(0,0,0,0.43)\"><\/div><div class=\"shader_hover\" style=\"background-color: rgba(0,150,64,0.4)\"><\/div><img decoding=\"async\" itemprop=\"image\" src=\"https:\/\/www.inerco.com\/wp-content\/uploads\/INERCO-Control-NOx.jpg\" alt=\"INERCO Control NOx\" \/><div class=\"text\"><table><tr><td><h2 class=\"caption no_icon\" style=\"color: #ffffff;\">Control de NOx<\/h2><\/td><\/tr><\/table><table><tr><td><div class=\"desc\"><\/p>\n<h2 style=\"text-align: center;\"><a style=\"color: #ffffff;\" href=\"\/tecnologia-ambiental\/atmosfera\/control-de-nox\">Control de NOx<\/a><\/h2>\n<p><\/div><\/td><\/tr><\/table><\/div><\/div>[\/qode_elements_holder_item][qode_elements_holder_item vertical_alignment=\u00bbtop\u00bb horizontal_alignment=\u00bbcenter\u00bb advanced_animations=\u00bbno\u00bb item_padding=\u00bb0px 3px 0px 3px\u00bb]<div class=\"q_image_with_text_over q_iwto_hover\"><div class=\"shader\" style=\"background-color: rgba(0,0,0,0.42)\"><\/div><div class=\"shader_hover\" style=\"background-color: rgba(0,150,64,0.4)\"><\/div><img decoding=\"async\" itemprop=\"image\" src=\"https:\/\/www.inerco.com\/wp-content\/uploads\/INERCO-Sistemas-de-Analizadores.jpg\" alt=\"INERCO Sistemas de Analizadores\" \/><div class=\"text\"><table><tr><td><h2 class=\"caption no_icon\" style=\"color: #ffffff;\">Sistemas de Analizadores<\/h2><\/td><\/tr><\/table><table><tr><td><div class=\"desc\"><\/p>\n<h2 style=\"text-align: center;\"><a style=\"color: #ffffff;\" href=\"\/es\/tecnologia-ambiental\/atmosfera\/sistemas-de-analizadores\/\">Sistemas de Analizadores<\/a><\/h2>\n<p><\/div><\/td><\/tr><\/table><\/div><\/div>[\/qode_elements_holder_item][\/qode_elements_holder][\/vc_column_inner][\/vc_row_inner][vc_empty_space height=\u00bb40px\u00bb][\/vc_column][vc_column width=\u00bb1\/2&#8243;][vc_raw_html]JTNDZGl2JTIwY2xhc3MlM0QlMjJ0ZXh0d2lkZ2V0JTIwY3VzdG9tLWh0bWwtd2lkZ2V0JTIyJTIwc3R5bGUlM0QlMjJ0ZXh0LWFsaWduJTNBJTIwY2VudGVyJTNCJTIyJTNFJTIwJTBBJTNDYSUyMGhyZWYlM0QlMjIlMkZjb250YWN0byUyMiUyMHRhcmdldCUzRCUyMl9ibGFuayUyMiUyMHN0eWxlJTNEJTIyZm9udC1zaXplJTNBJTIwMjBweCUzQiUyMGNvbG9yJTNBJTIwcmdiJTI4MjU1JTJDJTIwMjU1JTJDJTIwMjU1JTI5JTNCJTIwYmFja2dyb3VuZC1jb2xvciUzQSUyMzAwOTY0MCUzQiUyMGhlaWdodCUzQTQwcHglMjAlMjFpbXBvcnRhbnQlM0IlMjAlMjIlMjBjbGFzcyUzRCUyMnFvZGUtYnRuJTIwcW9kZS1idG4tbWVkaXVtJTIwcW9kZS1idG4tc29saWQlMjBxb2RlLWJ0bi1jdXN0b20taG92ZXItYmclMjBxb2RlLWJ0bi1jdXN0b20taG92ZXItY29sb3IlMjBxb2RlLWJ0bi1jdXN0b20taWNvbi1iZy1ob3Zlci1jb2xvciUyMHFvZGUtYnRuLWljb24lMjBxb2RlLWJ0bi1pY29uLXJvdGF0ZSUyMiUyMGRhdGEtaG92ZXItYmctY29sb3IlM0QlMjIlMjMwMDk2NDAlMjIlMjBkYXRhLWhvdmVyLWNvbG9yJTNEJTIyJTIzZmZmZmZmJTIyJTIwcmVsJTNEJTIybm9vcGVuZXIlMjBub3JlZmVycmVyJTNCJTIwJTIyJTNFJTBBJTIwJTNDc3BhbiUyMGNsYXNzJTNEJTIycW9kZS1idG4tdGV4dCUyMiUyMHN0eWxlJTNEJTIycGFkZGluZy10b3AlM0ElMjAxMHB4JTNCJTIwbGluZS1oZWlnaHQlM0ElMjAyMHB4JTIxaW1wb3J0YW50JTNCcGFkZGluZy1ib3R0b20lM0ElMjA1cHglM0IlMjIlM0VDT05UQUNUTyUzQyUyRnNwYW4lM0UlMEElM0NzcGFuJTIwY2xhc3MlM0QlMjJxb2RlLWJ1dHRvbi12Mi1pY29uLWhvbGRlciUyMGJvdG9uLWNvbnRhY3RvJTIyJTIwc3R5bGUlM0QlMjJib3JkZXItY29sb3IlM0ElMjByZ2IlMjgyNTUlMkMlMjAyNTUlMkMlMjAyNTUlMjklM0IlMjBsaW5lLWhlaWdodCUzQSUyMDIwcHglMjFpbXBvcnRhbnQlM0IlMjBiYWNrZ3JvdW5kLWNvbG9yJTNBJTIwJTIzMDA5NjQwJTNCJTIwcGFkZGluZyUzQSUyMDEwcHglMjAwcHglM0IlMjIlMjBkYXRhLWhvdmVyLWljb24tYm9yZGVyLWNvbG9yJTNEJTIyJTIzZmZmZmZmJTIyJTIwZGF0YS1ob3Zlci1pY29uLWJnLWNvbG9yJTNEJTIyJTIzMDA5NjQwJTIyJTNFJTNDc3BhbiUyMGFyaWEtaGlkZGVuJTNEJTIydHJ1ZSUyMiUyMGNsYXNzJTNEJTIycW9kZV9pY29uX2ZvbnRfZWxlZ2FudCUyMGFycm93X3JpZ2h0JTIwcW9kZS1idXR0b24tdjItaWNvbi1ob2xkZXItaW5uZXIlMjIlM0UlM0MlMkZzcGFuJTNFJTNDJTJGc3BhbiUzRSUyMCUzQyUyRmElM0UlM0MlMkZkaXYlM0U=[\/vc_raw_html][vc_empty_space][vc_row_inner row_type=\u00bbrow\u00bb type=\u00bbfull_width\u00bb text_align=\u00bbleft\u00bb css_animation=\u00bb\u00bb][vc_column_inner width=\u00bb1\/2&#8243;]<div class=\"q_team\" ><div class=\"q_team_inner\"><div class=\"q_team_image\"><img decoding=\"async\" itemprop=\"image\" src=\"https:\/\/www.inerco.com\/wp-content\/uploads\/Enrique-Tova-Holgado-INERCO.jpg\" alt=\"Enrique Tova Holgado INERCO\" \/><\/div><div class='q_team_text' ><div class=\"q_team_text_inner\"><div class=\"q_team_title_holder\"><h4 class=\"q_team_name\" >ENRIQUE TOVA HOLGADO<\/h4><span >Director | Divisi\u00f3n de Optimizaci\u00f3n de Combusti\u00f3n y Reducci\u00f3n de Emisiones<\/span><\/div><div class='separator small center' ><\/div><\/div><div class='q_team_social_holder'><span class='q_social_icon_holder normal_social' ><a itemprop='url' href='mailto:process@inerco.com' target='_blank'><i class=\"qode_icon_font_awesome fa fa-envelope fa-2x simple_social\" style=\"\" ><\/i><\/a><\/span><\/div><\/div><\/div><\/div>[\/vc_column_inner][vc_column_inner width=\u00bb1\/2&#8243;]<div class=\"q_team\" ><div class=\"q_team_inner\"><div class=\"q_team_image\"><img decoding=\"async\" itemprop=\"image\" src=\"https:\/\/www.inerco.com\/wp-content\/uploads\/Antonio-Alvarado-Ramos-INERCO.jpg\" alt=\"Antonio Alvarado Ramos INERCO\" \/><\/div><div class='q_team_text' ><div class=\"q_team_text_inner\"><div class=\"q_team_title_holder\"><h4 class=\"q_team_name\" >ANTONIO ALVARADO RAMOS<\/h4><span >Director Gerente INERCO Inspecci\u00f3n y Control<\/span><\/div><div class='separator small center' ><\/div><\/div><div class='q_team_social_holder'><span class='q_social_icon_holder normal_social' ><a itemprop='url' href='mailto:monitorizacion@inerco.com' target='_blank'><i class=\"qode_icon_font_awesome fa fa-envelope fa-2x simple_social\" style=\"\" ><\/i><\/a><\/span><span class='q_social_icon_holder normal_social' ><a itemprop='url' href='https:\/\/www.linkedin.com\/in\/aalvarado-control-emisiones' target='_blank'><i class=\"qode_icon_font_awesome fa fa-linkedin fa-2x simple_social\" style=\"\" ><\/i><\/a><\/span><\/div><\/div><\/div><\/div>[\/vc_column_inner][\/vc_row_inner][\/vc_column][\/vc_row][vc_row css_animation=\u00bb\u00bb row_type=\u00bbrow\u00bb use_row_as_full_screen_section=\u00bbno\u00bb type=\u00bbfull_width\u00bb angled_section=\u00bbno\u00bb text_align=\u00bbleft\u00bb background_image_as_pattern=\u00bbwithout_pattern\u00bb][vc_column][vc_empty_space height=\u00bb50px\u00bb][\/vc_column][\/vc_row]<\/p>\n<\/div>","protected":false},"excerpt":{"rendered":"<p>[vc_row css_animation=\u00bb\u00bb row_type=\u00bbrow\u00bb use_row_as_full_screen_section=\u00bbno\u00bb type=\u00bbfull_width\u00bb angled_section=\u00bbno\u00bb text_align=\u00bbleft\u00bb background_image_as_pattern=\u00bbwithout_pattern\u00bb][vc_column][vc_empty_space height=\u00bb50px\u00bb][vc_empty_space height=\u00bb80px\u00bb][\/vc_column][\/vc_row][vc_row css_animation=\u00bb\u00bb row_type=\u00bbrow\u00bb use_row_as_full_screen_section=\u00bbno\u00bb type=\u00bbgrid\u00bb angled_section=\u00bbno\u00bb&#8230;<\/p>\n","protected":false},"author":1,"featured_media":13707,"parent":636,"menu_order":1,"comment_status":"closed","ping_status":"closed","template":"","meta":{"footnotes":""},"class_list":["post-1476","page","type-page","status-publish","has-post-thumbnail","hentry"],"yoast_head":"<!-- This site is optimized with the Yoast SEO plugin v27.3 - https:\/\/yoast.com\/product\/yoast-seo-wordpress\/ -->\n<title>Atm\u00f3sfera - INERCO<\/title>\n<meta name=\"description\" content=\"Soluciones tecnol\u00f3gicas avanzadas para la reducci\u00f3n de las emisiones contaminantes de NOx producidas en instalaciones de combusti\u00f3n.\" \/>\n<meta name=\"robots\" content=\"index, follow, max-snippet:-1, max-image-preview:large, max-video-preview:-1\" \/>\n<link rel=\"canonical\" href=\"https:\/\/www.inerco.com\/es\/tecnologia-ambiental\/atmosfera\/\" \/>\n<meta property=\"og:locale\" content=\"es_ES\" \/>\n<meta property=\"og:type\" content=\"article\" \/>\n<meta property=\"og:title\" content=\"Atm\u00f3sfera - INERCO\" \/>\n<meta property=\"og:description\" content=\"Soluciones tecnol\u00f3gicas avanzadas para la reducci\u00f3n de las emisiones contaminantes de NOx producidas en instalaciones de combusti\u00f3n.\" \/>\n<meta property=\"og:url\" content=\"https:\/\/www.inerco.com\/es\/tecnologia-ambiental\/atmosfera\/\" \/>\n<meta property=\"og:site_name\" content=\"INERCO\" \/>\n<meta property=\"article:modified_time\" content=\"2023-09-06T11:44:37+00:00\" \/>\n<meta property=\"og:image\" content=\"https:\/\/www.inerco.com\/wp-content\/uploads\/INERCO-Tecnologia-Ambiental.jpg\" \/>\n\t<meta property=\"og:image:width\" content=\"1920\" \/>\n\t<meta property=\"og:image:height\" content=\"400\" \/>\n\t<meta property=\"og:image:type\" content=\"image\/jpeg\" \/>\n<meta name=\"twitter:card\" content=\"summary_large_image\" \/>\n<meta name=\"twitter:site\" content=\"@Inerco_\" \/>\n<script type=\"application\/ld+json\" class=\"yoast-schema-graph\">{\"@context\":\"https:\\\/\\\/schema.org\",\"@graph\":[{\"@type\":\"WebPage\",\"@id\":\"https:\\\/\\\/www.inerco.com\\\/es\\\/tecnologia-ambiental\\\/atmosfera\\\/\",\"url\":\"https:\\\/\\\/www.inerco.com\\\/es\\\/tecnologia-ambiental\\\/atmosfera\\\/\",\"name\":\"Atm\u00f3sfera - INERCO\",\"isPartOf\":{\"@id\":\"https:\\\/\\\/www.inerco.com\\\/es\\\/#website\"},\"primaryImageOfPage\":{\"@id\":\"https:\\\/\\\/www.inerco.com\\\/es\\\/tecnologia-ambiental\\\/atmosfera\\\/#primaryimage\"},\"image\":{\"@id\":\"https:\\\/\\\/www.inerco.com\\\/es\\\/tecnologia-ambiental\\\/atmosfera\\\/#primaryimage\"},\"thumbnailUrl\":\"https:\\\/\\\/www.inerco.com\\\/wp-content\\\/uploads\\\/INERCO-Tecnologia-Ambiental.jpg\",\"datePublished\":\"2018-12-13T12:01:42+00:00\",\"dateModified\":\"2023-09-06T11:44:37+00:00\",\"description\":\"Soluciones tecnol\u00f3gicas avanzadas para la reducci\u00f3n de las emisiones contaminantes de NOx producidas en instalaciones de combusti\u00f3n.\",\"breadcrumb\":{\"@id\":\"https:\\\/\\\/www.inerco.com\\\/es\\\/tecnologia-ambiental\\\/atmosfera\\\/#breadcrumb\"},\"inLanguage\":\"es\",\"potentialAction\":[{\"@type\":\"ReadAction\",\"target\":[\"https:\\\/\\\/www.inerco.com\\\/es\\\/tecnologia-ambiental\\\/atmosfera\\\/\"]}]},{\"@type\":\"ImageObject\",\"inLanguage\":\"es\",\"@id\":\"https:\\\/\\\/www.inerco.com\\\/es\\\/tecnologia-ambiental\\\/atmosfera\\\/#primaryimage\",\"url\":\"https:\\\/\\\/www.inerco.com\\\/wp-content\\\/uploads\\\/INERCO-Tecnologia-Ambiental.jpg\",\"contentUrl\":\"https:\\\/\\\/www.inerco.com\\\/wp-content\\\/uploads\\\/INERCO-Tecnologia-Ambiental.jpg\",\"width\":1920,\"height\":400,\"caption\":\"INERCO Tecnolog\u00eda Ambiental\"},{\"@type\":\"BreadcrumbList\",\"@id\":\"https:\\\/\\\/www.inerco.com\\\/es\\\/tecnologia-ambiental\\\/atmosfera\\\/#breadcrumb\",\"itemListElement\":[{\"@type\":\"ListItem\",\"position\":1,\"name\":\"Home\",\"item\":\"https:\\\/\\\/www.inerco.com\\\/es\\\/\"},{\"@type\":\"ListItem\",\"position\":2,\"name\":\"Tecnolog\u00eda Ambiental\",\"item\":\"https:\\\/\\\/www.inerco.com\\\/es\\\/tecnologia-ambiental\\\/\"},{\"@type\":\"ListItem\",\"position\":3,\"name\":\"Atm\u00f3sfera\"}]},{\"@type\":\"WebSite\",\"@id\":\"https:\\\/\\\/www.inerco.com\\\/es\\\/#website\",\"url\":\"https:\\\/\\\/www.inerco.com\\\/es\\\/\",\"name\":\"INERCO\",\"description\":\"Tecnolog\u00eda, ingenier\u00eda y consultor\u00eda integral para el desarrollo industrial sostenible\",\"potentialAction\":[{\"@type\":\"SearchAction\",\"target\":{\"@type\":\"EntryPoint\",\"urlTemplate\":\"https:\\\/\\\/www.inerco.com\\\/es\\\/?s={search_term_string}\"},\"query-input\":{\"@type\":\"PropertyValueSpecification\",\"valueRequired\":true,\"valueName\":\"search_term_string\"}}],\"inLanguage\":\"es\"}]}<\/script>\n<!-- \/ Yoast SEO plugin. -->","yoast_head_json":{"title":"Atm\u00f3sfera - INERCO","description":"Soluciones tecnol\u00f3gicas avanzadas para la reducci\u00f3n de las emisiones contaminantes de NOx producidas en instalaciones de combusti\u00f3n.","robots":{"index":"index","follow":"follow","max-snippet":"max-snippet:-1","max-image-preview":"max-image-preview:large","max-video-preview":"max-video-preview:-1"},"canonical":"https:\/\/www.inerco.com\/es\/tecnologia-ambiental\/atmosfera\/","og_locale":"es_ES","og_type":"article","og_title":"Atm\u00f3sfera - INERCO","og_description":"Soluciones tecnol\u00f3gicas avanzadas para la reducci\u00f3n de las emisiones contaminantes de NOx producidas en instalaciones de combusti\u00f3n.","og_url":"https:\/\/www.inerco.com\/es\/tecnologia-ambiental\/atmosfera\/","og_site_name":"INERCO","article_modified_time":"2023-09-06T11:44:37+00:00","og_image":[{"width":1920,"height":400,"url":"https:\/\/www.inerco.com\/wp-content\/uploads\/INERCO-Tecnologia-Ambiental.jpg","type":"image\/jpeg"}],"twitter_card":"summary_large_image","twitter_site":"@Inerco_","schema":{"@context":"https:\/\/schema.org","@graph":[{"@type":"WebPage","@id":"https:\/\/www.inerco.com\/es\/tecnologia-ambiental\/atmosfera\/","url":"https:\/\/www.inerco.com\/es\/tecnologia-ambiental\/atmosfera\/","name":"Atm\u00f3sfera - INERCO","isPartOf":{"@id":"https:\/\/www.inerco.com\/es\/#website"},"primaryImageOfPage":{"@id":"https:\/\/www.inerco.com\/es\/tecnologia-ambiental\/atmosfera\/#primaryimage"},"image":{"@id":"https:\/\/www.inerco.com\/es\/tecnologia-ambiental\/atmosfera\/#primaryimage"},"thumbnailUrl":"https:\/\/www.inerco.com\/wp-content\/uploads\/INERCO-Tecnologia-Ambiental.jpg","datePublished":"2018-12-13T12:01:42+00:00","dateModified":"2023-09-06T11:44:37+00:00","description":"Soluciones tecnol\u00f3gicas avanzadas para la reducci\u00f3n de las emisiones contaminantes de NOx producidas en instalaciones de combusti\u00f3n.","breadcrumb":{"@id":"https:\/\/www.inerco.com\/es\/tecnologia-ambiental\/atmosfera\/#breadcrumb"},"inLanguage":"es","potentialAction":[{"@type":"ReadAction","target":["https:\/\/www.inerco.com\/es\/tecnologia-ambiental\/atmosfera\/"]}]},{"@type":"ImageObject","inLanguage":"es","@id":"https:\/\/www.inerco.com\/es\/tecnologia-ambiental\/atmosfera\/#primaryimage","url":"https:\/\/www.inerco.com\/wp-content\/uploads\/INERCO-Tecnologia-Ambiental.jpg","contentUrl":"https:\/\/www.inerco.com\/wp-content\/uploads\/INERCO-Tecnologia-Ambiental.jpg","width":1920,"height":400,"caption":"INERCO Tecnolog\u00eda Ambiental"},{"@type":"BreadcrumbList","@id":"https:\/\/www.inerco.com\/es\/tecnologia-ambiental\/atmosfera\/#breadcrumb","itemListElement":[{"@type":"ListItem","position":1,"name":"Home","item":"https:\/\/www.inerco.com\/es\/"},{"@type":"ListItem","position":2,"name":"Tecnolog\u00eda Ambiental","item":"https:\/\/www.inerco.com\/es\/tecnologia-ambiental\/"},{"@type":"ListItem","position":3,"name":"Atm\u00f3sfera"}]},{"@type":"WebSite","@id":"https:\/\/www.inerco.com\/es\/#website","url":"https:\/\/www.inerco.com\/es\/","name":"INERCO","description":"Tecnolog\u00eda, ingenier\u00eda y consultor\u00eda integral para el desarrollo industrial sostenible","potentialAction":[{"@type":"SearchAction","target":{"@type":"EntryPoint","urlTemplate":"https:\/\/www.inerco.com\/es\/?s={search_term_string}"},"query-input":{"@type":"PropertyValueSpecification","valueRequired":true,"valueName":"search_term_string"}}],"inLanguage":"es"}]}},"_links":{"self":[{"href":"https:\/\/www.inerco.com\/es\/wp-json\/wp\/v2\/pages\/1476","targetHints":{"allow":["GET"]}}],"collection":[{"href":"https:\/\/www.inerco.com\/es\/wp-json\/wp\/v2\/pages"}],"about":[{"href":"https:\/\/www.inerco.com\/es\/wp-json\/wp\/v2\/types\/page"}],"author":[{"embeddable":true,"href":"https:\/\/www.inerco.com\/es\/wp-json\/wp\/v2\/users\/1"}],"replies":[{"embeddable":true,"href":"https:\/\/www.inerco.com\/es\/wp-json\/wp\/v2\/comments?post=1476"}],"version-history":[{"count":21,"href":"https:\/\/www.inerco.com\/es\/wp-json\/wp\/v2\/pages\/1476\/revisions"}],"predecessor-version":[{"id":13718,"href":"https:\/\/www.inerco.com\/es\/wp-json\/wp\/v2\/pages\/1476\/revisions\/13718"}],"up":[{"embeddable":true,"href":"https:\/\/www.inerco.com\/es\/wp-json\/wp\/v2\/pages\/636"}],"wp:featuredmedia":[{"embeddable":true,"href":"https:\/\/www.inerco.com\/es\/wp-json\/wp\/v2\/media\/13707"}],"wp:attachment":[{"href":"https:\/\/www.inerco.com\/es\/wp-json\/wp\/v2\/media?parent=1476"}],"curies":[{"name":"wp","href":"https:\/\/api.w.org\/{rel}","templated":true}]}}