{"id":1449,"date":"2018-12-11T22:18:15","date_gmt":"2018-12-11T21:18:15","guid":{"rendered":"http:\/\/82.194.72.70\/?page_id=1449"},"modified":"2023-09-06T13:00:13","modified_gmt":"2023-09-06T11:00:13","slug":"almacenamiento-de-energia","status":"publish","type":"page","link":"https:\/\/www.inerco.com\/es\/tecnologia-energetica\/almacenamiento-de-energia\/","title":{"rendered":"Almacenamiento de Energ\u00eda"},"content":{"rendered":"<div class=\"wpb-content-wrapper\"><p>[vc_row css_animation=\u00bb\u00bb row_type=\u00bbrow\u00bb use_row_as_full_screen_section=\u00bbno\u00bb type=\u00bbgrid\u00bb angled_section=\u00bbno\u00bb text_align=\u00bbleft\u00bb background_image_as_pattern=\u00bbwithout_pattern\u00bb z_index=\u00bb\u00bb][vc_column][vc_empty_space height=\u00bb100px\u00bb]<div class=\"custom_font_holder \" style=\" font-style: normal; font-weight: 200; text-decoration: none; text-align: center; --qode-cf-font-size: 40px; --qode-cf-line-height: 45px; --qode-cf-font-size-1440: 40px; --qode-cf-line-height-1440: 45px; --qode-cf-font-size-1366: 40px; --qode-cf-line-height-1366: 45px; --qode-cf-font-size-1280: 40px; --qode-cf-line-height-1280: 45px; --qode-cf-font-size-1024: 40px; --qode-cf-line-height-1024: 45px; --qode-cf-font-size-768: 40px; --qode-cf-line-height-768: 45px; --qode-cf-font-size-680: 40px; --qode-cf-line-height-680: 45px; --qode-cf-font-size-480: 40px; --qode-cf-line-height-480: 45px;\"><strong>INERCO\u00a0<\/strong>ofrece soluciones integrales avanzadas de <strong>almacenamiento energ\u00e9tico<\/strong> en los \u00e1mbitos de la generaci\u00f3n el\u00e9ctrica convencional y renovable, transmisi\u00f3n, distribuci\u00f3n y consumo.<\/div>[vc_empty_space height=\u00bb50px\u00bb]<div class=\"custom_font_holder \" style=\" font-style: normal; font-weight: 200; text-decoration: none; text-align: center; --qode-cf-font-size: 24px; --qode-cf-line-height: 30px; --qode-cf-font-size-1440: 24px; --qode-cf-line-height-1440: 30px; --qode-cf-font-size-1366: 24px; --qode-cf-line-height-1366: 30px; --qode-cf-font-size-1280: 24px; --qode-cf-line-height-1280: 30px; --qode-cf-font-size-1024: 24px; --qode-cf-line-height-1024: 30px; --qode-cf-font-size-768: 24px; --qode-cf-line-height-768: 30px; --qode-cf-font-size-680: 24px; --qode-cf-line-height-680: 30px; --qode-cf-font-size-480: 24px; --qode-cf-line-height-480: 30px;\">Estos sistemas permiten la\u00a0<strong>optimizaci\u00f3n y gesti\u00f3n<\/strong>\u00a0de las fuentes de generaci\u00f3n y consumo, asegurar la\u00a0<strong>estabilidad y calidad<\/strong>\u00a0del suministro el\u00e9ctrico, el aplazamiento de inversiones en infraestructuras y la mitigaci\u00f3n de fallas el\u00e9ctricas, en los sectores industrial y minero, tanto para sistemas conectados a red como para sistemas aislados.<\/div>[vc_empty_space height=\u00bb50px\u00bb][\/vc_column][\/vc_row][vc_row css_animation=\u00bb\u00bb row_type=\u00bbrow\u00bb use_row_as_full_screen_section=\u00bbno\u00bb type=\u00bbgrid\u00bb angled_section=\u00bbno\u00bb text_align=\u00bbleft\u00bb background_image_as_pattern=\u00bbwithout_pattern\u00bb z_index=\u00bb\u00bb][vc_column width=\u00bb3\/4&#8243;][vc_row_inner row_type=\u00bbrow\u00bb type=\u00bbfull_width\u00bb text_align=\u00bbleft\u00bb css_animation=\u00bb\u00bb][vc_column_inner css=\u00bb.vc_custom_1544699987744{margin-right: 15px !important;margin-left: 15px !important;}\u00bb]<div class=\"custom_font_holder \" style=\" font-style: normal; font-weight: 300; text-decoration: none; text-align: left; --qode-cf-font-size: 26px; --qode-cf-line-height: 30px; --qode-cf-font-size-1440: 26px; --qode-cf-line-height-1440: 30px; --qode-cf-font-size-1366: 26px; --qode-cf-line-height-1366: 30px; --qode-cf-font-size-1280: 26px; --qode-cf-line-height-1280: 30px; --qode-cf-font-size-1024: 26px; --qode-cf-line-height-1024: 30px; --qode-cf-font-size-768: 26px; --qode-cf-line-height-768: 30px; --qode-cf-font-size-680: 26px; --qode-cf-line-height-680: 30px; --qode-cf-font-size-480: 26px; --qode-cf-line-height-480: 30px;\">Dentro de los\u00a0<strong>campos de aplicaci\u00f3n\u00a0<\/strong>caben destacar:<\/div>[\/vc_column_inner][\/vc_row_inner][vc_empty_space height=\u00bb40px\u00bb][vc_row_inner row_type=\u00bbrow\u00bb type=\u00bbfull_width\u00bb text_align=\u00bbleft\u00bb css_animation=\u00bb\u00bb][vc_column_inner][qode_elements_holder number_of_columns=\u00bbtwo_columns\u00bb][qode_elements_holder_item item_padding=\u00bb0px 15px 0px 15px\u00bb vertical_alignment=\u00bbtop\u00bb horizontal_alignment=\u00bbcenter\u00bb advanced_animations=\u00bbno\u00bb]<div class='service_table_holder' style=&#039;border-style:solid;border-width:2px;border-color:#f2f2f2;&#039;><ul class='service_table_inner'><li class='service_table_title_holder background_color_type' style='background-color: #f2f2f2;'><div class='service_table_title_inner'><div class='service_table_title_inner2'><h4 class='service_title' style=''>Centrales de generaci\u00f3n t\u00e9rmica convencional<\/h4><\/div><\/div><\/li><li class='service_table_content' style=''><\/p>\n<ul>\n<li>Regulaci\u00f3n de frecuencia \/ Arbitraje de energ\u00eda<\/li>\n<li>Optimizaci\u00f3n y flexibilizaci\u00f3n de la operaci\u00f3n<\/li>\n<li>Reducci\u00f3n de costes de O&amp;M y emisiones<\/li>\n<\/ul>\n<p><\/li><\/ul><\/div>[vc_empty_space height=\u00bb50px\u00bb][\/qode_elements_holder_item][qode_elements_holder_item item_padding=\u00bb0px 15px 0px 15px\u00bb vertical_alignment=\u00bbtop\u00bb horizontal_alignment=\u00bbcenter\u00bb advanced_animations=\u00bbno\u00bb]<div class='service_table_holder' style=&#039;border-style:solid;border-width:2px;border-color:#f2f2f2;&#039;><ul class='service_table_inner'><li class='service_table_title_holder background_color_type' style='background-color: #f2f2f2;'><div class='service_table_title_inner'><div class='service_table_title_inner2'><h4 class='service_title' style=''>Turbinas de gas y Centrales de ciclo combinado<\/h4><\/div><\/div><\/li><li class='service_table_content' style=''><\/p>\n<ul>\n<li>Soporte en arranque y paradas<\/li>\n<li>Regulaci\u00f3n de frecuencia \/ Arbitraje de energ\u00eda<\/li>\n<li>Optimizaci\u00f3n y flexibilizaci\u00f3n de la operaci\u00f3n<\/li>\n<li>Reducci\u00f3n de costes de O&amp;M y emisiones<\/li>\n<\/ul>\n<p><\/li><\/ul><\/div>[\/qode_elements_holder_item][\/qode_elements_holder][vc_empty_space height=\u00bb50px\u00bb][qode_elements_holder number_of_columns=\u00bbtwo_columns\u00bb][qode_elements_holder_item item_padding=\u00bb0px 15px 0px 15px\u00bb vertical_alignment=\u00bbtop\u00bb horizontal_alignment=\u00bbcenter\u00bb advanced_animations=\u00bbno\u00bb]<div class='service_table_holder' style=&#039;border-style:solid;border-width:2px;border-color:#f2f2f2;&#039;><ul class='service_table_inner'><li class='service_table_title_holder background_color_type' style='background-color: #f2f2f2;'><div class='service_table_title_inner'><div class='service_table_title_inner2'><h4 class='service_title' style=''>Integraci\u00f3n de fuentes de Energ\u00eda Renovable<\/h4><\/div><\/div><\/li><li class='service_table_content' style=''><\/p>\n<ul>\n<li>Ramp rate control \/ Power smoothing<\/li>\n<li>Time Shifting \/ Load Following<\/li>\n<\/ul>\n<p><\/li><\/ul><\/div>[vc_empty_space height=\u00bb50px\u00bb][\/qode_elements_holder_item][qode_elements_holder_item item_padding=\u00bb0px 15px 0px 15px\u00bb vertical_alignment=\u00bbtop\u00bb horizontal_alignment=\u00bbcenter\u00bb advanced_animations=\u00bbno\u00bb]<div class='service_table_holder' style=&#039;border-style:solid;border-width:2px;border-color:#f2f2f2;&#039;><ul class='service_table_inner'><li class='service_table_title_holder background_color_type' style='background-color: #f2f2f2;'><div class='service_table_title_inner'><div class='service_table_title_inner2'><h4 class='service_title' style=''>Soporte a redes de Transmisi\u00f3n y Distribuci\u00f3n<\/h4><\/div><\/div><\/li><li class='service_table_content' style=''><\/p>\n<ul>\n<li>Regulaci\u00f3n de frecuencia \/ Time Shifting \/ Load Following<\/li>\n<li>Aplazamiento\/mitigaci\u00f3n de inversiones<\/li>\n<li>Otros servicios de red<\/li>\n<\/ul>\n<p><\/li><\/ul><\/div>[\/qode_elements_holder_item][\/qode_elements_holder][vc_empty_space height=\u00bb50px\u00bb][qode_elements_holder number_of_columns=\u00bbtwo_columns\u00bb][qode_elements_holder_item item_padding=\u00bb0px 15px 0px 15px\u00bb vertical_alignment=\u00bbtop\u00bb horizontal_alignment=\u00bbcenter\u00bb advanced_animations=\u00bbno\u00bb]<div class='service_table_holder' style=&#039;border-style:solid;border-width:2px;border-color:#f2f2f2;&#039;><ul class='service_table_inner'><li class='service_table_title_holder background_color_type' style='background-color: #f2f2f2;'><div class='service_table_title_inner'><div class='service_table_title_inner2'><h4 class='service_title' style=''>Islas geogr\u00e1ficas y redes d\u00e9biles\/aisladas<\/h4><\/div><\/div><\/li><li class='service_table_content' style=''><\/p>\n<ul>\n<li>Soporte a tensi\u00f3n y frecuencia (estabilidad y calidad)<\/li>\n<li>Integraci\u00f3n de fuentes de Energ\u00eda Renovable<\/li>\n<li>Soporte a generadores de combusti\u00f3n\/otros<\/li>\n<li>Optimizaci\u00f3n energ\u00e9tica<\/li>\n<\/ul>\n<p><\/li><\/ul><\/div>[\/qode_elements_holder_item][\/qode_elements_holder][vc_empty_space height=\u00bb50px\u00bb][\/vc_column_inner][\/vc_row_inner][\/vc_column][vc_column width=\u00bb1\/4&#8243;][vc_widget_sidebar sidebar_id=\u00bbOptimizaci\u00f3n de la Combusti\u00f3n\u00bb][\/vc_column][\/vc_row][vc_row css_animation=\u00bb\u00bb row_type=\u00bbrow\u00bb use_row_as_full_screen_section=\u00bbno\u00bb type=\u00bbfull_width\u00bb angled_section=\u00bbno\u00bb text_align=\u00bbleft\u00bb background_image_as_pattern=\u00bbwithout_pattern\u00bb][vc_column][vc_empty_space height=\u00bb50px\u00bb][vc_empty_space height=\u00bb50px\u00bb][\/vc_column][\/vc_row]<\/p>\n<\/div>","protected":false},"excerpt":{"rendered":"<p>[vc_row css_animation=\u00bb\u00bb row_type=\u00bbrow\u00bb use_row_as_full_screen_section=\u00bbno\u00bb type=\u00bbgrid\u00bb angled_section=\u00bbno\u00bb text_align=\u00bbleft\u00bb background_image_as_pattern=\u00bbwithout_pattern\u00bb z_index=\u00bb\u00bb][vc_column][vc_empty_space height=\u00bb100px\u00bb][vc_empty_space height=\u00bb50px\u00bb][vc_empty_space height=\u00bb50px\u00bb][\/vc_column][\/vc_row][vc_row css_animation=\u00bb\u00bb row_type=\u00bbrow\u00bb use_row_as_full_screen_section=\u00bbno\u00bb&#8230;<\/p>\n","protected":false},"author":1,"featured_media":0,"parent":932,"menu_order":3,"comment_status":"closed","ping_status":"closed","template":"full_width.php","meta":{"footnotes":""},"class_list":["post-1449","page","type-page","status-publish","hentry"],"yoast_head":"<!-- This site is optimized with the Yoast SEO plugin v27.3 - https:\/\/yoast.com\/product\/yoast-seo-wordpress\/ -->\n<title>Almacenamiento de Energ\u00eda - INERCO<\/title>\n<meta name=\"description\" content=\"Soluciones integrales avanzadas de almacenamiento de energ\u00eda en la generaci\u00f3n el\u00e9ctrica convencional y renovable, transmisi\u00f3n, distribuci\u00f3n y consumo.\" \/>\n<meta name=\"robots\" content=\"index, follow, max-snippet:-1, max-image-preview:large, max-video-preview:-1\" \/>\n<link rel=\"canonical\" href=\"https:\/\/www.inerco.com\/es\/tecnologia-energetica\/almacenamiento-de-energia\/\" \/>\n<meta property=\"og:locale\" content=\"es_ES\" \/>\n<meta property=\"og:type\" content=\"article\" \/>\n<meta property=\"og:title\" content=\"Almacenamiento de Energ\u00eda - INERCO\" \/>\n<meta property=\"og:description\" content=\"Soluciones integrales avanzadas de almacenamiento de energ\u00eda en la generaci\u00f3n el\u00e9ctrica convencional y renovable, transmisi\u00f3n, distribuci\u00f3n y consumo.\" \/>\n<meta property=\"og:url\" content=\"https:\/\/www.inerco.com\/es\/tecnologia-energetica\/almacenamiento-de-energia\/\" \/>\n<meta property=\"og:site_name\" content=\"INERCO\" \/>\n<meta property=\"article:modified_time\" content=\"2023-09-06T11:00:13+00:00\" \/>\n<meta name=\"twitter:card\" content=\"summary_large_image\" \/>\n<meta name=\"twitter:site\" content=\"@Inerco_\" \/>\n<script type=\"application\/ld+json\" class=\"yoast-schema-graph\">{\"@context\":\"https:\\\/\\\/schema.org\",\"@graph\":[{\"@type\":\"WebPage\",\"@id\":\"https:\\\/\\\/www.inerco.com\\\/es\\\/tecnologia-energetica\\\/almacenamiento-de-energia\\\/\",\"url\":\"https:\\\/\\\/www.inerco.com\\\/es\\\/tecnologia-energetica\\\/almacenamiento-de-energia\\\/\",\"name\":\"Almacenamiento de Energ\u00eda - INERCO\",\"isPartOf\":{\"@id\":\"https:\\\/\\\/www.inerco.com\\\/es\\\/#website\"},\"datePublished\":\"2018-12-11T21:18:15+00:00\",\"dateModified\":\"2023-09-06T11:00:13+00:00\",\"description\":\"Soluciones integrales avanzadas de almacenamiento de energ\u00eda en la generaci\u00f3n el\u00e9ctrica convencional y renovable, transmisi\u00f3n, distribuci\u00f3n y consumo.\",\"breadcrumb\":{\"@id\":\"https:\\\/\\\/www.inerco.com\\\/es\\\/tecnologia-energetica\\\/almacenamiento-de-energia\\\/#breadcrumb\"},\"inLanguage\":\"es\",\"potentialAction\":[{\"@type\":\"ReadAction\",\"target\":[\"https:\\\/\\\/www.inerco.com\\\/es\\\/tecnologia-energetica\\\/almacenamiento-de-energia\\\/\"]}]},{\"@type\":\"BreadcrumbList\",\"@id\":\"https:\\\/\\\/www.inerco.com\\\/es\\\/tecnologia-energetica\\\/almacenamiento-de-energia\\\/#breadcrumb\",\"itemListElement\":[{\"@type\":\"ListItem\",\"position\":1,\"name\":\"Home\",\"item\":\"https:\\\/\\\/www.inerco.com\\\/es\\\/\"},{\"@type\":\"ListItem\",\"position\":2,\"name\":\"Tecnolog\u00eda Energ\u00e9tica\",\"item\":\"https:\\\/\\\/www.inerco.com\\\/es\\\/tecnologia-energetica\\\/\"},{\"@type\":\"ListItem\",\"position\":3,\"name\":\"Almacenamiento de Energ\u00eda\"}]},{\"@type\":\"WebSite\",\"@id\":\"https:\\\/\\\/www.inerco.com\\\/es\\\/#website\",\"url\":\"https:\\\/\\\/www.inerco.com\\\/es\\\/\",\"name\":\"INERCO\",\"description\":\"Tecnolog\u00eda, ingenier\u00eda y consultor\u00eda integral para el desarrollo industrial sostenible\",\"potentialAction\":[{\"@type\":\"SearchAction\",\"target\":{\"@type\":\"EntryPoint\",\"urlTemplate\":\"https:\\\/\\\/www.inerco.com\\\/es\\\/?s={search_term_string}\"},\"query-input\":{\"@type\":\"PropertyValueSpecification\",\"valueRequired\":true,\"valueName\":\"search_term_string\"}}],\"inLanguage\":\"es\"}]}<\/script>\n<!-- \/ Yoast SEO plugin. -->","yoast_head_json":{"title":"Almacenamiento de Energ\u00eda - INERCO","description":"Soluciones integrales avanzadas de almacenamiento de energ\u00eda en la generaci\u00f3n el\u00e9ctrica convencional y renovable, transmisi\u00f3n, distribuci\u00f3n y consumo.","robots":{"index":"index","follow":"follow","max-snippet":"max-snippet:-1","max-image-preview":"max-image-preview:large","max-video-preview":"max-video-preview:-1"},"canonical":"https:\/\/www.inerco.com\/es\/tecnologia-energetica\/almacenamiento-de-energia\/","og_locale":"es_ES","og_type":"article","og_title":"Almacenamiento de Energ\u00eda - INERCO","og_description":"Soluciones integrales avanzadas de almacenamiento de energ\u00eda en la generaci\u00f3n el\u00e9ctrica convencional y renovable, transmisi\u00f3n, distribuci\u00f3n y consumo.","og_url":"https:\/\/www.inerco.com\/es\/tecnologia-energetica\/almacenamiento-de-energia\/","og_site_name":"INERCO","article_modified_time":"2023-09-06T11:00:13+00:00","twitter_card":"summary_large_image","twitter_site":"@Inerco_","schema":{"@context":"https:\/\/schema.org","@graph":[{"@type":"WebPage","@id":"https:\/\/www.inerco.com\/es\/tecnologia-energetica\/almacenamiento-de-energia\/","url":"https:\/\/www.inerco.com\/es\/tecnologia-energetica\/almacenamiento-de-energia\/","name":"Almacenamiento de Energ\u00eda - INERCO","isPartOf":{"@id":"https:\/\/www.inerco.com\/es\/#website"},"datePublished":"2018-12-11T21:18:15+00:00","dateModified":"2023-09-06T11:00:13+00:00","description":"Soluciones integrales avanzadas de almacenamiento de energ\u00eda en la generaci\u00f3n el\u00e9ctrica convencional y renovable, transmisi\u00f3n, distribuci\u00f3n y consumo.","breadcrumb":{"@id":"https:\/\/www.inerco.com\/es\/tecnologia-energetica\/almacenamiento-de-energia\/#breadcrumb"},"inLanguage":"es","potentialAction":[{"@type":"ReadAction","target":["https:\/\/www.inerco.com\/es\/tecnologia-energetica\/almacenamiento-de-energia\/"]}]},{"@type":"BreadcrumbList","@id":"https:\/\/www.inerco.com\/es\/tecnologia-energetica\/almacenamiento-de-energia\/#breadcrumb","itemListElement":[{"@type":"ListItem","position":1,"name":"Home","item":"https:\/\/www.inerco.com\/es\/"},{"@type":"ListItem","position":2,"name":"Tecnolog\u00eda Energ\u00e9tica","item":"https:\/\/www.inerco.com\/es\/tecnologia-energetica\/"},{"@type":"ListItem","position":3,"name":"Almacenamiento de Energ\u00eda"}]},{"@type":"WebSite","@id":"https:\/\/www.inerco.com\/es\/#website","url":"https:\/\/www.inerco.com\/es\/","name":"INERCO","description":"Tecnolog\u00eda, ingenier\u00eda y consultor\u00eda integral para el desarrollo industrial sostenible","potentialAction":[{"@type":"SearchAction","target":{"@type":"EntryPoint","urlTemplate":"https:\/\/www.inerco.com\/es\/?s={search_term_string}"},"query-input":{"@type":"PropertyValueSpecification","valueRequired":true,"valueName":"search_term_string"}}],"inLanguage":"es"}]}},"_links":{"self":[{"href":"https:\/\/www.inerco.com\/es\/wp-json\/wp\/v2\/pages\/1449","targetHints":{"allow":["GET"]}}],"collection":[{"href":"https:\/\/www.inerco.com\/es\/wp-json\/wp\/v2\/pages"}],"about":[{"href":"https:\/\/www.inerco.com\/es\/wp-json\/wp\/v2\/types\/page"}],"author":[{"embeddable":true,"href":"https:\/\/www.inerco.com\/es\/wp-json\/wp\/v2\/users\/1"}],"replies":[{"embeddable":true,"href":"https:\/\/www.inerco.com\/es\/wp-json\/wp\/v2\/comments?post=1449"}],"version-history":[{"count":7,"href":"https:\/\/www.inerco.com\/es\/wp-json\/wp\/v2\/pages\/1449\/revisions"}],"predecessor-version":[{"id":13700,"href":"https:\/\/www.inerco.com\/es\/wp-json\/wp\/v2\/pages\/1449\/revisions\/13700"}],"up":[{"embeddable":true,"href":"https:\/\/www.inerco.com\/es\/wp-json\/wp\/v2\/pages\/932"}],"wp:attachment":[{"href":"https:\/\/www.inerco.com\/es\/wp-json\/wp\/v2\/media?parent=1449"}],"curies":[{"name":"wp","href":"https:\/\/api.w.org\/{rel}","templated":true}]}}