{"id":12480,"date":"2023-02-23T10:56:39","date_gmt":"2023-02-23T09:56:39","guid":{"rendered":"https:\/\/www.inerco.com\/?page_id=12480"},"modified":"2025-09-15T14:28:10","modified_gmt":"2025-09-15T12:28:10","slug":"biogas","status":"publish","type":"page","link":"https:\/\/www.inerco.com\/es\/tecnologia-energetica\/biogas\/","title":{"rendered":"Biogas"},"content":{"rendered":"<div class=\"wpb-content-wrapper\"><p>[vc_row css_animation=\u00bb\u00bb row_type=\u00bbrow\u00bb use_row_as_full_screen_section=\u00bbno\u00bb type=\u00bbfull_width\u00bb angled_section=\u00bbno\u00bb text_align=\u00bbleft\u00bb background_image_as_pattern=\u00bbwithout_pattern\u00bb z_index=\u00bb\u00bb][vc_column][vc_empty_space height=\u00bb70px\u00bb][vc_column_text]<a style=\"position: absolute; top: -100px;\" name=\"inicio\"><\/a>[\/vc_column_text][\/vc_column][\/vc_row][vc_row css_animation=\u00bb\u00bb row_type=\u00bbrow\u00bb use_row_as_full_screen_section=\u00bbno\u00bb type=\u00bbgrid\u00bb angled_section=\u00bbno\u00bb text_align=\u00bbleft\u00bb background_image_as_pattern=\u00bbwithout_pattern\u00bb z_index=\u00bb\u00bb][vc_column][vc_column_text]<\/p>\n<h3 style=\"font-size: 1.5em; line-height: 1.4; font-weight: 200; text-align: justify;\"><strong>INERCO<\/strong>, dentro de sus diferentes l\u00edneas de trabajo en descarbonizaci\u00f3n y transici\u00f3n energ\u00e9tica, ofrece <strong>soluciones integrales avanzadas para los proyectos de Biog\u00e1s<\/strong>. Asesoramos y acompa\u00f1amos a nuestros clientes desde la concepci\u00f3n de la primera idea hasta su ejecuci\u00f3n completa, recorriendo el proyecto a lo largo de toda su vida en las siguientes fases:<\/h3>\n<p>[\/vc_column_text][vc_empty_space height=\u00bb50px\u00bb][\/vc_column][\/vc_row][vc_row css_animation=\u00bb\u00bb row_type=\u00bbrow\u00bb use_row_as_full_screen_section=\u00bbno\u00bb type=\u00bbgrid\u00bb angled_section=\u00bbno\u00bb text_align=\u00bbleft\u00bb background_image_as_pattern=\u00bbwithout_pattern\u00bb z_index=\u00bb\u00bb][vc_column width=\u00bb5\/6&#8243; offset=\u00bbvc_col-lg-offset-0 vc_col-lg-9 vc_col-md-offset-0 vc_col-md-9 vc_col-sm-offset-1 vc_col-xs-offset-1 vc_col-xs-10&#8243;][vc_row_inner row_type=\u00bbrow\u00bb type=\u00bbfull_width\u00bb text_align=\u00bbleft\u00bb css_animation=\u00bb\u00bb][vc_column_inner width=\u00bb1\/2&#8243;]<div class=\"q_icon_list\"><i class=\"qode_icon_font_awesome fa fa-check-circle qode-ili-icon-holder circle\" style=\"font-size: 30px;color: #ffffff;background-color: #009640;border-color:#009640;border-style: solid;border-width: 1px;\" ><\/i><p style=\"color:#000000;font-size: 20px;font-weight: 300;\">Ingenier\u00eda Conceptual, con la que identificar la viabilidad t\u00e9cnica y econ\u00f3mica del proyecto, definiendo los requerimientos del mismo. Permite establecer las pautas necesarias para el desarrollo de la ingenier\u00eda b\u00e1sica.<\/p><\/div><div class=\"q_icon_list\"><i class=\"qode_icon_font_awesome fa fa-check-circle qode-ili-icon-holder circle\" style=\"font-size: 30px;color: #ffffff;background-color: #009640;border-color:#009640;border-style: solid;border-width: 1px;\" ><\/i><p style=\"color:#000000;font-size: 20px;font-weight: 300;\">Ingenier\u00eda B\u00e1sica, que refleja todos los requerimientos del proyecto, las especificaciones b\u00e1sicas, el cronograma de realizaci\u00f3n y la valoraci\u00f3n econ\u00f3mica.<\/p><\/div>[\/vc_column_inner][vc_column_inner width=\u00bb1\/2&#8243;][vc_empty_space height=\u00bb40px\u00bb][vc_single_image image=\u00bb12490&#8243; img_size=\u00bbfull\u00bb alignment=\u00bbcenter\u00bb qode_css_animation=\u00bb\u00bb][vc_empty_space height=\u00bb40px\u00bb][\/vc_column_inner][\/vc_row_inner][vc_row_inner row_type=\u00bbrow\u00bb type=\u00bbfull_width\u00bb text_align=\u00bbleft\u00bb css_animation=\u00bb\u00bb][vc_column_inner width=\u00bb1\/2&#8243;][vc_empty_space height=\u00bb40px\u00bb]<div class=\"q_icon_list\"><i class=\"qode_icon_font_awesome fa fa-check-circle qode-ili-icon-holder circle\" style=\"font-size: 30px;color: #ffffff;background-color: #009640;border-color:#009640;border-style: solid;border-width: 1px;\" ><\/i><p style=\"color:#000000;font-size: 20px;font-weight: 300;\">Ingenier\u00eda de Detalle, ampliaci\u00f3n de la ingenier\u00eda b\u00e1sica que permitir\u00e1 la construcci\u00f3n del proyecto.<\/p><\/div><div class=\"q_icon_list\"><i class=\"qode_icon_font_awesome fa fa-check-circle qode-ili-icon-holder circle\" style=\"font-size: 30px;color: #ffffff;background-color: #009640;border-color:#009640;border-style: solid;border-width: 1px;\" ><\/i><p style=\"color:#000000;font-size: 20px;font-weight: 300;\">Ingenier\u00eda de Fabricaci\u00f3n, desarrollando el detalle que permita la fabricaci\u00f3n de cada uno de los componentes de la instalaci\u00f3n.<\/p><\/div>[\/vc_column_inner][vc_column_inner width=\u00bb1\/2&#8243;][vc_empty_space height=\u00bb40px\u00bb][vc_single_image image=\u00bb12502&#8243; img_size=\u00bb350&#215;216&#8243; alignment=\u00bbcenter\u00bb qode_css_animation=\u00bb\u00bb][vc_empty_space height=\u00bb40px\u00bb][\/vc_column_inner][\/vc_row_inner][vc_row_inner row_type=\u00bbrow\u00bb type=\u00bbfull_width\u00bb text_align=\u00bbleft\u00bb css_animation=\u00bb\u00bb][vc_column_inner width=\u00bb1\/2&#8243;][vc_empty_space height=\u00bb40px\u00bb]<div class=\"q_icon_list\"><i class=\"qode_icon_font_awesome fa fa-check-circle qode-ili-icon-holder circle\" style=\"font-size: 30px;color: #ffffff;background-color: #009640;border-color:#009640;border-style: solid;border-width: 1px;\" ><\/i><p style=\"color:#000000;font-size: 20px;font-weight: 300;\">Suministros especializados para plantas de Biog\u00e1s\/Biometano y reactivos de desulfuraci\u00f3n y mejora de la digesti\u00f3n.<\/p><\/div>[\/vc_column_inner][vc_column_inner width=\u00bb1\/2&#8243;][vc_empty_space height=\u00bb40px\u00bb][vc_single_image image=\u00bb12644&#8243; img_size=\u00bb350&#215;249&#8243; alignment=\u00bbcenter\u00bb qode_css_animation=\u00bb\u00bb][vc_empty_space height=\u00bb40px\u00bb][\/vc_column_inner][\/vc_row_inner][vc_row_inner row_type=\u00bbrow\u00bb type=\u00bbfull_width\u00bb text_align=\u00bbleft\u00bb css_animation=\u00bb\u00bb][vc_column_inner width=\u00bb1\/2&#8243;][vc_empty_space height=\u00bb40px\u00bb]<div class=\"q_icon_list\"><i class=\"qode_icon_font_awesome fa fa-check-circle qode-ili-icon-holder circle\" style=\"font-size: 30px;color: #ffffff;background-color: #009640;border-color:#009640;border-style: solid;border-width: 1px;\" ><\/i><p style=\"color:#000000;font-size: 20px;font-weight: 300;\">Proyectos EPC de plantas de biog\u00e1s de alto rendimiento, sistemas de tratamiento de digestatos y sistemas de higienizaci\u00f3n (esterilizaci\u00f3n y pasteurizaci\u00f3n), contemplando toda la vida del proyecto, desde el dise\u00f1o de la instalaci\u00f3n, adquisici\u00f3n de equipos, fabricaci\u00f3n e instalaci\u00f3n y finalmente puesta en marcha y formaci\u00f3n de los operarios.<\/p><\/div>[\/vc_column_inner][vc_column_inner width=\u00bb1\/2&#8243;][vc_empty_space height=\u00bb40px\u00bb][vc_single_image image=\u00bb12648&#8243; img_size=\u00bb350&#215;234&#8243; alignment=\u00bbcenter\u00bb qode_css_animation=\u00bb\u00bb][vc_empty_space height=\u00bb40px\u00bb][\/vc_column_inner][\/vc_row_inner][vc_empty_space height=\u00bb60px\u00bb][vc_row_inner row_type=\u00bbrow\u00bb type=\u00bbfull_width\u00bb text_align=\u00bbcenter\u00bb css_animation=\u00bb\u00bb background_color=\u00bb#009640&#8243; padding_top=\u00bb15&#8243; padding_bottom=\u00bb15&#8243;][vc_column_inner][vc_column_text]<\/p>\n<h3 style=\"text-align: left;\"><span style=\"color: #ffffff; font-weight: 400;\">PUNTOS CLAVE<\/span><\/h3>\n<p>[\/vc_column_text][\/vc_column_inner][\/vc_row_inner][vc_empty_space height=\u00bb40px\u00bb][vc_row_inner row_type=\u00bbrow\u00bb type=\u00bbfull_width\u00bb text_align=\u00bbcenter\u00bb css_animation=\u00bb\u00bb background_color=\u00bb#f7f7f7&#8243;][vc_column_inner width=\u00bb1\/3&#8243; css=\u00bb.vc_custom_1677181611070{padding: 30px !important;}\u00bb][vc_column_text]<\/p>\n<p style=\"text-align: center; font-size: 2.5em; line-height: 1.2;\"><strong>1<\/strong><\/p>\n<p style=\"text-align: center;\">Asesoramiento desde la concepci\u00f3n de la primera idea.<\/p>\n<p>[\/vc_column_text][\/vc_column_inner][vc_column_inner width=\u00bb1\/3&#8243; css=\u00bb.vc_custom_1677181621002{padding: 30px !important;}\u00bb][vc_column_text]<\/p>\n<p style=\"text-align: center; font-size: 2.5em; line-height: 1.2;\"><strong>2<\/strong><\/p>\n<p style=\"text-align: center;\">Identificar los riesgos potenciales para el desarrollo del proyecto, elaborando la mejor estrategia para su minimizaci\u00f3n o eliminaci\u00f3n.<\/p>\n<p>[\/vc_column_text][\/vc_column_inner][vc_column_inner width=\u00bb1\/3&#8243; css=\u00bb.vc_custom_1677181632610{padding: 30px !important;}\u00bb][vc_column_text]<\/p>\n<p style=\"text-align: center; font-size: 2.5em; line-height: 1.2;\"><strong>3<\/strong><\/p>\n<p style=\"text-align: center;\">Generaci\u00f3n de documentaci\u00f3n necesaria para tr\u00e1mites administrativos.<\/p>\n<p>[\/vc_column_text][\/vc_column_inner][\/vc_row_inner][vc_row_inner row_type=\u00bbrow\u00bb type=\u00bbfull_width\u00bb text_align=\u00bbcenter\u00bb css_animation=\u00bb\u00bb background_color=\u00bb#f7f7f7&#8243;][vc_column_inner width=\u00bb1\/3&#8243; css=\u00bb.vc_custom_1677181662355{padding: 30px !important;}\u00bb][vc_column_text]<\/p>\n<p style=\"text-align: center; font-size: 2.5em; line-height: 1.2;\"><strong>4<\/strong><\/p>\n<p style=\"text-align: center;\">Generaci\u00f3n de la documentaci\u00f3n necesaria para compra de equipos y ejecuci\u00f3n de la planta.<\/p>\n<p>[\/vc_column_text][\/vc_column_inner][vc_column_inner width=\u00bb1\/3&#8243; css=\u00bb.vc_custom_1677181669946{padding: 30px !important;}\u00bb][vc_column_text]<\/p>\n<p style=\"text-align: center; font-size: 2.5em; line-height: 1.2;\"><strong>5<\/strong><\/p>\n<p style=\"text-align: center;\">Construcci\u00f3n de la planta (en modalidad EPC).<\/p>\n<p>[\/vc_column_text][\/vc_column_inner][vc_column_inner width=\u00bb1\/3&#8243; css=\u00bb.vc_custom_1677181677222{padding: 30px !important;}\u00bb][vc_column_text]<\/p>\n<p style=\"text-align: center; font-size: 2.5em; line-height: 1.2;\"><strong>6<\/strong><\/p>\n<p style=\"text-align: center;\">Formaci\u00f3n de los operarios para la \u00f3ptima operaci\u00f3n de la instalaci\u00f3n.<\/p>\n<p>[\/vc_column_text][vc_empty_space][\/vc_column_inner][\/vc_row_inner][vc_empty_space height=\u00bb60px\u00bb][vc_row_inner row_type=\u00bbrow\u00bb type=\u00bbfull_width\u00bb text_align=\u00bbleft\u00bb css_animation=\u00bb\u00bb][vc_column_inner width=\u00bb1\/2&#8243;][vc_single_image image=\u00bb12662&#8243; img_size=\u00bb\u00bb alignment=\u00bbcenter\u00bb qode_css_animation=\u00bb\u00bb][vc_empty_space height=\u00bb40px\u00bb][\/vc_column_inner][vc_column_inner width=\u00bb1\/2&#8243;][vc_single_image image=\u00bb12658&#8243; img_size=\u00bb\u00bb alignment=\u00bbcenter\u00bb qode_css_animation=\u00bb\u00bb][vc_empty_space height=\u00bb40px\u00bb][\/vc_column_inner][\/vc_row_inner][\/vc_column][vc_column width=\u00bb5\/6&#8243; offset=\u00bbvc_col-lg-3 vc_col-md-offset-0 vc_col-md-3 vc_col-sm-offset-1 vc_col-xs-offset-1 vc_col-xs-10&#8243; css=\u00bb.vc_custom_1626857906746{padding-right: 15% !important;padding-left: 15% !important;}\u00bb][vc_widget_sidebar sidebar_id=\u00bbEnrique Tova\u00bb][\/vc_column][\/vc_row][vc_row css_animation=\u00bb\u00bb row_type=\u00bbrow\u00bb use_row_as_full_screen_section=\u00bbno\u00bb type=\u00bbfull_width\u00bb angled_section=\u00bbno\u00bb text_align=\u00bbleft\u00bb background_image_as_pattern=\u00bbwithout_pattern\u00bb][vc_column][vc_empty_space height=\u00bb100px\u00bb][\/vc_column][\/vc_row]<\/p>\n<\/div>","protected":false},"excerpt":{"rendered":"<p>[vc_row css_animation=\u00bb\u00bb row_type=\u00bbrow\u00bb use_row_as_full_screen_section=\u00bbno\u00bb type=\u00bbfull_width\u00bb angled_section=\u00bbno\u00bb text_align=\u00bbleft\u00bb background_image_as_pattern=\u00bbwithout_pattern\u00bb z_index=\u00bb\u00bb][vc_column][vc_empty_space height=\u00bb70px\u00bb][vc_column_text][\/vc_column_text][\/vc_column][\/vc_row][vc_row css_animation=\u00bb\u00bb row_type=\u00bbrow\u00bb use_row_as_full_screen_section=\u00bbno\u00bb type=\u00bbgrid\u00bb angled_section=\u00bbno\u00bb&#8230;<\/p>\n","protected":false},"author":1,"featured_media":0,"parent":932,"menu_order":7,"comment_status":"closed","ping_status":"closed","template":"full_width.php","meta":{"footnotes":""},"class_list":["post-12480","page","type-page","status-publish","hentry"],"yoast_head":"<!-- This site is optimized with the Yoast SEO plugin v26.4 - https:\/\/yoast.com\/wordpress\/plugins\/seo\/ -->\n<title>Biogas - INERCO<\/title>\n<meta name=\"description\" content=\"INERCO, entre sus l\u00edneas de trabajo en descarbonizaci\u00f3n y transici\u00f3n energ\u00e9tica, ofrece soluciones integrales avanzadas para los proyectos de Biog\u00e1s.\" \/>\n<meta name=\"robots\" content=\"index, follow, max-snippet:-1, max-image-preview:large, max-video-preview:-1\" \/>\n<link rel=\"canonical\" href=\"https:\/\/www.inerco.com\/es\/tecnologia-energetica\/biogas\/\" \/>\n<meta property=\"og:locale\" content=\"es_ES\" \/>\n<meta property=\"og:type\" content=\"article\" \/>\n<meta property=\"og:title\" content=\"Biogas - INERCO\" \/>\n<meta property=\"og:description\" content=\"INERCO, entre sus l\u00edneas de trabajo en descarbonizaci\u00f3n y transici\u00f3n energ\u00e9tica, ofrece soluciones integrales avanzadas para los proyectos de Biog\u00e1s.\" \/>\n<meta property=\"og:url\" content=\"https:\/\/www.inerco.com\/es\/tecnologia-energetica\/biogas\/\" \/>\n<meta property=\"og:site_name\" content=\"INERCO\" \/>\n<meta property=\"article:modified_time\" content=\"2025-09-15T12:28:10+00:00\" \/>\n<meta name=\"twitter:card\" content=\"summary_large_image\" \/>\n<meta name=\"twitter:site\" content=\"@Inerco_\" \/>\n<script type=\"application\/ld+json\" class=\"yoast-schema-graph\">{\"@context\":\"https:\/\/schema.org\",\"@graph\":[{\"@type\":\"WebPage\",\"@id\":\"https:\/\/www.inerco.com\/es\/tecnologia-energetica\/biogas\/\",\"url\":\"https:\/\/www.inerco.com\/es\/tecnologia-energetica\/biogas\/\",\"name\":\"Biogas - INERCO\",\"isPartOf\":{\"@id\":\"https:\/\/www.inerco.com\/es\/#website\"},\"datePublished\":\"2023-02-23T09:56:39+00:00\",\"dateModified\":\"2025-09-15T12:28:10+00:00\",\"description\":\"INERCO, entre sus l\u00edneas de trabajo en descarbonizaci\u00f3n y transici\u00f3n energ\u00e9tica, ofrece soluciones integrales avanzadas para los proyectos de Biog\u00e1s.\",\"breadcrumb\":{\"@id\":\"https:\/\/www.inerco.com\/es\/tecnologia-energetica\/biogas\/#breadcrumb\"},\"inLanguage\":\"es\",\"potentialAction\":[{\"@type\":\"ReadAction\",\"target\":[\"https:\/\/www.inerco.com\/es\/tecnologia-energetica\/biogas\/\"]}]},{\"@type\":\"BreadcrumbList\",\"@id\":\"https:\/\/www.inerco.com\/es\/tecnologia-energetica\/biogas\/#breadcrumb\",\"itemListElement\":[{\"@type\":\"ListItem\",\"position\":1,\"name\":\"Home\",\"item\":\"https:\/\/www.inerco.com\/es\/\"},{\"@type\":\"ListItem\",\"position\":2,\"name\":\"Tecnolog\u00eda Energ\u00e9tica\",\"item\":\"https:\/\/www.inerco.com\/es\/tecnologia-energetica\/\"},{\"@type\":\"ListItem\",\"position\":3,\"name\":\"Biogas\"}]},{\"@type\":\"WebSite\",\"@id\":\"https:\/\/www.inerco.com\/es\/#website\",\"url\":\"https:\/\/www.inerco.com\/es\/\",\"name\":\"INERCO\",\"description\":\"Tecnolog\u00eda, ingenier\u00eda y consultor\u00eda integral para el desarrollo industrial sostenible\",\"potentialAction\":[{\"@type\":\"SearchAction\",\"target\":{\"@type\":\"EntryPoint\",\"urlTemplate\":\"https:\/\/www.inerco.com\/es\/?s={search_term_string}\"},\"query-input\":{\"@type\":\"PropertyValueSpecification\",\"valueRequired\":true,\"valueName\":\"search_term_string\"}}],\"inLanguage\":\"es\"}]}<\/script>\n<!-- \/ Yoast SEO plugin. -->","yoast_head_json":{"title":"Biogas - INERCO","description":"INERCO, entre sus l\u00edneas de trabajo en descarbonizaci\u00f3n y transici\u00f3n energ\u00e9tica, ofrece soluciones integrales avanzadas para los proyectos de Biog\u00e1s.","robots":{"index":"index","follow":"follow","max-snippet":"max-snippet:-1","max-image-preview":"max-image-preview:large","max-video-preview":"max-video-preview:-1"},"canonical":"https:\/\/www.inerco.com\/es\/tecnologia-energetica\/biogas\/","og_locale":"es_ES","og_type":"article","og_title":"Biogas - INERCO","og_description":"INERCO, entre sus l\u00edneas de trabajo en descarbonizaci\u00f3n y transici\u00f3n energ\u00e9tica, ofrece soluciones integrales avanzadas para los proyectos de Biog\u00e1s.","og_url":"https:\/\/www.inerco.com\/es\/tecnologia-energetica\/biogas\/","og_site_name":"INERCO","article_modified_time":"2025-09-15T12:28:10+00:00","twitter_card":"summary_large_image","twitter_site":"@Inerco_","schema":{"@context":"https:\/\/schema.org","@graph":[{"@type":"WebPage","@id":"https:\/\/www.inerco.com\/es\/tecnologia-energetica\/biogas\/","url":"https:\/\/www.inerco.com\/es\/tecnologia-energetica\/biogas\/","name":"Biogas - INERCO","isPartOf":{"@id":"https:\/\/www.inerco.com\/es\/#website"},"datePublished":"2023-02-23T09:56:39+00:00","dateModified":"2025-09-15T12:28:10+00:00","description":"INERCO, entre sus l\u00edneas de trabajo en descarbonizaci\u00f3n y transici\u00f3n energ\u00e9tica, ofrece soluciones integrales avanzadas para los proyectos de Biog\u00e1s.","breadcrumb":{"@id":"https:\/\/www.inerco.com\/es\/tecnologia-energetica\/biogas\/#breadcrumb"},"inLanguage":"es","potentialAction":[{"@type":"ReadAction","target":["https:\/\/www.inerco.com\/es\/tecnologia-energetica\/biogas\/"]}]},{"@type":"BreadcrumbList","@id":"https:\/\/www.inerco.com\/es\/tecnologia-energetica\/biogas\/#breadcrumb","itemListElement":[{"@type":"ListItem","position":1,"name":"Home","item":"https:\/\/www.inerco.com\/es\/"},{"@type":"ListItem","position":2,"name":"Tecnolog\u00eda Energ\u00e9tica","item":"https:\/\/www.inerco.com\/es\/tecnologia-energetica\/"},{"@type":"ListItem","position":3,"name":"Biogas"}]},{"@type":"WebSite","@id":"https:\/\/www.inerco.com\/es\/#website","url":"https:\/\/www.inerco.com\/es\/","name":"INERCO","description":"Tecnolog\u00eda, ingenier\u00eda y consultor\u00eda integral para el desarrollo industrial sostenible","potentialAction":[{"@type":"SearchAction","target":{"@type":"EntryPoint","urlTemplate":"https:\/\/www.inerco.com\/es\/?s={search_term_string}"},"query-input":{"@type":"PropertyValueSpecification","valueRequired":true,"valueName":"search_term_string"}}],"inLanguage":"es"}]}},"_links":{"self":[{"href":"https:\/\/www.inerco.com\/es\/wp-json\/wp\/v2\/pages\/12480","targetHints":{"allow":["GET"]}}],"collection":[{"href":"https:\/\/www.inerco.com\/es\/wp-json\/wp\/v2\/pages"}],"about":[{"href":"https:\/\/www.inerco.com\/es\/wp-json\/wp\/v2\/types\/page"}],"author":[{"embeddable":true,"href":"https:\/\/www.inerco.com\/es\/wp-json\/wp\/v2\/users\/1"}],"replies":[{"embeddable":true,"href":"https:\/\/www.inerco.com\/es\/wp-json\/wp\/v2\/comments?post=12480"}],"version-history":[{"count":30,"href":"https:\/\/www.inerco.com\/es\/wp-json\/wp\/v2\/pages\/12480\/revisions"}],"predecessor-version":[{"id":16966,"href":"https:\/\/www.inerco.com\/es\/wp-json\/wp\/v2\/pages\/12480\/revisions\/16966"}],"up":[{"embeddable":true,"href":"https:\/\/www.inerco.com\/es\/wp-json\/wp\/v2\/pages\/932"}],"wp:attachment":[{"href":"https:\/\/www.inerco.com\/es\/wp-json\/wp\/v2\/media?parent=12480"}],"curies":[{"name":"wp","href":"https:\/\/api.w.org\/{rel}","templated":true}]}}