{"id":1216,"date":"2018-04-26T20:55:19","date_gmt":"2018-04-26T18:55:19","guid":{"rendered":"http:\/\/82.194.72.70\/?page_id=1216"},"modified":"2019-04-24T13:48:41","modified_gmt":"2019-04-24T11:48:41","slug":"cemento","status":"publish","type":"page","link":"https:\/\/www.inerco.com\/es\/sectores\/cemento\/","title":{"rendered":"Cemento"},"content":{"rendered":"<div class=\"wpb-content-wrapper\"><p>[vc_row css_animation=\u00bb\u00bb row_type=\u00bbrow\u00bb use_row_as_full_screen_section=\u00bbno\u00bb type=\u00bbfull_width\u00bb angled_section=\u00bbno\u00bb text_align=\u00bbleft\u00bb background_image_as_pattern=\u00bbwithout_pattern\u00bb][vc_column][vc_empty_space height=\u00bb80px\u00bb][\/vc_column][\/vc_row][vc_row css_animation=\u00bb\u00bb row_type=\u00bbrow\u00bb use_row_as_full_screen_section=\u00bbno\u00bb type=\u00bbgrid\u00bb angled_section=\u00bbno\u00bb text_align=\u00bbleft\u00bb background_image_as_pattern=\u00bbwithout_pattern\u00bb z_index=\u00bb\u00bb][vc_column width=\u00bb3\/4&#8243; css=\u00bb.vc_custom_1524764926736{padding-right: 5% !important;}\u00bb][vc_empty_space height=\u00bb40px\u00bb]<div class='projects_holder_outer v2 portfolio_with_space portfolio_standard'>\n        <div class='projects_holder portfolio_main_holder clearfix v2 standard portfolio_full_image '>\n        \n        <article class='mix portfolio_category_48 portfolio_category_43 portfolio_category_31 portfolio_category_41 default' style=''>\n    \n    \n    \n                <div class='image_holder'>\n                <a itemprop='url' class='portfolio_link_for_touch' href='https:\/\/www.inerco.com\/es\/eventos\/proyectos\/implantacion-de-tecnologias-de-reduccion-de-emisiones-y-optimizacion-energetica\/' target='_self'>\n                    \n<span class='image'><img loading=\"lazy\" decoding=\"async\" width=\"1000\" height=\"450\" src=\"https:\/\/www.inerco.com\/wp-content\/uploads\/Proyecto-INERCO-Tecnologias-de-reduccion-de-emisiones-y-optimizacion-energetica.jpg\" class=\"attachment-full size-full wp-post-image\" alt=\"Proyecto INERCO Tecnolog\u00edas de reducci\u00f3n de emisiones y optimizaci\u00f3n energ\u00e9tica\" srcset=\"https:\/\/www.inerco.com\/wp-content\/uploads\/Proyecto-INERCO-Tecnologias-de-reduccion-de-emisiones-y-optimizacion-energetica.jpg 1000w, https:\/\/www.inerco.com\/wp-content\/uploads\/Proyecto-INERCO-Tecnologias-de-reduccion-de-emisiones-y-optimizacion-energetica-768x346.jpg 768w, https:\/\/www.inerco.com\/wp-content\/uploads\/Proyecto-INERCO-Tecnologias-de-reduccion-de-emisiones-y-optimizacion-energetica-700x315.jpg 700w\" sizes=\"auto, (max-width: 1000px) 100vw, 1000px\" \/><\/span>                <\/a>\n\n                <span class='text_holder'>\n    <span class='text_outer'>\n        <span class='text_inner'>\n            <span class='feature_holder'>\n                            <span class=\"feature_holder_icons\">';\n                    \n                            <a itemprop='url' class='preview qbutton small white' href='https:\/\/www.inerco.com\/es\/eventos\/proyectos\/implantacion-de-tecnologias-de-reduccion-de-emisiones-y-optimizacion-energetica\/' target='_self'>view<\/i><\/a>\n    \n                                            <\/span>\n        <\/span>\n    <\/span>\n<\/span>            <\/div>\n                <div class='portfolio_description ' >\n\n        \n    <h5 itemprop=\"name\" class=\"portfolio_title entry_title\"><a itemprop=\"url\" href=\"https:\/\/www.inerco.com\/es\/eventos\/proyectos\/implantacion-de-tecnologias-de-reduccion-de-emisiones-y-optimizacion-energetica\/\" style=\"font-size: 25px\" target=\"_self\"> IMPLANTACI\u00d3N DE TECNOLOG\u00cdAS DE REDUCCI\u00d3N DE EMISIONES Y OPTIMIZACI\u00d3N ENERG\u00c9TICA<\/a><\/h5>\n\n\n        \n        \n    <\/div>\n        \n<\/article>\n<article class='mix portfolio_category_48 portfolio_category_41 portfolio_category_49 default' style=''>\n    \n    \n    \n                <div class='image_holder'>\n                <a itemprop='url' class='portfolio_link_for_touch' href='https:\/\/www.inerco.com\/es\/eventos\/proyectos\/implantacion-de-la-directiva-seveso-iii-en-la-gran-industria-europea\/' target='_self'>\n                    \n<span class='image'><img loading=\"lazy\" decoding=\"async\" width=\"1000\" height=\"450\" src=\"https:\/\/www.inerco.com\/wp-content\/uploads\/proyecto-inerco-planta-industrial-seguridad-prevencion.jpg\" class=\"attachment-full size-full wp-post-image\" alt=\"\" srcset=\"https:\/\/www.inerco.com\/wp-content\/uploads\/proyecto-inerco-planta-industrial-seguridad-prevencion.jpg 1000w, https:\/\/www.inerco.com\/wp-content\/uploads\/proyecto-inerco-planta-industrial-seguridad-prevencion-768x346.jpg 768w, https:\/\/www.inerco.com\/wp-content\/uploads\/proyecto-inerco-planta-industrial-seguridad-prevencion-700x315.jpg 700w\" sizes=\"auto, (max-width: 1000px) 100vw, 1000px\" \/><\/span>                <\/a>\n\n                <span class='text_holder'>\n    <span class='text_outer'>\n        <span class='text_inner'>\n            <span class='feature_holder'>\n                            <span class=\"feature_holder_icons\">';\n                    \n                            <a itemprop='url' class='preview qbutton small white' href='https:\/\/www.inerco.com\/es\/eventos\/proyectos\/implantacion-de-la-directiva-seveso-iii-en-la-gran-industria-europea\/' target='_self'>view<\/i><\/a>\n    \n                                            <\/span>\n        <\/span>\n    <\/span>\n<\/span>            <\/div>\n                <div class='portfolio_description ' >\n\n        \n    <h5 itemprop=\"name\" class=\"portfolio_title entry_title\"><a itemprop=\"url\" href=\"https:\/\/www.inerco.com\/es\/eventos\/proyectos\/implantacion-de-la-directiva-seveso-iii-en-la-gran-industria-europea\/\" style=\"font-size: 25px\" target=\"_self\"> IMPLANTACI\u00d3N DE LA DIRECTIVA SEVESO III EN LA GRAN INDUSTRIA EUROPEA<\/a><\/h5>\n\n\n        \n        \n    <\/div>\n        \n<\/article>\n        <div class='filler'><\/div>\n            <div class='filler'><\/div>\n        <\/div>\n\n    \n    <\/div>[\/vc_column][vc_column width=\u00bb1\/4&#8243; css=\u00bb.vc_custom_1524764919938{padding-left: 5% !important;}\u00bb][vc_widget_sidebar sidebar_id=\u00bbProyectos\u00bb][\/vc_column][\/vc_row]<\/p>\n<\/div>","protected":false},"excerpt":{"rendered":"<p>[vc_row css_animation=\u00bb\u00bb row_type=\u00bbrow\u00bb use_row_as_full_screen_section=\u00bbno\u00bb type=\u00bbfull_width\u00bb angled_section=\u00bbno\u00bb text_align=\u00bbleft\u00bb background_image_as_pattern=\u00bbwithout_pattern\u00bb][vc_column][vc_empty_space height=\u00bb80px\u00bb][\/vc_column][\/vc_row][vc_row css_animation=\u00bb\u00bb row_type=\u00bbrow\u00bb use_row_as_full_screen_section=\u00bbno\u00bb type=\u00bbgrid\u00bb angled_section=\u00bbno\u00bb text_align=\u00bbleft\u00bb&#8230;<\/p>\n","protected":false},"author":1,"featured_media":0,"parent":1062,"menu_order":10,"comment_status":"closed","ping_status":"closed","template":"full_width.php","meta":{"footnotes":""},"class_list":["post-1216","page","type-page","status-publish","hentry"],"yoast_head":"<!-- This site is optimized with the Yoast SEO plugin v26.4 - https:\/\/yoast.com\/wordpress\/plugins\/seo\/ -->\n<title>Cemento - INERCO<\/title>\n<meta name=\"robots\" content=\"index, follow, max-snippet:-1, max-image-preview:large, max-video-preview:-1\" \/>\n<link rel=\"canonical\" href=\"https:\/\/www.inerco.com\/es\/sectores\/cemento\/\" \/>\n<meta property=\"og:locale\" content=\"es_ES\" \/>\n<meta property=\"og:type\" content=\"article\" \/>\n<meta property=\"og:title\" content=\"Cemento - INERCO\" \/>\n<meta property=\"og:description\" content=\"[vc_row css_animation=\u00bb\u00bb row_type=\u00bbrow\u00bb use_row_as_full_screen_section=\u00bbno\u00bb type=\u00bbfull_width\u00bb angled_section=\u00bbno\u00bb text_align=\u00bbleft\u00bb background_image_as_pattern=\u00bbwithout_pattern\u00bb][vc_column][vc_empty_space height=\u00bb80px\u00bb][\/vc_column][\/vc_row][vc_row css_animation=\u00bb\u00bb row_type=\u00bbrow\u00bb use_row_as_full_screen_section=\u00bbno\u00bb type=\u00bbgrid\u00bb angled_section=\u00bbno\u00bb text_align=\u00bbleft\u00bb...\" \/>\n<meta property=\"og:url\" content=\"https:\/\/www.inerco.com\/es\/sectores\/cemento\/\" \/>\n<meta property=\"og:site_name\" content=\"INERCO\" \/>\n<meta property=\"article:modified_time\" content=\"2019-04-24T11:48:41+00:00\" \/>\n<meta name=\"twitter:card\" content=\"summary_large_image\" \/>\n<meta name=\"twitter:site\" content=\"@Inerco_\" \/>\n<script type=\"application\/ld+json\" class=\"yoast-schema-graph\">{\"@context\":\"https:\/\/schema.org\",\"@graph\":[{\"@type\":\"WebPage\",\"@id\":\"https:\/\/www.inerco.com\/es\/sectores\/cemento\/\",\"url\":\"https:\/\/www.inerco.com\/es\/sectores\/cemento\/\",\"name\":\"Cemento - INERCO\",\"isPartOf\":{\"@id\":\"https:\/\/www.inerco.com\/es\/#website\"},\"datePublished\":\"2018-04-26T18:55:19+00:00\",\"dateModified\":\"2019-04-24T11:48:41+00:00\",\"breadcrumb\":{\"@id\":\"https:\/\/www.inerco.com\/es\/sectores\/cemento\/#breadcrumb\"},\"inLanguage\":\"es\",\"potentialAction\":[{\"@type\":\"ReadAction\",\"target\":[\"https:\/\/www.inerco.com\/es\/sectores\/cemento\/\"]}]},{\"@type\":\"BreadcrumbList\",\"@id\":\"https:\/\/www.inerco.com\/es\/sectores\/cemento\/#breadcrumb\",\"itemListElement\":[{\"@type\":\"ListItem\",\"position\":1,\"name\":\"Home\",\"item\":\"https:\/\/www.inerco.com\/es\/\"},{\"@type\":\"ListItem\",\"position\":2,\"name\":\"Sectores\",\"item\":\"https:\/\/www.inerco.com\/es\/sectores\/\"},{\"@type\":\"ListItem\",\"position\":3,\"name\":\"Cemento\"}]},{\"@type\":\"WebSite\",\"@id\":\"https:\/\/www.inerco.com\/es\/#website\",\"url\":\"https:\/\/www.inerco.com\/es\/\",\"name\":\"INERCO\",\"description\":\"Tecnolog\u00eda, ingenier\u00eda y consultor\u00eda integral para el desarrollo industrial sostenible\",\"potentialAction\":[{\"@type\":\"SearchAction\",\"target\":{\"@type\":\"EntryPoint\",\"urlTemplate\":\"https:\/\/www.inerco.com\/es\/?s={search_term_string}\"},\"query-input\":{\"@type\":\"PropertyValueSpecification\",\"valueRequired\":true,\"valueName\":\"search_term_string\"}}],\"inLanguage\":\"es\"}]}<\/script>\n<!-- \/ Yoast SEO plugin. -->","yoast_head_json":{"title":"Cemento - INERCO","robots":{"index":"index","follow":"follow","max-snippet":"max-snippet:-1","max-image-preview":"max-image-preview:large","max-video-preview":"max-video-preview:-1"},"canonical":"https:\/\/www.inerco.com\/es\/sectores\/cemento\/","og_locale":"es_ES","og_type":"article","og_title":"Cemento - INERCO","og_description":"[vc_row css_animation=\u00bb\u00bb row_type=\u00bbrow\u00bb use_row_as_full_screen_section=\u00bbno\u00bb type=\u00bbfull_width\u00bb angled_section=\u00bbno\u00bb text_align=\u00bbleft\u00bb background_image_as_pattern=\u00bbwithout_pattern\u00bb][vc_column][vc_empty_space height=\u00bb80px\u00bb][\/vc_column][\/vc_row][vc_row css_animation=\u00bb\u00bb row_type=\u00bbrow\u00bb use_row_as_full_screen_section=\u00bbno\u00bb type=\u00bbgrid\u00bb angled_section=\u00bbno\u00bb text_align=\u00bbleft\u00bb...","og_url":"https:\/\/www.inerco.com\/es\/sectores\/cemento\/","og_site_name":"INERCO","article_modified_time":"2019-04-24T11:48:41+00:00","twitter_card":"summary_large_image","twitter_site":"@Inerco_","schema":{"@context":"https:\/\/schema.org","@graph":[{"@type":"WebPage","@id":"https:\/\/www.inerco.com\/es\/sectores\/cemento\/","url":"https:\/\/www.inerco.com\/es\/sectores\/cemento\/","name":"Cemento - INERCO","isPartOf":{"@id":"https:\/\/www.inerco.com\/es\/#website"},"datePublished":"2018-04-26T18:55:19+00:00","dateModified":"2019-04-24T11:48:41+00:00","breadcrumb":{"@id":"https:\/\/www.inerco.com\/es\/sectores\/cemento\/#breadcrumb"},"inLanguage":"es","potentialAction":[{"@type":"ReadAction","target":["https:\/\/www.inerco.com\/es\/sectores\/cemento\/"]}]},{"@type":"BreadcrumbList","@id":"https:\/\/www.inerco.com\/es\/sectores\/cemento\/#breadcrumb","itemListElement":[{"@type":"ListItem","position":1,"name":"Home","item":"https:\/\/www.inerco.com\/es\/"},{"@type":"ListItem","position":2,"name":"Sectores","item":"https:\/\/www.inerco.com\/es\/sectores\/"},{"@type":"ListItem","position":3,"name":"Cemento"}]},{"@type":"WebSite","@id":"https:\/\/www.inerco.com\/es\/#website","url":"https:\/\/www.inerco.com\/es\/","name":"INERCO","description":"Tecnolog\u00eda, ingenier\u00eda y consultor\u00eda integral para el desarrollo industrial sostenible","potentialAction":[{"@type":"SearchAction","target":{"@type":"EntryPoint","urlTemplate":"https:\/\/www.inerco.com\/es\/?s={search_term_string}"},"query-input":{"@type":"PropertyValueSpecification","valueRequired":true,"valueName":"search_term_string"}}],"inLanguage":"es"}]}},"_links":{"self":[{"href":"https:\/\/www.inerco.com\/es\/wp-json\/wp\/v2\/pages\/1216","targetHints":{"allow":["GET"]}}],"collection":[{"href":"https:\/\/www.inerco.com\/es\/wp-json\/wp\/v2\/pages"}],"about":[{"href":"https:\/\/www.inerco.com\/es\/wp-json\/wp\/v2\/types\/page"}],"author":[{"embeddable":true,"href":"https:\/\/www.inerco.com\/es\/wp-json\/wp\/v2\/users\/1"}],"replies":[{"embeddable":true,"href":"https:\/\/www.inerco.com\/es\/wp-json\/wp\/v2\/comments?post=1216"}],"version-history":[{"count":3,"href":"https:\/\/www.inerco.com\/es\/wp-json\/wp\/v2\/pages\/1216\/revisions"}],"predecessor-version":[{"id":2427,"href":"https:\/\/www.inerco.com\/es\/wp-json\/wp\/v2\/pages\/1216\/revisions\/2427"}],"up":[{"embeddable":true,"href":"https:\/\/www.inerco.com\/es\/wp-json\/wp\/v2\/pages\/1062"}],"wp:attachment":[{"href":"https:\/\/www.inerco.com\/es\/wp-json\/wp\/v2\/media?parent=1216"}],"curies":[{"name":"wp","href":"https:\/\/api.w.org\/{rel}","templated":true}]}}