{"id":1202,"date":"2018-04-26T20:49:39","date_gmt":"2018-04-26T18:49:39","guid":{"rendered":"http:\/\/82.194.72.70\/?page_id=1202"},"modified":"2019-04-24T13:05:48","modified_gmt":"2019-04-24T11:05:48","slug":"mineria","status":"publish","type":"page","link":"https:\/\/www.inerco.com\/es\/sectores\/mineria\/","title":{"rendered":"Miner\u00eda"},"content":{"rendered":"<div class=\"wpb-content-wrapper\"><p>[vc_row css_animation=\u00bb\u00bb row_type=\u00bbrow\u00bb use_row_as_full_screen_section=\u00bbno\u00bb type=\u00bbfull_width\u00bb angled_section=\u00bbno\u00bb text_align=\u00bbleft\u00bb background_image_as_pattern=\u00bbwithout_pattern\u00bb][vc_column][vc_empty_space height=\u00bb80px\u00bb][\/vc_column][\/vc_row][vc_row css_animation=\u00bb\u00bb row_type=\u00bbrow\u00bb use_row_as_full_screen_section=\u00bbno\u00bb type=\u00bbgrid\u00bb angled_section=\u00bbno\u00bb text_align=\u00bbleft\u00bb background_image_as_pattern=\u00bbwithout_pattern\u00bb z_index=\u00bb\u00bb][vc_column width=\u00bb3\/4&#8243; css=\u00bb.vc_custom_1556103315084{padding-right: 5% !important;}\u00bb offset=\u00bbvc_hidden-lg vc_hidden-md vc_hidden-sm vc_hidden-xs\u00bb][vc_column_text]<\/p>\n<h3 style=\"text-align: right; font-weight: 200; font-size: 2em;\">Lorem ipsum dolor sit amet, consectetur adipiscing elit. Ut elit tellus, luctus nec ullamcorper mattis, pulvinar dapibus leo.<\/h3>\n<p>[\/vc_column_text][vc_empty_space height=\u00bb40px\u00bb]<div class='projects_holder_outer v2 portfolio_with_space portfolio_standard'>\n        <div class='projects_holder portfolio_main_holder clearfix v2 standard portfolio_full_image '>\n        \n        <article class='mix portfolio_category_42 default' style=''>\n    \n    \n    \n                <div class='image_holder'>\n                <a itemprop='url' class='portfolio_link_for_touch' href='https:\/\/www.inerco.com\/es\/eventos\/proyectos\/asesor-ambiental-experto-para-el-sector-minero\/' target='_self'>\n                    \n<span class='image'><img loading=\"lazy\" decoding=\"async\" width=\"1000\" height=\"450\" src=\"https:\/\/www.inerco.com\/wp-content\/uploads\/Proyecto-INERCO-Asesor-ambiental-experto-para-el-sector-minero.jpg\" class=\"attachment-full size-full wp-post-image\" alt=\"Proyecto INERCO Asesor ambiental experto para el sector minero\" srcset=\"https:\/\/www.inerco.com\/wp-content\/uploads\/Proyecto-INERCO-Asesor-ambiental-experto-para-el-sector-minero.jpg 1000w, https:\/\/www.inerco.com\/wp-content\/uploads\/Proyecto-INERCO-Asesor-ambiental-experto-para-el-sector-minero-768x346.jpg 768w, https:\/\/www.inerco.com\/wp-content\/uploads\/Proyecto-INERCO-Asesor-ambiental-experto-para-el-sector-minero-700x315.jpg 700w\" sizes=\"auto, (max-width: 1000px) 100vw, 1000px\" \/><\/span>                <\/a>\n\n                <span class='text_holder'>\n    <span class='text_outer'>\n        <span class='text_inner'>\n            <span class='feature_holder'>\n                            <span class=\"feature_holder_icons\">';\n                    \n                            <a itemprop='url' class='preview qbutton small white' href='https:\/\/www.inerco.com\/es\/eventos\/proyectos\/asesor-ambiental-experto-para-el-sector-minero\/' target='_self'>view<\/i><\/a>\n    \n                                            <\/span>\n        <\/span>\n    <\/span>\n<\/span>            <\/div>\n                <div class='portfolio_description ' >\n\n        \n    <h5 itemprop=\"name\" class=\"portfolio_title entry_title\"><a itemprop=\"url\" href=\"https:\/\/www.inerco.com\/es\/eventos\/proyectos\/asesor-ambiental-experto-para-el-sector-minero\/\" style=\"font-size: 25px\" target=\"_self\"> ASESOR AMBIENTAL EXPERTO PARA EL SECTOR MINERO<\/a><\/h5>\n\n\n        \n        \n    <\/div>\n        \n<\/article>\n<article class='mix portfolio_category_42 default' style=''>\n    \n    \n    \n                <div class='image_holder'>\n                <a itemprop='url' class='portfolio_link_for_touch' href='https:\/\/www.inerco.com\/es\/eventos\/proyectos\/asesoria-ambiental-experta-para-el-sector-minero-en-chile\/' target='_self'>\n                    \n<span class='image'><img loading=\"lazy\" decoding=\"async\" width=\"1000\" height=\"450\" src=\"https:\/\/www.inerco.com\/wp-content\/uploads\/proyecto-inerco-mineria-chile.jpg\" class=\"attachment-full size-full wp-post-image\" alt=\"\" srcset=\"https:\/\/www.inerco.com\/wp-content\/uploads\/proyecto-inerco-mineria-chile.jpg 1000w, https:\/\/www.inerco.com\/wp-content\/uploads\/proyecto-inerco-mineria-chile-768x346.jpg 768w, https:\/\/www.inerco.com\/wp-content\/uploads\/proyecto-inerco-mineria-chile-700x315.jpg 700w\" sizes=\"auto, (max-width: 1000px) 100vw, 1000px\" \/><\/span>                <\/a>\n\n                <span class='text_holder'>\n    <span class='text_outer'>\n        <span class='text_inner'>\n            <span class='feature_holder'>\n                            <span class=\"feature_holder_icons\">';\n                    \n                            <a itemprop='url' class='preview qbutton small white' href='https:\/\/www.inerco.com\/es\/eventos\/proyectos\/asesoria-ambiental-experta-para-el-sector-minero-en-chile\/' target='_self'>view<\/i><\/a>\n    \n                                            <\/span>\n        <\/span>\n    <\/span>\n<\/span>            <\/div>\n                <div class='portfolio_description ' >\n\n        \n    <h5 itemprop=\"name\" class=\"portfolio_title entry_title\"><a itemprop=\"url\" href=\"https:\/\/www.inerco.com\/es\/eventos\/proyectos\/asesoria-ambiental-experta-para-el-sector-minero-en-chile\/\" style=\"font-size: 25px\" target=\"_self\"> ASESOR\u00cdA AMBIENTAL EXPERTA PARA EL SECTOR MINERO EN CHILE<\/a><\/h5>\n\n\n        \n        \n    <\/div>\n        \n<\/article>\n        <div class='filler'><\/div>\n            <div class='filler'><\/div>\n        <\/div>\n\n    \n    <\/div>[\/vc_column][vc_column width=\u00bb1\/4&#8243; css=\u00bb.vc_custom_1556103324010{padding-left: 5% !important;}\u00bb offset=\u00bbvc_hidden-lg vc_hidden-md vc_hidden-sm vc_hidden-xs\u00bb][vc_widget_sidebar sidebar_id=\u00bblista servicios\u00bb][\/vc_column][\/vc_row][vc_row css_animation=\u00bb\u00bb row_type=\u00bbrow\u00bb use_row_as_full_screen_section=\u00bbno\u00bb type=\u00bbgrid\u00bb angled_section=\u00bbno\u00bb text_align=\u00bbleft\u00bb background_image_as_pattern=\u00bbwithout_pattern\u00bb z_index=\u00bb\u00bb][vc_column width=\u00bb3\/4&#8243;][vc_empty_space height=\u00bb40px\u00bb]<div class='projects_holder_outer v2 portfolio_with_space portfolio_standard'>\n        <div class='projects_holder portfolio_main_holder clearfix v2 standard portfolio_full_image '>\n        \n        <article class='mix portfolio_category_42 default' style=''>\n    \n    \n    \n                <div class='image_holder'>\n                <a itemprop='url' class='portfolio_link_for_touch' href='https:\/\/www.inerco.com\/es\/eventos\/proyectos\/asesor-ambiental-experto-para-el-sector-minero\/' target='_self'>\n                    \n<span class='image'><img loading=\"lazy\" decoding=\"async\" width=\"1000\" height=\"450\" src=\"https:\/\/www.inerco.com\/wp-content\/uploads\/Proyecto-INERCO-Asesor-ambiental-experto-para-el-sector-minero.jpg\" class=\"attachment-full size-full wp-post-image\" alt=\"Proyecto INERCO Asesor ambiental experto para el sector minero\" srcset=\"https:\/\/www.inerco.com\/wp-content\/uploads\/Proyecto-INERCO-Asesor-ambiental-experto-para-el-sector-minero.jpg 1000w, https:\/\/www.inerco.com\/wp-content\/uploads\/Proyecto-INERCO-Asesor-ambiental-experto-para-el-sector-minero-768x346.jpg 768w, https:\/\/www.inerco.com\/wp-content\/uploads\/Proyecto-INERCO-Asesor-ambiental-experto-para-el-sector-minero-700x315.jpg 700w\" sizes=\"auto, (max-width: 1000px) 100vw, 1000px\" \/><\/span>                <\/a>\n\n                <span class='text_holder'>\n    <span class='text_outer'>\n        <span class='text_inner'>\n            <span class='feature_holder'>\n                            <span class=\"feature_holder_icons\">';\n                    \n                            <a itemprop='url' class='preview qbutton small white' href='https:\/\/www.inerco.com\/es\/eventos\/proyectos\/asesor-ambiental-experto-para-el-sector-minero\/' target='_self'>view<\/i><\/a>\n    \n                                            <\/span>\n        <\/span>\n    <\/span>\n<\/span>            <\/div>\n                <div class='portfolio_description ' >\n\n        \n    <h5 itemprop=\"name\" class=\"portfolio_title entry_title\"><a itemprop=\"url\" href=\"https:\/\/www.inerco.com\/es\/eventos\/proyectos\/asesor-ambiental-experto-para-el-sector-minero\/\" style=\"font-size: 25px\" target=\"_self\"> ASESOR AMBIENTAL EXPERTO PARA EL SECTOR MINERO<\/a><\/h5>\n\n\n        \n        \n    <\/div>\n        \n<\/article>\n<article class='mix portfolio_category_42 default' style=''>\n    \n    \n    \n                <div class='image_holder'>\n                <a itemprop='url' class='portfolio_link_for_touch' href='https:\/\/www.inerco.com\/es\/eventos\/proyectos\/asesoria-ambiental-experta-para-el-sector-minero-en-chile\/' target='_self'>\n                    \n<span class='image'><img loading=\"lazy\" decoding=\"async\" width=\"1000\" height=\"450\" src=\"https:\/\/www.inerco.com\/wp-content\/uploads\/proyecto-inerco-mineria-chile.jpg\" class=\"attachment-full size-full wp-post-image\" alt=\"\" srcset=\"https:\/\/www.inerco.com\/wp-content\/uploads\/proyecto-inerco-mineria-chile.jpg 1000w, https:\/\/www.inerco.com\/wp-content\/uploads\/proyecto-inerco-mineria-chile-768x346.jpg 768w, https:\/\/www.inerco.com\/wp-content\/uploads\/proyecto-inerco-mineria-chile-700x315.jpg 700w\" sizes=\"auto, (max-width: 1000px) 100vw, 1000px\" \/><\/span>                <\/a>\n\n                <span class='text_holder'>\n    <span class='text_outer'>\n        <span class='text_inner'>\n            <span class='feature_holder'>\n                            <span class=\"feature_holder_icons\">';\n                    \n                            <a itemprop='url' class='preview qbutton small white' href='https:\/\/www.inerco.com\/es\/eventos\/proyectos\/asesoria-ambiental-experta-para-el-sector-minero-en-chile\/' target='_self'>view<\/i><\/a>\n    \n                                            <\/span>\n        <\/span>\n    <\/span>\n<\/span>            <\/div>\n                <div class='portfolio_description ' >\n\n        \n    <h5 itemprop=\"name\" class=\"portfolio_title entry_title\"><a itemprop=\"url\" href=\"https:\/\/www.inerco.com\/es\/eventos\/proyectos\/asesoria-ambiental-experta-para-el-sector-minero-en-chile\/\" style=\"font-size: 25px\" target=\"_self\"> ASESOR\u00cdA AMBIENTAL EXPERTA PARA EL SECTOR MINERO EN CHILE<\/a><\/h5>\n\n\n        \n        \n    <\/div>\n        \n<\/article>\n        <div class='filler'><\/div>\n            <div class='filler'><\/div>\n        <\/div>\n\n    \n    <\/div>[\/vc_column][vc_column width=\u00bb1\/4&#8243;][vc_widget_sidebar sidebar_id=\u00bbProyectos\u00bb][\/vc_column][\/vc_row]<\/p>\n<\/div>","protected":false},"excerpt":{"rendered":"<p>[vc_row css_animation=\u00bb\u00bb row_type=\u00bbrow\u00bb use_row_as_full_screen_section=\u00bbno\u00bb type=\u00bbfull_width\u00bb angled_section=\u00bbno\u00bb text_align=\u00bbleft\u00bb background_image_as_pattern=\u00bbwithout_pattern\u00bb][vc_column][vc_empty_space height=\u00bb80px\u00bb][\/vc_column][\/vc_row][vc_row css_animation=\u00bb\u00bb row_type=\u00bbrow\u00bb use_row_as_full_screen_section=\u00bbno\u00bb type=\u00bbgrid\u00bb angled_section=\u00bbno\u00bb text_align=\u00bbleft\u00bb&#8230;<\/p>\n","protected":false},"author":1,"featured_media":0,"parent":1062,"menu_order":3,"comment_status":"closed","ping_status":"closed","template":"full_width.php","meta":{"footnotes":""},"class_list":["post-1202","page","type-page","status-publish","hentry"],"yoast_head":"<!-- This site is optimized with the Yoast SEO plugin v26.4 - https:\/\/yoast.com\/wordpress\/plugins\/seo\/ -->\n<title>Miner\u00eda - INERCO<\/title>\n<meta name=\"robots\" content=\"index, follow, max-snippet:-1, max-image-preview:large, max-video-preview:-1\" \/>\n<link rel=\"canonical\" href=\"https:\/\/www.inerco.com\/es\/sectores\/mineria\/\" \/>\n<meta property=\"og:locale\" content=\"es_ES\" \/>\n<meta property=\"og:type\" content=\"article\" \/>\n<meta property=\"og:title\" content=\"Miner\u00eda - INERCO\" \/>\n<meta property=\"og:description\" content=\"[vc_row css_animation=\u00bb\u00bb row_type=\u00bbrow\u00bb use_row_as_full_screen_section=\u00bbno\u00bb type=\u00bbfull_width\u00bb angled_section=\u00bbno\u00bb text_align=\u00bbleft\u00bb background_image_as_pattern=\u00bbwithout_pattern\u00bb][vc_column][vc_empty_space height=\u00bb80px\u00bb][\/vc_column][\/vc_row][vc_row css_animation=\u00bb\u00bb row_type=\u00bbrow\u00bb use_row_as_full_screen_section=\u00bbno\u00bb type=\u00bbgrid\u00bb angled_section=\u00bbno\u00bb text_align=\u00bbleft\u00bb...\" \/>\n<meta property=\"og:url\" content=\"https:\/\/www.inerco.com\/es\/sectores\/mineria\/\" \/>\n<meta property=\"og:site_name\" content=\"INERCO\" \/>\n<meta property=\"article:modified_time\" content=\"2019-04-24T11:05:48+00:00\" \/>\n<meta name=\"twitter:card\" content=\"summary_large_image\" \/>\n<meta name=\"twitter:site\" content=\"@Inerco_\" \/>\n<script type=\"application\/ld+json\" class=\"yoast-schema-graph\">{\"@context\":\"https:\/\/schema.org\",\"@graph\":[{\"@type\":\"WebPage\",\"@id\":\"https:\/\/www.inerco.com\/es\/sectores\/mineria\/\",\"url\":\"https:\/\/www.inerco.com\/es\/sectores\/mineria\/\",\"name\":\"Miner\u00eda - INERCO\",\"isPartOf\":{\"@id\":\"https:\/\/www.inerco.com\/es\/#website\"},\"datePublished\":\"2018-04-26T18:49:39+00:00\",\"dateModified\":\"2019-04-24T11:05:48+00:00\",\"breadcrumb\":{\"@id\":\"https:\/\/www.inerco.com\/es\/sectores\/mineria\/#breadcrumb\"},\"inLanguage\":\"es\",\"potentialAction\":[{\"@type\":\"ReadAction\",\"target\":[\"https:\/\/www.inerco.com\/es\/sectores\/mineria\/\"]}]},{\"@type\":\"BreadcrumbList\",\"@id\":\"https:\/\/www.inerco.com\/es\/sectores\/mineria\/#breadcrumb\",\"itemListElement\":[{\"@type\":\"ListItem\",\"position\":1,\"name\":\"Home\",\"item\":\"https:\/\/www.inerco.com\/es\/\"},{\"@type\":\"ListItem\",\"position\":2,\"name\":\"Sectores\",\"item\":\"https:\/\/www.inerco.com\/es\/sectores\/\"},{\"@type\":\"ListItem\",\"position\":3,\"name\":\"Miner\u00eda\"}]},{\"@type\":\"WebSite\",\"@id\":\"https:\/\/www.inerco.com\/es\/#website\",\"url\":\"https:\/\/www.inerco.com\/es\/\",\"name\":\"INERCO\",\"description\":\"Tecnolog\u00eda, ingenier\u00eda y consultor\u00eda integral para el desarrollo industrial sostenible\",\"potentialAction\":[{\"@type\":\"SearchAction\",\"target\":{\"@type\":\"EntryPoint\",\"urlTemplate\":\"https:\/\/www.inerco.com\/es\/?s={search_term_string}\"},\"query-input\":{\"@type\":\"PropertyValueSpecification\",\"valueRequired\":true,\"valueName\":\"search_term_string\"}}],\"inLanguage\":\"es\"}]}<\/script>\n<!-- \/ Yoast SEO plugin. -->","yoast_head_json":{"title":"Miner\u00eda - INERCO","robots":{"index":"index","follow":"follow","max-snippet":"max-snippet:-1","max-image-preview":"max-image-preview:large","max-video-preview":"max-video-preview:-1"},"canonical":"https:\/\/www.inerco.com\/es\/sectores\/mineria\/","og_locale":"es_ES","og_type":"article","og_title":"Miner\u00eda - INERCO","og_description":"[vc_row css_animation=\u00bb\u00bb row_type=\u00bbrow\u00bb use_row_as_full_screen_section=\u00bbno\u00bb type=\u00bbfull_width\u00bb angled_section=\u00bbno\u00bb text_align=\u00bbleft\u00bb background_image_as_pattern=\u00bbwithout_pattern\u00bb][vc_column][vc_empty_space height=\u00bb80px\u00bb][\/vc_column][\/vc_row][vc_row css_animation=\u00bb\u00bb row_type=\u00bbrow\u00bb use_row_as_full_screen_section=\u00bbno\u00bb type=\u00bbgrid\u00bb angled_section=\u00bbno\u00bb text_align=\u00bbleft\u00bb...","og_url":"https:\/\/www.inerco.com\/es\/sectores\/mineria\/","og_site_name":"INERCO","article_modified_time":"2019-04-24T11:05:48+00:00","twitter_card":"summary_large_image","twitter_site":"@Inerco_","schema":{"@context":"https:\/\/schema.org","@graph":[{"@type":"WebPage","@id":"https:\/\/www.inerco.com\/es\/sectores\/mineria\/","url":"https:\/\/www.inerco.com\/es\/sectores\/mineria\/","name":"Miner\u00eda - INERCO","isPartOf":{"@id":"https:\/\/www.inerco.com\/es\/#website"},"datePublished":"2018-04-26T18:49:39+00:00","dateModified":"2019-04-24T11:05:48+00:00","breadcrumb":{"@id":"https:\/\/www.inerco.com\/es\/sectores\/mineria\/#breadcrumb"},"inLanguage":"es","potentialAction":[{"@type":"ReadAction","target":["https:\/\/www.inerco.com\/es\/sectores\/mineria\/"]}]},{"@type":"BreadcrumbList","@id":"https:\/\/www.inerco.com\/es\/sectores\/mineria\/#breadcrumb","itemListElement":[{"@type":"ListItem","position":1,"name":"Home","item":"https:\/\/www.inerco.com\/es\/"},{"@type":"ListItem","position":2,"name":"Sectores","item":"https:\/\/www.inerco.com\/es\/sectores\/"},{"@type":"ListItem","position":3,"name":"Miner\u00eda"}]},{"@type":"WebSite","@id":"https:\/\/www.inerco.com\/es\/#website","url":"https:\/\/www.inerco.com\/es\/","name":"INERCO","description":"Tecnolog\u00eda, ingenier\u00eda y consultor\u00eda integral para el desarrollo industrial sostenible","potentialAction":[{"@type":"SearchAction","target":{"@type":"EntryPoint","urlTemplate":"https:\/\/www.inerco.com\/es\/?s={search_term_string}"},"query-input":{"@type":"PropertyValueSpecification","valueRequired":true,"valueName":"search_term_string"}}],"inLanguage":"es"}]}},"_links":{"self":[{"href":"https:\/\/www.inerco.com\/es\/wp-json\/wp\/v2\/pages\/1202","targetHints":{"allow":["GET"]}}],"collection":[{"href":"https:\/\/www.inerco.com\/es\/wp-json\/wp\/v2\/pages"}],"about":[{"href":"https:\/\/www.inerco.com\/es\/wp-json\/wp\/v2\/types\/page"}],"author":[{"embeddable":true,"href":"https:\/\/www.inerco.com\/es\/wp-json\/wp\/v2\/users\/1"}],"replies":[{"embeddable":true,"href":"https:\/\/www.inerco.com\/es\/wp-json\/wp\/v2\/comments?post=1202"}],"version-history":[{"count":5,"href":"https:\/\/www.inerco.com\/es\/wp-json\/wp\/v2\/pages\/1202\/revisions"}],"predecessor-version":[{"id":2413,"href":"https:\/\/www.inerco.com\/es\/wp-json\/wp\/v2\/pages\/1202\/revisions\/2413"}],"up":[{"embeddable":true,"href":"https:\/\/www.inerco.com\/es\/wp-json\/wp\/v2\/pages\/1062"}],"wp:attachment":[{"href":"https:\/\/www.inerco.com\/es\/wp-json\/wp\/v2\/media?parent=1202"}],"curies":[{"name":"wp","href":"https:\/\/api.w.org\/{rel}","templated":true}]}}