{"id":119,"date":"2017-10-23T17:44:41","date_gmt":"2017-10-23T15:44:41","guid":{"rendered":"http:\/\/myred.es\/demoinerco\/?page_id=119"},"modified":"2025-11-19T11:21:11","modified_gmt":"2025-11-19T10:21:11","slug":"ingenieria-de-detalle","status":"publish","type":"page","link":"https:\/\/www.inerco.com\/es\/ingenieria\/ingenieria-de-detalle\/","title":{"rendered":"Ingenier\u00eda de Detalle"},"content":{"rendered":"<div class=\"wpb-content-wrapper\"><p>[vc_row css_animation=\u00bb\u00bb row_type=\u00bbrow\u00bb use_row_as_full_screen_section=\u00bbno\u00bb type=\u00bbfull_width\u00bb angled_section=\u00bbno\u00bb text_align=\u00bbleft\u00bb background_image_as_pattern=\u00bbwithout_pattern\u00bb][vc_column][vc_empty_space height=\u00bb80px\u00bb][\/vc_column][\/vc_row][vc_row css_animation=\u00bb\u00bb row_type=\u00bbrow\u00bb use_row_as_full_screen_section=\u00bbno\u00bb type=\u00bbgrid\u00bb angled_section=\u00bbno\u00bb text_align=\u00bbleft\u00bb background_image_as_pattern=\u00bbwithout_pattern\u00bb z_index=\u00bb\u00bb][vc_column width=\u00bb3\/4&#8243; offset=\u00bbvc_hidden-sm vc_hidden-xs\u00bb][vc_empty_space height=\u00bb50px\u00bb]<div class=\"custom_font_holder \" style=\" font-style: normal; font-weight: 200; text-decoration: none; text-align: left; --qode-cf-font-size: 35px; --qode-cf-line-height: 35px; --qode-cf-font-size-1440: 35px; --qode-cf-line-height-1440: 35px; --qode-cf-font-size-1366: 35px; --qode-cf-line-height-1366: 35px; --qode-cf-font-size-1280: 35px; --qode-cf-line-height-1280: 35px; --qode-cf-font-size-1024: 35px; --qode-cf-line-height-1024: 35px; --qode-cf-font-size-768: 35px; --qode-cf-line-height-768: 35px; --qode-cf-font-size-680: 35px; --qode-cf-line-height-680: 35px; --qode-cf-font-size-480: 35px; --qode-cf-line-height-480: 35px;\">El personal de\u00a0<strong>INERCO\u00a0<\/strong>dispone de una amplia experiencia en el desarrollo de Ingenier\u00edas de Detalle en el \u00e1mbito de las Plantas de Proceso y en sectores tan exigente como el de Refino de Petr\u00f3leo, Plantas Qu\u00edmicas y Petroqu\u00edmicas, Centrales T\u00e9rmicas, Plantas de Biomasa y Cementeras.<\/div>[vc_empty_space]<div class=\"custom_font_holder \" style=\" font-style: normal; font-weight: 200; text-decoration: none; text-align: left; --qode-cf-font-size: 28px; --qode-cf-line-height: 30px; --qode-cf-font-size-1440: 28px; --qode-cf-line-height-1440: 30px; --qode-cf-font-size-1366: 28px; --qode-cf-line-height-1366: 30px; --qode-cf-font-size-1280: 28px; --qode-cf-line-height-1280: 30px; --qode-cf-font-size-1024: 28px; --qode-cf-line-height-1024: 30px; --qode-cf-font-size-768: 28px; --qode-cf-line-height-768: 30px; --qode-cf-font-size-680: 28px; --qode-cf-line-height-680: 30px; --qode-cf-font-size-480: 28px; --qode-cf-line-height-480: 30px;\">Al realizar la Ingenier\u00eda de Detalle de un Proyecto, lo definimos completamente en todas las disciplinas de la ingenier\u00eda.<\/div>[vc_empty_space height=\u00bb60px\u00bb][vc_empty_space height=\u00bb50px\u00bb][vc_row_inner row_type=\u00bbrow\u00bb type=\u00bbfull_width\u00bb text_align=\u00bbleft\u00bb css_animation=\u00bb\u00bb][vc_column_inner width=\u00bb1\/2&#8243; css=\u00bb.vc_custom_1543951459225{padding-left: 120px !important;}\u00bb]<div class=\"q_icon_list\"><span aria-hidden=\"true\" class=\"qode_icon_font_elegant arrow_right qode-ili-icon-holder transparent\" style=\"color: #009640;\" ><\/span><p style=\"color:#000000;font-size: 20px;font-weight: 300;\">Ingenier\u00eda de Procesos<\/p><\/div><div class=\"q_icon_list\"><span aria-hidden=\"true\" class=\"qode_icon_font_elegant arrow_right qode-ili-icon-holder transparent\" style=\"color: #009640;\" ><\/span><p style=\"color:#000000;font-size: 20px;font-weight: 300;\">Ingenier\u00eda Mec\u00e1nica<\/p><\/div><div class=\"q_icon_list\"><span aria-hidden=\"true\" class=\"qode_icon_font_elegant arrow_right qode-ili-icon-holder transparent\" style=\"color: #009640;\" ><\/span><p style=\"color:#000000;font-size: 20px;font-weight: 300;\">Ingenier\u00eda de Obra Civil<\/p><\/div><div class=\"q_icon_list\"><span aria-hidden=\"true\" class=\"qode_icon_font_elegant arrow_right qode-ili-icon-holder transparent\" style=\"color: #009640;\" ><\/span><p style=\"color:#000000;font-size: 20px;font-weight: 300;\">Ingenier\u00eda de Tuber\u00edas<\/p><\/div>[\/vc_column_inner][vc_column_inner width=\u00bb1\/2&#8243;]<div class=\"q_icon_list\"><span aria-hidden=\"true\" class=\"qode_icon_font_elegant arrow_right qode-ili-icon-holder transparent\" style=\"color: #009640;\" ><\/span><p style=\"color:#000000;font-size: 20px;font-weight: 300;\">Ingenier\u00eda El\u00e9ctrica<\/p><\/div><div class=\"q_icon_list\"><span aria-hidden=\"true\" class=\"qode_icon_font_elegant arrow_right qode-ili-icon-holder transparent\" style=\"color: #009640;\" ><\/span><p style=\"color:#000000;font-size: 20px;font-weight: 300;\">Ingenier\u00eda de Instrumentaci\u00f3n<\/p><\/div><div class=\"q_icon_list\"><span aria-hidden=\"true\" class=\"qode_icon_font_elegant arrow_right qode-ili-icon-holder transparent\" style=\"color: #009640;\" ><\/span><p style=\"color:#000000;font-size: 20px;font-weight: 300;\">Ingenier\u00eda de Seguridad<\/p><\/div><div class=\"q_icon_list\"><span aria-hidden=\"true\" class=\"qode_icon_font_elegant arrow_right qode-ili-icon-holder transparent\" style=\"color: #009640;\" ><\/span><p style=\"color:#000000;font-size: 20px;font-weight: 300;\">Direcci\u00f3n y Supervisi\u00f3n de Obras<\/p><\/div>[\/vc_column_inner][\/vc_row_inner][\/vc_column][vc_column width=\u00bb1\/4&#8243; offset=\u00bbvc_hidden-sm vc_hidden-xs\u00bb][vc_widget_sidebar sidebar_id=\u00bbIngenier\u00eda\u00bb][\/vc_column][\/vc_row][vc_row css_animation=\u00bb\u00bb row_type=\u00bbrow\u00bb use_row_as_full_screen_section=\u00bbno\u00bb type=\u00bbgrid\u00bb angled_section=\u00bbno\u00bb text_align=\u00bbleft\u00bb background_image_as_pattern=\u00bbwithout_pattern\u00bb z_index=\u00bb\u00bb][vc_column offset=\u00bbvc_hidden-lg vc_hidden-md\u00bb][vc_empty_space height=\u00bb50px\u00bb]<div class=\"custom_font_holder \" style=\" font-style: normal; font-weight: 200; text-decoration: none; text-align: left; --qode-cf-font-size: 28px; --qode-cf-line-height: 30px; --qode-cf-font-size-1440: 28px; --qode-cf-line-height-1440: 30px; --qode-cf-font-size-1366: 28px; --qode-cf-line-height-1366: 30px; --qode-cf-font-size-1280: 28px; --qode-cf-line-height-1280: 30px; --qode-cf-font-size-1024: 28px; --qode-cf-line-height-1024: 30px; --qode-cf-font-size-768: 28px; --qode-cf-line-height-768: 30px; --qode-cf-font-size-680: 28px; --qode-cf-line-height-680: 30px; --qode-cf-font-size-480: 28px; --qode-cf-line-height-480: 30px;\">El personal de\u00a0<strong>INERCO\u00a0<\/strong>dispone de una amplia experiencia en el desarrollo de Ingenier\u00edas de Detalle en el \u00e1mbito de las Plantas de Proceso y en sectores tan exigente como el de Refino de Petr\u00f3leo, Plantas Qu\u00edmicas y Petroqu\u00edmicas, Centrales T\u00e9rmicas, Plantas de Biomasa y Cementeras.<\/div>[vc_empty_space]<div class=\"custom_font_holder \" style=\" font-style: normal; font-weight: 200; text-decoration: none; text-align: left; --qode-cf-font-size: 28px; --qode-cf-line-height: 30px; --qode-cf-font-size-1440: 28px; --qode-cf-line-height-1440: 30px; --qode-cf-font-size-1366: 28px; --qode-cf-line-height-1366: 30px; --qode-cf-font-size-1280: 28px; --qode-cf-line-height-1280: 30px; --qode-cf-font-size-1024: 28px; --qode-cf-line-height-1024: 30px; --qode-cf-font-size-768: 28px; --qode-cf-line-height-768: 30px; --qode-cf-font-size-680: 28px; --qode-cf-line-height-680: 30px; --qode-cf-font-size-480: 28px; --qode-cf-line-height-480: 30px;\">Al realizar la Ingenier\u00eda de Detalle de un Proyecto, lo definimos completamente en todas las disciplinas de la ingenier\u00eda.<\/div>[vc_empty_space height=\u00bb60px\u00bb][vc_row_inner row_type=\u00bbrow\u00bb type=\u00bbfull_width\u00bb text_align=\u00bbleft\u00bb css_animation=\u00bb\u00bb][vc_column_inner css=\u00bb.vc_custom_1543952203236{padding-left: 20px !important;}\u00bb]<div class=\"q_icon_list\"><span aria-hidden=\"true\" class=\"qode_icon_font_elegant arrow_right qode-ili-icon-holder transparent\" style=\"color: #009640;\" ><\/span><p style=\"color:#000000;font-size: 20px;font-weight: 300;\">Ingenier\u00eda de Procesos<\/p><\/div><div class=\"q_icon_list\"><span aria-hidden=\"true\" class=\"qode_icon_font_elegant arrow_right qode-ili-icon-holder transparent\" style=\"color: #009640;\" ><\/span><p style=\"color:#000000;font-size: 20px;font-weight: 300;\">Ingenier\u00eda El\u00e9ctrica<\/p><\/div><div class=\"q_icon_list\"><span aria-hidden=\"true\" class=\"qode_icon_font_elegant arrow_right qode-ili-icon-holder transparent\" style=\"color: #009640;\" ><\/span><p style=\"color:#000000;font-size: 20px;font-weight: 300;\">Ingenier\u00eda Mec\u00e1nica<\/p><\/div><div class=\"q_icon_list\"><span aria-hidden=\"true\" class=\"qode_icon_font_elegant arrow_right qode-ili-icon-holder transparent\" style=\"color: #009640;\" ><\/span><p style=\"color:#000000;font-size: 20px;font-weight: 300;\">Ingenier\u00eda de Instrumentaci\u00f3n<\/p><\/div><div class=\"q_icon_list\"><span aria-hidden=\"true\" class=\"qode_icon_font_elegant arrow_right qode-ili-icon-holder transparent\" style=\"color: #009640;\" ><\/span><p style=\"color:#000000;font-size: 20px;font-weight: 300;\">Ingenier\u00eda de Obra Civil<\/p><\/div><div class=\"q_icon_list\"><span aria-hidden=\"true\" class=\"qode_icon_font_elegant arrow_right qode-ili-icon-holder transparent\" style=\"color: #009640;\" ><\/span><p style=\"color:#000000;font-size: 20px;font-weight: 300;\">Ingenier\u00eda de Seguridad<\/p><\/div><div class=\"q_icon_list\"><span aria-hidden=\"true\" class=\"qode_icon_font_elegant arrow_right qode-ili-icon-holder transparent\" style=\"color: #009640;\" ><\/span><p style=\"color:#000000;font-size: 20px;font-weight: 300;\">Ingenier\u00eda de Tuber\u00edas<\/p><\/div><div class=\"q_icon_list\"><span aria-hidden=\"true\" class=\"qode_icon_font_elegant arrow_right qode-ili-icon-holder transparent\" style=\"color: #009640;\" ><\/span><p style=\"color:#000000;font-size: 20px;font-weight: 300;\">Direcci\u00f3n y Supervisi\u00f3n de Obras<\/p><\/div><div class=\"q_icon_list\"><span aria-hidden=\"true\" class=\"qode_icon_font_elegant arrow_right qode-ili-icon-holder transparent\" style=\"color: #009640;\" ><\/span><p style=\"color:#000000;font-size: 20px;font-weight: 300;\">Ingenier\u00eda de Tuber\u00edas<\/p><\/div>[\/vc_column_inner][\/vc_row_inner][vc_empty_space height=\u00bb50px\u00bb][vc_row_inner row_type=\u00bbrow\u00bb type=\u00bbfull_width\u00bb text_align=\u00bbleft\u00bb css_animation=\u00bb\u00bb][vc_column_inner]<div class=\"custom_font_holder \" style=\" font-style: normal; font-weight: 200; color: #009640; text-decoration: none; text-align: center; --qode-cf-font-size: 35px; --qode-cf-line-height: 30px; --qode-cf-font-size-1440: 35px; --qode-cf-line-height-1440: 30px; --qode-cf-font-size-1366: 35px; --qode-cf-line-height-1366: 30px; --qode-cf-font-size-1280: 35px; --qode-cf-line-height-1280: 30px; --qode-cf-font-size-1024: 35px; --qode-cf-line-height-1024: 30px; --qode-cf-font-size-768: 35px; --qode-cf-line-height-768: 30px; --qode-cf-font-size-680: 35px; --qode-cf-line-height-680: 30px; --qode-cf-font-size-480: 35px; --qode-cf-line-height-480: 30px;\">CONTACTO<\/div>[vc_empty_space height=\u00bb20px\u00bb]<div class=\"q_team\" ><div class=\"q_team_inner\"><div class=\"q_team_image\"><img decoding=\"async\" itemprop=\"image\" src=\"https:\/\/www.inerco.com\/wp-content\/uploads\/Pedro-Rodr\u00edguez-Mu\u00f1oz-INERCO.jpg\" alt=\"Pedro Rodr\u00edguez Mu\u00f1oz INERCO\" \/><\/div><div class='q_team_text' ><div class=\"q_team_text_inner\"><div class=\"q_team_title_holder\"><h4 class=\"q_team_name\" >PEDRO RODR\u00cdGUEZ MU\u00d1OZ<\/h4><span >Director de la Divisi\u00f3n de Ingenier\u00eda<\/span><\/div><div class='separator small center' style=\"background-color: #009640\"><\/div><\/div><div class='q_team_social_holder'><span class='q_social_icon_holder normal_social' ><a itemprop='url' href='mailto:ingenieria@inerco.com' target='_blank'><i class=\"qode_icon_font_awesome fa fa-envelope fa-2x simple_social\" style=\"\" ><\/i><\/a><\/span><span class='q_social_icon_holder normal_social' ><a itemprop='url' href='https:\/\/www.linkedin.com\/in\/pedro-rodr%C3%ADguez-mu%C3%B1oz-0aa65a27\/' target='_blank'><i class=\"qode_icon_font_awesome fa fa-linkedin fa-2x simple_social\" style=\"\" ><\/i><\/a><\/span><\/div><\/div><\/div><\/div>[vc_empty_space]<div class=\"q_team\" ><div class=\"q_team_inner\"><div class=\"q_team_image\"><img decoding=\"async\" itemprop=\"image\" src=\"https:\/\/www.inerco.com\/wp-content\/uploads\/Alfonso-Casado-Hernandez-INERCO.jpg\" alt=\"Alfonso Casado Hern\u00e1ndez INERCO\" \/><\/div><div class='q_team_text' ><div class=\"q_team_text_inner\"><div class=\"q_team_title_holder\"><h4 class=\"q_team_name\" >ALFONSO CASADO HERNANDEZ<\/h4><span >Jefe \u00c1rea JP Y Direcci\u00f3n de Obras Divisi\u00f3n Ingenier\u00eda<\/span><\/div><div class='separator small center' style=\"background-color: #009640\"><\/div><\/div><div class='q_team_social_holder'><span class='q_social_icon_holder normal_social' ><a itemprop='url' href='mailto:acasado@inerco.com' target='_blank'><i class=\"qode_icon_font_awesome fa fa-envelope fa-2x simple_social\" style=\"\" ><\/i><\/a><\/span><span class='q_social_icon_holder normal_social' ><a itemprop='url' href='https:\/\/www.linkedin.com\/in\/alfonso-casado-hernandez-397212b4\/' target='_blank'><i class=\"qode_icon_font_awesome fa fa-linkedin fa-2x simple_social\" style=\"\" ><\/i><\/a><\/span><\/div><\/div><\/div><\/div>[vc_empty_space][\/vc_column_inner][\/vc_row_inner][\/vc_column][\/vc_row][vc_row css_animation=\u00bb\u00bb row_type=\u00bbrow\u00bb use_row_as_full_screen_section=\u00bbno\u00bb type=\u00bbfull_width\u00bb angled_section=\u00bbno\u00bb text_align=\u00bbleft\u00bb background_image_as_pattern=\u00bbwithout_pattern\u00bb][vc_column][vc_empty_space height=\u00bb50px\u00bb][\/vc_column][\/vc_row]<\/p>\n<\/div>","protected":false},"excerpt":{"rendered":"<p>[vc_row css_animation=\u00bb\u00bb row_type=\u00bbrow\u00bb use_row_as_full_screen_section=\u00bbno\u00bb type=\u00bbfull_width\u00bb angled_section=\u00bbno\u00bb text_align=\u00bbleft\u00bb background_image_as_pattern=\u00bbwithout_pattern\u00bb][vc_column][vc_empty_space height=\u00bb80px\u00bb][\/vc_column][\/vc_row][vc_row css_animation=\u00bb\u00bb row_type=\u00bbrow\u00bb use_row_as_full_screen_section=\u00bbno\u00bb type=\u00bbgrid\u00bb angled_section=\u00bbno\u00bb text_align=\u00bbleft\u00bb&#8230;<\/p>\n","protected":false},"author":1,"featured_media":0,"parent":637,"menu_order":3,"comment_status":"closed","ping_status":"closed","template":"","meta":{"footnotes":""},"class_list":["post-119","page","type-page","status-publish","hentry"],"yoast_head":"<!-- This site is optimized with the Yoast SEO plugin v26.4 - https:\/\/yoast.com\/wordpress\/plugins\/seo\/ -->\n<title>Ingenier\u00eda de Detalle - INERCO<\/title>\n<meta name=\"description\" content=\"Amplia experiencia en Ingenier\u00eda de Detalle en plantas de proceso y en sectores exigentes como Refino de Petr\u00f3leo, Plantas Qu\u00edmicas y Petroqu\u00edmicas, Centrales T\u00e9rmicas, Plantas de Biomasa y Cementeras.\" \/>\n<meta name=\"robots\" content=\"index, follow, max-snippet:-1, max-image-preview:large, max-video-preview:-1\" \/>\n<link rel=\"canonical\" href=\"https:\/\/www.inerco.com\/es\/ingenieria\/ingenieria-de-detalle\/\" \/>\n<meta property=\"og:locale\" content=\"es_ES\" \/>\n<meta property=\"og:type\" content=\"article\" \/>\n<meta property=\"og:title\" content=\"Ingenier\u00eda de Detalle - INERCO\" \/>\n<meta property=\"og:description\" content=\"Amplia experiencia en Ingenier\u00eda de Detalle en plantas de proceso y en sectores exigentes como Refino de Petr\u00f3leo, Plantas Qu\u00edmicas y Petroqu\u00edmicas, Centrales T\u00e9rmicas, Plantas de Biomasa y Cementeras.\" \/>\n<meta property=\"og:url\" content=\"https:\/\/www.inerco.com\/es\/ingenieria\/ingenieria-de-detalle\/\" \/>\n<meta property=\"og:site_name\" content=\"INERCO\" \/>\n<meta property=\"article:modified_time\" content=\"2025-11-19T10:21:11+00:00\" \/>\n<meta name=\"twitter:card\" content=\"summary_large_image\" \/>\n<meta name=\"twitter:site\" content=\"@Inerco_\" \/>\n<script type=\"application\/ld+json\" class=\"yoast-schema-graph\">{\"@context\":\"https:\/\/schema.org\",\"@graph\":[{\"@type\":\"WebPage\",\"@id\":\"https:\/\/www.inerco.com\/es\/ingenieria\/ingenieria-de-detalle\/\",\"url\":\"https:\/\/www.inerco.com\/es\/ingenieria\/ingenieria-de-detalle\/\",\"name\":\"Ingenier\u00eda de Detalle - INERCO\",\"isPartOf\":{\"@id\":\"https:\/\/www.inerco.com\/es\/#website\"},\"datePublished\":\"2017-10-23T15:44:41+00:00\",\"dateModified\":\"2025-11-19T10:21:11+00:00\",\"description\":\"Amplia experiencia en Ingenier\u00eda de Detalle en plantas de proceso y en sectores exigentes como Refino de Petr\u00f3leo, Plantas Qu\u00edmicas y Petroqu\u00edmicas, Centrales T\u00e9rmicas, Plantas de Biomasa y Cementeras.\",\"breadcrumb\":{\"@id\":\"https:\/\/www.inerco.com\/es\/ingenieria\/ingenieria-de-detalle\/#breadcrumb\"},\"inLanguage\":\"es\",\"potentialAction\":[{\"@type\":\"ReadAction\",\"target\":[\"https:\/\/www.inerco.com\/es\/ingenieria\/ingenieria-de-detalle\/\"]}]},{\"@type\":\"BreadcrumbList\",\"@id\":\"https:\/\/www.inerco.com\/es\/ingenieria\/ingenieria-de-detalle\/#breadcrumb\",\"itemListElement\":[{\"@type\":\"ListItem\",\"position\":1,\"name\":\"Home\",\"item\":\"https:\/\/www.inerco.com\/es\/\"},{\"@type\":\"ListItem\",\"position\":2,\"name\":\"Ingenier\u00eda\",\"item\":\"https:\/\/www.inerco.com\/es\/ingenieria\/\"},{\"@type\":\"ListItem\",\"position\":3,\"name\":\"Ingenier\u00eda de Detalle\"}]},{\"@type\":\"WebSite\",\"@id\":\"https:\/\/www.inerco.com\/es\/#website\",\"url\":\"https:\/\/www.inerco.com\/es\/\",\"name\":\"INERCO\",\"description\":\"Tecnolog\u00eda, ingenier\u00eda y consultor\u00eda integral para el desarrollo industrial sostenible\",\"potentialAction\":[{\"@type\":\"SearchAction\",\"target\":{\"@type\":\"EntryPoint\",\"urlTemplate\":\"https:\/\/www.inerco.com\/es\/?s={search_term_string}\"},\"query-input\":{\"@type\":\"PropertyValueSpecification\",\"valueRequired\":true,\"valueName\":\"search_term_string\"}}],\"inLanguage\":\"es\"}]}<\/script>\n<!-- \/ Yoast SEO plugin. -->","yoast_head_json":{"title":"Ingenier\u00eda de Detalle - INERCO","description":"Amplia experiencia en Ingenier\u00eda de Detalle en plantas de proceso y en sectores exigentes como Refino de Petr\u00f3leo, Plantas Qu\u00edmicas y Petroqu\u00edmicas, Centrales T\u00e9rmicas, Plantas de Biomasa y Cementeras.","robots":{"index":"index","follow":"follow","max-snippet":"max-snippet:-1","max-image-preview":"max-image-preview:large","max-video-preview":"max-video-preview:-1"},"canonical":"https:\/\/www.inerco.com\/es\/ingenieria\/ingenieria-de-detalle\/","og_locale":"es_ES","og_type":"article","og_title":"Ingenier\u00eda de Detalle - INERCO","og_description":"Amplia experiencia en Ingenier\u00eda de Detalle en plantas de proceso y en sectores exigentes como Refino de Petr\u00f3leo, Plantas Qu\u00edmicas y Petroqu\u00edmicas, Centrales T\u00e9rmicas, Plantas de Biomasa y Cementeras.","og_url":"https:\/\/www.inerco.com\/es\/ingenieria\/ingenieria-de-detalle\/","og_site_name":"INERCO","article_modified_time":"2025-11-19T10:21:11+00:00","twitter_card":"summary_large_image","twitter_site":"@Inerco_","schema":{"@context":"https:\/\/schema.org","@graph":[{"@type":"WebPage","@id":"https:\/\/www.inerco.com\/es\/ingenieria\/ingenieria-de-detalle\/","url":"https:\/\/www.inerco.com\/es\/ingenieria\/ingenieria-de-detalle\/","name":"Ingenier\u00eda de Detalle - INERCO","isPartOf":{"@id":"https:\/\/www.inerco.com\/es\/#website"},"datePublished":"2017-10-23T15:44:41+00:00","dateModified":"2025-11-19T10:21:11+00:00","description":"Amplia experiencia en Ingenier\u00eda de Detalle en plantas de proceso y en sectores exigentes como Refino de Petr\u00f3leo, Plantas Qu\u00edmicas y Petroqu\u00edmicas, Centrales T\u00e9rmicas, Plantas de Biomasa y Cementeras.","breadcrumb":{"@id":"https:\/\/www.inerco.com\/es\/ingenieria\/ingenieria-de-detalle\/#breadcrumb"},"inLanguage":"es","potentialAction":[{"@type":"ReadAction","target":["https:\/\/www.inerco.com\/es\/ingenieria\/ingenieria-de-detalle\/"]}]},{"@type":"BreadcrumbList","@id":"https:\/\/www.inerco.com\/es\/ingenieria\/ingenieria-de-detalle\/#breadcrumb","itemListElement":[{"@type":"ListItem","position":1,"name":"Home","item":"https:\/\/www.inerco.com\/es\/"},{"@type":"ListItem","position":2,"name":"Ingenier\u00eda","item":"https:\/\/www.inerco.com\/es\/ingenieria\/"},{"@type":"ListItem","position":3,"name":"Ingenier\u00eda de Detalle"}]},{"@type":"WebSite","@id":"https:\/\/www.inerco.com\/es\/#website","url":"https:\/\/www.inerco.com\/es\/","name":"INERCO","description":"Tecnolog\u00eda, ingenier\u00eda y consultor\u00eda integral para el desarrollo industrial sostenible","potentialAction":[{"@type":"SearchAction","target":{"@type":"EntryPoint","urlTemplate":"https:\/\/www.inerco.com\/es\/?s={search_term_string}"},"query-input":{"@type":"PropertyValueSpecification","valueRequired":true,"valueName":"search_term_string"}}],"inLanguage":"es"}]}},"_links":{"self":[{"href":"https:\/\/www.inerco.com\/es\/wp-json\/wp\/v2\/pages\/119","targetHints":{"allow":["GET"]}}],"collection":[{"href":"https:\/\/www.inerco.com\/es\/wp-json\/wp\/v2\/pages"}],"about":[{"href":"https:\/\/www.inerco.com\/es\/wp-json\/wp\/v2\/types\/page"}],"author":[{"embeddable":true,"href":"https:\/\/www.inerco.com\/es\/wp-json\/wp\/v2\/users\/1"}],"replies":[{"embeddable":true,"href":"https:\/\/www.inerco.com\/es\/wp-json\/wp\/v2\/comments?post=119"}],"version-history":[{"count":8,"href":"https:\/\/www.inerco.com\/es\/wp-json\/wp\/v2\/pages\/119\/revisions"}],"predecessor-version":[{"id":17202,"href":"https:\/\/www.inerco.com\/es\/wp-json\/wp\/v2\/pages\/119\/revisions\/17202"}],"up":[{"embeddable":true,"href":"https:\/\/www.inerco.com\/es\/wp-json\/wp\/v2\/pages\/637"}],"wp:attachment":[{"href":"https:\/\/www.inerco.com\/es\/wp-json\/wp\/v2\/media?parent=119"}],"curies":[{"name":"wp","href":"https:\/\/api.w.org\/{rel}","templated":true}]}}