{"id":11799,"date":"2022-10-13T12:56:27","date_gmt":"2022-10-13T10:56:27","guid":{"rendered":"https:\/\/www.inerco.com\/?page_id=11799"},"modified":"2024-05-24T13:01:19","modified_gmt":"2024-05-24T11:01:19","slug":"plan-de-igualdad-de-oportunidades","status":"publish","type":"page","link":"https:\/\/www.inerco.com\/es\/plan-de-igualdad-de-oportunidades\/","title":{"rendered":"Plan de Igualdad de Oportunidades"},"content":{"rendered":"<div class=\"wpb-content-wrapper\"><p>[vc_row css_animation=\u00bb\u00bb row_type=\u00bbrow\u00bb use_row_as_full_screen_section=\u00bbno\u00bb type=\u00bbfull_width\u00bb angled_section=\u00bbno\u00bb text_align=\u00bbleft\u00bb background_image_as_pattern=\u00bbwithout_pattern\u00bb z_index=\u00bb\u00bb][vc_column][vc_empty_space height=\u00bb60px\u00bb][vc_raw_html]JTNDZGl2JTIwc3R5bGUlM0QlMjJ3aWR0aCUzQTEwMCUyNSUzQiUyMiUzRSUwQSUzQ25hdiUyMGNsYXNzJTNEJTIyc3VibWVudSUyMiUzRSUwQSUzQ3NwYW4lMjBjbGFzcyUzRCUyMmVsZW1lbnRvJTIyJTNFJTNDYSUyMGhyZWYlM0QlMjIlMkZncnVwby1pbmVyY28lMjIlM0VJTkVSQ08lM0NiciUzRUNvcnBvcmFjaSVDMyVCM24lM0MlMkZhJTNFJTNDJTJGc3BhbiUzRSUwQSUzQ3NwYW4lMjBjbGFzcyUzRCUyMmVsZW1lbnRvJTIyJTNFJTNDYSUyMGhyZWYlM0QlMjIlMkZtaXNpb24tdmlzaW9uLXktY29kaWdvLWV0aWNvJTIyJTNFTWlzaSVDMyVCM24lMkMlMjBWaXNpJUMzJUIzbiUyMHklM0NiciUzRUMlQzMlQjNkaWdvJTIwJUMzJTg5dGljbyUzQyUyRmElM0UlM0MlMkZzcGFuJTNFJTBBJTNDc3BhbiUyMGNsYXNzJTNEJTIyYWN0dWFsJTIwZWxlbWVudG8lMjIlM0UlM0NhJTIwaHJlZiUzRCUyMiUyRnBsYW4tZGUtaWd1YWxkYWQtZGUtb3BvcnR1bmlkYWRlcyUyRiUyMiUzRVBsYW4lMjBkZSUyMElndWFsZGFkJTNDYnIlM0VkZSUyME9wb3J0dW5pZGFkZXMlM0MlMkZhJTNFJTNDJTJGc3BhbiUzRSUwQSUzQ3NwYW4lMjBjbGFzcyUzRCUyMmVsZW1lbnRvJTIyJTNFJTNDYSUyMGhyZWYlM0QlMjIlMkZpbm5vdmFjaW9uJTJGcHJveWVjdG9zLWlubm92YWRvcmVzLWRlLWluZXJjbyUyRiUyMiUzRUklMkJEJTJCaSUzQ2JyJTNFJTIwJTNDYnIlM0UlMjAlM0MlMkZhJTNFJTNDJTJGc3BhbiUzRSUwQSUzQ3NwYW4lMjBjbGFzcyUzRCUyMmxhc3QlMjBlbGVtZW50byUyMiUzRSUzQ2ElMjBocmVmJTNEJTIyJTJGZXF1aXBvLWRpcmVjdGl2byUyMiUzRUVxdWlwbyUzQ2JyJTNFRGlyZWN0aXZvJTNDJTJGYSUzRSUzQyUyRnNwYW4lM0UlMEElM0MlMkZuYXYlM0UlMEElM0MlMkZkaXYlM0U=[\/vc_raw_html][\/vc_column][\/vc_row][vc_row css_animation=\u00bb\u00bb row_type=\u00bbrow\u00bb use_row_as_full_screen_section=\u00bbno\u00bb type=\u00bbfull_width\u00bb angled_section=\u00bbno\u00bb text_align=\u00bbleft\u00bb background_image_as_pattern=\u00bbwithout_pattern\u00bb][vc_column][vc_empty_space height=\u00bb80px\u00bb][\/vc_column][\/vc_row][vc_row css_animation=\u00bb\u00bb row_type=\u00bbrow\u00bb use_row_as_full_screen_section=\u00bbno\u00bb type=\u00bbgrid\u00bb angled_section=\u00bbno\u00bb text_align=\u00bbleft\u00bb background_image_as_pattern=\u00bbwithout_pattern\u00bb z_index=\u00bb\u00bb][vc_column][qode_elements_holder number_of_columns=\u00bbtwo_columns\u00bb][qode_elements_holder_item vertical_alignment=\u00bbmiddle\u00bb advanced_animations=\u00bbno\u00bb][vc_single_image image=\u00bb11813&#8243; img_size=\u00bbfull\u00bb style=\u00bbvc_box_shadow\u00bb onclick=\u00bbcustom_link\u00bb img_link_target=\u00bb_blank\u00bb qode_css_animation=\u00bb\u00bb link=\u00bbhttps:\/\/www.inerco.com\/wp-content\/uploads\/Plan-de-Igualdad-de-Oportunidades-INERCO-2022.pdf\u00bb][\/qode_elements_holder_item][qode_elements_holder_item vertical_alignment=\u00bbmiddle\u00bb advanced_animations=\u00bbno\u00bb item_padding=\u00bb50px 100px 50px 50px\u00bb][vc_column_text]<\/p>\n<h2 style=\"font-size: 2.3em; line-height: 1.3; text-align: left;\">Plan de Igualdad de Oportunidades<\/h2>\n<p>[\/vc_column_text][vc_empty_space]\n\n\t<a href=\"https:\/\/www.inerco.com\/wp-content\/uploads\/Plan-de-Igualdad-de-Oportunidades-INERCO-2024.pdf\" target=\"_blank\" style=\"color: #ffffff;background-color: #009640;font-size: 25px;font-weight: 300\" class=\"qode-btn qode-btn-medium qode-btn-solid qode-btn-custom-hover-bg qode-btn-custom-hover-color qode-btn-custom-icon-bg-hover-color qode-btn-icon qode-btn-icon-rotate\" data-hover-bg-color=\"#009640\" data-hover-color=\"#ffffff\" >\n\t    <span class=\"qode-btn-text\">Descargar<\/span><span class=\"qode-button-v2-icon-holder\" style=\"border-color: #ffffff;background-color: #009640\" data-hover-icon-border-color=\"#ffffff\" data-hover-icon-bg-color=\"#009640\"><span aria-hidden=\"true\" class=\"qode_icon_font_elegant arrow_right qode-button-v2-icon-holder-inner\" ><\/span><\/span>\t<\/a>\n\n[\/qode_elements_holder_item][\/qode_elements_holder][vc_empty_space height=\u00bb60px\u00bb][\/vc_column][\/vc_row][vc_row css_animation=\u00bb\u00bb row_type=\u00bbrow\u00bb use_row_as_full_screen_section=\u00bbno\u00bb type=\u00bbfull_width\u00bb angled_section=\u00bbno\u00bb text_align=\u00bbleft\u00bb background_image_as_pattern=\u00bbwithout_pattern\u00bb][vc_column width=\u00bb1\/2&#8243;][\/vc_column][vc_column width=\u00bb1\/2&#8243;][\/vc_column][\/vc_row][vc_row css_animation=\u00bb\u00bb row_type=\u00bbrow\u00bb use_row_as_full_screen_section=\u00bbno\u00bb type=\u00bbfull_width\u00bb angled_section=\u00bbno\u00bb text_align=\u00bbleft\u00bb background_image_as_pattern=\u00bbwithout_pattern\u00bb][vc_column][vc_empty_space height=\u00bb80px\u00bb][\/vc_column][\/vc_row]<\/p>\n<\/div>","protected":false},"excerpt":{"rendered":"<p>[vc_row css_animation=\u00bb\u00bb row_type=\u00bbrow\u00bb use_row_as_full_screen_section=\u00bbno\u00bb type=\u00bbfull_width\u00bb angled_section=\u00bbno\u00bb text_align=\u00bbleft\u00bb background_image_as_pattern=\u00bbwithout_pattern\u00bb z_index=\u00bb\u00bb][vc_column][vc_empty_space height=\u00bb60px\u00bb][vc_raw_html]JTNDZGl2JTIwc3R5bGUlM0QlMjJ3aWR0aCUzQTEwMCUyNSUzQiUyMiUzRSUwQSUzQ25hdiUyMGNsYXNzJTNEJTIyc3VibWVudSUyMiUzRSUwQSUzQ3NwYW4lMjBjbGFzcyUzRCUyMmVsZW1lbnRvJTIyJTNFJTNDYSUyMGhyZWYlM0QlMjIlMkZncnVwby1pbmVyY28lMjIlM0VJTkVSQ08lM0NiciUzRUNvcnBvcmFjaSVDMyVCM24lM0MlMkZhJTNFJTNDJTJGc3BhbiUzRSUwQSUzQ3NwYW4lMjBjbGFzcyUzRCUyMmVsZW1lbnRvJTIyJTNFJTNDYSUyMGhyZWYlM0QlMjIlMkZtaXNpb24tdmlzaW9uLXktY29kaWdvLWV0aWNvJTIyJTNFTWlzaSVDMyVCM24lMkMlMjBWaXNpJUMzJUIzbiUyMHklM0NiciUzRUMlQzMlQjNkaWdvJTIwJUMzJTg5dGljbyUzQyUyRmElM0UlM0MlMkZzcGFuJTNFJTBBJTNDc3BhbiUyMGNsYXNzJTNEJTIyYWN0dWFsJTIwZWxlbWVudG8lMjIlM0UlM0NhJTIwaHJlZiUzRCUyMiUyRnBsYW4tZGUtaWd1YWxkYWQtZGUtb3BvcnR1bmlkYWRlcyUyRiUyMiUzRVBsYW4lMjBkZSUyMElndWFsZGFkJTNDYnIlM0VkZSUyME9wb3J0dW5pZGFkZXMlM0MlMkZhJTNFJTNDJTJGc3BhbiUzRSUwQSUzQ3NwYW4lMjBjbGFzcyUzRCUyMmVsZW1lbnRvJTIyJTNFJTNDYSUyMGhyZWYlM0QlMjIlMkZpbm5vdmFjaW9uJTJGcHJveWVjdG9zLWlubm92YWRvcmVzLWRlLWluZXJjbyUyRiUyMiUzRUklMkJEJTJCaSUzQ2JyJTNFJTIwJTNDYnIlM0UlMjAlM0MlMkZhJTNFJTNDJTJGc3BhbiUzRSUwQSUzQ3NwYW4lMjBjbGFzcyUzRCUyMmxhc3QlMjBlbGVtZW50byUyMiUzRSUzQ2ElMjBocmVmJTNEJTIyJTJGZXF1aXBvLWRpcmVjdGl2byUyMiUzRUVxdWlwbyUzQ2JyJTNFRGlyZWN0aXZvJTNDJTJGYSUzRSUzQyUyRnNwYW4lM0UlMEElM0MlMkZuYXYlM0UlMEElM0MlMkZkaXYlM0U=[\/vc_raw_html][\/vc_column][\/vc_row][vc_row css_animation=\u00bb\u00bb row_type=\u00bbrow\u00bb use_row_as_full_screen_section=\u00bbno\u00bb type=\u00bbfull_width\u00bb angled_section=\u00bbno\u00bb&#8230;<\/p>\n","protected":false},"author":1,"featured_media":2478,"parent":0,"menu_order":0,"comment_status":"closed","ping_status":"closed","template":"","meta":{"footnotes":""},"class_list":["post-11799","page","type-page","status-publish","has-post-thumbnail","hentry"],"yoast_head":"<!-- This site is optimized with the Yoast SEO plugin v26.4 - https:\/\/yoast.com\/wordpress\/plugins\/seo\/ -->\n<title>Plan de Igualdad de Oportunidades - INERCO<\/title>\n<meta name=\"description\" content=\"Equipo directivo de INERCO.\" \/>\n<meta name=\"robots\" content=\"index, follow, max-snippet:-1, max-image-preview:large, max-video-preview:-1\" \/>\n<link rel=\"canonical\" href=\"https:\/\/www.inerco.com\/es\/plan-de-igualdad-de-oportunidades\/\" \/>\n<meta property=\"og:locale\" content=\"es_ES\" \/>\n<meta property=\"og:type\" content=\"article\" \/>\n<meta property=\"og:title\" content=\"Plan de Igualdad de Oportunidades - INERCO\" \/>\n<meta property=\"og:description\" content=\"Equipo directivo de INERCO.\" \/>\n<meta property=\"og:url\" content=\"https:\/\/www.inerco.com\/es\/plan-de-igualdad-de-oportunidades\/\" \/>\n<meta property=\"og:site_name\" content=\"INERCO\" \/>\n<meta property=\"article:modified_time\" content=\"2024-05-24T11:01:19+00:00\" \/>\n<meta property=\"og:image\" content=\"https:\/\/www.inerco.com\/wp-content\/uploads\/INERCO-Direcci\u00f3n-Colaborativa.jpg\" \/>\n\t<meta property=\"og:image:width\" content=\"400\" \/>\n\t<meta property=\"og:image:height\" content=\"400\" \/>\n\t<meta property=\"og:image:type\" content=\"image\/jpeg\" \/>\n<meta name=\"twitter:card\" content=\"summary_large_image\" \/>\n<meta name=\"twitter:site\" content=\"@Inerco_\" \/>\n<script type=\"application\/ld+json\" class=\"yoast-schema-graph\">{\"@context\":\"https:\/\/schema.org\",\"@graph\":[{\"@type\":\"WebPage\",\"@id\":\"https:\/\/www.inerco.com\/es\/plan-de-igualdad-de-oportunidades\/\",\"url\":\"https:\/\/www.inerco.com\/es\/plan-de-igualdad-de-oportunidades\/\",\"name\":\"Plan de Igualdad de Oportunidades - INERCO\",\"isPartOf\":{\"@id\":\"https:\/\/www.inerco.com\/es\/#website\"},\"primaryImageOfPage\":{\"@id\":\"https:\/\/www.inerco.com\/es\/plan-de-igualdad-de-oportunidades\/#primaryimage\"},\"image\":{\"@id\":\"https:\/\/www.inerco.com\/es\/plan-de-igualdad-de-oportunidades\/#primaryimage\"},\"thumbnailUrl\":\"https:\/\/www.inerco.com\/wp-content\/uploads\/INERCO-Direcci\u00f3n-Colaborativa.jpg\",\"datePublished\":\"2022-10-13T10:56:27+00:00\",\"dateModified\":\"2024-05-24T11:01:19+00:00\",\"description\":\"Equipo directivo de INERCO.\",\"breadcrumb\":{\"@id\":\"https:\/\/www.inerco.com\/es\/plan-de-igualdad-de-oportunidades\/#breadcrumb\"},\"inLanguage\":\"es\",\"potentialAction\":[{\"@type\":\"ReadAction\",\"target\":[\"https:\/\/www.inerco.com\/es\/plan-de-igualdad-de-oportunidades\/\"]}]},{\"@type\":\"ImageObject\",\"inLanguage\":\"es\",\"@id\":\"https:\/\/www.inerco.com\/es\/plan-de-igualdad-de-oportunidades\/#primaryimage\",\"url\":\"https:\/\/www.inerco.com\/wp-content\/uploads\/INERCO-Direcci\u00f3n-Colaborativa.jpg\",\"contentUrl\":\"https:\/\/www.inerco.com\/wp-content\/uploads\/INERCO-Direcci\u00f3n-Colaborativa.jpg\",\"width\":400,\"height\":400,\"caption\":\"INERCO Direcci\u00f3n Colaborativa\"},{\"@type\":\"BreadcrumbList\",\"@id\":\"https:\/\/www.inerco.com\/es\/plan-de-igualdad-de-oportunidades\/#breadcrumb\",\"itemListElement\":[{\"@type\":\"ListItem\",\"position\":1,\"name\":\"Home\",\"item\":\"https:\/\/www.inerco.com\/es\/\"},{\"@type\":\"ListItem\",\"position\":2,\"name\":\"Plan de Igualdad de Oportunidades\"}]},{\"@type\":\"WebSite\",\"@id\":\"https:\/\/www.inerco.com\/es\/#website\",\"url\":\"https:\/\/www.inerco.com\/es\/\",\"name\":\"INERCO\",\"description\":\"Tecnolog\u00eda, ingenier\u00eda y consultor\u00eda integral para el desarrollo industrial sostenible\",\"potentialAction\":[{\"@type\":\"SearchAction\",\"target\":{\"@type\":\"EntryPoint\",\"urlTemplate\":\"https:\/\/www.inerco.com\/es\/?s={search_term_string}\"},\"query-input\":{\"@type\":\"PropertyValueSpecification\",\"valueRequired\":true,\"valueName\":\"search_term_string\"}}],\"inLanguage\":\"es\"}]}<\/script>\n<!-- \/ Yoast SEO plugin. -->","yoast_head_json":{"title":"Plan de Igualdad de Oportunidades - INERCO","description":"Equipo directivo de INERCO.","robots":{"index":"index","follow":"follow","max-snippet":"max-snippet:-1","max-image-preview":"max-image-preview:large","max-video-preview":"max-video-preview:-1"},"canonical":"https:\/\/www.inerco.com\/es\/plan-de-igualdad-de-oportunidades\/","og_locale":"es_ES","og_type":"article","og_title":"Plan de Igualdad de Oportunidades - INERCO","og_description":"Equipo directivo de INERCO.","og_url":"https:\/\/www.inerco.com\/es\/plan-de-igualdad-de-oportunidades\/","og_site_name":"INERCO","article_modified_time":"2024-05-24T11:01:19+00:00","og_image":[{"width":400,"height":400,"url":"https:\/\/www.inerco.com\/wp-content\/uploads\/INERCO-Direcci\u00f3n-Colaborativa.jpg","type":"image\/jpeg"}],"twitter_card":"summary_large_image","twitter_site":"@Inerco_","schema":{"@context":"https:\/\/schema.org","@graph":[{"@type":"WebPage","@id":"https:\/\/www.inerco.com\/es\/plan-de-igualdad-de-oportunidades\/","url":"https:\/\/www.inerco.com\/es\/plan-de-igualdad-de-oportunidades\/","name":"Plan de Igualdad de Oportunidades - INERCO","isPartOf":{"@id":"https:\/\/www.inerco.com\/es\/#website"},"primaryImageOfPage":{"@id":"https:\/\/www.inerco.com\/es\/plan-de-igualdad-de-oportunidades\/#primaryimage"},"image":{"@id":"https:\/\/www.inerco.com\/es\/plan-de-igualdad-de-oportunidades\/#primaryimage"},"thumbnailUrl":"https:\/\/www.inerco.com\/wp-content\/uploads\/INERCO-Direcci\u00f3n-Colaborativa.jpg","datePublished":"2022-10-13T10:56:27+00:00","dateModified":"2024-05-24T11:01:19+00:00","description":"Equipo directivo de INERCO.","breadcrumb":{"@id":"https:\/\/www.inerco.com\/es\/plan-de-igualdad-de-oportunidades\/#breadcrumb"},"inLanguage":"es","potentialAction":[{"@type":"ReadAction","target":["https:\/\/www.inerco.com\/es\/plan-de-igualdad-de-oportunidades\/"]}]},{"@type":"ImageObject","inLanguage":"es","@id":"https:\/\/www.inerco.com\/es\/plan-de-igualdad-de-oportunidades\/#primaryimage","url":"https:\/\/www.inerco.com\/wp-content\/uploads\/INERCO-Direcci\u00f3n-Colaborativa.jpg","contentUrl":"https:\/\/www.inerco.com\/wp-content\/uploads\/INERCO-Direcci\u00f3n-Colaborativa.jpg","width":400,"height":400,"caption":"INERCO Direcci\u00f3n Colaborativa"},{"@type":"BreadcrumbList","@id":"https:\/\/www.inerco.com\/es\/plan-de-igualdad-de-oportunidades\/#breadcrumb","itemListElement":[{"@type":"ListItem","position":1,"name":"Home","item":"https:\/\/www.inerco.com\/es\/"},{"@type":"ListItem","position":2,"name":"Plan de Igualdad de Oportunidades"}]},{"@type":"WebSite","@id":"https:\/\/www.inerco.com\/es\/#website","url":"https:\/\/www.inerco.com\/es\/","name":"INERCO","description":"Tecnolog\u00eda, ingenier\u00eda y consultor\u00eda integral para el desarrollo industrial sostenible","potentialAction":[{"@type":"SearchAction","target":{"@type":"EntryPoint","urlTemplate":"https:\/\/www.inerco.com\/es\/?s={search_term_string}"},"query-input":{"@type":"PropertyValueSpecification","valueRequired":true,"valueName":"search_term_string"}}],"inLanguage":"es"}]}},"_links":{"self":[{"href":"https:\/\/www.inerco.com\/es\/wp-json\/wp\/v2\/pages\/11799","targetHints":{"allow":["GET"]}}],"collection":[{"href":"https:\/\/www.inerco.com\/es\/wp-json\/wp\/v2\/pages"}],"about":[{"href":"https:\/\/www.inerco.com\/es\/wp-json\/wp\/v2\/types\/page"}],"author":[{"embeddable":true,"href":"https:\/\/www.inerco.com\/es\/wp-json\/wp\/v2\/users\/1"}],"replies":[{"embeddable":true,"href":"https:\/\/www.inerco.com\/es\/wp-json\/wp\/v2\/comments?post=11799"}],"version-history":[{"count":4,"href":"https:\/\/www.inerco.com\/es\/wp-json\/wp\/v2\/pages\/11799\/revisions"}],"predecessor-version":[{"id":14752,"href":"https:\/\/www.inerco.com\/es\/wp-json\/wp\/v2\/pages\/11799\/revisions\/14752"}],"wp:featuredmedia":[{"embeddable":true,"href":"https:\/\/www.inerco.com\/es\/wp-json\/wp\/v2\/media\/2478"}],"wp:attachment":[{"href":"https:\/\/www.inerco.com\/es\/wp-json\/wp\/v2\/media?parent=11799"}],"curies":[{"name":"wp","href":"https:\/\/api.w.org\/{rel}","templated":true}]}}