{"id":10281,"date":"2022-02-09T19:22:26","date_gmt":"2022-02-09T18:22:26","guid":{"rendered":"https:\/\/www.inerco.com\/?page_id=10281"},"modified":"2025-03-04T19:50:46","modified_gmt":"2025-03-04T18:50:46","slug":"hidrogeno","status":"publish","type":"page","link":"https:\/\/www.inerco.com\/es\/tecnologia-energetica\/hidrogeno\/","title":{"rendered":"Hidr\u00f3geno"},"content":{"rendered":"<div class=\"wpb-content-wrapper\"><p>[vc_row css_animation=\u00bb\u00bb row_type=\u00bbrow\u00bb use_row_as_full_screen_section=\u00bbno\u00bb type=\u00bbfull_width\u00bb angled_section=\u00bbno\u00bb text_align=\u00bbleft\u00bb background_image_as_pattern=\u00bbwithout_pattern\u00bb z_index=\u00bb\u00bb][vc_column][vc_empty_space height=\u00bb70px\u00bb][vc_column_text]<a style=\"position: absolute; top: -100px;\" name=\"inicio\"><\/a>[\/vc_column_text][\/vc_column][\/vc_row][vc_row css_animation=\u00bb\u00bb row_type=\u00bbrow\u00bb use_row_as_full_screen_section=\u00bbno\u00bb type=\u00bbgrid\u00bb angled_section=\u00bbno\u00bb text_align=\u00bbleft\u00bb background_image_as_pattern=\u00bbwithout_pattern\u00bb z_index=\u00bb\u00bb][vc_column][vc_column_text]<\/p>\n<h3 style=\"font-size: 1.5em; line-height: 1.4; font-weight: 200; text-align: justify;\"><strong>INERCO<\/strong>, dentro de sus diferentes l\u00edneas de trabajo en descarbonizaci\u00f3n y transici\u00f3n energ\u00e9tica, ofrece <strong>soluciones integrales avanzadas para los proyectos de Hidr\u00f3geno Verde<\/strong>. Ayudamos a nuestros clientes desde su idea inicial del proyecto hasta su ejecuci\u00f3n y puesta en marcha con los siguientes alcances:<\/h3>\n<p>[\/vc_column_text][vc_empty_space height=\u00bb50px\u00bb][\/vc_column][\/vc_row][vc_row css_animation=\u00bb\u00bb row_type=\u00bbrow\u00bb use_row_as_full_screen_section=\u00bbno\u00bb type=\u00bbgrid\u00bb angled_section=\u00bbno\u00bb text_align=\u00bbleft\u00bb background_image_as_pattern=\u00bbwithout_pattern\u00bb z_index=\u00bb\u00bb][vc_column width=\u00bb5\/6&#8243; offset=\u00bbvc_col-lg-offset-0 vc_col-lg-9 vc_col-md-offset-0 vc_col-md-9 vc_col-sm-offset-1 vc_col-xs-offset-1 vc_col-xs-10&#8243;][vc_row_inner row_type=\u00bbrow\u00bb type=\u00bbfull_width\u00bb text_align=\u00bbleft\u00bb css_animation=\u00bb\u00bb][vc_column_inner width=\u00bb2\/3&#8243;]<div class=\"q_icon_list\"><i class=\"qode_icon_font_awesome fa fa-check-circle qode-ili-icon-holder circle\" style=\"font-size: 30px;color: #ffffff;background-color: #009640;border-color:#009640;border-style: solid;border-width: 1px;\" ><\/i><p style=\"color:#000000;font-size: 20px;font-weight: 300;\">Estudios de Viabilidad, Ingenier\u00eda Conceptual y B\u00e1sica para selecci\u00f3n de tecnolog\u00eda, emplazamiento, tama\u00f1o, off-takers, carriers, posibilidades de integraci\u00f3n energ\u00e9tica y ambiental y otras especificaciones. An\u00e1lisis CAPEX \/ OPEX.<\/p><\/div><div class=\"q_icon_list\"><i class=\"qode_icon_font_awesome fa fa-check-circle qode-ili-icon-holder circle\" style=\"font-size: 30px;color: #ffffff;background-color: #009640;border-color:#009640;border-style: solid;border-width: 1px;\" ><\/i><p style=\"color:#000000;font-size: 20px;font-weight: 300;\">Permitting, Estudios Ambientales, Estudios de Seguridad (HAZID, HAZOP, AN\u00c1LISIS SIL, LOPA, FMECA, EAC \/ QRA, BRA, FERA, FIRE&amp;GAS, SIMOP, PHSSE, ALARP, BOW-TIE) como complemento a Ingenier\u00eda<\/p><\/div><div class=\"q_icon_list\"><i class=\"qode_icon_font_awesome fa fa-check-circle qode-ili-icon-holder circle\" style=\"font-size: 30px;color: #ffffff;background-color: #009640;border-color:#009640;border-style: solid;border-width: 1px;\" ><\/i><p style=\"color:#000000;font-size: 20px;font-weight: 300;\">Ingenier\u00eda de Detalle.<\/p><\/div><div class=\"q_icon_list\"><i class=\"qode_icon_font_awesome fa fa-check-circle qode-ili-icon-holder circle\" style=\"font-size: 30px;color: #ffffff;background-color: #009640;border-color:#009640;border-style: solid;border-width: 1px;\" ><\/i><p style=\"color:#000000;font-size: 20px;font-weight: 300;\">Especificaciones\/Gesti\u00f3n Compra\/Ingenier\u00eda de la propiedad: Electrolizador + BoP, Acometida el\u00e9ctrica incluyendo subestaci\u00f3n el\u00e9ctrica, Acometida y vertido de agua de proceso y refrigeraci\u00f3n, Compresi\u00f3n, Almacenamiento, Suministro de H2 y O2, Urbanizaci\u00f3n\/edificios\/Obra Civil.<\/p><\/div><div class=\"q_icon_list\"><i class=\"qode_icon_font_awesome fa fa-check-circle qode-ili-icon-holder circle\" style=\"font-size: 30px;color: #ffffff;background-color: #009640;border-color:#009640;border-style: solid;border-width: 1px;\" ><\/i><p style=\"color:#000000;font-size: 20px;font-weight: 300;\">Instalaci\u00f3n, pem, pruebas garant\u00eda, servicios O&amp;M.<\/p><\/div><div class=\"q_icon_list\"><i class=\"qode_icon_font_awesome fa fa-check-circle qode-ili-icon-holder circle\" style=\"font-size: 30px;color: #ffffff;background-color: #009640;border-color:#009640;border-style: solid;border-width: 1px;\" ><\/i><p style=\"color:#000000;font-size: 20px;font-weight: 300;\">Proyectos EPC hasta 10 MW, incluyendo el Dise\u00f1o, fabricaci\u00f3n, puesta en marcha y O&amp;M de sistemas de electr\u00f3lisis contenerizados.<\/p><\/div><div class=\"q_icon_list\"><i class=\"qode_icon_font_awesome fa fa-check-circle qode-ili-icon-holder circle\" style=\"font-size: 30px;color: #ffffff;background-color: #009640;border-color:#009640;border-style: solid;border-width: 1px;\" ><\/i><p style=\"color:#000000;font-size: 20px;font-weight: 300;\">Nuevas l\u00edneas de desarrollo en \u00f3xido s\u00f3lido.<\/p><\/div>[\/vc_column_inner][vc_column_inner width=\u00bb1\/3&#8243;][vc_single_image image=\u00bb10354&#8243; img_size=\u00bbfull\u00bb alignment=\u00bbcenter\u00bb style=\u00bbvc_box_circle_2&#8243; qode_css_animation=\u00bb\u00bb][vc_empty_space height=\u00bb40px\u00bb][vc_single_image image=\u00bb10358&#8243; img_size=\u00bbfull\u00bb alignment=\u00bbcenter\u00bb style=\u00bbvc_box_circle_2&#8243; qode_css_animation=\u00bb\u00bb][vc_empty_space height=\u00bb40px\u00bb][\/vc_column_inner][\/vc_row_inner][vc_empty_space height=\u00bb60px\u00bb][vc_row_inner row_type=\u00bbrow\u00bb type=\u00bbfull_width\u00bb text_align=\u00bbcenter\u00bb css_animation=\u00bb\u00bb background_color=\u00bb#009640&#8243; padding_top=\u00bb15&#8243; padding_bottom=\u00bb15&#8243;][vc_column_inner][vc_column_text]<\/p>\n<h3 style=\"text-align: left;\"><span style=\"color: #ffffff; font-weight: 400;\">RESULTADOS Y BENEFICIOS<\/span><\/h3>\n<p>[\/vc_column_text][\/vc_column_inner][\/vc_row_inner][vc_empty_space height=\u00bb40px\u00bb][vc_row_inner row_type=\u00bbrow\u00bb type=\u00bbfull_width\u00bb text_align=\u00bbleft\u00bb css_animation=\u00bb\u00bb][vc_column_inner]<div class=\"q_icon_list\"><i class=\"qode_icon_font_awesome fa fa-check-circle qode-ili-icon-holder circle\" style=\"font-size: 30px;color: #ffffff;background-color: #009640;border-color:#009640;border-style: solid;border-width: 1px;\" ><\/i><p style=\"color:#000000;font-size: 20px;font-weight: 300;\">Ayudar a tomar las decisiones adecuadas sin importar la etapa en la que se encuentre el proyecto.<\/p><\/div><div class=\"q_icon_list\"><i class=\"qode_icon_font_awesome fa fa-check-circle qode-ili-icon-holder circle\" style=\"font-size: 30px;color: #ffffff;background-color: #009640;border-color:#009640;border-style: solid;border-width: 1px;\" ><\/i><p style=\"color:#000000;font-size: 20px;font-weight: 300;\">Identificar los riesgos potenciales para el desarrollo del proyecto, elaborando la mejor estrategia para su minimizaci\u00f3n o eliminaci\u00f3n.<\/p><\/div><div class=\"q_icon_list\"><i class=\"qode_icon_font_awesome fa fa-check-circle qode-ili-icon-holder circle\" style=\"font-size: 30px;color: #ffffff;background-color: #009640;border-color:#009640;border-style: solid;border-width: 1px;\" ><\/i><p style=\"color:#000000;font-size: 20px;font-weight: 300;\">Garantizar la gesti\u00f3n integral del proyecto, apoyado en la estructura transversal de la compa\u00f1\u00eda.<\/p><\/div><div class=\"q_icon_list\"><i class=\"qode_icon_font_awesome fa fa-check-circle qode-ili-icon-holder circle\" style=\"font-size: 30px;color: #ffffff;background-color: #009640;border-color:#009640;border-style: solid;border-width: 1px;\" ><\/i><p style=\"color:#000000;font-size: 20px;font-weight: 300;\">Asegurar el uso de las mejores t\u00e9cnicas disponibles, contando con profesionales con dilatada experiencia en el sector.<\/p><\/div><div class=\"q_icon_list\"><i class=\"qode_icon_font_awesome fa fa-check-circle qode-ili-icon-holder circle\" style=\"font-size: 30px;color: #ffffff;background-color: #009640;border-color:#009640;border-style: solid;border-width: 1px;\" ><\/i><p style=\"color:#000000;font-size: 20px;font-weight: 300;\">Potenciar la imagen innovadora del proyecto, integrando ideas con niveles de madurez de acuerdo a las necesidades del mismo.<\/p><\/div>[\/vc_column_inner][\/vc_row_inner][vc_single_image image=\u00bb10284&#8243; img_size=\u00bbfull\u00bb alignment=\u00bbcenter\u00bb qode_css_animation=\u00bb\u00bb][vc_empty_space height=\u00bb40px\u00bb][vc_row_inner row_type=\u00bbrow\u00bb type=\u00bbfull_width\u00bb text_align=\u00bbleft\u00bb css_animation=\u00bb\u00bb][vc_column_inner width=\u00bb1\/2&#8243;][vc_single_image image=\u00bb10362&#8243; img_size=\u00bb300&#215;300&#8243; alignment=\u00bbcenter\u00bb style=\u00bbvc_box_circle_2&#8243; qode_css_animation=\u00bb\u00bb][vc_empty_space height=\u00bb40px\u00bb][\/vc_column_inner][vc_column_inner width=\u00bb1\/2&#8243;][vc_single_image image=\u00bb10366&#8243; img_size=\u00bb300&#215;300&#8243; alignment=\u00bbcenter\u00bb style=\u00bbvc_box_circle_2&#8243; qode_css_animation=\u00bb\u00bb][vc_empty_space height=\u00bb40px\u00bb][\/vc_column_inner][\/vc_row_inner][\/vc_column][vc_column width=\u00bb5\/6&#8243; offset=\u00bbvc_col-lg-3 vc_col-md-offset-0 vc_col-md-3 vc_col-sm-offset-1 vc_col-xs-offset-1 vc_col-xs-10&#8243; css=\u00bb.vc_custom_1626857906746{padding-right: 15% !important;padding-left: 15% !important;}\u00bb][vc_widget_sidebar sidebar_id=\u00bbEnrique Tova\u00bb][\/vc_column][\/vc_row][vc_row css_animation=\u00bb\u00bb row_type=\u00bbrow\u00bb use_row_as_full_screen_section=\u00bbno\u00bb type=\u00bbfull_width\u00bb angled_section=\u00bbno\u00bb text_align=\u00bbleft\u00bb background_image_as_pattern=\u00bbwithout_pattern\u00bb][vc_column][vc_empty_space height=\u00bb100px\u00bb][\/vc_column][\/vc_row]<\/p>\n<\/div>","protected":false},"excerpt":{"rendered":"<p>[vc_row css_animation=\u00bb\u00bb row_type=\u00bbrow\u00bb use_row_as_full_screen_section=\u00bbno\u00bb type=\u00bbfull_width\u00bb angled_section=\u00bbno\u00bb text_align=\u00bbleft\u00bb background_image_as_pattern=\u00bbwithout_pattern\u00bb z_index=\u00bb\u00bb][vc_column][vc_empty_space height=\u00bb70px\u00bb][vc_column_text][\/vc_column_text][\/vc_column][\/vc_row][vc_row css_animation=\u00bb\u00bb row_type=\u00bbrow\u00bb use_row_as_full_screen_section=\u00bbno\u00bb type=\u00bbgrid\u00bb angled_section=\u00bbno\u00bb&#8230;<\/p>\n","protected":false},"author":1,"featured_media":10295,"parent":932,"menu_order":0,"comment_status":"closed","ping_status":"closed","template":"full_width.php","meta":{"footnotes":""},"class_list":["post-10281","page","type-page","status-publish","has-post-thumbnail","hentry"],"yoast_head":"<!-- This site is optimized with the Yoast SEO plugin v27.3 - https:\/\/yoast.com\/product\/yoast-seo-wordpress\/ -->\n<title>Hidr\u00f3geno - INERCO<\/title>\n<meta name=\"description\" content=\"INERCO ofrece soluciones integrales avanzadas para los proyectos de Hidr\u00f3geno Verde. Ayudamos a nuestros clientes desde su idea inicial del proyecto hasta su ejecuci\u00f3n y puesta en marcha.\" \/>\n<meta name=\"robots\" content=\"index, follow, max-snippet:-1, max-image-preview:large, max-video-preview:-1\" \/>\n<link rel=\"canonical\" href=\"https:\/\/www.inerco.com\/es\/tecnologia-energetica\/hidrogeno\/\" \/>\n<meta property=\"og:locale\" content=\"es_ES\" \/>\n<meta property=\"og:type\" content=\"article\" \/>\n<meta property=\"og:title\" content=\"Hidr\u00f3geno - INERCO\" \/>\n<meta property=\"og:description\" content=\"INERCO ofrece soluciones integrales avanzadas para los proyectos de Hidr\u00f3geno Verde. Ayudamos a nuestros clientes desde su idea inicial del proyecto hasta su ejecuci\u00f3n y puesta en marcha.\" \/>\n<meta property=\"og:url\" content=\"https:\/\/www.inerco.com\/es\/tecnologia-energetica\/hidrogeno\/\" \/>\n<meta property=\"og:site_name\" content=\"INERCO\" \/>\n<meta property=\"article:modified_time\" content=\"2025-03-04T18:50:46+00:00\" \/>\n<meta property=\"og:image\" content=\"https:\/\/www.inerco.com\/wp-content\/uploads\/INERCO-Servicios-Energeticos-Hidrogeno-Verde-H2.jpg\" \/>\n\t<meta property=\"og:image:width\" content=\"500\" \/>\n\t<meta property=\"og:image:height\" content=\"225\" \/>\n\t<meta property=\"og:image:type\" content=\"image\/jpeg\" \/>\n<meta name=\"twitter:card\" content=\"summary_large_image\" \/>\n<meta name=\"twitter:site\" content=\"@Inerco_\" \/>\n<script type=\"application\/ld+json\" class=\"yoast-schema-graph\">{\"@context\":\"https:\\\/\\\/schema.org\",\"@graph\":[{\"@type\":\"WebPage\",\"@id\":\"https:\\\/\\\/www.inerco.com\\\/es\\\/tecnologia-energetica\\\/hidrogeno\\\/\",\"url\":\"https:\\\/\\\/www.inerco.com\\\/es\\\/tecnologia-energetica\\\/hidrogeno\\\/\",\"name\":\"Hidr\u00f3geno - INERCO\",\"isPartOf\":{\"@id\":\"https:\\\/\\\/www.inerco.com\\\/es\\\/#website\"},\"primaryImageOfPage\":{\"@id\":\"https:\\\/\\\/www.inerco.com\\\/es\\\/tecnologia-energetica\\\/hidrogeno\\\/#primaryimage\"},\"image\":{\"@id\":\"https:\\\/\\\/www.inerco.com\\\/es\\\/tecnologia-energetica\\\/hidrogeno\\\/#primaryimage\"},\"thumbnailUrl\":\"https:\\\/\\\/www.inerco.com\\\/wp-content\\\/uploads\\\/INERCO-Servicios-Energeticos-Hidrogeno-Verde-H2.jpg\",\"datePublished\":\"2022-02-09T18:22:26+00:00\",\"dateModified\":\"2025-03-04T18:50:46+00:00\",\"description\":\"INERCO ofrece soluciones integrales avanzadas para los proyectos de Hidr\u00f3geno Verde. Ayudamos a nuestros clientes desde su idea inicial del proyecto hasta su ejecuci\u00f3n y puesta en marcha.\",\"breadcrumb\":{\"@id\":\"https:\\\/\\\/www.inerco.com\\\/es\\\/tecnologia-energetica\\\/hidrogeno\\\/#breadcrumb\"},\"inLanguage\":\"es\",\"potentialAction\":[{\"@type\":\"ReadAction\",\"target\":[\"https:\\\/\\\/www.inerco.com\\\/es\\\/tecnologia-energetica\\\/hidrogeno\\\/\"]}]},{\"@type\":\"ImageObject\",\"inLanguage\":\"es\",\"@id\":\"https:\\\/\\\/www.inerco.com\\\/es\\\/tecnologia-energetica\\\/hidrogeno\\\/#primaryimage\",\"url\":\"https:\\\/\\\/www.inerco.com\\\/wp-content\\\/uploads\\\/INERCO-Servicios-Energeticos-Hidrogeno-Verde-H2.jpg\",\"contentUrl\":\"https:\\\/\\\/www.inerco.com\\\/wp-content\\\/uploads\\\/INERCO-Servicios-Energeticos-Hidrogeno-Verde-H2.jpg\",\"width\":500,\"height\":225,\"caption\":\"INERCO Servicios Energ\u00e9ticos Hidr\u00f3geno Verde H2\"},{\"@type\":\"BreadcrumbList\",\"@id\":\"https:\\\/\\\/www.inerco.com\\\/es\\\/tecnologia-energetica\\\/hidrogeno\\\/#breadcrumb\",\"itemListElement\":[{\"@type\":\"ListItem\",\"position\":1,\"name\":\"Home\",\"item\":\"https:\\\/\\\/www.inerco.com\\\/es\\\/\"},{\"@type\":\"ListItem\",\"position\":2,\"name\":\"Tecnolog\u00eda Energ\u00e9tica\",\"item\":\"https:\\\/\\\/www.inerco.com\\\/es\\\/tecnologia-energetica\\\/\"},{\"@type\":\"ListItem\",\"position\":3,\"name\":\"Hidr\u00f3geno\"}]},{\"@type\":\"WebSite\",\"@id\":\"https:\\\/\\\/www.inerco.com\\\/es\\\/#website\",\"url\":\"https:\\\/\\\/www.inerco.com\\\/es\\\/\",\"name\":\"INERCO\",\"description\":\"Tecnolog\u00eda, ingenier\u00eda y consultor\u00eda integral para el desarrollo industrial sostenible\",\"potentialAction\":[{\"@type\":\"SearchAction\",\"target\":{\"@type\":\"EntryPoint\",\"urlTemplate\":\"https:\\\/\\\/www.inerco.com\\\/es\\\/?s={search_term_string}\"},\"query-input\":{\"@type\":\"PropertyValueSpecification\",\"valueRequired\":true,\"valueName\":\"search_term_string\"}}],\"inLanguage\":\"es\"}]}<\/script>\n<!-- \/ Yoast SEO plugin. -->","yoast_head_json":{"title":"Hidr\u00f3geno - INERCO","description":"INERCO ofrece soluciones integrales avanzadas para los proyectos de Hidr\u00f3geno Verde. Ayudamos a nuestros clientes desde su idea inicial del proyecto hasta su ejecuci\u00f3n y puesta en marcha.","robots":{"index":"index","follow":"follow","max-snippet":"max-snippet:-1","max-image-preview":"max-image-preview:large","max-video-preview":"max-video-preview:-1"},"canonical":"https:\/\/www.inerco.com\/es\/tecnologia-energetica\/hidrogeno\/","og_locale":"es_ES","og_type":"article","og_title":"Hidr\u00f3geno - INERCO","og_description":"INERCO ofrece soluciones integrales avanzadas para los proyectos de Hidr\u00f3geno Verde. Ayudamos a nuestros clientes desde su idea inicial del proyecto hasta su ejecuci\u00f3n y puesta en marcha.","og_url":"https:\/\/www.inerco.com\/es\/tecnologia-energetica\/hidrogeno\/","og_site_name":"INERCO","article_modified_time":"2025-03-04T18:50:46+00:00","og_image":[{"width":500,"height":225,"url":"https:\/\/www.inerco.com\/wp-content\/uploads\/INERCO-Servicios-Energeticos-Hidrogeno-Verde-H2.jpg","type":"image\/jpeg"}],"twitter_card":"summary_large_image","twitter_site":"@Inerco_","schema":{"@context":"https:\/\/schema.org","@graph":[{"@type":"WebPage","@id":"https:\/\/www.inerco.com\/es\/tecnologia-energetica\/hidrogeno\/","url":"https:\/\/www.inerco.com\/es\/tecnologia-energetica\/hidrogeno\/","name":"Hidr\u00f3geno - INERCO","isPartOf":{"@id":"https:\/\/www.inerco.com\/es\/#website"},"primaryImageOfPage":{"@id":"https:\/\/www.inerco.com\/es\/tecnologia-energetica\/hidrogeno\/#primaryimage"},"image":{"@id":"https:\/\/www.inerco.com\/es\/tecnologia-energetica\/hidrogeno\/#primaryimage"},"thumbnailUrl":"https:\/\/www.inerco.com\/wp-content\/uploads\/INERCO-Servicios-Energeticos-Hidrogeno-Verde-H2.jpg","datePublished":"2022-02-09T18:22:26+00:00","dateModified":"2025-03-04T18:50:46+00:00","description":"INERCO ofrece soluciones integrales avanzadas para los proyectos de Hidr\u00f3geno Verde. Ayudamos a nuestros clientes desde su idea inicial del proyecto hasta su ejecuci\u00f3n y puesta en marcha.","breadcrumb":{"@id":"https:\/\/www.inerco.com\/es\/tecnologia-energetica\/hidrogeno\/#breadcrumb"},"inLanguage":"es","potentialAction":[{"@type":"ReadAction","target":["https:\/\/www.inerco.com\/es\/tecnologia-energetica\/hidrogeno\/"]}]},{"@type":"ImageObject","inLanguage":"es","@id":"https:\/\/www.inerco.com\/es\/tecnologia-energetica\/hidrogeno\/#primaryimage","url":"https:\/\/www.inerco.com\/wp-content\/uploads\/INERCO-Servicios-Energeticos-Hidrogeno-Verde-H2.jpg","contentUrl":"https:\/\/www.inerco.com\/wp-content\/uploads\/INERCO-Servicios-Energeticos-Hidrogeno-Verde-H2.jpg","width":500,"height":225,"caption":"INERCO Servicios Energ\u00e9ticos Hidr\u00f3geno Verde H2"},{"@type":"BreadcrumbList","@id":"https:\/\/www.inerco.com\/es\/tecnologia-energetica\/hidrogeno\/#breadcrumb","itemListElement":[{"@type":"ListItem","position":1,"name":"Home","item":"https:\/\/www.inerco.com\/es\/"},{"@type":"ListItem","position":2,"name":"Tecnolog\u00eda Energ\u00e9tica","item":"https:\/\/www.inerco.com\/es\/tecnologia-energetica\/"},{"@type":"ListItem","position":3,"name":"Hidr\u00f3geno"}]},{"@type":"WebSite","@id":"https:\/\/www.inerco.com\/es\/#website","url":"https:\/\/www.inerco.com\/es\/","name":"INERCO","description":"Tecnolog\u00eda, ingenier\u00eda y consultor\u00eda integral para el desarrollo industrial sostenible","potentialAction":[{"@type":"SearchAction","target":{"@type":"EntryPoint","urlTemplate":"https:\/\/www.inerco.com\/es\/?s={search_term_string}"},"query-input":{"@type":"PropertyValueSpecification","valueRequired":true,"valueName":"search_term_string"}}],"inLanguage":"es"}]}},"_links":{"self":[{"href":"https:\/\/www.inerco.com\/es\/wp-json\/wp\/v2\/pages\/10281","targetHints":{"allow":["GET"]}}],"collection":[{"href":"https:\/\/www.inerco.com\/es\/wp-json\/wp\/v2\/pages"}],"about":[{"href":"https:\/\/www.inerco.com\/es\/wp-json\/wp\/v2\/types\/page"}],"author":[{"embeddable":true,"href":"https:\/\/www.inerco.com\/es\/wp-json\/wp\/v2\/users\/1"}],"replies":[{"embeddable":true,"href":"https:\/\/www.inerco.com\/es\/wp-json\/wp\/v2\/comments?post=10281"}],"version-history":[{"count":10,"href":"https:\/\/www.inerco.com\/es\/wp-json\/wp\/v2\/pages\/10281\/revisions"}],"predecessor-version":[{"id":15528,"href":"https:\/\/www.inerco.com\/es\/wp-json\/wp\/v2\/pages\/10281\/revisions\/15528"}],"up":[{"embeddable":true,"href":"https:\/\/www.inerco.com\/es\/wp-json\/wp\/v2\/pages\/932"}],"wp:featuredmedia":[{"embeddable":true,"href":"https:\/\/www.inerco.com\/es\/wp-json\/wp\/v2\/media\/10295"}],"wp:attachment":[{"href":"https:\/\/www.inerco.com\/es\/wp-json\/wp\/v2\/media?parent=10281"}],"curies":[{"name":"wp","href":"https:\/\/api.w.org\/{rel}","templated":true}]}}