{"id":1017,"date":"2018-04-05T16:39:51","date_gmt":"2018-04-05T14:39:51","guid":{"rendered":"http:\/\/82.194.72.70\/?page_id=1017"},"modified":"2023-09-06T19:35:39","modified_gmt":"2023-09-06T17:35:39","slug":"mision-vision-y-codigo-etico","status":"publish","type":"page","link":"https:\/\/www.inerco.com\/es\/mision-vision-y-codigo-etico\/","title":{"rendered":"Misi\u00f3n, Visi\u00f3n y C\u00f3digo \u00c9tico"},"content":{"rendered":"<div class=\"wpb-content-wrapper\"><p>[vc_row css_animation=\u00bb\u00bb row_type=\u00bbrow\u00bb use_row_as_full_screen_section=\u00bbno\u00bb type=\u00bbgrid\u00bb angled_section=\u00bbno\u00bb text_align=\u00bbcenter\u00bb background_image_as_pattern=\u00bbwithout_pattern\u00bb z_index=\u00bb\u00bb][vc_column][vc_empty_space height=\u00bb60px\u00bb][vc_raw_html]JTNDZGl2JTIwc3R5bGUlM0QlMjJ3aWR0aCUzQTEwMCUyNSUzQiUyMiUzRSUwQSUzQ25hdiUyMGNsYXNzJTNEJTIyc3VibWVudSUyMiUzRSUwQSUzQ3NwYW4lMjBjbGFzcyUzRCUyMmVsZW1lbnRvJTIyJTNFJTNDYSUyMGhyZWYlM0QlMjIlMkZncnVwby1pbmVyY28lMjIlM0VJTkVSQ08lM0NiciUzRUNvcnBvcmFjaSVDMyVCM24lM0MlMkZhJTNFJTNDJTJGc3BhbiUzRSUwQSUzQ3NwYW4lMjBjbGFzcyUzRCUyMmFjdHVhbCUyMGVsZW1lbnRvJTIyJTNFJTNDYSUyMGhyZWYlM0QlMjIlMkZtaXNpb24tdmlzaW9uLXktY29kaWdvLWV0aWNvJTIyJTNFTWlzaSVDMyVCM24lMkMlMjBWaXNpJUMzJUIzbiUyMHklM0NiciUzRUMlQzMlQjNkaWdvJTIwJUMzJTg5dGljbyUzQyUyRmElM0UlM0MlMkZzcGFuJTNFJTBBJTNDc3BhbiUyMGNsYXNzJTNEJTIyZWxlbWVudG8lMjIlM0UlM0NhJTIwaHJlZiUzRCUyMiUyRnBsYW4tZGUtaWd1YWxkYWQtZGUtb3BvcnR1bmlkYWRlcyUyRiUyMiUzRVBsYW4lMjBkZSUyMElndWFsZGFkJTNDYnIlM0VkZSUyME9wb3J0dW5pZGFkZXMlM0MlMkZhJTNFJTNDJTJGc3BhbiUzRSUwQSUzQ3NwYW4lMjBjbGFzcyUzRCUyMmVsZW1lbnRvJTIyJTNFJTNDYSUyMGhyZWYlM0QlMjIlMkZpbm5vdmFjaW9uJTJGcHJveWVjdG9zLWlubm92YWRvcmVzLWRlLWluZXJjbyUyRiUyMiUzRUklMkJEJTJCaSUzQyUyRmElM0UlM0MlMkZzcGFuJTNFJTBBJTNDc3BhbiUyMGNsYXNzJTNEJTIybGFzdCUyMGVsZW1lbnRvJTIyJTNFJTNDYSUyMGhyZWYlM0QlMjIlMkZlcXVpcG8tZGlyZWN0aXZvJTIyJTNFRXF1aXBvJTNDYnIlM0VEaXJlY3Rpdm8lM0MlMkZhJTNFJTNDJTJGc3BhbiUzRSUwQSUzQyUyRm5hdiUzRSUwQSUzQyUyRmRpdiUzRSUwQQ==[\/vc_raw_html][\/vc_column][\/vc_row][vc_row css_animation=\u00bb\u00bb row_type=\u00bbrow\u00bb use_row_as_full_screen_section=\u00bbno\u00bb type=\u00bbgrid\u00bb angled_section=\u00bbno\u00bb text_align=\u00bbleft\u00bb background_image_as_pattern=\u00bbwithout_pattern\u00bb z_index=\u00bb\u00bb][vc_column][vc_empty_space height=\u00bb80px\u00bb][qode_elements_holder number_of_columns=\u00bbtwo_columns\u00bb columns_proportion=\u00bb66_33&#8243; switch_to_one_column=\u00bb600&#8243; alignment_one_column=\u00bbcenter\u00bb][qode_elements_holder_item vertical_alignment=\u00bbtop\u00bb horizontal_alignment=\u00bbright\u00bb advanced_animations=\u00bbno\u00bb]<div class=\"custom_font_holder \" style=\" font-style: normal; font-weight: 200; text-decoration: none; text-align: left; --qode-cf-font-size: 40px; --qode-cf-line-height: 45px; --qode-cf-font-size-1440: 40px; --qode-cf-line-height-1440: 45px; --qode-cf-font-size-1366: 40px; --qode-cf-line-height-1366: 45px; --qode-cf-font-size-1280: 40px; --qode-cf-line-height-1280: 45px; --qode-cf-font-size-1024: 40px; --qode-cf-line-height-1024: 45px; --qode-cf-font-size-768: 40px; --qode-cf-line-height-768: 45px; --qode-cf-font-size-680: 40px; --qode-cf-line-height-680: 45px; --qode-cf-font-size-480: 40px; --qode-cf-line-height-480: 45px;\"><span style=\"text-align: center; color: #009640;\">Misi\u00f3n<\/span><\/div>[\/qode_elements_holder_item][qode_elements_holder_item vertical_alignment=\u00bbtop\u00bb horizontal_alignment=\u00bbright\u00bb advanced_animations=\u00bbno\u00bb]\n\n\t<a href=\"\/contacto\" target=\"_self\" style=\"color: #ffffff;background-color: #009640\" class=\"qode-btn qode-btn-medium qode-btn-solid qode-btn-custom-hover-bg qode-btn-custom-hover-color qode-btn-custom-icon-bg-hover-color qode-btn-icon qode-btn-icon-rotate\" data-hover-bg-color=\"#009640\" data-hover-color=\"#ffffff\" >\n\t    <span class=\"qode-btn-text\">CONTACTO<\/span><span class=\"qode-button-v2-icon-holder\" style=\"border-color: #ffffff;background-color: #009640\" data-hover-icon-border-color=\"#ffffff\" data-hover-icon-bg-color=\"#009640\"><span aria-hidden=\"true\" class=\"qode_icon_font_elegant arrow_right qode-button-v2-icon-holder-inner\" ><\/span><\/span>\t<\/a>\n\n[\/qode_elements_holder_item][\/qode_elements_holder][\/vc_column][\/vc_row][vc_row css_animation=\u00bb\u00bb row_type=\u00bbrow\u00bb use_row_as_full_screen_section=\u00bbno\u00bb type=\u00bbgrid\u00bb angled_section=\u00bbno\u00bb text_align=\u00bbleft\u00bb background_image_as_pattern=\u00bbwithout_pattern\u00bb z_index=\u00bb\u00bb css=\u00bb.vc_custom_1518611434899{padding-top: 25px !important;}\u00bb][vc_column][vc_column_text]La misi\u00f3n\u00a0de\u00a0<strong><span class=\"inerco\">INERCO<\/span>\u00a0<\/strong>es contribuir al desarrollo industrial sostenible, ofreciendo productos y servicios tecnol\u00f3gicos avanzados en los \u00e1mbitos de la Ingenier\u00eda, el Medio Ambiente y la Seguridad.<\/p>\n<p>Los principios que nos gu\u00edan son:<\/p>\n<ul style=\"margin-left: 50px;\">\n<li>Ser una empresa independiente, innovadora, creativa y con proyecci\u00f3n internacional.<\/li>\n<li>Consolidar y ampliar nuestra estructura asegurando la estabilidad y promoci\u00f3n de las personas que la formamos.<\/li>\n<li>Realizar nuestro trabajo manteniendo un alto grado de compromiso con los objetivos y necesidades de nuestros clientes.<\/li>\n<li>Adoptar una actitud de Responsabilidad Social Corporativa en todos los \u00e1mbitos (econ\u00f3mico, social y medioambiental).<\/li>\n<\/ul>\n<p>[\/vc_column_text][\/vc_column][\/vc_row][vc_row css_animation=\u00bb\u00bb row_type=\u00bbrow\u00bb use_row_as_full_screen_section=\u00bbno\u00bb type=\u00bbgrid\u00bb angled_section=\u00bbno\u00bb text_align=\u00bbleft\u00bb background_image_as_pattern=\u00bbwithout_pattern\u00bb z_index=\u00bb\u00bb css=\u00bb.vc_custom_1518611434899{padding-top: 25px !important;}\u00bb][vc_column][vc_empty_space height=\u00bb50px\u00bb]<div class=\"custom_font_holder \" style=\" font-style: normal; font-weight: 200; text-decoration: none; text-align: left; --qode-cf-font-size: 40px; --qode-cf-line-height: 45px; --qode-cf-font-size-1440: 40px; --qode-cf-line-height-1440: 45px; --qode-cf-font-size-1366: 40px; --qode-cf-line-height-1366: 45px; --qode-cf-font-size-1280: 40px; --qode-cf-line-height-1280: 45px; --qode-cf-font-size-1024: 40px; --qode-cf-line-height-1024: 45px; --qode-cf-font-size-768: 40px; --qode-cf-line-height-768: 45px; --qode-cf-font-size-680: 40px; --qode-cf-line-height-680: 45px; --qode-cf-font-size-480: 40px; --qode-cf-line-height-480: 45px;\"><span style=\"text-align: center; color: #009640;\">Visi\u00f3n<\/span><\/div>[vc_empty_space height=\u00bb25px\u00bb][vc_column_text]Ser una <strong>compa\u00f1\u00eda referente<\/strong> a nivel mundial en <strong>sostenibilidad ambiental y energ\u00e9tica<\/strong>, as\u00ed como en <strong>seguridad industrial y laboral<\/strong>, ofreciendo soluciones integrales en <strong>consultor\u00eda, tecnolog\u00eda e ingenier\u00eda<\/strong> especializada.[\/vc_column_text][\/vc_column][\/vc_row][vc_row css_animation=\u00bb\u00bb row_type=\u00bbrow\u00bb use_row_as_full_screen_section=\u00bbno\u00bb type=\u00bbgrid\u00bb angled_section=\u00bbno\u00bb text_align=\u00bbleft\u00bb background_image_as_pattern=\u00bbwithout_pattern\u00bb z_index=\u00bb\u00bb css=\u00bb.vc_custom_1518611434899{padding-top: 25px !important;}\u00bb][vc_column][vc_empty_space height=\u00bb50px\u00bb]<div class=\"custom_font_holder \" style=\" font-style: normal; font-weight: 200; text-decoration: none; text-align: left; --qode-cf-font-size: 40px; --qode-cf-line-height: 45px; --qode-cf-font-size-1440: 40px; --qode-cf-line-height-1440: 45px; --qode-cf-font-size-1366: 40px; --qode-cf-line-height-1366: 45px; --qode-cf-font-size-1280: 40px; --qode-cf-line-height-1280: 45px; --qode-cf-font-size-1024: 40px; --qode-cf-line-height-1024: 45px; --qode-cf-font-size-768: 40px; --qode-cf-line-height-768: 45px; --qode-cf-font-size-680: 40px; --qode-cf-line-height-680: 45px; --qode-cf-font-size-480: 40px; --qode-cf-line-height-480: 45px;\"><span style=\"text-align: center; color: #009640;\">C\u00f3digo \u00c9tico<\/span><\/div>[vc_empty_space height=\u00bb25px\u00bb][vc_column_text]Los valores institucionales y \u00e9ticos que deben estar presentes de forma permanente en nuestras actividades y en la actitud de todas las personas que formamos <strong>INERCO <\/strong>son:<\/p>\n<ul style=\"margin-left: 50px;\">\n<li>Mantener un elevado nivel de calidad en nuestras actuaciones, trabajando con rigor y solvencia, y ofreciendo productos y servicios tecnol\u00f3gicos avanzados e innovadores.<\/li>\n<li>Procurar que el desarrollo industrial sea plenamente respetuoso con el entorno, para lograr as\u00ed una mejora progresiva de su aceptaci\u00f3n social.<\/li>\n<li>Ofrecer a cada cliente la soluci\u00f3n m\u00e1s adecuada a sus intereses y asesorarle para que sus actuaciones puedan ir mas all\u00e1 del mero cumplimiento de requisitos legales, evitando situaciones en las que pueda originarse conflicto de intereses en nuestra labor de asesoramiento a los clientes.<\/li>\n<li>Mantener a ultranza la confidencialidad de los datos suministrados por los clientes y los resultados de los trabajos.<\/li>\n<li>Adoptar una actitud responsable de prevenci\u00f3n y cumplimiento de las normas de seguridad propias y ajenas, en el trabajo con nuestros clientes.<\/li>\n<li>Minimizar el impacto ambiental de las actividades de\u00a0<span class=\"inerco\"><strong>INERCO<\/strong>.<\/span><\/li>\n<li>Procurar la formaci\u00f3n, el desarrollo profesional y la estabilidad de todas las personas que forman parte de\u00a0<strong><span class=\"inerco\">INERCO<\/span><\/strong>, y velar por su integraci\u00f3n y satisfacci\u00f3n, mediante la comunicaci\u00f3n y total transparencia de la informaci\u00f3n.<\/li>\n<li>Fomentar un comportamiento social responsable por parte de todos los que integramos la Compa\u00f1\u00eda, manteniendo el compromiso de no discriminaci\u00f3n hacia las personas de\u00a0<strong><span class=\"inerco\">INERCO<\/span><\/strong>, los clientes y los proveedores.<\/li>\n<li>Exigir a nuestros suministradores un comportamiento \u00e9tico y responsable en cuanto a la seguridad y el medio ambiente, la no discriminaci\u00f3n de sus empleados y su independencia frente a los poderes pol\u00edtico y econ\u00f3mico.<\/li>\n<li>Velar por la independencia de\u00a0<strong><span class=\"inerco\">INERCO\u00a0<\/span><\/strong>respecto a los poderes pol\u00edtico y econ\u00f3mico.<\/li>\n<\/ul>\n<p>[\/vc_column_text][\/vc_column][\/vc_row][vc_row css_animation=\u00bb\u00bb row_type=\u00bbrow\u00bb use_row_as_full_screen_section=\u00bbno\u00bb type=\u00bbfull_width\u00bb angled_section=\u00bbno\u00bb text_align=\u00bbleft\u00bb background_image_as_pattern=\u00bbwithout_pattern\u00bb][vc_column][vc_empty_space height=\u00bb80px\u00bb][\/vc_column][\/vc_row]<\/p>\n<\/div>","protected":false},"excerpt":{"rendered":"<p>[vc_row css_animation=\u00bb\u00bb row_type=\u00bbrow\u00bb use_row_as_full_screen_section=\u00bbno\u00bb type=\u00bbgrid\u00bb angled_section=\u00bbno\u00bb text_align=\u00bbcenter\u00bb background_image_as_pattern=\u00bbwithout_pattern\u00bb z_index=\u00bb\u00bb][vc_column][vc_empty_space height=\u00bb60px\u00bb][vc_raw_html]JTNDZGl2JTIwc3R5bGUlM0QlMjJ3aWR0aCUzQTEwMCUyNSUzQiUyMiUzRSUwQSUzQ25hdiUyMGNsYXNzJTNEJTIyc3VibWVudSUyMiUzRSUwQSUzQ3NwYW4lMjBjbGFzcyUzRCUyMmVsZW1lbnRvJTIyJTNFJTNDYSUyMGhyZWYlM0QlMjIlMkZncnVwby1pbmVyY28lMjIlM0VJTkVSQ08lM0NiciUzRUNvcnBvcmFjaSVDMyVCM24lM0MlMkZhJTNFJTNDJTJGc3BhbiUzRSUwQSUzQ3NwYW4lMjBjbGFzcyUzRCUyMmFjdHVhbCUyMGVsZW1lbnRvJTIyJTNFJTNDYSUyMGhyZWYlM0QlMjIlMkZtaXNpb24tdmlzaW9uLXktY29kaWdvLWV0aWNvJTIyJTNFTWlzaSVDMyVCM24lMkMlMjBWaXNpJUMzJUIzbiUyMHklM0NiciUzRUMlQzMlQjNkaWdvJTIwJUMzJTg5dGljbyUzQyUyRmElM0UlM0MlMkZzcGFuJTNFJTBBJTNDc3BhbiUyMGNsYXNzJTNEJTIyZWxlbWVudG8lMjIlM0UlM0NhJTIwaHJlZiUzRCUyMiUyRnBsYW4tZGUtaWd1YWxkYWQtZGUtb3BvcnR1bmlkYWRlcyUyRiUyMiUzRVBsYW4lMjBkZSUyMElndWFsZGFkJTNDYnIlM0VkZSUyME9wb3J0dW5pZGFkZXMlM0MlMkZhJTNFJTNDJTJGc3BhbiUzRSUwQSUzQ3NwYW4lMjBjbGFzcyUzRCUyMmVsZW1lbnRvJTIyJTNFJTNDYSUyMGhyZWYlM0QlMjIlMkZpbm5vdmFjaW9uJTJGcHJveWVjdG9zLWlubm92YWRvcmVzLWRlLWluZXJjbyUyRiUyMiUzRUklMkJEJTJCaSUzQyUyRmElM0UlM0MlMkZzcGFuJTNFJTBBJTNDc3BhbiUyMGNsYXNzJTNEJTIybGFzdCUyMGVsZW1lbnRvJTIyJTNFJTNDYSUyMGhyZWYlM0QlMjIlMkZlcXVpcG8tZGlyZWN0aXZvJTIyJTNFRXF1aXBvJTNDYnIlM0VEaXJlY3Rpdm8lM0MlMkZhJTNFJTNDJTJGc3BhbiUzRSUwQSUzQyUyRm5hdiUzRSUwQSUzQyUyRmRpdiUzRSUwQQ==[\/vc_raw_html][\/vc_column][\/vc_row][vc_row css_animation=\u00bb\u00bb row_type=\u00bbrow\u00bb use_row_as_full_screen_section=\u00bbno\u00bb type=\u00bbgrid\u00bb angled_section=\u00bbno\u00bb&#8230;<\/p>\n","protected":false},"author":1,"featured_media":2715,"parent":0,"menu_order":0,"comment_status":"closed","ping_status":"closed","template":"full_width.php","meta":{"footnotes":""},"class_list":["post-1017","page","type-page","status-publish","has-post-thumbnail","hentry"],"yoast_head":"<!-- This site is optimized with the Yoast SEO plugin v26.4 - https:\/\/yoast.com\/wordpress\/plugins\/seo\/ -->\n<title>Misi\u00f3n, Visi\u00f3n y C\u00f3digo \u00c9tico - INERCO<\/title>\n<meta name=\"description\" content=\"La misi\u00f3n de INERCO es contribuir al desarrollo industrial sostenible, ofreciendo productos y servicios tecnol\u00f3gicos avanzados en los \u00e1mbitos de la Ingenier\u00eda, el Medio Ambiente y la Seguridad.\" \/>\n<meta name=\"robots\" content=\"index, follow, max-snippet:-1, max-image-preview:large, max-video-preview:-1\" \/>\n<link rel=\"canonical\" href=\"https:\/\/www.inerco.com\/es\/mision-vision-y-codigo-etico\/\" \/>\n<meta property=\"og:locale\" content=\"es_ES\" \/>\n<meta property=\"og:type\" content=\"article\" \/>\n<meta property=\"og:title\" content=\"Misi\u00f3n, Visi\u00f3n y C\u00f3digo \u00c9tico - INERCO\" \/>\n<meta property=\"og:description\" content=\"La misi\u00f3n de INERCO es contribuir al desarrollo industrial sostenible, ofreciendo productos y servicios tecnol\u00f3gicos avanzados en los \u00e1mbitos de la Ingenier\u00eda, el Medio Ambiente y la Seguridad.\" \/>\n<meta property=\"og:url\" content=\"https:\/\/www.inerco.com\/es\/mision-vision-y-codigo-etico\/\" \/>\n<meta property=\"og:site_name\" content=\"INERCO\" \/>\n<meta property=\"article:modified_time\" content=\"2023-09-06T17:35:39+00:00\" \/>\n<meta property=\"og:image\" content=\"https:\/\/www.inerco.com\/wp-content\/uploads\/Grupo-INERCO.jpg\" \/>\n\t<meta property=\"og:image:width\" content=\"1920\" \/>\n\t<meta property=\"og:image:height\" content=\"650\" \/>\n\t<meta property=\"og:image:type\" content=\"image\/jpeg\" \/>\n<meta name=\"twitter:card\" content=\"summary_large_image\" \/>\n<meta name=\"twitter:site\" content=\"@Inerco_\" \/>\n<script type=\"application\/ld+json\" class=\"yoast-schema-graph\">{\"@context\":\"https:\/\/schema.org\",\"@graph\":[{\"@type\":\"WebPage\",\"@id\":\"https:\/\/www.inerco.com\/es\/mision-vision-y-codigo-etico\/\",\"url\":\"https:\/\/www.inerco.com\/es\/mision-vision-y-codigo-etico\/\",\"name\":\"Misi\u00f3n, Visi\u00f3n y C\u00f3digo \u00c9tico - INERCO\",\"isPartOf\":{\"@id\":\"https:\/\/www.inerco.com\/es\/#website\"},\"primaryImageOfPage\":{\"@id\":\"https:\/\/www.inerco.com\/es\/mision-vision-y-codigo-etico\/#primaryimage\"},\"image\":{\"@id\":\"https:\/\/www.inerco.com\/es\/mision-vision-y-codigo-etico\/#primaryimage\"},\"thumbnailUrl\":\"https:\/\/www.inerco.com\/wp-content\/uploads\/Grupo-INERCO.jpg\",\"datePublished\":\"2018-04-05T14:39:51+00:00\",\"dateModified\":\"2023-09-06T17:35:39+00:00\",\"description\":\"La misi\u00f3n de INERCO es contribuir al desarrollo industrial sostenible, ofreciendo productos y servicios tecnol\u00f3gicos avanzados en los \u00e1mbitos de la Ingenier\u00eda, el Medio Ambiente y la Seguridad.\",\"breadcrumb\":{\"@id\":\"https:\/\/www.inerco.com\/es\/mision-vision-y-codigo-etico\/#breadcrumb\"},\"inLanguage\":\"es\",\"potentialAction\":[{\"@type\":\"ReadAction\",\"target\":[\"https:\/\/www.inerco.com\/es\/mision-vision-y-codigo-etico\/\"]}]},{\"@type\":\"ImageObject\",\"inLanguage\":\"es\",\"@id\":\"https:\/\/www.inerco.com\/es\/mision-vision-y-codigo-etico\/#primaryimage\",\"url\":\"https:\/\/www.inerco.com\/wp-content\/uploads\/Grupo-INERCO.jpg\",\"contentUrl\":\"https:\/\/www.inerco.com\/wp-content\/uploads\/Grupo-INERCO.jpg\",\"width\":1920,\"height\":650,\"caption\":\"Grupo INERCO\"},{\"@type\":\"BreadcrumbList\",\"@id\":\"https:\/\/www.inerco.com\/es\/mision-vision-y-codigo-etico\/#breadcrumb\",\"itemListElement\":[{\"@type\":\"ListItem\",\"position\":1,\"name\":\"Home\",\"item\":\"https:\/\/www.inerco.com\/es\/\"},{\"@type\":\"ListItem\",\"position\":2,\"name\":\"Misi\u00f3n, Visi\u00f3n y C\u00f3digo \u00c9tico\"}]},{\"@type\":\"WebSite\",\"@id\":\"https:\/\/www.inerco.com\/es\/#website\",\"url\":\"https:\/\/www.inerco.com\/es\/\",\"name\":\"INERCO\",\"description\":\"Tecnolog\u00eda, ingenier\u00eda y consultor\u00eda integral para el desarrollo industrial sostenible\",\"potentialAction\":[{\"@type\":\"SearchAction\",\"target\":{\"@type\":\"EntryPoint\",\"urlTemplate\":\"https:\/\/www.inerco.com\/es\/?s={search_term_string}\"},\"query-input\":{\"@type\":\"PropertyValueSpecification\",\"valueRequired\":true,\"valueName\":\"search_term_string\"}}],\"inLanguage\":\"es\"}]}<\/script>\n<!-- \/ Yoast SEO plugin. -->","yoast_head_json":{"title":"Misi\u00f3n, Visi\u00f3n y C\u00f3digo \u00c9tico - INERCO","description":"La misi\u00f3n de INERCO es contribuir al desarrollo industrial sostenible, ofreciendo productos y servicios tecnol\u00f3gicos avanzados en los \u00e1mbitos de la Ingenier\u00eda, el Medio Ambiente y la Seguridad.","robots":{"index":"index","follow":"follow","max-snippet":"max-snippet:-1","max-image-preview":"max-image-preview:large","max-video-preview":"max-video-preview:-1"},"canonical":"https:\/\/www.inerco.com\/es\/mision-vision-y-codigo-etico\/","og_locale":"es_ES","og_type":"article","og_title":"Misi\u00f3n, Visi\u00f3n y C\u00f3digo \u00c9tico - INERCO","og_description":"La misi\u00f3n de INERCO es contribuir al desarrollo industrial sostenible, ofreciendo productos y servicios tecnol\u00f3gicos avanzados en los \u00e1mbitos de la Ingenier\u00eda, el Medio Ambiente y la Seguridad.","og_url":"https:\/\/www.inerco.com\/es\/mision-vision-y-codigo-etico\/","og_site_name":"INERCO","article_modified_time":"2023-09-06T17:35:39+00:00","og_image":[{"width":1920,"height":650,"url":"https:\/\/www.inerco.com\/wp-content\/uploads\/Grupo-INERCO.jpg","type":"image\/jpeg"}],"twitter_card":"summary_large_image","twitter_site":"@Inerco_","schema":{"@context":"https:\/\/schema.org","@graph":[{"@type":"WebPage","@id":"https:\/\/www.inerco.com\/es\/mision-vision-y-codigo-etico\/","url":"https:\/\/www.inerco.com\/es\/mision-vision-y-codigo-etico\/","name":"Misi\u00f3n, Visi\u00f3n y C\u00f3digo \u00c9tico - INERCO","isPartOf":{"@id":"https:\/\/www.inerco.com\/es\/#website"},"primaryImageOfPage":{"@id":"https:\/\/www.inerco.com\/es\/mision-vision-y-codigo-etico\/#primaryimage"},"image":{"@id":"https:\/\/www.inerco.com\/es\/mision-vision-y-codigo-etico\/#primaryimage"},"thumbnailUrl":"https:\/\/www.inerco.com\/wp-content\/uploads\/Grupo-INERCO.jpg","datePublished":"2018-04-05T14:39:51+00:00","dateModified":"2023-09-06T17:35:39+00:00","description":"La misi\u00f3n de INERCO es contribuir al desarrollo industrial sostenible, ofreciendo productos y servicios tecnol\u00f3gicos avanzados en los \u00e1mbitos de la Ingenier\u00eda, el Medio Ambiente y la Seguridad.","breadcrumb":{"@id":"https:\/\/www.inerco.com\/es\/mision-vision-y-codigo-etico\/#breadcrumb"},"inLanguage":"es","potentialAction":[{"@type":"ReadAction","target":["https:\/\/www.inerco.com\/es\/mision-vision-y-codigo-etico\/"]}]},{"@type":"ImageObject","inLanguage":"es","@id":"https:\/\/www.inerco.com\/es\/mision-vision-y-codigo-etico\/#primaryimage","url":"https:\/\/www.inerco.com\/wp-content\/uploads\/Grupo-INERCO.jpg","contentUrl":"https:\/\/www.inerco.com\/wp-content\/uploads\/Grupo-INERCO.jpg","width":1920,"height":650,"caption":"Grupo INERCO"},{"@type":"BreadcrumbList","@id":"https:\/\/www.inerco.com\/es\/mision-vision-y-codigo-etico\/#breadcrumb","itemListElement":[{"@type":"ListItem","position":1,"name":"Home","item":"https:\/\/www.inerco.com\/es\/"},{"@type":"ListItem","position":2,"name":"Misi\u00f3n, Visi\u00f3n y C\u00f3digo \u00c9tico"}]},{"@type":"WebSite","@id":"https:\/\/www.inerco.com\/es\/#website","url":"https:\/\/www.inerco.com\/es\/","name":"INERCO","description":"Tecnolog\u00eda, ingenier\u00eda y consultor\u00eda integral para el desarrollo industrial sostenible","potentialAction":[{"@type":"SearchAction","target":{"@type":"EntryPoint","urlTemplate":"https:\/\/www.inerco.com\/es\/?s={search_term_string}"},"query-input":{"@type":"PropertyValueSpecification","valueRequired":true,"valueName":"search_term_string"}}],"inLanguage":"es"}]}},"_links":{"self":[{"href":"https:\/\/www.inerco.com\/es\/wp-json\/wp\/v2\/pages\/1017","targetHints":{"allow":["GET"]}}],"collection":[{"href":"https:\/\/www.inerco.com\/es\/wp-json\/wp\/v2\/pages"}],"about":[{"href":"https:\/\/www.inerco.com\/es\/wp-json\/wp\/v2\/types\/page"}],"author":[{"embeddable":true,"href":"https:\/\/www.inerco.com\/es\/wp-json\/wp\/v2\/users\/1"}],"replies":[{"embeddable":true,"href":"https:\/\/www.inerco.com\/es\/wp-json\/wp\/v2\/comments?post=1017"}],"version-history":[{"count":21,"href":"https:\/\/www.inerco.com\/es\/wp-json\/wp\/v2\/pages\/1017\/revisions"}],"predecessor-version":[{"id":13810,"href":"https:\/\/www.inerco.com\/es\/wp-json\/wp\/v2\/pages\/1017\/revisions\/13810"}],"wp:featuredmedia":[{"embeddable":true,"href":"https:\/\/www.inerco.com\/es\/wp-json\/wp\/v2\/media\/2715"}],"wp:attachment":[{"href":"https:\/\/www.inerco.com\/es\/wp-json\/wp\/v2\/media?parent=1017"}],"curies":[{"name":"wp","href":"https:\/\/api.w.org\/{rel}","templated":true}]}}