{"id":5308,"date":"2019-06-17T08:27:32","date_gmt":"2019-06-17T06:27:32","guid":{"rendered":"https:\/\/www.inerco.com\/?page_id=5308"},"modified":"2024-06-05T09:07:07","modified_gmt":"2024-06-05T07:07:07","slug":"join-inerco","status":"publish","type":"page","link":"https:\/\/www.inerco.com\/en\/people\/join-inerco\/","title":{"rendered":"Join INERCO"},"content":{"rendered":"<div class=\"wpb-content-wrapper\"><p>[vc_row css_animation=&#8221;&#8221; row_type=&#8221;row&#8221; use_row_as_full_screen_section=&#8221;no&#8221; type=&#8221;full_width&#8221; angled_section=&#8221;no&#8221; text_align=&#8221;left&#8221; background_image_as_pattern=&#8221;without_pattern&#8221;][vc_column][vc_empty_space height=&#8221;40px&#8221;][vc_raw_html]JTNDZGl2JTIwc3R5bGUlM0QlMjJ3aWR0aCUzQTEwMCUyNSUzQiUyMiUzRSUwQSUzQ25hdiUyMGNsYXNzJTNEJTIyc3VibWVudV9wZXJzb25hcyUyMiUzRSUwQSUzQ3NwYW4lMjBjbGFzcyUzRCUyMmVsZW1lbnRvJTIyJTNFJTNDYSUyMGhyZWYlM0QlMjIlMkZlbiUyRnBlb3BsZSUyRndoeS1pbmVyY28lMjIlM0VXaHklMjBJTkVSQ08lM0YlM0MlMkZhJTNFJTNDJTJGc3BhbiUyMCUzRSUwQSUzQ3NwYW4lMjBjbGFzcyUzRCUyMmVsZW1lbnRvJTIyJTNFJTNDYSUyMGhyZWYlM0QlMjIlMkZlbiUyRnBlb3BsZSUyRmN1bHR1cmUtYW5kLXZhbHVlcyUyMiUzRUN1bHR1cmUlMjAlMjYlMjBWYWx1ZXMlM0MlMkZhJTNFJTNDJTJGc3BhbiUyMCUzRSUwQSUzQ3NwYW4lMjBjbGFzcyUzRCUyMmFjdHVhbCUyMGVsZW1lbnRvJTIyJTNFJTNDYSUyMGhyZWYlM0QlMjIlMkZlbiUyRnBlb3BsZSUyRmpvaW4taW5lcmNvJTIyJTNFSm9pbiUyMElORVJDTyUzQyUyRmElM0UlM0MlMkZzcGFuJTIwJTNFJTBBJTNDc3BhbiUyMGNsYXNzJTNEJTIyZWxlbWVudG8lMjIlM0UlM0NhJTIwaHJlZiUzRCUyMiUyRmVuJTJGcGVvcGxlJTJGcmVjcnVpdG1lbnQtcHJvY2VzcyUyMiUzRVJlY3J1aXRtZW50JTIwcHJvY2VzcyUzQyUyRmElM0UlM0MlMkZzcGFuJTIwJTNFJTBBJTNDc3BhbiUyMGNsYXNzJTNEJTIybGFzdCUyMGVsZW1lbnRvJTIyJTNFJTNDYSUyMGhyZWYlM0QlMjJodHRwcyUzQSUyRiUyRmNhcmVlcjIuc3VjY2Vzc2ZhY3RvcnMuZXUlMkZjYXJlZXIlM0Zjb21wYW55JTNEaW5nZW5pZXJhZSUyMiUyMHRhcmdldCUzRCUyMl9ibGFuayUyMiUzRVNlbmQlMjB1cyUyMHlvdXIlMjBDViUzQyUyRmElM0UlM0MlMkZzcGFuJTIwJTNFJTBBJTNDJTJGbmF2JTNFJTBBJTNDJTJGZGl2JTNFJTBB[\/vc_raw_html][vc_empty_space height=&#8221;50px&#8221;][\/vc_column][\/vc_row][vc_row css_animation=&#8221;&#8221; row_type=&#8221;row&#8221; use_row_as_full_screen_section=&#8221;no&#8221; type=&#8221;full_width&#8221; angled_section=&#8221;no&#8221; text_align=&#8221;left&#8221; background_image_as_pattern=&#8221;without_pattern&#8221;][vc_column][vc_empty_space height=&#8221;100px&#8221;][\/vc_column][\/vc_row][vc_row css_animation=&#8221;&#8221; row_type=&#8221;row&#8221; use_row_as_full_screen_section=&#8221;no&#8221; type=&#8221;full_width&#8221; angled_section=&#8221;no&#8221; text_align=&#8221;left&#8221; background_image_as_pattern=&#8221;without_pattern&#8221;][vc_column]<div class=\"qode-cta-section qode-cta-appear-effect\">\n\t<img decoding=\"async\" src=\"https:\/\/www.inerco.com\/wp-content\/uploads\/INERCO-Ver-Oportunidades-Trabaja-con-nosotros.jpg\" alt=\"call to action image\"\/>\n\t<div class=\"qode-cta-section-text-wrapper\">\n\t\t<div class=\"qode-cta-section-text-wrapper-inner\" >\n\t\t\t\t\t\t\t<div class=\"qode-cta-section-title-holder\">\n\t\t\t\t\t<h2 class=\"qode-cta-section-title\">\n\t\t\t\t\t\tWORK WITH US\t\t\t\t\t<\/h2>\n\t\t\t\t<\/div>\n\t\t\t\n            <div class=\"separator  small center  qode-type1-gradient-left-to-right \" style=\"margin-top: 27px;margin-bottom: 31px;height: 2px;width: 150px;\"><\/div>\n\n\t\t\t\t\t\t\n\n\t<a href=\"https:\/\/career2.successfactors.eu\/career?company=ingenierae\" target=\"_blank\"  class=\"qode-btn qode-btn-medium qode-btn-solid qode-btn-icon qode-btn-with-shadow qode-btn-shadow-hover\"  >\n\t    <span class=\"qode-btn-text\">SEE JOB OPPORTUNITIES<\/span><span class=\"qode-button-v2-icon-holder qode-type1-gradient-bottom-to-top-text\"  ><span aria-hidden=\"true\" class=\"qode_icon_font_elegant arrow_carrot-right qode-button-v2-icon-holder-inner\" ><\/span><\/span>\t<\/a>\n\n\t\t<\/div>\n\t<\/div>\n<\/div>[\/vc_column][\/vc_row][vc_row css_animation=&#8221;&#8221; row_type=&#8221;row&#8221; use_row_as_full_screen_section=&#8221;no&#8221; type=&#8221;full_width&#8221; angled_section=&#8221;no&#8221; text_align=&#8221;left&#8221; background_image_as_pattern=&#8221;without_pattern&#8221;][vc_column][vc_empty_space height=&#8221;150px&#8221;][\/vc_column][\/vc_row]<\/p>\n<\/div>","protected":false},"excerpt":{"rendered":"<p>[vc_row css_animation=&#8221;&#8221; row_type=&#8221;row&#8221; use_row_as_full_screen_section=&#8221;no&#8221; type=&#8221;full_width&#8221; angled_section=&#8221;no&#8221; text_align=&#8221;left&#8221; background_image_as_pattern=&#8221;without_pattern&#8221;][vc_column][vc_empty_space height=&#8221;40px&#8221;][vc_raw_html]JTNDZGl2JTIwc3R5bGUlM0QlMjJ3aWR0aCUzQTEwMCUyNSUzQiUyMiUzRSUwQSUzQ25hdiUyMGNsYXNzJTNEJTIyc3VibWVudV9wZXJzb25hcyUyMiUzRSUwQSUzQ3NwYW4lMjBjbGFzcyUzRCUyMmVsZW1lbnRvJTIyJTNFJTNDYSUyMGhyZWYlM0QlMjIlMkZlbiUyRnBlb3BsZSUyRndoeS1pbmVyY28lMjIlM0VXaHklMjBJTkVSQ08lM0YlM0MlMkZhJTNFJTNDJTJGc3BhbiUyMCUzRSUwQSUzQ3NwYW4lMjBjbGFzcyUzRCUyMmVsZW1lbnRvJTIyJTNFJTNDYSUyMGhyZWYlM0QlMjIlMkZlbiUyRnBlb3BsZSUyRmN1bHR1cmUtYW5kLXZhbHVlcyUyMiUzRUN1bHR1cmUlMjAlMjYlMjBWYWx1ZXMlM0MlMkZhJTNFJTNDJTJGc3BhbiUyMCUzRSUwQSUzQ3NwYW4lMjBjbGFzcyUzRCUyMmFjdHVhbCUyMGVsZW1lbnRvJTIyJTNFJTNDYSUyMGhyZWYlM0QlMjIlMkZlbiUyRnBlb3BsZSUyRmpvaW4taW5lcmNvJTIyJTNFSm9pbiUyMElORVJDTyUzQyUyRmElM0UlM0MlMkZzcGFuJTIwJTNFJTBBJTNDc3BhbiUyMGNsYXNzJTNEJTIyZWxlbWVudG8lMjIlM0UlM0NhJTIwaHJlZiUzRCUyMiUyRmVuJTJGcGVvcGxlJTJGcmVjcnVpdG1lbnQtcHJvY2VzcyUyMiUzRVJlY3J1aXRtZW50JTIwcHJvY2VzcyUzQyUyRmElM0UlM0MlMkZzcGFuJTIwJTNFJTBBJTNDc3BhbiUyMGNsYXNzJTNEJTIybGFzdCUyMGVsZW1lbnRvJTIyJTNFJTNDYSUyMGhyZWYlM0QlMjJodHRwcyUzQSUyRiUyRmNhcmVlcjIuc3VjY2Vzc2ZhY3RvcnMuZXUlMkZjYXJlZXIlM0Zjb21wYW55JTNEaW5nZW5pZXJhZSUyMiUyMHRhcmdldCUzRCUyMl9ibGFuayUyMiUzRVNlbmQlMjB1cyUyMHlvdXIlMjBDViUzQyUyRmElM0UlM0MlMkZzcGFuJTIwJTNFJTBBJTNDJTJGbmF2JTNFJTBBJTNDJTJGZGl2JTNFJTBB[\/vc_raw_html][vc_empty_space height=&#8221;50px&#8221;][\/vc_column][\/vc_row][vc_row css_animation=&#8221;&#8221; row_type=&#8221;row&#8221; use_row_as_full_screen_section=&#8221;no&#8221; type=&#8221;full_width&#8221; angled_section=&#8221;no&#8221;&#8230;<\/p>\n","protected":false},"author":1,"featured_media":4441,"parent":5283,"menu_order":2,"comment_status":"closed","ping_status":"closed","template":"","meta":{"footnotes":""},"class_list":["post-5308","page","type-page","status-publish","has-post-thumbnail","hentry"],"yoast_head":"<!-- This site is optimized with the Yoast SEO plugin v26.4 - https:\/\/yoast.com\/wordpress\/plugins\/seo\/ -->\n<title>Join INERCO - INERCO<\/title>\n<meta name=\"description\" content=\"Join INERCO! We look for the best candidates to join us around the world. INERCO is a good place to work. We are proud that the overall level of satisfaction of our employees is around 90%.\" \/>\n<meta name=\"robots\" content=\"noindex, nofollow\" \/>\n<meta property=\"og:locale\" content=\"en_US\" \/>\n<meta property=\"og:type\" content=\"article\" \/>\n<meta property=\"og:title\" content=\"Join INERCO - INERCO\" \/>\n<meta property=\"og:description\" content=\"Join INERCO! We look for the best candidates to join us around the world. INERCO is a good place to work. We are proud that the overall level of satisfaction of our employees is around 90%.\" \/>\n<meta property=\"og:url\" content=\"https:\/\/www.inerco.com\/en\/people\/join-inerco\/\" \/>\n<meta property=\"og:site_name\" content=\"INERCO\" \/>\n<meta property=\"article:modified_time\" content=\"2024-06-05T07:07:07+00:00\" \/>\n<meta property=\"og:image\" content=\"https:\/\/www.inerco.com\/wp-content\/uploads\/Principios-y-Valores-de-INERCO.jpg\" \/>\n\t<meta property=\"og:image:width\" content=\"1200\" \/>\n\t<meta property=\"og:image:height\" content=\"300\" \/>\n\t<meta property=\"og:image:type\" content=\"image\/jpeg\" \/>\n<meta name=\"twitter:card\" content=\"summary_large_image\" \/>\n<meta name=\"twitter:site\" content=\"@Inerco_\" \/>\n<script type=\"application\/ld+json\" class=\"yoast-schema-graph\">{\"@context\":\"https:\/\/schema.org\",\"@graph\":[{\"@type\":\"WebPage\",\"@id\":\"https:\/\/www.inerco.com\/en\/people\/join-inerco\/\",\"url\":\"https:\/\/www.inerco.com\/en\/people\/join-inerco\/\",\"name\":\"Join INERCO - INERCO\",\"isPartOf\":{\"@id\":\"https:\/\/www.inerco.com\/es\/#website\"},\"primaryImageOfPage\":{\"@id\":\"https:\/\/www.inerco.com\/en\/people\/join-inerco\/#primaryimage\"},\"image\":{\"@id\":\"https:\/\/www.inerco.com\/en\/people\/join-inerco\/#primaryimage\"},\"thumbnailUrl\":\"https:\/\/www.inerco.com\/wp-content\/uploads\/Principios-y-Valores-de-INERCO.jpg\",\"datePublished\":\"2019-06-17T06:27:32+00:00\",\"dateModified\":\"2024-06-05T07:07:07+00:00\",\"description\":\"Join INERCO! We look for the best candidates to join us around the world. INERCO is a good place to work. We are proud that the overall level of satisfaction of our employees is around 90%.\",\"breadcrumb\":{\"@id\":\"https:\/\/www.inerco.com\/en\/people\/join-inerco\/#breadcrumb\"},\"inLanguage\":\"en-US\",\"potentialAction\":[{\"@type\":\"ReadAction\",\"target\":[\"https:\/\/www.inerco.com\/en\/people\/join-inerco\/\"]}]},{\"@type\":\"ImageObject\",\"inLanguage\":\"en-US\",\"@id\":\"https:\/\/www.inerco.com\/en\/people\/join-inerco\/#primaryimage\",\"url\":\"https:\/\/www.inerco.com\/wp-content\/uploads\/Principios-y-Valores-de-INERCO.jpg\",\"contentUrl\":\"https:\/\/www.inerco.com\/wp-content\/uploads\/Principios-y-Valores-de-INERCO.jpg\",\"width\":1200,\"height\":300,\"caption\":\"INERCO Principles & Values\"},{\"@type\":\"BreadcrumbList\",\"@id\":\"https:\/\/www.inerco.com\/en\/people\/join-inerco\/#breadcrumb\",\"itemListElement\":[{\"@type\":\"ListItem\",\"position\":1,\"name\":\"Home\",\"item\":\"https:\/\/www.inerco.com\/en\/\"},{\"@type\":\"ListItem\",\"position\":2,\"name\":\"People\",\"item\":\"https:\/\/www.inerco.com\/en\/people\/\"},{\"@type\":\"ListItem\",\"position\":3,\"name\":\"Join INERCO\"}]},{\"@type\":\"WebSite\",\"@id\":\"https:\/\/www.inerco.com\/es\/#website\",\"url\":\"https:\/\/www.inerco.com\/es\/\",\"name\":\"INERCO\",\"description\":\"Tecnolog\u00eda, ingenier\u00eda y consultor\u00eda integral para el desarrollo industrial sostenible\",\"potentialAction\":[{\"@type\":\"SearchAction\",\"target\":{\"@type\":\"EntryPoint\",\"urlTemplate\":\"https:\/\/www.inerco.com\/es\/?s={search_term_string}\"},\"query-input\":{\"@type\":\"PropertyValueSpecification\",\"valueRequired\":true,\"valueName\":\"search_term_string\"}}],\"inLanguage\":\"en-US\"}]}<\/script>\n<!-- \/ Yoast SEO plugin. -->","yoast_head_json":{"title":"Join INERCO - INERCO","description":"Join INERCO! We look for the best candidates to join us around the world. INERCO is a good place to work. We are proud that the overall level of satisfaction of our employees is around 90%.","robots":{"index":"noindex","follow":"nofollow"},"og_locale":"en_US","og_type":"article","og_title":"Join INERCO - INERCO","og_description":"Join INERCO! We look for the best candidates to join us around the world. INERCO is a good place to work. We are proud that the overall level of satisfaction of our employees is around 90%.","og_url":"https:\/\/www.inerco.com\/en\/people\/join-inerco\/","og_site_name":"INERCO","article_modified_time":"2024-06-05T07:07:07+00:00","og_image":[{"width":1200,"height":300,"url":"https:\/\/www.inerco.com\/wp-content\/uploads\/Principios-y-Valores-de-INERCO.jpg","type":"image\/jpeg"}],"twitter_card":"summary_large_image","twitter_site":"@Inerco_","schema":{"@context":"https:\/\/schema.org","@graph":[{"@type":"WebPage","@id":"https:\/\/www.inerco.com\/en\/people\/join-inerco\/","url":"https:\/\/www.inerco.com\/en\/people\/join-inerco\/","name":"Join INERCO - INERCO","isPartOf":{"@id":"https:\/\/www.inerco.com\/es\/#website"},"primaryImageOfPage":{"@id":"https:\/\/www.inerco.com\/en\/people\/join-inerco\/#primaryimage"},"image":{"@id":"https:\/\/www.inerco.com\/en\/people\/join-inerco\/#primaryimage"},"thumbnailUrl":"https:\/\/www.inerco.com\/wp-content\/uploads\/Principios-y-Valores-de-INERCO.jpg","datePublished":"2019-06-17T06:27:32+00:00","dateModified":"2024-06-05T07:07:07+00:00","description":"Join INERCO! We look for the best candidates to join us around the world. INERCO is a good place to work. We are proud that the overall level of satisfaction of our employees is around 90%.","breadcrumb":{"@id":"https:\/\/www.inerco.com\/en\/people\/join-inerco\/#breadcrumb"},"inLanguage":"en-US","potentialAction":[{"@type":"ReadAction","target":["https:\/\/www.inerco.com\/en\/people\/join-inerco\/"]}]},{"@type":"ImageObject","inLanguage":"en-US","@id":"https:\/\/www.inerco.com\/en\/people\/join-inerco\/#primaryimage","url":"https:\/\/www.inerco.com\/wp-content\/uploads\/Principios-y-Valores-de-INERCO.jpg","contentUrl":"https:\/\/www.inerco.com\/wp-content\/uploads\/Principios-y-Valores-de-INERCO.jpg","width":1200,"height":300,"caption":"INERCO Principles & Values"},{"@type":"BreadcrumbList","@id":"https:\/\/www.inerco.com\/en\/people\/join-inerco\/#breadcrumb","itemListElement":[{"@type":"ListItem","position":1,"name":"Home","item":"https:\/\/www.inerco.com\/en\/"},{"@type":"ListItem","position":2,"name":"People","item":"https:\/\/www.inerco.com\/en\/people\/"},{"@type":"ListItem","position":3,"name":"Join INERCO"}]},{"@type":"WebSite","@id":"https:\/\/www.inerco.com\/es\/#website","url":"https:\/\/www.inerco.com\/es\/","name":"INERCO","description":"Tecnolog\u00eda, ingenier\u00eda y consultor\u00eda integral para el desarrollo industrial sostenible","potentialAction":[{"@type":"SearchAction","target":{"@type":"EntryPoint","urlTemplate":"https:\/\/www.inerco.com\/es\/?s={search_term_string}"},"query-input":{"@type":"PropertyValueSpecification","valueRequired":true,"valueName":"search_term_string"}}],"inLanguage":"en-US"}]}},"_links":{"self":[{"href":"https:\/\/www.inerco.com\/en\/wp-json\/wp\/v2\/pages\/5308","targetHints":{"allow":["GET"]}}],"collection":[{"href":"https:\/\/www.inerco.com\/en\/wp-json\/wp\/v2\/pages"}],"about":[{"href":"https:\/\/www.inerco.com\/en\/wp-json\/wp\/v2\/types\/page"}],"author":[{"embeddable":true,"href":"https:\/\/www.inerco.com\/en\/wp-json\/wp\/v2\/users\/1"}],"replies":[{"embeddable":true,"href":"https:\/\/www.inerco.com\/en\/wp-json\/wp\/v2\/comments?post=5308"}],"version-history":[{"count":5,"href":"https:\/\/www.inerco.com\/en\/wp-json\/wp\/v2\/pages\/5308\/revisions"}],"predecessor-version":[{"id":14827,"href":"https:\/\/www.inerco.com\/en\/wp-json\/wp\/v2\/pages\/5308\/revisions\/14827"}],"up":[{"embeddable":true,"href":"https:\/\/www.inerco.com\/en\/wp-json\/wp\/v2\/pages\/5283"}],"wp:featuredmedia":[{"embeddable":true,"href":"https:\/\/www.inerco.com\/en\/wp-json\/wp\/v2\/media\/4441"}],"wp:attachment":[{"href":"https:\/\/www.inerco.com\/en\/wp-json\/wp\/v2\/media?parent=5308"}],"curies":[{"name":"wp","href":"https:\/\/api.w.org\/{rel}","templated":true}]}}