{"id":5283,"date":"2019-06-14T10:04:01","date_gmt":"2019-06-14T08:04:01","guid":{"rendered":"https:\/\/www.inerco.com\/?page_id=5283"},"modified":"2021-02-26T16:12:29","modified_gmt":"2021-02-26T15:12:29","slug":"people","status":"publish","type":"page","link":"https:\/\/www.inerco.com\/en\/people\/","title":{"rendered":"People"},"content":{"rendered":"<div class=\"wpb-content-wrapper\"><p>[vc_row css_animation=&#8221;&#8221; row_type=&#8221;row&#8221; use_row_as_full_screen_section=&#8221;no&#8221; type=&#8221;full_width&#8221; angled_section=&#8221;no&#8221; text_align=&#8221;left&#8221; background_image_as_pattern=&#8221;without_pattern&#8221;][vc_column][vc_empty_space height=&#8221;40px&#8221;][vc_raw_html]JTNDZGl2JTIwc3R5bGUlM0QlMjJ3aWR0aCUzQTEwMCUyNSUzQiUyMiUzRSUwQSUzQ25hdiUyMGNsYXNzJTNEJTIyc3VibWVudV9wZXJzb25hcyUyMiUzRSUwQSUzQ3NwYW4lMjBjbGFzcyUzRCUyMmVsZW1lbnRvJTIyJTNFJTNDYSUyMGhyZWYlM0QlMjIlMkZlbiUyRnBlb3BsZSUyRndoeS1pbmVyY28lMjIlM0VXaHklMjBJTkVSQ08lM0YlM0MlMkZhJTNFJTNDJTJGc3BhbiUyMCUzRSUwQSUzQ3NwYW4lMjBjbGFzcyUzRCUyMmVsZW1lbnRvJTIyJTNFJTNDYSUyMGhyZWYlM0QlMjIlMkZlbiUyRnBlb3BsZSUyRmN1bHR1cmUtYW5kLXZhbHVlcyUyMiUzRUN1bHR1cmUlMjAlMjYlMjBWYWx1ZXMlM0MlMkZhJTNFJTNDJTJGc3BhbiUyMCUzRSUwQSUzQ3NwYW4lMjBjbGFzcyUzRCUyMmVsZW1lbnRvJTIyJTNFJTNDYSUyMGhyZWYlM0QlMjIlMkZlbiUyRnBlb3BsZSUyRmpvaW4taW5lcmNvJTIyJTNFSm9pbiUyMElORVJDTyUzQyUyRmElM0UlM0MlMkZzcGFuJTIwJTNFJTBBJTNDc3BhbiUyMGNsYXNzJTNEJTIyZWxlbWVudG8lMjIlM0UlM0NhJTIwaHJlZiUzRCUyMiUyRmVuJTJGcGVvcGxlJTJGcmVjcnVpdG1lbnQtcHJvY2VzcyUyMiUzRVJlY3J1aXRtZW50JTIwcHJvY2VzcyUzQyUyRmElM0UlM0MlMkZzcGFuJTIwJTNFJTBBJTNDc3BhbiUyMGNsYXNzJTNEJTIybGFzdCUyMGVsZW1lbnRvJTIyJTNFJTNDYSUyMGhyZWYlM0QlMjJodHRwcyUzQSUyRiUyRmNhcmVlcjIuc3VjY2Vzc2ZhY3RvcnMuZXUlMkZjYXJlZXIlM0Zjb21wYW55JTNEaW5nZW5pZXJhZSUyMiUyMHRhcmdldCUzRCUyMl9ibGFuayUyMiUzRVNlbmQlMjB1cyUyMHlvdXIlMjBDViUzQyUyRmElM0UlM0MlMkZzcGFuJTIwJTNFJTBBJTNDJTJGbmF2JTNFJTBBJTNDJTJGZGl2JTNFJTBB[\/vc_raw_html][vc_empty_space height=&#8221;50px&#8221;][\/vc_column][\/vc_row][vc_row css_animation=&#8221;&#8221; row_type=&#8221;row&#8221; use_row_as_full_screen_section=&#8221;no&#8221; type=&#8221;grid&#8221; angled_section=&#8221;no&#8221; text_align=&#8221;left&#8221; background_image_as_pattern=&#8221;without_pattern&#8221; z_index=&#8221;&#8221;][vc_column][vc_empty_space height=&#8221;70px&#8221;][qode_elements_holder number_of_columns=&#8221;two_columns&#8221; switch_to_one_column=&#8221;600&#8243; alignment_one_column=&#8221;center&#8221;][qode_elements_holder_item vertical_alignment=&#8221;top&#8221; horizontal_alignment=&#8221;center&#8221; advanced_animations=&#8221;no&#8221; item_padding=&#8221;10px 10px 10px 10px&#8221;]<div class=\"q_image_with_text_over q_iwto_hover\"><div class=\"shader\" style=\"background-color: rgba(61,61,61,0.61)\"><\/div><div class=\"shader_hover\" style=\"background-color: rgba(0,150,64,0.54)\"><\/div><img decoding=\"async\" itemprop=\"image\" src=\"https:\/\/www.inerco.com\/wp-content\/uploads\/Personas-Por-que-INERCO.jpg\" alt=\"Personas Por qu\u00e9 INERCO\" \/><div class=\"text\"><table><tr><td><h2 class=\"caption no_icon\" style=\"color: #ffffff;\">Why INERCO?<\/h2><\/td><\/tr><\/table><table><tr><td><div class=\"desc\"><\/p>\n<h2 style=\"text-align: center;\"><a href=\"\/en\/people\/why-inerco\"><span style=\"color: #ffffff !important;\">Why INERCO?<\/span><\/a><\/h2>\n<p><\/div><\/td><\/tr><\/table><\/div><\/div>[\/qode_elements_holder_item][qode_elements_holder_item vertical_alignment=&#8221;top&#8221; horizontal_alignment=&#8221;center&#8221; advanced_animations=&#8221;no&#8221; item_padding=&#8221;10px 10px 10px 10px&#8221;]<div class=\"q_image_with_text_over q_iwto_hover\"><div class=\"shader\" style=\"background-color: rgba(61,61,61,0.61)\"><\/div><div class=\"shader_hover\" style=\"background-color: rgba(0,150,64,0.54)\"><\/div><img decoding=\"async\" itemprop=\"image\" src=\"https:\/\/www.inerco.com\/wp-content\/uploads\/Principios-y-Valores-de-INERCO-1.jpg\" alt=\"Principios y Valores de INERCO\" \/><div class=\"text\"><table><tr><td><h2 class=\"caption no_icon\" style=\"\">Culture &amp; Values<\/h2><\/td><\/tr><\/table><table><tr><td><div class=\"desc\"><\/p>\n<h2 style=\"text-align: center;\"><a href=\"\/en\/people\/culture-and-values\"><span style=\"color: #ffffff;\">Culture &amp; Values<\/span><\/a><\/h2>\n<p><\/div><\/td><\/tr><\/table><\/div><\/div>[\/qode_elements_holder_item][\/qode_elements_holder][qode_elements_holder number_of_columns=&#8221;two_columns&#8221; switch_to_one_column=&#8221;600&#8243; alignment_one_column=&#8221;center&#8221;][qode_elements_holder_item vertical_alignment=&#8221;top&#8221; horizontal_alignment=&#8221;center&#8221; advanced_animations=&#8221;no&#8221; item_padding=&#8221;10px 10px 10px 10px&#8221;]<div class=\"q_image_with_text_over q_iwto_hover\"><div class=\"shader\" style=\"background-color: rgba(61,61,61,0.61)\"><\/div><div class=\"shader_hover\" style=\"background-color: rgba(0,150,64,0.54)\"><\/div><img decoding=\"async\" itemprop=\"image\" src=\"https:\/\/www.inerco.com\/wp-content\/uploads\/INERCO-Trabajar-en-INERCO.jpg\" alt=\"INERCO Trabajar en INERCO\" \/><div class=\"text\"><table><tr><td><h2 class=\"caption no_icon\" style=\"\">Join INERCO<\/h2><\/td><\/tr><\/table><table><tr><td><div class=\"desc\"><\/p>\n<h2 style=\"text-align: center;\"><a href=\"\/en\/people\/join-inerco\"><span style=\"color: #ffffff;\">Join INERCO<\/span><\/a><\/h2>\n<p><\/div><\/td><\/tr><\/table><\/div><\/div>[\/qode_elements_holder_item][qode_elements_holder_item vertical_alignment=&#8221;top&#8221; horizontal_alignment=&#8221;center&#8221; advanced_animations=&#8221;no&#8221; item_padding=&#8221;10px 10px 10px 10px&#8221;]<div class=\"q_image_with_text_over q_iwto_hover\"><div class=\"shader\" style=\"background-color: rgba(61,61,61,0.61)\"><\/div><div class=\"shader_hover\" style=\"background-color: rgba(0,150,64,0.54)\"><\/div><img decoding=\"async\" itemprop=\"image\" src=\"https:\/\/www.inerco.com\/wp-content\/uploads\/INERCO-Proceso-de-Seleccion.jpg\" alt=\"INERCO Proceso de Selecci\u00f3n\" \/><div class=\"text\"><table><tr><td><h2 class=\"caption no_icon\" style=\"\">Recruitment process<\/h2><\/td><\/tr><\/table><table><tr><td><div class=\"desc\"><\/p>\n<h2 style=\"text-align: center;\"><a href=\"\/en\/people\/recruitment-process\"><span style=\"color: #ffffff;\">Recruitment process<\/span><\/a><\/h2>\n<p><\/div><\/td><\/tr><\/table><\/div><\/div>[\/qode_elements_holder_item][\/qode_elements_holder][qode_elements_holder number_of_columns=&#8221;one_column&#8221; switch_to_one_column=&#8221;600&#8243; alignment_one_column=&#8221;center&#8221;][qode_elements_holder_item vertical_alignment=&#8221;top&#8221; horizontal_alignment=&#8221;center&#8221; advanced_animations=&#8221;no&#8221; item_padding=&#8221;10px 10px 10px 10px&#8221;]<div class=\"q_image_with_text_over q_iwto_hover\"><div class=\"shader\" style=\"background-color: rgba(12,12,12,0.61)\"><\/div><div class=\"shader_hover\" style=\"background-color: rgba(0,150,64,0.54)\"><\/div><img decoding=\"async\" itemprop=\"image\" src=\"https:\/\/www.inerco.com\/wp-content\/uploads\/INERCO-Dejanos-tu-CV.jpg\" alt=\"INERCO D\u00e9janos tu CV\" \/><div class=\"text\"><table><tr><td><h2 class=\"caption no_icon\" style=\"\">Send us your CV<\/h2><\/td><\/tr><\/table><table><tr><td><div class=\"desc\"><\/p>\n<h2 style=\"text-align: center;\"><a href=\"https:\/\/career2.successfactors.eu\/career?company=ingenierae\" target=\"_blank\" rel=\"noopener noreferrer\"><span style=\"color: #ffffff;\">Send us your CV<\/span><\/a><\/h2>\n<p><\/div><\/td><\/tr><\/table><\/div><\/div>[\/qode_elements_holder_item][\/qode_elements_holder][\/vc_column][\/vc_row][vc_row css_animation=&#8221;&#8221; row_type=&#8221;row&#8221; use_row_as_full_screen_section=&#8221;no&#8221; type=&#8221;full_width&#8221; angled_section=&#8221;no&#8221; text_align=&#8221;left&#8221; background_image_as_pattern=&#8221;without_pattern&#8221; el_id=&#8221;cultura-inerco&#8221; z_index=&#8221;&#8221;][vc_column][vc_empty_space height=&#8221;40px&#8221;][\/vc_column][\/vc_row]<\/p>\n<\/div>","protected":false},"excerpt":{"rendered":"<p>[vc_row css_animation=&#8221;&#8221; row_type=&#8221;row&#8221; use_row_as_full_screen_section=&#8221;no&#8221; type=&#8221;full_width&#8221; angled_section=&#8221;no&#8221; text_align=&#8221;left&#8221; background_image_as_pattern=&#8221;without_pattern&#8221;][vc_column][vc_empty_space height=&#8221;40px&#8221;][vc_raw_html]JTNDZGl2JTIwc3R5bGUlM0QlMjJ3aWR0aCUzQTEwMCUyNSUzQiUyMiUzRSUwQSUzQ25hdiUyMGNsYXNzJTNEJTIyc3VibWVudV9wZXJzb25hcyUyMiUzRSUwQSUzQ3NwYW4lMjBjbGFzcyUzRCUyMmVsZW1lbnRvJTIyJTNFJTNDYSUyMGhyZWYlM0QlMjIlMkZlbiUyRnBlb3BsZSUyRndoeS1pbmVyY28lMjIlM0VXaHklMjBJTkVSQ08lM0YlM0MlMkZhJTNFJTNDJTJGc3BhbiUyMCUzRSUwQSUzQ3NwYW4lMjBjbGFzcyUzRCUyMmVsZW1lbnRvJTIyJTNFJTNDYSUyMGhyZWYlM0QlMjIlMkZlbiUyRnBlb3BsZSUyRmN1bHR1cmUtYW5kLXZhbHVlcyUyMiUzRUN1bHR1cmUlMjAlMjYlMjBWYWx1ZXMlM0MlMkZhJTNFJTNDJTJGc3BhbiUyMCUzRSUwQSUzQ3NwYW4lMjBjbGFzcyUzRCUyMmVsZW1lbnRvJTIyJTNFJTNDYSUyMGhyZWYlM0QlMjIlMkZlbiUyRnBlb3BsZSUyRmpvaW4taW5lcmNvJTIyJTNFSm9pbiUyMElORVJDTyUzQyUyRmElM0UlM0MlMkZzcGFuJTIwJTNFJTBBJTNDc3BhbiUyMGNsYXNzJTNEJTIyZWxlbWVudG8lMjIlM0UlM0NhJTIwaHJlZiUzRCUyMiUyRmVuJTJGcGVvcGxlJTJGcmVjcnVpdG1lbnQtcHJvY2VzcyUyMiUzRVJlY3J1aXRtZW50JTIwcHJvY2VzcyUzQyUyRmElM0UlM0MlMkZzcGFuJTIwJTNFJTBBJTNDc3BhbiUyMGNsYXNzJTNEJTIybGFzdCUyMGVsZW1lbnRvJTIyJTNFJTNDYSUyMGhyZWYlM0QlMjJodHRwcyUzQSUyRiUyRmNhcmVlcjIuc3VjY2Vzc2ZhY3RvcnMuZXUlMkZjYXJlZXIlM0Zjb21wYW55JTNEaW5nZW5pZXJhZSUyMiUyMHRhcmdldCUzRCUyMl9ibGFuayUyMiUzRVNlbmQlMjB1cyUyMHlvdXIlMjBDViUzQyUyRmElM0UlM0MlMkZzcGFuJTIwJTNFJTBBJTNDJTJGbmF2JTNFJTBBJTNDJTJGZGl2JTNFJTBB[\/vc_raw_html][vc_empty_space height=&#8221;50px&#8221;][\/vc_column][\/vc_row][vc_row css_animation=&#8221;&#8221; row_type=&#8221;row&#8221; use_row_as_full_screen_section=&#8221;no&#8221; type=&#8221;grid&#8221; angled_section=&#8221;no&#8221;&#8230;<\/p>\n","protected":false},"author":1,"featured_media":6554,"parent":0,"menu_order":0,"comment_status":"closed","ping_status":"closed","template":"","meta":{"footnotes":""},"class_list":["post-5283","page","type-page","status-publish","has-post-thumbnail","hentry"],"yoast_head":"<!-- This site is optimized with the Yoast SEO plugin v26.4 - https:\/\/yoast.com\/wordpress\/plugins\/seo\/ -->\n<title>People - INERCO<\/title>\n<meta name=\"robots\" content=\"noindex, nofollow\" \/>\n<meta property=\"og:locale\" content=\"en_US\" \/>\n<meta property=\"og:type\" content=\"article\" \/>\n<meta property=\"og:title\" content=\"People - INERCO\" \/>\n<meta property=\"og:description\" content=\"[vc_row css_animation=&#8221;&#8221; row_type=&#8221;row&#8221; use_row_as_full_screen_section=&#8221;no&#8221; type=&#8221;full_width&#8221; angled_section=&#8221;no&#8221; text_align=&#8221;left&#8221; background_image_as_pattern=&#8221;without_pattern&#8221;][vc_column][vc_empty_space height=&#8221;40px&#8221;][vc_raw_html]JTNDZGl2JTIwc3R5bGUlM0QlMjJ3aWR0aCUzQTEwMCUyNSUzQiUyMiUzRSUwQSUzQ25hdiUyMGNsYXNzJTNEJTIyc3VibWVudV9wZXJzb25hcyUyMiUzRSUwQSUzQ3NwYW4lMjBjbGFzcyUzRCUyMmVsZW1lbnRvJTIyJTNFJTNDYSUyMGhyZWYlM0QlMjIlMkZlbiUyRnBlb3BsZSUyRndoeS1pbmVyY28lMjIlM0VXaHklMjBJTkVSQ08lM0YlM0MlMkZhJTNFJTNDJTJGc3BhbiUyMCUzRSUwQSUzQ3NwYW4lMjBjbGFzcyUzRCUyMmVsZW1lbnRvJTIyJTNFJTNDYSUyMGhyZWYlM0QlMjIlMkZlbiUyRnBlb3BsZSUyRmN1bHR1cmUtYW5kLXZhbHVlcyUyMiUzRUN1bHR1cmUlMjAlMjYlMjBWYWx1ZXMlM0MlMkZhJTNFJTNDJTJGc3BhbiUyMCUzRSUwQSUzQ3NwYW4lMjBjbGFzcyUzRCUyMmVsZW1lbnRvJTIyJTNFJTNDYSUyMGhyZWYlM0QlMjIlMkZlbiUyRnBlb3BsZSUyRmpvaW4taW5lcmNvJTIyJTNFSm9pbiUyMElORVJDTyUzQyUyRmElM0UlM0MlMkZzcGFuJTIwJTNFJTBBJTNDc3BhbiUyMGNsYXNzJTNEJTIyZWxlbWVudG8lMjIlM0UlM0NhJTIwaHJlZiUzRCUyMiUyRmVuJTJGcGVvcGxlJTJGcmVjcnVpdG1lbnQtcHJvY2VzcyUyMiUzRVJlY3J1aXRtZW50JTIwcHJvY2VzcyUzQyUyRmElM0UlM0MlMkZzcGFuJTIwJTNFJTBBJTNDc3BhbiUyMGNsYXNzJTNEJTIybGFzdCUyMGVsZW1lbnRvJTIyJTNFJTNDYSUyMGhyZWYlM0QlMjJodHRwcyUzQSUyRiUyRmNhcmVlcjIuc3VjY2Vzc2ZhY3RvcnMuZXUlMkZjYXJlZXIlM0Zjb21wYW55JTNEaW5nZW5pZXJhZSUyMiUyMHRhcmdldCUzRCUyMl9ibGFuayUyMiUzRVNlbmQlMjB1cyUyMHlvdXIlMjBDViUzQyUyRmElM0UlM0MlMkZzcGFuJTIwJTNFJTBBJTNDJTJGbmF2JTNFJTBBJTNDJTJGZGl2JTNFJTBB[\/vc_raw_html][vc_empty_space height=&#8221;50px&#8221;][\/vc_column][\/vc_row][vc_row css_animation=&#8221;&#8221; row_type=&#8221;row&#8221; use_row_as_full_screen_section=&#8221;no&#8221; type=&#8221;grid&#8221; angled_section=&#8221;no&#8221;...\" \/>\n<meta property=\"og:url\" content=\"https:\/\/www.inerco.com\/en\/people\/\" \/>\n<meta property=\"og:site_name\" content=\"INERCO\" \/>\n<meta property=\"article:modified_time\" content=\"2021-02-26T15:12:29+00:00\" \/>\n<meta property=\"og:image\" content=\"https:\/\/www.inerco.com\/wp-content\/uploads\/Personas-INERCO.jpg\" \/>\n\t<meta property=\"og:image:width\" content=\"1920\" \/>\n\t<meta property=\"og:image:height\" content=\"650\" \/>\n\t<meta property=\"og:image:type\" content=\"image\/jpeg\" \/>\n<meta name=\"twitter:card\" content=\"summary_large_image\" \/>\n<meta name=\"twitter:site\" content=\"@Inerco_\" \/>\n<script type=\"application\/ld+json\" class=\"yoast-schema-graph\">{\"@context\":\"https:\/\/schema.org\",\"@graph\":[{\"@type\":\"WebPage\",\"@id\":\"https:\/\/www.inerco.com\/en\/people\/\",\"url\":\"https:\/\/www.inerco.com\/en\/people\/\",\"name\":\"People - INERCO\",\"isPartOf\":{\"@id\":\"https:\/\/www.inerco.com\/es\/#website\"},\"primaryImageOfPage\":{\"@id\":\"https:\/\/www.inerco.com\/en\/people\/#primaryimage\"},\"image\":{\"@id\":\"https:\/\/www.inerco.com\/en\/people\/#primaryimage\"},\"thumbnailUrl\":\"https:\/\/www.inerco.com\/wp-content\/uploads\/Personas-INERCO.jpg\",\"datePublished\":\"2019-06-14T08:04:01+00:00\",\"dateModified\":\"2021-02-26T15:12:29+00:00\",\"breadcrumb\":{\"@id\":\"https:\/\/www.inerco.com\/en\/people\/#breadcrumb\"},\"inLanguage\":\"en-US\",\"potentialAction\":[{\"@type\":\"ReadAction\",\"target\":[\"https:\/\/www.inerco.com\/en\/people\/\"]}]},{\"@type\":\"ImageObject\",\"inLanguage\":\"en-US\",\"@id\":\"https:\/\/www.inerco.com\/en\/people\/#primaryimage\",\"url\":\"https:\/\/www.inerco.com\/wp-content\/uploads\/Personas-INERCO.jpg\",\"contentUrl\":\"https:\/\/www.inerco.com\/wp-content\/uploads\/Personas-INERCO.jpg\",\"width\":1920,\"height\":650},{\"@type\":\"BreadcrumbList\",\"@id\":\"https:\/\/www.inerco.com\/en\/people\/#breadcrumb\",\"itemListElement\":[{\"@type\":\"ListItem\",\"position\":1,\"name\":\"Home\",\"item\":\"https:\/\/www.inerco.com\/en\/\"},{\"@type\":\"ListItem\",\"position\":2,\"name\":\"People\"}]},{\"@type\":\"WebSite\",\"@id\":\"https:\/\/www.inerco.com\/es\/#website\",\"url\":\"https:\/\/www.inerco.com\/es\/\",\"name\":\"INERCO\",\"description\":\"Tecnolog\u00eda, ingenier\u00eda y consultor\u00eda integral para el desarrollo industrial sostenible\",\"potentialAction\":[{\"@type\":\"SearchAction\",\"target\":{\"@type\":\"EntryPoint\",\"urlTemplate\":\"https:\/\/www.inerco.com\/es\/?s={search_term_string}\"},\"query-input\":{\"@type\":\"PropertyValueSpecification\",\"valueRequired\":true,\"valueName\":\"search_term_string\"}}],\"inLanguage\":\"en-US\"}]}<\/script>\n<!-- \/ Yoast SEO plugin. -->","yoast_head_json":{"title":"People - INERCO","robots":{"index":"noindex","follow":"nofollow"},"og_locale":"en_US","og_type":"article","og_title":"People - INERCO","og_description":"[vc_row css_animation=&#8221;&#8221; row_type=&#8221;row&#8221; use_row_as_full_screen_section=&#8221;no&#8221; type=&#8221;full_width&#8221; angled_section=&#8221;no&#8221; text_align=&#8221;left&#8221; background_image_as_pattern=&#8221;without_pattern&#8221;][vc_column][vc_empty_space height=&#8221;40px&#8221;][vc_raw_html]JTNDZGl2JTIwc3R5bGUlM0QlMjJ3aWR0aCUzQTEwMCUyNSUzQiUyMiUzRSUwQSUzQ25hdiUyMGNsYXNzJTNEJTIyc3VibWVudV9wZXJzb25hcyUyMiUzRSUwQSUzQ3NwYW4lMjBjbGFzcyUzRCUyMmVsZW1lbnRvJTIyJTNFJTNDYSUyMGhyZWYlM0QlMjIlMkZlbiUyRnBlb3BsZSUyRndoeS1pbmVyY28lMjIlM0VXaHklMjBJTkVSQ08lM0YlM0MlMkZhJTNFJTNDJTJGc3BhbiUyMCUzRSUwQSUzQ3NwYW4lMjBjbGFzcyUzRCUyMmVsZW1lbnRvJTIyJTNFJTNDYSUyMGhyZWYlM0QlMjIlMkZlbiUyRnBlb3BsZSUyRmN1bHR1cmUtYW5kLXZhbHVlcyUyMiUzRUN1bHR1cmUlMjAlMjYlMjBWYWx1ZXMlM0MlMkZhJTNFJTNDJTJGc3BhbiUyMCUzRSUwQSUzQ3NwYW4lMjBjbGFzcyUzRCUyMmVsZW1lbnRvJTIyJTNFJTNDYSUyMGhyZWYlM0QlMjIlMkZlbiUyRnBlb3BsZSUyRmpvaW4taW5lcmNvJTIyJTNFSm9pbiUyMElORVJDTyUzQyUyRmElM0UlM0MlMkZzcGFuJTIwJTNFJTBBJTNDc3BhbiUyMGNsYXNzJTNEJTIyZWxlbWVudG8lMjIlM0UlM0NhJTIwaHJlZiUzRCUyMiUyRmVuJTJGcGVvcGxlJTJGcmVjcnVpdG1lbnQtcHJvY2VzcyUyMiUzRVJlY3J1aXRtZW50JTIwcHJvY2VzcyUzQyUyRmElM0UlM0MlMkZzcGFuJTIwJTNFJTBBJTNDc3BhbiUyMGNsYXNzJTNEJTIybGFzdCUyMGVsZW1lbnRvJTIyJTNFJTNDYSUyMGhyZWYlM0QlMjJodHRwcyUzQSUyRiUyRmNhcmVlcjIuc3VjY2Vzc2ZhY3RvcnMuZXUlMkZjYXJlZXIlM0Zjb21wYW55JTNEaW5nZW5pZXJhZSUyMiUyMHRhcmdldCUzRCUyMl9ibGFuayUyMiUzRVNlbmQlMjB1cyUyMHlvdXIlMjBDViUzQyUyRmElM0UlM0MlMkZzcGFuJTIwJTNFJTBBJTNDJTJGbmF2JTNFJTBBJTNDJTJGZGl2JTNFJTBB[\/vc_raw_html][vc_empty_space height=&#8221;50px&#8221;][\/vc_column][\/vc_row][vc_row css_animation=&#8221;&#8221; row_type=&#8221;row&#8221; use_row_as_full_screen_section=&#8221;no&#8221; type=&#8221;grid&#8221; angled_section=&#8221;no&#8221;...","og_url":"https:\/\/www.inerco.com\/en\/people\/","og_site_name":"INERCO","article_modified_time":"2021-02-26T15:12:29+00:00","og_image":[{"width":1920,"height":650,"url":"https:\/\/www.inerco.com\/wp-content\/uploads\/Personas-INERCO.jpg","type":"image\/jpeg"}],"twitter_card":"summary_large_image","twitter_site":"@Inerco_","schema":{"@context":"https:\/\/schema.org","@graph":[{"@type":"WebPage","@id":"https:\/\/www.inerco.com\/en\/people\/","url":"https:\/\/www.inerco.com\/en\/people\/","name":"People - INERCO","isPartOf":{"@id":"https:\/\/www.inerco.com\/es\/#website"},"primaryImageOfPage":{"@id":"https:\/\/www.inerco.com\/en\/people\/#primaryimage"},"image":{"@id":"https:\/\/www.inerco.com\/en\/people\/#primaryimage"},"thumbnailUrl":"https:\/\/www.inerco.com\/wp-content\/uploads\/Personas-INERCO.jpg","datePublished":"2019-06-14T08:04:01+00:00","dateModified":"2021-02-26T15:12:29+00:00","breadcrumb":{"@id":"https:\/\/www.inerco.com\/en\/people\/#breadcrumb"},"inLanguage":"en-US","potentialAction":[{"@type":"ReadAction","target":["https:\/\/www.inerco.com\/en\/people\/"]}]},{"@type":"ImageObject","inLanguage":"en-US","@id":"https:\/\/www.inerco.com\/en\/people\/#primaryimage","url":"https:\/\/www.inerco.com\/wp-content\/uploads\/Personas-INERCO.jpg","contentUrl":"https:\/\/www.inerco.com\/wp-content\/uploads\/Personas-INERCO.jpg","width":1920,"height":650},{"@type":"BreadcrumbList","@id":"https:\/\/www.inerco.com\/en\/people\/#breadcrumb","itemListElement":[{"@type":"ListItem","position":1,"name":"Home","item":"https:\/\/www.inerco.com\/en\/"},{"@type":"ListItem","position":2,"name":"People"}]},{"@type":"WebSite","@id":"https:\/\/www.inerco.com\/es\/#website","url":"https:\/\/www.inerco.com\/es\/","name":"INERCO","description":"Tecnolog\u00eda, ingenier\u00eda y consultor\u00eda integral para el desarrollo industrial sostenible","potentialAction":[{"@type":"SearchAction","target":{"@type":"EntryPoint","urlTemplate":"https:\/\/www.inerco.com\/es\/?s={search_term_string}"},"query-input":{"@type":"PropertyValueSpecification","valueRequired":true,"valueName":"search_term_string"}}],"inLanguage":"en-US"}]}},"_links":{"self":[{"href":"https:\/\/www.inerco.com\/en\/wp-json\/wp\/v2\/pages\/5283","targetHints":{"allow":["GET"]}}],"collection":[{"href":"https:\/\/www.inerco.com\/en\/wp-json\/wp\/v2\/pages"}],"about":[{"href":"https:\/\/www.inerco.com\/en\/wp-json\/wp\/v2\/types\/page"}],"author":[{"embeddable":true,"href":"https:\/\/www.inerco.com\/en\/wp-json\/wp\/v2\/users\/1"}],"replies":[{"embeddable":true,"href":"https:\/\/www.inerco.com\/en\/wp-json\/wp\/v2\/comments?post=5283"}],"version-history":[{"count":5,"href":"https:\/\/www.inerco.com\/en\/wp-json\/wp\/v2\/pages\/5283\/revisions"}],"predecessor-version":[{"id":6427,"href":"https:\/\/www.inerco.com\/en\/wp-json\/wp\/v2\/pages\/5283\/revisions\/6427"}],"wp:featuredmedia":[{"embeddable":true,"href":"https:\/\/www.inerco.com\/en\/wp-json\/wp\/v2\/media\/6554"}],"wp:attachment":[{"href":"https:\/\/www.inerco.com\/en\/wp-json\/wp\/v2\/media?parent=5283"}],"curies":[{"name":"wp","href":"https:\/\/api.w.org\/{rel}","templated":true}]}}