{"id":4657,"date":"2020-06-23T18:12:09","date_gmt":"2020-06-23T16:12:09","guid":{"rendered":"https:\/\/www.inerco.com\/?page_id=4657"},"modified":"2020-06-23T18:36:52","modified_gmt":"2020-06-23T16:36:52","slug":"optimizacion-de-unidades-de-recuperacion-de-azufre-y-aminas","status":"publish","type":"page","link":"https:\/\/www.inerco.com\/en\/energy-technologies\/optimizacion-de-unidades-de-recuperacion-de-azufre-y-aminas\/","title":{"rendered":"Optimizaci\u00f3n de unidades de recuperaci\u00f3n de azufre y aminas"},"content":{"rendered":"<div class=\"wpb-content-wrapper\"><p>[vc_row css_animation=&#8221;&#8221; row_type=&#8221;row&#8221; use_row_as_full_screen_section=&#8221;no&#8221; type=&#8221;full_width&#8221; angled_section=&#8221;no&#8221; text_align=&#8221;left&#8221; background_image_as_pattern=&#8221;without_pattern&#8221;][vc_column][vc_empty_space height=&#8221;60px&#8221;][\/vc_column][\/vc_row][vc_row css_animation=&#8221;&#8221; row_type=&#8221;row&#8221; use_row_as_full_screen_section=&#8221;no&#8221; type=&#8221;grid&#8221; angled_section=&#8221;no&#8221; text_align=&#8221;left&#8221; background_image_as_pattern=&#8221;without_pattern&#8221; z_index=&#8221;&#8221; css=&#8221;.vc_custom_1518611434899{padding-top: 25px !important;}&#8221;][vc_column width=&#8221;3\/4&#8243;]<div class=\"custom_font_holder \" style=\" font-style: normal; font-weight: 200; text-decoration: none; text-align: left; --qode-cf-font-size: 30px; --qode-cf-line-height: 35px; --qode-cf-font-size-1440: 30px; --qode-cf-line-height-1440: 35px; --qode-cf-font-size-1366: 30px; --qode-cf-line-height-1366: 35px; --qode-cf-font-size-1280: 30px; --qode-cf-line-height-1280: 35px; --qode-cf-font-size-1024: 30px; --qode-cf-line-height-1024: 35px; --qode-cf-font-size-768: 30px; --qode-cf-line-height-768: 35px; --qode-cf-font-size-680: 30px; --qode-cf-line-height-680: 35px; --qode-cf-font-size-480: 30px; --qode-cf-line-height-480: 35px;\"><strong>INERCO<\/strong> ofrece en este campo soluciones para la caracterizaci\u00f3n y optimizaci\u00f3n del funcionamiento de unidades de recuperaci\u00f3n de azufre, aminas y aguas \u00e1cidas, apoyando en operaci\u00f3n, reduciendo emisiones, y minimizando costes.<\/div>[vc_empty_space height=&#8221;50px&#8221;][vc_column_text]Nuestro partner en este campo, la empresa canadiense <a href=\"https:\/\/www.sulfurrecovery.com\/\" target=\"_blank\" rel=\"noopener noreferrer\">Sulfur Recovery Engineering<\/a>, dispone de una gran especializaci\u00f3n y experiencia en este campo desde hace m\u00e1s de 20 a\u00f1os. Esto, unido a los conocimientos de dise\u00f1o de plantas y optimizaci\u00f3n de procesos que aporta <strong>INERCO<\/strong>, hace que nuestra alianza est\u00e9 situada al m\u00e1s alto nivel internacional.<\/p>\n<p>Nuestros servicios van m\u00e1s all\u00e1 de la caracterizaci\u00f3n y optimizaci\u00f3n, habiendo otros muy valorados por nuestros clientes:[\/vc_column_text][vc_empty_space height=&#8221;50px&#8221;][vc_row_inner row_type=&#8221;row&#8221; type=&#8221;full_width&#8221; text_align=&#8221;left&#8221; css_animation=&#8221;&#8221;][vc_column_inner]<div class=\"q_icon_list\"><span aria-hidden=\"true\" class=\"qode_icon_font_elegant arrow_right qode-ili-icon-holder transparent\" style=\"color: #009640;\" ><\/span><p style=\"color:#000000;\">Asistencia en procesos de arranque y parada.<\/p><\/div><div class=\"q_icon_list\"><span aria-hidden=\"true\" class=\"qode_icon_font_elegant arrow_right qode-ili-icon-holder transparent\" style=\"color: #009640;\" ><\/span><p style=\"color:#000000;\">Inspecci\u00f3n y dise\u00f1o de mejoras.<\/p><\/div><div class=\"q_icon_list\"><span aria-hidden=\"true\" class=\"qode_icon_font_elegant arrow_right qode-ili-icon-holder transparent\" style=\"color: #009640;\" ><\/span><p style=\"color:#000000;\">Gesti\u00f3n de puesta en marcha de nuevas plantas, y performance testing.<\/p><\/div><div class=\"q_icon_list\"><span aria-hidden=\"true\" class=\"qode_icon_font_elegant arrow_right qode-ili-icon-holder transparent\" style=\"color: #009640;\" ><\/span><p style=\"color:#000000;\">An\u00e1lisis completo de especificaci\u00f3n de azufre.<\/p><\/div><div class=\"q_icon_list\"><span aria-hidden=\"true\" class=\"qode_icon_font_elegant arrow_right qode-ili-icon-holder transparent\" style=\"color: #009640;\" ><\/span><p style=\"color:#000000;\">Test de contaminaci\u00f3n por componentes traza.<\/p><\/div><div class=\"q_icon_list\"><span aria-hidden=\"true\" class=\"qode_icon_font_elegant arrow_right qode-ili-icon-holder transparent\" style=\"color: #009640;\" ><\/span><p style=\"color:#000000;\">Apoyo en situaciones de emergencia.<\/p><\/div><div class=\"q_icon_list\"><span aria-hidden=\"true\" class=\"qode_icon_font_elegant arrow_right qode-ili-icon-holder transparent\" style=\"color: #009640;\" ><\/span><p style=\"color:#000000;\">Formaci\u00f3n a operadores e ingenieros de planta.<\/p><\/div><div class=\"q_icon_list\"><span aria-hidden=\"true\" class=\"qode_icon_font_elegant arrow_right qode-ili-icon-holder transparent\" style=\"color: #009640;\" ><\/span><p style=\"color:#000000;\">An\u00e1lisis de cuellos de botella en la operaci\u00f3n.<\/p><\/div>[\/vc_column_inner][\/vc_row_inner][vc_empty_space height=&#8221;30px&#8221;][vc_column_text]<strong>El software que empleamos se adapta de manera espec\u00edfica a cada planta<\/strong>, de forma que para cada modificaci\u00f3n de par\u00e1metros operacionales se puede determinar el impacto en el proceso antes de aplicarlo. Esta misma plataforma puede utilizarse para el entrenamiento de operadores.[\/vc_column_text][\/vc_column][vc_column width=&#8221;1\/4&#8243;][vc_widget_sidebar sidebar_id=&#8221;Antonio Alvarado&#8221;][\/vc_column][\/vc_row][vc_row css_animation=&#8221;&#8221; row_type=&#8221;row&#8221; use_row_as_full_screen_section=&#8221;no&#8221; type=&#8221;full_width&#8221; angled_section=&#8221;no&#8221; text_align=&#8221;left&#8221; background_image_as_pattern=&#8221;without_pattern&#8221;][vc_column][vc_empty_space height=&#8221;100px&#8221;][\/vc_column][\/vc_row]<\/p>\n<\/div>","protected":false},"excerpt":{"rendered":"<p>[vc_row css_animation=&#8221;&#8221; row_type=&#8221;row&#8221; use_row_as_full_screen_section=&#8221;no&#8221; type=&#8221;full_width&#8221; angled_section=&#8221;no&#8221; text_align=&#8221;left&#8221; background_image_as_pattern=&#8221;without_pattern&#8221;][vc_column][vc_empty_space height=&#8221;60px&#8221;][\/vc_column][\/vc_row][vc_row css_animation=&#8221;&#8221; row_type=&#8221;row&#8221; use_row_as_full_screen_section=&#8221;no&#8221; type=&#8221;grid&#8221; angled_section=&#8221;no&#8221; text_align=&#8221;left&#8221;&#8230;<\/p>\n","protected":false},"author":1,"featured_media":13703,"parent":3493,"menu_order":0,"comment_status":"closed","ping_status":"closed","template":"","meta":{"footnotes":""},"class_list":["post-4657","page","type-page","status-publish","has-post-thumbnail","hentry"],"yoast_head":"<!-- This site is optimized with the Yoast SEO plugin v27.3 - https:\/\/yoast.com\/product\/yoast-seo-wordpress\/ -->\n<title>Optimizaci\u00f3n de unidades de recuperaci\u00f3n de azufre y aminas - INERCO<\/title>\n<meta name=\"robots\" content=\"index, follow, max-snippet:-1, max-image-preview:large, max-video-preview:-1\" \/>\n<link rel=\"canonical\" href=\"https:\/\/www.inerco.com\/es\/tecnologia-energetica\/optimizacion-de-unidades-de-recuperacion-de-azufre-y-aminas\/\" \/>\n<meta property=\"og:locale\" content=\"en_US\" \/>\n<meta property=\"og:type\" content=\"article\" \/>\n<meta property=\"og:title\" content=\"Optimizaci\u00f3n de unidades de recuperaci\u00f3n de azufre y aminas - INERCO\" \/>\n<meta property=\"og:description\" content=\"[vc_row css_animation=&#8221;&#8221; row_type=&#8221;row&#8221; use_row_as_full_screen_section=&#8221;no&#8221; type=&#8221;full_width&#8221; angled_section=&#8221;no&#8221; text_align=&#8221;left&#8221; background_image_as_pattern=&#8221;without_pattern&#8221;][vc_column][vc_empty_space height=&#8221;60px&#8221;][\/vc_column][\/vc_row][vc_row css_animation=&#8221;&#8221; row_type=&#8221;row&#8221; use_row_as_full_screen_section=&#8221;no&#8221; type=&#8221;grid&#8221; angled_section=&#8221;no&#8221; text_align=&#8221;left&#8221;...\" \/>\n<meta property=\"og:url\" content=\"https:\/\/www.inerco.com\/es\/tecnologia-energetica\/optimizacion-de-unidades-de-recuperacion-de-azufre-y-aminas\/\" \/>\n<meta property=\"og:site_name\" content=\"INERCO\" \/>\n<meta property=\"article:modified_time\" content=\"2020-06-23T16:36:52+00:00\" \/>\n<meta property=\"og:image\" content=\"https:\/\/www.inerco.com\/wp-content\/uploads\/Base-Tecnolog\u00eda-Energ\u00e9tica-INERCO.jpg\" \/>\n\t<meta property=\"og:image:width\" content=\"1920\" \/>\n\t<meta property=\"og:image:height\" content=\"700\" \/>\n\t<meta property=\"og:image:type\" content=\"image\/jpeg\" \/>\n<meta name=\"twitter:card\" content=\"summary_large_image\" \/>\n<meta name=\"twitter:site\" content=\"@Inerco_\" \/>\n<script type=\"application\/ld+json\" class=\"yoast-schema-graph\">{\"@context\":\"https:\\\/\\\/schema.org\",\"@graph\":[{\"@type\":\"WebPage\",\"@id\":\"https:\\\/\\\/www.inerco.com\\\/es\\\/tecnologia-energetica\\\/optimizacion-de-unidades-de-recuperacion-de-azufre-y-aminas\\\/\",\"url\":\"https:\\\/\\\/www.inerco.com\\\/es\\\/tecnologia-energetica\\\/optimizacion-de-unidades-de-recuperacion-de-azufre-y-aminas\\\/\",\"name\":\"Optimizaci\u00f3n de unidades de recuperaci\u00f3n de azufre y aminas - INERCO\",\"isPartOf\":{\"@id\":\"https:\\\/\\\/www.inerco.com\\\/es\\\/#website\"},\"primaryImageOfPage\":{\"@id\":\"https:\\\/\\\/www.inerco.com\\\/es\\\/tecnologia-energetica\\\/optimizacion-de-unidades-de-recuperacion-de-azufre-y-aminas\\\/#primaryimage\"},\"image\":{\"@id\":\"https:\\\/\\\/www.inerco.com\\\/es\\\/tecnologia-energetica\\\/optimizacion-de-unidades-de-recuperacion-de-azufre-y-aminas\\\/#primaryimage\"},\"thumbnailUrl\":\"https:\\\/\\\/www.inerco.com\\\/wp-content\\\/uploads\\\/Optimizacion-de-unidades-de-recuperacion-de-azufre-y-aminas-INERCO.jpg\",\"datePublished\":\"2020-06-23T16:12:09+00:00\",\"dateModified\":\"2020-06-23T16:36:52+00:00\",\"breadcrumb\":{\"@id\":\"https:\\\/\\\/www.inerco.com\\\/es\\\/tecnologia-energetica\\\/optimizacion-de-unidades-de-recuperacion-de-azufre-y-aminas\\\/#breadcrumb\"},\"inLanguage\":\"en-US\",\"potentialAction\":[{\"@type\":\"ReadAction\",\"target\":[\"https:\\\/\\\/www.inerco.com\\\/es\\\/tecnologia-energetica\\\/optimizacion-de-unidades-de-recuperacion-de-azufre-y-aminas\\\/\"]}]},{\"@type\":\"ImageObject\",\"inLanguage\":\"en-US\",\"@id\":\"https:\\\/\\\/www.inerco.com\\\/es\\\/tecnologia-energetica\\\/optimizacion-de-unidades-de-recuperacion-de-azufre-y-aminas\\\/#primaryimage\",\"url\":\"https:\\\/\\\/www.inerco.com\\\/wp-content\\\/uploads\\\/Optimizacion-de-unidades-de-recuperacion-de-azufre-y-aminas-INERCO.jpg\",\"contentUrl\":\"https:\\\/\\\/www.inerco.com\\\/wp-content\\\/uploads\\\/Optimizacion-de-unidades-de-recuperacion-de-azufre-y-aminas-INERCO.jpg\",\"width\":500,\"height\":225,\"caption\":\"Optimizaci\u00f3n de unidades de recuperaci\u00f3n de azufre y aminas INERCO\"},{\"@type\":\"BreadcrumbList\",\"@id\":\"https:\\\/\\\/www.inerco.com\\\/es\\\/tecnologia-energetica\\\/optimizacion-de-unidades-de-recuperacion-de-azufre-y-aminas\\\/#breadcrumb\",\"itemListElement\":[{\"@type\":\"ListItem\",\"position\":1,\"name\":\"Home\",\"item\":\"https:\\\/\\\/www.inerco.com\\\/en\\\/\"},{\"@type\":\"ListItem\",\"position\":2,\"name\":\"Energy Technologies\",\"item\":\"https:\\\/\\\/www.inerco.com\\\/es\\\/tecnologia-energetica\\\/\"},{\"@type\":\"ListItem\",\"position\":3,\"name\":\"Optimizaci\u00f3n de unidades de recuperaci\u00f3n de azufre y aminas\"}]},{\"@type\":\"WebSite\",\"@id\":\"https:\\\/\\\/www.inerco.com\\\/es\\\/#website\",\"url\":\"https:\\\/\\\/www.inerco.com\\\/es\\\/\",\"name\":\"INERCO\",\"description\":\"Tecnolog\u00eda, ingenier\u00eda y consultor\u00eda integral para el desarrollo industrial sostenible\",\"potentialAction\":[{\"@type\":\"SearchAction\",\"target\":{\"@type\":\"EntryPoint\",\"urlTemplate\":\"https:\\\/\\\/www.inerco.com\\\/es\\\/?s={search_term_string}\"},\"query-input\":{\"@type\":\"PropertyValueSpecification\",\"valueRequired\":true,\"valueName\":\"search_term_string\"}}],\"inLanguage\":\"en-US\"}]}<\/script>\n<!-- \/ Yoast SEO plugin. -->","yoast_head_json":{"title":"Optimizaci\u00f3n de unidades de recuperaci\u00f3n de azufre y aminas - INERCO","robots":{"index":"index","follow":"follow","max-snippet":"max-snippet:-1","max-image-preview":"max-image-preview:large","max-video-preview":"max-video-preview:-1"},"canonical":"https:\/\/www.inerco.com\/es\/tecnologia-energetica\/optimizacion-de-unidades-de-recuperacion-de-azufre-y-aminas\/","og_locale":"en_US","og_type":"article","og_title":"Optimizaci\u00f3n de unidades de recuperaci\u00f3n de azufre y aminas - INERCO","og_description":"[vc_row css_animation=&#8221;&#8221; row_type=&#8221;row&#8221; use_row_as_full_screen_section=&#8221;no&#8221; type=&#8221;full_width&#8221; angled_section=&#8221;no&#8221; text_align=&#8221;left&#8221; background_image_as_pattern=&#8221;without_pattern&#8221;][vc_column][vc_empty_space height=&#8221;60px&#8221;][\/vc_column][\/vc_row][vc_row css_animation=&#8221;&#8221; row_type=&#8221;row&#8221; use_row_as_full_screen_section=&#8221;no&#8221; type=&#8221;grid&#8221; angled_section=&#8221;no&#8221; text_align=&#8221;left&#8221;...","og_url":"https:\/\/www.inerco.com\/es\/tecnologia-energetica\/optimizacion-de-unidades-de-recuperacion-de-azufre-y-aminas\/","og_site_name":"INERCO","article_modified_time":"2020-06-23T16:36:52+00:00","og_image":[{"width":1920,"height":700,"url":"https:\/\/www.inerco.com\/wp-content\/uploads\/Base-Tecnolog\u00eda-Energ\u00e9tica-INERCO.jpg","type":"image\/jpeg"}],"twitter_card":"summary_large_image","twitter_site":"@Inerco_","schema":{"@context":"https:\/\/schema.org","@graph":[{"@type":"WebPage","@id":"https:\/\/www.inerco.com\/es\/tecnologia-energetica\/optimizacion-de-unidades-de-recuperacion-de-azufre-y-aminas\/","url":"https:\/\/www.inerco.com\/es\/tecnologia-energetica\/optimizacion-de-unidades-de-recuperacion-de-azufre-y-aminas\/","name":"Optimizaci\u00f3n de unidades de recuperaci\u00f3n de azufre y aminas - INERCO","isPartOf":{"@id":"https:\/\/www.inerco.com\/es\/#website"},"primaryImageOfPage":{"@id":"https:\/\/www.inerco.com\/es\/tecnologia-energetica\/optimizacion-de-unidades-de-recuperacion-de-azufre-y-aminas\/#primaryimage"},"image":{"@id":"https:\/\/www.inerco.com\/es\/tecnologia-energetica\/optimizacion-de-unidades-de-recuperacion-de-azufre-y-aminas\/#primaryimage"},"thumbnailUrl":"https:\/\/www.inerco.com\/wp-content\/uploads\/Optimizacion-de-unidades-de-recuperacion-de-azufre-y-aminas-INERCO.jpg","datePublished":"2020-06-23T16:12:09+00:00","dateModified":"2020-06-23T16:36:52+00:00","breadcrumb":{"@id":"https:\/\/www.inerco.com\/es\/tecnologia-energetica\/optimizacion-de-unidades-de-recuperacion-de-azufre-y-aminas\/#breadcrumb"},"inLanguage":"en-US","potentialAction":[{"@type":"ReadAction","target":["https:\/\/www.inerco.com\/es\/tecnologia-energetica\/optimizacion-de-unidades-de-recuperacion-de-azufre-y-aminas\/"]}]},{"@type":"ImageObject","inLanguage":"en-US","@id":"https:\/\/www.inerco.com\/es\/tecnologia-energetica\/optimizacion-de-unidades-de-recuperacion-de-azufre-y-aminas\/#primaryimage","url":"https:\/\/www.inerco.com\/wp-content\/uploads\/Optimizacion-de-unidades-de-recuperacion-de-azufre-y-aminas-INERCO.jpg","contentUrl":"https:\/\/www.inerco.com\/wp-content\/uploads\/Optimizacion-de-unidades-de-recuperacion-de-azufre-y-aminas-INERCO.jpg","width":500,"height":225,"caption":"Optimizaci\u00f3n de unidades de recuperaci\u00f3n de azufre y aminas INERCO"},{"@type":"BreadcrumbList","@id":"https:\/\/www.inerco.com\/es\/tecnologia-energetica\/optimizacion-de-unidades-de-recuperacion-de-azufre-y-aminas\/#breadcrumb","itemListElement":[{"@type":"ListItem","position":1,"name":"Home","item":"https:\/\/www.inerco.com\/en\/"},{"@type":"ListItem","position":2,"name":"Energy Technologies","item":"https:\/\/www.inerco.com\/es\/tecnologia-energetica\/"},{"@type":"ListItem","position":3,"name":"Optimizaci\u00f3n de unidades de recuperaci\u00f3n de azufre y aminas"}]},{"@type":"WebSite","@id":"https:\/\/www.inerco.com\/es\/#website","url":"https:\/\/www.inerco.com\/es\/","name":"INERCO","description":"Tecnolog\u00eda, ingenier\u00eda y consultor\u00eda integral para el desarrollo industrial sostenible","potentialAction":[{"@type":"SearchAction","target":{"@type":"EntryPoint","urlTemplate":"https:\/\/www.inerco.com\/es\/?s={search_term_string}"},"query-input":{"@type":"PropertyValueSpecification","valueRequired":true,"valueName":"search_term_string"}}],"inLanguage":"en-US"}]}},"_links":{"self":[{"href":"https:\/\/www.inerco.com\/en\/wp-json\/wp\/v2\/pages\/4657","targetHints":{"allow":["GET"]}}],"collection":[{"href":"https:\/\/www.inerco.com\/en\/wp-json\/wp\/v2\/pages"}],"about":[{"href":"https:\/\/www.inerco.com\/en\/wp-json\/wp\/v2\/types\/page"}],"author":[{"embeddable":true,"href":"https:\/\/www.inerco.com\/en\/wp-json\/wp\/v2\/users\/1"}],"replies":[{"embeddable":true,"href":"https:\/\/www.inerco.com\/en\/wp-json\/wp\/v2\/comments?post=4657"}],"version-history":[{"count":1,"href":"https:\/\/www.inerco.com\/en\/wp-json\/wp\/v2\/pages\/4657\/revisions"}],"predecessor-version":[{"id":4658,"href":"https:\/\/www.inerco.com\/en\/wp-json\/wp\/v2\/pages\/4657\/revisions\/4658"}],"up":[{"embeddable":true,"href":"https:\/\/www.inerco.com\/en\/wp-json\/wp\/v2\/pages\/3493"}],"wp:featuredmedia":[{"embeddable":true,"href":"https:\/\/www.inerco.com\/en\/wp-json\/wp\/v2\/media\/13703"}],"wp:attachment":[{"href":"https:\/\/www.inerco.com\/en\/wp-json\/wp\/v2\/media?parent=4657"}],"curies":[{"name":"wp","href":"https:\/\/api.w.org\/{rel}","templated":true}]}}