{"id":3700,"date":"2018-12-20T16:35:28","date_gmt":"2018-12-20T15:35:28","guid":{"rendered":"https:\/\/www.inerco.com\/?page_id=3700"},"modified":"2019-11-29T17:10:05","modified_gmt":"2019-11-29T16:10:05","slug":"legal-notice","status":"publish","type":"page","link":"https:\/\/www.inerco.com\/en\/legal-notice\/","title":{"rendered":"Legal notice"},"content":{"rendered":"<div class=\"wpb-content-wrapper\"><p>[vc_row css_animation=&#8221;&#8221; row_type=&#8221;row&#8221; use_row_as_full_screen_section=&#8221;no&#8221; type=&#8221;full_width&#8221; angled_section=&#8221;no&#8221; text_align=&#8221;left&#8221; background_image_as_pattern=&#8221;without_pattern&#8221;][vc_column][vc_empty_space height=&#8221;60px&#8221;][\/vc_column][\/vc_row][vc_row css_animation=&#8221;&#8221; row_type=&#8221;row&#8221; use_row_as_full_screen_section=&#8221;no&#8221; type=&#8221;full_width&#8221; angled_section=&#8221;no&#8221; text_align=&#8221;left&#8221; background_image_as_pattern=&#8221;without_pattern&#8221;][vc_column][vc_column_text]<\/p>\n<p style=\"text-align: justify;\"><strong>INERCO CORPORACI\u00d3N EMPRESARIAL, S.L.<\/strong> with tax identification number B-90040130\u00a0and Registration details in the Commercial Registry under Volume 5622. Folio 94, 1st Entry, Page SE-95525, with registered address in\u00a0Parque Cient\u00edfico y Tecnol\u00f3gico Isla de La Cartuja, C\/ Tom\u00e1s Alba Edison, 2.\u00a0Edificio INERCO \u2013 41092 Seville, email address\u00a0<span id=\"cloak39c509731274a60a5510b695fe6cb8dd\"><a href=\"mailto:info@inerco.com\">info@inerco.com<\/a><\/span>,\u00a0contact number\u00a0954 468 100\u00a0and fax number\u00a0954 461 329.<\/p>\n<h4 style=\"text-align: justify;\"><strong>Legislation<\/strong><\/h4>\n<p>Use of the website is also subject to all the notices, terms of use and instructions, communicated to the User, replacing, completing and\/or amending this Legal Notice.<\/p>\n<p>In general terms, relationships between\u00a0<strong>INERCO CORPORACI\u00d3N EMPRESARIAL, S.L.<\/strong>\u00a0and Users of its electronic services available on the website, are subject to Spanish legislation and jurisdiction.<\/p>\n<p>In the event of any disputes, both parties,\u00a0<strong>INERCO CORPORACI\u00d3N EMPRESARIAL, S.L.<\/strong>\u00a0and the USER, submit to the jurisdiction and competence of the Courts and Tribunals of Seville (Spain), expressly waiving any other jurisdiction to which they may be entitled.<\/p>\n<p>They may also submit their disputes to arbitration in consumer affairs, by submitting these to the relevant Consumer Arbitration System, which will also be available via electronic means, pursuant to the legally established procedure.<\/p>\n<h4 style=\"text-align: justify;\"><strong>User access and use<\/strong><\/h4>\n<p>The User is hereby informed and accepts, that access to this Website by no means entails the start of a commercial relationship with\u00a0<strong>INERCO CORPORACI\u00d3N EMPRESARIAL, S.L.<\/strong><\/p>\n<p>GRUPO INERCO reserves the right to make changes, without prior notice, to its Website as deemed appropriate, and may change, delete or add content and services provided via the website, together with the way in which these are presented or located on its servers.<\/p>\n<h4 style=\"text-align: justify;\"><strong>Industrial and intellectual property<\/strong><\/h4>\n<p>All contents of the website www.inerco.com (including, without limitation, databases, images and photographs, drawings, graphics and text files) belong to\u00a0<strong>INERCO CORPORACI\u00d3N EMPRESARIAL, S.L.<\/strong>\u00a0or the content providers, if such content, in the latter case, is subject to licence or assignment by these and are protected by national or international intellectual property laws. The compilation, design, arrangement and assembly of the entire website content is the exclusive property of\u00a0<strong>INERCO CORPORACI\u00d3N EMPRESARIAL, S.L.<\/strong>\u00a0and is protected by national and international industrial and intellectual property regulations.<\/p>\n<p>The trademarks, signs, captions, distinctive signs or logos on the website\u00a0<a href=\"http:\/\/www.inerco.com\/\">www.inerco.com<\/a>\u00a0belong to\u00a0<strong>INERCO CORPORACI\u00d3N EMPRESARIAL, S.L.<\/strong>\u00a0and are duly registered.<\/p>\n<p>The text, data and graphic designs belong to\u00a0<strong>INERCO CORPORACI\u00d3N EMPRESARIAL, S.L.<\/strong> or the companies providing the information, and cannot be subsequently changed, copied, transformed, altered, reproduced, adapted or translated by third parties, without express authorisation from the owner of said content. The availability of the texts, data and graphic designs does not entail, under any circumstances, the assignment of the ownership thereof or the concession of a right to use, reproduce, disseminate, transform, distribute or transfer these in their favour, other than the right of use involved in the legitimate use of <a href=\"http:\/\/www.inerco.com\/\">www.inerco.com<\/a>.<\/p>\n<h4 style=\"text-align: justify;\"><strong>Website content and links<br \/>\n<\/strong><\/h4>\n<p><strong>INERCO CORPORACI\u00d3N EMPRESARIAL, S.L.<\/strong>\u00a0shall not be liable for the incorrect use of the contents of its website, with this liability lying with those that access or use it.<\/p>\n<p>The owners of other websites that wish to create a link to, undertake not to establish links to websites on which the logo of\u00a0<strong>INERCO CORPORACI\u00d3N EMPRESARIAL, S.L.<\/strong>\u00a0does not appear and not to make false, inaccurate or incorrect statements, that could lead to error or those that, in general, do not comply with law.<\/p>\n<p>The owners of other websites that wish to create a link to\u00a0<a href=\"http:\/\/www.inerco.com\/\">www.inerco.com<\/a>\u00a0also undertake not to establish links with pages that contain statements or propaganda of a racist, xenophobic or pornographic nature or that encourage terrorism and those that, in general, could have a negative impact on the good name or image of\u00a0<strong>INERCO CORPORACI\u00d3N EMPRESARIAL, S.L.<\/strong><\/p>\n<p>The inclusion of links on\u00a0<a href=\"http:\/\/www.inerco.com\/\">www.inerco.com<\/a>, does not necessarily mean that\u00a0<strong>INERCO CORPORACI\u00d3N EMPRESARIAL, S.L.<\/strong>\u00a0maintains commercial relationships or partnership connections with the owner of the website on which the link is established.<\/p>\n<p>The links appearing on\u00a0<a href=\"http:\/\/www.inerco.com\/\">www.inerco.com<\/a>\u00a0are solely designed for information purposes and, therefore,\u00a0<strong>INERCO CORPORACI\u00d3N EMPRESARIAL, S.L.<\/strong>\u00a0is not responsible and does not offer any express or implicit guarantees of any sort, regarding the commercial feasibility, suitability, quality, characteristics, source, marketing or any other aspects of the information, products and\/or services.<\/p>\n<p>The exemption from liability established in the preceding sections, shall not be applicable if the provider of the content accessed via the link or the location thereof is provided under the management, authority or control of the provider that enables the localisation of such content.<\/p>\n<h4 style=\"text-align: justify;\"><strong>Statements<\/strong><\/h4>\n<p><strong>INERCO CORPORACI\u00d3N EMPRESARIAL, S.L.<\/strong>\u00a0hereby states that this Website has the technology required to enable access to the website and use thereof. However, it shall not be held responsible for possible viruses or other harmful elements, introduced by any means or by any third parties, that may cause changes to their IT systems.<\/p>\n<p>The Website\u00a0<a href=\"http:\/\/www.inerco.com\/\">www.inerco.com<\/a>\u00a0may contain inaccuracies, relevant omissions, mistakes or errors.\u00a0<strong>INERCO CORPORACI\u00d3N EMPRESARIAL, S.L.<\/strong>\u00a0does not, under any circumstances, guarantee the veracity, accuracy and veracity of the data included on its website. Users that access\u00a0<a href=\"http:\/\/www.inerco.com\/\">www.inerco.com<\/a>\u00a0shall hold\u00a0<strong>INERCO CORPORACI\u00d3N EMPRESARIAL, S.L.<\/strong>\u00a0harmless from and against any liability in terms of the reliability, use or false expectations they may have in relation to this Website.<\/p>\n<h4 style=\"text-align: justify;\"><strong>Liability limitation<\/strong><\/h4>\n<p><strong>INERCO CORPORACI\u00d3N EMPRESARIAL, S.L.<\/strong>\u00a0does not offer any guarantees of any sort in terms of how the Website\u00a0<a href=\"http:\/\/www.inerco.com\/\">www.inerco.com<\/a>\u00a0functions or regarding the information included on said website.\u00a0<strong>INERCO CORPORACI\u00d3N EMPRESARIAL, S.L.<\/strong>\u00a0shall not be responsible for damages of any kind arising from the use of the Website\u00a0<a href=\"http:\/\/www.inerco.com\/\">www.inerco.com<\/a>.<\/p>\n<p><strong>INERCO CORPORACI\u00d3N EMPRESARIAL, S.L.<\/strong>\u00a0is not liable in any way for the legality, content and quality of the data and information offered by third parties via the website\u00a0<a href=\"http:\/\/www.inerco.com\/\">www.inerco.com<\/a>.[\/vc_column_text][\/vc_column][\/vc_row][vc_row css_animation=&#8221;&#8221; row_type=&#8221;row&#8221; use_row_as_full_screen_section=&#8221;no&#8221; type=&#8221;full_width&#8221; angled_section=&#8221;no&#8221; text_align=&#8221;left&#8221; background_image_as_pattern=&#8221;without_pattern&#8221;][vc_column][vc_empty_space height=&#8221;60px&#8221;][\/vc_column][\/vc_row]<\/p>\n<\/div>","protected":false},"excerpt":{"rendered":"<p>[vc_row css_animation=&#8221;&#8221; row_type=&#8221;row&#8221; use_row_as_full_screen_section=&#8221;no&#8221; type=&#8221;full_width&#8221; angled_section=&#8221;no&#8221; text_align=&#8221;left&#8221; background_image_as_pattern=&#8221;without_pattern&#8221;][vc_column][vc_empty_space height=&#8221;60px&#8221;][\/vc_column][\/vc_row][vc_row css_animation=&#8221;&#8221; row_type=&#8221;row&#8221; use_row_as_full_screen_section=&#8221;no&#8221; type=&#8221;full_width&#8221; angled_section=&#8221;no&#8221; text_align=&#8221;left&#8221;&#8230;<\/p>\n","protected":false},"author":1,"featured_media":0,"parent":0,"menu_order":0,"comment_status":"closed","ping_status":"closed","template":"","meta":{"footnotes":""},"class_list":["post-3700","page","type-page","status-publish","hentry"],"yoast_head":"<!-- This site is optimized with the Yoast SEO plugin v27.3 - https:\/\/yoast.com\/product\/yoast-seo-wordpress\/ -->\n<title>Legal notice - INERCO<\/title>\n<meta name=\"robots\" content=\"index, follow, max-snippet:-1, max-image-preview:large, max-video-preview:-1\" \/>\n<link rel=\"canonical\" href=\"https:\/\/www.inerco.com\/en\/legal-notice\/\" \/>\n<meta property=\"og:locale\" content=\"en_US\" \/>\n<meta property=\"og:type\" content=\"article\" \/>\n<meta property=\"og:title\" content=\"Legal notice - INERCO\" \/>\n<meta property=\"og:description\" content=\"[vc_row css_animation=&#8221;&#8221; row_type=&#8221;row&#8221; use_row_as_full_screen_section=&#8221;no&#8221; type=&#8221;full_width&#8221; angled_section=&#8221;no&#8221; text_align=&#8221;left&#8221; background_image_as_pattern=&#8221;without_pattern&#8221;][vc_column][vc_empty_space height=&#8221;60px&#8221;][\/vc_column][\/vc_row][vc_row css_animation=&#8221;&#8221; row_type=&#8221;row&#8221; use_row_as_full_screen_section=&#8221;no&#8221; type=&#8221;full_width&#8221; angled_section=&#8221;no&#8221; text_align=&#8221;left&#8221;...\" \/>\n<meta property=\"og:url\" content=\"https:\/\/www.inerco.com\/en\/legal-notice\/\" \/>\n<meta property=\"og:site_name\" content=\"INERCO\" \/>\n<meta property=\"article:modified_time\" content=\"2019-11-29T16:10:05+00:00\" \/>\n<meta name=\"twitter:card\" content=\"summary_large_image\" \/>\n<meta name=\"twitter:site\" content=\"@Inerco_\" \/>\n<script type=\"application\/ld+json\" class=\"yoast-schema-graph\">{\"@context\":\"https:\\\/\\\/schema.org\",\"@graph\":[{\"@type\":\"WebPage\",\"@id\":\"https:\\\/\\\/www.inerco.com\\\/en\\\/legal-notice\\\/\",\"url\":\"https:\\\/\\\/www.inerco.com\\\/en\\\/legal-notice\\\/\",\"name\":\"Legal notice - INERCO\",\"isPartOf\":{\"@id\":\"https:\\\/\\\/www.inerco.com\\\/es\\\/#website\"},\"datePublished\":\"2018-12-20T15:35:28+00:00\",\"dateModified\":\"2019-11-29T16:10:05+00:00\",\"breadcrumb\":{\"@id\":\"https:\\\/\\\/www.inerco.com\\\/en\\\/legal-notice\\\/#breadcrumb\"},\"inLanguage\":\"en-US\",\"potentialAction\":[{\"@type\":\"ReadAction\",\"target\":[\"https:\\\/\\\/www.inerco.com\\\/en\\\/legal-notice\\\/\"]}]},{\"@type\":\"BreadcrumbList\",\"@id\":\"https:\\\/\\\/www.inerco.com\\\/en\\\/legal-notice\\\/#breadcrumb\",\"itemListElement\":[{\"@type\":\"ListItem\",\"position\":1,\"name\":\"Home\",\"item\":\"https:\\\/\\\/www.inerco.com\\\/en\\\/\"},{\"@type\":\"ListItem\",\"position\":2,\"name\":\"Legal notice\"}]},{\"@type\":\"WebSite\",\"@id\":\"https:\\\/\\\/www.inerco.com\\\/es\\\/#website\",\"url\":\"https:\\\/\\\/www.inerco.com\\\/es\\\/\",\"name\":\"INERCO\",\"description\":\"Tecnolog\u00eda, ingenier\u00eda y consultor\u00eda integral para el desarrollo industrial sostenible\",\"potentialAction\":[{\"@type\":\"SearchAction\",\"target\":{\"@type\":\"EntryPoint\",\"urlTemplate\":\"https:\\\/\\\/www.inerco.com\\\/es\\\/?s={search_term_string}\"},\"query-input\":{\"@type\":\"PropertyValueSpecification\",\"valueRequired\":true,\"valueName\":\"search_term_string\"}}],\"inLanguage\":\"en-US\"}]}<\/script>\n<!-- \/ Yoast SEO plugin. -->","yoast_head_json":{"title":"Legal notice - INERCO","robots":{"index":"index","follow":"follow","max-snippet":"max-snippet:-1","max-image-preview":"max-image-preview:large","max-video-preview":"max-video-preview:-1"},"canonical":"https:\/\/www.inerco.com\/en\/legal-notice\/","og_locale":"en_US","og_type":"article","og_title":"Legal notice - INERCO","og_description":"[vc_row css_animation=&#8221;&#8221; row_type=&#8221;row&#8221; use_row_as_full_screen_section=&#8221;no&#8221; type=&#8221;full_width&#8221; angled_section=&#8221;no&#8221; text_align=&#8221;left&#8221; background_image_as_pattern=&#8221;without_pattern&#8221;][vc_column][vc_empty_space height=&#8221;60px&#8221;][\/vc_column][\/vc_row][vc_row css_animation=&#8221;&#8221; row_type=&#8221;row&#8221; use_row_as_full_screen_section=&#8221;no&#8221; type=&#8221;full_width&#8221; angled_section=&#8221;no&#8221; text_align=&#8221;left&#8221;...","og_url":"https:\/\/www.inerco.com\/en\/legal-notice\/","og_site_name":"INERCO","article_modified_time":"2019-11-29T16:10:05+00:00","twitter_card":"summary_large_image","twitter_site":"@Inerco_","schema":{"@context":"https:\/\/schema.org","@graph":[{"@type":"WebPage","@id":"https:\/\/www.inerco.com\/en\/legal-notice\/","url":"https:\/\/www.inerco.com\/en\/legal-notice\/","name":"Legal notice - INERCO","isPartOf":{"@id":"https:\/\/www.inerco.com\/es\/#website"},"datePublished":"2018-12-20T15:35:28+00:00","dateModified":"2019-11-29T16:10:05+00:00","breadcrumb":{"@id":"https:\/\/www.inerco.com\/en\/legal-notice\/#breadcrumb"},"inLanguage":"en-US","potentialAction":[{"@type":"ReadAction","target":["https:\/\/www.inerco.com\/en\/legal-notice\/"]}]},{"@type":"BreadcrumbList","@id":"https:\/\/www.inerco.com\/en\/legal-notice\/#breadcrumb","itemListElement":[{"@type":"ListItem","position":1,"name":"Home","item":"https:\/\/www.inerco.com\/en\/"},{"@type":"ListItem","position":2,"name":"Legal notice"}]},{"@type":"WebSite","@id":"https:\/\/www.inerco.com\/es\/#website","url":"https:\/\/www.inerco.com\/es\/","name":"INERCO","description":"Tecnolog\u00eda, ingenier\u00eda y consultor\u00eda integral para el desarrollo industrial sostenible","potentialAction":[{"@type":"SearchAction","target":{"@type":"EntryPoint","urlTemplate":"https:\/\/www.inerco.com\/es\/?s={search_term_string}"},"query-input":{"@type":"PropertyValueSpecification","valueRequired":true,"valueName":"search_term_string"}}],"inLanguage":"en-US"}]}},"_links":{"self":[{"href":"https:\/\/www.inerco.com\/en\/wp-json\/wp\/v2\/pages\/3700","targetHints":{"allow":["GET"]}}],"collection":[{"href":"https:\/\/www.inerco.com\/en\/wp-json\/wp\/v2\/pages"}],"about":[{"href":"https:\/\/www.inerco.com\/en\/wp-json\/wp\/v2\/types\/page"}],"author":[{"embeddable":true,"href":"https:\/\/www.inerco.com\/en\/wp-json\/wp\/v2\/users\/1"}],"replies":[{"embeddable":true,"href":"https:\/\/www.inerco.com\/en\/wp-json\/wp\/v2\/comments?post=3700"}],"version-history":[{"count":1,"href":"https:\/\/www.inerco.com\/en\/wp-json\/wp\/v2\/pages\/3700\/revisions"}],"predecessor-version":[{"id":3701,"href":"https:\/\/www.inerco.com\/en\/wp-json\/wp\/v2\/pages\/3700\/revisions\/3701"}],"wp:attachment":[{"href":"https:\/\/www.inerco.com\/en\/wp-json\/wp\/v2\/media?parent=3700"}],"curies":[{"name":"wp","href":"https:\/\/api.w.org\/{rel}","templated":true}]}}