{"id":3692,"date":"2018-12-18T01:33:44","date_gmt":"2018-12-18T00:33:44","guid":{"rendered":"https:\/\/www.inerco.com\/?page_id=3692"},"modified":"2026-03-05T13:22:23","modified_gmt":"2026-03-05T12:22:23","slug":"human-factors-engineering","status":"publish","type":"page","link":"https:\/\/www.inerco.com\/en\/safety-security-and-ohs\/occupational-risk-prevention\/human-factors-engineering\/","title":{"rendered":"Human Factors Engineering"},"content":{"rendered":"<div class=\"wpb-content-wrapper\"><p>[vc_row css_animation=&#8221;&#8221; row_type=&#8221;row&#8221; use_row_as_full_screen_section=&#8221;no&#8221; type=&#8221;full_width&#8221; angled_section=&#8221;no&#8221; text_align=&#8221;left&#8221; background_image_as_pattern=&#8221;without_pattern&#8221;][vc_column][vc_empty_space height=&#8221;80px&#8221;][vc_row_inner row_type=&#8221;row&#8221; type=&#8221;full_width&#8221; text_align=&#8221;left&#8221; css_animation=&#8221;&#8221;][vc_column_inner][vc_column_text css=&#8221;&#8221;]<\/p>\n<p style=\"text-align: center; font-size: 1.5em; line-height: 1.4;\">We <strong>review projects in the design phase<\/strong> (\u201cHuman Factors Engineering\u201d) to verify compliance with legal requirements in occupational risk prevention (stairs, ladders, walkways, etc.); also to verify compliance with international standards on ergonomics and accessibility to critical elements: to minimize human error; and to optimize the operability and maintenance of facilities.<\/p>\n<p>[\/vc_column_text][vc_empty_space height=&#8221;20px&#8221;][vc_column_text css=&#8221;&#8221;]<\/p>\n<p style=\"text-align: center; font-size: 1.5em; line-height: 1.4;\"><strong>INERCO Risk Prevention<\/strong> has a strategic alliance with the British company <strong>HU Tech<\/strong> for the development of HFE.<\/p>\n<p>[\/vc_column_text][vc_empty_space height=&#8221;50px&#8221;][\/vc_column_inner][\/vc_row_inner][\/vc_column][\/vc_row][vc_row css_animation=&#8221;&#8221; row_type=&#8221;row&#8221; use_row_as_full_screen_section=&#8221;no&#8221; type=&#8221;grid&#8221; angled_section=&#8221;no&#8221; text_align=&#8221;left&#8221; background_image_as_pattern=&#8221;without_pattern&#8221; z_index=&#8221;&#8221;][vc_column width=&#8221;3\/4&#8243;][vc_empty_space height=&#8221;50px&#8221;][vc_row_inner row_type=&#8221;row&#8221; type=&#8221;full_width&#8221; text_align=&#8221;left&#8221; css_animation=&#8221;&#8221;][vc_column_inner]<div class=\"q_icon_list\"><span aria-hidden=\"true\" class=\"qode_icon_font_elegant arrow_right qode-ili-icon-holder transparent\" style=\"color: #009640;\" ><\/span><p style=\"color:#000000;font-size: 20px;font-weight: 300;\">Human Factors Engineering (2D\/3D).<\/p><\/div>[\/vc_column_inner][\/vc_row_inner][vc_row_inner row_type=&#8221;row&#8221; type=&#8221;full_width&#8221; text_align=&#8221;left&#8221; css_animation=&#8221;&#8221; css=&#8221;.vc_custom_1684689951031{margin-left: 20px !important;}&#8221;][vc_column_inner]<div class=\"q_icon_list\"><span aria-hidden=\"true\" class=\"qode_icon_font_elegant icon_circle-empty qode-ili-icon-holder transparent\" style=\"font-size: 10px;color: #000000;\" ><\/span><p style=\"color:#000000;font-size: 20px;font-weight: 300;\">Assessment of compliance with legislative requirements and design codes.<\/p><\/div><div class=\"q_icon_list\"><span aria-hidden=\"true\" class=\"qode_icon_font_elegant icon_circle-empty qode-ili-icon-holder transparent\" style=\"font-size: 10px;color: #000000;\" ><\/span><p style=\"color:#000000;font-size: 20px;font-weight: 300;\">Assessment of accessibility to critical and emergency valves and equipment.<\/p><\/div><div class=\"q_icon_list\"><span aria-hidden=\"true\" class=\"qode_icon_font_elegant icon_circle-empty qode-ili-icon-holder transparent\" style=\"font-size: 10px;color: #000000;\" ><\/span><p style=\"color:#000000;font-size: 20px;font-weight: 300;\">Review of evacuation routes, workplaces, and lighting.<\/p><\/div><div class=\"q_icon_list\"><span aria-hidden=\"true\" class=\"qode_icon_font_elegant icon_circle-empty qode-ili-icon-holder transparent\" style=\"font-size: 10px;color: #000000;\" ><\/span><p style=\"color:#000000;font-size: 20px;font-weight: 300;\">ATEX requirements and requirements for machinery and work equipment (Machinery Risk Analysis).<\/p><\/div><div class=\"q_icon_list\"><span aria-hidden=\"true\" class=\"qode_icon_font_elegant icon_circle-empty qode-ili-icon-holder transparent\" style=\"font-size: 10px;color: #000000;\" ><\/span><p style=\"color:#000000;font-size: 20px;font-weight: 300;\">Operability and maintenance of facilities and equipment.<\/p><\/div><div class=\"q_icon_list\"><span aria-hidden=\"true\" class=\"qode_icon_font_elegant icon_circle-empty qode-ili-icon-holder transparent\" style=\"font-size: 10px;color: #000000;\" ><\/span><p style=\"color:#000000;font-size: 20px;font-weight: 300;\">Control room design.<\/p><\/div><div class=\"q_icon_list\"><span aria-hidden=\"true\" class=\"qode_icon_font_elegant icon_circle-empty qode-ili-icon-holder transparent\" style=\"font-size: 10px;color: #000000;\" ><\/span><p style=\"color:#000000;font-size: 20px;font-weight: 300;\">Minimization of human error.<\/p><\/div>[\/vc_column_inner][\/vc_row_inner][vc_row_inner row_type=&#8221;row&#8221; type=&#8221;full_width&#8221; text_align=&#8221;left&#8221; css_animation=&#8221;&#8221;][vc_column_inner]<div class=\"q_icon_list\"><span aria-hidden=\"true\" class=\"qode_icon_font_elegant arrow_right qode-ili-icon-holder transparent\" style=\"color: #009640;\" ><\/span><p style=\"color:#000000;font-size: 20px;font-weight: 300;\">Project reviews through:<\/p><\/div>[\/vc_column_inner][\/vc_row_inner][vc_row_inner row_type=&#8221;row&#8221; type=&#8221;full_width&#8221; text_align=&#8221;left&#8221; css_animation=&#8221;&#8221; css=&#8221;.vc_custom_1684689951031{margin-left: 20px !important;}&#8221;][vc_column_inner]<div class=\"q_icon_list\"><span aria-hidden=\"true\" class=\"qode_icon_font_elegant icon_circle-empty qode-ili-icon-holder transparent\" style=\"font-size: 10px;color: #000000;\" ><\/span><p style=\"color:#000000;font-size: 20px;font-weight: 300;\">PHSER: Project Health, Safety &amp; Environmental Review.<\/p><\/div><div class=\"q_icon_list\"><span aria-hidden=\"true\" class=\"qode_icon_font_elegant icon_circle-empty qode-ili-icon-holder transparent\" style=\"font-size: 10px;color: #000000;\" ><\/span><p style=\"color:#000000;font-size: 20px;font-weight: 300;\">Resident HFE technicians.<\/p><\/div><div class=\"q_icon_list\"><span aria-hidden=\"true\" class=\"qode_icon_font_elegant icon_circle-empty qode-ili-icon-holder transparent\" style=\"font-size: 10px;color: #000000;\" ><\/span><p style=\"color:#000000;font-size: 20px;font-weight: 300;\">HFE sessions at customer facilities \/ Engineering.<\/p><\/div>[\/vc_column_inner][\/vc_row_inner][vc_row_inner row_type=&#8221;row&#8221; type=&#8221;full_width&#8221; text_align=&#8221;left&#8221; css_animation=&#8221;&#8221;][vc_column_inner]<div class=\"q_icon_list\"><span aria-hidden=\"true\" class=\"qode_icon_font_elegant arrow_right qode-ili-icon-holder transparent\" style=\"color: #009640;\" ><\/span><p style=\"color:#000000;font-size: 20px;font-weight: 300;\">HAZCON \/ HAZDEM \/ SIMOP.<\/p><\/div><div class=\"q_icon_list\"><span aria-hidden=\"true\" class=\"qode_icon_font_elegant arrow_right qode-ili-icon-holder transparent\" style=\"color: #009640;\" ><\/span><p style=\"color:#000000;font-size: 20px;font-weight: 300;\">Pre-commissioning audits.<\/p><\/div>[\/vc_column_inner][\/vc_row_inner][vc_row_inner row_type=&#8221;row&#8221; type=&#8221;full_width&#8221; text_align=&#8221;left&#8221; css_animation=&#8221;&#8221;][vc_column_inner][vc_single_image image=&#8221;12980&#8243; img_size=&#8221;full&#8221; alignment=&#8221;center&#8221; qode_css_animation=&#8221;&#8221;][vc_empty_space height=&#8221;20px&#8221;][\/vc_column_inner][\/vc_row_inner][vc_row_inner row_type=&#8221;row&#8221; type=&#8221;full_width&#8221; text_align=&#8221;left&#8221; css_animation=&#8221;&#8221;][vc_column_inner][vc_empty_space height=&#8221;50px&#8221;]<div class=\"custom_font_holder \" style=\" font-style: normal; font-weight: 300; color: #009640; text-decoration: none; text-align: left; --qode-cf-font-size: 35px; --qode-cf-line-height: 40px; --qode-cf-font-size-1440: 35px; --qode-cf-line-height-1440: 40px; --qode-cf-font-size-1366: 35px; --qode-cf-line-height-1366: 40px; --qode-cf-font-size-1280: 35px; --qode-cf-line-height-1280: 40px; --qode-cf-font-size-1024: 35px; --qode-cf-line-height-1024: 40px; --qode-cf-font-size-768: 35px; --qode-cf-line-height-768: 40px; --qode-cf-font-size-680: 35px; --qode-cf-line-height-680: 40px; --qode-cf-font-size-480: 35px; --qode-cf-line-height-480: 40px;\">Human Factors Engineering (Spanish)<\/div>[vc_empty_space height=&#8221;20px&#8221;][vc_single_image image=&#8221;7364&#8243; img_size=&#8221;full&#8221; alignment=&#8221;center&#8221; onclick=&#8221;custom_link&#8221; img_link_target=&#8221;_blank&#8221; qode_css_animation=&#8221;&#8221; link=&#8221;https:\/\/youtu.be\/aK-zTagx7kI&#8221;][vc_empty_space height=&#8221;50px&#8221;][\/vc_column_inner][\/vc_row_inner][\/vc_column][vc_column width=&#8221;1\/4&#8243;][vc_widget_sidebar sidebar_id=&#8221;Seg y Prev &#8211; PRL Pablo Navarro&#8221;][\/vc_column][\/vc_row][vc_row css_animation=&#8221;&#8221; row_type=&#8221;row&#8221; use_row_as_full_screen_section=&#8221;no&#8221; type=&#8221;full_width&#8221; angled_section=&#8221;no&#8221; text_align=&#8221;left&#8221; background_image_as_pattern=&#8221;without_pattern&#8221;][vc_column][vc_empty_space height=&#8221;70px&#8221;][\/vc_column][\/vc_row]<\/p>\n<\/div>","protected":false},"excerpt":{"rendered":"<p>[vc_row css_animation=&#8221;&#8221; row_type=&#8221;row&#8221; use_row_as_full_screen_section=&#8221;no&#8221; type=&#8221;full_width&#8221; angled_section=&#8221;no&#8221; text_align=&#8221;left&#8221; background_image_as_pattern=&#8221;without_pattern&#8221;][vc_column][vc_empty_space height=&#8221;80px&#8221;][vc_row_inner row_type=&#8221;row&#8221; type=&#8221;full_width&#8221; text_align=&#8221;left&#8221; css_animation=&#8221;&#8221;][vc_column_inner][vc_column_text css=&#8221;&#8221;] We&#8230;<\/p>\n","protected":false},"author":1,"featured_media":12966,"parent":3672,"menu_order":8,"comment_status":"closed","ping_status":"closed","template":"","meta":{"footnotes":""},"class_list":["post-3692","page","type-page","status-publish","has-post-thumbnail","hentry"],"yoast_head":"<!-- This site is optimized with the Yoast SEO plugin v26.4 - https:\/\/yoast.com\/wordpress\/plugins\/seo\/ -->\n<title>Human Factors Engineering - INERCO<\/title>\n<meta name=\"description\" content=\"Review of projects in the design phase (Human Factors Engineering) to verify compliance with legal requirements regarding occupational risk prevention and international standards on ergonomics and accessibility to critical elements.\" \/>\n<meta name=\"robots\" content=\"index, follow, max-snippet:-1, max-image-preview:large, max-video-preview:-1\" \/>\n<link rel=\"canonical\" href=\"https:\/\/www.inerco.com\/en\/safety-security-and-ohs\/occupational-risk-prevention\/human-factors-engineering\/\" \/>\n<meta property=\"og:locale\" content=\"en_US\" \/>\n<meta property=\"og:type\" content=\"article\" \/>\n<meta property=\"og:title\" content=\"Human Factors Engineering - INERCO\" \/>\n<meta property=\"og:description\" content=\"Review of projects in the design phase (Human Factors Engineering) to verify compliance with legal requirements regarding occupational risk prevention and international standards on ergonomics and accessibility to critical elements.\" \/>\n<meta property=\"og:url\" content=\"https:\/\/www.inerco.com\/en\/safety-security-and-ohs\/occupational-risk-prevention\/human-factors-engineering\/\" \/>\n<meta property=\"og:site_name\" content=\"INERCO\" \/>\n<meta property=\"article:modified_time\" content=\"2026-03-05T12:22:23+00:00\" \/>\n<meta property=\"og:image\" content=\"https:\/\/www.inerco.com\/wp-content\/uploads\/Human-Factos-Engineering.png\" \/>\n\t<meta property=\"og:image:width\" content=\"576\" \/>\n\t<meta property=\"og:image:height\" content=\"504\" \/>\n\t<meta property=\"og:image:type\" content=\"image\/png\" \/>\n<meta name=\"twitter:card\" content=\"summary_large_image\" \/>\n<meta name=\"twitter:site\" content=\"@Inerco_\" \/>\n<script type=\"application\/ld+json\" class=\"yoast-schema-graph\">{\"@context\":\"https:\/\/schema.org\",\"@graph\":[{\"@type\":\"WebPage\",\"@id\":\"https:\/\/www.inerco.com\/en\/safety-security-and-ohs\/occupational-risk-prevention\/human-factors-engineering\/\",\"url\":\"https:\/\/www.inerco.com\/en\/safety-security-and-ohs\/occupational-risk-prevention\/human-factors-engineering\/\",\"name\":\"Human Factors Engineering - INERCO\",\"isPartOf\":{\"@id\":\"https:\/\/www.inerco.com\/es\/#website\"},\"primaryImageOfPage\":{\"@id\":\"https:\/\/www.inerco.com\/en\/safety-security-and-ohs\/occupational-risk-prevention\/human-factors-engineering\/#primaryimage\"},\"image\":{\"@id\":\"https:\/\/www.inerco.com\/en\/safety-security-and-ohs\/occupational-risk-prevention\/human-factors-engineering\/#primaryimage\"},\"thumbnailUrl\":\"https:\/\/www.inerco.com\/wp-content\/uploads\/Human-Factos-Engineering.png\",\"datePublished\":\"2018-12-18T00:33:44+00:00\",\"dateModified\":\"2026-03-05T12:22:23+00:00\",\"description\":\"Review of projects in the design phase (Human Factors Engineering) to verify compliance with legal requirements regarding occupational risk prevention and international standards on ergonomics and accessibility to critical elements.\",\"breadcrumb\":{\"@id\":\"https:\/\/www.inerco.com\/en\/safety-security-and-ohs\/occupational-risk-prevention\/human-factors-engineering\/#breadcrumb\"},\"inLanguage\":\"en-US\",\"potentialAction\":[{\"@type\":\"ReadAction\",\"target\":[\"https:\/\/www.inerco.com\/en\/safety-security-and-ohs\/occupational-risk-prevention\/human-factors-engineering\/\"]}]},{\"@type\":\"ImageObject\",\"inLanguage\":\"en-US\",\"@id\":\"https:\/\/www.inerco.com\/en\/safety-security-and-ohs\/occupational-risk-prevention\/human-factors-engineering\/#primaryimage\",\"url\":\"https:\/\/www.inerco.com\/wp-content\/uploads\/Human-Factos-Engineering.png\",\"contentUrl\":\"https:\/\/www.inerco.com\/wp-content\/uploads\/Human-Factos-Engineering.png\",\"width\":576,\"height\":504,\"caption\":\"INERCO Human Factos Engineering\"},{\"@type\":\"BreadcrumbList\",\"@id\":\"https:\/\/www.inerco.com\/en\/safety-security-and-ohs\/occupational-risk-prevention\/human-factors-engineering\/#breadcrumb\",\"itemListElement\":[{\"@type\":\"ListItem\",\"position\":1,\"name\":\"Home\",\"item\":\"https:\/\/www.inerco.com\/en\/\"},{\"@type\":\"ListItem\",\"position\":2,\"name\":\"Safety, Security and OH&#038;S\",\"item\":\"https:\/\/www.inerco.com\/en\/safety-security-and-ohs\/\"},{\"@type\":\"ListItem\",\"position\":3,\"name\":\"Occupational Risk Prevention\",\"item\":\"https:\/\/www.inerco.com\/en\/safety-security-and-ohs\/occupational-risk-prevention\/\"},{\"@type\":\"ListItem\",\"position\":4,\"name\":\"Human Factors Engineering\"}]},{\"@type\":\"WebSite\",\"@id\":\"https:\/\/www.inerco.com\/es\/#website\",\"url\":\"https:\/\/www.inerco.com\/es\/\",\"name\":\"INERCO\",\"description\":\"Tecnolog\u00eda, ingenier\u00eda y consultor\u00eda integral para el desarrollo industrial sostenible\",\"potentialAction\":[{\"@type\":\"SearchAction\",\"target\":{\"@type\":\"EntryPoint\",\"urlTemplate\":\"https:\/\/www.inerco.com\/es\/?s={search_term_string}\"},\"query-input\":{\"@type\":\"PropertyValueSpecification\",\"valueRequired\":true,\"valueName\":\"search_term_string\"}}],\"inLanguage\":\"en-US\"}]}<\/script>\n<!-- \/ Yoast SEO plugin. -->","yoast_head_json":{"title":"Human Factors Engineering - INERCO","description":"Review of projects in the design phase (Human Factors Engineering) to verify compliance with legal requirements regarding occupational risk prevention and international standards on ergonomics and accessibility to critical elements.","robots":{"index":"index","follow":"follow","max-snippet":"max-snippet:-1","max-image-preview":"max-image-preview:large","max-video-preview":"max-video-preview:-1"},"canonical":"https:\/\/www.inerco.com\/en\/safety-security-and-ohs\/occupational-risk-prevention\/human-factors-engineering\/","og_locale":"en_US","og_type":"article","og_title":"Human Factors Engineering - INERCO","og_description":"Review of projects in the design phase (Human Factors Engineering) to verify compliance with legal requirements regarding occupational risk prevention and international standards on ergonomics and accessibility to critical elements.","og_url":"https:\/\/www.inerco.com\/en\/safety-security-and-ohs\/occupational-risk-prevention\/human-factors-engineering\/","og_site_name":"INERCO","article_modified_time":"2026-03-05T12:22:23+00:00","og_image":[{"width":576,"height":504,"url":"https:\/\/www.inerco.com\/wp-content\/uploads\/Human-Factos-Engineering.png","type":"image\/png"}],"twitter_card":"summary_large_image","twitter_site":"@Inerco_","schema":{"@context":"https:\/\/schema.org","@graph":[{"@type":"WebPage","@id":"https:\/\/www.inerco.com\/en\/safety-security-and-ohs\/occupational-risk-prevention\/human-factors-engineering\/","url":"https:\/\/www.inerco.com\/en\/safety-security-and-ohs\/occupational-risk-prevention\/human-factors-engineering\/","name":"Human Factors Engineering - INERCO","isPartOf":{"@id":"https:\/\/www.inerco.com\/es\/#website"},"primaryImageOfPage":{"@id":"https:\/\/www.inerco.com\/en\/safety-security-and-ohs\/occupational-risk-prevention\/human-factors-engineering\/#primaryimage"},"image":{"@id":"https:\/\/www.inerco.com\/en\/safety-security-and-ohs\/occupational-risk-prevention\/human-factors-engineering\/#primaryimage"},"thumbnailUrl":"https:\/\/www.inerco.com\/wp-content\/uploads\/Human-Factos-Engineering.png","datePublished":"2018-12-18T00:33:44+00:00","dateModified":"2026-03-05T12:22:23+00:00","description":"Review of projects in the design phase (Human Factors Engineering) to verify compliance with legal requirements regarding occupational risk prevention and international standards on ergonomics and accessibility to critical elements.","breadcrumb":{"@id":"https:\/\/www.inerco.com\/en\/safety-security-and-ohs\/occupational-risk-prevention\/human-factors-engineering\/#breadcrumb"},"inLanguage":"en-US","potentialAction":[{"@type":"ReadAction","target":["https:\/\/www.inerco.com\/en\/safety-security-and-ohs\/occupational-risk-prevention\/human-factors-engineering\/"]}]},{"@type":"ImageObject","inLanguage":"en-US","@id":"https:\/\/www.inerco.com\/en\/safety-security-and-ohs\/occupational-risk-prevention\/human-factors-engineering\/#primaryimage","url":"https:\/\/www.inerco.com\/wp-content\/uploads\/Human-Factos-Engineering.png","contentUrl":"https:\/\/www.inerco.com\/wp-content\/uploads\/Human-Factos-Engineering.png","width":576,"height":504,"caption":"INERCO Human Factos Engineering"},{"@type":"BreadcrumbList","@id":"https:\/\/www.inerco.com\/en\/safety-security-and-ohs\/occupational-risk-prevention\/human-factors-engineering\/#breadcrumb","itemListElement":[{"@type":"ListItem","position":1,"name":"Home","item":"https:\/\/www.inerco.com\/en\/"},{"@type":"ListItem","position":2,"name":"Safety, Security and OH&#038;S","item":"https:\/\/www.inerco.com\/en\/safety-security-and-ohs\/"},{"@type":"ListItem","position":3,"name":"Occupational Risk Prevention","item":"https:\/\/www.inerco.com\/en\/safety-security-and-ohs\/occupational-risk-prevention\/"},{"@type":"ListItem","position":4,"name":"Human Factors Engineering"}]},{"@type":"WebSite","@id":"https:\/\/www.inerco.com\/es\/#website","url":"https:\/\/www.inerco.com\/es\/","name":"INERCO","description":"Tecnolog\u00eda, ingenier\u00eda y consultor\u00eda integral para el desarrollo industrial sostenible","potentialAction":[{"@type":"SearchAction","target":{"@type":"EntryPoint","urlTemplate":"https:\/\/www.inerco.com\/es\/?s={search_term_string}"},"query-input":{"@type":"PropertyValueSpecification","valueRequired":true,"valueName":"search_term_string"}}],"inLanguage":"en-US"}]}},"_links":{"self":[{"href":"https:\/\/www.inerco.com\/en\/wp-json\/wp\/v2\/pages\/3692","targetHints":{"allow":["GET"]}}],"collection":[{"href":"https:\/\/www.inerco.com\/en\/wp-json\/wp\/v2\/pages"}],"about":[{"href":"https:\/\/www.inerco.com\/en\/wp-json\/wp\/v2\/types\/page"}],"author":[{"embeddable":true,"href":"https:\/\/www.inerco.com\/en\/wp-json\/wp\/v2\/users\/1"}],"replies":[{"embeddable":true,"href":"https:\/\/www.inerco.com\/en\/wp-json\/wp\/v2\/comments?post=3692"}],"version-history":[{"count":4,"href":"https:\/\/www.inerco.com\/en\/wp-json\/wp\/v2\/pages\/3692\/revisions"}],"predecessor-version":[{"id":17742,"href":"https:\/\/www.inerco.com\/en\/wp-json\/wp\/v2\/pages\/3692\/revisions\/17742"}],"up":[{"embeddable":true,"href":"https:\/\/www.inerco.com\/en\/wp-json\/wp\/v2\/pages\/3672"}],"wp:featuredmedia":[{"embeddable":true,"href":"https:\/\/www.inerco.com\/en\/wp-json\/wp\/v2\/media\/12966"}],"wp:attachment":[{"href":"https:\/\/www.inerco.com\/en\/wp-json\/wp\/v2\/media?parent=3692"}],"curies":[{"name":"wp","href":"https:\/\/api.w.org\/{rel}","templated":true}]}}