{"id":3674,"date":"2017-10-24T14:01:19","date_gmt":"2017-10-24T12:01:19","guid":{"rendered":"https:\/\/www.inerco.com\/?page_id=3674"},"modified":"2019-11-28T19:31:11","modified_gmt":"2019-11-28T18:31:11","slug":"regulatory-safety-inspections","status":"publish","type":"page","link":"https:\/\/www.inerco.com\/en\/safety-security-and-ohs\/regulatory-safety-inspections\/","title":{"rendered":"Regulatory Safety Inspections"},"content":{"rendered":"<div class=\"wpb-content-wrapper\"><p>[vc_row css_animation=&#8221;&#8221; row_type=&#8221;row&#8221; use_row_as_full_screen_section=&#8221;no&#8221; type=&#8221;full_width&#8221; angled_section=&#8221;no&#8221; text_align=&#8221;left&#8221; background_image_as_pattern=&#8221;without_pattern&#8221;][vc_column][vc_empty_space height=&#8221;80px&#8221;]<div class=\"custom_font_holder \" style=\" font-style: normal; font-weight: 300; text-decoration: none; text-align: center; --qode-cf-font-size: 32px; --qode-cf-line-height: 35px; --qode-cf-font-size-1440: 32px; --qode-cf-line-height-1440: 35px; --qode-cf-font-size-1366: 32px; --qode-cf-line-height-1366: 35px; --qode-cf-font-size-1280: 32px; --qode-cf-line-height-1280: 35px; --qode-cf-font-size-1024: 32px; --qode-cf-line-height-1024: 35px; --qode-cf-font-size-768: 32px; --qode-cf-line-height-768: 35px; --qode-cf-font-size-680: 32px; --qode-cf-line-height-680: 35px; --qode-cf-font-size-480: 32px; --qode-cf-line-height-480: 35px;\"><strong>INERCO\u00a0<\/strong>has an experienced team of technical experts, specialised in the compliance with the standards laid down in major accidents, fire safety and industrial safety legislation.<\/div>[vc_empty_space height=&#8221;50px&#8221;][\/vc_column][\/vc_row][vc_row css_animation=&#8221;&#8221; row_type=&#8221;row&#8221; use_row_as_full_screen_section=&#8221;no&#8221; type=&#8221;grid&#8221; angled_section=&#8221;no&#8221; text_align=&#8221;left&#8221; background_image_as_pattern=&#8221;without_pattern&#8221; z_index=&#8221;&#8221;][vc_column width=&#8221;3\/4&#8243; offset=&#8221;vc_hidden-sm vc_hidden-xs&#8221;]<div class=\"custom_font_holder \" style=\" font-style: normal; font-weight: 200; text-decoration: none; text-align: left; --qode-cf-font-size: 28px; --qode-cf-line-height: 30px; --qode-cf-font-size-1440: 28px; --qode-cf-line-height-1440: 30px; --qode-cf-font-size-1366: 28px; --qode-cf-line-height-1366: 30px; --qode-cf-font-size-1280: 28px; --qode-cf-line-height-1280: 30px; --qode-cf-font-size-1024: 28px; --qode-cf-line-height-1024: 30px; --qode-cf-font-size-768: 28px; --qode-cf-line-height-768: 30px; --qode-cf-font-size-680: 28px; --qode-cf-line-height-680: 30px; --qode-cf-font-size-480: 28px; --qode-cf-line-height-480: 30px;\">This background allows us to effectively respond to the needs of industry offereing detection, monitoring and improvement in aspects of industrial safety for their facilities.<\/div>[vc_empty_space height=&#8221;50px&#8221;]<div class=\"custom_font_holder \" style=\" font-style: normal; font-weight: 200; text-decoration: none; text-align: left; --qode-cf-font-size: 28px; --qode-cf-line-height: 30px; --qode-cf-font-size-1440: 28px; --qode-cf-line-height-1440: 30px; --qode-cf-font-size-1366: 28px; --qode-cf-line-height-1366: 30px; --qode-cf-font-size-1280: 28px; --qode-cf-line-height-1280: 30px; --qode-cf-font-size-1024: 28px; --qode-cf-line-height-1024: 30px; --qode-cf-font-size-768: 28px; --qode-cf-line-height-768: 30px; --qode-cf-font-size-680: 28px; --qode-cf-line-height-680: 30px; --qode-cf-font-size-480: 28px; --qode-cf-line-height-480: 30px;\"><strong>INERCO<\/strong> operates in major companies in Crude Oil Refining, Chemicals and Petrochemicals, Gas, Energy, Mining, Cement and Agriculture \/ Food sectors. Working closely with the Public Administration in the development of routine inspections, conducted to ensure the compliance with industrial safety legislation.<\/div>[vc_empty_space height=&#8221;50px&#8221;]<div class=\"custom_font_holder \" style=\" font-style: normal; font-weight: 300; color: #009640; text-decoration: none; text-align: left; --qode-cf-font-size: 30px; --qode-cf-line-height: 35px; --qode-cf-font-size-1440: 30px; --qode-cf-line-height-1440: 35px; --qode-cf-font-size-1366: 30px; --qode-cf-line-height-1366: 35px; --qode-cf-font-size-1280: 30px; --qode-cf-line-height-1280: 35px; --qode-cf-font-size-1024: 30px; --qode-cf-line-height-1024: 35px; --qode-cf-font-size-768: 30px; --qode-cf-line-height-768: 35px; --qode-cf-font-size-680: 30px; --qode-cf-line-height-680: 35px; --qode-cf-font-size-480: 30px; --qode-cf-line-height-480: 35px;\"><strong>INERCO\u00a0<\/strong>offers the following services:<\/div>[vc_empty_space height=&#8221;50px&#8221;][vc_row_inner row_type=&#8221;row&#8221; type=&#8221;full_width&#8221; text_align=&#8221;left&#8221; css_animation=&#8221;&#8221;][vc_column_inner width=&#8221;1\/2&#8243;]<div class=\"q_icon_list\"><span aria-hidden=\"true\" class=\"qode_icon_font_elegant arrow_right qode-ili-icon-holder transparent\" style=\"color: #009640;\" ><\/span><p style=\"color:#000000;font-size: 20px;font-weight: 300;\">Major Accidents:<\/p><\/div><div class=\"q_icon_list\"><p style=\"color:#000000;font-size: 20px;font-weight: 300;\">o Technical opinions on notifications.<\/p><\/div><div class=\"q_icon_list\"><p style=\"color:#000000;font-size: 20px;font-weight: 300;\">o Technical opinions on Safety Report.<\/p><\/div><div class=\"q_icon_list\"><p style=\"color:#000000;font-size: 20px;font-weight: 300;\">o Technical opinions on Emergency Plans.<\/p><\/div><div class=\"q_icon_list\"><p style=\"color:#000000;font-size: 20px;font-weight: 300;\">o Safety inspections according to Article 21 of RD 840\/2015.<\/p><\/div><div class=\"q_icon_list\"><p style=\"color:#000000;font-size: 20px;font-weight: 300;\">o Certification reports of non-substantial changes.<\/p><\/div><div class=\"q_icon_list\"><p style=\"color:#000000;font-size: 20px;font-weight: 300;\">o Monitoring of emergency drills.<\/p><\/div><div class=\"q_icon_list\"><p style=\"color:#000000;font-size: 20px;font-weight: 300;\">o Report on post- major accidents investigation.<\/p><\/div>[\/vc_column_inner][vc_column_inner width=&#8221;1\/2&#8243;]<div class=\"q_icon_list\"><span aria-hidden=\"true\" class=\"qode_icon_font_elegant arrow_right qode-ili-icon-holder transparent\" style=\"color: #009640;\" ><\/span><p style=\"color:#000000;font-size: 20px;font-weight: 300;\">Fire Safety:<\/p><\/div><div class=\"q_icon_list\"><p style=\"color:#000000;font-size: 20px;font-weight: 300;\">o Regulatory inspections according to industrial fire safety Regulation (Royal Decree 2267\/2004).<\/p><\/div><div class=\"q_icon_list\"><p style=\"color:#000000;font-size: 20px;font-weight: 300;\">o Certification of alternative measures for compliance to Royal Decree 2267\/2004..<\/p><\/div><div class=\"q_icon_list\"><span aria-hidden=\"true\" class=\"qode_icon_font_elegant arrow_right qode-ili-icon-holder transparent\" style=\"color: #009640;\" ><\/span><p style=\"color:#000000;font-size: 20px;font-weight: 300;\">Waste Act:<\/p><\/div><div class=\"q_icon_list\"><p style=\"color:#000000;font-size: 20px;font-weight: 300;\">o Certification and implementation of emergency plans under the waste act and Royal Decree 393\/2007.<\/p><\/div><div class=\"q_icon_list\"><span aria-hidden=\"true\" class=\"qode_icon_font_elegant arrow_right qode-ili-icon-holder transparent\" style=\"color: #009640;\" ><\/span><p style=\"color:#000000;font-size: 20px;font-weight: 300;\">Liquid effluent ponds Safety:<\/p><\/div><div class=\"q_icon_list\"><p style=\"color:#000000;font-size: 20px;font-weight: 300;\">o Construction projects assessment.<\/p><\/div><div class=\"q_icon_list\"><p style=\"color:#000000;font-size: 20px;font-weight: 300;\">o Decommissioning project assessment.<\/p><\/div><div class=\"q_icon_list\"><p style=\"color:#000000;font-size: 20px;font-weight: 300;\">o Certification of works according to decommissioning and abandoment projects.<\/p><\/div><div class=\"q_icon_list\"><p style=\"color:#000000;font-size: 20px;font-weight: 300;\">o Certification of construction works according to the project.<\/p><\/div>[\/vc_column_inner][\/vc_row_inner][vc_empty_space height=&#8221;50px&#8221;][\/vc_column][vc_column width=&#8221;1\/4&#8243; offset=&#8221;vc_hidden-sm vc_hidden-xs&#8221;][vc_widget_sidebar sidebar_id=&#8221;Seg y Prev &#8211; Pablo Fernandez&#8221;][\/vc_column][\/vc_row][vc_row css_animation=&#8221;&#8221; row_type=&#8221;row&#8221; use_row_as_full_screen_section=&#8221;no&#8221; type=&#8221;full_width&#8221; angled_section=&#8221;no&#8221; text_align=&#8221;left&#8221; background_image_as_pattern=&#8221;without_pattern&#8221;][vc_column][vc_empty_space height=&#8221;70px&#8221;][\/vc_column][\/vc_row]<\/p>\n<\/div>","protected":false},"excerpt":{"rendered":"<p>[vc_row css_animation=&#8221;&#8221; row_type=&#8221;row&#8221; use_row_as_full_screen_section=&#8221;no&#8221; type=&#8221;full_width&#8221; angled_section=&#8221;no&#8221; text_align=&#8221;left&#8221; background_image_as_pattern=&#8221;without_pattern&#8221;][vc_column][vc_empty_space height=&#8221;80px&#8221;][vc_empty_space height=&#8221;50px&#8221;][\/vc_column][\/vc_row][vc_row css_animation=&#8221;&#8221; row_type=&#8221;row&#8221; use_row_as_full_screen_section=&#8221;no&#8221; type=&#8221;grid&#8221; angled_section=&#8221;no&#8221;&#8230;<\/p>\n","protected":false},"author":1,"featured_media":0,"parent":3627,"menu_order":5,"comment_status":"closed","ping_status":"closed","template":"","meta":{"footnotes":""},"class_list":["post-3674","page","type-page","status-publish","hentry"],"yoast_head":"<!-- This site is optimized with the Yoast SEO plugin v26.4 - https:\/\/yoast.com\/wordpress\/plugins\/seo\/ -->\n<title>Regulatory Safety Inspections - INERCO<\/title>\n<meta name=\"robots\" content=\"index, follow, max-snippet:-1, max-image-preview:large, max-video-preview:-1\" \/>\n<link rel=\"canonical\" href=\"https:\/\/www.inerco.com\/en\/safety-security-and-ohs\/regulatory-safety-inspections\/\" \/>\n<meta property=\"og:locale\" content=\"en_US\" \/>\n<meta property=\"og:type\" content=\"article\" \/>\n<meta property=\"og:title\" content=\"Regulatory Safety Inspections - INERCO\" \/>\n<meta property=\"og:description\" content=\"[vc_row css_animation=&#8221;&#8221; row_type=&#8221;row&#8221; use_row_as_full_screen_section=&#8221;no&#8221; type=&#8221;full_width&#8221; angled_section=&#8221;no&#8221; text_align=&#8221;left&#8221; background_image_as_pattern=&#8221;without_pattern&#8221;][vc_column][vc_empty_space height=&#8221;80px&#8221;][vc_empty_space height=&#8221;50px&#8221;][\/vc_column][\/vc_row][vc_row css_animation=&#8221;&#8221; row_type=&#8221;row&#8221; use_row_as_full_screen_section=&#8221;no&#8221; type=&#8221;grid&#8221; angled_section=&#8221;no&#8221;...\" \/>\n<meta property=\"og:url\" content=\"https:\/\/www.inerco.com\/en\/safety-security-and-ohs\/regulatory-safety-inspections\/\" \/>\n<meta property=\"og:site_name\" content=\"INERCO\" \/>\n<meta property=\"article:modified_time\" content=\"2019-11-28T18:31:11+00:00\" \/>\n<meta name=\"twitter:card\" content=\"summary_large_image\" \/>\n<meta name=\"twitter:site\" content=\"@Inerco_\" \/>\n<script type=\"application\/ld+json\" class=\"yoast-schema-graph\">{\"@context\":\"https:\/\/schema.org\",\"@graph\":[{\"@type\":\"WebPage\",\"@id\":\"https:\/\/www.inerco.com\/en\/safety-security-and-ohs\/regulatory-safety-inspections\/\",\"url\":\"https:\/\/www.inerco.com\/en\/safety-security-and-ohs\/regulatory-safety-inspections\/\",\"name\":\"Regulatory Safety Inspections - INERCO\",\"isPartOf\":{\"@id\":\"https:\/\/www.inerco.com\/es\/#website\"},\"datePublished\":\"2017-10-24T12:01:19+00:00\",\"dateModified\":\"2019-11-28T18:31:11+00:00\",\"breadcrumb\":{\"@id\":\"https:\/\/www.inerco.com\/en\/safety-security-and-ohs\/regulatory-safety-inspections\/#breadcrumb\"},\"inLanguage\":\"en-US\",\"potentialAction\":[{\"@type\":\"ReadAction\",\"target\":[\"https:\/\/www.inerco.com\/en\/safety-security-and-ohs\/regulatory-safety-inspections\/\"]}]},{\"@type\":\"BreadcrumbList\",\"@id\":\"https:\/\/www.inerco.com\/en\/safety-security-and-ohs\/regulatory-safety-inspections\/#breadcrumb\",\"itemListElement\":[{\"@type\":\"ListItem\",\"position\":1,\"name\":\"Home\",\"item\":\"https:\/\/www.inerco.com\/en\/\"},{\"@type\":\"ListItem\",\"position\":2,\"name\":\"Safety, Security and OH&#038;S\",\"item\":\"https:\/\/www.inerco.com\/en\/safety-security-and-ohs\/\"},{\"@type\":\"ListItem\",\"position\":3,\"name\":\"Regulatory Safety Inspections\"}]},{\"@type\":\"WebSite\",\"@id\":\"https:\/\/www.inerco.com\/es\/#website\",\"url\":\"https:\/\/www.inerco.com\/es\/\",\"name\":\"INERCO\",\"description\":\"Tecnolog\u00eda, ingenier\u00eda y consultor\u00eda integral para el desarrollo industrial sostenible\",\"potentialAction\":[{\"@type\":\"SearchAction\",\"target\":{\"@type\":\"EntryPoint\",\"urlTemplate\":\"https:\/\/www.inerco.com\/es\/?s={search_term_string}\"},\"query-input\":{\"@type\":\"PropertyValueSpecification\",\"valueRequired\":true,\"valueName\":\"search_term_string\"}}],\"inLanguage\":\"en-US\"}]}<\/script>\n<!-- \/ Yoast SEO plugin. -->","yoast_head_json":{"title":"Regulatory Safety Inspections - INERCO","robots":{"index":"index","follow":"follow","max-snippet":"max-snippet:-1","max-image-preview":"max-image-preview:large","max-video-preview":"max-video-preview:-1"},"canonical":"https:\/\/www.inerco.com\/en\/safety-security-and-ohs\/regulatory-safety-inspections\/","og_locale":"en_US","og_type":"article","og_title":"Regulatory Safety Inspections - INERCO","og_description":"[vc_row css_animation=&#8221;&#8221; row_type=&#8221;row&#8221; use_row_as_full_screen_section=&#8221;no&#8221; type=&#8221;full_width&#8221; angled_section=&#8221;no&#8221; text_align=&#8221;left&#8221; background_image_as_pattern=&#8221;without_pattern&#8221;][vc_column][vc_empty_space height=&#8221;80px&#8221;][vc_empty_space height=&#8221;50px&#8221;][\/vc_column][\/vc_row][vc_row css_animation=&#8221;&#8221; row_type=&#8221;row&#8221; use_row_as_full_screen_section=&#8221;no&#8221; type=&#8221;grid&#8221; angled_section=&#8221;no&#8221;...","og_url":"https:\/\/www.inerco.com\/en\/safety-security-and-ohs\/regulatory-safety-inspections\/","og_site_name":"INERCO","article_modified_time":"2019-11-28T18:31:11+00:00","twitter_card":"summary_large_image","twitter_site":"@Inerco_","schema":{"@context":"https:\/\/schema.org","@graph":[{"@type":"WebPage","@id":"https:\/\/www.inerco.com\/en\/safety-security-and-ohs\/regulatory-safety-inspections\/","url":"https:\/\/www.inerco.com\/en\/safety-security-and-ohs\/regulatory-safety-inspections\/","name":"Regulatory Safety Inspections - INERCO","isPartOf":{"@id":"https:\/\/www.inerco.com\/es\/#website"},"datePublished":"2017-10-24T12:01:19+00:00","dateModified":"2019-11-28T18:31:11+00:00","breadcrumb":{"@id":"https:\/\/www.inerco.com\/en\/safety-security-and-ohs\/regulatory-safety-inspections\/#breadcrumb"},"inLanguage":"en-US","potentialAction":[{"@type":"ReadAction","target":["https:\/\/www.inerco.com\/en\/safety-security-and-ohs\/regulatory-safety-inspections\/"]}]},{"@type":"BreadcrumbList","@id":"https:\/\/www.inerco.com\/en\/safety-security-and-ohs\/regulatory-safety-inspections\/#breadcrumb","itemListElement":[{"@type":"ListItem","position":1,"name":"Home","item":"https:\/\/www.inerco.com\/en\/"},{"@type":"ListItem","position":2,"name":"Safety, Security and OH&#038;S","item":"https:\/\/www.inerco.com\/en\/safety-security-and-ohs\/"},{"@type":"ListItem","position":3,"name":"Regulatory Safety Inspections"}]},{"@type":"WebSite","@id":"https:\/\/www.inerco.com\/es\/#website","url":"https:\/\/www.inerco.com\/es\/","name":"INERCO","description":"Tecnolog\u00eda, ingenier\u00eda y consultor\u00eda integral para el desarrollo industrial sostenible","potentialAction":[{"@type":"SearchAction","target":{"@type":"EntryPoint","urlTemplate":"https:\/\/www.inerco.com\/es\/?s={search_term_string}"},"query-input":{"@type":"PropertyValueSpecification","valueRequired":true,"valueName":"search_term_string"}}],"inLanguage":"en-US"}]}},"_links":{"self":[{"href":"https:\/\/www.inerco.com\/en\/wp-json\/wp\/v2\/pages\/3674","targetHints":{"allow":["GET"]}}],"collection":[{"href":"https:\/\/www.inerco.com\/en\/wp-json\/wp\/v2\/pages"}],"about":[{"href":"https:\/\/www.inerco.com\/en\/wp-json\/wp\/v2\/types\/page"}],"author":[{"embeddable":true,"href":"https:\/\/www.inerco.com\/en\/wp-json\/wp\/v2\/users\/1"}],"replies":[{"embeddable":true,"href":"https:\/\/www.inerco.com\/en\/wp-json\/wp\/v2\/comments?post=3674"}],"version-history":[{"count":1,"href":"https:\/\/www.inerco.com\/en\/wp-json\/wp\/v2\/pages\/3674\/revisions"}],"predecessor-version":[{"id":3675,"href":"https:\/\/www.inerco.com\/en\/wp-json\/wp\/v2\/pages\/3674\/revisions\/3675"}],"up":[{"embeddable":true,"href":"https:\/\/www.inerco.com\/en\/wp-json\/wp\/v2\/pages\/3627"}],"wp:attachment":[{"href":"https:\/\/www.inerco.com\/en\/wp-json\/wp\/v2\/media?parent=3674"}],"curies":[{"name":"wp","href":"https:\/\/api.w.org\/{rel}","templated":true}]}}