{"id":3661,"date":"2018-12-18T00:18:54","date_gmt":"2018-12-17T23:18:54","guid":{"rendered":"https:\/\/www.inerco.com\/?page_id=3661"},"modified":"2019-11-28T18:55:40","modified_gmt":"2019-11-28T17:55:40","slug":"security-systems-projects","status":"publish","type":"page","link":"https:\/\/www.inerco.com\/en\/safety-security-and-ohs\/security\/security-systems-projects\/","title":{"rendered":"Security Systems Projects"},"content":{"rendered":"<div class=\"wpb-content-wrapper\"><p>[vc_row css_animation=&#8221;&#8221; row_type=&#8221;row&#8221; use_row_as_full_screen_section=&#8221;no&#8221; type=&#8221;full_width&#8221; angled_section=&#8221;no&#8221; text_align=&#8221;left&#8221; background_image_as_pattern=&#8221;without_pattern&#8221;][vc_column][vc_empty_space height=&#8221;70px&#8221;][\/vc_column][\/vc_row][vc_row css_animation=&#8221;&#8221; row_type=&#8221;row&#8221; use_row_as_full_screen_section=&#8221;no&#8221; type=&#8221;grid&#8221; angled_section=&#8221;no&#8221; text_align=&#8221;left&#8221; background_image_as_pattern=&#8221;without_pattern&#8221; z_index=&#8221;&#8221; css=&#8221;.vc_custom_1518611434899{padding-top: 25px !important;}&#8221;][vc_column width=&#8221;3\/4&#8243;][vc_row_inner row_type=&#8221;row&#8221; type=&#8221;full_width&#8221; text_align=&#8221;left&#8221; css_animation=&#8221;&#8221;][vc_column_inner]<div class=\"custom_font_holder \" style=\" font-style: normal; font-weight: 300; color: #009640; text-decoration: none; text-align: left; --qode-cf-font-size: 30px; --qode-cf-line-height: 35px; --qode-cf-font-size-1440: 30px; --qode-cf-line-height-1440: 35px; --qode-cf-font-size-1366: 30px; --qode-cf-line-height-1366: 35px; --qode-cf-font-size-1280: 30px; --qode-cf-line-height-1280: 35px; --qode-cf-font-size-1024: 30px; --qode-cf-line-height-1024: 35px; --qode-cf-font-size-768: 30px; --qode-cf-line-height-768: 35px; --qode-cf-font-size-680: 30px; --qode-cf-line-height-680: 35px; --qode-cf-font-size-480: 30px; --qode-cf-line-height-480: 35px;\"><strong>Security Systems Audits<\/strong><\/div>[vc_empty_space height=&#8221;50px&#8221;][vc_single_image image=&#8221;3667&#8243; img_size=&#8221;full&#8221; alignment=&#8221;center&#8221; qode_css_animation=&#8221;&#8221;][vc_empty_space height=&#8221;70px&#8221;][\/vc_column_inner][\/vc_row_inner][vc_row_inner row_type=&#8221;row&#8221; type=&#8221;full_width&#8221; text_align=&#8221;left&#8221; css_animation=&#8221;&#8221;][vc_column_inner]<div class=\"custom_font_holder \" style=\" font-style: normal; font-weight: 300; color: #009640; text-decoration: none; text-align: left; --qode-cf-font-size: 30px; --qode-cf-line-height: 35px; --qode-cf-font-size-1440: 30px; --qode-cf-line-height-1440: 35px; --qode-cf-font-size-1366: 30px; --qode-cf-line-height-1366: 35px; --qode-cf-font-size-1280: 30px; --qode-cf-line-height-1280: 35px; --qode-cf-font-size-1024: 30px; --qode-cf-line-height-1024: 35px; --qode-cf-font-size-768: 30px; --qode-cf-line-height-768: 35px; --qode-cf-font-size-680: 30px; --qode-cf-line-height-680: 35px; --qode-cf-font-size-480: 30px; --qode-cf-line-height-480: 35px;\"><strong>Drafting of Security Systems Projects<\/strong><\/div>[vc_empty_space height=&#8221;50px&#8221;][vc_single_image image=&#8221;3665&#8243; img_size=&#8221;full&#8221; alignment=&#8221;center&#8221; qode_css_animation=&#8221;&#8221;][vc_empty_space height=&#8221;70px&#8221;][\/vc_column_inner][\/vc_row_inner][vc_row_inner row_type=&#8221;row&#8221; type=&#8221;full_width&#8221; text_align=&#8221;left&#8221; css_animation=&#8221;&#8221;][vc_column_inner]<div class=\"custom_font_holder \" style=\" font-style: normal; font-weight: 300; color: #009640; text-decoration: none; text-align: left; --qode-cf-font-size: 30px; --qode-cf-line-height: 35px; --qode-cf-font-size-1440: 30px; --qode-cf-line-height-1440: 35px; --qode-cf-font-size-1366: 30px; --qode-cf-line-height-1366: 35px; --qode-cf-font-size-1280: 30px; --qode-cf-line-height-1280: 35px; --qode-cf-font-size-1024: 30px; --qode-cf-line-height-1024: 35px; --qode-cf-font-size-768: 30px; --qode-cf-line-height-768: 35px; --qode-cf-font-size-680: 30px; --qode-cf-line-height-680: 35px; --qode-cf-font-size-480: 30px; --qode-cf-line-height-480: 35px;\"><strong>Security Systems Installations Project Management<\/strong><\/div>[vc_empty_space height=&#8221;50px&#8221;][vc_single_image image=&#8221;3669&#8243; img_size=&#8221;full&#8221; alignment=&#8221;center&#8221; qode_css_animation=&#8221;&#8221;][vc_empty_space height=&#8221;50px&#8221;][\/vc_column_inner][\/vc_row_inner][\/vc_column][vc_column width=&#8221;1\/4&#8243;][vc_widget_sidebar sidebar_id=&#8221;Seg y Prev &#8211; Security&#8221;][\/vc_column][\/vc_row][vc_row css_animation=&#8221;&#8221; row_type=&#8221;row&#8221; use_row_as_full_screen_section=&#8221;no&#8221; type=&#8221;full_width&#8221; angled_section=&#8221;no&#8221; text_align=&#8221;left&#8221; background_image_as_pattern=&#8221;without_pattern&#8221;][vc_column][vc_empty_space height=&#8221;50px&#8221;][\/vc_column][\/vc_row]<\/p>\n<\/div>","protected":false},"excerpt":{"rendered":"<p>[vc_row css_animation=&#8221;&#8221; row_type=&#8221;row&#8221; use_row_as_full_screen_section=&#8221;no&#8221; type=&#8221;full_width&#8221; angled_section=&#8221;no&#8221; text_align=&#8221;left&#8221; background_image_as_pattern=&#8221;without_pattern&#8221;][vc_column][vc_empty_space height=&#8221;70px&#8221;][\/vc_column][\/vc_row][vc_row css_animation=&#8221;&#8221; row_type=&#8221;row&#8221; use_row_as_full_screen_section=&#8221;no&#8221; type=&#8221;grid&#8221; angled_section=&#8221;no&#8221; text_align=&#8221;left&#8221;&#8230;<\/p>\n","protected":false},"author":1,"featured_media":0,"parent":3656,"menu_order":2,"comment_status":"closed","ping_status":"closed","template":"","meta":{"footnotes":""},"class_list":["post-3661","page","type-page","status-publish","hentry"],"yoast_head":"<!-- This site is optimized with the Yoast SEO plugin v26.4 - https:\/\/yoast.com\/wordpress\/plugins\/seo\/ -->\n<title>Security Systems Projects - INERCO<\/title>\n<meta name=\"robots\" content=\"index, follow, max-snippet:-1, max-image-preview:large, max-video-preview:-1\" \/>\n<link rel=\"canonical\" href=\"https:\/\/www.inerco.com\/en\/safety-security-and-ohs\/security\/security-systems-projects\/\" \/>\n<meta property=\"og:locale\" content=\"en_US\" \/>\n<meta property=\"og:type\" content=\"article\" \/>\n<meta property=\"og:title\" content=\"Security Systems Projects - INERCO\" \/>\n<meta property=\"og:description\" content=\"[vc_row css_animation=&#8221;&#8221; row_type=&#8221;row&#8221; use_row_as_full_screen_section=&#8221;no&#8221; type=&#8221;full_width&#8221; angled_section=&#8221;no&#8221; text_align=&#8221;left&#8221; background_image_as_pattern=&#8221;without_pattern&#8221;][vc_column][vc_empty_space height=&#8221;70px&#8221;][\/vc_column][\/vc_row][vc_row css_animation=&#8221;&#8221; row_type=&#8221;row&#8221; use_row_as_full_screen_section=&#8221;no&#8221; type=&#8221;grid&#8221; angled_section=&#8221;no&#8221; text_align=&#8221;left&#8221;...\" \/>\n<meta property=\"og:url\" content=\"https:\/\/www.inerco.com\/en\/safety-security-and-ohs\/security\/security-systems-projects\/\" \/>\n<meta property=\"og:site_name\" content=\"INERCO\" \/>\n<meta property=\"article:modified_time\" content=\"2019-11-28T17:55:40+00:00\" \/>\n<meta name=\"twitter:card\" content=\"summary_large_image\" \/>\n<meta name=\"twitter:site\" content=\"@Inerco_\" \/>\n<script type=\"application\/ld+json\" class=\"yoast-schema-graph\">{\"@context\":\"https:\/\/schema.org\",\"@graph\":[{\"@type\":\"WebPage\",\"@id\":\"https:\/\/www.inerco.com\/en\/safety-security-and-ohs\/security\/security-systems-projects\/\",\"url\":\"https:\/\/www.inerco.com\/en\/safety-security-and-ohs\/security\/security-systems-projects\/\",\"name\":\"Security Systems Projects - INERCO\",\"isPartOf\":{\"@id\":\"https:\/\/www.inerco.com\/es\/#website\"},\"datePublished\":\"2018-12-17T23:18:54+00:00\",\"dateModified\":\"2019-11-28T17:55:40+00:00\",\"breadcrumb\":{\"@id\":\"https:\/\/www.inerco.com\/en\/safety-security-and-ohs\/security\/security-systems-projects\/#breadcrumb\"},\"inLanguage\":\"en-US\",\"potentialAction\":[{\"@type\":\"ReadAction\",\"target\":[\"https:\/\/www.inerco.com\/en\/safety-security-and-ohs\/security\/security-systems-projects\/\"]}]},{\"@type\":\"BreadcrumbList\",\"@id\":\"https:\/\/www.inerco.com\/en\/safety-security-and-ohs\/security\/security-systems-projects\/#breadcrumb\",\"itemListElement\":[{\"@type\":\"ListItem\",\"position\":1,\"name\":\"Home\",\"item\":\"https:\/\/www.inerco.com\/en\/\"},{\"@type\":\"ListItem\",\"position\":2,\"name\":\"Safety, Security and OH&#038;S\",\"item\":\"https:\/\/www.inerco.com\/en\/safety-security-and-ohs\/\"},{\"@type\":\"ListItem\",\"position\":3,\"name\":\"Security\",\"item\":\"https:\/\/www.inerco.com\/en\/safety-security-and-ohs\/security\/\"},{\"@type\":\"ListItem\",\"position\":4,\"name\":\"Security Systems Projects\"}]},{\"@type\":\"WebSite\",\"@id\":\"https:\/\/www.inerco.com\/es\/#website\",\"url\":\"https:\/\/www.inerco.com\/es\/\",\"name\":\"INERCO\",\"description\":\"Tecnolog\u00eda, ingenier\u00eda y consultor\u00eda integral para el desarrollo industrial sostenible\",\"potentialAction\":[{\"@type\":\"SearchAction\",\"target\":{\"@type\":\"EntryPoint\",\"urlTemplate\":\"https:\/\/www.inerco.com\/es\/?s={search_term_string}\"},\"query-input\":{\"@type\":\"PropertyValueSpecification\",\"valueRequired\":true,\"valueName\":\"search_term_string\"}}],\"inLanguage\":\"en-US\"}]}<\/script>\n<!-- \/ Yoast SEO plugin. -->","yoast_head_json":{"title":"Security Systems Projects - INERCO","robots":{"index":"index","follow":"follow","max-snippet":"max-snippet:-1","max-image-preview":"max-image-preview:large","max-video-preview":"max-video-preview:-1"},"canonical":"https:\/\/www.inerco.com\/en\/safety-security-and-ohs\/security\/security-systems-projects\/","og_locale":"en_US","og_type":"article","og_title":"Security Systems Projects - INERCO","og_description":"[vc_row css_animation=&#8221;&#8221; row_type=&#8221;row&#8221; use_row_as_full_screen_section=&#8221;no&#8221; type=&#8221;full_width&#8221; angled_section=&#8221;no&#8221; text_align=&#8221;left&#8221; background_image_as_pattern=&#8221;without_pattern&#8221;][vc_column][vc_empty_space height=&#8221;70px&#8221;][\/vc_column][\/vc_row][vc_row css_animation=&#8221;&#8221; row_type=&#8221;row&#8221; use_row_as_full_screen_section=&#8221;no&#8221; type=&#8221;grid&#8221; angled_section=&#8221;no&#8221; text_align=&#8221;left&#8221;...","og_url":"https:\/\/www.inerco.com\/en\/safety-security-and-ohs\/security\/security-systems-projects\/","og_site_name":"INERCO","article_modified_time":"2019-11-28T17:55:40+00:00","twitter_card":"summary_large_image","twitter_site":"@Inerco_","schema":{"@context":"https:\/\/schema.org","@graph":[{"@type":"WebPage","@id":"https:\/\/www.inerco.com\/en\/safety-security-and-ohs\/security\/security-systems-projects\/","url":"https:\/\/www.inerco.com\/en\/safety-security-and-ohs\/security\/security-systems-projects\/","name":"Security Systems Projects - INERCO","isPartOf":{"@id":"https:\/\/www.inerco.com\/es\/#website"},"datePublished":"2018-12-17T23:18:54+00:00","dateModified":"2019-11-28T17:55:40+00:00","breadcrumb":{"@id":"https:\/\/www.inerco.com\/en\/safety-security-and-ohs\/security\/security-systems-projects\/#breadcrumb"},"inLanguage":"en-US","potentialAction":[{"@type":"ReadAction","target":["https:\/\/www.inerco.com\/en\/safety-security-and-ohs\/security\/security-systems-projects\/"]}]},{"@type":"BreadcrumbList","@id":"https:\/\/www.inerco.com\/en\/safety-security-and-ohs\/security\/security-systems-projects\/#breadcrumb","itemListElement":[{"@type":"ListItem","position":1,"name":"Home","item":"https:\/\/www.inerco.com\/en\/"},{"@type":"ListItem","position":2,"name":"Safety, Security and OH&#038;S","item":"https:\/\/www.inerco.com\/en\/safety-security-and-ohs\/"},{"@type":"ListItem","position":3,"name":"Security","item":"https:\/\/www.inerco.com\/en\/safety-security-and-ohs\/security\/"},{"@type":"ListItem","position":4,"name":"Security Systems Projects"}]},{"@type":"WebSite","@id":"https:\/\/www.inerco.com\/es\/#website","url":"https:\/\/www.inerco.com\/es\/","name":"INERCO","description":"Tecnolog\u00eda, ingenier\u00eda y consultor\u00eda integral para el desarrollo industrial sostenible","potentialAction":[{"@type":"SearchAction","target":{"@type":"EntryPoint","urlTemplate":"https:\/\/www.inerco.com\/es\/?s={search_term_string}"},"query-input":{"@type":"PropertyValueSpecification","valueRequired":true,"valueName":"search_term_string"}}],"inLanguage":"en-US"}]}},"_links":{"self":[{"href":"https:\/\/www.inerco.com\/en\/wp-json\/wp\/v2\/pages\/3661","targetHints":{"allow":["GET"]}}],"collection":[{"href":"https:\/\/www.inerco.com\/en\/wp-json\/wp\/v2\/pages"}],"about":[{"href":"https:\/\/www.inerco.com\/en\/wp-json\/wp\/v2\/types\/page"}],"author":[{"embeddable":true,"href":"https:\/\/www.inerco.com\/en\/wp-json\/wp\/v2\/users\/1"}],"replies":[{"embeddable":true,"href":"https:\/\/www.inerco.com\/en\/wp-json\/wp\/v2\/comments?post=3661"}],"version-history":[{"count":1,"href":"https:\/\/www.inerco.com\/en\/wp-json\/wp\/v2\/pages\/3661\/revisions"}],"predecessor-version":[{"id":3671,"href":"https:\/\/www.inerco.com\/en\/wp-json\/wp\/v2\/pages\/3661\/revisions\/3671"}],"up":[{"embeddable":true,"href":"https:\/\/www.inerco.com\/en\/wp-json\/wp\/v2\/pages\/3656"}],"wp:attachment":[{"href":"https:\/\/www.inerco.com\/en\/wp-json\/wp\/v2\/media?parent=3661"}],"curies":[{"name":"wp","href":"https:\/\/api.w.org\/{rel}","templated":true}]}}