{"id":3627,"date":"2017-10-23T17:17:08","date_gmt":"2017-10-23T15:17:08","guid":{"rendered":"https:\/\/www.inerco.com\/?page_id=3627"},"modified":"2023-09-06T19:54:07","modified_gmt":"2023-09-06T17:54:07","slug":"safety-security-and-ohs","status":"publish","type":"page","link":"https:\/\/www.inerco.com\/en\/safety-security-and-ohs\/","title":{"rendered":"Safety, Security and OH&#038;S"},"content":{"rendered":"<div class=\"wpb-content-wrapper\"><p>[vc_row css_animation=&#8221;&#8221; row_type=&#8221;row&#8221; use_row_as_full_screen_section=&#8221;no&#8221; type=&#8221;full_width&#8221; angled_section=&#8221;no&#8221; text_align=&#8221;left&#8221; background_image_as_pattern=&#8221;without_pattern&#8221;][vc_column][vc_empty_space height=&#8221;80px&#8221;][\/vc_column][\/vc_row][vc_row css_animation=&#8221;&#8221; row_type=&#8221;row&#8221; use_row_as_full_screen_section=&#8221;no&#8221; type=&#8221;grid&#8221; angled_section=&#8221;no&#8221; text_align=&#8221;left&#8221; background_image_as_pattern=&#8221;without_pattern&#8221; z_index=&#8221;&#8221; css=&#8221;.vc_custom_1518611434899{padding-top: 25px !important;}&#8221;][vc_column]<div class=\"custom_font_holder \" style=\" font-style: normal; font-weight: 200; text-decoration: none; text-align: center; --qode-cf-font-size: 35px; --qode-cf-line-height: 40px; --qode-cf-font-size-1440: 35px; --qode-cf-line-height-1440: 40px; --qode-cf-font-size-1366: 35px; --qode-cf-line-height-1366: 40px; --qode-cf-font-size-1280: 35px; --qode-cf-line-height-1280: 40px; --qode-cf-font-size-1024: 35px; --qode-cf-line-height-1024: 40px; --qode-cf-font-size-768: 35px; --qode-cf-line-height-768: 40px; --qode-cf-font-size-680: 35px; --qode-cf-line-height-680: 40px; --qode-cf-font-size-480: 35px; --qode-cf-line-height-480: 40px;\"><strong>INERCO<\/strong> has an experienced team of professionals and specialists in all areas of Industrial Safety and Risk Prevention.<\/div>[vc_empty_space height=&#8221;50px&#8221;][\/vc_column][\/vc_row][vc_row css_animation=&#8221;&#8221; row_type=&#8221;row&#8221; use_row_as_full_screen_section=&#8221;no&#8221; type=&#8221;grid&#8221; angled_section=&#8221;no&#8221; text_align=&#8221;left&#8221; background_image_as_pattern=&#8221;without_pattern&#8221; z_index=&#8221;&#8221; css=&#8221;.vc_custom_1628067380167{padding-top: 25px !important;}&#8221; el_id=&#8221;none&#8221; el_class=&#8221;none&#8221;][vc_column][vc_row_inner row_type=&#8221;row&#8221; type=&#8221;full_width&#8221; text_align=&#8221;left&#8221; css_animation=&#8221;&#8221;][vc_column_inner][qode_elements_holder number_of_columns=&#8221;two_columns&#8221; switch_to_one_column=&#8221;600&#8243; alignment_one_column=&#8221;center&#8221;][qode_elements_holder_item vertical_alignment=&#8221;top&#8221; horizontal_alignment=&#8221;center&#8221; advanced_animations=&#8221;no&#8221; item_padding=&#8221;0px 4px 0px 0px&#8221;]<div class=\"q_image_with_text_over q_iwto_hover\"><div class=\"shader\" style=\"background-color: rgba(0,0,0,0.43)\"><\/div><div class=\"shader_hover\" style=\"background-color: rgba(0,150,64,0.4)\"><\/div><img decoding=\"async\" itemprop=\"image\" src=\"https:\/\/www.inerco.com\/wp-content\/uploads\/INERCO-Seguridad-Industrial.jpg\" alt=\"INERCO Seguridad Industrial\" \/><div class=\"text\"><table><tr><td><h2 class=\"caption no_icon\" style=\"color: #ffffff;\">Industrial Safety<\/h2><\/td><\/tr><\/table><table><tr><td><div class=\"desc\"><\/p>\n<h2 style=\"text-align: center;\"><a style=\"color: #ffffff;\" href=\"https:\/\/www.inerco.com\/en\/safety-security-and-ohs\/industrial-safety\/\">Industrial Safety<\/a><\/h2>\n<p><\/div><\/td><\/tr><\/table><\/div><\/div>[\/qode_elements_holder_item][qode_elements_holder_item vertical_alignment=&#8221;top&#8221; horizontal_alignment=&#8221;center&#8221; advanced_animations=&#8221;no&#8221; item_padding=&#8221;0px 2px 0px 2px&#8221;]<div class=\"q_image_with_text_over q_iwto_hover\"><div class=\"shader\" style=\"background-color: rgba(0,0,0,0.42)\"><\/div><div class=\"shader_hover\" style=\"background-color: rgba(0,150,64,0.4)\"><\/div><img decoding=\"async\" itemprop=\"image\" src=\"https:\/\/www.inerco.com\/wp-content\/uploads\/INERCO-Prevenci\u00f3n-de-Riesgos-Laborales.jpg\" alt=\"INERCO Prevenci\u00f3n de Riesgos Laborales\" \/><div class=\"text\"><table><tr><td><h2 class=\"caption no_icon\" style=\"color: #ffffff;\">Occupational Risk Prevention<\/h2><\/td><\/tr><\/table><table><tr><td><div class=\"desc\"><\/p>\n<h2 style=\"text-align: center;\"><a style=\"color: #ffffff;\" href=\"https:\/\/www.inerco.com\/en\/safety-security-and-ohs\/occupational-risk-prevention\/\">https:\/\/www.inerco.com\/en\/safety-security-and-ohs\/industrial-safety\/<\/a><\/h2>\n<p><\/div><\/td><\/tr><\/table><\/div><\/div>[\/qode_elements_holder_item][\/qode_elements_holder][qode_elements_holder number_of_columns=&#8221;two_columns&#8221; switch_to_one_column=&#8221;600&#8243; alignment_one_column=&#8221;center&#8221;][qode_elements_holder_item vertical_alignment=&#8221;top&#8221; horizontal_alignment=&#8221;center&#8221; advanced_animations=&#8221;no&#8221; item_padding=&#8221;0px 3px 0px 0px&#8221;]<div class=\"q_image_with_text_over q_iwto_hover\"><div class=\"shader\" style=\"background-color: rgba(0,0,0,0.42)\"><\/div><div class=\"shader_hover\" style=\"background-color: rgba(0,150,64,0.4)\"><\/div><img decoding=\"async\" itemprop=\"image\" src=\"https:\/\/www.inerco.com\/wp-content\/uploads\/INERCO-Security.jpg\" alt=\"INERCO Security\" \/><div class=\"text\"><table><tr><td><h2 class=\"caption no_icon\" style=\"color: #ffffff;\">Security<\/h2><\/td><\/tr><\/table><table><tr><td><div class=\"desc\"><\/p>\n<h2 style=\"text-align: center;\"><a style=\"color: #ffffff;\" href=\"https:\/\/www.inerco.com\/en\/safety-security-and-ohs\/security\/\">Security<\/a><\/h2>\n<p><\/div><\/td><\/tr><\/table><\/div><\/div>[\/qode_elements_holder_item][qode_elements_holder_item vertical_alignment=&#8221;top&#8221; horizontal_alignment=&#8221;center&#8221; advanced_animations=&#8221;no&#8221; item_padding=&#8221;0px 0px 0px 3px&#8221;]<div class=\"q_image_with_text_over q_iwto_hover\"><div class=\"shader\" style=\"background-color: rgba(0,0,0,0.42)\"><\/div><div class=\"shader_hover\" style=\"background-color: rgba(0,150,64,0.4)\"><\/div><img decoding=\"async\" itemprop=\"image\" src=\"https:\/\/www.inerco.com\/wp-content\/uploads\/INERCO-Inspecciones-Reglamentarias-de-Seguridad.jpg\" alt=\"INERCO Inspecciones Reglamentarias de Seguridad\" \/><div class=\"text\"><table><tr><td><h2 class=\"caption no_icon\" style=\"color: #ffffff;\">Regulatory Safety Inspections<\/h2><\/td><\/tr><\/table><table><tr><td><div class=\"desc\"><\/p>\n<h2 style=\"text-align: center;\"><a style=\"color: #ffffff;\" href=\"https:\/\/www.inerco.com\/en\/safety-security-and-ohs\/regulatory-safety-inspections\/\">Regulatory Safety Inspections<\/a><\/h2>\n<p><\/div><\/td><\/tr><\/table><\/div><\/div>[\/qode_elements_holder_item][\/qode_elements_holder][\/vc_column_inner][\/vc_row_inner][\/vc_column][\/vc_row][vc_row css_animation=&#8221;&#8221; row_type=&#8221;row&#8221; use_row_as_full_screen_section=&#8221;no&#8221; type=&#8221;full_width&#8221; angled_section=&#8221;no&#8221; text_align=&#8221;left&#8221; background_image_as_pattern=&#8221;without_pattern&#8221;][vc_column][vc_row_inner row_type=&#8221;row&#8221; type=&#8221;full_width&#8221; text_align=&#8221;left&#8221; css_animation=&#8221;&#8221;][vc_column_inner offset=&#8221;vc_col-lg-12 vc_col-md-12 vc_col-xs-12&#8243;][qode_elements_holder number_of_columns=&#8221;three_columns&#8221; switch_to_one_column=&#8221;768&#8243; alignment_one_column=&#8221;center&#8221;][qode_elements_holder_item vertical_alignment=&#8221;top&#8221; horizontal_alignment=&#8221;center&#8221; advanced_animations=&#8221;no&#8221; item_padding=&#8221;15px 15px 15px 15px&#8221;][vc_single_image image=&#8221;1836&#8243; img_size=&#8221;235&#215;235&#8243; alignment=&#8221;center&#8221; style=&#8221;vc_box_circle_2&#8243; onclick=&#8221;custom_link&#8221; qode_css_animation=&#8221;&#8221; qode_hover_animation=&#8221;zoom_in&#8221; link=&#8221;https:\/\/www.inerco.com\/en\/safety-security-and-ohs\/industrial-safety\/&#8221; css=&#8221;.vc_custom_1628076274809{padding-top: 10% !important;padding-right: 10% !important;padding-left: 10% !important;}&#8221;][vc_empty_space][vc_column_text]<\/p>\n<h3 style=\"text-align: center;\"><span style=\"color: #009640;\"><a style=\"color: #009640;\" href=\"https:\/\/www.inerco.com\/en\/safety-security-and-ohs\/industrial-safety\/\">Seguridad Industrial<\/a><\/span><\/h3>\n<p>[\/vc_column_text][\/qode_elements_holder_item][qode_elements_holder_item vertical_alignment=&#8221;top&#8221; horizontal_alignment=&#8221;center&#8221; advanced_animations=&#8221;no&#8221; item_padding=&#8221;15px 15px 15px 15px&#8221;][vc_single_image image=&#8221;8608&#8243; img_size=&#8221;235&#215;235&#8243; alignment=&#8221;center&#8221; style=&#8221;vc_box_circle_2&#8243; onclick=&#8221;custom_link&#8221; qode_css_animation=&#8221;&#8221; qode_hover_animation=&#8221;zoom_in&#8221; link=&#8221;https:\/\/www.inerco.com\/en\/safety-security-and-ohs\/chemical-product-safety\/&#8221; css=&#8221;.vc_custom_1628077085661{padding-top: 10% !important;padding-right: 10% !important;padding-left: 10% !important;}&#8221;][vc_empty_space][vc_column_text]<\/p>\n<h3 style=\"text-align: center;\"><span style=\"color: #009640;\"><a style=\"color: #009640;\" href=\"https:\/\/www.inerco.com\/en\/safety-security-and-ohs\/chemical-product-safety\/\">Seguridad de Productos Qu\u00edmicos<\/a><\/span><\/h3>\n<p>[\/vc_column_text][\/qode_elements_holder_item][qode_elements_holder_item vertical_alignment=&#8221;top&#8221; horizontal_alignment=&#8221;center&#8221; advanced_animations=&#8221;no&#8221; item_padding=&#8221;15px 15px 15px 15px&#8221;][vc_single_image image=&#8221;1833&#8243; img_size=&#8221;235&#215;235&#8243; alignment=&#8221;center&#8221; style=&#8221;vc_box_circle_2&#8243; onclick=&#8221;custom_link&#8221; qode_css_animation=&#8221;&#8221; qode_hover_animation=&#8221;zoom_in&#8221; link=&#8221;https:\/\/www.inerco.com\/en\/safety-security-and-ohs\/occupational-risk-prevention\/&#8221; css=&#8221;.vc_custom_1628076423319{padding-top: 10% !important;padding-right: 10% !important;padding-left: 10% !important;}&#8221;][vc_empty_space][vc_column_text]<\/p>\n<h3 style=\"text-align: center;\"><span style=\"color: #009640;\"><a style=\"color: #009640;\" href=\"https:\/\/www.inerco.com\/en\/safety-security-and-ohs\/occupational-risk-prevention\/\">Prevenci\u00f3n de Riesgos Laborales<\/a><\/span><\/h3>\n<p>[\/vc_column_text][\/qode_elements_holder_item][\/qode_elements_holder][qode_elements_holder number_of_columns=&#8221;two_columns&#8221; switch_to_one_column=&#8221;768&#8243; alignment_one_column=&#8221;center&#8221;][qode_elements_holder_item vertical_alignment=&#8221;top&#8221; horizontal_alignment=&#8221;center&#8221; advanced_animations=&#8221;no&#8221; item_padding=&#8221;15px 15px 15px 15px&#8221;][vc_single_image image=&#8221;5153&#8243; img_size=&#8221;235&#215;235&#8243; alignment=&#8221;center&#8221; style=&#8221;vc_box_circle_2&#8243; onclick=&#8221;custom_link&#8221; qode_css_animation=&#8221;&#8221; qode_hover_animation=&#8221;zoom_in&#8221; link=&#8221;https:\/\/www.inerco.com\/en\/safety-security-and-ohs\/security\/&#8221; css=&#8221;.vc_custom_1628076320901{padding-top: 10% !important;padding-right: 10% !important;padding-left: 10% !important;}&#8221;][vc_empty_space][vc_column_text]<\/p>\n<h3 style=\"text-align: center;\"><span style=\"color: #009640;\"><a style=\"color: #009640;\" href=\"https:\/\/www.inerco.com\/en\/safety-security-and-ohs\/security\/\">Security<\/a><\/span><\/h3>\n<p>[\/vc_column_text][\/qode_elements_holder_item][qode_elements_holder_item vertical_alignment=&#8221;top&#8221; horizontal_alignment=&#8221;center&#8221; advanced_animations=&#8221;no&#8221; item_padding=&#8221;15px 15px 15px 15px&#8221;][vc_single_image image=&#8221;5157&#8243; img_size=&#8221;235&#215;235&#8243; alignment=&#8221;center&#8221; style=&#8221;vc_box_circle_2&#8243; onclick=&#8221;custom_link&#8221; qode_css_animation=&#8221;&#8221; qode_hover_animation=&#8221;zoom_in&#8221; link=&#8221;https:\/\/www.inerco.com\/en\/safety-security-and-ohs\/regulatory-safety-inspections\/&#8221; css=&#8221;.vc_custom_1628076497049{padding-top: 10% !important;padding-right: 10% !important;padding-left: 10% !important;}&#8221;][vc_empty_space][vc_column_text]<\/p>\n<h3 style=\"text-align: center;\"><span style=\"color: #009640;\"><a style=\"color: #009640;\" href=\"https:\/\/www.inerco.com\/en\/safety-security-and-ohs\/regulatory-safety-inspections\/\">Inspecciones Reglamentarias de Seguridad<\/a><\/span><\/h3>\n<p>[\/vc_column_text][\/qode_elements_holder_item][\/qode_elements_holder][\/vc_column_inner][\/vc_row_inner][\/vc_column][\/vc_row][vc_row css_animation=&#8221;&#8221; row_type=&#8221;row&#8221; use_row_as_full_screen_section=&#8221;no&#8221; type=&#8221;full_width&#8221; angled_section=&#8221;no&#8221; text_align=&#8221;left&#8221; background_image_as_pattern=&#8221;without_pattern&#8221;][vc_column][vc_empty_space height=&#8221;120px&#8221;][\/vc_column][\/vc_row]<\/p>\n<\/div>","protected":false},"excerpt":{"rendered":"<p>[vc_row css_animation=&#8221;&#8221; row_type=&#8221;row&#8221; use_row_as_full_screen_section=&#8221;no&#8221; type=&#8221;full_width&#8221; angled_section=&#8221;no&#8221; text_align=&#8221;left&#8221; background_image_as_pattern=&#8221;without_pattern&#8221;][vc_column][vc_empty_space height=&#8221;80px&#8221;][\/vc_column][\/vc_row][vc_row css_animation=&#8221;&#8221; row_type=&#8221;row&#8221; use_row_as_full_screen_section=&#8221;no&#8221; type=&#8221;grid&#8221; angled_section=&#8221;no&#8221; text_align=&#8221;left&#8221;&#8230;<\/p>\n","protected":false},"author":1,"featured_media":3015,"parent":0,"menu_order":5,"comment_status":"closed","ping_status":"closed","template":"","meta":{"footnotes":""},"class_list":["post-3627","page","type-page","status-publish","has-post-thumbnail","hentry"],"yoast_head":"<!-- This site is optimized with the Yoast SEO plugin v26.4 - https:\/\/yoast.com\/wordpress\/plugins\/seo\/ -->\n<title>Safety, Security and OH&amp;S - INERCO<\/title>\n<meta name=\"description\" content=\"INERCO has an experienced team of professionals and specialists in all areas of Industrial Safety and Risk Prevention.\" \/>\n<meta name=\"robots\" content=\"index, follow, max-snippet:-1, max-image-preview:large, max-video-preview:-1\" \/>\n<link rel=\"canonical\" href=\"https:\/\/www.inerco.com\/en\/safety-security-and-ohs\/\" \/>\n<meta property=\"og:locale\" content=\"en_US\" \/>\n<meta property=\"og:type\" content=\"article\" \/>\n<meta property=\"og:title\" content=\"Safety, Security and OH&amp;S - INERCO\" \/>\n<meta property=\"og:description\" content=\"INERCO has an experienced team of professionals and specialists in all areas of Industrial Safety and Risk Prevention.\" \/>\n<meta property=\"og:url\" content=\"https:\/\/www.inerco.com\/en\/safety-security-and-ohs\/\" \/>\n<meta property=\"og:site_name\" content=\"INERCO\" \/>\n<meta property=\"article:modified_time\" content=\"2023-09-06T17:54:07+00:00\" \/>\n<meta property=\"og:image\" content=\"https:\/\/www.inerco.com\/wp-content\/uploads\/INERCO-Seguridad-y-Prevenci\u00f3n-inicio.jpg\" \/>\n\t<meta property=\"og:image:width\" content=\"1000\" \/>\n\t<meta property=\"og:image:height\" content=\"450\" \/>\n\t<meta property=\"og:image:type\" content=\"image\/jpeg\" \/>\n<meta name=\"twitter:card\" content=\"summary_large_image\" \/>\n<meta name=\"twitter:site\" content=\"@Inerco_\" \/>\n<script type=\"application\/ld+json\" class=\"yoast-schema-graph\">{\"@context\":\"https:\/\/schema.org\",\"@graph\":[{\"@type\":\"WebPage\",\"@id\":\"https:\/\/www.inerco.com\/en\/safety-security-and-ohs\/\",\"url\":\"https:\/\/www.inerco.com\/en\/safety-security-and-ohs\/\",\"name\":\"Safety, Security and OH&S - INERCO\",\"isPartOf\":{\"@id\":\"https:\/\/www.inerco.com\/es\/#website\"},\"primaryImageOfPage\":{\"@id\":\"https:\/\/www.inerco.com\/en\/safety-security-and-ohs\/#primaryimage\"},\"image\":{\"@id\":\"https:\/\/www.inerco.com\/en\/safety-security-and-ohs\/#primaryimage\"},\"thumbnailUrl\":\"https:\/\/www.inerco.com\/wp-content\/uploads\/INERCO-Seguridad-y-Prevenci\u00f3n-inicio.jpg\",\"datePublished\":\"2017-10-23T15:17:08+00:00\",\"dateModified\":\"2023-09-06T17:54:07+00:00\",\"description\":\"INERCO has an experienced team of professionals and specialists in all areas of Industrial Safety and Risk Prevention.\",\"breadcrumb\":{\"@id\":\"https:\/\/www.inerco.com\/en\/safety-security-and-ohs\/#breadcrumb\"},\"inLanguage\":\"en-US\",\"potentialAction\":[{\"@type\":\"ReadAction\",\"target\":[\"https:\/\/www.inerco.com\/en\/safety-security-and-ohs\/\"]}]},{\"@type\":\"ImageObject\",\"inLanguage\":\"en-US\",\"@id\":\"https:\/\/www.inerco.com\/en\/safety-security-and-ohs\/#primaryimage\",\"url\":\"https:\/\/www.inerco.com\/wp-content\/uploads\/INERCO-Seguridad-y-Prevenci\u00f3n-inicio.jpg\",\"contentUrl\":\"https:\/\/www.inerco.com\/wp-content\/uploads\/INERCO-Seguridad-y-Prevenci\u00f3n-inicio.jpg\",\"width\":\"1000\",\"height\":\"450\",\"caption\":\"INERCO Sustainable industrial development. Technologies, engineering and consulting.\"},{\"@type\":\"BreadcrumbList\",\"@id\":\"https:\/\/www.inerco.com\/en\/safety-security-and-ohs\/#breadcrumb\",\"itemListElement\":[{\"@type\":\"ListItem\",\"position\":1,\"name\":\"Home\",\"item\":\"https:\/\/www.inerco.com\/en\/\"},{\"@type\":\"ListItem\",\"position\":2,\"name\":\"Safety, Security and OH&#038;S\"}]},{\"@type\":\"WebSite\",\"@id\":\"https:\/\/www.inerco.com\/es\/#website\",\"url\":\"https:\/\/www.inerco.com\/es\/\",\"name\":\"INERCO\",\"description\":\"Tecnolog\u00eda, ingenier\u00eda y consultor\u00eda integral para el desarrollo industrial sostenible\",\"potentialAction\":[{\"@type\":\"SearchAction\",\"target\":{\"@type\":\"EntryPoint\",\"urlTemplate\":\"https:\/\/www.inerco.com\/es\/?s={search_term_string}\"},\"query-input\":{\"@type\":\"PropertyValueSpecification\",\"valueRequired\":true,\"valueName\":\"search_term_string\"}}],\"inLanguage\":\"en-US\"}]}<\/script>\n<!-- \/ Yoast SEO plugin. -->","yoast_head_json":{"title":"Safety, Security and OH&S - INERCO","description":"INERCO has an experienced team of professionals and specialists in all areas of Industrial Safety and Risk Prevention.","robots":{"index":"index","follow":"follow","max-snippet":"max-snippet:-1","max-image-preview":"max-image-preview:large","max-video-preview":"max-video-preview:-1"},"canonical":"https:\/\/www.inerco.com\/en\/safety-security-and-ohs\/","og_locale":"en_US","og_type":"article","og_title":"Safety, Security and OH&S - INERCO","og_description":"INERCO has an experienced team of professionals and specialists in all areas of Industrial Safety and Risk Prevention.","og_url":"https:\/\/www.inerco.com\/en\/safety-security-and-ohs\/","og_site_name":"INERCO","article_modified_time":"2023-09-06T17:54:07+00:00","og_image":[{"width":1000,"height":450,"url":"https:\/\/www.inerco.com\/wp-content\/uploads\/INERCO-Seguridad-y-Prevenci\u00f3n-inicio.jpg","type":"image\/jpeg"}],"twitter_card":"summary_large_image","twitter_site":"@Inerco_","schema":{"@context":"https:\/\/schema.org","@graph":[{"@type":"WebPage","@id":"https:\/\/www.inerco.com\/en\/safety-security-and-ohs\/","url":"https:\/\/www.inerco.com\/en\/safety-security-and-ohs\/","name":"Safety, Security and OH&S - INERCO","isPartOf":{"@id":"https:\/\/www.inerco.com\/es\/#website"},"primaryImageOfPage":{"@id":"https:\/\/www.inerco.com\/en\/safety-security-and-ohs\/#primaryimage"},"image":{"@id":"https:\/\/www.inerco.com\/en\/safety-security-and-ohs\/#primaryimage"},"thumbnailUrl":"https:\/\/www.inerco.com\/wp-content\/uploads\/INERCO-Seguridad-y-Prevenci\u00f3n-inicio.jpg","datePublished":"2017-10-23T15:17:08+00:00","dateModified":"2023-09-06T17:54:07+00:00","description":"INERCO has an experienced team of professionals and specialists in all areas of Industrial Safety and Risk Prevention.","breadcrumb":{"@id":"https:\/\/www.inerco.com\/en\/safety-security-and-ohs\/#breadcrumb"},"inLanguage":"en-US","potentialAction":[{"@type":"ReadAction","target":["https:\/\/www.inerco.com\/en\/safety-security-and-ohs\/"]}]},{"@type":"ImageObject","inLanguage":"en-US","@id":"https:\/\/www.inerco.com\/en\/safety-security-and-ohs\/#primaryimage","url":"https:\/\/www.inerco.com\/wp-content\/uploads\/INERCO-Seguridad-y-Prevenci\u00f3n-inicio.jpg","contentUrl":"https:\/\/www.inerco.com\/wp-content\/uploads\/INERCO-Seguridad-y-Prevenci\u00f3n-inicio.jpg","width":"1000","height":"450","caption":"INERCO Sustainable industrial development. Technologies, engineering and consulting."},{"@type":"BreadcrumbList","@id":"https:\/\/www.inerco.com\/en\/safety-security-and-ohs\/#breadcrumb","itemListElement":[{"@type":"ListItem","position":1,"name":"Home","item":"https:\/\/www.inerco.com\/en\/"},{"@type":"ListItem","position":2,"name":"Safety, Security and OH&#038;S"}]},{"@type":"WebSite","@id":"https:\/\/www.inerco.com\/es\/#website","url":"https:\/\/www.inerco.com\/es\/","name":"INERCO","description":"Tecnolog\u00eda, ingenier\u00eda y consultor\u00eda integral para el desarrollo industrial sostenible","potentialAction":[{"@type":"SearchAction","target":{"@type":"EntryPoint","urlTemplate":"https:\/\/www.inerco.com\/es\/?s={search_term_string}"},"query-input":{"@type":"PropertyValueSpecification","valueRequired":true,"valueName":"search_term_string"}}],"inLanguage":"en-US"}]}},"_links":{"self":[{"href":"https:\/\/www.inerco.com\/en\/wp-json\/wp\/v2\/pages\/3627","targetHints":{"allow":["GET"]}}],"collection":[{"href":"https:\/\/www.inerco.com\/en\/wp-json\/wp\/v2\/pages"}],"about":[{"href":"https:\/\/www.inerco.com\/en\/wp-json\/wp\/v2\/types\/page"}],"author":[{"embeddable":true,"href":"https:\/\/www.inerco.com\/en\/wp-json\/wp\/v2\/users\/1"}],"replies":[{"embeddable":true,"href":"https:\/\/www.inerco.com\/en\/wp-json\/wp\/v2\/comments?post=3627"}],"version-history":[{"count":25,"href":"https:\/\/www.inerco.com\/en\/wp-json\/wp\/v2\/pages\/3627\/revisions"}],"predecessor-version":[{"id":13821,"href":"https:\/\/www.inerco.com\/en\/wp-json\/wp\/v2\/pages\/3627\/revisions\/13821"}],"wp:featuredmedia":[{"embeddable":true,"href":"https:\/\/www.inerco.com\/en\/wp-json\/wp\/v2\/media\/3015"}],"wp:attachment":[{"href":"https:\/\/www.inerco.com\/en\/wp-json\/wp\/v2\/media?parent=3627"}],"curies":[{"name":"wp","href":"https:\/\/api.w.org\/{rel}","templated":true}]}}