{"id":3608,"date":"2018-12-17T19:53:50","date_gmt":"2018-12-17T18:53:50","guid":{"rendered":"https:\/\/www.inerco.com\/?page_id=3608"},"modified":"2019-11-26T21:13:03","modified_gmt":"2019-11-26T20:13:03","slug":"climate-change-and-sustainability","status":"publish","type":"page","link":"https:\/\/www.inerco.com\/en\/environment\/climate-change-and-sustainability\/","title":{"rendered":"Climate Change and Sustainability"},"content":{"rendered":"<div class=\"wpb-content-wrapper\"><p>[vc_row css_animation=&#8221;&#8221; row_type=&#8221;row&#8221; use_row_as_full_screen_section=&#8221;no&#8221; type=&#8221;full_width&#8221; angled_section=&#8221;no&#8221; text_align=&#8221;left&#8221; background_image_as_pattern=&#8221;without_pattern&#8221;][vc_column][vc_empty_space height=&#8221;50px&#8221;][\/vc_column][\/vc_row][vc_row css_animation=&#8221;&#8221; row_type=&#8221;row&#8221; use_row_as_full_screen_section=&#8221;no&#8221; type=&#8221;grid&#8221; angled_section=&#8221;no&#8221; text_align=&#8221;left&#8221; background_image_as_pattern=&#8221;without_pattern&#8221; z_index=&#8221;&#8221; css=&#8221;.vc_custom_1518611434899{padding-top: 25px !important;}&#8221;][vc_column width=&#8221;3\/4&#8243;]<div class=\"custom_font_holder \" style=\" font-style: normal; font-weight: 200; text-decoration: none; text-align: left; --qode-cf-font-size: 35px; --qode-cf-line-height: 40px; --qode-cf-font-size-1440: 35px; --qode-cf-line-height-1440: 40px; --qode-cf-font-size-1366: 35px; --qode-cf-line-height-1366: 40px; --qode-cf-font-size-1280: 35px; --qode-cf-line-height-1280: 40px; --qode-cf-font-size-1024: 35px; --qode-cf-line-height-1024: 40px; --qode-cf-font-size-768: 35px; --qode-cf-line-height-768: 40px; --qode-cf-font-size-680: 35px; --qode-cf-line-height-680: 40px; --qode-cf-font-size-480: 35px; --qode-cf-line-height-480: 40px;\">Our solutions in the fields of Climate Change and Sustainability Systems provide management tools that add value to your business because:<\/div>[vc_empty_space height=&#8221;50px&#8221;][vc_row_inner row_type=&#8221;row&#8221; type=&#8221;full_width&#8221; text_align=&#8221;left&#8221; css_animation=&#8221;&#8221;][vc_column_inner]<div class=\"q_icon_list\"><span aria-hidden=\"true\" class=\"qode_icon_font_elegant arrow_right qode-ili-icon-holder transparent\" style=\"color: #009640;\" ><\/span><p style=\"color:#000000;\">We design strategies based on the knowledge of the importance of sustainability for your business.<\/p><\/div><div class=\"q_icon_list\"><span aria-hidden=\"true\" class=\"qode_icon_font_elegant arrow_right qode-ili-icon-holder transparent\" style=\"color: #009640;\" ><\/span><p style=\"color:#000000;\">We implement effective operational solutions aimed at generating real value for your organisation.<\/p><\/div><div class=\"q_icon_list\"><span aria-hidden=\"true\" class=\"qode_icon_font_elegant arrow_right qode-ili-icon-holder transparent\" style=\"color: #009640;\" ><\/span><p style=\"color:#000000;\">We provide services tailored to each client applying internationally accepted global standards.<\/p><\/div><div class=\"q_icon_list\"><span aria-hidden=\"true\" class=\"qode_icon_font_elegant arrow_right qode-ili-icon-holder transparent\" style=\"color: #009640;\" ><\/span><p style=\"color:#000000;\">We offer guarantees, independence, commitment and confidentiality.<\/p><\/div>[\/vc_column_inner][\/vc_row_inner][vc_empty_space height=&#8221;50px&#8221;][vc_row_inner row_type=&#8221;row&#8221; type=&#8221;full_width&#8221; text_align=&#8221;left&#8221; css_animation=&#8221;&#8221;][vc_column_inner][qode_elements_holder number_of_columns=&#8221;three_columns&#8221; switch_to_one_column=&#8221;600&#8243; alignment_one_column=&#8221;center&#8221;][qode_elements_holder_item vertical_alignment=&#8221;top&#8221; horizontal_alignment=&#8221;center&#8221; advanced_animations=&#8221;no&#8221; item_padding=&#8221;0px 3px 0px 0px&#8221;]<div class=\"q_image_with_text_over q_iwto_hover\"><div class=\"shader\" style=\"background-color: rgba(0,0,0,0.43)\"><\/div><div class=\"shader_hover\" style=\"background-color: rgba(0,150,64,0.4)\"><\/div><img decoding=\"async\" itemprop=\"image\" src=\"https:\/\/www.inerco.com\/wp-content\/uploads\/INERCO-Cambio-Clim\u00e1tico-y-Sostenibilidad.jpg\" alt=\"INERCO Cambio Clim\u00e1tico y Sostenibilidad\" \/><div class=\"text\"><table><tr><td><h2 class=\"caption no_icon\" style=\"color: #ffffff;\">Climate Change<\/h2><\/td><\/tr><\/table><table><tr><td><div class=\"desc\"><\/p>\n<h2 style=\"text-align: center;\"><a style=\"color: #ffffff;\" href=\"\/en\/environment\/climate-change-and-sustainability\/climate-change\">Climate Change<\/a><\/h2>\n<p><\/div><\/td><\/tr><\/table><\/div><\/div>[\/qode_elements_holder_item][qode_elements_holder_item vertical_alignment=&#8221;top&#8221; horizontal_alignment=&#8221;center&#8221; advanced_animations=&#8221;no&#8221; item_padding=&#8221;0px 3px 0px 3px&#8221;]<div class=\"q_image_with_text_over q_iwto_hover\"><div class=\"shader\" style=\"background-color: rgba(0,0,0,0.42)\"><\/div><div class=\"shader_hover\" style=\"background-color: rgba(0,150,64,0.4)\"><\/div><img decoding=\"async\" itemprop=\"image\" src=\"https:\/\/www.inerco.com\/wp-content\/uploads\/INERCO-Sostenibilidad.jpg\" alt=\"INERCO Sostenibilidad\" \/><div class=\"text\"><table><tr><td><h2 class=\"caption no_icon\" style=\"color: #ffffff;\">Sustainability<\/h2><\/td><\/tr><\/table><table><tr><td><div class=\"desc\"><\/p>\n<h2 style=\"text-align: center;\"><a style=\"color: #ffffff;\" href=\"\/en\/environment\/climate-change-and-sustainability\/sustainability\">Sustainability<\/a><\/h2>\n<p><\/div><\/td><\/tr><\/table><\/div><\/div>[\/qode_elements_holder_item][qode_elements_holder_item vertical_alignment=&#8221;top&#8221; horizontal_alignment=&#8221;center&#8221; advanced_animations=&#8221;no&#8221; item_padding=&#8221;0px 0px 0px 3px&#8221;]<div class=\"q_image_with_text_over q_iwto_hover\"><div class=\"shader\" style=\"background-color: rgba(0,0,0,0.42)\"><\/div><div class=\"shader_hover\" style=\"background-color: rgba(0,150,64,0.4)\"><\/div><img decoding=\"async\" itemprop=\"image\" src=\"https:\/\/www.inerco.com\/wp-content\/uploads\/INERCO-Sistemas-y-Herramientas-de-Gesti\u00f3n.jpg\" alt=\"INERCO Sistemas y Herramientas de Gesti\u00f3n\" \/><div class=\"text\"><table><tr><td><h2 class=\"caption no_icon\" style=\"color: #ffffff;\">Management Systems and Tools<\/h2><\/td><\/tr><\/table><table><tr><td><div class=\"desc\"><\/p>\n<h2 style=\"text-align: center;\"><a style=\"color: #ffffff;\" href=\"\/en\/environment\/climate-change-and-sustainability\/management-systems-and-tools\">Management Systems and Tools<\/a><\/h2>\n<p><\/div><\/td><\/tr><\/table><\/div><\/div>[\/qode_elements_holder_item][\/qode_elements_holder][\/vc_column_inner][\/vc_row_inner][\/vc_column][vc_column width=&#8221;1\/4&#8243;][vc_widget_sidebar sidebar_id=&#8221;Medio Ambiente &#8211; Jos\u00e9 M\u00aa Cascajo&#8221;][\/vc_column][\/vc_row][vc_row css_animation=&#8221;&#8221; row_type=&#8221;row&#8221; use_row_as_full_screen_section=&#8221;no&#8221; type=&#8221;full_width&#8221; angled_section=&#8221;no&#8221; text_align=&#8221;left&#8221; background_image_as_pattern=&#8221;without_pattern&#8221;][vc_column][vc_empty_space height=&#8221;60px&#8221;][\/vc_column][\/vc_row]<\/p>\n<\/div>","protected":false},"excerpt":{"rendered":"<p>[vc_row css_animation=&#8221;&#8221; row_type=&#8221;row&#8221; use_row_as_full_screen_section=&#8221;no&#8221; type=&#8221;full_width&#8221; angled_section=&#8221;no&#8221; text_align=&#8221;left&#8221; background_image_as_pattern=&#8221;without_pattern&#8221;][vc_column][vc_empty_space height=&#8221;50px&#8221;][\/vc_column][\/vc_row][vc_row css_animation=&#8221;&#8221; row_type=&#8221;row&#8221; use_row_as_full_screen_section=&#8221;no&#8221; type=&#8221;grid&#8221; angled_section=&#8221;no&#8221; text_align=&#8221;left&#8221;&#8230;<\/p>\n","protected":false},"author":1,"featured_media":0,"parent":3590,"menu_order":2,"comment_status":"closed","ping_status":"closed","template":"","meta":{"footnotes":""},"class_list":["post-3608","page","type-page","status-publish","hentry"],"yoast_head":"<!-- This site is optimized with the Yoast SEO plugin v26.4 - https:\/\/yoast.com\/wordpress\/plugins\/seo\/ -->\n<title>Climate Change and Sustainability - INERCO<\/title>\n<meta name=\"robots\" content=\"index, follow, max-snippet:-1, max-image-preview:large, max-video-preview:-1\" \/>\n<link rel=\"canonical\" href=\"https:\/\/www.inerco.com\/es\/medio-ambiente\/cambio-climatico-y-sostenibilidad\/\" \/>\n<meta property=\"og:locale\" content=\"en_US\" \/>\n<meta property=\"og:type\" content=\"article\" \/>\n<meta property=\"og:title\" content=\"Climate Change and Sustainability - INERCO\" \/>\n<meta property=\"og:description\" content=\"[vc_row css_animation=&#8221;&#8221; row_type=&#8221;row&#8221; use_row_as_full_screen_section=&#8221;no&#8221; type=&#8221;full_width&#8221; angled_section=&#8221;no&#8221; text_align=&#8221;left&#8221; background_image_as_pattern=&#8221;without_pattern&#8221;][vc_column][vc_empty_space height=&#8221;50px&#8221;][\/vc_column][\/vc_row][vc_row css_animation=&#8221;&#8221; row_type=&#8221;row&#8221; use_row_as_full_screen_section=&#8221;no&#8221; type=&#8221;grid&#8221; angled_section=&#8221;no&#8221; text_align=&#8221;left&#8221;...\" \/>\n<meta property=\"og:url\" content=\"https:\/\/www.inerco.com\/es\/medio-ambiente\/cambio-climatico-y-sostenibilidad\/\" \/>\n<meta property=\"og:site_name\" content=\"INERCO\" \/>\n<meta property=\"article:modified_time\" content=\"2019-11-26T20:13:03+00:00\" \/>\n<meta name=\"twitter:card\" content=\"summary_large_image\" \/>\n<meta name=\"twitter:site\" content=\"@Inerco_\" \/>\n<script type=\"application\/ld+json\" class=\"yoast-schema-graph\">{\"@context\":\"https:\/\/schema.org\",\"@graph\":[{\"@type\":\"WebPage\",\"@id\":\"https:\/\/www.inerco.com\/es\/medio-ambiente\/cambio-climatico-y-sostenibilidad\/\",\"url\":\"https:\/\/www.inerco.com\/es\/medio-ambiente\/cambio-climatico-y-sostenibilidad\/\",\"name\":\"Climate Change and Sustainability - INERCO\",\"isPartOf\":{\"@id\":\"https:\/\/www.inerco.com\/es\/#website\"},\"datePublished\":\"2018-12-17T18:53:50+00:00\",\"dateModified\":\"2019-11-26T20:13:03+00:00\",\"breadcrumb\":{\"@id\":\"https:\/\/www.inerco.com\/es\/medio-ambiente\/cambio-climatico-y-sostenibilidad\/#breadcrumb\"},\"inLanguage\":\"en-US\",\"potentialAction\":[{\"@type\":\"ReadAction\",\"target\":[\"https:\/\/www.inerco.com\/es\/medio-ambiente\/cambio-climatico-y-sostenibilidad\/\"]}]},{\"@type\":\"BreadcrumbList\",\"@id\":\"https:\/\/www.inerco.com\/es\/medio-ambiente\/cambio-climatico-y-sostenibilidad\/#breadcrumb\",\"itemListElement\":[{\"@type\":\"ListItem\",\"position\":1,\"name\":\"Home\",\"item\":\"https:\/\/www.inerco.com\/en\/\"},{\"@type\":\"ListItem\",\"position\":2,\"name\":\"Environment\",\"item\":\"https:\/\/www.inerco.com\/es\/medio-ambiente\/\"},{\"@type\":\"ListItem\",\"position\":3,\"name\":\"Climate Change and Sustainability\"}]},{\"@type\":\"WebSite\",\"@id\":\"https:\/\/www.inerco.com\/es\/#website\",\"url\":\"https:\/\/www.inerco.com\/es\/\",\"name\":\"INERCO\",\"description\":\"Tecnolog\u00eda, ingenier\u00eda y consultor\u00eda integral para el desarrollo industrial sostenible\",\"potentialAction\":[{\"@type\":\"SearchAction\",\"target\":{\"@type\":\"EntryPoint\",\"urlTemplate\":\"https:\/\/www.inerco.com\/es\/?s={search_term_string}\"},\"query-input\":{\"@type\":\"PropertyValueSpecification\",\"valueRequired\":true,\"valueName\":\"search_term_string\"}}],\"inLanguage\":\"en-US\"}]}<\/script>\n<!-- \/ Yoast SEO plugin. -->","yoast_head_json":{"title":"Climate Change and Sustainability - INERCO","robots":{"index":"index","follow":"follow","max-snippet":"max-snippet:-1","max-image-preview":"max-image-preview:large","max-video-preview":"max-video-preview:-1"},"canonical":"https:\/\/www.inerco.com\/es\/medio-ambiente\/cambio-climatico-y-sostenibilidad\/","og_locale":"en_US","og_type":"article","og_title":"Climate Change and Sustainability - INERCO","og_description":"[vc_row css_animation=&#8221;&#8221; row_type=&#8221;row&#8221; use_row_as_full_screen_section=&#8221;no&#8221; type=&#8221;full_width&#8221; angled_section=&#8221;no&#8221; text_align=&#8221;left&#8221; background_image_as_pattern=&#8221;without_pattern&#8221;][vc_column][vc_empty_space height=&#8221;50px&#8221;][\/vc_column][\/vc_row][vc_row css_animation=&#8221;&#8221; row_type=&#8221;row&#8221; use_row_as_full_screen_section=&#8221;no&#8221; type=&#8221;grid&#8221; angled_section=&#8221;no&#8221; text_align=&#8221;left&#8221;...","og_url":"https:\/\/www.inerco.com\/es\/medio-ambiente\/cambio-climatico-y-sostenibilidad\/","og_site_name":"INERCO","article_modified_time":"2019-11-26T20:13:03+00:00","twitter_card":"summary_large_image","twitter_site":"@Inerco_","schema":{"@context":"https:\/\/schema.org","@graph":[{"@type":"WebPage","@id":"https:\/\/www.inerco.com\/es\/medio-ambiente\/cambio-climatico-y-sostenibilidad\/","url":"https:\/\/www.inerco.com\/es\/medio-ambiente\/cambio-climatico-y-sostenibilidad\/","name":"Climate Change and Sustainability - INERCO","isPartOf":{"@id":"https:\/\/www.inerco.com\/es\/#website"},"datePublished":"2018-12-17T18:53:50+00:00","dateModified":"2019-11-26T20:13:03+00:00","breadcrumb":{"@id":"https:\/\/www.inerco.com\/es\/medio-ambiente\/cambio-climatico-y-sostenibilidad\/#breadcrumb"},"inLanguage":"en-US","potentialAction":[{"@type":"ReadAction","target":["https:\/\/www.inerco.com\/es\/medio-ambiente\/cambio-climatico-y-sostenibilidad\/"]}]},{"@type":"BreadcrumbList","@id":"https:\/\/www.inerco.com\/es\/medio-ambiente\/cambio-climatico-y-sostenibilidad\/#breadcrumb","itemListElement":[{"@type":"ListItem","position":1,"name":"Home","item":"https:\/\/www.inerco.com\/en\/"},{"@type":"ListItem","position":2,"name":"Environment","item":"https:\/\/www.inerco.com\/es\/medio-ambiente\/"},{"@type":"ListItem","position":3,"name":"Climate Change and Sustainability"}]},{"@type":"WebSite","@id":"https:\/\/www.inerco.com\/es\/#website","url":"https:\/\/www.inerco.com\/es\/","name":"INERCO","description":"Tecnolog\u00eda, ingenier\u00eda y consultor\u00eda integral para el desarrollo industrial sostenible","potentialAction":[{"@type":"SearchAction","target":{"@type":"EntryPoint","urlTemplate":"https:\/\/www.inerco.com\/es\/?s={search_term_string}"},"query-input":{"@type":"PropertyValueSpecification","valueRequired":true,"valueName":"search_term_string"}}],"inLanguage":"en-US"}]}},"_links":{"self":[{"href":"https:\/\/www.inerco.com\/en\/wp-json\/wp\/v2\/pages\/3608","targetHints":{"allow":["GET"]}}],"collection":[{"href":"https:\/\/www.inerco.com\/en\/wp-json\/wp\/v2\/pages"}],"about":[{"href":"https:\/\/www.inerco.com\/en\/wp-json\/wp\/v2\/types\/page"}],"author":[{"embeddable":true,"href":"https:\/\/www.inerco.com\/en\/wp-json\/wp\/v2\/users\/1"}],"replies":[{"embeddable":true,"href":"https:\/\/www.inerco.com\/en\/wp-json\/wp\/v2\/comments?post=3608"}],"version-history":[{"count":2,"href":"https:\/\/www.inerco.com\/en\/wp-json\/wp\/v2\/pages\/3608\/revisions"}],"predecessor-version":[{"id":3611,"href":"https:\/\/www.inerco.com\/en\/wp-json\/wp\/v2\/pages\/3608\/revisions\/3611"}],"up":[{"embeddable":true,"href":"https:\/\/www.inerco.com\/en\/wp-json\/wp\/v2\/pages\/3590"}],"wp:attachment":[{"href":"https:\/\/www.inerco.com\/en\/wp-json\/wp\/v2\/media?parent=3608"}],"curies":[{"name":"wp","href":"https:\/\/api.w.org\/{rel}","templated":true}]}}