{"id":3601,"date":"2018-12-17T18:45:57","date_gmt":"2018-12-17T17:45:57","guid":{"rendered":"https:\/\/www.inerco.com\/?page_id=3601"},"modified":"2019-12-04T20:26:21","modified_gmt":"2019-12-04T19:26:21","slug":"environmental-studies","status":"publish","type":"page","link":"https:\/\/www.inerco.com\/en\/environment\/environmental-assessment-and-authorisations\/environmental-studies\/","title":{"rendered":"Environmental Studies"},"content":{"rendered":"<div class=\"wpb-content-wrapper\"><p>[vc_row css_animation=&#8221;&#8221; row_type=&#8221;row&#8221; use_row_as_full_screen_section=&#8221;no&#8221; type=&#8221;full_width&#8221; angled_section=&#8221;no&#8221; text_align=&#8221;left&#8221; background_image_as_pattern=&#8221;without_pattern&#8221;][vc_column][vc_empty_space height=&#8221;100px&#8221;][\/vc_column][\/vc_row][vc_row css_animation=&#8221;&#8221; row_type=&#8221;row&#8221; use_row_as_full_screen_section=&#8221;no&#8221; type=&#8221;grid&#8221; angled_section=&#8221;no&#8221; text_align=&#8221;left&#8221; background_image_as_pattern=&#8221;without_pattern&#8221; z_index=&#8221;&#8221; css=&#8221;.vc_custom_1518611434899{padding-top: 25px !important;}&#8221;][vc_column width=&#8221;3\/4&#8243;]<div class=\"custom_font_holder \" style=\" font-style: normal; font-weight: 200; text-decoration: none; text-align: left; --qode-cf-font-size: 28px; --qode-cf-line-height: 35px; --qode-cf-font-size-1440: 28px; --qode-cf-line-height-1440: 35px; --qode-cf-font-size-1366: 28px; --qode-cf-line-height-1366: 35px; --qode-cf-font-size-1280: 28px; --qode-cf-line-height-1280: 35px; --qode-cf-font-size-1024: 28px; --qode-cf-line-height-1024: 35px; --qode-cf-font-size-768: 28px; --qode-cf-line-height-768: 35px; --qode-cf-font-size-680: 28px; --qode-cf-line-height-680: 35px; --qode-cf-font-size-480: 28px; --qode-cf-line-height-480: 35px;\">The implementation of environmental prevention tools (Environmental Impact Assessment, Strategic Environmental Studies, etc) sometimes requires a deep understanding of the medium. To do this, <strong>INERCO<\/strong> has the tools and adequate technical staff to carry out studies to understans the environmental situation in question. Among them:<\/div>[vc_empty_space height=&#8221;50px&#8221;][vc_row_inner row_type=&#8221;row&#8221; type=&#8221;full_width&#8221; text_align=&#8221;left&#8221; css_animation=&#8221;&#8221;][vc_column_inner width=&#8221;1\/2&#8243;]<div class=\"q_icon_list\"><span aria-hidden=\"true\" class=\"qode_icon_font_elegant arrow_right qode-ili-icon-holder transparent\" style=\"color: #009640;\" ><\/span><p style=\"color:#000000;\">Wildlife studies (terrestrial and marine).<\/p><\/div><div class=\"q_icon_list\"><span aria-hidden=\"true\" class=\"qode_icon_font_elegant arrow_right qode-ili-icon-holder transparent\" style=\"color: #009640;\" ><\/span><p style=\"color:#000000;\">Landscape Studies.<\/p><\/div><div class=\"q_icon_list\"><span aria-hidden=\"true\" class=\"qode_icon_font_elegant arrow_right qode-ili-icon-holder transparent\" style=\"color: #009640;\" ><\/span><p style=\"color:#000000;\">Limnological studies.<\/p><\/div>[\/vc_column_inner][vc_column_inner width=&#8221;1\/2&#8243;]<div class=\"q_icon_list\"><span aria-hidden=\"true\" class=\"qode_icon_font_elegant arrow_right qode-ili-icon-holder transparent\" style=\"color: #009640;\" ><\/span><p style=\"color:#000000;\">Archaeological Interventions.<\/p><\/div><div class=\"q_icon_list\"><span aria-hidden=\"true\" class=\"qode_icon_font_elegant arrow_right qode-ili-icon-holder transparent\" style=\"color: #009640;\" ><\/span><p style=\"color:#000000;\">Socioeconomic Studies.<\/p><\/div><div class=\"q_icon_list\"><span aria-hidden=\"true\" class=\"qode_icon_font_elegant arrow_right qode-ili-icon-holder transparent\" style=\"color: #009640;\" ><\/span><p style=\"color:#000000;\">Hydrological studies, etc.<\/p><\/div>[\/vc_column_inner][\/vc_row_inner][vc_empty_space height=&#8221;50px&#8221;]<div class=\"custom_font_holder \" style=\" font-style: normal; font-weight: 200; text-decoration: none; text-align: left; --qode-cf-font-size: 24px; --qode-cf-line-height: 28px; --qode-cf-font-size-1440: 24px; --qode-cf-line-height-1440: 28px; --qode-cf-font-size-1366: 24px; --qode-cf-line-height-1366: 28px; --qode-cf-font-size-1280: 24px; --qode-cf-line-height-1280: 28px; --qode-cf-font-size-1024: 24px; --qode-cf-line-height-1024: 28px; --qode-cf-font-size-768: 24px; --qode-cf-line-height-768: 28px; --qode-cf-font-size-680: 24px; --qode-cf-line-height-680: 28px; --qode-cf-font-size-480: 24px; --qode-cf-line-height-480: 28px;\">After setting up a project or plan, legislation requires an adequate environmental monitoring program. <strong>INERCO<\/strong> has vast experience in environmental monitoring of infrastructural and industrial activities in the sectors of transport, energy, mining etc.<\/div>[vc_row_inner row_type=&#8221;row&#8221; type=&#8221;full_width&#8221; text_align=&#8221;left&#8221; css_animation=&#8221;&#8221; el_id=&#8221;social-management&#8221;][vc_column_inner][vc_empty_space height=&#8221;100px&#8221;]<div class=\"custom_font_holder \" style=\" font-style: normal; font-weight: 300; color: #009640; text-decoration: none; text-align: left; --qode-cf-font-size: 28px; --qode-cf-line-height: 35px; --qode-cf-font-size-1440: 28px; --qode-cf-line-height-1440: 35px; --qode-cf-font-size-1366: 28px; --qode-cf-line-height-1366: 35px; --qode-cf-font-size-1280: 28px; --qode-cf-line-height-1280: 35px; --qode-cf-font-size-1024: 28px; --qode-cf-line-height-1024: 35px; --qode-cf-font-size-768: 28px; --qode-cf-line-height-768: 35px; --qode-cf-font-size-680: 28px; --qode-cf-line-height-680: 35px; --qode-cf-font-size-480: 28px; --qode-cf-line-height-480: 35px;\">Social Management<\/div>[vc_empty_space height=&#8221;50px&#8221;][vc_column_text]<\/p>\n<div style=\"font-size: 24px; line-height: 28px; font-weight: 300;\">\n<p>The participation of civil society in the authorisation process and in environmental management has been accepted by institutions and the promoters as a fundamental factor for the sustainability of investment and development projects.<\/p>\n<p>In the services it offers, <strong>INERCO <\/strong>applies the guidelines decreed in social matters the regulatory framework of the countries in which it operates, international conventions and World Bank standards, as well as the policies and strategies of the Andean Development Corporation.<\/p>\n<p>Social Management and community support. <strong>INERCO <\/strong>has sociologists, anthropologists and related specialists, with deep knowledge of the realities of rural populations, indigenous and urban communities, with experience in applying national and international human rights and employment standards, which can support you to design and execute a modern social responsibility policy and community support projects. We know the application of strategies and tools for information, communication, consultation, coordination and cooperation, as well as conflict prevention and resolution.<\/p>\n<\/div>\n<p>[\/vc_column_text][vc_empty_space height=&#8221;50px&#8221;]<div class=\"custom_font_holder \" style=\" font-style: normal; font-weight: 300; color: #009640; text-decoration: none; text-align: left; --qode-cf-font-size: 24px; --qode-cf-line-height: 28px; --qode-cf-font-size-1440: 24px; --qode-cf-line-height-1440: 28px; --qode-cf-font-size-1366: 24px; --qode-cf-line-height-1366: 28px; --qode-cf-font-size-1280: 24px; --qode-cf-line-height-1280: 28px; --qode-cf-font-size-1024: 24px; --qode-cf-line-height-1024: 28px; --qode-cf-font-size-768: 24px; --qode-cf-line-height-768: 28px; --qode-cf-font-size-680: 24px; --qode-cf-line-height-680: 28px; --qode-cf-font-size-480: 24px; --qode-cf-line-height-480: 28px;\">Services<\/div>[vc_empty_space height=&#8221;50px&#8221;][\/vc_column_inner][\/vc_row_inner][vc_row_inner row_type=&#8221;row&#8221; type=&#8221;full_width&#8221; text_align=&#8221;left&#8221; css_animation=&#8221;&#8221;][vc_column_inner width=&#8221;1\/2&#8243;]<div class=\"q_icon_list\"><span aria-hidden=\"true\" class=\"qode_icon_font_elegant arrow_right qode-ili-icon-holder transparent\" style=\"color: #009640;\" ><\/span><p style=\"color:#000000;\">Social Impact Studies.<\/p><\/div><div class=\"q_icon_list\"><span aria-hidden=\"true\" class=\"qode_icon_font_elegant arrow_right qode-ili-icon-holder transparent\" style=\"color: #009640;\" ><\/span><p style=\"color:#000000;\">Social Baseline Studies.<\/p><\/div><div class=\"q_icon_list\"><span aria-hidden=\"true\" class=\"qode_icon_font_elegant arrow_right qode-ili-icon-holder transparent\" style=\"color: #009640;\" ><\/span><p style=\"color:#000000;\">Social Management Plans; audits for evaluation and of compliance; management, supervision and monitoring of compliance<\/p><\/div><div class=\"q_icon_list\"><span aria-hidden=\"true\" class=\"qode_icon_font_elegant arrow_right qode-ili-icon-holder transparent\" style=\"color: #009640;\" ><\/span><p style=\"color:#000000;\">Communication, participation and citizen consultation workshops.<\/p><\/div><div class=\"q_icon_list\"><span aria-hidden=\"true\" class=\"qode_icon_font_elegant arrow_right qode-ili-icon-holder transparent\" style=\"color: #009640;\" ><\/span><p style=\"color:#000000;\">Public hearings.<\/p><\/div><div class=\"q_icon_list\"><span aria-hidden=\"true\" class=\"qode_icon_font_elegant arrow_right qode-ili-icon-holder transparent\" style=\"color: #009640;\" ><\/span><p style=\"color:#000000;\">Audits for qualification and quantification of Social Liabilities.<\/p><\/div><div class=\"q_icon_list\"><span aria-hidden=\"true\" class=\"qode_icon_font_elegant arrow_right qode-ili-icon-holder transparent\" style=\"color: #009640;\" ><\/span><p style=\"color:#000000;\">Management of Social Liabilities (Litigation, the Homeless, Conflicts).<\/p><\/div><div class=\"q_icon_list\"><span aria-hidden=\"true\" class=\"qode_icon_font_elegant arrow_right qode-ili-icon-holder transparent\" style=\"color: #009640;\" ><\/span><p style=\"color:#000000;\">Other Elements of Potential Socio-Environmental Concern that may be identified at the site and which may represent a risk to the operations that are executed, or which are going to be executed, at the property.<\/p><\/div><div class=\"q_icon_list\"><span aria-hidden=\"true\" class=\"qode_icon_font_elegant arrow_right qode-ili-icon-holder transparent\" style=\"color: #009640;\" ><\/span><p style=\"color:#000000;\">Negotiation, mediation, conflict resolution.<\/p><\/div>[\/vc_column_inner][vc_column_inner width=&#8221;1\/2&#8243;]<div class=\"q_icon_list\"><span aria-hidden=\"true\" class=\"qode_icon_font_elegant arrow_right qode-ili-icon-holder transparent\" style=\"color: #009640;\" ><\/span><p style=\"color:#000000;\">Corporate Social Responsibility:<\/p><\/div><div class=\"q_icon_list\"><p style=\"color:#000000;\">o Initial socio-employment diagnosis.<\/p><\/div><div class=\"q_icon_list\"><p style=\"color:#000000;\">o Identification of stakeholders and impacts, risk\/benefit matrix.<\/p><\/div><div class=\"q_icon_list\"><p style=\"color:#000000;\">o Support in the formulation of vision, mission, policy, objectives, and corporate goals; application of indicators.<\/p><\/div><div class=\"q_icon_list\"><p style=\"color:#000000;\">o Review of domestic legislation and applicable international standards.<\/p><\/div><div class=\"q_icon_list\"><p style=\"color:#000000;\">o Implementation of management systems.<\/p><\/div><div class=\"q_icon_list\"><p style=\"color:#000000;\">o Development of socio-employment balance sheets\/sustainability reports (Global Reporting Guidelines, ILO Social Balance Sheet, Communication on Progress of the United Nations Global Compact).<\/p><\/div><div class=\"q_icon_list\"><p style=\"color:#000000;\">o In-house training for managers, administrative staff and workers.<\/p><\/div><div class=\"q_icon_list\"><p style=\"color:#000000;\">o Special courses for SMEs.<\/p><\/div><div class=\"q_icon_list\"><p style=\"color:#000000;\">o Training of trainers and promoters (multipliers).<\/p><\/div>[\/vc_column_inner][\/vc_row_inner][\/vc_column][vc_column width=&#8221;1\/4&#8243;][vc_widget_sidebar sidebar_id=&#8221;Medio Ambiente &#8211; Luis Toscano&#8221;][\/vc_column][\/vc_row][vc_row css_animation=&#8221;&#8221; row_type=&#8221;row&#8221; use_row_as_full_screen_section=&#8221;no&#8221; type=&#8221;full_width&#8221; angled_section=&#8221;no&#8221; text_align=&#8221;left&#8221; background_image_as_pattern=&#8221;without_pattern&#8221;][vc_column][vc_empty_space height=&#8221;50px&#8221;][\/vc_column][\/vc_row]<\/p>\n<\/div>","protected":false},"excerpt":{"rendered":"<p>[vc_row css_animation=&#8221;&#8221; row_type=&#8221;row&#8221; use_row_as_full_screen_section=&#8221;no&#8221; type=&#8221;full_width&#8221; angled_section=&#8221;no&#8221; text_align=&#8221;left&#8221; background_image_as_pattern=&#8221;without_pattern&#8221;][vc_column][vc_empty_space height=&#8221;100px&#8221;][\/vc_column][\/vc_row][vc_row css_animation=&#8221;&#8221; row_type=&#8221;row&#8221; use_row_as_full_screen_section=&#8221;no&#8221; type=&#8221;grid&#8221; angled_section=&#8221;no&#8221; text_align=&#8221;left&#8221;&#8230;<\/p>\n","protected":false},"author":1,"featured_media":0,"parent":3594,"menu_order":3,"comment_status":"closed","ping_status":"closed","template":"","meta":{"footnotes":""},"class_list":["post-3601","page","type-page","status-publish","hentry"],"yoast_head":"<!-- This site is optimized with the Yoast SEO plugin v27.3 - https:\/\/yoast.com\/product\/yoast-seo-wordpress\/ -->\n<title>Environmental Studies - INERCO<\/title>\n<meta name=\"robots\" content=\"index, follow, max-snippet:-1, max-image-preview:large, max-video-preview:-1\" \/>\n<link rel=\"canonical\" href=\"https:\/\/www.inerco.com\/en\/environment\/environmental-assessment-and-authorisations\/environmental-studies\/\" \/>\n<meta property=\"og:locale\" content=\"en_US\" \/>\n<meta property=\"og:type\" content=\"article\" \/>\n<meta property=\"og:title\" content=\"Environmental Studies - INERCO\" \/>\n<meta property=\"og:description\" content=\"[vc_row css_animation=&#8221;&#8221; row_type=&#8221;row&#8221; use_row_as_full_screen_section=&#8221;no&#8221; type=&#8221;full_width&#8221; angled_section=&#8221;no&#8221; text_align=&#8221;left&#8221; background_image_as_pattern=&#8221;without_pattern&#8221;][vc_column][vc_empty_space height=&#8221;100px&#8221;][\/vc_column][\/vc_row][vc_row css_animation=&#8221;&#8221; row_type=&#8221;row&#8221; use_row_as_full_screen_section=&#8221;no&#8221; type=&#8221;grid&#8221; angled_section=&#8221;no&#8221; text_align=&#8221;left&#8221;...\" \/>\n<meta property=\"og:url\" content=\"https:\/\/www.inerco.com\/en\/environment\/environmental-assessment-and-authorisations\/environmental-studies\/\" \/>\n<meta property=\"og:site_name\" content=\"INERCO\" \/>\n<meta property=\"article:modified_time\" content=\"2019-12-04T19:26:21+00:00\" \/>\n<meta name=\"twitter:card\" content=\"summary_large_image\" \/>\n<meta name=\"twitter:site\" content=\"@Inerco_\" \/>\n<script type=\"application\/ld+json\" class=\"yoast-schema-graph\">{\"@context\":\"https:\\\/\\\/schema.org\",\"@graph\":[{\"@type\":\"WebPage\",\"@id\":\"https:\\\/\\\/www.inerco.com\\\/en\\\/environment\\\/environmental-assessment-and-authorisations\\\/environmental-studies\\\/\",\"url\":\"https:\\\/\\\/www.inerco.com\\\/en\\\/environment\\\/environmental-assessment-and-authorisations\\\/environmental-studies\\\/\",\"name\":\"Environmental Studies - INERCO\",\"isPartOf\":{\"@id\":\"https:\\\/\\\/www.inerco.com\\\/es\\\/#website\"},\"datePublished\":\"2018-12-17T17:45:57+00:00\",\"dateModified\":\"2019-12-04T19:26:21+00:00\",\"breadcrumb\":{\"@id\":\"https:\\\/\\\/www.inerco.com\\\/en\\\/environment\\\/environmental-assessment-and-authorisations\\\/environmental-studies\\\/#breadcrumb\"},\"inLanguage\":\"en-US\",\"potentialAction\":[{\"@type\":\"ReadAction\",\"target\":[\"https:\\\/\\\/www.inerco.com\\\/en\\\/environment\\\/environmental-assessment-and-authorisations\\\/environmental-studies\\\/\"]}]},{\"@type\":\"BreadcrumbList\",\"@id\":\"https:\\\/\\\/www.inerco.com\\\/en\\\/environment\\\/environmental-assessment-and-authorisations\\\/environmental-studies\\\/#breadcrumb\",\"itemListElement\":[{\"@type\":\"ListItem\",\"position\":1,\"name\":\"Home\",\"item\":\"https:\\\/\\\/www.inerco.com\\\/en\\\/\"},{\"@type\":\"ListItem\",\"position\":2,\"name\":\"Environment\",\"item\":\"https:\\\/\\\/www.inerco.com\\\/es\\\/medio-ambiente\\\/\"},{\"@type\":\"ListItem\",\"position\":3,\"name\":\"Environmental Assessment and Authorisations\",\"item\":\"https:\\\/\\\/www.inerco.com\\\/en\\\/environment\\\/environmental-assessment-and-authorisations\\\/\"},{\"@type\":\"ListItem\",\"position\":4,\"name\":\"Environmental Studies\"}]},{\"@type\":\"WebSite\",\"@id\":\"https:\\\/\\\/www.inerco.com\\\/es\\\/#website\",\"url\":\"https:\\\/\\\/www.inerco.com\\\/es\\\/\",\"name\":\"INERCO\",\"description\":\"Tecnolog\u00eda, ingenier\u00eda y consultor\u00eda integral para el desarrollo industrial sostenible\",\"potentialAction\":[{\"@type\":\"SearchAction\",\"target\":{\"@type\":\"EntryPoint\",\"urlTemplate\":\"https:\\\/\\\/www.inerco.com\\\/es\\\/?s={search_term_string}\"},\"query-input\":{\"@type\":\"PropertyValueSpecification\",\"valueRequired\":true,\"valueName\":\"search_term_string\"}}],\"inLanguage\":\"en-US\"}]}<\/script>\n<!-- \/ Yoast SEO plugin. -->","yoast_head_json":{"title":"Environmental Studies - INERCO","robots":{"index":"index","follow":"follow","max-snippet":"max-snippet:-1","max-image-preview":"max-image-preview:large","max-video-preview":"max-video-preview:-1"},"canonical":"https:\/\/www.inerco.com\/en\/environment\/environmental-assessment-and-authorisations\/environmental-studies\/","og_locale":"en_US","og_type":"article","og_title":"Environmental Studies - INERCO","og_description":"[vc_row css_animation=&#8221;&#8221; row_type=&#8221;row&#8221; use_row_as_full_screen_section=&#8221;no&#8221; type=&#8221;full_width&#8221; angled_section=&#8221;no&#8221; text_align=&#8221;left&#8221; background_image_as_pattern=&#8221;without_pattern&#8221;][vc_column][vc_empty_space height=&#8221;100px&#8221;][\/vc_column][\/vc_row][vc_row css_animation=&#8221;&#8221; row_type=&#8221;row&#8221; use_row_as_full_screen_section=&#8221;no&#8221; type=&#8221;grid&#8221; angled_section=&#8221;no&#8221; text_align=&#8221;left&#8221;...","og_url":"https:\/\/www.inerco.com\/en\/environment\/environmental-assessment-and-authorisations\/environmental-studies\/","og_site_name":"INERCO","article_modified_time":"2019-12-04T19:26:21+00:00","twitter_card":"summary_large_image","twitter_site":"@Inerco_","schema":{"@context":"https:\/\/schema.org","@graph":[{"@type":"WebPage","@id":"https:\/\/www.inerco.com\/en\/environment\/environmental-assessment-and-authorisations\/environmental-studies\/","url":"https:\/\/www.inerco.com\/en\/environment\/environmental-assessment-and-authorisations\/environmental-studies\/","name":"Environmental Studies - INERCO","isPartOf":{"@id":"https:\/\/www.inerco.com\/es\/#website"},"datePublished":"2018-12-17T17:45:57+00:00","dateModified":"2019-12-04T19:26:21+00:00","breadcrumb":{"@id":"https:\/\/www.inerco.com\/en\/environment\/environmental-assessment-and-authorisations\/environmental-studies\/#breadcrumb"},"inLanguage":"en-US","potentialAction":[{"@type":"ReadAction","target":["https:\/\/www.inerco.com\/en\/environment\/environmental-assessment-and-authorisations\/environmental-studies\/"]}]},{"@type":"BreadcrumbList","@id":"https:\/\/www.inerco.com\/en\/environment\/environmental-assessment-and-authorisations\/environmental-studies\/#breadcrumb","itemListElement":[{"@type":"ListItem","position":1,"name":"Home","item":"https:\/\/www.inerco.com\/en\/"},{"@type":"ListItem","position":2,"name":"Environment","item":"https:\/\/www.inerco.com\/es\/medio-ambiente\/"},{"@type":"ListItem","position":3,"name":"Environmental Assessment and Authorisations","item":"https:\/\/www.inerco.com\/en\/environment\/environmental-assessment-and-authorisations\/"},{"@type":"ListItem","position":4,"name":"Environmental Studies"}]},{"@type":"WebSite","@id":"https:\/\/www.inerco.com\/es\/#website","url":"https:\/\/www.inerco.com\/es\/","name":"INERCO","description":"Tecnolog\u00eda, ingenier\u00eda y consultor\u00eda integral para el desarrollo industrial sostenible","potentialAction":[{"@type":"SearchAction","target":{"@type":"EntryPoint","urlTemplate":"https:\/\/www.inerco.com\/es\/?s={search_term_string}"},"query-input":{"@type":"PropertyValueSpecification","valueRequired":true,"valueName":"search_term_string"}}],"inLanguage":"en-US"}]}},"_links":{"self":[{"href":"https:\/\/www.inerco.com\/en\/wp-json\/wp\/v2\/pages\/3601","targetHints":{"allow":["GET"]}}],"collection":[{"href":"https:\/\/www.inerco.com\/en\/wp-json\/wp\/v2\/pages"}],"about":[{"href":"https:\/\/www.inerco.com\/en\/wp-json\/wp\/v2\/types\/page"}],"author":[{"embeddable":true,"href":"https:\/\/www.inerco.com\/en\/wp-json\/wp\/v2\/users\/1"}],"replies":[{"embeddable":true,"href":"https:\/\/www.inerco.com\/en\/wp-json\/wp\/v2\/comments?post=3601"}],"version-history":[{"count":4,"href":"https:\/\/www.inerco.com\/en\/wp-json\/wp\/v2\/pages\/3601\/revisions"}],"predecessor-version":[{"id":3779,"href":"https:\/\/www.inerco.com\/en\/wp-json\/wp\/v2\/pages\/3601\/revisions\/3779"}],"up":[{"embeddable":true,"href":"https:\/\/www.inerco.com\/en\/wp-json\/wp\/v2\/pages\/3594"}],"wp:attachment":[{"href":"https:\/\/www.inerco.com\/en\/wp-json\/wp\/v2\/media?parent=3601"}],"curies":[{"name":"wp","href":"https:\/\/api.w.org\/{rel}","templated":true}]}}